{"id":1599,"date":"2024-12-23T06:59:20","date_gmt":"2024-12-23T06:59:20","guid":{"rendered":"https:\/\/fmp-components.com\/product\/customized-double-acting-telescopic-hydraulic-cylinder-for-dump-trailer\/"},"modified":"2024-12-23T08:26:07","modified_gmt":"2024-12-23T08:26:07","slug":"customized-double-acting-telescopic-hydraulic-cylinder-for-dump-trailer","status":"publish","type":"product","link":"https:\/\/fmp-components.com\/tr\/product\/customized-double-acting-telescopic-hydraulic-cylinder-for-dump-trailer\/","title":{"rendered":"Damperli R\u00f6mork \u0130\u00e7in \u00d6zelle\u015ftirilmi\u015f \u00c7ift Etkili Teleskopik Hidrolik Silindir"},"content":{"rendered":"<h2>Damperli Treyler \u0130\u00e7in \u00d6zelle\u015ftirilmi\u015f \u00c7ift Etkili Teleskopik Hidrolik Silindiri Tan\u0131t\u0131yoruz:<\/h2>\n<p>\u00d6zelle\u015ftirilmi\u015f \u00c7ift Etkili Teleskopik Hidrolik Silindir, damperli r\u00f6morklar i\u00e7in \u00f6zel olarak tasarlanm\u0131\u015f olup m\u00fckemmel performans ve dayan\u0131kl\u0131l\u0131k sunar. Bu y\u00fcksek kaliteli hidrolik silindir, a\u011f\u0131r y\u00fcklere ve zorlu \u00e7al\u0131\u015fma ko\u015fullar\u0131na dayanacak \u015fekilde tasarlanm\u0131\u015ft\u0131r.<\/p>\n<p>Temel \u00d6zellikler:<\/p>\n<p>1. \u00c7ift Etkili: Silindir hem uzatma hem de geri \u00e7ekme hareketlerinde \u00e7al\u0131\u015facak \u015fekilde tasarlanm\u0131\u015ft\u0131r, bu sayede verimli ve \u00e7ok y\u00f6nl\u00fc bir \u00e7al\u0131\u015fma sa\u011flan\u0131r.<\/p>\n<p>2. Teleskopik Tasar\u0131m: Teleskopik yap\u0131s\u0131yla bu hidrolik silindir, birden fazla uzatma a\u015famas\u0131 sunarak geli\u015fmi\u015f kald\u0131rma kabiliyetleri ve geli\u015fmi\u015f kontrol sa\u011flar.<\/p>\n<p>3. \u00d6zelle\u015ftirilebilir: Silindir, strok uzunlu\u011fu, montaj se\u00e7enekleri ve bas\u0131n\u00e7 de\u011ferleri gibi \u00f6zel gereksinimleri kar\u015f\u0131layacak \u015fekilde \u00f6zelle\u015ftirilebilir. Bu esneklik, \u00e7e\u015fitli damperli r\u00f6mork uygulamalar\u0131na sorunsuz entegrasyon sa\u011flar.<\/p>\n<p>4. \u00dcst\u00fcn G\u00fc\u00e7: Birinci s\u0131n\u0131f malzemelerle \u00fcretilen silindir, ola\u011fan\u00fcst\u00fc g\u00fc\u00e7 ve esnekli\u011fe sahiptir ve a\u015f\u0131r\u0131 y\u00fckler alt\u0131nda bile optimum performans sa\u011flar.<\/p>\n<p>5. Hassas M\u00fchendislik: Her silindir, hassas hareket ve sorunsuz \u00e7al\u0131\u015fma sa\u011flamak i\u00e7in titizlikle \u00fcretilmi\u015ftir; g\u00fcvenilir ve tutarl\u0131 performans\u0131 garanti eder.<\/p>\n<p>6. Kolay Kurulum: Silindir, basit kurulum i\u00e7in tasarlanm\u0131\u015ft\u0131r, bu sayede duru\u015f s\u00fcresi en aza indirilir ve verimlilik en \u00fcst d\u00fczeye \u00e7\u0131kar\u0131l\u0131r.<\/p>\n<p>Uygulamalar:<\/p>\n<p>\u00d6zelle\u015ftirilmi\u015f \u00c7ift Etkili Teleskopik Hidrolik Silindir, in\u015faat sahalar\u0131, madencilik operasyonlar\u0131, tar\u0131m ve ta\u015f\u0131mac\u0131l\u0131k dahil olmak \u00fczere \u00e7ok \u00e7e\u015fitli damperli r\u00f6mork uygulamalar\u0131 i\u00e7in uygundur. Sa\u011flam tasar\u0131m\u0131 ve g\u00fcvenilir performans\u0131, onu a\u011f\u0131r hizmet tipi \u00e7al\u0131\u015fma ortamlar\u0131 i\u00e7in ideal bir se\u00e7im haline getirir.<\/p>\n<table style=\"width: 100%;\" border=\"1\" width=\"100%\" cellspacing=\"0\" cellpadding=\"0\">\n<tbody>\n<tr>\n<th>\u00dcr\u00fcn Ad\u0131<\/th>\n<td>Damperli R\u00f6mork i\u00e7in \u00d6zelle\u015ftirilmi\u015f \u00c7ift Etkili Teleskopik Hidrolik Silindir<\/td>\n<\/tr>\n<tr>\n<th>Durum<\/th>\n<td>Yeni<\/td>\n<\/tr>\n<tr>\n<th>Garanti<\/th>\n<td>1 Y\u0131l<\/td>\n<\/tr>\n<tr>\n<th>Maksimum \u0130tki<\/th>\n<td>3000<\/td>\n<\/tr>\n<tr>\n<th>Maksimum \u00c7ekme<\/th>\n<td>20 Ton<\/td>\n<\/tr>\n<tr>\n<th>Tasar\u0131m<\/th>\n<td>\u00c7ift Etkili Teleskopik Silindir<\/td>\n<\/tr>\n<tr>\n<th>\u00c7ekirdek Bile\u015fenler<\/th>\n<td>Rulman ve Piston Silindiri<\/td>\n<\/tr>\n<tr>\n<th>Malzeme<\/th>\n<td>Sa\u011flam \u00c7elik<\/td>\n<\/tr>\n<tr>\n<th>G\u00fc\u00e7 Kayna\u011f\u0131<\/th>\n<td>Hidrolik<\/td>\n<\/tr>\n<tr>\n<th>Sertifikasyon<\/th>\n<td>ISO9001:2000<\/td>\n<\/tr>\n<tr>\n<th>Performans<\/th>\n<td>Ola\u011fan\u00fcst\u00fc Dayan\u0131kl\u0131l\u0131k ve \u00c7ok Y\u00f6nl\u00fcl\u00fck<\/td>\n<\/tr>\n<tr>\n<th>Uygulanabilir End\u00fcstriler<\/th>\n<td>\u00dcretim Tesisleri, Makine Tamir At\u00f6lyeleri, \u00c7iftlikler, Enerji ve Madencilik, Makine \u00dcretimi, Makine Fabrikalar\u0131<\/td>\n<\/tr>\n<\/tbody>\n<\/table>\n<p><img decoding=\"async\" src=\"https:\/\/hzpt.com\/wp-content\/uploads\/2023\/11\/Inverted-Telescopic-Cylinder-10.webp\" alt=\"\" title=\"\"><\/p>\n<h2>\u00c7ift Etkili Teleskopik Hidrolik Silindirin \u00d6zellikleri<\/h2>\n<p>Bu yenilik\u00e7i hidrolik silindir, onu \u00f6ne \u00e7\u0131karan birinci s\u0131n\u0131f \u00f6zelliklerle doludur:<\/p>\n<ul>\n<li><b>Standart Yap\u0131:<\/b> \u00dcr\u00fcn, g\u00fcvenilir performans sa\u011flayan standart Piston Silindir yap\u0131s\u0131yla birlikte gelir.<\/li>\n<li><b>Maksimum \u0130tme ve \u00c7ekme:<\/b> 3000 tonluk maksimum itme g\u00fcc\u00fc ve 20 tonluk maksimum \u00e7ekme g\u00fcc\u00fc ile a\u011f\u0131r hizmet tipi performans sa\u011fl\u0131yor.<\/li>\n<li><b>Kaliteli Malzemeler:<\/b> Sa\u011flam \u00e7elikten \u00fcretilen silindir, dayan\u0131kl\u0131l\u0131k ve uzun s\u00fcreli kullan\u0131m garantisi sunar.<\/li>\n<li><b>\u00d6zelle\u015ftirme:<\/b> Silindir siyah renkte olup, \u00f6zelle\u015ftirilebilir delik boyutu, \u00e7ubuk boyutu, strok boyutu ve pim boyutu ile gelir.<\/li>\n<li><b>Sertifikal\u0131:<\/b> Silindir, kaliteyi ve end\u00fcstri standartlar\u0131na uyumu garanti eden ISO9001:2000 sertifikas\u0131na sahiptir.<\/li>\n<\/ul>\n<h2>Hidrolik Silindirin Uygulamalar\u0131<\/h2>\n<p>\u00c7ift Etkili Teleskopik Hidrolik Silindir, \u00e7e\u015fitli end\u00fcstriler ve uygulamalar i\u00e7in idealdir. \u00d6zellikle \u00dcretim Tesisleri, Makine Tamir At\u00f6lyeleri, \u00c7iftlikler, Enerji ve Madencilik sekt\u00f6rleri, Makine \u0130malathaneleri ve Makine Fabrikalar\u0131 i\u00e7in kullan\u0131\u015fl\u0131d\u0131r.<\/p>\n<p><img decoding=\"async\" src=\"https:\/\/hzpt.com\/wp-content\/uploads\/2023\/11\/Inverted-Telescopic-Cylinder-Applications.webp\" alt=\"Ters Teleskopik Silindir Uygulamalar\u0131\" title=\"\"><\/p>\n<h2>Hidrolik Silindirin \u00c7al\u0131\u015fma Prensibi ve Bak\u0131m\u0131<\/h2>\n<p>\u00c7ift Etkili Teleskopik Hidrolik Silindir, hidrolik bas\u0131nc\u0131n silindirin pistonunu hareket ettiren bir kuvvet olu\u015fturdu\u011fu ak\u0131\u015fkanlar mekani\u011fi prensiplerine g\u00f6re \u00e7al\u0131\u015f\u0131r. Bu hareket, \u00e7e\u015fitli end\u00fcstriyel uygulamalar i\u00e7in uygun, g\u00fc\u00e7l\u00fc bir itme veya \u00e7ekme kuvveti \u00fcretebilir. Silindirin uzun \u00f6m\u00fcrl\u00fc olmas\u0131n\u0131 sa\u011flamak i\u00e7in baz\u0131 \u00f6nemli bak\u0131m ipu\u00e7lar\u0131 \u015funlard\u0131r:<\/p>\n<p><img decoding=\"async\" src=\"https:\/\/hzpt.com\/wp-content\/uploads\/2023\/11\/Inverted-Telescopic-Cylinder-17.webp\" alt=\"\" title=\"\"><\/p>\n<ul>\n<li><b>D\u00fczenli Denetimler:<\/b> Silindirde a\u015f\u0131nma, y\u0131pranma veya hasar olup olmad\u0131\u011f\u0131n\u0131 d\u00fczenli olarak kontrol edin. Erken te\u015fhis, ileride olu\u015fabilecek sorunlar\u0131n \u00f6n\u00fcne ge\u00e7ebilir.<\/li>\n<li><b>Temizlik:<\/b> Performans\u0131n\u0131 olumsuz etkileyebilecek birikmeleri \u00f6nlemek i\u00e7in silindiri temiz tutun.<\/li>\n<li><b>Ya\u011flama:<\/b> D\u00fczg\u00fcn \u00e7al\u0131\u015fmas\u0131n\u0131 sa\u011flamak ve s\u00fcrt\u00fcnmeyi azaltmak i\u00e7in silindiri d\u00fczenli olarak ya\u011flay\u0131n.<\/li>\n<li><b>Onar\u0131m ve De\u011fi\u015ftirme:<\/b> Herhangi bir hasar durumunda, operasyonel aksakl\u0131klar\u0131n ya\u015fanmamas\u0131 i\u00e7in zaman\u0131nda onar\u0131m veya de\u011fi\u015fim yap\u0131lmas\u0131n\u0131 sa\u011flay\u0131n.<\/li>\n<li><b>K\u0131lavuzu takip edin:<\/b> Kesin kullan\u0131m ve bak\u0131m talimatlar\u0131 i\u00e7in daima kullan\u0131m k\u0131lavuzuna uyun.<\/li>\n<\/ul>\n<h2>Ters Teleskopik Silindir<\/h2>\n<p>Damperli Treyler \u0130\u00e7in \u00d6zelle\u015ftirilmi\u015f \u00c7ift Etkili Teleskopik Hidrolik Silindir, \u00f6zellikle in\u015faat ve ula\u015f\u0131m sekt\u00f6rleri olmak \u00fczere \u00e7e\u015fitli end\u00fcstrilerde yayg\u0131n olarak kullan\u0131lan \u00f6zel bir hidrolik silindir t\u00fcr\u00fcd\u00fcr. Bu yenilik\u00e7i silindir tasar\u0131m\u0131, art\u0131r\u0131lm\u0131\u015f kald\u0131rma kapasitesi, iyile\u015ftirilmi\u015f stabilite ve a\u011f\u0131r y\u00fcklerin hareketi \u00fczerinde geli\u015fmi\u015f kontrol gibi say\u0131s\u0131z avantaj sunar.<\/p>\n<p>Damperli Treyler \u0130\u00e7in \u00d6zelle\u015ftirilmi\u015f \u00c7ift Etkili Teleskopik Hidrolik Silindir'in temel \u00f6zelliklerinden biri, ters teleskopik tasar\u0131m\u0131d\u0131r. Bu, silindirin en d\u0131\u015f kademesinin en b\u00fcy\u00fck oldu\u011fu ve sonraki her kademenin giderek k\u00fc\u00e7\u00fcld\u00fc\u011f\u00fc anlam\u0131na gelir. Bu benzersiz d\u00fczenleme, gerekti\u011finde uzat\u0131lm\u0131\u015f bir strok uzunlu\u011fu sa\u011flarken, kompakt bir geri \u00e7ekilmi\u015f uzunluk sa\u011flar. Ters teleskopik konfig\u00fcrasyon, silindirin genel stabilitesine ve dayan\u0131kl\u0131l\u0131\u011f\u0131na da katk\u0131da bulunur.<\/p>\n<p>\u015eimdi, Damperli Treyler \u0130\u00e7in \u00d6zelle\u015ftirilmi\u015f \u00c7ift Etkili Teleskopik Hidrolik Silindirin avantajlar\u0131n\u0131 inceleyelim:<\/p>\n<ol>\n<li><strong>Art\u0131r\u0131lm\u0131\u015f Kald\u0131rma Kapasitesi:<\/strong> Ters teleskopik tasar\u0131m, silindirin geleneksel hidrolik silindirlere k\u0131yasla daha a\u011f\u0131r y\u00fckleri desteklemesini sa\u011flar. Bu, daha geni\u015f d\u0131\u015f kademenin daha geni\u015f y\u00fczey alan\u0131 sayesinde daha iyi a\u011f\u0131rl\u0131k da\u011f\u0131l\u0131m\u0131 ve y\u00fck ta\u015f\u0131ma kapasitesi sa\u011flar.<\/li>\n<li><strong>Geli\u015fmi\u015f Kontrol:<\/strong> Damperli R\u00f6morklar i\u00e7in \u00d6zelle\u015ftirilmi\u015f \u00c7ift Etkili Teleskopik Hidrolik Silindir, damperli r\u00f6morkun hareketi \u00fczerinde ola\u011fan\u00fcst\u00fc kontrol sa\u011flar. \u00c7ok a\u015famal\u0131 tasar\u0131m\u0131, hassas konumland\u0131rma ve sorunsuz \u00e7al\u0131\u015fma sa\u011flayarak malzemelerin g\u00fcvenli ve verimli bir \u015fekilde y\u00fcklenip bo\u015falt\u0131lmas\u0131n\u0131 sa\u011flar.<\/li>\n<li><strong>Geli\u015ftirilmi\u015f Kararl\u0131l\u0131k:<\/strong> Ters teleskopik d\u00fczenek, kald\u0131rma ve indirme i\u015flemi s\u0131ras\u0131nda geli\u015fmi\u015f denge sa\u011flar. Daha geni\u015f d\u0131\u015f tabla, sa\u011flam bir destek taban\u0131 sunarak a\u011f\u0131r y\u00fckleri ta\u015f\u0131rken devrilme veya devrilme riskini en aza indirir.<\/li>\n<li><strong>\u00d6zelle\u015ftirme Se\u00e7enekleri:<\/strong> Damperli R\u00f6morklar i\u00e7in \u00d6zelle\u015ftirilmi\u015f \u00c7ift Etkili Teleskopik Hidrolik Silindir, \u00f6zel gereksinimleri kar\u015f\u0131layacak \u015fekilde uyarlanabilir. Bu, strok uzunlu\u011fu, delik \u00e7ap\u0131 ve montaj konfig\u00fcrasyonlar\u0131n\u0131n \u00f6zelle\u015ftirilmesini i\u00e7erir. Bu se\u00e7enekler, farkl\u0131 damperli r\u00f6mork tasar\u0131mlar\u0131 ve uygulamalar\u0131yla uyumlulu\u011fu garanti eder.<\/li>\n<\/ol>\n<p>Sonu\u00e7 olarak, Damperli Treyler \u0130\u00e7in \u00d6zelle\u015ftirilmi\u015f \u00c7ift Etkili Teleskopik Hidrolik Silindir, \u00e7ok y\u00f6nl\u00fc ve g\u00fcvenilir bir hidrolik silindir \u00e7\u00f6z\u00fcm\u00fcd\u00fcr. Ters teleskopik tasar\u0131m\u0131, art\u0131r\u0131lm\u0131\u015f kald\u0131rma kapasitesi, geli\u015fmi\u015f kontrol\u00fc, iyile\u015ftirilmi\u015f stabilitesi ve \u00f6zelle\u015ftirme se\u00e7enekleri, onu \u00e7e\u015fitli sekt\u00f6rler i\u00e7in ideal bir se\u00e7im haline getirir. \u0130ster in\u015faat ister ula\u015f\u0131m sekt\u00f6r\u00fcnde olsun, bu silindir \u00fcst\u00fcn performans ve verimlilik sunarak damperli treyler operasyonlar\u0131nda optimum \u00fcretkenlik ve g\u00fcvenlik sa\u011flar.<\/p>\n<h3>FMP Hidrolik Silindir Hakk\u0131nda<\/h3>\n<p>FMP, y\u00fcksek kaliteli in\u015faat makinesi par\u00e7alar\u0131 ve komple makinelerin sat\u0131\u015f ve servisinde uzmanla\u015fm\u0131\u015f lider bir firmad\u0131r. Hidrolik silindirimiz en \u00e7ok satan \u00fcr\u00fcnlerimizden biridir ve \u00f6zelliklerini ve avantajlar\u0131n\u0131 m\u00fc\u015fterilerimize sunmaktan gurur duyuyoruz:<\/p>\n<ol>\n<li><strong>Sa\u011flam ve Dayan\u0131kl\u0131:<\/strong> Hidrolik silindirimiz, dayan\u0131kl\u0131l\u0131\u011f\u0131n\u0131 ve uzun \u00f6m\u00fcrl\u00fcl\u00fc\u011f\u00fcn\u00fc garanti eden y\u00fcksek kaliteli malzemelerden \u00fcretilmi\u015ftir. Zorlu ortamlara ve a\u011f\u0131r hizmet operasyonlar\u0131na dayanacak \u015fekilde tasarlanm\u0131\u015ft\u0131r ve bu da onu in\u015faat makineleri i\u00e7in ideal bir se\u00e7im haline getirir.<\/li>\n<li><strong>\u00d6zelle\u015ftirilebilir:<\/strong> Ayarlanabilir \u00e7atal tipi silindirler, ba\u011flant\u0131 \u00e7ubu\u011fu silindirleri ve kaynakl\u0131 silindirler dahil olmak \u00fczere geni\u015f bir hidrolik silindir yelpazesi sunuyoruz. Uzman ekibimiz ayr\u0131ca silindirleri sizin \u00f6zel ihtiya\u00e7lar\u0131n\u0131za ve \u00f6zelliklerinize g\u00f6re \u00f6zelle\u015ftirebilir.<\/li>\n<li><strong>P\u00fcr\u00fczs\u00fcz ve Verimli:<\/strong> Hidrolik silindirimiz, sorunsuz ve verimli bir \u00e7al\u0131\u015fma sa\u011flayan y\u00fcksek kaliteli piston ve piston kolu contas\u0131na sahiptir. Ayr\u0131ca, montaj alan\u0131ndan tasarruf sa\u011flayan ve enerji t\u00fcketimini azaltan kompakt bir tasar\u0131ma sahiptir.<\/li>\n<li><strong>Maliyet Etkin:<\/strong> Hidrolik silindirimiz, y\u00fcksek kalite standartlar\u0131n\u0131 korurken rekabet\u00e7i bir fiyata sahiptir. D\u00fc\u015f\u00fck bak\u0131m gereksinimi ve uzun kullan\u0131m \u00f6mr\u00fc, m\u00fc\u015fterilerimizin operasyonel maliyetlerini de azalt\u0131r.<\/li>\n<li><strong>M\u00fckemmel M\u00fc\u015fteri Hizmetleri:<\/strong> FMP olarak, uzman \u00fcr\u00fcn dan\u0131\u015fmanl\u0131\u011f\u0131 ve ak\u0131ll\u0131 sat\u0131n alma \u00f6nerileri sunan deneyimli ve profesyonel sat\u0131\u015f temsilcilerinden olu\u015fan bir ekibimiz bulunmaktad\u0131r. Ayr\u0131ca, \u00fcr\u00fcnlerimizin m\u00fc\u015fterilerimize zaman\u0131nda ve do\u011fru bir \u015fekilde teslim edilmesini sa\u011flayan verimli bir lojistik da\u011f\u0131t\u0131m sistemimiz de mevcuttur.<\/li>\n<\/ol>\n<p>Uzun y\u0131llard\u0131r sekt\u00f6rde faaliyet g\u00f6steren bir \u015firket olarak, m\u00fc\u015fterilerimize en iyi \u00fcr\u00fcn ve hizmetleri sunmaya kararl\u0131y\u0131z. FMP hidrolik silindir ile in\u015faat makineleri ihtiya\u00e7lar\u0131n\u0131z i\u00e7in g\u00fcvenilir ve y\u00fcksek performansl\u0131 bir hidrolik sisteme sahip olaca\u011f\u0131n\u0131zdan emin olabilirsiniz.<\/p>\n<p><img decoding=\"async\" src=\"https:\/\/fmp-components.com\/wp-content\/uploads\/2024\/12\/Adjustable-Clevis-Type-Cylinders-6.webp\" alt=\"Ayarlanabilir \u00c7atal Tipi Silindir\" width=\"801\" title=\"\"><br \/>\nYazar:CX<\/p>","protected":false},"excerpt":{"rendered":"<p>Introducing the Customized Double Acting Telescopic Hydraulic Cylinder For Dump Trailer: The Customized Double Acting Telescopic Hydraulic Cylinder is specifically designed for dump trailers, providing excellent performance and durability. This high-quality hydraulic cylinder is engineered to withstand heavy loads and harsh working conditions. Key Features: 1. Double Acting: The cylinder is designed to function in [&hellip;]<\/p>","protected":false},"featured_media":1600,"comment_status":"closed","ping_status":"closed","template":"","meta":{"_et_pb_use_builder":"","_et_pb_old_content":"","_et_gb_content_width":""},"product_brand":[],"product_cat":[45],"product_tag":[34,48],"class_list":{"0":"post-1599","1":"product","2":"type-product","3":"status-publish","4":"has-post-thumbnail","6":"product_cat-inverted-telescopic-cylinder","7":"product_tag-hydraulic-cylinder","8":"product_tag-inverted-telescopic-cylinder","10":"first","11":"instock","12":"product-type-simple"},"_links":{"self":[{"href":"https:\/\/fmp-components.com\/tr\/wp-json\/wp\/v2\/product\/1599","targetHints":{"allow":["GET"]}}],"collection":[{"href":"https:\/\/fmp-components.com\/tr\/wp-json\/wp\/v2\/product"}],"about":[{"href":"https:\/\/fmp-components.com\/tr\/wp-json\/wp\/v2\/types\/product"}],"replies":[{"embeddable":true,"href":"https:\/\/fmp-components.com\/tr\/wp-json\/wp\/v2\/comments?post=1599"}],"wp:featuredmedia":[{"embeddable":true,"href":"https:\/\/fmp-components.com\/tr\/wp-json\/wp\/v2\/media\/1600"}],"wp:attachment":[{"href":"https:\/\/fmp-components.com\/tr\/wp-json\/wp\/v2\/media?parent=1599"}],"wp:term":[{"taxonomy":"product_brand","embeddable":true,"href":"https:\/\/fmp-components.com\/tr\/wp-json\/wp\/v2\/product_brand?post=1599"},{"taxonomy":"product_cat","embeddable":true,"href":"https:\/\/fmp-components.com\/tr\/wp-json\/wp\/v2\/product_cat?post=1599"},{"taxonomy":"product_tag","embeddable":true,"href":"https:\/\/fmp-components.com\/tr\/wp-json\/wp\/v2\/product_tag?post=1599"}],"curies":[{"name":"wp","href":"https:\/\/api.w.org\/{rel}","templated":true}]}}