{"id":1597,"date":"2024-12-23T06:59:20","date_gmt":"2024-12-23T06:59:20","guid":{"rendered":"https:\/\/fmp-components.com\/product\/factory-customized-2-stage-double-acting-hydraulic-cylinder-for-dump-truck\/"},"modified":"2024-12-23T08:32:16","modified_gmt":"2024-12-23T08:32:16","slug":"factory-customized-2-stage-double-acting-hydraulic-cylinder-for-dump-truck","status":"publish","type":"product","link":"https:\/\/fmp-components.com\/tr\/product\/factory-customized-2-stage-double-acting-hydraulic-cylinder-for-dump-truck\/","title":{"rendered":"Damperli Kamyon \u0130\u00e7in Fabrika \u00d6zelle\u015ftirilmi\u015f 2 Kademeli \u00c7ift Etkili Hidrolik Silindir"},"content":{"rendered":"<h2>Damperli Kamyonlar \u0130\u00e7in Fabrika \u00d6zel \u00dcretim 2 Kademeli \u00c7ift Etkili Hidrolik Silindiri Tan\u0131t\u0131yoruz:<\/h2>\n<p>Fabrikada \u00d6zelle\u015ftirilmi\u015f 2 Kademeli \u00c7ift Etkili Hidrolik Silindir, damperli kamyonlar i\u00e7in \u00f6zel olarak tasarlanm\u0131\u015f y\u00fcksek kaliteli bir \u00fcr\u00fcnd\u00fcr. Bu hidrolik silindir, zorlu \u00e7al\u0131\u015fma ko\u015fullar\u0131nda verimli ve g\u00fcvenilir performans sa\u011flamak \u00fczere \u00fcretilmi\u015ftir.<\/p>\n<p>\u00c7ift etkili \u00f6zelli\u011fiyle bu hidrolik silindir, geli\u015fmi\u015f i\u015flevsellik ve \u00e7ok y\u00f6nl\u00fcl\u00fck sunar. Hem uzatma hem de geri \u00e7ekme hareketlerinde g\u00fc\u00e7 \u00fcreterek daha ak\u0131c\u0131 ve kontroll\u00fc hareketler sa\u011flar. Bu sayede a\u011f\u0131r y\u00fckleri kald\u0131r\u0131p indirmeyi kolayla\u015ft\u0131r\u0131r ve damperli kamyon operasyonlar\u0131n\u0131n genel verimlili\u011fini art\u0131r\u0131r.<\/p>\n<p>Bu hidrolik silindirin 2 kademeli tasar\u0131m\u0131, performans\u0131n\u0131 daha da art\u0131r\u0131r. Birbirine ba\u011fl\u0131 iki silindirden olu\u015fur ve daha k\u00fc\u00e7\u00fck i\u00e7 silindir, daha b\u00fcy\u00fck d\u0131\u015f silindirin i\u00e7ine yerle\u015ftirilmi\u015ftir. Bu konfig\u00fcrasyon, \u00fcst\u00fcn kald\u0131rma kapasitesi ve dayan\u0131kl\u0131l\u0131k sa\u011flayarak hidrolik silindirin a\u011f\u0131r y\u00fckleri kolayl\u0131kla kald\u0131rmas\u0131n\u0131 sa\u011flar.<\/p>\n<p>Fabrikada \u00d6zelle\u015ftirilmi\u015f 2 Kademeli \u00c7ift Etkili Hidrolik Silindir, y\u00fcksek kaliteli malzemeler ve hassas m\u00fchendislik teknikleri kullan\u0131larak \u00fcretilmi\u015ftir. Zorlu \u00e7al\u0131\u015fma ortamlar\u0131n\u0131n zorluklar\u0131na dayanacak \u015fekilde tasarlanm\u0131\u015f olup, uzun s\u00fcreli performans ve g\u00fcvenilirlik sa\u011flar.<\/p>\n<p>Bu hidrolik silindir, sa\u011flam yap\u0131s\u0131n\u0131n yan\u0131 s\u0131ra son derece \u00f6zelle\u015ftirilebilirdir. Fabrika \u00f6zelle\u015ftirmesi, m\u00fc\u015fterilerin silindirin \u00f6zelliklerini kendi \u00f6zel gereksinimlerine g\u00f6re uyarlamalar\u0131na olanak tan\u0131r. Bu, damperli kamyon sistemiyle optimum performans ve uyumluluk sa\u011flar.<\/p>\n<table style=\"width: 100%;\" border=\"1\" width=\"100%\" cellspacing=\"0\" cellpadding=\"0\">\n<tbody>\n<tr>\n<th>\u00dcr\u00fcn Ad\u0131<\/th>\n<td>Damperli Kamyon i\u00e7in Fabrika \u00d6zelle\u015ftirilmi\u015f 2 Kademeli \u00c7ift Etkili Hidrolik Silindir<\/td>\n<\/tr>\n<tr>\n<th>Durum<\/th>\n<td>Yeni<\/td>\n<\/tr>\n<tr>\n<th>Garanti<\/th>\n<td>1 Y\u0131l<\/td>\n<\/tr>\n<tr>\n<th>Tasar\u0131m<\/th>\n<td>2 Kademeli \u00c7ift Etkili Hidrolik Silindir<\/td>\n<\/tr>\n<tr>\n<th>Tip<\/th>\n<td>Standart Piston Silindiri<\/td>\n<\/tr>\n<tr>\n<th>Maksimum \u0130tki<\/th>\n<td>3000<\/td>\n<\/tr>\n<tr>\n<th>Maksimum \u00c7ekme<\/th>\n<td>20 Ton<\/td>\n<\/tr>\n<tr>\n<th>Malzeme<\/th>\n<td>Sa\u011flam \u00c7elik<\/td>\n<\/tr>\n<tr>\n<th>Sertifikasyon<\/th>\n<td>ISO9001:2000<\/td>\n<\/tr>\n<tr>\n<th>Performans<\/th>\n<td>G\u00fcvenilir ve Dayan\u0131kl\u0131<\/td>\n<\/tr>\n<tr>\n<th>Uygulanabilir End\u00fcstriler<\/th>\n<td>\u00dcretim Tesisleri, Makine Tamir At\u00f6lyeleri, \u00c7iftlikler, Enerji ve Madencilik, Makine Fabrikalar\u0131<\/td>\n<\/tr>\n<\/tbody>\n<\/table>\n<h2>2 Kademeli \u00c7ift Etkili Hidrolik Silindirin Temel \u00d6zellikleri<\/h2>\n<p><img decoding=\"async\" src=\"https:\/\/hzpt.com\/wp-content\/uploads\/2023\/11\/Inverted-Telescopic-Cylinder-11.webp\" alt=\"\" title=\"\"><\/p>\n<p>\u00c7ift etkili hidrolik silindir, performans\u0131n\u0131 ve dayan\u0131kl\u0131l\u0131\u011f\u0131n\u0131 art\u0131ran \u00f6zelliklerle doludur. \u0130\u015fte 5 temel \u00f6zellik:<\/p>\n<ol>\n<li><strong>Yeni durum:<\/strong> \u00dcr\u00fcn s\u0131f\u0131r olup, optimum performans sa\u011flamaktad\u0131r.<\/li>\n<li><strong>1 y\u0131l garanti:<\/strong> Temel bile\u015fenler i\u00e7in 1 y\u0131ll\u0131k garantiyle birlikte gelir ve yat\u0131r\u0131m\u0131n\u0131z\u0131 garanti alt\u0131na al\u0131r.<\/li>\n<li><strong>Uygulanabilirlik:<\/strong> \u00dcretim tesisleri, makine tamir at\u00f6lyeleri, \u00e7iftlikler, enerji, madencilik ve daha bir\u00e7ok farkl\u0131 sekt\u00f6r i\u00e7in tasarlanm\u0131\u015ft\u0131r.<\/li>\n<li><strong>Y\u00fcksek Kalite:<\/strong> Sa\u011flam \u00e7elikten \u00fcretilmi\u015f olup ISO9001:2000 sertifikas\u0131na sahiptir.<\/li>\n<li><strong>Performans:<\/strong> Maksimum 3000 ton itme ve 20 ton \u00e7ekme g\u00fcc\u00fcne sahip.<\/li>\n<\/ol>\n<h2>2 Kademeli \u00c7ift Etkili Hidrolik Silindirin Uygulamalar\u0131<\/h2>\n<p><img decoding=\"async\" src=\"https:\/\/hzpt.com\/wp-content\/uploads\/2023\/11\/Inverted-Telescopic-Cylinder-Applications.webp\" alt=\"Hidrolik Silindir Uygulamalar\u0131\" title=\"\"><\/p>\n<p>2 Kademeli \u00c7ift Etkili Hidrolik Silindirin \u00e7ok y\u00f6nl\u00fcl\u00fc\u011f\u00fc, geni\u015f bir uygulama yelpazesinde kullan\u0131lmas\u0131n\u0131 sa\u011flar. \u00dcretim tesislerinden makine tamir at\u00f6lyelerine, \u00e7iftliklerden enerji sekt\u00f6rlerine, madencilik operasyonlar\u0131ndan makine fabrikalar\u0131na kadar bu hidrolik silindir, \u00e7e\u015fitli end\u00fcstriler i\u00e7in g\u00fcvenilir ve verimli bir \u00e7\u00f6z\u00fcmd\u00fcr.<\/p>\n<h2>\u00c7al\u0131\u015fma Prensibi ve Bak\u0131m Y\u00f6ntemleri<\/h2>\n<p>2 Kademeli \u00c7ift Etkili Hidrolik Silindir, kuvvet \u00fcretmek i\u00e7in hidrolik bas\u0131n\u00e7tan yararlanarak \u00e7al\u0131\u015f\u0131r. Bu hidrolik silindirin bak\u0131m\u0131, d\u00fczenli kontrol, temizlik, ya\u011flama ve onar\u0131mlar\u0131 i\u00e7erir. D\u00fczenli conta de\u011fi\u015fimi ve kullan\u0131m k\u0131lavuzuna uyulmas\u0131 da aksesuar\u0131n kullan\u0131m \u00f6mr\u00fcn\u00fc uzatmada \u00e7ok \u00f6nemlidir.<\/p>\n<p><img decoding=\"async\" src=\"https:\/\/hzpt.com\/wp-content\/uploads\/2023\/11\/Inverted-Telescopic-Cylinder-8.webp\" alt=\"\" title=\"\"><\/p>\n<h2>Ters Teleskopik Silindir<\/h2>\n<p>Damperli Kamyonlar i\u00e7in Fabrikada \u00d6zelle\u015ftirilmi\u015f 2 Kademeli \u00c7ift Etkili Hidrolik Silindir, yayg\u0131n olarak Ters Teleskopik Silindir olarak bilinir ve damperli kamyonlar i\u00e7in \u00f6zel olarak tasarlanm\u0131\u015f bir hidrolik akt\u00fcat\u00f6rd\u00fcr. Bu silindir t\u00fcr\u00fc, damperli kamyonlar\u0131n verimli \u00e7al\u0131\u015fmas\u0131 ve i\u015flevselli\u011finde hayati bir rol oynar. Bu makalede, Ters Teleskopik Silindirin \u00e7e\u015fitli y\u00f6nlerini ve teknik ayr\u0131nt\u0131lar\u0131n\u0131 inceleyerek benzersiz \u00f6zelliklerini ve avantajlar\u0131n\u0131 vurgulayaca\u011f\u0131z.<\/p>\n<h3>Tasar\u0131m ve \u0130n\u015faat<\/h3>\n<p>Ters Teleskopik Silindir, k\u00fc\u00e7\u00fck \u00e7apl\u0131 tablan\u0131n d\u0131\u015f tarafta, b\u00fcy\u00fck \u00e7apl\u0131 tablan\u0131n ise i\u00e7 tarafta yer ald\u0131\u011f\u0131 \u00f6zg\u00fcn tasar\u0131m\u0131yla \u00f6ne \u00e7\u0131kar. Bu ters konfig\u00fcrasyon, kompakt ve yerden tasarruf sa\u011flayan bir tasar\u0131m sunarak, s\u0131n\u0131rl\u0131 montaj alan\u0131na sahip damperli kamyonlar i\u00e7in idealdir.<\/p>\n<p>Silindir, daha fazla mukavemet ve dayan\u0131kl\u0131l\u0131k i\u00e7in sertle\u015ftirilmi\u015f \u00e7elik gibi y\u00fcksek kaliteli malzemeler kullan\u0131larak \u00fcretilmi\u015ftir. Birinci s\u0131n\u0131f malzemelerin kullan\u0131m\u0131, silindirin a\u011f\u0131r y\u00fcklere ve zorlu \u00e7al\u0131\u015fma ko\u015fullar\u0131na dayanabilmesini sa\u011flayarak, damperli kamyon uygulamalar\u0131n\u0131n zorlu do\u011fas\u0131 i\u00e7in uygundur.<\/p>\n<h3>\u00c7al\u0131\u015fma Prensibi<\/h3>\n<p>Ters Teleskopik Silindir, hidrolik bas\u0131n\u00e7 prensibiyle \u00e7al\u0131\u015f\u0131r. Silindire bas\u0131n\u00e7l\u0131 s\u0131v\u0131 verildi\u011finde, pistona kuvvet uygulayarak do\u011frusal bir hareket olu\u015fturur. Bu do\u011frusal hareket daha sonra silindirin d\u0131\u015f ve i\u00e7 kademelerine iletilerek silindirin uzamas\u0131 veya geri \u00e7ekilmesi sa\u011flan\u0131r.<\/p>\n<p>Damperli kamyon uygulamalar\u0131nda, Ters Teleskopik Silindir \u00f6ncelikle kamyon kasas\u0131n\u0131n veya konteynerin kald\u0131r\u0131lmas\u0131 ve e\u011filmesi i\u00e7in kullan\u0131l\u0131r. Silindir uzad\u0131\u011f\u0131nda kasay\u0131 y\u00fckselterek malzemelerin kolayca bo\u015falt\u0131lmas\u0131n\u0131 sa\u011flar. Tersine, silindir geri \u00e7ekildi\u011finde kasay\u0131 orijinal konumuna geri indirir.<\/p>\n<h3>Faydalar\u0131 ve Avantajlar\u0131<\/h3>\n<p>Ters Teleskopik Silindir, geleneksel hidrolik silindirlere k\u0131yasla bir\u00e7ok avantaj ve avantaj sunar. \u0130lk olarak, kompakt tasar\u0131m\u0131 sayesinde arac\u0131n yap\u0131s\u0131nda \u00f6nemli de\u011fi\u015fiklikler gerektirmeden damperli kamyonlara kolayca monte edilebilir ve entegre edilebilir.<\/p>\n<p>Ayr\u0131ca, silindirin \u00e7ift kademeli tasar\u0131m\u0131, art\u0131r\u0131lm\u0131\u015f kald\u0131rma kapasitesi ve stabilite sa\u011flar. Daha b\u00fcy\u00fck \u00e7apl\u0131 kademe daha a\u011f\u0131r y\u00fckleri kald\u0131rabilirken, daha k\u00fc\u00e7\u00fck \u00e7apl\u0131 kademe daha hassas kontrol ve kamyon kasas\u0131n\u0131n hassas konumland\u0131r\u0131lmas\u0131n\u0131 sa\u011flar.<\/p>\n<p>Ayr\u0131ca, silindirin \u00e7ift etkili fonksiyonu, hidrolik g\u00fc\u00e7 kullanarak hem uzatma hem de geri \u00e7ekme imkan\u0131 sunar. Bu sayede verimli ve g\u00fcvenilir bir \u00e7al\u0131\u015fma sa\u011flanarak damperli kamyonlar\u0131n genel verimlili\u011fi art\u0131r\u0131l\u0131r.<\/p>\n<p>Sonu\u00e7 olarak, Ters Teleskopik Silindir olarak da bilinen Damperli Kamyonlar i\u00e7in Fabrika \u00d6zel \u00dcretim 2 Kademeli \u00c7ift Etkili Hidrolik Silindir, damperli kamyonlar i\u00e7in olmazsa olmaz bir bile\u015fendir. Benzersiz tasar\u0131m\u0131, yap\u0131s\u0131 ve \u00e7al\u0131\u015fma prensibi, kamyon kasalar\u0131n\u0131n verimli bir \u015fekilde kald\u0131r\u0131l\u0131p e\u011filmesine katk\u0131da bulunarak malzemelerin bo\u015falt\u0131lmas\u0131n\u0131 kolayla\u015ft\u0131r\u0131r. Kompakt boyutu, art\u0131r\u0131lm\u0131\u015f kald\u0131rma kapasitesi ve g\u00fcvenilir performans\u0131yla Ters Teleskopik Silindir, damperli kamyon operasyonlar\u0131nda de\u011ferli bir varl\u0131k oldu\u011funu kan\u0131tlamaktad\u0131r.<\/p>\n<h3>FMP Hakk\u0131nda<\/h3>\n<p>FMP, in\u015faat makinesi par\u00e7alar\u0131 ve komple makine sat\u0131\u015f ve servisinde uzmanla\u015fm\u0131\u015f bir \u015firkettir. Uzun y\u0131llara dayanan sekt\u00f6r deneyimimiz ve profesyonel ekibimizle, m\u00fc\u015fterilerimize y\u00fcksek kaliteli ve g\u00fcvenilir in\u015faat makinesi par\u00e7alar\u0131 ve komple makine \u00e7\u00f6z\u00fcmleri sunuyoruz. \u00dcr\u00fcn yelpazemiz geni\u015f olup, tar\u0131m makinesi red\u00fckt\u00f6rleri, hidrolik silindirler, planet di\u015fli kutular\u0131, end\u00fcstriyel red\u00fckt\u00f6rler, tar\u0131m makinesi par\u00e7alar\u0131 ve bunlara uygun bir dizi \u00fcst d\u00fczey aksesuar gibi \u00e7e\u015fitli in\u015faat makinesi t\u00fcrlerini i\u00e7ermektedir.<\/p>\n<h3>Hidrolik Silindirler<\/h3>\n<p>Hidrolik silindirlerimiz, FMP'deki amiral gemisi \u00fcr\u00fcnlerimizden biridir. Hidrolik silindirlerimizin rakiplerinden \u00f6ne \u00e7\u0131kmas\u0131n\u0131n 5 nedeni:<\/p>\n<ol>\n<li><strong>Y\u00fcksek Kaliteli Malzemeler:<\/strong> Hidrolik silindirlerimiz, dayan\u0131kl\u0131l\u0131k ve uzun \u00f6m\u00fcr sa\u011flamak i\u00e7in y\u00fcksek kaliteli malzemelerden \u00fcretilmi\u015ftir. Malzemelerimizi yaln\u0131zca s\u0131k\u0131 kalite standartlar\u0131m\u0131z\u0131 kar\u015f\u0131layan g\u00fcvenilir tedarik\u00e7ilerden temin ediyoruz.<\/li>\n<li><strong>\u00d6zelle\u015ftirilebilir:<\/strong> M\u00fc\u015fterilerimizin \u00f6zel ihtiya\u00e7lar\u0131n\u0131 kar\u015f\u0131lamak i\u00e7in \u00f6zelle\u015ftirilebilir hidrolik silindirler sunuyoruz. \u00d6rne\u011fin, ayarlanabilir \u00e7atal tipi silindirimiz, \u00e7e\u015fitli uygulamalara uyacak \u015fekilde ayarlanabilir.<\/li>\n<li><strong>Uzmanl\u0131k:<\/strong> FMP olarak, in\u015faat makineleri sekt\u00f6r\u00fcn\u00fcn geli\u015fim trendlerini ve m\u00fc\u015fteri ihtiya\u00e7lar\u0131n\u0131 yak\u0131ndan takip eden deneyimli ve yetenekli bir sat\u0131\u015f ekibimiz var. Ekibimiz, profesyonel \u00fcr\u00fcn dan\u0131\u015fmanl\u0131\u011f\u0131 ve ak\u0131ll\u0131 sat\u0131n alma \u00f6nerileri sunabilir.<\/li>\n<li><strong>Verimli Lojistik:<\/strong> M\u00fc\u015fterilerimizin ihtiya\u00e7 duyduklar\u0131 par\u00e7alar\u0131 zaman\u0131nda ve do\u011fru bir \u015fekilde alabilmelerini sa\u011flamak i\u00e7in verimli bir lojistik da\u011f\u0131t\u0131m sistemimiz bulunmaktad\u0131r. Zaman\u0131n para oldu\u011funun bilincindeyiz ve m\u00fc\u015fterilerimiz i\u00e7in aksama s\u00fcresini en aza indirmek i\u00e7in \u00e7al\u0131\u015f\u0131yoruz.<\/li>\n<li><strong>G\u00fcvenilirlik:<\/strong> Hidrolik silindirlerimiz g\u00fcvenilir ve uzun \u00f6m\u00fcrl\u00fc olacak \u015fekilde tasarlanm\u0131\u015ft\u0131r. M\u00fc\u015fterilerimize g\u00fcvenebilecekleri \u00fcr\u00fcnler sunmaktan gurur duyuyoruz.<\/li>\n<\/ol>\n<p>\u0130n\u015faat makineleri ihtiya\u00e7lar\u0131n\u0131z i\u00e7in FMP'yi se\u00e7in ve kalite ve hizmet fark\u0131n\u0131 deneyimleyin. \u00dcr\u00fcn ve hizmetlerimiz hakk\u0131nda daha fazla bilgi edinmek i\u00e7in bug\u00fcn bizimle ileti\u015fime ge\u00e7in.<\/p>\n<p><img decoding=\"async\" src=\"https:\/\/fmp-components.com\/wp-content\/uploads\/2024\/12\/Adjustable-Clevis-Type-Cylinders-6.webp\" alt=\"Ayarlanabilir \u00c7atal Tipi Silindir\" width=\"800\" title=\"\"><br \/>\nYazar:CX<\/p>","protected":false},"excerpt":{"rendered":"<p>Introducing the Factory Customized 2 Stage Double Acting Hydraulic Cylinder For Dump Truck: The Factory Customized 2 Stage Double Acting Hydraulic Cylinder is a high-quality product specifically designed for dump trucks. This hydraulic cylinder is built to provide efficient and reliable performance in demanding work conditions. With its double acting feature, this hydraulic cylinder offers [&hellip;]<\/p>","protected":false},"featured_media":1598,"comment_status":"closed","ping_status":"closed","template":"","meta":{"_et_pb_use_builder":"","_et_pb_old_content":"","_et_gb_content_width":""},"product_brand":[],"product_cat":[45],"product_tag":[34,48],"class_list":{"0":"post-1597","1":"product","2":"type-product","3":"status-publish","4":"has-post-thumbnail","6":"product_cat-inverted-telescopic-cylinder","7":"product_tag-hydraulic-cylinder","8":"product_tag-inverted-telescopic-cylinder","10":"first","11":"instock","12":"product-type-simple"},"_links":{"self":[{"href":"https:\/\/fmp-components.com\/tr\/wp-json\/wp\/v2\/product\/1597","targetHints":{"allow":["GET"]}}],"collection":[{"href":"https:\/\/fmp-components.com\/tr\/wp-json\/wp\/v2\/product"}],"about":[{"href":"https:\/\/fmp-components.com\/tr\/wp-json\/wp\/v2\/types\/product"}],"replies":[{"embeddable":true,"href":"https:\/\/fmp-components.com\/tr\/wp-json\/wp\/v2\/comments?post=1597"}],"wp:featuredmedia":[{"embeddable":true,"href":"https:\/\/fmp-components.com\/tr\/wp-json\/wp\/v2\/media\/1598"}],"wp:attachment":[{"href":"https:\/\/fmp-components.com\/tr\/wp-json\/wp\/v2\/media?parent=1597"}],"wp:term":[{"taxonomy":"product_brand","embeddable":true,"href":"https:\/\/fmp-components.com\/tr\/wp-json\/wp\/v2\/product_brand?post=1597"},{"taxonomy":"product_cat","embeddable":true,"href":"https:\/\/fmp-components.com\/tr\/wp-json\/wp\/v2\/product_cat?post=1597"},{"taxonomy":"product_tag","embeddable":true,"href":"https:\/\/fmp-components.com\/tr\/wp-json\/wp\/v2\/product_tag?post=1597"}],"curies":[{"name":"wp","href":"https:\/\/api.w.org\/{rel}","templated":true}]}}