{"id":1546,"date":"2024-12-23T05:51:36","date_gmt":"2024-12-23T05:51:36","guid":{"rendered":"https:\/\/fmp-components.com\/product\/quality-manufacturing-3-ton-hydraulic-cylinder-double-acting-hydraulic-cylinder-for-snow-plow\/"},"modified":"2024-12-23T05:56:53","modified_gmt":"2024-12-23T05:56:53","slug":"quality-manufacturing-3-ton-hydraulic-cylinder-double-acting-hydraulic-cylinder-for-snow-plow","status":"publish","type":"product","link":"https:\/\/fmp-components.com\/tr\/product\/quality-manufacturing-3-ton-hydraulic-cylinder-double-acting-hydraulic-cylinder-for-snow-plow\/","title":{"rendered":"Kaliteli \u00dcretim 3 Tonluk Hidrolik Silindir Kar K\u00fcreme Makinas\u0131 i\u00e7in \u00c7ift Etkili Hidrolik Silindir"},"content":{"rendered":"<p>Kaliteli \u00dcretim 3 Tonluk Hidrolik Silindir \u00c7ift Etkili Kar K\u00fcreme Hidrolik Silindiri Kaliteli \u00dcretim 3 Tonluk Hidrolik Silindir \u00c7ift Etkili Kar K\u00fcreme Hidrolik Silindiri'ni sunuyoruz:<\/p>\n<p>Quality Manufacturing 3 Tonluk \u00c7ift Etkili Hidrolik Silindir Kar K\u00fcreme Makinesi, verimli kar k\u00fcreme i\u00e7in tasarlanm\u0131\u015f y\u00fcksek performansl\u0131 bir \u00fcr\u00fcnd\u00fcr. Dayan\u0131kl\u0131 yap\u0131s\u0131 ve geli\u015fmi\u015f hidrolik teknolojisiyle bu hidrolik silindir, \u00fcst\u00fcn performans ve g\u00fcvenilirlik sunar.<\/p>\n<p>Bu hidrolik silindir, maksimum 3 tonluk bir kuvvet uygulayabilme kapasitesiyle a\u011f\u0131r hizmet tipi kar k\u00fcreme i\u015fleri i\u00e7in idealdir. \u00c7ift etkili tasar\u0131m\u0131, hem uzatma hem de geri \u00e7ekme imkan\u0131 sunarak hassas kontrol ve \u00e7al\u0131\u015fma esnekli\u011fi sa\u011flar.<\/p>\n<p><img decoding=\"async\" title=\"Kar K\u00fcreme Hidrolik Silindiri\" src=\"https:\/\/hzpt.com\/wp-content\/uploads\/2023\/11\/Snow-Plow-Hydraulic-Cylinder-2.webp\" alt=\"Kar K\u00fcreme Hidrolik Silindiri\" \/><\/p>\n<p>Quality Manufacturing 3 Tonluk Hidrolik Silindir, zorlu hava ko\u015fullar\u0131nda bile dayan\u0131kl\u0131l\u0131k ve uzun \u00f6m\u00fcr sa\u011flayan sa\u011flam bir yap\u0131ya sahiptir. A\u015f\u0131r\u0131 s\u0131cakl\u0131klara, korozyona ve a\u015f\u0131nmaya dayan\u0131kl\u0131 y\u00fcksek kaliteli malzemelerden \u00fcretilmi\u015ftir.<\/p>\n<p>Geli\u015fmi\u015f hidrolik bile\u015fenlerle donat\u0131lm\u0131\u015f bu hidrolik silindir, sorunsuz ve verimli bir \u00e7al\u0131\u015fma sa\u011flar. Tutarl\u0131 g\u00fc\u00e7 ve hassas hareket sa\u011flayarak, kar k\u00fcreme makinesinin hassas bir \u015fekilde konumland\u0131r\u0131lmas\u0131n\u0131 ve verimli bir \u015fekilde kar temizlenmesini sa\u011flar.<\/p>\n<p>Ayr\u0131ca, Quality Manufacturing 3 Tonluk Hidrolik Silindir, kullan\u0131c\u0131 rahatl\u0131\u011f\u0131 d\u00fc\u015f\u00fcn\u00fclerek tasarlanm\u0131\u015ft\u0131r. Kurulumu ve bak\u0131m\u0131 kolayd\u0131r ve sorunsuz bir kullan\u0131m sa\u011flar. Kompakt boyutu, \u00e7ok \u00e7e\u015fitli kar k\u00fcreme makinesi modelleriyle uyumluluk sa\u011flar.<\/p>\n<p>Sonu\u00e7 olarak, Quality Manufacturing 3 Tonluk \u00c7ift Etkili Hidrolik Silindir Kar K\u00fcreme Makinesi, kar k\u00fcreme g\u00f6revleri i\u00e7in g\u00fcvenilir ve verimli bir \u00e7\u00f6z\u00fcmd\u00fcr. Sa\u011flam yap\u0131s\u0131, geli\u015fmi\u015f hidrolik teknolojisi ve kullan\u0131c\u0131 dostu tasar\u0131m\u0131yla bu hidrolik silindir, ola\u011fan\u00fcst\u00fc performans ve dayan\u0131kl\u0131l\u0131k sunar.<\/p>\n<table style=\"width: 100%;\" border=\"1\" width=\"100%\" cellspacing=\"0\" cellpadding=\"0\">\n<tbody>\n<tr>\n<th>\u00dcr\u00fcn Ad\u0131<\/th>\n<td>Kar K\u00fcreme Makinas\u0131 i\u00e7in Kaliteli \u00dcretim 3 Tonluk Hidrolik Silindir<\/td>\n<\/tr>\n<tr>\n<th>Durum<\/th>\n<td>Yeni<\/td>\n<\/tr>\n<tr>\n<th>Tip<\/th>\n<td>\u00c7ift Etkili Hidrolik Silindir<\/td>\n<\/tr>\n<tr>\n<th>Garanti<\/th>\n<td>1 Y\u0131l<\/td>\n<\/tr>\n<tr>\n<th>Sertifikasyon<\/th>\n<td>ISO 9001:2000<\/td>\n<\/tr>\n<tr>\n<th>Ba\u015fvuru<\/th>\n<td>A\u011f\u0131r Hizmet Uygulamalar\u0131 (Kar K\u00fcreme)<\/td>\n<\/tr>\n<tr>\n<th>Model<\/th>\n<td>Standart Piston Silindiri<\/td>\n<\/tr>\n<tr>\n<th>G\u00f6vde Malzemesi<\/th>\n<td>\u00c7elik<\/td>\n<\/tr>\n<tr>\n<th>Maksimum \u0130tki<\/th>\n<td>3000<\/td>\n<\/tr>\n<tr>\n<th>Maksimum \u00c7ekme Kapasitesi<\/th>\n<td>20 ton<\/td>\n<\/tr>\n<tr>\n<th>Delik Boyutu<\/th>\n<td>2 \u2013 6 in\u00e7<\/td>\n<\/tr>\n<tr>\n<th>\u00c7ubuk Boyutu<\/th>\n<td>1,125 \u2013 4 in\u00e7<\/td>\n<\/tr>\n<tr>\n<th>Vuru\u015f Boyutu<\/th>\n<td>4 \u2013 100 in\u00e7<\/td>\n<\/tr>\n<tr>\n<th>Pin Boyutu<\/th>\n<td>0,5 \u2013 2 in\u00e7<\/td>\n<\/tr>\n<\/tbody>\n<\/table>\n<p><img loading=\"lazy\" decoding=\"async\" class=\"\" title=\"Kar K\u00fcreme Hidrolik Silindiri\" src=\"https:\/\/hzpt.com\/wp-content\/uploads\/2023\/11\/Snow-Plow-Hydraulic-Cylinder-1.webp\" alt=\"Kar K\u00fcreme Hidrolik Silindiri\" width=\"962\" height=\"962\" \/><\/p>\n<h2>Ayarlanabilir \u00c7atal Tipi Silindirlerin Avantajlar\u0131<\/h2>\n<p>Ayarlanabilir \u00e7atal tipi silindirler, benzersiz \u00f6zellikleri ve avantajlar\u0131 nedeniyle \u00e7e\u015fitli sekt\u00f6rlerde giderek daha pop\u00fcler hale geliyor. Ayarlanabilir \u00e7atal tipi silindirleri kullanman\u0131n baz\u0131 avantajlar\u0131 \u015funlard\u0131r:<\/p>\n<ul>\n<li><b>Artt\u0131r\u0131lm\u0131\u015f Esneklik:<\/b> Ayarlanabilir \u00e7atal tipi silindirlerin temel avantajlar\u0131ndan biri, art\u0131r\u0131lm\u0131\u015f esneklikleridir. Silindir \u00fczerindeki \u00e7atal\u0131 ayarlayabilme \u00f6zelli\u011fi sayesinde kullan\u0131c\u0131lar, silindiri kendi \u00f6zel ihtiya\u00e7lar\u0131na g\u00f6re kolayca \u00f6zelle\u015ftirebilir. Bu, silindiri daha \u00e7ok y\u00f6nl\u00fc ve farkl\u0131 uygulamalara uyarlanabilir hale getirir.<\/li>\n<li><b>Geli\u015ftirilmi\u015f Hassasiyet:<\/b> Ayarlanabilir \u00e7atal tipi silindirler, sabit uzunluktaki silindirlere k\u0131yasla daha iyi hassasiyet sunar. Kullan\u0131c\u0131n\u0131n \u00e7atal\u0131 ayarlamas\u0131na olanak tan\u0131yarak, silindir daha hassas hareketler ve konumland\u0131rma sa\u011flayacak \u015fekilde ince ayar yap\u0131labilir. Bu, \u00f6zellikle robotik veya imalat gibi do\u011frulu\u011fun kritik oldu\u011fu uygulamalarda \u00f6nemlidir.<\/li>\n<li><b>Daha \u0130yi Y\u00fck Da\u011f\u0131t\u0131m\u0131:<\/b> Ayarlanabilir \u00e7atal tipi silindirlerin bir di\u011fer avantaj\u0131 da daha iyi y\u00fck da\u011f\u0131l\u0131m\u0131d\u0131r. Ayarlanabilir \u00e7atal sayesinde y\u00fck, silindir boyunca daha e\u015fit bir \u015fekilde da\u011f\u0131t\u0131labilir ve silindirdeki stres ve a\u015f\u0131nma azalt\u0131labilir. Bu da silindir \u00f6mr\u00fcn\u00fcn uzamas\u0131n\u0131 ve bak\u0131m maliyetlerinin d\u00fc\u015fmesini sa\u011flayabilir.<\/li>\n<li><b>Artan Verimlilik:<\/b> Ayarlanabilir \u00e7atal tipi silindirler, belirli uygulamalarda verimlili\u011fi de art\u0131rabilir. Kullan\u0131c\u0131lar, silindiri daha hassas hareketler sa\u011flayacak \u015fekilde hassas bir \u015fekilde ayarlayarak israf\u0131 azaltabilir ve \u00fcretkenli\u011fi art\u0131rabilir. Bu da maliyet tasarrufu ve artan verimlilik sa\u011flayabilir.<\/li>\n<li><b>Kolay Bak\u0131m:<\/b> Ayarlanabilir \u00e7atal tipi silindirlerin bak\u0131m\u0131 genellikle kolayd\u0131r. Di\u011fer silindir tiplerine g\u00f6re daha az par\u00e7a i\u00e7erdi\u011finden, a\u015f\u0131nabilecek veya k\u0131r\u0131labilecek daha az bile\u015fen bulunur. Bu, bak\u0131m maliyetlerini ve ar\u0131za s\u00fcresini azaltabilir.<\/li>\n<\/ul>\n<p>Ayarlanabilir \u00e7atal tipi silindirler s\u00f6z konusu oldu\u011funda, Quality Manufacturing sekt\u00f6rdeki en iyi \u00fcretici ve tedarik\u00e7idir. 3 tonluk hidrolik silindirleri ve kar k\u00fcreme makineleri i\u00e7in \u00e7ift etkili hidrolik silindirleri, dayan\u0131kl\u0131l\u0131klar\u0131 ve g\u00fcvenilirlikleri nedeniyle pop\u00fcler se\u00e7eneklerdir. Kalite ve inovasyona olan ba\u011fl\u0131l\u0131\u011f\u0131yla Quality Manufacturing, ayarlanabilir \u00e7atal tipi silindirlere ihtiya\u00e7 duyanlar i\u00e7in g\u00fcvenilir bir ortakt\u0131r.<\/p>\n<p>Sonu\u00e7 olarak, ayarlanabilir \u00e7atal tipi silindirler \u00e7e\u015fitli end\u00fcstriyel uygulamalar i\u00e7in bir dizi avantaj sunar. Artt\u0131r\u0131lm\u0131\u015f esneklikten iyile\u015ftirilmi\u015f hassasiyet ve y\u00fck da\u011f\u0131l\u0131m\u0131na kadar, bu silindirler verimlili\u011fi art\u0131rmaya ve bak\u0131m maliyetlerini d\u00fc\u015f\u00fcrmeye yard\u0131mc\u0131 olabilir. Y\u00fcksek kaliteli ayarlanabilir \u00e7atal tipi silindirlere ihtiya\u00e7 duyanlar i\u00e7in Quality Manufacturing sekt\u00f6rdeki en iyi tercihtir.<\/p>\n<h3>FMP Hidrolik Silindir Hakk\u0131nda<\/h3>\n<p><img decoding=\"async\" src=\"https:\/\/fmp-components.com\/wp-content\/uploads\/2024\/12\/Adjustable-Clevis-Type-Cylinders-6.webp\" alt=\"Ayarlanabilir \u00c7atal Tipi Silindir\" width=\"851\" title=\"\"><\/p>\n<p>FMP, in\u015faat makineleri i\u00e7in y\u00fcksek kaliteli hidrolik silindirler \u00fcreten lider bir tedarik\u00e7idir. Kapsaml\u0131 sekt\u00f6r deneyimimiz ve \u00f6zverili ekibimizle, m\u00fc\u015fterilerimizin \u00e7e\u015fitli ihtiya\u00e7lar\u0131n\u0131 kar\u015f\u0131lamak \u00fczere tasarlanm\u0131\u015f geni\u015f bir hidrolik silindir yelpazesi sunuyoruz.<\/p>\n<p>FMP Hidrolik Silindir'i se\u00e7menin be\u015f temel avantaj\u0131 \u015funlard\u0131r:<\/p>\n<ol>\n<li>\u00dcst\u00fcn Kalite: Hidrolik silindirlerimiz en kaliteli malzemeler kullan\u0131larak \u00fcretilir ve en zorlu in\u015faat ortamlar\u0131nda dayan\u0131kl\u0131l\u0131k ve g\u00fcvenilirli\u011fi garanti alt\u0131na almak i\u00e7in s\u0131k\u0131 kalite kontrol \u00f6nlemlerinden ge\u00e7er.<\/li>\n<li>Geni\u015f Se\u00e7enek Yelpazesi: Ayarlanabilir \u00e7atal tipi silindirler, ba\u011flant\u0131 \u00e7ubu\u011fu silindirleri, kaynakl\u0131 silindirler, teleskopik silindirler ve daha fazlas\u0131 dahil olmak \u00fczere kapsaml\u0131 bir hidrolik silindir yelpazesi sunuyoruz. Bu sayede, \u00f6zel ihtiya\u00e7lar\u0131n\u0131za uygun m\u00fckemmel \u00e7\u00f6z\u00fcm\u00fc bulabilirsiniz.<\/li>\n<li>Uzman Dan\u0131\u015fmanl\u0131\u011f\u0131: Deneyimli sat\u0131\u015f ekibimiz, in\u015faat makineleri sekt\u00f6r\u00fcndeki en son geli\u015fmeler ve m\u00fc\u015fteri ihtiya\u00e7lar\u0131 konusunda bilgilidir. Bilin\u00e7li kararlar alman\u0131za yard\u0131mc\u0131 olmak i\u00e7in profesyonel \u00fcr\u00fcn dan\u0131\u015fmanl\u0131\u011f\u0131 sa\u011flayabilirler.<\/li>\n<li>Ak\u0131ll\u0131 Sat\u0131n Alma \u00d6nerileri: Her projenin benzersiz oldu\u011funun fark\u0131nday\u0131z ve ekibimiz, uygulaman\u0131z i\u00e7in do\u011fru hidrolik silindiri se\u00e7menizi sa\u011flamak \u00fczere size \u00f6zel \u00f6neriler sunabilir. Bu, verimlili\u011fi optimize etmenize ve ar\u0131za s\u00fcresini en aza indirmenize yard\u0131mc\u0131 olur.<\/li>\n<li>Verimli Lojistik: FMP olarak zaman\u0131nda ve do\u011fru teslimata \u00f6ncelik veriyoruz. Verimli lojistik da\u011f\u0131t\u0131m sistemimiz, ihtiya\u00e7 duydu\u011funuz hidrolik silindirleri zaman\u0131nda teslim etmenizi sa\u011flayarak, program\u0131n\u0131za sad\u0131k kalman\u0131z\u0131 ve proje teslim tarihlerine uyman\u0131z\u0131 sa\u011flar.<\/li>\n<\/ol>\n<p>G\u00fcvenilir performans, ola\u011fan\u00fcst\u00fc kalite ve benzersiz m\u00fc\u015fteri hizmetleri i\u00e7in FMP Hidrolik Silindir'i tercih edin. Hidrolik silindir ihtiya\u00e7lar\u0131n\u0131z\u0131 g\u00f6r\u00fc\u015fmek ve FMP fark\u0131n\u0131 deneyimlemek i\u00e7in bug\u00fcn bizimle ileti\u015fime ge\u00e7in.<\/p>\n<h2>Neden \u00dcr\u00fcnlerimizi Se\u00e7melisiniz?<\/h2>\n<p>Hidrolik silindirlerimizi se\u00e7mek, kalite, g\u00fcvenilirlik ve performans\u0131n garantisidir. Rekabet\u00e7i fiyatlar, birinci s\u0131n\u0131f hizmetler ve en y\u00fcksek standartlarda \u00fcretilmi\u015f \u00fcr\u00fcnler sunuyoruz.<\/p>\n<h2>Ke\u015ffedin ve Hemen Sat\u0131n Al\u0131n!<\/h2>\n<p>\u00dcr\u00fcn yelpazemizi ke\u015ffetmeye ve kaliteli \u00fcretimin fark\u0131n\u0131 deneyimlemeye davet ediyoruz. Beklemeyin, <strong>\u015eimdi sat\u0131n al<\/strong>ve Kar K\u00fcreme Makinas\u0131 i\u00e7in Kaliteli \u00dcretim 3 Ton Hidrolik Silindir \u00c7ift Etkili Hidrolik Silindirin ola\u011fan\u00fcst\u00fc performans\u0131n\u0131 deneyimleyin.<\/p>\n<h2>S\u0131k\u00e7a Sorulan Sorular<\/h2>\n<h3>S: Siz bir ticaret \u015firketi misiniz yoksa \u00fcretici misiniz?<\/h3>\n<p>A: Biz bir fabrikay\u0131z.<\/p>\n<h3>S: Teslimat s\u00fcreniz ne kadard\u0131r?<\/h3>\n<p>A: Genellikle 25-35 g\u00fcn s\u00fcrer.<\/p>\n<h3>S: Numune sa\u011fl\u0131yor musunuz?<\/h3>\n<p>C: Evet, numune sunabiliriz ancak \u00fccretsiz de\u011fil.<\/p>\n<p>Yazar: CX<\/p>","protected":false},"excerpt":{"rendered":"<p>Quality Manufacturing 3 Ton Hydraulic Cylinder Double Acting Hydraulic Cylinder for Snow PlowIntroducing the Quality Manufacturing 3 Ton Hydraulic Cylinder Double Acting Hydraulic Cylinder for Snow Plow: The Quality Manufacturing 3 Ton Hydraulic Cylinder Double Acting Hydraulic Cylinder for Snow Plow is a high-performance product designed for efficient snow plowing. With its durable construction and [&hellip;]<\/p>","protected":false},"featured_media":1547,"comment_status":"closed","ping_status":"closed","template":"","meta":{"_et_pb_use_builder":"","_et_pb_old_content":"","_et_gb_content_width":""},"product_brand":[],"product_cat":[42],"product_tag":[34,44],"class_list":{"0":"post-1546","1":"product","2":"type-product","3":"status-publish","4":"has-post-thumbnail","6":"product_cat-snow-plow-hydraulic-cylinder","7":"product_tag-hydraulic-cylinder","8":"product_tag-snow-plow-hydraulic-cylinder","10":"first","11":"instock","12":"product-type-simple"},"_links":{"self":[{"href":"https:\/\/fmp-components.com\/tr\/wp-json\/wp\/v2\/product\/1546","targetHints":{"allow":["GET"]}}],"collection":[{"href":"https:\/\/fmp-components.com\/tr\/wp-json\/wp\/v2\/product"}],"about":[{"href":"https:\/\/fmp-components.com\/tr\/wp-json\/wp\/v2\/types\/product"}],"replies":[{"embeddable":true,"href":"https:\/\/fmp-components.com\/tr\/wp-json\/wp\/v2\/comments?post=1546"}],"wp:featuredmedia":[{"embeddable":true,"href":"https:\/\/fmp-components.com\/tr\/wp-json\/wp\/v2\/media\/1547"}],"wp:attachment":[{"href":"https:\/\/fmp-components.com\/tr\/wp-json\/wp\/v2\/media?parent=1546"}],"wp:term":[{"taxonomy":"product_brand","embeddable":true,"href":"https:\/\/fmp-components.com\/tr\/wp-json\/wp\/v2\/product_brand?post=1546"},{"taxonomy":"product_cat","embeddable":true,"href":"https:\/\/fmp-components.com\/tr\/wp-json\/wp\/v2\/product_cat?post=1546"},{"taxonomy":"product_tag","embeddable":true,"href":"https:\/\/fmp-components.com\/tr\/wp-json\/wp\/v2\/product_tag?post=1546"}],"curies":[{"name":"wp","href":"https:\/\/api.w.org\/{rel}","templated":true}]}}