{"id":1544,"date":"2024-12-23T05:51:36","date_gmt":"2024-12-23T05:51:36","guid":{"rendered":"https:\/\/fmp-components.com\/product\/high-quality-double-acting-hydraulic-cylinder-hydraulic-ram-cylinder-snow-plow-hydraulic-cylinder\/"},"modified":"2025-03-18T02:08:49","modified_gmt":"2025-03-18T02:08:49","slug":"high-quality-double-acting-hydraulic-cylinder-hydraulic-ram-cylinder-snow-plow-hydraulic-cylinder","status":"publish","type":"product","link":"https:\/\/fmp-components.com\/tr\/product\/high-quality-double-acting-hydraulic-cylinder-hydraulic-ram-cylinder-snow-plow-hydraulic-cylinder\/","title":{"rendered":"Y\u00fcksek Kaliteli \u00c7ift Etkili Hidrolik Silindir Hidrolik Ko\u00e7 Silindiri Kar K\u00fcreme Makinesi Hidrolik Silindiri"},"content":{"rendered":"<p>Y\u00fcksek Kaliteli \u00c7ift Etkili Hidrolik Silindir Hidrolik Ram Silindiri Kar K\u00fcreme Hidrolik Silindiri\u00dcr\u00fcn Tan\u0131t\u0131m\u0131: Y\u00fcksek Kaliteli \u00c7ift Etkili Hidrolik Silindir Hidrolik Ram Silindiri Kar K\u00fcreme Hidrolik Silindiri<\/p>\n<p>Y\u00fcksek Kaliteli \u00c7ift Etkili Hidrolik Silindir Hidrolik Ram Silindiri Kar K\u00fcreme Makinesi Hidrolik Silindiri, a\u011f\u0131r hizmet uygulamalar\u0131 i\u00e7in tasarlanm\u0131\u015f g\u00fcvenilir ve dayan\u0131kl\u0131 bir \u00fcr\u00fcnd\u00fcr. Bu hidrolik silindir, zorlu ortamlarda sa\u011flaml\u0131\u011f\u0131n\u0131 ve dayan\u0131kl\u0131l\u0131\u011f\u0131n\u0131 garanti eden y\u00fcksek kaliteli malzemelerden \u00fcretilmi\u015ftir.<\/p>\n<p>Bu \u00fcr\u00fcn\u00fcn temel \u00f6zelliklerinden biri, her iki y\u00f6nde de verimli \u00e7al\u0131\u015fma sa\u011flayan \u00e7ift etkili tasar\u0131m\u0131d\u0131r. Hidrolik silindir ayr\u0131ca, daha fazla kuvvet ve h\u0131z sa\u011flayan bir hidrolik ko\u00e7 silindiri ile donat\u0131lm\u0131\u015ft\u0131r ve bu da onu kar k\u00fcreme makineleri gibi b\u00fcy\u00fck \u00f6l\u00e7ekli uygulamalarda kullan\u0131m i\u00e7in m\u00fckemmel k\u0131lar.<\/p>\n<p>Ayr\u0131ca, bu hidrolik silindir d\u00fc\u015f\u00fck bak\u0131m gerektirecek \u015fekilde tasarlanm\u0131\u015ft\u0131r, bu da ar\u0131za s\u00fcresini azalt\u0131r ve \u00fcretkenli\u011fi art\u0131r\u0131r. Kolay kurulum tasar\u0131m\u0131, montaj s\u00fcrecinde zamandan ve emekten tasarruf sa\u011flayarak end\u00fcstriyel ve ticari uygulamalar i\u00e7in ideal bir se\u00e7imdir.<\/p>\n<p>Genel olarak, Y\u00fcksek Kaliteli \u00c7ift Etkili Hidrolik Silindir Hidrolik Ko\u00e7 Silindiri Kar K\u00fcr\u00fcme Hidrolik Silindiri, g\u00fcvenilir performans ve dayan\u0131kl\u0131l\u0131k sunan, onu a\u011f\u0131r hizmet uygulamalar\u0131 i\u00e7in olmazsa olmaz bir ara\u00e7 haline getiren \u00fcst d\u00fczey bir \u00fcr\u00fcnd\u00fcr.<\/p>\n<div>\n<h2>\u00dcr\u00fcn \u00d6zellikleri<\/h2>\n<ul>\n<li>Maksimum itme: 3000<\/li>\n<li>Maksimum \u00e7ekme: 20 ton<\/li>\n<li>Delik boyutu: 2-6 in\u00e7<\/li>\n<li>\u00c7ubuk boyutu: 1,125-4 in\u00e7<\/li>\n<li>Darbe boyutu: 4-100 in\u00e7<\/li>\n<li>Pin boyutu: 0,5-2 in\u00e7<\/li>\n<li>Renk: \u015f\u0131k siyah<\/li>\n<li>Ba\u011flant\u0131 noktalar\u0131: G\/SAE\/NPT\/M modelleri mevcuttur<\/li>\n<li>Y\u00fcksek kalite ve g\u00fcvenilirlik i\u00e7in ISO9001:2000 sertifikal\u0131<\/li>\n<\/ul>\n<h2>Uygulama ve Bak\u0131m<\/h2>\n<p>Kar K\u00fcreme Hidrolik Silindiri, makine tamir at\u00f6lyeleri, \u00e7iftlikler, enerji ve madencilik end\u00fcstrileri, makine imalat\u0131 ve makine fabrikalar\u0131 gibi \u00e7e\u015fitli sekt\u00f6rler i\u00e7in idealdir. Bak\u0131m\u0131 kolayd\u0131r ve kapsaml\u0131 bir makine test raporu ve video \u00e7\u0131k\u0131\u015f muayenesiyle birlikte gelir. Silindirin temel bile\u015fenleri bir rulman ve hidrolik silindirin kendisidir.<\/p>\n<p><img decoding=\"async\" src=\"https:\/\/hzpt.com\/wp-content\/uploads\/2023\/11\/Snow-Plow-Hydraulic-Cylinder-4Factory.webp\" alt=\"Ever-Power \u015eanz\u0131man Fabrikas\u0131\" title=\"\"><\/p>\n<\/div>\n<h2>Ayarlanabilir \u00c7atal Tipi Silindirlerin Avantajlar\u0131<\/h2>\n<p>Y\u00fcksek Kaliteli \u00c7ift Etkili Hidrolik Silindir gibi ayarlanabilir \u00e7atal tipi silindirler, say\u0131s\u0131z avantajlar\u0131 nedeniyle \u00e7e\u015fitli end\u00fcstrilerde yayg\u0131n olarak kullan\u0131lmaktad\u0131r. Bu hidrolik ko\u00e7 silindirleri \u00fcst\u00fcn performans ve g\u00fcvenilirlik sunarak, kar k\u00fcreme makinelerinin hidrolik silindirleri gibi uygulamalar i\u00e7in m\u00fckemmel bir se\u00e7imdir. Bu makalede, ayarlanabilir \u00e7atal tipi silindirlerin temel avantajlar\u0131n\u0131 ayr\u0131nt\u0131l\u0131 olarak inceleyece\u011fiz.<\/p>\n<h3>1. Geli\u015fmi\u015f Esneklik<\/h3>\n<p>Ayarlanabilir \u00e7atal tipi silindirlerin en \u00f6nemli avantajlar\u0131ndan biri, \u00e7e\u015fitli uygulamalarda geli\u015fmi\u015f esneklik sa\u011flama kabiliyetleridir. Bu silindirler, \u00e7atal yuvas\u0131n\u0131n hassas bir \u015fekilde ayarlanmas\u0131n\u0131 sa\u011flayarak kullan\u0131c\u0131n\u0131n istenen strok uzunlu\u011funa ve montaj pozisyonuna ula\u015fmas\u0131n\u0131 sa\u011flar. Bu esneklik, optimum performans ve uyarlanabilirlik sa\u011flayarak onlar\u0131 \u00e7ok \u00e7e\u015fitli hidrolik sistemler i\u00e7in uygun hale getirir.<\/p>\n<h3>2. Geli\u015fmi\u015f Verimlilik<\/h3>\n<p>Ayarlanabilir \u00e7atal tipi silindirler, di\u011fer silindir tiplerine k\u0131yasla daha iyi verimlilik sa\u011flamak \u00fczere tasarlanm\u0131\u015ft\u0131r. Ayarlanabilir \u00e7atal tipi ba\u011flant\u0131, silindir ve y\u00fck aras\u0131nda do\u011fru hizalama sa\u011flayarak enerji kay\u0131plar\u0131n\u0131 azalt\u0131r ve g\u00fc\u00e7 aktar\u0131m\u0131n\u0131 en \u00fcst d\u00fczeye \u00e7\u0131kar\u0131r. Bu verimli \u00e7al\u0131\u015fma, enerji t\u00fcketimini azalt\u0131r ve \u00fcretkenli\u011fi art\u0131r\u0131r, bu da onlar\u0131 hidrolik sistemlerde olduk\u00e7a cazip hale getirir.<\/p>\n<h3>3. Optimum Y\u00fck Da\u011f\u0131l\u0131m\u0131<\/h3>\n<p>Ayarlanabilir \u00e7atal tipi silindirlerin bir di\u011fer \u00f6nemli avantaj\u0131, optimum y\u00fck da\u011f\u0131l\u0131m\u0131 sa\u011flama kabiliyetleridir. Bu silindirler, y\u00fck\u00fc montaj noktalar\u0131na e\u015fit olarak da\u011f\u0131tacak, b\u00f6ylece gerilim yo\u011funla\u015fmas\u0131n\u0131 en aza indirecek ve e\u015fit kuvvet da\u011f\u0131l\u0131m\u0131 sa\u011flayacak \u015fekilde tasarlanm\u0131\u015ft\u0131r. Bu \u00f6zellik, silindirin \u00f6mr\u00fcn\u00fc uzatman\u0131n yan\u0131 s\u0131ra genel sistem performans\u0131n\u0131 ve g\u00fcvenli\u011fini de art\u0131r\u0131r.<\/p>\n<h3>4. Kolay Kurulum ve Bak\u0131m<\/h3>\n<p>Ayarlanabilir \u00e7atal tipi silindirler, kolay montaj ve bak\u0131m i\u00e7in tasarlanm\u0131\u015ft\u0131r. \u00c7atal tipi ba\u011flant\u0131, hidrolik sisteme h\u0131zl\u0131 ve sorunsuz bir \u015fekilde ba\u011flanmay\u0131 sa\u011flayarak de\u011ferli zaman ve emekten tasarruf sa\u011flar. Ayr\u0131ca, bu silindirler genellikle kolay eri\u015filebilir gres ba\u011flant\u0131 par\u00e7alar\u0131 ve contalar gibi kullan\u0131c\u0131 dostu \u00f6zelliklerle birlikte gelir ve bu da rutin bak\u0131m g\u00f6revlerini basitle\u015ftirir ve ar\u0131za s\u00fcrelerini azalt\u0131r.<\/p>\n<h3>5. Y\u00fcksek Dayan\u0131kl\u0131l\u0131k<\/h3>\n<p>Ayarlanabilir \u00e7atal tipi silindirler de dahil olmak \u00fczere Y\u00fcksek Kaliteli \u00c7ift Etkili Hidrolik Silindirler, ola\u011fan\u00fcst\u00fc dayan\u0131kl\u0131l\u0131klar\u0131yla bilinir. Bu silindirler, zorlu \u00e7al\u0131\u015fma ko\u015fullar\u0131na ve a\u011f\u0131r y\u00fcklere dayanma kabiliyetlerini garanti eden en kaliteli malzemeler kullan\u0131larak \u00fcretilmi\u015ftir. Do\u011fru bak\u0131mla, bu silindirler g\u00fcvenilir ve uzun \u00f6m\u00fcrl\u00fc performans sa\u011flayabilir, s\u0131k de\u011fi\u015ftirme ihtiyac\u0131n\u0131 en aza indirebilir ve genel maliyetleri d\u00fc\u015f\u00fcrebilir.<\/p>\n<p>Sonu\u00e7 olarak, Y\u00fcksek Kaliteli \u00c7ift Etkili Hidrolik Silindir gibi ayarlanabilir \u00e7atal tipi silindirler, esneklik, verimlilik, y\u00fck da\u011f\u0131l\u0131m\u0131, montaj ve dayan\u0131kl\u0131l\u0131k a\u00e7\u0131s\u0131ndan say\u0131s\u0131z avantaj sunar. Bu silindirler, optimum performans ve g\u00fcvenilirlik sa\u011flama kabiliyetleri sayesinde kar k\u00fcreme makinelerinin hidrolik silindirleri de dahil olmak \u00fczere \u00e7e\u015fitli hidrolik sistemlerde temel bile\u015fenlerdir. Bunlar\u0131 hidrolik kurulumunuza dahil etmek, operasyonlar\u0131n\u0131z\u0131n genel verimlili\u011fini ve \u00fcretkenli\u011fini \u00f6nemli \u00f6l\u00e7\u00fcde art\u0131rabilir.<\/p>\n<h3>FMP Hakk\u0131nda<\/h3>\n<p>FMP, Hidrolik Silindir \u00fcretimi ve sat\u0131\u015f\u0131nda uzmanla\u015fm\u0131\u015f sayg\u0131n bir \u015firkettir. M\u00fc\u015fterilerimize in\u015faat makineleri i\u00e7in y\u00fcksek kaliteli ve g\u00fcvenilir hidrolik silindirler sunmaya kendimizi adad\u0131k. Uzun y\u0131llara dayanan sekt\u00f6r deneyimi ve profesyonel ekibiyle FMP, t\u00fcm hidrolik silindir ihtiya\u00e7lar\u0131n\u0131z i\u00e7in g\u00fcvenilir orta\u011f\u0131n\u0131zd\u0131r.<\/p>\n<p><img decoding=\"async\" src=\"https:\/\/fmp-components.com\/wp-content\/uploads\/2024\/12\/Adjustable-Clevis-Type-Cylinders-6.webp\" alt=\"Ayarlanabilir \u00c7atal Tipi Silindir\" width=\"850\" title=\"\"><\/p>\n<p>Hidrolik silindir ihtiya\u00e7lar\u0131n\u0131z i\u00e7in FMP'yi se\u00e7meniz i\u00e7in 5 neden:<\/p>\n<p>1. Geni\u015f \u00dcr\u00fcn Yelpazesi: FMP, \u00e7e\u015fitli in\u015faat makinelerinin ihtiya\u00e7lar\u0131n\u0131 kar\u015f\u0131layan geni\u015f bir hidrolik silindir yelpazesi sunar. Standart silindirlerden \u00f6zel \u00fcretim \u00e7\u00f6z\u00fcmlere kadar, \u00f6zel ihtiya\u00e7lar\u0131n\u0131z\u0131 kar\u015f\u0131layacak do\u011fru \u00fcr\u00fcne sahibiz.<\/p>\n<p>2. \u00dcst\u00fcn Kalite: Yapt\u0131\u011f\u0131m\u0131z her i\u015fte kaliteye \u00f6ncelik veriyoruz. T\u00fcm hidrolik silindirlerimiz birinci s\u0131n\u0131f malzemeler kullan\u0131larak \u00fcretiliyor ve s\u0131k\u0131 kalite standartlar\u0131na uyuyor. Bu, \u00fcr\u00fcnlerimizin dayan\u0131kl\u0131, g\u00fcvenilir olmas\u0131n\u0131 ve zorlu ko\u015fullarda optimum performans g\u00f6stermesini sa\u011fl\u0131yor.<\/p>\n<p>3. Uzmanl\u0131k ve Deneyim: Kapsaml\u0131 sekt\u00f6r bilgimiz ve deneyimimizle, in\u015faat makineleri sekt\u00f6r\u00fcn\u00fcn benzersiz zorluklar\u0131n\u0131 ve taleplerini anl\u0131yoruz. Uzman ekibimiz, \u00f6zel ihtiya\u00e7lar\u0131n\u0131z\u0131 kar\u015f\u0131lamak i\u00e7in profesyonel rehberlik ve \u00f6zel \u00e7\u00f6z\u00fcmler sunmak \u00fczere donan\u0131ml\u0131d\u0131r.<\/p>\n<p>4. G\u00fc\u00e7l\u00fc Tedarik\u00e7i \u0130li\u015fkileri: FMP, hem yurt i\u00e7inde hem de yurt d\u0131\u015f\u0131nda sayg\u0131n tedarik\u00e7ilerle uzun vadeli ve istikrarl\u0131 ortakl\u0131klar kurmu\u015ftur. Bu sayede, y\u00fcksek kaliteli bile\u015fenler ve malzemeler tedarik ederek hidrolik silindirlerimizin g\u00fcvenilirli\u011fini ve performans\u0131n\u0131 garanti alt\u0131na alabilmekteyiz.<\/p>\n<p>5. Verimli Lojistik ve Zaman\u0131nda Teslimat: Projelerinizin sorunsuz ilerlemesi i\u00e7in zaman\u0131nda teslimat\u0131n \u00f6neminin fark\u0131nday\u0131z. FMP, ihtiya\u00e7 duydu\u011funuz hidrolik silindirleri zaman\u0131nda ve do\u011fru bir \u015fekilde teslim alman\u0131z\u0131, aksama s\u00fcrelerini en aza indirmenizi ve \u00fcretkenli\u011fi en \u00fcst d\u00fczeye \u00e7\u0131karman\u0131z\u0131 sa\u011flayan verimli bir lojistik da\u011f\u0131t\u0131m sistemine sahiptir.<\/p>\n<p>Hidrolik silindir ihtiya\u00e7lar\u0131n\u0131z i\u00e7in FMP'yi se\u00e7in ve kalite, g\u00fcvenilirlik ve m\u00fc\u015fteri memnuniyetindeki fark\u0131 deneyimleyin. Kusursuz bir in\u015faat makinesi deneyimi i\u00e7in bug\u00fcn bizimle i\u015f ortakl\u0131\u011f\u0131 yap\u0131n.<\/p>\n<h2>S\u0131k\u00e7a Sorulan Sorular<\/h2>\n<h3>S: Teslimat s\u00fcreniz ne kadard\u0131r?<\/h3>\n<p>A: Genellikle teslimat s\u00fcremiz 25-35 g\u00fcnd\u00fcr.<\/p>\n<h3>S: Numune sa\u011fl\u0131yor musunuz? \u00dccretsiz mi yoksa ekstra m\u0131?<\/h3>\n<p>C: Evet, numune sa\u011fl\u0131yoruz ancak \u00fccretsiz de\u011fil.<\/p>\n<h3>S: Numunelere g\u00f6re \u00fcretim yapabilir misiniz?<\/h3>\n<p>C: Evet, numuneleriniz veya teknik \u00e7izimleriniz do\u011frultusunda \u00fcretim yapabiliriz. Kal\u0131p ve aparatlar\u0131 da biz \u00fcretebiliriz.<\/p>\n<p><img decoding=\"async\" title=\"Kar K\u00fcreme Hidrolik Silindiri\" src=\"https:\/\/hzpt.com\/wp-content\/uploads\/2023\/11\/Snow-Plow-Hydraulic-Cylinder-3.webp\" alt=\"Kar K\u00fcreme Hidrolik Silindiri\" \/><\/p>\n<p>Yazar: CX<\/p>","protected":false},"excerpt":{"rendered":"<p>High Quality Double Acting Hydraulic Cylinder Hydraulic Ram Cylinder Snow Plow Hydraulic CylinderProduct Introduction: High Quality Double Acting Hydraulic Cylinder Hydraulic Ram Cylinder Snow Plow Hydraulic Cylinder High Quality Double Acting Hydraulic Cylinder Hydraulic Ram Cylinder Snow Plow Hydraulic Cylinder is a reliable and durable product designed for heavy-duty applications. This hydraulic cylinder is made [&hellip;]<\/p>","protected":false},"featured_media":1545,"comment_status":"closed","ping_status":"closed","template":"","meta":{"_et_pb_use_builder":"","_et_pb_old_content":"","_et_gb_content_width":""},"product_brand":[],"product_cat":[42],"product_tag":[34,44],"class_list":{"0":"post-1544","1":"product","2":"type-product","3":"status-publish","4":"has-post-thumbnail","6":"product_cat-snow-plow-hydraulic-cylinder","7":"product_tag-hydraulic-cylinder","8":"product_tag-snow-plow-hydraulic-cylinder","10":"first","11":"instock","12":"product-type-simple"},"_links":{"self":[{"href":"https:\/\/fmp-components.com\/tr\/wp-json\/wp\/v2\/product\/1544","targetHints":{"allow":["GET"]}}],"collection":[{"href":"https:\/\/fmp-components.com\/tr\/wp-json\/wp\/v2\/product"}],"about":[{"href":"https:\/\/fmp-components.com\/tr\/wp-json\/wp\/v2\/types\/product"}],"replies":[{"embeddable":true,"href":"https:\/\/fmp-components.com\/tr\/wp-json\/wp\/v2\/comments?post=1544"}],"wp:featuredmedia":[{"embeddable":true,"href":"https:\/\/fmp-components.com\/tr\/wp-json\/wp\/v2\/media\/1545"}],"wp:attachment":[{"href":"https:\/\/fmp-components.com\/tr\/wp-json\/wp\/v2\/media?parent=1544"}],"wp:term":[{"taxonomy":"product_brand","embeddable":true,"href":"https:\/\/fmp-components.com\/tr\/wp-json\/wp\/v2\/product_brand?post=1544"},{"taxonomy":"product_cat","embeddable":true,"href":"https:\/\/fmp-components.com\/tr\/wp-json\/wp\/v2\/product_cat?post=1544"},{"taxonomy":"product_tag","embeddable":true,"href":"https:\/\/fmp-components.com\/tr\/wp-json\/wp\/v2\/product_tag?post=1544"}],"curies":[{"name":"wp","href":"https:\/\/api.w.org\/{rel}","templated":true}]}}