{"id":1540,"date":"2024-12-23T05:51:36","date_gmt":"2024-12-23T05:51:36","guid":{"rendered":"https:\/\/fmp-components.com\/product\/premium-quality-double-acting-mini-hydraulic-cylinder-for-snow-plow\/"},"modified":"2025-05-10T13:04:30","modified_gmt":"2025-05-10T13:04:30","slug":"premium-quality-double-acting-mini-hydraulic-cylinder-for-snow-plow","status":"publish","type":"product","link":"https:\/\/fmp-components.com\/tr\/product\/premium-quality-double-acting-mini-hydraulic-cylinder-for-snow-plow\/","title":{"rendered":"Kar K\u00fcreme Makinas\u0131 i\u00e7in Premium Kalite \u00c7ift Etkili Mini Hidrolik Silindir"},"content":{"rendered":"<p>&nbsp;<\/p>\n<p><img decoding=\"async\" class=\"aligncenter\" title=\"Kar K\u00fcreme Hidrolik Silindiri\" src=\"https:\/\/hzpt.com\/wp-content\/uploads\/2023\/11\/Snow-Plow-Hydraulic-Cylinder-3.webp\" alt=\"Kar K\u00fcreme Hidrolik Silindiri\" \/><\/p>\n<p>Kar K\u00fcreme Makinas\u0131 Mini Hidrolik Silindiri, kolay kurulum ve bak\u0131m i\u00e7in tasarlanm\u0131\u015ft\u0131r. Kullan\u0131c\u0131 dostu tasar\u0131m\u0131, h\u0131zl\u0131 kurulum ve sorunsuz kullan\u0131m sa\u011flar. Uygun bak\u0131m ve d\u00fczenli bak\u0131mla, bu silindir her mevsim m\u00fckemmel performans sunmaya devam edecektir.<\/p>\n<p>Kar K\u00fcreme Makinesi i\u00e7in Premium Kalite \u00c7ift Etkili Mini Hidrolik Silindir'e yat\u0131r\u0131m yapmak, g\u00fcvenilir ve verimli bir kar temizleme \u00e7\u00f6z\u00fcm\u00fcne yat\u0131r\u0131m yapmak anlam\u0131na gelir. \u0130ster profesyonel bir kar temizleme hizmeti sa\u011flay\u0131c\u0131s\u0131 olun, ister evinizin \u00f6n\u00fcn\u00fc temizleyen bir ev sahibi olun, bu hidrolik silindir ihtiya\u00e7lar\u0131n\u0131z\u0131 kar\u015f\u0131layacak ve beklentilerinizi a\u015facakt\u0131r. Karla ilgili engellere veda edin ve daha sorunsuz ve verimli bir kar k\u00fcreme deneyimine merhaba deyin.<\/p>\n<h1>Kar K\u00fcreme Makinas\u0131 i\u00e7in Premium Kalite \u00c7ift Etkili Mini Hidrolik Silindir<\/h1>\n<p>Verimlilik ve dayan\u0131kl\u0131l\u0131k i\u00e7in tasarlanm\u0131\u015f \u00fcst\u00fcn kaliteli bir \u00fcr\u00fcnle tan\u0131\u015f\u0131n. Kar K\u00fcreme Makinesi i\u00e7in Premium Kalite \u00c7ift Etkili Mini Hidrolik Silindir, size ola\u011fan\u00fcst\u00fc performans ve g\u00fcvenilirlik sunmay\u0131 garanti eden yeni bir \u00fcr\u00fcnd\u00fcr. Bu \u00fcr\u00fcn, en y\u00fcksek kalite ve i\u015flevsellik standartlar\u0131n\u0131 kar\u015f\u0131layacak \u015fekilde uzmanca tasarlanm\u0131\u015f ve \u00fcretilmi\u015ftir.<\/p>\n<h2>\u00dcr\u00fcn Genel Bak\u0131\u015f\u0131<\/h2>\n<p>\u00c7ift Etkili Mini Hidrolik Silindirimiz, hidrolik kuvvetle \u00e7al\u0131\u015fan standart bir piston silindiridir. Dayan\u0131kl\u0131 \u00e7elikten \u00fcretilmi\u015f olmas\u0131, en zorlu ko\u015fullara dayanabilmesini sa\u011flar. Maksimum 3000 itme g\u00fcc\u00fc ve 20 ton \u00e7ekme g\u00fcc\u00fcyle bu silindir, a\u011f\u0131r hizmet uygulamalar\u0131n\u0131n \u00fcstesinden gelebilecek kadar g\u00fc\u00e7l\u00fcd\u00fcr. Silindir, ISO9001:2000 sertifikal\u0131d\u0131r ve size en \u00fcst d\u00fczey kalitesini garanti eder.<\/p>\n<h3>\u00dcr\u00fcn \u00d6zellikleri<\/h3>\n<ul>\n<li>Delik Boyutu: 2-6 in\u00e7<\/li>\n<li>\u00c7ubuk Boyutu: 1,125-4 in\u00e7<\/li>\n<li>Vuru\u015f Boyutu: 4-100 in\u00e7<\/li>\n<li>Pin Boyutu: 0,5-2 in\u00e7<\/li>\n<li>Limanlar: G\/SAE\/NPT\/M<\/li>\n<\/ul>\n<p><img decoding=\"async\" src=\"https:\/\/hzpt.com\/wp-content\/uploads\/2023\/11\/Snow-Plow-Hydraulic-Cylinder-4Factory.webp\" alt=\"Fabrikam\u0131z\" title=\"\"><\/p>\n<h2>Ayarlanabilir \u00c7atal Tipi Silindirlerin Avantajlar\u0131<\/h2>\n<p>Ayarlanabilir \u00e7atal tipi silindirler, \u00f6rne\u011fin <em>Kar K\u00fcreme Makinas\u0131 i\u00e7in Premium Kalite \u00c7ift Etkili Mini Hidrolik Silindir<\/em>\u00c7e\u015fitli avantajlar sunar ve \u00e7e\u015fitli end\u00fcstrilerde yayg\u0131n olarak kullan\u0131l\u0131r. Bu yaz\u0131da, bu silindirlerin avantajlar\u0131n\u0131 ayr\u0131nt\u0131l\u0131 olarak inceleyece\u011fiz.<\/p>\n<h3>1. Geli\u015fmi\u015f Esneklik ve Uyum Kabiliyeti<\/h3>\n<p>Ayarlanabilir \u00e7atal tipi silindirlerin temel avantajlar\u0131ndan biri, farkl\u0131 uygulamalarda geli\u015fmi\u015f esneklik ve uyarlanabilirlik sa\u011flama kabiliyetleridir. Bu silindirler, kolay ayarlama ve hassas konumland\u0131rma sa\u011flayan ayarlanabilir bir \u00e7atal tipi montaja sahiptir. Bu esneklik, silindirin \u00e7e\u015fitli sistemlere kolayca entegre edilebilmesini sa\u011flayarak onu farkl\u0131 hidrolik uygulamalar i\u00e7in \u00e7ok y\u00f6nl\u00fc bir se\u00e7enek haline getirir.<\/p>\n<h3>2. Optimum Performans ve Verimlilik<\/h3>\n<p>Geli\u015fmi\u015f tasar\u0131m ve yap\u0131lar\u0131 sayesinde ayarlanabilir \u00e7atal tipi silindirler, optimum performans ve verimlilik sunar. Bu silindirler, zorlu ko\u015fullarda g\u00fcvenilir \u00e7al\u0131\u015fma sa\u011flayarak ak\u0131c\u0131 ve hassas hareketler sa\u011flayacak \u015fekilde tasarlanm\u0131\u015ft\u0131r. Y\u00fcksek kaliteli malzemelerin ve hassas \u00fcretim tekniklerinin kullan\u0131m\u0131, tutarl\u0131 performans sunan, duru\u015f s\u00fcrelerini azaltan ve \u00fcretkenli\u011fi en \u00fcst d\u00fczeye \u00e7\u0131karan bir silindir ortaya \u00e7\u0131kar\u0131r.<\/p>\n<h3>3. Artt\u0131r\u0131lm\u0131\u015f Dayan\u0131kl\u0131l\u0131k ve Uzun \u00d6m\u00fcr<\/h3>\n<p>Ayarlanabilir \u00e7atal tipi silindirlerin bir di\u011fer \u00f6nemli avantaj\u0131, art\u0131r\u0131lm\u0131\u015f dayan\u0131kl\u0131l\u0131klar\u0131 ve uzun \u00f6m\u00fcrleridir. Bu silindirler, a\u011f\u0131r y\u00fcklere, zorlu ortamlara ve s\u0131k kullan\u0131ma dayanacak \u015fekilde \u00fcretilmi\u015ftir. Yap\u0131lar\u0131nda kullan\u0131lan birinci s\u0131n\u0131f malzemeler ve geli\u015fmi\u015f s\u0131zd\u0131rmazl\u0131k teknolojileri, a\u015f\u0131nma, korozyon ve s\u0131z\u0131nt\u0131ya kar\u015f\u0131 m\u00fckemmel diren\u00e7 sa\u011flar. Bu dayan\u0131kl\u0131l\u0131k, daha uzun hizmet \u00f6mr\u00fc ve daha d\u00fc\u015f\u00fck bak\u0131m maliyetleri anlam\u0131na gelir.<\/p>\n<h3>4. Geli\u015fmi\u015f G\u00fcvenlik \u00d6zellikleri<\/h3>\n<p>Ayarlanabilir \u00e7atal tipi silindirler genellikle geli\u015fmi\u015f g\u00fcvenlik \u00f6zellikleriyle donat\u0131lm\u0131\u015ft\u0131r ve bu da onlar\u0131 kritik uygulamalar i\u00e7in g\u00fcvenilir bir se\u00e7enek haline getirir. Bu g\u00fcvenlik \u00f6zellikleri aras\u0131nda a\u015f\u0131r\u0131 bas\u0131n\u00e7 korumas\u0131, y\u00fck tutma valfleri ve acil durdurma fonksiyonlar\u0131 yer alabilir. Bu t\u00fcr g\u00fcvenlik \u00f6nlemleri yaln\u0131zca silindiri korumakla kalmaz, ayn\u0131 zamanda \u00e7evredeki personel ve ekipman\u0131n g\u00fcvenli\u011fini de sa\u011flar.<\/p>\n<h3>5. Kolay Kurulum ve Bak\u0131m<\/h3>\n<p>Kullan\u0131c\u0131 dostu tasar\u0131mlar\u0131 sayesinde ayarlanabilir \u00e7atal tipi silindirler kolay kurulum ve bak\u0131m imkan\u0131 sunar. Ayarlanabilir \u00e7atal tipi montaj sistemi, h\u0131zl\u0131 ve sorunsuz kurulum sa\u011flayarak zamandan ve emekten tasarruf sa\u011flar. Ayr\u0131ca, bu silindirler genellikle bak\u0131m ve muayene i\u00e7in kullan\u0131\u015fl\u0131 eri\u015fim noktalar\u0131na sahiptir, bu da d\u00fczenli bak\u0131m yap\u0131lmas\u0131n\u0131 kolayla\u015ft\u0131r\u0131r ve ar\u0131za s\u00fcresini en aza indirir.<\/p>\n<p>Kar K\u00fcreme Makinesi i\u00e7in Premium Kalite \u00c7ift Etkili Mini Hidrolik Silindir \u00f6rne\u011finde g\u00f6r\u00fcld\u00fc\u011f\u00fc gibi ayarlanabilir \u00e7atal tipi silindirler, esneklik, performans, dayan\u0131kl\u0131l\u0131k, g\u00fcvenlik ve kullan\u0131m kolayl\u0131\u011f\u0131 a\u00e7\u0131s\u0131ndan say\u0131s\u0131z avantaj sa\u011flar. Bu silindirler, geli\u015fmi\u015f i\u015flevsellik ve verimlilik sunarak \u00e7ok \u00e7e\u015fitli hidrolik uygulamalar i\u00e7in g\u00fcvenilir bir se\u00e7imdir.<\/p>\n<h3>FMP \u2013 Hidrolik Silindir Hakk\u0131nda<\/h3>\n<p>G\u00fcvenilir ve y\u00fcksek kaliteli hidrolik silindirler ar\u0131yorsan\u0131z, do\u011fru yerdesiniz. FMP, in\u015faat makinesi par\u00e7alar\u0131 ve komple makinelerin sat\u0131\u015f ve servisinde uzmanla\u015fm\u0131\u015f sayg\u0131n bir \u015firkettir. Sekt\u00f6rdeki uzun y\u0131llara dayanan deneyimimiz ve profesyonel ekibimizle, m\u00fc\u015fterilerimize \u00f6zel ihtiya\u00e7lar\u0131n\u0131 kar\u015f\u0131layacak \u015fekilde tasarlanm\u0131\u015f \u00fcst d\u00fczey hidrolik silindirler sunuyoruz.<\/p>\n<p>Hidrolik silindir ihtiya\u00e7lar\u0131n\u0131z i\u00e7in FMP'yi se\u00e7meniz i\u00e7in be\u015f neden:<\/p>\n<p>1. Geni\u015f \u00dcr\u00fcn Yelpazesi: FMP olarak, ayarlanabilir \u00e7atal tipi silindirler, kaynakl\u0131 \u00e7atal tipi silindirler ve daha fazlas\u0131 dahil olmak \u00fczere geni\u015f bir hidrolik silindir yelpazesi sunuyoruz. \u00dcr\u00fcnlerimiz, tar\u0131m makineleri, end\u00fcstriyel makineler ve daha fazlas\u0131 dahil olmak \u00fczere \u00e7e\u015fitli in\u015faat makineleri i\u00e7in uygundur.<\/p>\n<p>2. En Kaliteli Malzemeler: \u00dcr\u00fcnlerimizde yaln\u0131zca en kaliteli malzemeleri kullan\u0131yor ve s\u0131k\u0131 kalite standartlar\u0131n\u0131 kar\u015f\u0131lad\u0131klar\u0131ndan emin oluyoruz. Hidrolik silindirlerimiz, dayan\u0131kl\u0131l\u0131k ve uzun \u00f6m\u00fcrl\u00fc performans sa\u011flayan y\u00fcksek kaliteli \u00e7elikten \u00fcretilmi\u015ftir.<\/p>\n<p>3. Profesyonel Dan\u0131\u015fmanl\u0131k: Deneyimli sat\u0131\u015f ekibimiz, profesyonel dan\u0131\u015fmanl\u0131k ve tavsiyelerde bulunmak i\u00e7in her zaman haz\u0131rd\u0131r. \u0130n\u015faat makineleri sekt\u00f6r\u00fcndeki geli\u015fme trendlerini ve m\u00fc\u015fteri ihtiya\u00e7lar\u0131n\u0131 anl\u0131yor ve ihtiya\u00e7lar\u0131n\u0131za uygun do\u011fru hidrolik silindiri se\u00e7menize yard\u0131mc\u0131 olabiliriz.<\/p>\n<p>4. Verimli Lojistik Da\u011f\u0131t\u0131m Sistemi: M\u00fc\u015fterilerimizin ihtiya\u00e7 duyduklar\u0131 par\u00e7alar\u0131 zaman\u0131nda ve do\u011fru bir \u015fekilde almas\u0131n\u0131 sa\u011flayan verimli bir lojistik da\u011f\u0131t\u0131m sistemimiz var. Bu, hidrolik silindirinizi ihtiya\u00e7 duydu\u011funuz anda teslim edece\u011fimize g\u00fcvenebilece\u011finiz anlam\u0131na gelir.<\/p>\n<p>5. Rekabet\u00e7i Fiyatlar: FMP olarak, \u00fcr\u00fcnlerimizi kaliteden \u00f6d\u00fcn vermeden rekabet\u00e7i fiyatlarla sunuyoruz. Herkesin uygun fiyata en kaliteli hidrolik silindirlere eri\u015febilmesi gerekti\u011fine inan\u0131yoruz.<\/p>\n<p>G\u00fcvenilir ve profesyonel bir hidrolik silindir tedarik\u00e7isi ar\u0131yorsan\u0131z, FMP'den ba\u015fkas\u0131na bakmay\u0131n. \u00dcr\u00fcn ve hizmetlerimiz hakk\u0131nda daha fazla bilgi edinmek i\u00e7in bug\u00fcn bizimle ileti\u015fime ge\u00e7in.<\/p>\n<p><img decoding=\"async\" class=\"aligncenter\" src=\"https:\/\/fmp-components.com\/wp-content\/uploads\/2024\/12\/Adjustable-Clevis-Type-Cylinders-6.webp\" alt=\"Ayarlanabilir \u00c7atal Tipi Silindir\" width=\"848\" title=\"\"><\/p>\n<h2>SSS<\/h2>\n<ol>\n<li><b>S: Hidrolik silindirlerinizin \u00fcretim s\u00fcreci nedir?<\/b><br \/>\nA: Silindirlerimiz, kalite ve g\u00fcvenilirli\u011fi garanti alt\u0131na alan s\u0131k\u0131 ISO9001:2000 standartlar\u0131na uygun olarak \u00fcretilmektedir.<\/li>\n<li><b>S: Sat\u0131\u015f sonras\u0131 servis hizmeti veriyor musunuz?<\/b><br \/>\nC: Evet, temel bile\u015fenlerde 1 y\u0131ll\u0131k garanti de dahil olmak \u00fczere m\u00fckemmel sat\u0131\u015f sonras\u0131 hizmetler sunuyoruz.<\/li>\n<li><b>S: Hidrolik silindiri \u00f6zel gereksinimlere g\u00f6re \u00f6zelle\u015ftirebilir misiniz?<\/b><br \/>\nC: Evet, numunelerinize veya teknik \u00e7izimlerinize g\u00f6re \u00fcr\u00fcn\u00fc \u00f6zelle\u015ftirebiliriz.<\/li>\n<\/ol>\n<p>Yazar: CX<\/p>","protected":false},"excerpt":{"rendered":"<p>&nbsp; The Mini Hydraulic Cylinder for Snow Plow is engineered for easy installation and maintenance. Its user-friendly design allows for quick setup and hassle-free operation. With proper care and regular maintenance, this cylinder will continue to deliver excellent performance season after season. Investing in the Premium Quality Double Acting Mini Hydraulic Cylinder for Snow Plow [&hellip;]<\/p>","protected":false},"featured_media":1541,"comment_status":"closed","ping_status":"closed","template":"","meta":{"_et_pb_use_builder":"","_et_pb_old_content":"","_et_gb_content_width":""},"product_brand":[],"product_cat":[42],"product_tag":[34,44],"class_list":{"0":"post-1540","1":"product","2":"type-product","3":"status-publish","4":"has-post-thumbnail","6":"product_cat-snow-plow-hydraulic-cylinder","7":"product_tag-hydraulic-cylinder","8":"product_tag-snow-plow-hydraulic-cylinder","10":"first","11":"instock","12":"product-type-simple"},"_links":{"self":[{"href":"https:\/\/fmp-components.com\/tr\/wp-json\/wp\/v2\/product\/1540","targetHints":{"allow":["GET"]}}],"collection":[{"href":"https:\/\/fmp-components.com\/tr\/wp-json\/wp\/v2\/product"}],"about":[{"href":"https:\/\/fmp-components.com\/tr\/wp-json\/wp\/v2\/types\/product"}],"replies":[{"embeddable":true,"href":"https:\/\/fmp-components.com\/tr\/wp-json\/wp\/v2\/comments?post=1540"}],"wp:featuredmedia":[{"embeddable":true,"href":"https:\/\/fmp-components.com\/tr\/wp-json\/wp\/v2\/media\/1541"}],"wp:attachment":[{"href":"https:\/\/fmp-components.com\/tr\/wp-json\/wp\/v2\/media?parent=1540"}],"wp:term":[{"taxonomy":"product_brand","embeddable":true,"href":"https:\/\/fmp-components.com\/tr\/wp-json\/wp\/v2\/product_brand?post=1540"},{"taxonomy":"product_cat","embeddable":true,"href":"https:\/\/fmp-components.com\/tr\/wp-json\/wp\/v2\/product_cat?post=1540"},{"taxonomy":"product_tag","embeddable":true,"href":"https:\/\/fmp-components.com\/tr\/wp-json\/wp\/v2\/product_tag?post=1540"}],"curies":[{"name":"wp","href":"https:\/\/api.w.org\/{rel}","templated":true}]}}