{"id":1538,"date":"2024-12-23T05:51:36","date_gmt":"2024-12-23T05:51:36","guid":{"rendered":"https:\/\/fmp-components.com\/product\/factory-price-double-acting-agricultural-machinery-hydraulic-cylinder-snow-plow-hydraulic-cylinder\/"},"modified":"2024-12-23T06:08:03","modified_gmt":"2024-12-23T06:08:03","slug":"factory-price-double-acting-agricultural-machinery-hydraulic-cylinder-snow-plow-hydraulic-cylinder","status":"publish","type":"product","link":"https:\/\/fmp-components.com\/tr\/product\/factory-price-double-acting-agricultural-machinery-hydraulic-cylinder-snow-plow-hydraulic-cylinder\/","title":{"rendered":"Fabrika Fiyat\u0131 \u00c7ift Etkili Tar\u0131m Makineleri Hidrolik Silindir Kar K\u00fcreme Makinesi Hidrolik Silindir"},"content":{"rendered":"<h2>Fabrika Fiyat\u0131 \u00c7ift Etkili Tar\u0131m Makineleri Hidrolik Silindir Kar K\u00fcreme Makinesi Hidrolik Silindir<\/h2>\n<p>Fabrika Fiyat\u0131 \u00c7ift Etkili Tar\u0131m Makineleri Hidrolik Silindirli Kar K\u00fcreme Makinesi Hidrolik Silindiri, tar\u0131m makineleri ve kar k\u00fcreme makineleri i\u00e7in \u00f6zel olarak tasarlanm\u0131\u015f y\u00fcksek kaliteli bir \u00fcr\u00fcnd\u00fcr. Zorlu \u00e7al\u0131\u015fma ko\u015fullar\u0131na dayanacak \u015fekilde hassasiyet ve dayan\u0131kl\u0131l\u0131k d\u00fc\u015f\u00fcn\u00fclerek \u00fcretilmi\u015ftir.<\/p>\n<p>Bu hidrolik silindir \u00e7ift etkili olup, e\u015fit kuvvetle itme ve \u00e7ekme yapabilir ve bu da onu \u00e7e\u015fitli uygulamalar i\u00e7in olduk\u00e7a verimli k\u0131lar. \u0130ster a\u011f\u0131r y\u00fckleri kald\u0131rmak ister engelleri a\u015fmak olsun, bu silindir optimum performans sunar.<\/p>\n<p>Sa\u011flam yap\u0131s\u0131 ve g\u00fcvenilir i\u015flevselli\u011fiyle, Fabrika Fiyat\u0131 \u00c7ift Etkili Tar\u0131m Makineleri Hidrolik Silindirli Kar K\u00fcreme Makinesi Hidrolik Silindiri, sorunsuz ve g\u00fc\u00e7l\u00fc bir \u00e7al\u0131\u015fma sa\u011flar. A\u011f\u0131r y\u00fckleri kald\u0131racak \u015fekilde tasarlanm\u0131\u015f olup, tar\u0131m ve kar temizleme i\u015fleri i\u00e7in gereken g\u00fc\u00e7 ve dengeyi sa\u011flar.<\/p>\n<p>Bu hidrolik silindir, kolay kurulum ve bak\u0131m i\u00e7in tasarlanm\u0131\u015ft\u0131r. Kullan\u0131c\u0131 dostu \u00f6zellikleri, rahat kullan\u0131m sa\u011flar ve ar\u0131za s\u00fcrelerini azaltarak \u00fcretkenli\u011fi en \u00fcst d\u00fczeye \u00e7\u0131kar\u0131r. Ayr\u0131ca, uzun kullan\u0131m \u00f6mr\u00fc, tar\u0131m ve kar k\u00fcreme ekipmanlar\u0131 i\u00e7in uygun maliyetli bir \u00e7\u00f6z\u00fcm sunar.<\/p>\n<p>Sonu\u00e7 olarak, Fabrika Fiyatl\u0131 \u00c7ift Etkili Tar\u0131m Makineleri Hidrolik Silindirli Kar K\u00fcreme Makinesi Hidrolik Silindiri, verimli ve g\u00fcvenilir performans garanti eden birinci s\u0131n\u0131f bir \u00fcr\u00fcnd\u00fcr. \u00dcst\u00fcn tasar\u0131m\u0131 ve sa\u011flam yap\u0131s\u0131, onu tar\u0131m makineleri ve kar k\u00fcreme uygulamalar\u0131 i\u00e7in ideal bir se\u00e7im haline getirir. Fabrika Fiyatl\u0131 \u00c7ift Etkili Tar\u0131m Makineleri Hidrolik Silindirli Kar K\u00fcreme Makinesi Hidrolik Silindirimizin g\u00fcc\u00fcn\u00fc ve verimlili\u011fini ke\u015ffedin. \u00c7e\u015fitli end\u00fcstriler i\u00e7in ideal olan bu silindir, zorlu ko\u015fullarda \u00fcst\u00fcn performans sunmak \u00fczere tasarlanm\u0131\u015ft\u0131r. Hidrolik silindir sadece bir \u00fcr\u00fcn de\u011fil, ayn\u0131 zamanda makinenizin performans\u0131nda \u00f6nemli bir fark yaratabilecek \u00f6nemli bir bile\u015fendir.<\/p>\n<h2>\u00dcr\u00fcn \u00d6zellikleri<\/h2>\n<p>Kar K\u00fcreme Hidrolik Silindiri, zorlu kullan\u0131m ko\u015fullar\u0131na dayan\u0131kl\u0131 ve sa\u011flam olacak \u015fekilde tasarlanm\u0131\u015ft\u0131r. Sadece 5,9 kg a\u011f\u0131rl\u0131\u011f\u0131yla hafif ancak g\u00fc\u00e7l\u00fcd\u00fcr ve maksimum 3000 itme kuvvetine sahiptir. Silindir standartt\u0131r ve hidrolikle \u00e7al\u0131\u015fan bir piston yap\u0131s\u0131na sahiptir. G\u00f6vde malzemesi \u00e7eliktir, bu da onu dayan\u0131kl\u0131 ve uzun \u00f6m\u00fcrl\u00fc k\u0131lar. 2-6 in\u00e7 aras\u0131nda de\u011fi\u015fen bir delik \u00e7ap\u0131na, 1,125-4 in\u00e7 aras\u0131nda de\u011fi\u015fen bir \u00e7ubuk boyutuna ve 4-100 in\u00e7 aras\u0131nda de\u011fi\u015fen bir strok boyutuna sahiptir. 0,5-2 in\u00e7 aras\u0131nda de\u011fi\u015fen pim boyutu, \u00e7ok \u00e7e\u015fitli makinelere uyum sa\u011flamas\u0131n\u0131 garanti eder. Silindir ISO9001:2000 sertifikal\u0131d\u0131r, b\u00f6ylece kalitesine ve g\u00fcvenilirli\u011fine g\u00fcvenebilirsiniz.<\/p>\n<h2>Uygulama ve Bak\u0131m<\/h2>\n<p>Kar K\u00fcreme Hidrolik Silindirimiz, makine tamir at\u00f6lyeleri, \u00e7iftlikler, enerji ve madencilik, makine imalat\u0131 ve fabrikalar dahil olmak \u00fczere \u00e7e\u015fitli sekt\u00f6rler i\u00e7in uygundur. D\u00fczenli bak\u0131m ve muayene, hidrolik silindirin \u00f6mr\u00fcn\u00fc uzatmaya yard\u0131mc\u0131 olabilir. Olas\u0131 hasar veya ar\u0131zalar\u0131 \u00f6nlemek i\u00e7in silindiri her zaman belirtilen y\u00fck kapasitesi dahilinde kulland\u0131\u011f\u0131n\u0131zdan emin olun.<\/p>\n<p><img decoding=\"async\" src=\"https:\/\/hzpt.com\/wp-content\/uploads\/2023\/11\/Snow-Plow-Hydraulic-Cylinder-4Factory.webp\" alt=\"Kar K\u00fcreme Hidrolik Silindir Fabrikas\u0131\" title=\"\"><\/p>\n<h2>Ayarlanabilir \u00c7atal Tipi Silindirlerin Avantajlar\u0131<\/h2>\n<p>Ayarlanabilir \u00e7atal tipi silindirler, \u00e7e\u015fitli uygulamalarda bir\u00e7ok avantaj sunar. Bu silindirler, \u00e7al\u0131\u015fmalar\u0131nda esneklik ve hassasiyet sa\u011flamak \u00fczere \u00f6zel olarak tasarlanm\u0131\u015ft\u0131r ve bu da onlar\u0131 \u00e7e\u015fitli end\u00fcstriler i\u00e7in son derece uygun hale getirir. Bu makalede, ayarlanabilir \u00e7atal tipi silindirlerin kullan\u0131m\u0131n\u0131n temel avantajlar\u0131n\u0131 ve hidrolik sistemlerin performans\u0131n\u0131 nas\u0131l art\u0131rabileceklerini inceleyece\u011fiz.<\/p>\n<p>1. Geli\u015fmi\u015f Ayarlanabilirlik: Ayarlanabilir \u00e7atal tipi silindirler, \u00fcst\u00fcn ayarlanabilirlikleriyle bilinir. \u00c7atal tipi montaj, silindir uzunlu\u011funun kolayca ayarlanmas\u0131n\u0131 sa\u011flayarak, strok uzunlu\u011fu \u00fczerinde hassas kontrol gerektiren uygulamalar i\u00e7in idealdir. Bu \u00f6zellik, operat\u00f6rlerin silindir performans\u0131n\u0131 belirli gereksinimleri kar\u015f\u0131layacak \u015fekilde hassas bir \u015fekilde ayarlayarak optimum verimlilik ve i\u015flevsellik sa\u011flamalar\u0131na olanak tan\u0131r.<\/p>\n<p>2. Art\u0131r\u0131lm\u0131\u015f Y\u00fck Kapasitesi: Bu silindirler, a\u011f\u0131r y\u00fcklere dayanacak ve m\u00fckemmel y\u00fck ta\u015f\u0131ma kapasitesi sa\u011flayacak \u015fekilde tasarlanm\u0131\u015ft\u0131r. Y\u00fcksek kaliteli malzemeler ve geli\u015fmi\u015f \u00fcretim teknikleri, dayan\u0131kl\u0131l\u0131klar\u0131n\u0131 ve g\u00fcvenilirliklerini garanti eder. \u0130ster tar\u0131m makinelerinde ister kar k\u00fcreme sistemlerinde kullan\u0131ls\u0131n, ayarlanabilir \u00e7atal tipi silindirler, performanstan \u00f6d\u00fcn vermeden \u00f6nemli y\u00fckleri kald\u0131rabilir.<\/p>\n<p>3. \u00c7ift Etkili \u0130\u015flevsellik: Ayarlanabilir \u00e7atal tipi silindirlerin \u00e7ift etkili \u00f6zelli\u011fi, hem uzatma hem de geri \u00e7ekme kuvvetleri sa\u011flayarak \u00e7ift y\u00f6nl\u00fc \u00e7al\u0131\u015fmaya olanak tan\u0131r. Bu \u00e7ok y\u00f6nl\u00fcl\u00fck, her iki y\u00f6nde de hassas kontrol ve tutarl\u0131 kuvvet gerektiren uygulamalarda \u00f6zellikle faydal\u0131d\u0131r. \u00d6rne\u011fin, tar\u0131m makinelerinde bu silindirler \u00e7e\u015fitli hidrolik bile\u015fenlerin sorunsuz ve verimli bir \u015fekilde hareket etmesini sa\u011flayabilir.<\/p>\n<p>4. Fabrika Fiyat Avantaj\u0131: Ayarlanabilir \u00e7atal tipi silindirler, rekabet\u00e7i fabrika fiyatlar\u0131yla mevcuttur ve bu da onlar\u0131 i\u015fletmeler i\u00e7in uygun maliyetli bir se\u00e7enek haline getirir. Bu silindirlerin uygun fiyatl\u0131 olmas\u0131, kalitelerinden veya performanslar\u0131ndan \u00f6d\u00fcn vermez. \u015eirketler, bu silindirleri tercih ederek b\u00fct\u00e7elerini a\u015fmadan y\u00fcksek performansl\u0131 hidrolik sistemlere sahip olabilirler.<\/p>\n<p>5. Zorlu Ortamlarda G\u00fcvenilir: Ayarlanabilir \u00e7atal tipi silindirler, zorlu \u00e7al\u0131\u015fma ko\u015fullar\u0131na dayanacak \u015fekilde \u00fcretilmi\u015ftir. Korozyona, a\u015f\u0131r\u0131 s\u0131cakl\u0131klara ve performanslar\u0131n\u0131 etkileyebilecek di\u011fer \u00e7evresel fakt\u00f6rlere dayan\u0131kl\u0131d\u0131rlar. Bu sayede, zorlu ortamlara maruz kalman\u0131n yayg\u0131n oldu\u011fu tar\u0131m, in\u015faat ve ula\u015f\u0131m gibi \u00e7e\u015fitli sekt\u00f6rlerde kullan\u0131ma uygundurlar.<\/p>\n<p>Sonu\u00e7 olarak, ayarlanabilir \u00e7atal tipi silindirlerin kullan\u0131m\u0131 hidrolik sistemlerde say\u0131s\u0131z avantaj sunar. Geli\u015fmi\u015f ayarlanabilirlikleri, art\u0131r\u0131lm\u0131\u015f y\u00fck kapasiteleri, \u00e7ift etkili i\u015flevsellikleri, fabrika \u00e7\u0131k\u0131\u015fl\u0131 fiyat avantajlar\u0131 ve zorlu ortamlardaki g\u00fcvenilirlikleri, onlar\u0131 \u00e7ok \u00e7e\u015fitli uygulamalar i\u00e7in m\u00fckemmel bir se\u00e7im haline getirir. \u0130ster tar\u0131m makinelerinde ister kar k\u00fcreme sistemlerinde kullan\u0131ls\u0131n, bu silindirler hassasiyet, dayan\u0131kl\u0131l\u0131k ve uygun maliyet sa\u011flayarak hidrolik sistemlerin genel performans\u0131n\u0131 art\u0131r\u0131r.<\/p>\n<h3>FMP Hakk\u0131nda<\/h3>\n<p>FMP, Hidrolik Silindir \u00fcretimi ve sat\u0131\u015f\u0131 konusunda uzmanla\u015fm\u0131\u015f bir \u015firkettir. G\u00fcvenilir ve deneyimli bir in\u015faat makinesi par\u00e7alar\u0131 ve komple makine \u00e7\u00f6z\u00fcmleri sa\u011flay\u0131c\u0131s\u0131 olarak, m\u00fc\u015fterilerimize y\u00fcksek kaliteli \u00fcr\u00fcnler ve m\u00fckemmel hizmet sunmaya kendimizi adad\u0131k.<\/p>\n<p><img decoding=\"async\" src=\"https:\/\/fmp-components.com\/wp-content\/uploads\/2024\/12\/Adjustable-Clevis-Type-Cylinders-6.webp\" alt=\"Ayarlanabilir \u00c7atal Tipi Silindir\" width=\"847\" title=\"\"><\/p>\n<h4>1. Geni\u015f \u00dcr\u00fcn Yelpazesi<\/h4>\n<p>FMP olarak, in\u015faat makineleri sekt\u00f6r\u00fcndeki \u00e7e\u015fitli uygulamalara uygun kapsaml\u0131 bir hidrolik silindir yelpazesi sunuyoruz. \u00dcr\u00fcn yelpazemizde ayarlanabilir \u00e7atal tipi silindirler, teleskopik silindirler, kaynakl\u0131 silindirler ve daha fazlas\u0131 bulunmaktad\u0131r. \u00d6zel ihtiya\u00e7lar\u0131n\u0131z ne olursa olsun, bunlar\u0131 kar\u015f\u0131layacak do\u011fru hidrolik silindire sahibiz.<\/p>\n<h4>2. \u00dcst\u00fcn Kalite<\/h4>\n<p>G\u00fcvenilir ve dayan\u0131kl\u0131 in\u015faat makinesi par\u00e7alar\u0131n\u0131n \u00f6neminin fark\u0131nday\u0131z. Bu nedenle t\u00fcm hidrolik silindirlerimiz y\u00fcksek kaliteli malzemeler kullan\u0131larak \u00fcretilmekte ve s\u0131k\u0131 kalite kontrol s\u00fcre\u00e7lerinden ge\u00e7mektedir. Bu sayede \u00fcr\u00fcnlerimiz \u015fantiyelerin zorlu ko\u015fullar\u0131na dayanabilir ve uzun \u00f6m\u00fcrl\u00fc performans sa\u011flayabilir.<\/p>\n<h4>3. \u00d6zelle\u015ftirme Se\u00e7enekleri<\/h4>\n<p>Farkl\u0131 projelerin hidrolik silindirler i\u00e7in benzersiz \u00f6zellikler gerektirebilece\u011finin fark\u0131nday\u0131z. Bu nedenle, \u00fcr\u00fcnlerimizi \u00f6zel ihtiya\u00e7lar\u0131n\u0131za g\u00f6re \u00f6zelle\u015ftirmek i\u00e7in \u00f6zelle\u015ftirme se\u00e7enekleri sunuyoruz. Deneyimli ekibimiz, ihtiya\u00e7lar\u0131n\u0131z\u0131 m\u00fckemmel \u015fekilde kar\u015f\u0131layan hidrolik silindirler tasarlamak ve \u00fcretmek i\u00e7in sizinle yak\u0131n bir \u015fekilde \u00e7al\u0131\u015facakt\u0131r.<\/p>\n<h4>4. Bilgili Sat\u0131\u015f Ekibi<\/h4>\n<p>Sat\u0131\u015f ekibimiz, in\u015faat makineleri sekt\u00f6r\u00fcnde deneyimli profesyonellerden olu\u015fmaktad\u0131r. Piyasadaki en son trendleri ve m\u00fc\u015fteri ihtiya\u00e7lar\u0131n\u0131 derinlemesine anlayan ekibimiz, FMP'yi tercih etti\u011finizde, bilin\u00e7li kararlar alman\u0131za yard\u0131mc\u0131 olacak uzman \u00fcr\u00fcn dan\u0131\u015fmanl\u0131\u011f\u0131 ve ak\u0131ll\u0131 sat\u0131n alma \u00f6nerileriyle kar\u015f\u0131la\u015facaks\u0131n\u0131z.<\/p>\n<h4>5. Verimli Lojistik Da\u011f\u0131t\u0131m<\/h4>\n<p>\u0130n\u015faat makineleri sekt\u00f6r\u00fcnde zaman\u0131nda teslimat \u00e7ok \u00f6nemlidir ve verimli lojistik da\u011f\u0131t\u0131m\u0131na \u00f6ncelik veriyoruz. K\u00f6kl\u00fc sistemimizle, ihtiya\u00e7 duydu\u011funuz hidrolik silindirlerin size zaman\u0131nda ve do\u011fru bir \u015fekilde teslim edilmesini sa\u011fl\u0131yoruz. Bu sayede, ar\u0131za s\u00fcrelerini en aza indirebilir ve projelerinizin sorunsuz ilerlemesini sa\u011flayabilirsiniz.<\/p>\n<h2>SSS<\/h2>\n<h3>S: Siz bir ticaret \u015firketi misiniz yoksa \u00fcretici misiniz?<\/h3>\n<p>A: Kalite ve hizmet konusunda k\u00f6kl\u00fc bir \u00fcne sahip bir \u00fcreticiyiz.<\/p>\n<h3>S: Kar K\u00fcreme Hidrolik Silindirinin teslimat s\u00fcresi nedir?<\/h3>\n<p>C: Genellikle 25-35 g\u00fcnd\u00fcr. Ancak, kesin teslimat s\u00fcresi sipari\u015f miktar\u0131na ve \u00f6zel ihtiya\u00e7lara g\u00f6re de\u011fi\u015fiklik g\u00f6sterebilir.<\/p>\n<h3>S: Numunelere g\u00f6re \u00fcretim yapabilir misiniz?<\/h3>\n<p>C: Evet, numuneleriniz veya teknik \u00e7izimleriniz do\u011frultusunda \u00fcretim yapabiliriz. Kal\u0131p ve aparatlar\u0131 biz \u00fcretebiliriz.<\/p>\n<p><img decoding=\"async\" title=\"Kar K\u00fcreme Hidrolik Silindiri\" src=\"https:\/\/hzpt.com\/wp-content\/uploads\/2023\/11\/Snow-Plow-Hydraulic-Cylinder-3.webp\" alt=\"Kar K\u00fcreme Hidrolik Silindiri\" \/><\/p>\n<p>Yazar: CX<\/p>","protected":false},"excerpt":{"rendered":"<p>Factory Price Double Acting Agricultural Machinery Hydraulic Cylinder Snow Plow Hydraulic Cylinder The Factory Price Double Acting Agricultural Machinery Hydraulic Cylinder Snow Plow Hydraulic Cylinder is a high-quality product designed specifically for agricultural machinery and snow plows. It is built with precision and durability in mind to withstand tough working conditions. This hydraulic cylinder is [&hellip;]<\/p>","protected":false},"featured_media":1539,"comment_status":"closed","ping_status":"closed","template":"","meta":{"_et_pb_use_builder":"","_et_pb_old_content":"","_et_gb_content_width":""},"product_brand":[],"product_cat":[42],"product_tag":[34,44],"class_list":{"0":"post-1538","1":"product","2":"type-product","3":"status-publish","4":"has-post-thumbnail","6":"product_cat-snow-plow-hydraulic-cylinder","7":"product_tag-hydraulic-cylinder","8":"product_tag-snow-plow-hydraulic-cylinder","10":"first","11":"instock","12":"product-type-simple"},"_links":{"self":[{"href":"https:\/\/fmp-components.com\/tr\/wp-json\/wp\/v2\/product\/1538","targetHints":{"allow":["GET"]}}],"collection":[{"href":"https:\/\/fmp-components.com\/tr\/wp-json\/wp\/v2\/product"}],"about":[{"href":"https:\/\/fmp-components.com\/tr\/wp-json\/wp\/v2\/types\/product"}],"replies":[{"embeddable":true,"href":"https:\/\/fmp-components.com\/tr\/wp-json\/wp\/v2\/comments?post=1538"}],"wp:featuredmedia":[{"embeddable":true,"href":"https:\/\/fmp-components.com\/tr\/wp-json\/wp\/v2\/media\/1539"}],"wp:attachment":[{"href":"https:\/\/fmp-components.com\/tr\/wp-json\/wp\/v2\/media?parent=1538"}],"wp:term":[{"taxonomy":"product_brand","embeddable":true,"href":"https:\/\/fmp-components.com\/tr\/wp-json\/wp\/v2\/product_brand?post=1538"},{"taxonomy":"product_cat","embeddable":true,"href":"https:\/\/fmp-components.com\/tr\/wp-json\/wp\/v2\/product_cat?post=1538"},{"taxonomy":"product_tag","embeddable":true,"href":"https:\/\/fmp-components.com\/tr\/wp-json\/wp\/v2\/product_tag?post=1538"}],"curies":[{"name":"wp","href":"https:\/\/api.w.org\/{rel}","templated":true}]}}