{"id":1536,"date":"2024-12-23T05:51:36","date_gmt":"2024-12-23T05:51:36","guid":{"rendered":"https:\/\/fmp-components.com\/product\/factory-price-double-acting-hydraulic-ram-cylinder-for-snow-plow\/"},"modified":"2024-12-23T06:09:04","modified_gmt":"2024-12-23T06:09:04","slug":"factory-price-double-acting-hydraulic-ram-cylinder-for-snow-plow","status":"publish","type":"product","link":"https:\/\/fmp-components.com\/tr\/product\/factory-price-double-acting-hydraulic-ram-cylinder-for-snow-plow\/","title":{"rendered":"Kar K\u00fcreme Makinas\u0131 i\u00e7in Fabrika Fiyat\u0131na \u00c7ift Etkili Hidrolik Ram Silindiri"},"content":{"rendered":"<h2>Kar K\u00fcreme Makinas\u0131 i\u00e7in Fabrika Fiyat\u0131na \u00c7ift Etkili Hidrolik Ram Silindiri<\/h2>\n<p>Fabrika Fiyatl\u0131 Kar K\u00fcreme Makinesi \u00c7ift Etkili Hidrolik Silindiri, kar k\u00fcreme operasyonlar\u0131nda verimli ve g\u00fcvenilir performans sa\u011flayan temel bir bile\u015fendir. Bu y\u00fcksek kaliteli silindir, zorlu kar temizleme ko\u015fullar\u0131na dayanacak \u015fekilde tasarlanm\u0131\u015ft\u0131r ve dayan\u0131kl\u0131 ve uzun \u00f6m\u00fcrl\u00fc bir \u00e7\u00f6z\u00fcm sunar.<\/p>\n<p>\u00c7ift etkili bir tasar\u0131ma sahip olan bu hidrolik ko\u00e7 silindiri, hassas kontrol ve geli\u015fmi\u015f i\u015flevsellik sa\u011flar. E\u015fit kuvvetle a\u00e7\u0131l\u0131p kapanabilir, b\u00f6ylece sorunsuz ve verimli bir \u00e7al\u0131\u015fma sa\u011flar. Bu \u00e7ok y\u00f6nl\u00fcl\u00fck, kar k\u00fcreme makinesinin yollardan, araba yollar\u0131ndan ve di\u011fer y\u00fczeylerden kar\u0131 etkili bir \u015fekilde temizlemesini sa\u011flar.<\/p>\n<p><img decoding=\"async\" title=\"Kar K\u00fcreme Hidrolik Silindiri\" src=\"https:\/\/hzpt.com\/wp-content\/uploads\/2023\/11\/Snow-Plow-Hydraulic-Cylinder-2.webp\" alt=\"Kar K\u00fcreme Hidrolik Silindiri\" \/><\/p>\n<p>Fabrika Fiyatl\u0131 Kar K\u00fcreme Makinesi \u00c7ift Etkili Hidrolik Silindiri, yo\u011fun kullan\u0131ma ve olumsuz hava ko\u015fullar\u0131na dayanacak \u015fekilde sa\u011flam malzemelerden \u00fcretilmi\u015ftir. Ola\u011fan\u00fcst\u00fc mukavemeti ve dayan\u0131kl\u0131l\u0131\u011f\u0131yla bu silindir, kar k\u00fcreme makinelerinin \u00e7al\u0131\u015ft\u0131\u011f\u0131 zorlu ortamlara dayanacak \u015fekilde \u00fcretilmi\u015ftir.<\/p>\n<p>Etkileyici performans\u0131n\u0131n yan\u0131 s\u0131ra, bu hidrolik ko\u00e7 silindiri ayn\u0131 zamanda kolay kurulum ve bak\u0131m d\u00fc\u015f\u00fcn\u00fclerek tasarlanm\u0131\u015ft\u0131r. Kullan\u0131c\u0131 dostu tasar\u0131m\u0131, h\u0131zl\u0131 ve sorunsuz kurulum sa\u011flayarak ar\u0131za s\u00fcresini en aza indirir ve \u00fcretkenli\u011fi en \u00fcst d\u00fczeye \u00e7\u0131kar\u0131r. D\u00fczenli bak\u0131m da kolayla\u015ft\u0131r\u0131larak silindirin uzun s\u00fcreler boyunca optimum durumda kalmas\u0131 sa\u011flan\u0131r.<\/p>\n<p>\u0130ster profesyonel bir kar temizleme hizmeti sa\u011flay\u0131c\u0131s\u0131 olun, ister kendi m\u00fclk\u00fcn\u00fcz\u00fc temizleyen bir ev sahibi olun, Fabrika Fiyat\u0131 \u00c7ift Etkili Hidrolik Kar K\u00fcreme Silindiri vazge\u00e7ilmez bir ara\u00e7t\u0131r. G\u00fcvenilirli\u011fi, dayan\u0131kl\u0131l\u0131\u011f\u0131 ve kullan\u0131m kolayl\u0131\u011f\u0131yla verimli kar k\u00fcreme operasyonlar\u0131 sa\u011flar ve k\u0131\u015f mevsiminde yollar\u0131n ve y\u00fczeylerin temiz kalmas\u0131na yard\u0131mc\u0131 olur.<\/p>\n<h2>\u00dcr\u00fcn \u00d6zellikleri<\/h2>\n<p>\u00c7ift etkili hidrolik ram silindirimiz, hidrolik g\u00fc\u00e7le \u00e7al\u0131\u015fan bir piston silindiri olmas\u0131n\u0131 sa\u011flayan yeni ve standart bir yap\u0131yla tasarlanm\u0131\u015ft\u0131r. Sa\u011flam \u00e7elik g\u00f6vdesiyle bu hidrolik silindir, dayan\u0131kl\u0131l\u0131k ve uzun \u00f6m\u00fcr i\u00e7in \u00fcretilmi\u015ftir. Maksimum 3000 itme kuvvetine sahip olup 20 tona kadar \u00e7ekme kapasitesiyle g\u00fc\u00e7l\u00fc ve verimli bir performans sunar. Ayr\u0131ca, kalitesini ve g\u00fcvenilirli\u011fini garanti eden ISO9001:2000 sertifikas\u0131na sahiptir.<\/p>\n<h3>Boyutlar<\/h3>\n<ul>\n<li>Delik Boyutu: 2-6 in\u00e7<\/li>\n<li>\u00c7ubuk Boyutu: 1,125-4 in\u00e7<\/li>\n<li>Vuru\u015f Boyutu: 4-100 in\u00e7<\/li>\n<li>Pin Boyutu: 0,5-2 in\u00e7<\/li>\n<\/ul>\n<p>Siyah renkli hidrolik silindir, \u00e7e\u015fitli boyutlarda mevcuttur ve ihtiya\u00e7lar\u0131n\u0131za en uygun olan\u0131 bulman\u0131z\u0131 kolayla\u015ft\u0131r\u0131r. \u0130ster makine tamir at\u00f6lyelerinde, ister \u00e7iftliklerde, ister enerji ve madencilikte, ister makine imalat\u0131nda veya makine fabrikas\u0131nda kullan\u0131n, bu hidrolik silindir ihtiya\u00e7lar\u0131n\u0131z\u0131 kesinlikle kar\u015f\u0131layacakt\u0131r.<\/p>\n<p><img decoding=\"async\" src=\"https:\/\/hzpt.com\/wp-content\/uploads\/2023\/11\/Snow-Plow-Hydraulic-Cylinder-4Factory.webp\" alt=\"Ever-Power \u015eanz\u0131man Fabrikas\u0131\" title=\"\"><\/p>\n<h2>Ayarlanabilir \u00c7atal Tipi Silindirlerin Avantajlar\u0131<\/h2>\n<p>Hidrolik sistemler alan\u0131nda, ayarlanabilir \u00e7atal tipi silindirler, say\u0131s\u0131z avantaj sa\u011flayan ve \u00e7e\u015fitli uygulamalar\u0131n genel verimlili\u011fini art\u0131ran devrim niteli\u011finde bir \u00e7\u00f6z\u00fcm olarak ortaya \u00e7\u0131km\u0131\u015ft\u0131r. Benzersiz tasar\u0131mlar\u0131 ve geli\u015fmi\u015f i\u015flevsellikleriyle bu silindirler, onlar\u0131 geleneksel se\u00e7eneklerden ay\u0131ran bir dizi avantaj sunar. Bu blog yaz\u0131s\u0131nda, ayarlanabilir \u00e7atal tipi silindirlerin temel avantajlar\u0131n\u0131 inceleyecek ve benzersiz yeteneklerini derinlemesine inceleyece\u011fiz.<\/p>\n<h3>1. Esneklik ve Uyum<\/h3>\n<p>Ayarlanabilir \u00e7atal tipi silindirlerin temel avantajlar\u0131ndan biri, ola\u011fan\u00fcst\u00fc esneklikleri ve uyarlanabilirlikleridir. Bu silindirler, farkl\u0131 montaj konumlar\u0131na uyum sa\u011flayacak \u015fekilde tasarlanm\u0131\u015ft\u0131r ve bu sayede \u00e7e\u015fitli hidrolik sistemlere kolay kurulum ve entegrasyon sa\u011flar. \u0130ster kar k\u00fcreme makinesi, ister tar\u0131m makineleri veya end\u00fcstriyel ekipman olsun, ayarlanabilir \u00e7atal tipi silindirler, \u00f6zel gereksinimleri kar\u015f\u0131layacak \u015fekilde zahmetsizce ayarlanabilir ve her uygulama i\u00e7in \u00f6zelle\u015ftirilmi\u015f bir \u00e7\u00f6z\u00fcm sunar.<\/p>\n<h3>2. Hassas Kontrol ve Konumland\u0131rma<\/h3>\n<p>Ayarlanabilir \u00e7atal tipi silindirler, hassas kontrol ve konumland\u0131rma kabiliyetleri sunmada m\u00fckemmeldir. Geli\u015fmi\u015f tasar\u0131mlar\u0131 sayesinde bu silindirler, hassas ayarlamalar yap\u0131lmas\u0131na olanak tan\u0131yarak \u00e7e\u015fitli \u00e7al\u0131\u015fma ko\u015fullar\u0131nda optimum performans sa\u011flar. Silindirin strok uzunlu\u011funu ve montaj konumunu hassas bir \u015fekilde ayarlayabilme \u00f6zelli\u011fi, operat\u00f6rlerin hidrolik sistemin hareketi \u00fczerinde hassas kontrol sa\u011flamas\u0131n\u0131 sa\u011flayarak \u00fcretkenli\u011fi ve verimlili\u011fi art\u0131r\u0131r.<\/p>\n<h3>3. Geli\u015fmi\u015f Dayan\u0131kl\u0131l\u0131k ve G\u00fcvenilirlik<\/h3>\n<p>Dayan\u0131kl\u0131l\u0131k ve g\u00fcvenilirlik s\u00f6z konusu oldu\u011funda, ayarlanabilir \u00e7atal tipi silindirler di\u011fer bir\u00e7ok alternatifi geride b\u0131rak\u0131r. Bu silindirler, y\u00fcksek kaliteli malzemeler kullan\u0131larak \u00fcretilir ve dayan\u0131kl\u0131l\u0131klar\u0131n\u0131 ve uzun \u00f6m\u00fcrlerini garantilemek i\u00e7in s\u0131k\u0131 testlerden ge\u00e7irilir. Sa\u011flam tasar\u0131mlar\u0131 ve geli\u015fmi\u015f s\u0131zd\u0131rmazl\u0131k teknolojileri sayesinde, performanslar\u0131ndan \u00f6d\u00fcn vermeden a\u011f\u0131r y\u00fcklere, a\u015f\u0131r\u0131 s\u0131cakl\u0131klara ve zorlu \u00e7al\u0131\u015fma ortamlar\u0131na dayanabilirler. Bu da onlar\u0131, tutarl\u0131 ve g\u00fcvenilir \u00e7al\u0131\u015fma gerektiren zorlu uygulamalar i\u00e7in g\u00fcvenilir bir se\u00e7im haline getirir.<\/p>\n<h3>4. Optimum Performans ve Verimlilik<\/h3>\n<p>Ayarlanabilir \u00e7atal tipi silindirler, optimum performans ve verimlilik sa\u011flamak \u00fczere tasarlanm\u0131\u015ft\u0131r. Geli\u015fmi\u015f hidrolik prensipler ve yenilik\u00e7i tasar\u0131m \u00f6zellikleri kullan\u0131larak, bu silindirler enerji kay\u0131plar\u0131n\u0131 en aza indirir ve g\u00fc\u00e7 iletimini en \u00fcst d\u00fczeye \u00e7\u0131kararak genel sistem verimlili\u011fini art\u0131r\u0131r. Bu, yaln\u0131zca i\u015fletme maliyetlerini d\u00fc\u015f\u00fcrmekle kalmaz, ayn\u0131 zamanda enerji kaynaklar\u0131n\u0131 koruyarak \u00e7evresel etkiyi de en aza indirir. Sistem performans\u0131n\u0131 optimize etme yetenekleriyle, ayarlanabilir \u00e7atal tipi silindirler \u00fcretkenli\u011fin artmas\u0131na ve ar\u0131za s\u00fcrelerinin azalt\u0131lmas\u0131na katk\u0131da bulunur.<\/p>\n<h3>5. Maliyet Etkinli\u011fi<\/h3>\n<p>Ayarlanabilir \u00e7atal tipi silindirlerin bir di\u011fer \u00f6nemli avantaj\u0131 da uygun maliyetli olmalar\u0131d\u0131r. Di\u011fer hidrolik silindir tipleriyle kar\u015f\u0131la\u015ft\u0131r\u0131ld\u0131\u011f\u0131nda, bu silindirler kalite veya performanstan \u00f6d\u00fcn vermeden m\u00fckemmel bir fiyat-performans oran\u0131 sunar. \u00c7ok y\u00f6nl\u00fcl\u00fckleri ve uyarlanabilirlikleri, \u00f6zel yap\u0131m silindirlere olan ihtiyac\u0131 ortadan kald\u0131rarak kurulum ve bak\u0131m s\u00fcre\u00e7lerinde hem zamandan hem de paradan tasarruf sa\u011flar. Ayr\u0131ca, ayarlanabilir tasar\u0131m, kolay de\u011fi\u015ftirme ve yeniden yap\u0131land\u0131rma olana\u011f\u0131 sunarak ar\u0131za s\u00fcresini ve ilgili maliyetleri azalt\u0131r.<\/p>\n<p>Sonu\u00e7 olarak, ayarlanabilir \u00e7atal tipi silindirler, onlar\u0131 \u00e7ok \u00e7e\u015fitli hidrolik uygulamalar i\u00e7in ideal bir se\u00e7im haline getiren bir\u00e7ok avantaj sunar. Esneklikleri, hassasiyetleri, dayan\u0131kl\u0131l\u0131klar\u0131, performanslar\u0131 ve uygun maliyetleri, onlar\u0131 sekt\u00f6rde \u00f6ne \u00e7\u0131kararak optimum sonu\u00e7lar ve m\u00fc\u015fteri memnuniyeti sa\u011flar. Kar K\u00fcreme Makinesi i\u00e7in Fabrika Fiyatl\u0131 \u00c7ift Etkili Hidrolik Ram Silindiri s\u00f6z konusu oldu\u011funda, ayarlanabilir \u00e7atal tipi silindirler \u00fcst\u00fcn performans, g\u00fcvenilirlik ve verimlilik sunmada \u00f6ne \u00e7\u0131kar.<\/p>\n<h3>FMP Hidrolik Silindir Hakk\u0131nda<\/h3>\n<p>FMP, in\u015faat makinesi par\u00e7alar\u0131 ve komple makinelerin sat\u0131\u015f ve servisinde uzmanla\u015fm\u0131\u015f lider bir \u015firkettir. D\u00fcnya \u00e7ap\u0131ndaki m\u00fc\u015fterilerimize y\u00fcksek kaliteli Hidrolik Silindir \u00e7\u00f6z\u00fcmleri sunmaktan gurur duyuyoruz.<\/p>\n<p>FMP Hidrolik Silindir'i se\u00e7menin baz\u0131 temel avantajlar\u0131 \u015funlard\u0131r:<\/p>\n<ul>\n<li><strong>Y\u00fcksek Kaliteli Malzemeler:<\/strong> Hidrolik Silindirlerimizi \u00fcretirken yaln\u0131zca y\u00fcksek kaliteli malzemeler kullan\u0131yoruz, b\u00f6ylece uzun s\u00fcreli kullan\u0131m i\u00e7in dayan\u0131kl\u0131 ve g\u00fcvenilir olmalar\u0131n\u0131 sa\u011fl\u0131yoruz. \u00dcr\u00fcnlerimiz en zorlu \u00e7al\u0131\u015fma ko\u015fullar\u0131na bile dayanacak \u015fekilde tasarlanm\u0131\u015ft\u0131r.<\/li>\n<li><strong>Geni\u015f Se\u00e7enek Yelpazesi:<\/strong> Hidrolik Silindir \u00fcr\u00fcn yelpazemizde rot kolu silindirleri, kaynakl\u0131 silindirler ve ayarlanabilir \u00e7atal tipi silindirler gibi \u00e7e\u015fitli silindir tipleri bulunmaktad\u0131r. Ayr\u0131ca, m\u00fc\u015fterilerin \u00f6zel gereksinimlerini kar\u015f\u0131lamak i\u00e7in \u00f6zelle\u015ftirilmi\u015f \u00e7\u00f6z\u00fcmler de sunuyoruz.<\/li>\n<li><strong>S\u0131k\u0131 Kalite Kontrol\u00fc:<\/strong> Yurt i\u00e7i ve yurt d\u0131\u015f\u0131nda bir\u00e7ok y\u00fcksek kaliteli tedarik\u00e7iyle uzun vadeli ve istikrarl\u0131 i\u015f birli\u011fi ili\u015fkileri kurarak, tedarik etti\u011fimiz t\u00fcm par\u00e7alar\u0131n s\u0131k\u0131 kalite standartlar\u0131n\u0131 kar\u015f\u0131lamas\u0131n\u0131 sa\u011fl\u0131yoruz. Ayr\u0131ca, hidrolik silindirlerimiz teslimattan \u00f6nce s\u0131k\u0131 kalite gereksinimlerimizi kar\u015f\u0131lad\u0131\u011f\u0131ndan emin olmak i\u00e7in titiz test s\u00fcre\u00e7lerinden ge\u00e7mektedir.<\/li>\n<li><strong>Deneyimli Sat\u0131\u015f Ekibi:<\/strong> \u0130n\u015faat makineleri sekt\u00f6r\u00fcnde deneyimli ve bilgili sat\u0131\u015f ekibimiz, m\u00fc\u015fterilerimize profesyonel dan\u0131\u015fmanl\u0131k ve ak\u0131ll\u0131 sat\u0131n alma \u00f6nerileri sunabilmektedir.<\/li>\n<li><strong>Verimli Lojistik Da\u011f\u0131t\u0131m:<\/strong> M\u00fc\u015fterilerimizin ihtiya\u00e7 duyduklar\u0131 par\u00e7alar\u0131 zaman\u0131nda ve do\u011fru bir \u015fekilde teslim almalar\u0131n\u0131 sa\u011flamak i\u00e7in verimli bir lojistik da\u011f\u0131t\u0131m sistemimiz bulunmaktad\u0131r. G\u00fcvenilir teslimat hizmetimiz, m\u00fc\u015fterilerimizin projelerinin sorunsuz bir \u015fekilde y\u00fcr\u00fct\u00fclmesine yard\u0131mc\u0131 olur.<\/li>\n<\/ul>\n<p>FMP olarak, m\u00fc\u015fterilerimize y\u00fcksek kaliteli ve g\u00fcvenilir Hidrolik Silindir \u00e7\u00f6z\u00fcmleri sunmaya inan\u0131yoruz. Uzun y\u0131llara dayanan sekt\u00f6r deneyimimiz ve profesyonel ekibimizle, m\u00fc\u015fterilerimize \u00f6zel ihtiya\u00e7lar\u0131n\u0131 kar\u015f\u0131layacak ki\u015fiselle\u015ftirilmi\u015f \u00e7\u00f6z\u00fcmler sunabiliyoruz. \u00dcr\u00fcn ve hizmetlerimiz hakk\u0131nda daha fazla bilgi edinmek i\u00e7in bug\u00fcn bizimle ileti\u015fime ge\u00e7in!<\/p>\n<p><img decoding=\"async\" src=\"https:\/\/fmp-components.com\/wp-content\/uploads\/2024\/12\/Adjustable-Clevis-Type-Cylinders-6.webp\" alt=\"Ayarlanabilir \u00c7atal Tipi Silindir\" width=\"846\" title=\"\"><\/p>\n<h2>SSS<\/h2>\n<h3>S: Siz bir ticaret \u015firketi misiniz yoksa \u00fcretici misiniz?<\/h3>\n<p>A: Biz bir fabrikay\u0131z.<\/p>\n<h3>S: Teslimat s\u00fcreniz ne kadard\u0131r?<\/h3>\n<p>A: Genellikle 25-35 g\u00fcnd\u00fcr.<\/p>\n<h3>S: Numune sa\u011fl\u0131yor musunuz? \u00dccretsiz mi yoksa ekstra m\u0131?<\/h3>\n<p>C: Evet, numune sunabiliriz ancak \u00fccretsiz de\u011fil.<\/p>\n<p><img decoding=\"async\" title=\"Kar K\u00fcreme Hidrolik Silindiri\" src=\"https:\/\/hzpt.com\/wp-content\/uploads\/2023\/11\/Snow-Plow-Hydraulic-Cylinder-3.webp\" alt=\"Kar K\u00fcreme Hidrolik Silindiri\" \/><\/p>\n<p>Yazar: CX<\/p>","protected":false},"excerpt":{"rendered":"<p>Factory Price Double Acting Hydraulic Ram Cylinder for Snow Plow The Factory Price Double Acting Hydraulic Ram Cylinder for Snow Plow is an essential component that ensures efficient and reliable performance in snow plowing operations. This high-quality cylinder is designed to withstand the demanding conditions of snow removal, providing a durable and long-lasting solution. Featuring [&hellip;]<\/p>","protected":false},"featured_media":1537,"comment_status":"closed","ping_status":"closed","template":"","meta":{"_et_pb_use_builder":"","_et_pb_old_content":"","_et_gb_content_width":""},"product_brand":[],"product_cat":[42],"product_tag":[34,44],"class_list":{"0":"post-1536","1":"product","2":"type-product","3":"status-publish","4":"has-post-thumbnail","6":"product_cat-snow-plow-hydraulic-cylinder","7":"product_tag-hydraulic-cylinder","8":"product_tag-snow-plow-hydraulic-cylinder","10":"first","11":"instock","12":"product-type-simple"},"_links":{"self":[{"href":"https:\/\/fmp-components.com\/tr\/wp-json\/wp\/v2\/product\/1536","targetHints":{"allow":["GET"]}}],"collection":[{"href":"https:\/\/fmp-components.com\/tr\/wp-json\/wp\/v2\/product"}],"about":[{"href":"https:\/\/fmp-components.com\/tr\/wp-json\/wp\/v2\/types\/product"}],"replies":[{"embeddable":true,"href":"https:\/\/fmp-components.com\/tr\/wp-json\/wp\/v2\/comments?post=1536"}],"wp:featuredmedia":[{"embeddable":true,"href":"https:\/\/fmp-components.com\/tr\/wp-json\/wp\/v2\/media\/1537"}],"wp:attachment":[{"href":"https:\/\/fmp-components.com\/tr\/wp-json\/wp\/v2\/media?parent=1536"}],"wp:term":[{"taxonomy":"product_brand","embeddable":true,"href":"https:\/\/fmp-components.com\/tr\/wp-json\/wp\/v2\/product_brand?post=1536"},{"taxonomy":"product_cat","embeddable":true,"href":"https:\/\/fmp-components.com\/tr\/wp-json\/wp\/v2\/product_cat?post=1536"},{"taxonomy":"product_tag","embeddable":true,"href":"https:\/\/fmp-components.com\/tr\/wp-json\/wp\/v2\/product_tag?post=1536"}],"curies":[{"name":"wp","href":"https:\/\/api.w.org\/{rel}","templated":true}]}}