{"id":1532,"date":"2024-12-23T05:51:36","date_gmt":"2024-12-23T05:51:36","guid":{"rendered":"https:\/\/fmp-components.com\/product\/customized-two-way-double-effect-hydraulic-piston-cylinder\/"},"modified":"2024-12-23T06:02:52","modified_gmt":"2024-12-23T06:02:52","slug":"customized-two-way-double-effect-hydraulic-piston-cylinder","status":"publish","type":"product","link":"https:\/\/fmp-components.com\/tr\/product\/customized-two-way-double-effect-hydraulic-piston-cylinder\/","title":{"rendered":"\u00d6zelle\u015ftirilmi\u015f \u0130ki Y\u00f6nl\u00fc \u00c7ift Etkili Hidrolik Piston Silindiri"},"content":{"rendered":"<p>\u00d6zelle\u015ftirilmi\u015f \u0130ki Y\u00f6nl\u00fc \u00c7ift Etkili Hidrolik Piston Silindiri\u00d6zelle\u015ftirilmi\u015f \u0130ki Y\u00f6nl\u00fc \u00c7ift Etkili Hidrolik Piston Silindiri, \u00e7e\u015fitli end\u00fcstriyel uygulamalar\u0131n taleplerini kar\u015f\u0131lamak \u00fczere tasarlanm\u0131\u015f y\u00fcksek kaliteli bir \u00fcr\u00fcnd\u00fcr. Geli\u015fmi\u015f hidrolik teknolojisi sayesinde bu piston silindiri \u00fcst\u00fcn performans ve g\u00fcvenilirlik sunar.<\/p>\n<p>\u00c7ift y\u00f6nl\u00fc, \u00e7ift etkili bir tasar\u0131ma sahip olan bu hidrolik piston silindiri, hidrolik sistemlerin verimli ve hassas bir \u015fekilde kontrol edilmesini sa\u011flar. Pistonun hem uzamas\u0131n\u0131 hem de geri \u00e7ekilmesini sa\u011flayarak, p\u00fcr\u00fczs\u00fcz ve hassas bir hareket sa\u011flar.<\/p>\n<p>Silindir, uzun \u00f6m\u00fcrl\u00fc ve a\u015f\u0131nmaya kar\u015f\u0131 diren\u00e7li, dayan\u0131kl\u0131 malzemelerden \u00fcretilmi\u015ftir. Y\u00fcksek bas\u0131nca ve a\u011f\u0131r y\u00fcklere dayanacak \u015fekilde tasarlanm\u0131\u015ft\u0131r ve bu sayede zorlu end\u00fcstriyel ortamlar i\u00e7in uygundur.<\/p>\n<p><img loading=\"lazy\" decoding=\"async\" class=\"\" title=\"Kar K\u00fcreme Hidrolik Silindiri\" src=\"https:\/\/hzpt.com\/wp-content\/uploads\/2023\/11\/Snow-Plow-Hydraulic-Cylinder-3.webp\" alt=\"Kar K\u00fcreme Hidrolik Silindiri\" width=\"922\" height=\"922\" \/><\/p>\n<p>\u00d6zelle\u015ftirilmi\u015f \u0130ki Y\u00f6nl\u00fc \u00c7ift Etkili Hidrolik Piston Silindiri, \u00f6zel gereksinimleri kar\u015f\u0131lamak \u00fczere son derece \u00f6zelle\u015ftirilebilir. Farkl\u0131 strok uzunluklar\u0131na, delik \u00e7aplar\u0131na ve montaj se\u00e7eneklerine g\u00f6re uyarlanabilir. Bu \u00e7ok y\u00f6nl\u00fcl\u00fck, mevcut hidrolik sistemlere sorunsuz entegrasyona veya yeni sistemler olu\u015fturulmas\u0131na olanak tan\u0131r.<\/p>\n<p>Bu piston silindiri, ola\u011fan\u00fcst\u00fc performans\u0131n\u0131n yan\u0131 s\u0131ra g\u00fcvenlik de d\u00fc\u015f\u00fcn\u00fclerek tasarlanm\u0131\u015ft\u0131r. S\u0131z\u0131nt\u0131lar\u0131 \u00f6nlemek ve titre\u015fimleri en aza indirmek i\u00e7in conta ve tampon gibi \u00f6zelliklerle donat\u0131lm\u0131\u015f olup, g\u00fcvenli ve istikrarl\u0131 bir \u00e7al\u0131\u015fma sa\u011flar.<\/p>\n<p>Genel olarak, \u00d6zelle\u015ftirilmi\u015f \u0130ki Y\u00f6nl\u00fc \u00c7ift Etkili Hidrolik Piston Silindiri, \u00e7e\u015fitli end\u00fcstriyel uygulamalar i\u00e7in g\u00fcvenilir ve verimli bir \u00e7\u00f6z\u00fcmd\u00fcr. \u00d6zelle\u015ftirilebilir yap\u0131s\u0131, \u00fcst\u00fcn performans\u0131 ve g\u00fcvenlik \u00f6zellikleri, hidrolik sistemlerini geli\u015ftirmek isteyen i\u015fletmeler i\u00e7in ideal bir se\u00e7imdir.<\/p>\n<div>\n<p>Maksimum \u00f6zelle\u015ftirme ve verimlilik i\u00e7in makinenizi \u00c7ift Y\u00f6nl\u00fc \u00c7ift Etkili Hidrolik Piston Silindiri ile y\u00fckseltin. Hassasiyet ve uzmanl\u0131kla \u00fcretilen bu hidrolik piston silindiri, \u00fcst d\u00fczey performans ve g\u00fcvenilirli\u011fi garanti eder.<\/p>\n<p><img decoding=\"async\" title=\"Kar K\u00fcreme Hidrolik Silindiri\" src=\"https:\/\/hzpt.com\/wp-content\/uploads\/2023\/11\/Snow-Plow-Hydraulic-Cylinder-2.webp\" alt=\"Kar K\u00fcreme Hidrolik Silindiri\" \/><\/p>\n<h2>\u00dcr\u00fcn \u00d6zellikleri<\/h2>\n<table style=\"width: 100%;\" border=\"1\" width=\"100%\" cellspacing=\"0\" cellpadding=\"0\">\n<tbody>\n<tr>\n<th>\u00dcr\u00fcn Ad\u0131<\/th>\n<td>Kar K\u00fcreme Hidrolik Silindiri<\/td>\n<\/tr>\n<tr>\n<th>Durum<\/th>\n<td>Yeni<\/td>\n<\/tr>\n<tr>\n<th>Garanti<\/th>\n<td>1 Y\u0131l<\/td>\n<\/tr>\n<tr>\n<th>Uygulanabilir End\u00fcstriler<\/th>\n<td>Makine Tamir At\u00f6lyeleri, \u00c7iftlikler, Enerji ve Madencilik, Makine \u00dcretimi, Makine Fabrikalar\u0131<\/td>\n<\/tr>\n<tr>\n<th>A\u011f\u0131rl\u0131k (KG)<\/th>\n<td>6.4<\/td>\n<\/tr>\n<tr>\n<th>Pazarlama T\u00fcr\u00fc<\/th>\n<td>Yeni \u00dcr\u00fcn 2023<\/td>\n<\/tr>\n<tr>\n<th>\u00c7ekirdek Bile\u015fenler<\/th>\n<td>Rulman, Hidrolik Silindir<\/td>\n<\/tr>\n<tr>\n<th>Yap\u0131<\/th>\n<td>Piston Silindiri<\/td>\n<\/tr>\n<tr>\n<th>G\u00fc\u00e7 Kayna\u011f\u0131<\/th>\n<td>Hidrolik<\/td>\n<\/tr>\n<\/tbody>\n<\/table>\n<h2>Bak\u0131m ve \u00d6zen<\/h2>\n<p>Bir y\u0131ll\u0131k garantiye ve rulmanlar ile hidrolik silindirlerden olu\u015fan temel bir bile\u015fene sahip olan bu hidrolik piston silindiri, uzun \u00f6m\u00fcrl\u00fc olacak \u015fekilde tasarlanm\u0131\u015ft\u0131r. \u00c7elik g\u00f6vdesi, dayan\u0131kl\u0131l\u0131\u011f\u0131n\u0131 art\u0131rarak en zorlu ko\u015fullara bile dayanmas\u0131n\u0131 sa\u011flar. 3000 tonluk maksimum itme g\u00fcc\u00fc ve 20 tonluk maksimum \u00e7ekme g\u00fcc\u00fcyle, verimlilikte bir g\u00fc\u00e7 merkezidir.<\/p>\n<h2>Uygulamalar<\/h2>\n<p>Kompakt boyutu ve 6,4 kg'l\u0131k hafifli\u011fiyle bu hidrolik piston silindiri, makine tamir at\u00f6lyelerinde, \u00e7iftliklerde, enerji ve madencilik end\u00fcstrilerinde, makine imalat\u0131nda ve makine fabrikalar\u0131nda kullan\u0131ma uygundur. Uygulamalardaki \u00e7ok y\u00f6nl\u00fcl\u00fc\u011f\u00fc, onu \u00e7e\u015fitli makine kurulumlar\u0131 i\u00e7in ideal bir se\u00e7im haline getirir.<\/p>\n<p><img decoding=\"async\" src=\"https:\/\/hzpt.com\/wp-content\/uploads\/2023\/11\/Snow-Plow-Hydraulic-Cylinder-4Factory.webp\" alt=\"Fabrika G\u00f6r\u00fcnt\u00fcs\u00fc\" title=\"\"><\/p>\n<\/div>\n<h2>Ayarlanabilir \u00c7atal Tipi Silindirlerin Avantajlar\u0131<\/h2>\n<ul>\n<li style=\"list-style-type: none;\">\n<ul>\n<li>Artt\u0131r\u0131lm\u0131\u015f \u00c7ok Y\u00f6nl\u00fcl\u00fck<\/li>\n<\/ul>\n<\/li>\n<\/ul>\n<p>Ayarlanabilir \u00e7atal tipi silindir, belirli kullan\u0131m durumlar\u0131na uyacak \u015fekilde \u00f6zelle\u015ftirilebildi\u011fi i\u00e7in uygulamada geni\u015f bir esneklik sunar. Bu, \u00f6zellikle \u00d6zelle\u015ftirilmi\u015f \u0130ki Y\u00f6nl\u00fc \u00c7ift Etkili Hidrolik Piston Silindiri i\u00e7in ge\u00e7erlidir. Montaj noktalar\u0131n\u0131n ayarlanabilmesi, \u00e7e\u015fitli uygulamalarda daha kolay kurulum ve kullan\u0131m sa\u011flar.<\/p>\n<ul>\n<li style=\"list-style-type: none;\">\n<ul>\n<li>Geli\u015ftirilmi\u015f Verimlilik<\/li>\n<\/ul>\n<\/li>\n<\/ul>\n<p>Ayarlanabilir \u00e7atal tipi silindirlerin kullan\u0131m\u0131, silindirin ama\u00e7lanan kullan\u0131m durumuna g\u00f6re optimize edilmesini sa\u011flar. Bu, silindirin a\u015f\u0131r\u0131 veya yetersiz kullan\u0131lmamas\u0131 anlam\u0131na gelir ve bu da verimlili\u011fi art\u0131r\u0131r. Bu, \u00f6zellikle \u00d6zelle\u015ftirilmi\u015f \u0130ki Y\u00f6nl\u00fc \u00c7ift Etkili Hidrolik Piston Silindiri i\u00e7in \u00f6nemlidir \u00e7\u00fcnk\u00fc iki y\u00f6nl\u00fc kullan\u0131m i\u00e7in optimize edilebilir ve bu da y\u00fck \u00fczerinde daha fazla kontrol sa\u011flar.<\/p>\n<ul>\n<li style=\"list-style-type: none;\">\n<ul>\n<li>Geli\u015fmi\u015f G\u00fcvenlik<\/li>\n<\/ul>\n<\/li>\n<\/ul>\n<p>Ayarlanabilir \u00e7atal tipi silindirler, kaza olas\u0131l\u0131\u011f\u0131n\u0131 b\u00fcy\u00fck \u00f6l\u00e7\u00fcde azaltan kolay ayarlanabilir tasar\u0131ma sahiptir. Bu, \u00f6zellikle \u00e7ift y\u00f6nl\u00fc uygulamalarda g\u00fcvenlik i\u00e7in optimize edilebilen \u00d6zelle\u015ftirilmi\u015f \u00c7ift Y\u00f6nl\u00fc \u00c7ift Etkili Hidrolik Piston Silindiri i\u00e7in \u00f6nemlidir. Ayr\u0131ca, y\u00fcksek kaliteli malzemelerin kullan\u0131m\u0131, bu silindirlerin g\u00fcvenilir ve emniyetli olmas\u0131n\u0131 sa\u011flar.<\/p>\n<ul>\n<li style=\"list-style-type: none;\">\n<ul>\n<li>Art\u0131r\u0131lm\u0131\u015f Dayan\u0131kl\u0131l\u0131k<\/li>\n<\/ul>\n<\/li>\n<\/ul>\n<p>Ayarlanabilir \u00e7atal tipi silindirler uzun \u00f6m\u00fcrl\u00fc olacak \u015fekilde \u00fcretilmi\u015ftir. A\u011f\u0131r hizmet tipi kullan\u0131m\u0131n zorluklar\u0131na dayanabilecek y\u00fcksek kaliteli malzemelerden \u00fcretilmi\u015ftir. Bu, \u00f6zellikle \u00e7ift y\u00f6nl\u00fc uygulamalar\u0131n bas\u0131n\u00e7lar\u0131na dayanacak \u015fekilde tasarlanm\u0131\u015f \u00d6zelle\u015ftirilmi\u015f \u00c7ift Y\u00f6nl\u00fc \u00c7ift Etkili Hidrolik Piston Silindiri i\u00e7in ge\u00e7erlidir. Bu, silindirin daha uzun \u00f6m\u00fcrl\u00fc olmas\u0131n\u0131 ve daha az de\u011fi\u015fim gerektirmesini sa\u011flayarak zaman i\u00e7inde maliyet tasarrufu sa\u011flar.<\/p>\n<ul>\n<li style=\"list-style-type: none;\">\n<ul>\n<li>Geli\u015ftirilmi\u015f Performans<\/li>\n<\/ul>\n<\/li>\n<\/ul>\n<p>Ayarlanabilir \u00e7atal tipi silindirler, performans\u0131 optimize etmek i\u00e7in tasarlanm\u0131\u015ft\u0131r. Montaj noktalar\u0131n\u0131n ayarlanabilmesi, y\u00fck \u00fczerinde daha fazla kontrol sa\u011flayarak performans\u0131n artmas\u0131n\u0131 sa\u011flar. Bu, \u00f6zellikle \u00e7ift y\u00f6nl\u00fc uygulamalarda geli\u015fmi\u015f performans i\u00e7in optimize edilebilen \u00d6zelle\u015ftirilmi\u015f \u00c7ift Y\u00f6nl\u00fc \u00c7ift Etkili Hidrolik Piston Silindiri i\u00e7in \u00f6nemlidir. Ayr\u0131ca, y\u00fcksek kaliteli malzemelerin kullan\u0131m\u0131, bu silindirlerin daha uzun s\u00fcreler boyunca en iyi performans\u0131 g\u00f6stermesini sa\u011flar.<\/p>\n<p>Sonu\u00e7 olarak, Ayarlanabilir \u00c7atal Tipi Silindirlerin, \u00f6zellikle de \u00d6zelle\u015ftirilmi\u015f \u0130ki Y\u00f6nl\u00fc \u00c7ift Etkili Hidrolik Piston Silindirinin kullan\u0131m\u0131 \u00e7ok \u00e7e\u015fitli avantajlar sunar. Bu silindirler \u00e7ok y\u00f6nl\u00fc, verimli, g\u00fcvenli, dayan\u0131kl\u0131 ve geli\u015fmi\u015f performans sunar. Belirli kullan\u0131m durumlar\u0131na uyacak \u015fekilde \u00f6zelle\u015ftirilebilme \u00f6zellikleriyle, bu silindirler her t\u00fcrl\u00fc a\u011f\u0131r hizmet tipi uygulama i\u00e7in m\u00fckemmel bir se\u00e7imdir.<\/p>\n<h3>FMP Hakk\u0131nda \u2013 Profesyonel Hidrolik Silindir Tedarik\u00e7iniz<\/h3>\n<p>FMP olarak, in\u015faat makinesi par\u00e7alar\u0131 ve komple makinelerin sat\u0131\u015f ve servisinde uzmanla\u015f\u0131yoruz ve y\u00fcksek kaliteli ve g\u00fcvenilir hidrolik silindirlerin lider tedarik\u00e7isi olmaktan gurur duyuyoruz. Hidrolik silindirlerimizin piyasadaki en iyiler oldu\u011funa inanmam\u0131z\u0131n birka\u00e7 nedeni \u015funlard\u0131r:<\/p>\n<p>1. Hassas M\u00fchendislik \u2013 Hidrolik silindirlerimiz hassas m\u00fchendislikle tasarlanarak en zorlu ko\u015fullarda bile dayan\u0131kl\u0131 ve g\u00fcvenilir olmalar\u0131 sa\u011flanm\u0131\u015ft\u0131r.<\/p>\n<p>2. Geni\u015f Uygulama Yelpazesi \u2013 Hidrolik silindirlerimiz tar\u0131m makineleri, end\u00fcstriyel ekipmanlar ve in\u015faat makineleri dahil olmak \u00fczere \u00e7ok \u00e7e\u015fitli uygulamalarda kullan\u0131labilir.<\/p>\n<p>3. \u00d6zel Tasar\u0131m \u2013 Hidrolik silindirlerimizin tasar\u0131m\u0131n\u0131 m\u00fc\u015fterilerimizin \u00f6zel ihtiya\u00e7lar\u0131n\u0131 kar\u015f\u0131layacak \u015fekilde \u00f6zelle\u015ftirebilir, b\u00f6ylece \u00fcr\u00fcnlerimizden m\u00fcmk\u00fcn olan en iyi performans\u0131 almalar\u0131n\u0131 sa\u011flayabiliriz.<\/p>\n<p>4. Y\u00fcksek Kaliteli Malzemeler \u2013 Hidrolik silindirlerimizin \u00fcretiminde yaln\u0131zca en y\u00fcksek kaliteli malzemeleri kullan\u0131yoruz, b\u00f6ylece zamanla a\u015f\u0131nma ve y\u0131pranmaya dayan\u0131kl\u0131 olmalar\u0131n\u0131 sa\u011fl\u0131yoruz.<\/p>\n<p>5. M\u00fckemmel M\u00fc\u015fteri Deste\u011fi \u2013 FMP olarak, t\u00fcm m\u00fc\u015fterilerimize m\u00fckemmel m\u00fc\u015fteri deste\u011fi sunmaktan gurur duyuyoruz. \u00dcr\u00fcn dan\u0131\u015fmanl\u0131\u011f\u0131ndan ak\u0131ll\u0131 sat\u0131n alma \u00f6nerilerine kadar, deneyimli sat\u0131\u015f ekibimiz her zaman yard\u0131ma haz\u0131r.<\/p>\n<p>G\u00fcvenilir ve dayan\u0131kl\u0131 bir hidrolik silindir tedarik\u00e7isi ar\u0131yorsan\u0131z, FMP'den ba\u015fkas\u0131na bakmay\u0131n. \u00dcr\u00fcn ve hizmetlerimiz hakk\u0131nda daha fazla bilgi edinmek ve in\u015faat makineleri ihtiya\u00e7lar\u0131n\u0131z\u0131 kar\u015f\u0131laman\u0131za nas\u0131l yard\u0131mc\u0131 olabilece\u011fimizi \u00f6\u011frenmek i\u00e7in bug\u00fcn bizimle ileti\u015fime ge\u00e7in!<\/p>\n<p><img decoding=\"async\" src=\"https:\/\/fmp-components.com\/wp-content\/uploads\/2024\/12\/Adjustable-Clevis-Type-Cylinders-6.webp\" alt=\"Ayarlanabilir \u00c7atal Tipi Silindir\" width=\"844\" title=\"\"><\/p>\n<h2>SSS<\/h2>\n<ol>\n<li><strong>S: Siz bir ticaret \u015firketi misiniz yoksa \u00fcretici misiniz?<\/strong>A: Biz bir fabrikay\u0131z.<\/li>\n<li><strong>S: Teslimat s\u00fcreniz ne kadard\u0131r?<\/strong>A: Genellikle 25-35 g\u00fcn s\u00fcrer.<\/li>\n<li><strong>S: Numune sa\u011fl\u0131yor musunuz? \u00dccretsiz mi yoksa ekstra m\u0131?<\/strong>C: Evet, numune sunabiliriz ancak \u00fccretsiz de\u011fil.<\/li>\n<\/ol>\n<p>Yazar: CX<\/p>","protected":false},"excerpt":{"rendered":"<p>Customized Two Way Double Effect Hydraulic Piston CylinderThe Customized Two Way Double Effect Hydraulic Piston Cylinder is a high-quality product designed to meet the demands of various industrial applications. With its advanced hydraulic technology, this piston cylinder offers superior performance and reliability. Featuring a two-way, double-effect design, this hydraulic piston cylinder allows for efficient and [&hellip;]<\/p>","protected":false},"featured_media":1533,"comment_status":"closed","ping_status":"closed","template":"","meta":{"_et_pb_use_builder":"","_et_pb_old_content":"","_et_gb_content_width":""},"product_brand":[],"product_cat":[42],"product_tag":[34,44],"class_list":{"0":"post-1532","1":"product","2":"type-product","3":"status-publish","4":"has-post-thumbnail","6":"product_cat-snow-plow-hydraulic-cylinder","7":"product_tag-hydraulic-cylinder","8":"product_tag-snow-plow-hydraulic-cylinder","10":"first","11":"instock","12":"product-type-simple"},"_links":{"self":[{"href":"https:\/\/fmp-components.com\/tr\/wp-json\/wp\/v2\/product\/1532","targetHints":{"allow":["GET"]}}],"collection":[{"href":"https:\/\/fmp-components.com\/tr\/wp-json\/wp\/v2\/product"}],"about":[{"href":"https:\/\/fmp-components.com\/tr\/wp-json\/wp\/v2\/types\/product"}],"replies":[{"embeddable":true,"href":"https:\/\/fmp-components.com\/tr\/wp-json\/wp\/v2\/comments?post=1532"}],"wp:featuredmedia":[{"embeddable":true,"href":"https:\/\/fmp-components.com\/tr\/wp-json\/wp\/v2\/media\/1533"}],"wp:attachment":[{"href":"https:\/\/fmp-components.com\/tr\/wp-json\/wp\/v2\/media?parent=1532"}],"wp:term":[{"taxonomy":"product_brand","embeddable":true,"href":"https:\/\/fmp-components.com\/tr\/wp-json\/wp\/v2\/product_brand?post=1532"},{"taxonomy":"product_cat","embeddable":true,"href":"https:\/\/fmp-components.com\/tr\/wp-json\/wp\/v2\/product_cat?post=1532"},{"taxonomy":"product_tag","embeddable":true,"href":"https:\/\/fmp-components.com\/tr\/wp-json\/wp\/v2\/product_tag?post=1532"}],"curies":[{"name":"wp","href":"https:\/\/api.w.org\/{rel}","templated":true}]}}