{"id":1528,"date":"2024-12-23T05:51:36","date_gmt":"2024-12-23T05:51:36","guid":{"rendered":"https:\/\/fmp-components.com\/product\/hot-sale-stainless-steel-double-acting-hydraulic-cylinder-for-snow-plow\/"},"modified":"2024-12-23T06:00:40","modified_gmt":"2024-12-23T06:00:40","slug":"hot-sale-stainless-steel-double-acting-hydraulic-cylinder-for-snow-plow","status":"publish","type":"product","link":"https:\/\/fmp-components.com\/tr\/product\/hot-sale-stainless-steel-double-acting-hydraulic-cylinder-for-snow-plow\/","title":{"rendered":"Kar K\u00fcreme Makinas\u0131 \u0130\u00e7in S\u0131cak Sat\u0131\u015f Paslanmaz \u00c7elik \u00c7ift Etkili Hidrolik Silindir"},"content":{"rendered":"<h2>Kar K\u00fcreme Makinas\u0131 \u0130\u00e7in S\u0131cak Sat\u0131\u015f Paslanmaz \u00c7elik \u00c7ift Etkili Hidrolik Silindir<\/h2>\n<p>S\u0131cak Sat\u0131\u015f Paslanmaz \u00c7elik \u00c7ift Etkili Kar K\u00fcreme Hidrolik Silindiri, en zorlu k\u0131\u015f ko\u015fullar\u0131nda verimli kar k\u00fcreme sa\u011flamak \u00fczere tasarlanm\u0131\u015f y\u00fcksek kaliteli bir \u00fcr\u00fcnd\u00fcr. Dayan\u0131kl\u0131 paslanmaz \u00e7elikten \u00fcretilen bu hidrolik silindir, a\u015f\u0131r\u0131 s\u0131cakl\u0131klara ve korozyona dayanacak \u015fekilde tasarlanm\u0131\u015ft\u0131r.<\/p>\n<p>\u00c7ift etkili \u00f6zelli\u011fi, her iki y\u00f6nde de ak\u0131c\u0131 ve verimli bir hareket sa\u011flayarak kar k\u00fcreme b\u0131\u00e7a\u011f\u0131n\u0131n istenen a\u00e7\u0131ya ayarlanmas\u0131n\u0131 kolayla\u015ft\u0131r\u0131r. Ayr\u0131ca, hidrolik silindirin kompakt tasar\u0131m\u0131, \u00e7e\u015fitli kar k\u00fcreme makinelerine kolayca monte edilmesini sa\u011flar.<\/p>\n<p>\u00dcst\u00fcn performans\u0131 ve dayan\u0131kl\u0131l\u0131\u011f\u0131yla, S\u0131cak Sat\u0131\u015f Paslanmaz \u00c7elik \u00c7ift Etkili Kar K\u00fcreme Hidrolik Silindiri, her t\u00fcrl\u00fc kar k\u00fcreme kurulumuna m\u00fckemmel bir katk\u0131 sa\u011flar. K\u0131\u015f havas\u0131n\u0131n sizi yava\u015flatmas\u0131na izin vermeyin - bu g\u00fcvenilir ve verimli hidrolik silindire bug\u00fcn yat\u0131r\u0131m yap\u0131n. A\u011f\u0131r hizmet uygulamalar\u0131 i\u00e7in tasarlanan Paslanmaz \u00c7elik \u00c7ift Etkili Hidrolik Silindir, kar k\u00fcreme operasyonlar\u0131nda \u00fcst\u00fcn performans ve dayan\u0131kl\u0131l\u0131k sunar. Yenilenmi\u015f haliyle ve 1 y\u0131ll\u0131k garantisiyle bu hidrolik silindir, kullan\u0131c\u0131ya g\u00fcvenilirlik ve g\u00f6n\u00fcl rahatl\u0131\u011f\u0131 sunar.<img decoding=\"async\" title=\"Kar K\u00fcreme Hidrolik Silindiri\" src=\"https:\/\/hzpt.com\/wp-content\/uploads\/2023\/11\/Snow-Plow-Hydraulic-Cylinder-2.webp\" alt=\"Kar K\u00fcreme Hidrolik Silindiri\" \/><\/p>\n<h2>\u00dcr\u00fcn \u00d6zellikleri<\/h2>\n<h3>\u00dcst\u00fcn Kalite ve Tasar\u0131m<\/h3>\n<p>Sa\u011flam \u00e7elik g\u00f6vdeye sahip hidrolik silindir, piston silindirli standart bir yap\u0131ya sahiptir. Hidrolik g\u00fc\u00e7le \u00e7al\u0131\u015f\u0131r ve maksimum 3000 ton itme ve 20 ton \u00e7ekme kapasitesine sahiptir. Silindir, \u015f\u0131k siyah renktedir ve G\/SAE\/NPT\/M ba\u011flant\u0131 noktalar\u0131na sahiptir.<\/p>\n<h3>Boyutlar<\/h3>\n<p>Hidrolik silindirin delik \u00e7ap\u0131 2 ila 6 in\u00e7, \u00e7ubuk boyutu 1,125 ila 4 in\u00e7, strok boyutu 4 ila 100 in\u00e7 ve pim boyutu 0,5 ila 2 in\u00e7 aras\u0131ndad\u0131r. Bu boyut \u00e7e\u015fitlili\u011fi, \u00e7ok \u00e7e\u015fitli makine ve operasyonlarda kullan\u0131labilmesini sa\u011flar.<\/p>\n<h3>Kalite G\u00fcvencesi<\/h3>\n<p>ISO9001:2000 sertifikal\u0131 hidrolik silindir, birinci s\u0131n\u0131f kalite ve performans\u0131 garanti eder. Her \u00fcnite, video \u00e7\u0131k\u0131\u015f muayenesinden ge\u00e7er ve bir makine test raporu ile birlikte sunulur. Ana bile\u015fenler, yatak ve hidrolik silindir 1 y\u0131l garantilidir.<\/p>\n<h3>Uygulamalar<\/h3>\n<p>Hidrolik Silindir, makine tamir at\u00f6lyeleri, \u00e7iftlikler, enerji ve madencilik, makine imalat\u0131 ve makine fabrikalar\u0131 dahil olmak \u00fczere \u00e7e\u015fitli end\u00fcstriler i\u00e7in idealdir.<\/p>\n<h2>Ayarlanabilir \u00c7atal Tipi Silindirlerin Avantajlar\u0131<\/h2>\n<p>Ayarlanabilir \u00e7atal tipi silindirler, hidrolik bas\u0131n\u00e7 kullanarak do\u011frusal hareket \u00fcretebilen bir hidrolik silindir t\u00fcr\u00fcd\u00fcr. Bir\u00e7ok uygulama i\u00e7in m\u00fckemmel bir se\u00e7im olmalar\u0131n\u0131 sa\u011flayan \u00e7e\u015fitli avantajlara sahiptirler. Ayarlanabilir \u00e7atal tipi silindirlerin baz\u0131 avantajlar\u0131 \u015funlard\u0131r:<\/p>\n<ul>\n<li><strong>Ayarlanabilirlik:<\/strong> Ayarlanabilir \u00e7atal tipi silindirlerin en \u00f6nemli avantajlar\u0131ndan biri ayarlanabilir olmalar\u0131d\u0131r. Bu tip silindir, piston \u00e7ubu\u011funun konumu \u00fczerinde hassas kontrol sa\u011flayarak hassas konumland\u0131rma gerektiren uygulamalar i\u00e7in idealdir. \u00d6rne\u011fin, Kar K\u00fcreme Makinesi i\u00e7in S\u0131cak Sat\u0131\u015f Paslanmaz \u00c7elik \u00c7ift Etkili Hidrolik Silindir, etkili kar temizleme i\u00e7in kar k\u00fcreme b\u0131\u00e7a\u011f\u0131n\u0131n do\u011fru a\u00e7\u0131da olmas\u0131n\u0131 sa\u011flamak \u00fczere ayarlanabilir.<\/li>\n<li><strong>Y\u00fcksek kuvvet:<\/strong> Ayarlanabilir \u00e7atal tipi silindirler y\u00fcksek kuvvetler \u00fcretebilir ve bu da onlar\u0131 y\u00fcksek g\u00fc\u00e7 gerektiren uygulamalar i\u00e7in ideal k\u0131lar. Bunun nedeni, hidrolik sistemlerin pn\u00f6matik sistemlere g\u00f6re \u00e7ok daha y\u00fcksek kuvvetler \u00fcretebilmesidir. Bu \u00f6zellik, onlar\u0131 madencilik ekipmanlar\u0131 veya in\u015faat makineleri gibi a\u011f\u0131r hizmet uygulamalar\u0131 i\u00e7in ideal k\u0131lar.<\/li>\n<li><strong>G\u00fcvenilirlik:<\/strong> Ayarlanabilir \u00e7atal tipi silindirler, basit tasar\u0131mlar\u0131 sayesinde son derece g\u00fcvenilirdir. K\u0131r\u0131labilecek veya ar\u0131zalanabilecek \u00e7ok az hareketli par\u00e7aya sahip olmalar\u0131, onlar\u0131 y\u00fcksek g\u00fcvenilirlik gerektiren uygulamalar i\u00e7in m\u00fckemmel bir se\u00e7im haline getirir.<\/li>\n<li><strong>Yeterlik:<\/strong> Hidrolik sistemler, elektrik g\u00fcc\u00fc yerine ak\u0131\u015fkan g\u00fcc\u00fc kullanmalar\u0131 nedeniyle y\u00fcksek verimlilikleriyle bilinir. Bu, ayarlanabilir \u00e7atal tipi silindirlerin \u00e7ok az enerji kullanarak y\u00fcksek kuvvet \u00fcretebildi\u011fi anlam\u0131na gelir ve bu da onlar\u0131 enerji verimlili\u011finin \u00f6nemli oldu\u011fu uygulamalar i\u00e7in m\u00fckemmel bir se\u00e7im haline getirir.<\/li>\n<li><strong>\u00d6zelle\u015ftirme:<\/strong> Ayarlanabilir \u00e7atal tipi silindirler, belirli uygulama gereksinimlerini kar\u015f\u0131layacak \u015fekilde \u00f6zelle\u015ftirilebilir. Belirli bas\u0131n\u00e7, s\u0131cakl\u0131k ve h\u0131zlarda \u00e7al\u0131\u015facak \u015fekilde tasarlanabilirler, bu da onlar\u0131 benzersiz gereksinimleri olan uygulamalar i\u00e7in m\u00fckemmel bir se\u00e7im haline getirir.<\/li>\n<\/ul>\n<p>Kar K\u00fcreme Makinesi i\u00e7in S\u0131cak Sat\u0131\u015f Paslanmaz \u00c7elik \u00c7ift Etkili Hidrolik Silindir, ayarlanabilir \u00e7atal tipi silindirlerin avantajlar\u0131na m\u00fckemmel bir \u00f6rnektir. Bu silindir, kar k\u00fcreme b\u0131\u00e7a\u011f\u0131n\u0131n etkili kar temizleme i\u00e7in do\u011fru a\u00e7\u0131da olmas\u0131n\u0131 sa\u011flamak \u00fczere ayarlanabilir. Ayr\u0131ca, y\u00fcksek kuvvetler \u00fcretebildi\u011fi i\u00e7in a\u011f\u0131r hizmet tipi kar temizleme uygulamalar\u0131 i\u00e7in idealdir. Hidrolik sistemlerinin g\u00fcvenilirli\u011fi ve verimlili\u011fi de bu silindiri kar temizleme ekipmanlar\u0131 i\u00e7in m\u00fckemmel bir se\u00e7im haline getirir.<\/p>\n<p>Sonu\u00e7 olarak, ayarlanabilir \u00e7atal tipi silindirler, onlar\u0131 bir\u00e7ok uygulama i\u00e7in m\u00fckemmel bir se\u00e7im haline getiren bir\u00e7ok avantaja sahiptir. Ayarlanabilirlikleri, y\u00fcksek kuvvetleri, g\u00fcvenilirlikleri, verimlilikleri ve \u00f6zelle\u015ftirme se\u00e7enekleri, onlar\u0131 Kar K\u00fcreme Makinesi i\u00e7in S\u0131cak Sat\u0131\u015f Paslanmaz \u00c7elik \u00c7ift Etkili Hidrolik Silindir gibi kar temizleme ekipmanlar\u0131 da dahil olmak \u00fczere \u00e7ok \u00e7e\u015fitli uygulamalar i\u00e7in m\u00fckemmel bir se\u00e7im haline getirir.<\/p>\n<h3>FMP Hakk\u0131nda<\/h3>\n<p>FMP, Hidrolik Silindir \u00fcretimi ve sat\u0131\u015f\u0131 konusunda uzmanla\u015fm\u0131\u015f bir \u015firkettir. Merkezimiz \u0130talya'da olup, in\u015faat makineleri sekt\u00f6r\u00fcnde kapsaml\u0131 deneyime ve \u00f6zverili bir profesyonel ekibe sahibiz. Y\u00fcksek kaliteli ve g\u00fcvenilir Hidrolik Silindirlerin yan\u0131 s\u0131ra \u00e7ok \u00e7e\u015fitli in\u015faat makinesi par\u00e7alar\u0131 ve \u00e7\u00f6z\u00fcmleri sunuyoruz.<\/p>\n<p><strong>1. Geni\u015f \u00dcr\u00fcn Yelpazesi:<\/strong> \u00dcr\u00fcn yelpazemizde in\u015faat makinalar\u0131 sekt\u00f6r\u00fcn\u00fcn farkl\u0131 ihtiya\u00e7lar\u0131na cevap veren \u00e7e\u015fitli tipte Hidrolik Silindirler yer almaktad\u0131r.<\/p>\n<p><strong>2. \u00dcst\u00fcn Kalite:<\/strong> Yurt i\u00e7i ve yurt d\u0131\u015f\u0131 pazarlardan y\u00fcksek kaliteli tedarik\u00e7ilerle uzun vadeli ve istikrarl\u0131 ortakl\u0131klar kurduk. Bu sayede t\u00fcm Hidrolik Silindirlerimiz s\u0131k\u0131 kalite standartlar\u0131n\u0131 kar\u015f\u0131layarak m\u00fc\u015fterilerimize g\u00fcvenilir ve dayan\u0131kl\u0131 \u00fcr\u00fcnler sunuyoruz.<\/p>\n<p><strong>3. Profesyonel Sat\u0131\u015f Ekibi:<\/strong> Deneyimli sat\u0131\u015f ekibimiz, in\u015faat makineleri sekt\u00f6r\u00fcndeki en son trendler ve m\u00fc\u015fteri gereksinimleri konusunda bilgilidir. Profesyonel \u00fcr\u00fcn dan\u0131\u015fmanl\u0131\u011f\u0131 sa\u011flayabilir ve ak\u0131ll\u0131 sat\u0131n alma \u00f6nerileri sunarak, m\u00fc\u015fterilerimize \u00f6zel ihtiya\u00e7lar\u0131na en uygun Hidrolik Silindiri se\u00e7meleri konusunda rehberlik edebilirler.<\/p>\n<p><strong>4. Verimli Lojistik Da\u011f\u0131t\u0131m:<\/strong> FMP olarak, zaman\u0131nda ve do\u011fru teslimat\u0131n \u00f6neminin fark\u0131nday\u0131z. Verimli lojistik da\u011f\u0131t\u0131m sistemimiz, m\u00fc\u015fterilerimizin ihtiya\u00e7 duyduklar\u0131 par\u00e7alar\u0131 zaman\u0131nda teslim almas\u0131n\u0131 sa\u011flayarak, aksama s\u00fcrelerini en aza indirir ve \u00fcretkenli\u011fi en \u00fcst d\u00fczeye \u00e7\u0131kar\u0131r.<\/p>\n<p><strong>5. M\u00fc\u015fteri Memnuniyetine Ba\u011fl\u0131l\u0131k:<\/strong> M\u00fc\u015fteri memnuniyetini \u00f6n planda tutuyor ve ola\u011fan\u00fcst\u00fc hizmet sunmay\u0131 hedefliyoruz. Ekibimiz, t\u00fcm soru ve endi\u015felerinizi an\u0131nda yan\u0131tlayarak de\u011ferli m\u00fc\u015fterilerimize sorunsuz ve keyifli bir deneyim sunmaya kendini adam\u0131\u015ft\u0131r.<\/p>\n<p><img decoding=\"async\" src=\"https:\/\/fmp-components.com\/wp-content\/uploads\/2024\/12\/Adjustable-Clevis-Type-Cylinders-6.webp\" alt=\"Ayarlanabilir \u00c7atal Tipi Silindir\" width=\"842\" title=\"\"><\/p>\n<h2>SSS<\/h2>\n<h3>S: Siz bir ticaret \u015firketi misiniz yoksa \u00fcretici misiniz?<\/h3>\n<p>A: Biz, en kaliteli hidrolik silindirleri ve di\u011fer makine par\u00e7alar\u0131n\u0131 \u00fcreten bir fabrikay\u0131z.<\/p>\n<h3>S: Hidrolik silindirinizin teslimat s\u00fcresi nedir?<\/h3>\n<p>A: Genellikle teslimat s\u00fcresi 25-35 g\u00fcnd\u00fcr.<\/p>\n<h3>S: Numunelere g\u00f6re \u00fcretim yapabilir misiniz?<\/h3>\n<p>C: Evet, numuneleriniz veya teknik \u00e7izimleriniz do\u011frultusunda \u00fcretim yapabiliriz. Kal\u0131p ve aparatlar\u0131 biz \u00fcretebiliriz.<\/p>\n<p>Yazar: CX<\/p>","protected":false},"excerpt":{"rendered":"<p>Hot Sale Stainless Steel Double Acting Hydraulic Cylinder for Snow Plow The Hot Sale Stainless Steel Double Acting Hydraulic Cylinder for Snow Plow is a high-quality product engineered to provide efficient plowing in the harshest winter conditions. Made with durable stainless steel, this hydraulic cylinder is designed to withstand extreme temperatures and resist corrosion. The [&hellip;]<\/p>","protected":false},"featured_media":1529,"comment_status":"closed","ping_status":"closed","template":"","meta":{"_et_pb_use_builder":"","_et_pb_old_content":"","_et_gb_content_width":""},"product_brand":[],"product_cat":[42],"product_tag":[34,44],"class_list":{"0":"post-1528","1":"product","2":"type-product","3":"status-publish","4":"has-post-thumbnail","6":"product_cat-snow-plow-hydraulic-cylinder","7":"product_tag-hydraulic-cylinder","8":"product_tag-snow-plow-hydraulic-cylinder","10":"first","11":"instock","12":"product-type-simple"},"_links":{"self":[{"href":"https:\/\/fmp-components.com\/tr\/wp-json\/wp\/v2\/product\/1528","targetHints":{"allow":["GET"]}}],"collection":[{"href":"https:\/\/fmp-components.com\/tr\/wp-json\/wp\/v2\/product"}],"about":[{"href":"https:\/\/fmp-components.com\/tr\/wp-json\/wp\/v2\/types\/product"}],"replies":[{"embeddable":true,"href":"https:\/\/fmp-components.com\/tr\/wp-json\/wp\/v2\/comments?post=1528"}],"wp:featuredmedia":[{"embeddable":true,"href":"https:\/\/fmp-components.com\/tr\/wp-json\/wp\/v2\/media\/1529"}],"wp:attachment":[{"href":"https:\/\/fmp-components.com\/tr\/wp-json\/wp\/v2\/media?parent=1528"}],"wp:term":[{"taxonomy":"product_brand","embeddable":true,"href":"https:\/\/fmp-components.com\/tr\/wp-json\/wp\/v2\/product_brand?post=1528"},{"taxonomy":"product_cat","embeddable":true,"href":"https:\/\/fmp-components.com\/tr\/wp-json\/wp\/v2\/product_cat?post=1528"},{"taxonomy":"product_tag","embeddable":true,"href":"https:\/\/fmp-components.com\/tr\/wp-json\/wp\/v2\/product_tag?post=1528"}],"curies":[{"name":"wp","href":"https:\/\/api.w.org\/{rel}","templated":true}]}}