{"id":1526,"date":"2024-12-23T05:51:36","date_gmt":"2024-12-23T05:51:36","guid":{"rendered":"https:\/\/fmp-components.com\/product\/competitive-price-welded-double-effect-hydraulic-piston-cylinder\/"},"modified":"2024-12-23T06:03:51","modified_gmt":"2024-12-23T06:03:51","slug":"competitive-price-welded-double-effect-hydraulic-piston-cylinder","status":"publish","type":"product","link":"https:\/\/fmp-components.com\/tr\/product\/competitive-price-welded-double-effect-hydraulic-piston-cylinder\/","title":{"rendered":"Rekabet\u00e7i Fiyatl\u0131 Kaynakl\u0131 \u00c7ift Etkili Hidrolik Piston Silindiri"},"content":{"rendered":"<p>Rekabet\u00e7i Fiyatl\u0131 Kaynakl\u0131 \u00c7ift Etkili Hidrolik Piston Silindiri, \u00e7e\u015fitli end\u00fcstriyel uygulamalar i\u00e7in tasarlanm\u0131\u015f y\u00fcksek kaliteli bir hidrolik silindirdir. Bu hidrolik piston silindiri, kaynakl\u0131 tasar\u0131m\u0131 ve \u00e7ift etkili \u00e7al\u0131\u015fma \u00f6zelli\u011fiyle optimum performans ve g\u00fcvenilirlik sa\u011flar.<\/p>\n<p>Silindir, y\u00fcksek kaliteli malzemelerden \u00fcretilmi\u015ftir ve y\u00fcksek bas\u0131nca ve a\u011f\u0131r y\u00fcklere dayanacak \u015fekilde tasarlanm\u0131\u015ft\u0131r; bu da onu zorlu end\u00fcstriyel ortamlarda kullan\u0131m i\u00e7in ideal hale getirir. Piston hassas bir \u015fekilde i\u015flenmi\u015ftir ve y\u00fcksek mukavemetli bir yap\u0131ya sahiptir, bu da uzun bir kullan\u0131m \u00f6mr\u00fc boyunca sorunsuz ve tutarl\u0131 \u00e7al\u0131\u015fma sa\u011flar.<\/p>\n<p><img decoding=\"async\" title=\"Kar K\u00fcreme Hidrolik Silindiri\" src=\"https:\/\/hzpt.com\/wp-content\/uploads\/2023\/11\/Snow-Plow-Hydraulic-Cylinder-3.webp\" alt=\"Kar K\u00fcreme Hidrolik Silindiri\" \/><\/p>\n<p>Bu hidrolik silindir, kurulumu ve bak\u0131m\u0131 kolayd\u0131r ve \u00e7ok \u00e7e\u015fitli hidrolik sistemlerle uyumludur. Ayr\u0131ca, \u00f6zel gereksinimlerinize uygun \u00e7e\u015fitli montaj se\u00e7enekleri ve strok uzunluklar\u0131yla son derece \u00f6zelle\u015ftirilebilir.<\/p>\n<p>Genel olarak, rekabet\u00e7i fiyatl\u0131 kaynakl\u0131 \u00e7ift etkili hidrolik piston silindiri, m\u00fckemmel performans, g\u00fcvenilirlik ve fiyat-performans oran\u0131 sunan \u00fcst\u00fcn kaliteli bir hidrolik silindirdir. \u0130ster end\u00fcstriyel, ister tar\u0131msal, ister mobil uygulamalar i\u00e7in bir hidrolik silindire ihtiyac\u0131n\u0131z olsun, bu \u00fcr\u00fcn ihtiya\u00e7lar\u0131n\u0131z\u0131 kar\u015f\u0131layacak ve beklentilerinizi a\u015facakt\u0131r.<\/p>\n<div>\n<h2>\u00dcr\u00fcn \u00d6zellikleri<\/h2>\n<ul>\n<li>\u00dcst\u00fcn performans i\u00e7in sa\u011flam \u00e7elikten \u00fcretilmi\u015ftir.<\/li>\n<li>Standart yap\u0131<\/li>\n<li>Maksimum itme g\u00fcc\u00fc 3000<\/li>\n<li>Maksimum \u00e7ekme kuvveti 20 ton<\/li>\n<li>1 y\u0131l garanti<\/li>\n<\/ul>\n<\/div>\n<div>\n<h3>\u00d6zellikler<\/h3>\n<ul>\n<li>Delik Boyutu: 2-6 in\u00e7<\/li>\n<li>\u00c7ubuk Boyutu: 1,125-4 in\u00e7<\/li>\n<li>Vuru\u015f Boyutu: 4-100 in\u00e7<\/li>\n<li>Pin Boyutu: 0,5-2 in\u00e7<\/li>\n<li>Limanlar: G\/SAE\/NPT\/M<\/li>\n<\/ul>\n<\/div>\n<div style=\"text-align: center;\"><\/div>\n<div style=\"text-align: center;\"><img decoding=\"async\" title=\"Kar K\u00fcreme Hidrolik Silindiri\" src=\"https:\/\/hzpt.com\/wp-content\/uploads\/2023\/11\/Snow-Plow-Hydraulic-Cylinder-2.webp\" alt=\"Kar K\u00fcreme Hidrolik Silindiri\" \/><\/div>\n<div style=\"text-align: center;\"><\/div>\n<div>\n<p>&nbsp;<\/p>\n<\/div>\n<h2>Ayarlanabilir \u00c7atal Tipi Silindirlerin Avantajlar\u0131<\/h2>\n<ul>\n<li style=\"list-style-type: none;\">\n<ul>\n<li>Ekipman kullan\u0131m\u0131nda artan esneklik ve hassasiyet<\/li>\n<\/ul>\n<\/li>\n<\/ul>\n<p>Ayarlanabilir mafsal tipi silindirler, ekipman \u00e7al\u0131\u015fmas\u0131nda y\u00fcksek derecede esneklik ve hassasiyet sa\u011flayarak daha do\u011fru konumland\u0131rma ve hareket kontrol\u00fcne olanak tan\u0131r. Bunun nedeni, silindirin uzunlu\u011funun, t\u00fcm silindiri ekipmandan \u00e7\u0131karmaya gerek kalmadan kolayca ve h\u0131zl\u0131 bir \u015fekilde ayarlanabilmesidir. Bu art\u0131r\u0131lm\u0131\u015f esneklik ve hassasiyet, \u00fcretim s\u00fcre\u00e7lerinde verimlilik ve etkinli\u011fin artmas\u0131na yol a\u00e7abilir.<\/p>\n<ul>\n<li style=\"list-style-type: none;\">\n<ul>\n<li>Geli\u015ftirilmi\u015f dayan\u0131kl\u0131l\u0131k ve performans<\/li>\n<\/ul>\n<\/li>\n<\/ul>\n<p>Ayarlanabilir mafsal tipi silindirler, a\u011f\u0131r y\u00fckleri ve zorlu \u00e7al\u0131\u015fma ortamlar\u0131n\u0131 kald\u0131racak \u015fekilde tasarlanm\u0131\u015ft\u0131r. Genellikle \u00e7elik veya al\u00fcminyum gibi y\u00fcksek kaliteli malzemelerden \u00fcretilirler ve bu da a\u015f\u0131nmaya, y\u0131pranmaya ve korozyona kar\u015f\u0131 m\u00fckemmel diren\u00e7 sa\u011flar. Ek olarak, bu silindirler genellikle \u00e7ift etkili olup, her iki y\u00f6nde de kuvvet uygulayabilirler. Bu \u00f6zellik, ekipman\u0131n daha hassas ve verimli hareket etmesini sa\u011flayarak dayan\u0131kl\u0131l\u0131\u011f\u0131 ve genel performans\u0131 art\u0131r\u0131r.<\/p>\n<ul>\n<li style=\"list-style-type: none;\">\n<ul>\n<li>Geli\u015ftirilmi\u015f g\u00fcvenlik ve istikrar<\/li>\n<\/ul>\n<\/li>\n<\/ul>\n<p>Ayarlanabilir mafsal tipi silindirler, g\u00fcvenlik ve stabilite g\u00f6z \u00f6n\u00fcnde bulundurularak tasarlanm\u0131\u015ft\u0131r. Genellikle, kazara hareket veya ba\u011flant\u0131 kopmas\u0131n\u0131 \u00f6nlemek i\u00e7in kilit somunlar\u0131 veya kilitleme mekanizmalar\u0131 gibi g\u00fcvenlik \u00f6zellikleriyle donat\u0131lm\u0131\u015ft\u0131r. Ayr\u0131ca, bu silindirler genellikle a\u011f\u0131r makineler veya end\u00fcstriyel ekipmanlar gibi stabilitenin kritik oldu\u011fu uygulamalarda kullan\u0131l\u0131r. Ayarlanabilir \u00f6zelli\u011fi, hassas konumland\u0131rmaya olanak tan\u0131r ve bu da i\u015f yerinde kazalar\u0131 ve yaralanmalar\u0131 \u00f6nlemeye yard\u0131mc\u0131 olabilir.<\/p>\n<ul>\n<li style=\"list-style-type: none;\">\n<ul>\n<li>Uygun fiyatl\u0131 ve rekabet\u00e7i fiyatland\u0131rma<\/li>\n<\/ul>\n<\/li>\n<\/ul>\n<p>Ayarlanabilir mafsal tipi silindirler, ekipman \u00fcreticileri ve operat\u00f6rler i\u00e7in uygun maliyetli bir \u00e7\u00f6z\u00fcm sunar. Kaynakl\u0131 \u00e7ift etkili hidrolik piston silindirleri gibi di\u011fer silindir tipleriyle kar\u015f\u0131la\u015ft\u0131r\u0131ld\u0131\u011f\u0131nda genellikle rekabet\u00e7i fiyatland\u0131r\u0131l\u0131rlar. Bu da onlar\u0131 performanstan \u00f6d\u00fcn vermeden maliyetleri d\u00fc\u015f\u00fcrmek isteyenler i\u00e7in cazip bir se\u00e7enek haline getirir. Ek olarak, bu silindirlerin ayarlanabilir \u00f6zelli\u011fi, ekipman ar\u0131za s\u00fcrelerini ve bak\u0131m maliyetlerini azaltmaya yard\u0131mc\u0131 olarak maliyet etkinli\u011fini daha da art\u0131r\u0131r.<\/p>\n<p>Genel olarak, ayarlanabilir mafsal tipi silindirlerin avantajlar\u0131, onlar\u0131 ekipman \u00fcreticileri ve operat\u00f6rler i\u00e7in pop\u00fcler bir se\u00e7im haline getiriyor. Esneklikleri, dayan\u0131kl\u0131l\u0131klar\u0131, g\u00fcvenlik \u00f6zellikleri ve maliyet etkinli\u011fi, onlar\u0131 \u00e7ok \u00e7e\u015fitli uygulamalar i\u00e7in m\u00fckemmel bir se\u00e7enek yap\u0131yor. Silindirin uzunlu\u011funun ayarlanabilmesi sayesinde, bu silindirler ekipman hareketinde geli\u015fmi\u015f hassasiyet ve kontrol sa\u011flayarak verimlili\u011fi ve etkinli\u011fi art\u0131r\u0131yor. Ayr\u0131ca, g\u00fcvenlik \u00f6zellikleri ve stabiliteleri, a\u011f\u0131r makinelerde veya end\u00fcstriyel ekipmanlarda \u00e7al\u0131\u015fanlar i\u00e7in g\u00fcvenilir bir se\u00e7enek olmalar\u0131n\u0131 sa\u011fl\u0131yor. Rekabet\u00e7i fiyatland\u0131rmalar\u0131yla da, ayarlanabilir mafsal tipi silindirler, performanstan \u00f6d\u00fcn vermeden maliyetleri d\u00fc\u015f\u00fcrmek isteyenler i\u00e7in uygun fiyatl\u0131 bir \u00e7\u00f6z\u00fcm sunuyor.<\/p>\n<h3>FMP Hakk\u0131nda<\/h3>\n<p>FMP, Hidrolik Silindir \u00fcretimi ve sat\u0131\u015f\u0131 konusunda uzmanla\u015fm\u0131\u015f bir \u015firkettir. \u0130talya'da bulunan firmam\u0131z, uzun y\u0131llara dayanan sekt\u00f6r deneyimine ve m\u00fc\u015fterilerimize y\u00fcksek kaliteli ve g\u00fcvenilir hidrolik silindirler sa\u011flamaya kendini adam\u0131\u015f profesyonel bir ekibe sahiptir.<\/p>\n<p><img decoding=\"async\" src=\"https:\/\/fmp-components.com\/wp-content\/uploads\/2024\/12\/Adjustable-Clevis-Type-Cylinders-6.webp\" alt=\"Ayarlanabilir \u00c7atal Tipi Silindir\" width=\"841\" title=\"\"><\/p>\n<p>Hidrolik silindirlerimizi se\u00e7meniz i\u00e7in be\u015f neden:<\/p>\n<ol>\n<li>Geni\u015f Se\u00e7enek Yelpazesi: \u00c7e\u015fitli uygulamalarda esneklik sa\u011flayan ayarlanabilir \u00e7atal tipi silindirler de dahil olmak \u00fczere geni\u015f bir hidrolik silindir yelpazesi sunuyoruz.<\/li>\n<li>Ola\u011fan\u00fcst\u00fc Kalite: T\u00fcm hidrolik silindirlerimiz, dayan\u0131kl\u0131l\u0131k ve performanslar\u0131n\u0131 garanti alt\u0131na alan s\u0131k\u0131 kalite standartlar\u0131na g\u00f6re \u00fcretilmektedir.<\/li>\n<li>Uzman Dan\u0131\u015fmanl\u0131\u011f\u0131: \u0130n\u015faat makineleri sekt\u00f6r\u00fc hakk\u0131nda bilgi sahibi olan deneyimli sat\u0131\u015f ekibimiz, \u00f6zel ihtiya\u00e7lar\u0131n\u0131z\u0131 kar\u015f\u0131lamak i\u00e7in profesyonel \u00fcr\u00fcn dan\u0131\u015fmanl\u0131\u011f\u0131 sa\u011flayabilir.<\/li>\n<li>Ak\u0131ll\u0131 Sat\u0131n Alma \u00d6nerileri: M\u00fc\u015fteri ihtiya\u00e7lar\u0131n\u0131 anl\u0131yor ve bilin\u00e7li kararlar alman\u0131za yard\u0131mc\u0131 olmak i\u00e7in ak\u0131ll\u0131 sat\u0131n alma \u00f6nerileri sunuyoruz.<\/li>\n<li>Verimli Lojistik: Verimli lojistik da\u011f\u0131t\u0131m sistemimizle, ihtiya\u00e7 duydu\u011funuz hidrolik silindirlerin zaman\u0131nda ve do\u011fru bir \u015fekilde taraf\u0131n\u0131za ula\u015fmas\u0131n\u0131 sa\u011fl\u0131yoruz.<\/li>\n<\/ol>\n<p>FMP olarak, en kaliteli hidrolik silindirlerimiz ve ola\u011fan\u00fcst\u00fc hizmetimizle m\u00fc\u015fteri beklentilerini a\u015fmay\u0131 hedefliyoruz. T\u00fcm hidrolik silindir ihtiya\u00e7lar\u0131n\u0131z i\u00e7in bug\u00fcn bizimle ileti\u015fime ge\u00e7in!<\/p>\n<div style=\"text-align: center;\">\n<h2 style=\"text-align: left;\">SSS<\/h2>\n<\/div>\n<div>\n<h3>S: Siz bir ticaret \u015firketi misiniz yoksa \u00fcretici misiniz?<\/h3>\n<p>A: Biz bir fabrikay\u0131z.<\/p>\n<\/div>\n<div>\n<h3>S: Teslimat s\u00fcreniz ne kadard\u0131r?<\/h3>\n<p>A: Genellikle 25-35 g\u00fcnd\u00fcr.<\/p>\n<\/div>\n<div>\n<h3>S: Numune sa\u011fl\u0131yor musunuz? \u00dccretsiz mi yoksa ekstra m\u0131?<\/h3>\n<p>C: Evet, numune sunabiliriz ancak \u00fccretsiz de\u011fil.<\/p>\n<\/div>\n<p>Yazar: CX<\/p>","protected":false},"excerpt":{"rendered":"<p>Competitive Price Welded Double Effect Hydraulic Piston CylinderCompetitive Price Welded Double Effect Hydraulic Piston Cylinder is a high-quality hydraulic cylinder designed for various industrial applications. This hydraulic piston cylinder features a welded design and double-acting operation, providing optimal performance and reliability. The cylinder is made from premium quality materials and is designed to withstand high [&hellip;]<\/p>","protected":false},"featured_media":1527,"comment_status":"closed","ping_status":"closed","template":"","meta":{"_et_pb_use_builder":"","_et_pb_old_content":"","_et_gb_content_width":""},"product_brand":[],"product_cat":[42],"product_tag":[34,44],"class_list":{"0":"post-1526","1":"product","2":"type-product","3":"status-publish","4":"has-post-thumbnail","6":"product_cat-snow-plow-hydraulic-cylinder","7":"product_tag-hydraulic-cylinder","8":"product_tag-snow-plow-hydraulic-cylinder","10":"first","11":"instock","12":"product-type-simple"},"_links":{"self":[{"href":"https:\/\/fmp-components.com\/tr\/wp-json\/wp\/v2\/product\/1526","targetHints":{"allow":["GET"]}}],"collection":[{"href":"https:\/\/fmp-components.com\/tr\/wp-json\/wp\/v2\/product"}],"about":[{"href":"https:\/\/fmp-components.com\/tr\/wp-json\/wp\/v2\/types\/product"}],"replies":[{"embeddable":true,"href":"https:\/\/fmp-components.com\/tr\/wp-json\/wp\/v2\/comments?post=1526"}],"wp:featuredmedia":[{"embeddable":true,"href":"https:\/\/fmp-components.com\/tr\/wp-json\/wp\/v2\/media\/1527"}],"wp:attachment":[{"href":"https:\/\/fmp-components.com\/tr\/wp-json\/wp\/v2\/media?parent=1526"}],"wp:term":[{"taxonomy":"product_brand","embeddable":true,"href":"https:\/\/fmp-components.com\/tr\/wp-json\/wp\/v2\/product_brand?post=1526"},{"taxonomy":"product_cat","embeddable":true,"href":"https:\/\/fmp-components.com\/tr\/wp-json\/wp\/v2\/product_cat?post=1526"},{"taxonomy":"product_tag","embeddable":true,"href":"https:\/\/fmp-components.com\/tr\/wp-json\/wp\/v2\/product_tag?post=1526"}],"curies":[{"name":"wp","href":"https:\/\/api.w.org\/{rel}","templated":true}]}}