{"id":1524,"date":"2024-12-23T05:51:36","date_gmt":"2024-12-23T05:51:36","guid":{"rendered":"https:\/\/fmp-components.com\/product\/high-quality-double-effect-snow-plow-hydraulic-cylinder\/"},"modified":"2024-12-23T05:54:59","modified_gmt":"2024-12-23T05:54:59","slug":"high-quality-double-effect-snow-plow-hydraulic-cylinder","status":"publish","type":"product","link":"https:\/\/fmp-components.com\/tr\/product\/high-quality-double-effect-snow-plow-hydraulic-cylinder\/","title":{"rendered":"Y\u00fcksek Kaliteli \u00c7ift Etkili Kar K\u00fcreme Hidrolik Silindiri"},"content":{"rendered":"<p>Y\u00fcksek Kaliteli \u00c7ift Etkili Kar K\u00fcreme Hidrolik Silindiri Y\u00fcksek Kaliteli \u00c7ift Etkili Kar K\u00fcreme Hidrolik Silindiri, her kar k\u00fcreme makinesi i\u00e7in olmazsa olmaz bir bile\u015fendir. Dayan\u0131kl\u0131 yap\u0131s\u0131 ve g\u00fcvenilir \u00e7ift etkili tasar\u0131m\u0131yla bu hidrolik silindir uzun \u00f6m\u00fcrl\u00fc olacak \u015fekilde \u00fcretilmi\u015ftir.<\/p>\n<p>Silindir, kar\u0131 kar k\u00fcreme makinesinin yan taraf\u0131na zahmetsizce ta\u015f\u0131yacak \u015fekilde tasarlanm\u0131\u015ft\u0131r ve kar temizlemeyi kolayla\u015ft\u0131r\u0131r. Ayr\u0131ca, de\u011fi\u015fen kar seviyelerine uyum sa\u011flamak i\u00e7in kar k\u00fcreme makinesini kald\u0131r\u0131p indirme \u00f6zelli\u011fine de sahiptir.<\/p>\n<p>Y\u00fcksek kaliteli malzemeler ve hassas m\u00fchendislikle \u00fcretilen Y\u00fcksek Kaliteli \u00c7ift Etkili Kar K\u00fcreme Hidrolik Silindiri, her kar k\u00fcreme operat\u00f6r\u00fc i\u00e7in olmazsa olmazd\u0131r. \u00dcst\u00fcn performans\u0131 ve uzun \u00f6m\u00fcrl\u00fc dayan\u0131kl\u0131l\u0131\u011f\u0131yla bu \u00fcr\u00fcn, beklentilerinizi a\u015facak ve kar temizlemeyi her zamankinden daha kolay hale getirecektir.<\/p>\n<p><img decoding=\"async\" title=\"Kar K\u00fcreme Hidrolik Silindiri\" src=\"https:\/\/hzpt.com\/wp-content\/uploads\/2023\/11\/Snow-Plow-Hydraulic-Cylinder-1.webp\" alt=\"Kar K\u00fcreme Hidrolik Silindiri\" \/><\/p>\n<h3>\u00d6zellikler<\/h3>\n<ul>\n<li>Delik Boyutu: 2-6 in\u00e7<\/li>\n<li>\u00c7ubuk Boyutu: 1,125-4 in\u00e7<\/li>\n<li>Vuru\u015f Boyutu: 4-100 in\u00e7<\/li>\n<li>Pin Boyutu: 0,5-2 in\u00e7<\/li>\n<li>Limanlar: G\/SAE\/NPT\/M<\/li>\n<\/ul>\n<h2>Kalite G\u00fcvencesi<\/h2>\n<p>\u00dcr\u00fcn\u00fcm\u00fcz, uluslararas\u0131 kalite standartlar\u0131n\u0131 kar\u015f\u0131lad\u0131\u011f\u0131n\u0131 garanti eden ISO9001:2000 sertifikal\u0131d\u0131r. Ayr\u0131ca, rulman ve hidrolik silindir de dahil olmak \u00fczere temel bile\u015fenler i\u00e7in 1 y\u0131l garanti veriyoruz. G\u00fcvenceniz i\u00e7in video \u00e7\u0131k\u0131\u015f muayenesi ve makine test raporu da sunulmaktad\u0131r.<\/p>\n<p><img decoding=\"async\" title=\"Kar K\u00fcreme Hidrolik Silindiri\" src=\"https:\/\/hzpt.com\/wp-content\/uploads\/2023\/11\/Snow-Plow-Hydraulic-Cylinder-3.webp\" alt=\"Kar K\u00fcreme Hidrolik Silindiri\" \/><\/p>\n<h2>Ayarlanabilir \u00c7atal Tipi Silindirlerin Avantajlar\u0131<\/h2>\n<p>Ayarlanabilir \u00e7atal tipi silindirler, \u00e7e\u015fitli end\u00fcstriyel ve ticari uygulamalarda kullan\u0131lan hidrolik sistemlerin \u00f6nemli bir par\u00e7as\u0131d\u0131r. Bu silindirler, sabit \u00e7atal tipi silindirlere g\u00f6re bir\u00e7ok avantaj sunar. Bu makalede, ayarlanabilir \u00e7atal tipi silindirlerin avantajlar\u0131n\u0131 ayr\u0131nt\u0131l\u0131 olarak ele alaca\u011f\u0131z.<\/p>\n<p>1. <b>Kurulum ve i\u015fletimde daha fazla esneklik<\/b> \u2013 Ayarlanabilir \u00e7atal tipi silindirler, kurulum ve kullan\u0131m a\u00e7\u0131s\u0131ndan daha fazla esneklik sunar. Sabit \u00e7atal tipi silindirlerin aksine, ayarlanabilir \u00e7atal tipi silindirler, kullan\u0131c\u0131n\u0131n silindirin uzunlu\u011funda ve a\u00e7\u0131s\u0131nda k\u00fc\u00e7\u00fck ayarlamalar yapmas\u0131na olanak tan\u0131r ve bu da istenen performans seviyesine ula\u015f\u0131lmas\u0131na yard\u0131mc\u0131 olur. Bu, Y\u00fcksek Kaliteli \u00c7ift Etkili Kar K\u00fcreme Hidrolik Silindiri gibi hassasiyetin \u00f6nemli oldu\u011fu uygulamalarda kullan\u0131m i\u00e7in idealdir.<\/p>\n<p>2. <b>Geli\u015ftirilmi\u015f performans ve verimlilik<\/b> \u2013 \u00c7atal tipi silindirlerin ayarlanabilirli\u011fi, hidrolik sistemin daha hassas bir \u015fekilde kontrol edilmesini sa\u011flar. Bu da performans ve verimlili\u011fin artmas\u0131na yol a\u00e7abilir. \u00d6rne\u011fin, silindir do\u011fru uzunluk ve a\u00e7\u0131ya ayarlan\u0131rsa, daha sorunsuz hareket edebilir ve \u00e7al\u0131\u015fmas\u0131 i\u00e7in daha az enerji gerektirir; bu da enerji tasarrufu ve \u00fcretkenli\u011fin artmas\u0131yla sonu\u00e7lanabilir.<\/p>\n<p>3. <b>Azalt\u0131lm\u0131\u015f bak\u0131m ve kesinti s\u00fcresi<\/b> \u2013 Ayarlanabilir \u00e7atal tipi silindirler, sabit \u00e7atal tipi silindirlere k\u0131yasla daha dayan\u0131kl\u0131 olacak ve daha az bak\u0131m gerektirecek \u015fekilde tasarlanm\u0131\u015ft\u0131r. Bunun nedeni, a\u015f\u0131nma ve korozyona dayan\u0131kl\u0131 karbon \u00e7eli\u011fi ve paslanmaz \u00e7elik gibi y\u00fcksek kaliteli malzemelerden \u00fcretilmi\u015f olmalar\u0131d\u0131r. Ayr\u0131ca, bu silindirlerin ayarlanabilirli\u011fi daha kolay bak\u0131m sa\u011flayarak ar\u0131za s\u00fcresini ve onar\u0131m maliyetlerini azalt\u0131r.<\/p>\n<p>4. <b>Geli\u015fmi\u015f g\u00fcvenlik \u00f6zellikleri<\/b> \u2013 Ayarlanabilir \u00e7atal tipi silindirler, end\u00fcstriyel ve ticari uygulamalarda kullan\u0131mlar\u0131n\u0131 daha g\u00fcvenli hale getiren geli\u015fmi\u015f g\u00fcvenlik \u00f6zellikleriyle donat\u0131lm\u0131\u015ft\u0131r. \u00d6rne\u011fin, maksimum y\u00fck kapasitelerini a\u015fmalar\u0131n\u0131 \u00f6nleyen a\u015f\u0131r\u0131 y\u00fck koruma cihazlar\u0131yla donat\u0131labilirler; bu da i\u015f yerinde kaza ve yaralanmalar\u0131n \u00f6nlenmesine yard\u0131mc\u0131 olabilir.<\/p>\n<p>Sonu\u00e7 olarak, ayarlanabilir \u00e7atal tipi silindirler, sabit \u00e7atal tipi silindirlere k\u0131yasla daha fazla kurulum ve kullan\u0131m esnekli\u011fi, geli\u015fmi\u015f performans ve verimlilik, azalt\u0131lm\u0131\u015f bak\u0131m ve ar\u0131za s\u00fcresi ve geli\u015fmi\u015f g\u00fcvenlik \u00f6zellikleri gibi \u00e7e\u015fitli avantajlar sunar. Bu avantajlar, hassasiyet, dayan\u0131kl\u0131l\u0131k ve g\u00fcvenli\u011fin son derece \u00f6nemli oldu\u011fu Y\u00fcksek Kaliteli \u00c7ift Etkili Kar K\u00fcreme Hidrolik Silindiri de dahil olmak \u00fczere \u00e7e\u015fitli uygulamalarda kullan\u0131m i\u00e7in onlar\u0131 m\u00fckemmel bir se\u00e7im haline getirir.<\/p>\n<h3>FMP Hakk\u0131nda<\/h3>\n<p>FMP, Hidrolik Silindir \u00fcretimi ve sat\u0131\u015f\u0131 konusunda uzmanla\u015fm\u0131\u015f bir \u015firkettir. Sekt\u00f6rdeki engin deneyimimiz ve profesyonel ekibimizle, m\u00fc\u015fterilerimize y\u00fcksek kaliteli ve g\u00fcvenilir hidrolik silindirler sunmaya kendimizi adad\u0131k.<\/p>\n<p><img decoding=\"async\" src=\"https:\/\/fmp-components.com\/wp-content\/uploads\/2024\/12\/Adjustable-Clevis-Type-Cylinders-6.webp\" alt=\"Ayarlanabilir \u00c7atal Tipi Silindir\" width=\"840\" title=\"\"><\/p>\n<p>1. Y\u00fcksek Kaliteli \u00dcr\u00fcnler: FMP olarak, uzun \u00f6m\u00fcrl\u00fc, birinci s\u0131n\u0131f hidrolik silindirler sunmaktan gurur duyuyoruz. \u00dcr\u00fcnlerimiz, dayan\u0131kl\u0131l\u0131k ve performanslar\u0131n\u0131 garanti alt\u0131na almak i\u00e7in s\u0131k\u0131 kalite kontrol s\u00fcre\u00e7lerinden ge\u00e7mektedir.<\/p>\n<p>2. Geni\u015f Se\u00e7enek Yelpazesi: M\u00fc\u015fterilerimizin \u00f6zel ihtiya\u00e7lar\u0131n\u0131 kar\u015f\u0131lamak i\u00e7in \u00e7e\u015fitli hidrolik silindirler sunuyoruz. \u0130ster ayarlanabilir \u00e7atal tipi silindirlere, ister ba\u011flant\u0131 \u00e7ubu\u011fu silindirlerine veya kaynakl\u0131 silindirlere ihtiyac\u0131n\u0131z olsun, ihtiyac\u0131n\u0131z olan her \u015fey bizde.<\/p>\n<p>3. S\u0131k\u0131 Kalite Standartlar\u0131: T\u00fcm hidrolik silindirlerimizin s\u0131k\u0131 kalite standartlar\u0131n\u0131 kar\u015f\u0131lamas\u0131n\u0131 garanti alt\u0131na almak i\u00e7in sayg\u0131n tedarik\u00e7ilerle uzun vadeli ve istikrarl\u0131 ortakl\u0131klar s\u00fcrd\u00fcr\u00fcyoruz. Her \u00fcr\u00fcn, m\u00fc\u015fterilerimize teslim edilmeden \u00f6nce kapsaml\u0131 bir denetimden ge\u00e7mektedir.<\/p>\n<p>4. Uzman Sat\u0131\u015f Ekibi: Deneyimli ve bilgili sat\u0131\u015f ekibimiz, sekt\u00f6rdeki en son trendler ve m\u00fc\u015fteri ihtiya\u00e7lar\u0131 konusunda uzmand\u0131r. M\u00fc\u015fteri memnuniyetini sa\u011flamak i\u00e7in profesyonel \u00fcr\u00fcn dan\u0131\u015fmanl\u0131\u011f\u0131 sunmaya ve ak\u0131ll\u0131 sat\u0131n alma \u00f6nerileri sunmaya her zaman haz\u0131rd\u0131rlar.<\/p>\n<p>5. Verimli Lojistik Sistemi: Zaman\u0131nda teslimat\u0131n \u00f6neminin fark\u0131nday\u0131z. Verimli lojistik da\u011f\u0131t\u0131m sistemimizle, m\u00fc\u015fterilerimizin ihtiya\u00e7 duyduklar\u0131 hidrolik silindirleri h\u0131zl\u0131 ve do\u011fru bir \u015fekilde teslim almalar\u0131n\u0131 sa\u011fl\u0131yoruz.<\/p>\n<p>Hidrolik silindir ihtiya\u00e7lar\u0131n\u0131z i\u00e7in FMP'yi se\u00e7in ve bizi rakiplerimizden ay\u0131ran kalite ve g\u00fcvenilirli\u011fi deneyimleyin. Verimli bir ortakl\u0131k ba\u015flatmak i\u00e7in bug\u00fcn bizimle ileti\u015fime ge\u00e7in.<\/p>\n<p>Yazar: CX<\/p>","protected":false},"excerpt":{"rendered":"<p>High Quality Double Effect Snow Plow Hydraulic CylinderThe High Quality Double Effect Snow Plow Hydraulic Cylinder is an essential component for any snow plow. With its durable construction and reliable double-effect design, this hydraulic cylinder is built to last. The cylinder is designed to effortlessly move snow to the side of the plow, making snow [&hellip;]<\/p>","protected":false},"featured_media":1525,"comment_status":"closed","ping_status":"closed","template":"","meta":{"_et_pb_use_builder":"","_et_pb_old_content":"","_et_gb_content_width":""},"product_brand":[],"product_cat":[42],"product_tag":[34,44],"class_list":{"0":"post-1524","1":"product","2":"type-product","3":"status-publish","4":"has-post-thumbnail","6":"product_cat-snow-plow-hydraulic-cylinder","7":"product_tag-hydraulic-cylinder","8":"product_tag-snow-plow-hydraulic-cylinder","10":"first","11":"instock","12":"product-type-simple"},"_links":{"self":[{"href":"https:\/\/fmp-components.com\/tr\/wp-json\/wp\/v2\/product\/1524","targetHints":{"allow":["GET"]}}],"collection":[{"href":"https:\/\/fmp-components.com\/tr\/wp-json\/wp\/v2\/product"}],"about":[{"href":"https:\/\/fmp-components.com\/tr\/wp-json\/wp\/v2\/types\/product"}],"replies":[{"embeddable":true,"href":"https:\/\/fmp-components.com\/tr\/wp-json\/wp\/v2\/comments?post=1524"}],"wp:featuredmedia":[{"embeddable":true,"href":"https:\/\/fmp-components.com\/tr\/wp-json\/wp\/v2\/media\/1525"}],"wp:attachment":[{"href":"https:\/\/fmp-components.com\/tr\/wp-json\/wp\/v2\/media?parent=1524"}],"wp:term":[{"taxonomy":"product_brand","embeddable":true,"href":"https:\/\/fmp-components.com\/tr\/wp-json\/wp\/v2\/product_brand?post=1524"},{"taxonomy":"product_cat","embeddable":true,"href":"https:\/\/fmp-components.com\/tr\/wp-json\/wp\/v2\/product_cat?post=1524"},{"taxonomy":"product_tag","embeddable":true,"href":"https:\/\/fmp-components.com\/tr\/wp-json\/wp\/v2\/product_tag?post=1524"}],"curies":[{"name":"wp","href":"https:\/\/api.w.org\/{rel}","templated":true}]}}