{"id":1518,"date":"2024-12-23T05:50:37","date_gmt":"2024-12-23T05:50:37","guid":{"rendered":"https:\/\/fmp-components.com\/product\/small-2-ton-hydraulic-piston-cylinder-hydraulic-cylinder-for-snow-plow\/"},"modified":"2025-05-10T13:02:44","modified_gmt":"2025-05-10T13:02:44","slug":"small-2-ton-hydraulic-piston-cylinder-hydraulic-cylinder-for-snow-plow","status":"publish","type":"product","link":"https:\/\/fmp-components.com\/tr\/product\/small-2-ton-hydraulic-piston-cylinder-hydraulic-cylinder-for-snow-plow\/","title":{"rendered":"Kar K\u00fcreme Makinas\u0131 i\u00e7in K\u00fc\u00e7\u00fck 2 Tonluk Hidrolik Piston Silindiri"},"content":{"rendered":"<h2>Kar K\u00fcreme Makinas\u0131 i\u00e7in K\u00fc\u00e7\u00fck 2 Tonluk Hidrolik Piston Silindiri<\/h2>\n<p>Kar k\u00fcreme makineleri i\u00e7in tasarlanm\u0131\u015f k\u00fc\u00e7\u00fck 2 tonluk hidrolik piston silindirimiz, standart piston silindir yap\u0131s\u0131 ve hidrolik g\u00fcc\u00fcyle yenilik\u00e7i ve g\u00fcvenilir bir hidrolik silindirdir. Makine tamir at\u00f6lyeleri, \u00e7iftlikler, enerji ve madencilik sekt\u00f6rleri, makine imalat\u0131 ve fabrikalar i\u00e7in ideal bir eklentidir. Sa\u011flam \u00e7elik g\u00f6vdesiyle zorlu \u00e7al\u0131\u015fma ko\u015fullar\u0131na dayanacak ve verimli performans i\u00e7in maksimum itme ve \u00e7ekme g\u00fcc\u00fc sa\u011flayacak \u015fekilde \u00fcretilmi\u015ftir.<\/p>\n<h3>\u00dcr\u00fcn \u00d6zellikleri<\/h3>\n<ul>\n<li>Hafif: Sadece 10 kg a\u011f\u0131rl\u0131\u011f\u0131nda.<\/li>\n<li>1 y\u0131l garanti<\/li>\n<li>ISO9001:2000 kalite g\u00fcvence sertifikas\u0131na sahiptir.<\/li>\n<li>Temel bile\u015fenler aras\u0131nda rulman ve hidrolik silindir bulunur.<\/li>\n<li>Siyah renkte mevcuttur.<\/li>\n<li>G\/SAE\/NPT\/M portlar\u0131yla \u00f6zelle\u015ftirilebilir.<\/li>\n<\/ul>\n<p><img decoding=\"async\" title=\"Kar K\u00fcreme Hidrolik Silindiri\" src=\"https:\/\/hzpt.com\/wp-content\/uploads\/2023\/11\/Snow-Plow-Hydraulic-Cylinder-2.webp\" alt=\"Kar K\u00fcreme Hidrolik Silindiri\" \/><\/p>\n<h3>Boyutlar<\/h3>\n<ul>\n<li>Delik Boyutu: 2-6 in\u00e7<\/li>\n<li>\u00c7ubuk Boyutu: 1,125-4 in\u00e7<\/li>\n<li>Vuru\u015f Boyutu: 4-100 in\u00e7<\/li>\n<li>Pin Boyutu: 0,5-2 in\u00e7<\/li>\n<\/ul>\n<h3>G\u00fc\u00e7 ve Performans<\/h3>\n<p>Kar k\u00fcreme hidrolik silindirimiz, 3000 tonluk maksimum itme g\u00fcc\u00fc ve 20 tonluk maksimum \u00e7ekme kuvvetiyle a\u011f\u0131r i\u015flerin \u00fcstesinden kolayl\u0131kla gelmek \u00fczere tasarlanm\u0131\u015ft\u0131r. Makine tamir at\u00f6lyeleri, \u00e7iftlikler, enerji ve madencilik sekt\u00f6rleri, makine imalat\u0131 ve fabrikalar i\u00e7in m\u00fckemmeldir.<\/p>\n<h2>Ayarlanabilir \u00c7atal Tipi Silindirlerin Avantajlar\u0131<\/h2>\n<p>K\u00fc\u00e7\u00fck 2 Tonluk Hidrolik Piston Silindiri (Kar K\u00fcreme Makinesi i\u00e7in Hidrolik Silindir gibi) gibi ayarlanabilir mafsal tipi silindirler, \u00e7e\u015fitli uygulamalar i\u00e7in bir dizi avantaj sunar. Bu makalede, bu silindirlerin avantajlar\u0131n\u0131 ayr\u0131nt\u0131l\u0131 olarak inceleyece\u011fiz.<\/p>\n<h3>1. Geli\u015fmi\u015f Esneklik<\/h3>\n<p>Ayarlanabilir mafsal tipi silindirlerin en \u00f6nemli avantajlar\u0131ndan biri, art\u0131r\u0131lm\u0131\u015f esneklikleridir. Bu silindirler kolay ayarlama ve \u00f6zelle\u015ftirmeye olanak tan\u0131yarak farkl\u0131 gereksinimlere ve \u00f6zelliklere uyum sa\u011flarlar. Mafsal\u0131n ayarlanabilme \u00f6zelli\u011fi, silindirin \u00e7e\u015fitli ba\u011flant\u0131 elemanlar\u0131na ba\u011flanmas\u0131nda ek esneklik sa\u011flayarak hassas kontrol ve optimum performans imkan\u0131 sunar.<\/p>\n<h3>2. Geli\u015fmi\u015f Verimlilik<\/h3>\n<p>Ayarlanabilir mafsal tipi silindirler, hidrolik sistemlerde verimlili\u011fi art\u0131rmak i\u00e7in tasarlanm\u0131\u015ft\u0131r. Hassas ayarlamaya olanak tan\u0131yan bu silindirler, kuvvetin en verimli \u015fekilde uygulanmas\u0131n\u0131 sa\u011flayarak enerji kayb\u0131n\u0131 en aza indirir ve \u00e7\u0131kt\u0131y\u0131 en \u00fcst d\u00fczeye \u00e7\u0131kar\u0131r. Mafsal pozisyonunun ince ayar yap\u0131labilmesi, silindirin optimum verimlilikte \u00e7al\u0131\u015fmas\u0131n\u0131 sa\u011flayarak genel performans\u0131 iyile\u015ftirir.<\/p>\n<h3>3. Geli\u015fmi\u015f Dayan\u0131kl\u0131l\u0131k<\/h3>\n<p>Ayarlanabilir mafsall\u0131 silindirlerin bir di\u011fer avantaj\u0131 da art\u0131r\u0131lm\u0131\u015f dayan\u0131kl\u0131l\u0131klar\u0131d\u0131r. Bu silindirler, a\u011f\u0131r hizmet uygulamalar\u0131na ve zorlu \u00e7al\u0131\u015fma ko\u015fullar\u0131na dayanacak \u015fekilde \u00fcretilmi\u015ftir. Y\u00fcksek kaliteli malzemelerin ve geli\u015fmi\u015f \u00fcretim tekniklerinin kullan\u0131m\u0131, bu silindirlerin y\u00fcksek bas\u0131n\u00e7lara, a\u015f\u0131r\u0131 s\u0131cakl\u0131klara ve a\u015f\u0131nd\u0131r\u0131c\u0131 ortamlara dayanabilmesini sa\u011flar. Bu dayan\u0131kl\u0131l\u0131k, daha uzun kullan\u0131m \u00f6mr\u00fc ve daha d\u00fc\u015f\u00fck bak\u0131m maliyetleri anlam\u0131na gelir.<\/p>\n<h3>4. Hassas Kontrol<\/h3>\n<p>Ayarlanabilir mafsal tipi silindirler, ba\u011flant\u0131l\u0131 mekanizman\u0131n hareketini ve konumland\u0131r\u0131lmas\u0131n\u0131 hassas bir \u015fekilde kontrol etmeyi sa\u011flar. Mafsal konumunun ayarlanabilmesi, silindirin uygulad\u0131\u011f\u0131 kuvvetin ve strok uzunlu\u011funun ince ayarlanmas\u0131na olanak tan\u0131r. Bu hassas kontrol, kar k\u00fcreme ara\u00e7lar\u0131 gibi do\u011fru konumland\u0131rma gerektiren uygulamalarda \u00e7ok \u00f6nemlidir. K\u00fc\u00e7\u00fck 2 Tonluk Hidrolik Piston Silindiri (Kar K\u00fcreme Arac\u0131 i\u00e7in Hidrolik Silindir) kullan\u0131larak, operat\u00f6rler k\u00fcreme arac\u0131n\u0131n hareketlerini hassas bir \u015fekilde kontrol edebilir ve verimli ve etkili kar temizli\u011fi sa\u011flayabilirler.<\/p>\n<h3>5. \u00c7ok Y\u00f6nl\u00fcl\u00fck<\/h3>\n<p>Ayarlanabilir mafsal tipi silindirler, uygulamalar\u0131nda \u00e7ok y\u00f6nl\u00fcl\u00fck sunar. Bu silindirler, tar\u0131m, in\u015faat, malzeme ta\u015f\u0131ma ve daha bir\u00e7ok sekt\u00f6r ve uygulamada kullan\u0131labilir. Ayarlanabilir tasar\u0131mlar\u0131, \u00e7e\u015fitli sistemlere ve ba\u011flant\u0131lara kolay entegrasyon sa\u011flayarak, farkl\u0131 hidrolik kurulumlar i\u00e7in \u00e7ok y\u00f6nl\u00fc bir se\u00e7enek haline getirir.<\/p>\n<p>Sonu\u00e7 olarak, K\u00fc\u00e7\u00fck 2 Tonluk Hidrolik Piston Silindiri (Kar K\u00fcreme Arac\u0131 i\u00e7in Hidrolik Silindir) gibi ayarlanabilir mafsal tipi silindirler \u00e7e\u015fitli avantajlar sunmaktad\u0131r. Geli\u015ftirilmi\u015f esneklikleri, iyile\u015ftirilmi\u015f verimlilikleri, art\u0131r\u0131lm\u0131\u015f dayan\u0131kl\u0131l\u0131klar\u0131, hassas kontrolleri ve \u00e7ok y\u00f6nl\u00fcl\u00fckleri, onlar\u0131 hidrolik sistemlerde de\u011ferli bir bile\u015fen haline getirmektedir. \u0130ster kar k\u00fcreme ara\u00e7lar\u0131 ister di\u011fer uygulamalar i\u00e7in olsun, bu silindirler gerekli performans\u0131 ve g\u00fcvenilirli\u011fi sa\u011flar.<\/p>\n<h3>FMP Hakk\u0131nda<\/h3>\n<p>FMP, Hidrolik Silindir \u00fcretimi ve sat\u0131\u015f\u0131nda uzmanla\u015fm\u0131\u015f lider bir firmad\u0131r. Sekt\u00f6rdeki uzun y\u0131llara dayanan deneyimimiz ve profesyonel ekibimizle, m\u00fc\u015fterilerimize y\u00fcksek kaliteli ve g\u00fcvenilir hidrolik silindirler ve eksiksiz makine \u00e7\u00f6z\u00fcmleri sunmaya kendimizi adad\u0131k.<\/p>\n<p><img decoding=\"async\" class=\"aligncenter\" src=\"https:\/\/fmp-components.com\/wp-content\/uploads\/2024\/12\/Adjustable-Clevis-Type-Cylinders-6.webp\" alt=\"Ayarlanabilir \u00c7atal Tipi Silindir\" width=\"837\" title=\"\"><\/p>\n<p>\u00dcr\u00fcnlerimizin ve \u015firketimizin be\u015f temel avantaj\u0131 \u015funlard\u0131r:<\/p>\n<ol>\n<li>Geni\u015f Se\u00e7enek Yelpazesi: \u0130n\u015faat makineleri sekt\u00f6r\u00fcndeki \u00e7e\u015fitli uygulamalara uygun kapsaml\u0131 bir hidrolik silindir yelpazesi sunuyoruz. Ayarlanabilir \u00e7atal tipi silindirlerden di\u011fer \u00f6zel tiplere kadar, \u00f6zel ihtiya\u00e7lar\u0131n\u0131z\u0131 kar\u015f\u0131layacak m\u00fckemmel \u00e7\u00f6z\u00fcmlere sahibiz.<\/li>\n<li>\u00dcst\u00fcn Kalite: FMP olarak kaliteye \u00f6ncelik veriyor ve t\u00fcm hidrolik silindirlerimizin s\u0131k\u0131 kalite standartlar\u0131n\u0131 kar\u015f\u0131lamas\u0131n\u0131 sa\u011fl\u0131yoruz. \u00dcr\u00fcnlerimiz birinci s\u0131n\u0131f malzemeler kullan\u0131larak \u00fcretilmekte ve dayan\u0131kl\u0131l\u0131k ve performanslar\u0131n\u0131 garanti alt\u0131na almak i\u00e7in titiz testlerden ge\u00e7mektedir.<\/li>\n<li>Uzman Sat\u0131\u015f Ekibi: Deneyimli sat\u0131\u015f ekibimiz, in\u015faat makineleri sekt\u00f6r\u00fcnde derinlemesine bilgi sahibi olup, en son trendleri takip etmekte ve m\u00fc\u015fteri ihtiya\u00e7lar\u0131n\u0131 anlamaktad\u0131r. Profesyonel \u00fcr\u00fcn dan\u0131\u015fmanl\u0131\u011f\u0131 sunmaya ve bilin\u00e7li kararlar alman\u0131za yard\u0131mc\u0131 olacak ak\u0131ll\u0131 sat\u0131n alma \u00f6nerileri sunmaya haz\u0131rd\u0131rlar.<\/li>\n<li>Verimli Lojistik: Zaman\u0131nda teslimat\u0131n \u00f6neminin fark\u0131nday\u0131z ve bu nedenle verimli bir lojistik da\u011f\u0131t\u0131m sistemi olu\u015fturduk. Bu sistem, m\u00fc\u015fterilerin ihtiya\u00e7 duyduklar\u0131 hidrolik silindirleri h\u0131zl\u0131 ve do\u011fru bir \u015fekilde teslim almas\u0131n\u0131 sa\u011flayarak olas\u0131 gecikmeleri veya aksakl\u0131klar\u0131 en aza indiriyor.<\/li>\n<li>G\u00fc\u00e7l\u00fc Tedarik\u00e7i \u0130li\u015fkileri: Yurt i\u00e7i ve yurt d\u0131\u015f\u0131nda, y\u00fcksek kaliteli tedarik\u00e7ilerle kurdu\u011fumuz uzun vadeli ve istikrarl\u0131 i\u015f birli\u011fi ili\u015fkileri sayesinde, hidrolik silindirlerimiz i\u00e7in en iyi bile\u015fenleri ve malzemeleri tedarik edebiliyoruz. Bu sayede, \u00fcr\u00fcn yelpazemiz genelinde tutarl\u0131 kalite ve performans sa\u011flayabiliyoruz.<\/li>\n<\/ol>\n<p>Hidrolik silindir ihtiya\u00e7lar\u0131n\u0131z i\u00e7in FMP'yi se\u00e7in ve sundu\u011fumuz g\u00fcvenilirlik ve m\u00fckemmelli\u011fi deneyimleyin. \u0130htiya\u00e7lar\u0131n\u0131z\u0131 g\u00f6r\u00fc\u015fmek ve ba\u015far\u0131l\u0131 bir ortakl\u0131k ba\u015flatmak i\u00e7in bug\u00fcn bizimle ileti\u015fime ge\u00e7in.<\/p>\n<h2>SSS<\/h2>\n<ol>\n<li><strong>Siz bir ticaret \u015firketi veya \u00fcretici misiniz?<\/strong><br \/>\nBiz bir fabrikay\u0131z.<\/li>\n<li><strong>Teslimat s\u00fcreniz ne kadar?<\/strong><br \/>\nGenellikle 25-35 g\u00fcnd\u00fcr.<\/li>\n<li><strong>Numune veriyor musunuz? \u00dccretsiz mi, yoksa ekstra m\u0131?<\/strong><br \/>\nEvet, numune sunabiliriz ancak \u00fccretsiz de\u011fil.<\/li>\n<\/ol>\n<p><img decoding=\"async\" class=\"aligncenter\" title=\"Kar K\u00fcreme Hidrolik Silindiri\" src=\"https:\/\/hzpt.com\/wp-content\/uploads\/2023\/11\/Snow-Plow-Hydraulic-Cylinder-1.webp\" alt=\"Kar K\u00fcreme Hidrolik Silindiri\" \/><\/p>\n<p>Yazar: CX<\/p>","protected":false},"excerpt":{"rendered":"<p>Small 2 Ton Hydraulic Piston Cylinder Hydraulic Cylinder for Snow Plow Our Small 2 Ton Hydraulic Piston Cylinder Hydraulic Cylinder for Snow Plow is an innovative and reliable hydraulic cylinder designed with a standard piston cylinder structure and hydraulic power. It is an ideal addition for machinery repair shops, farms, energy &amp; mining industries, machinery [&hellip;]<\/p>","protected":false},"featured_media":1519,"comment_status":"closed","ping_status":"closed","template":"","meta":{"_et_pb_use_builder":"","_et_pb_old_content":"","_et_gb_content_width":""},"product_brand":[],"product_cat":[42],"product_tag":[34,44],"class_list":{"0":"post-1518","1":"product","2":"type-product","3":"status-publish","4":"has-post-thumbnail","6":"product_cat-snow-plow-hydraulic-cylinder","7":"product_tag-hydraulic-cylinder","8":"product_tag-snow-plow-hydraulic-cylinder","10":"first","11":"instock","12":"product-type-simple"},"_links":{"self":[{"href":"https:\/\/fmp-components.com\/tr\/wp-json\/wp\/v2\/product\/1518","targetHints":{"allow":["GET"]}}],"collection":[{"href":"https:\/\/fmp-components.com\/tr\/wp-json\/wp\/v2\/product"}],"about":[{"href":"https:\/\/fmp-components.com\/tr\/wp-json\/wp\/v2\/types\/product"}],"replies":[{"embeddable":true,"href":"https:\/\/fmp-components.com\/tr\/wp-json\/wp\/v2\/comments?post=1518"}],"wp:featuredmedia":[{"embeddable":true,"href":"https:\/\/fmp-components.com\/tr\/wp-json\/wp\/v2\/media\/1519"}],"wp:attachment":[{"href":"https:\/\/fmp-components.com\/tr\/wp-json\/wp\/v2\/media?parent=1518"}],"wp:term":[{"taxonomy":"product_brand","embeddable":true,"href":"https:\/\/fmp-components.com\/tr\/wp-json\/wp\/v2\/product_brand?post=1518"},{"taxonomy":"product_cat","embeddable":true,"href":"https:\/\/fmp-components.com\/tr\/wp-json\/wp\/v2\/product_cat?post=1518"},{"taxonomy":"product_tag","embeddable":true,"href":"https:\/\/fmp-components.com\/tr\/wp-json\/wp\/v2\/product_tag?post=1518"}],"curies":[{"name":"wp","href":"https:\/\/api.w.org\/{rel}","templated":true}]}}