{"id":1516,"date":"2024-12-23T05:50:37","date_gmt":"2024-12-23T05:50:37","guid":{"rendered":"https:\/\/fmp-components.com\/product\/professional-small-double-acting-snow-plow-hydraulic-cylinder\/"},"modified":"2024-12-23T06:10:51","modified_gmt":"2024-12-23T06:10:51","slug":"professional-small-double-acting-snow-plow-hydraulic-cylinder","status":"publish","type":"product","link":"https:\/\/fmp-components.com\/tr\/product\/professional-small-double-acting-snow-plow-hydraulic-cylinder\/","title":{"rendered":"Profesyonel K\u00fc\u00e7\u00fck \u00c7ift Etkili Kar K\u00fcreme Hidrolik Silindiri"},"content":{"rendered":"<h2>Profesyonel K\u00fc\u00e7\u00fck \u00c7ift Etkili Kar K\u00fcreme Hidrolik Silindiri<\/h2>\n<p>Profesyonel K\u00fc\u00e7\u00fck \u00c7ift Etkili Kar K\u00fcreme Hidrolik Silindirini Tan\u0131t\u0131yoruz:<\/p>\n<p>Profesyonel K\u00fc\u00e7\u00fck \u00c7ift Etkili Kar K\u00fcreme Hidrolik Silindiri, kar k\u00fcreme uygulamalar\u0131 i\u00e7in \u00f6zel olarak tasarlanm\u0131\u015f y\u00fcksek kaliteli bir hidrolik silindirdir. Bu silindir, hassasiyet ve dayan\u0131kl\u0131l\u0131k g\u00f6z \u00f6n\u00fcnde bulundurularak \u00fcretilmi\u015ftir ve bu da onu kar temizleme sekt\u00f6r\u00fcndeki profesyoneller i\u00e7in m\u00fckemmel bir se\u00e7im haline getirir.<\/p>\n<p>\u00c7ift etkili tasar\u0131m\u0131yla bu hidrolik silindir, kar temizleme b\u0131\u00e7a\u011f\u0131n\u0131n hem a\u00e7\u0131l\u0131p hem de kapanmas\u0131na olanak tan\u0131yarak verimli ve etkili bir kar temizleme i\u015flemi sa\u011flar. Geli\u015fmi\u015f hidrolik teknolojisiyle donat\u0131lan silindir, en zorlu k\u0131\u015f ko\u015fullar\u0131nda bile sorunsuz ve g\u00fcvenilir bir \u00e7al\u0131\u015fma sa\u011flar.<\/p>\n<p>Profesyonel K\u00fc\u00e7\u00fck \u00c7ift Etkili Kar K\u00fcreme Hidrolik Silindiri, y\u00fcksek mukavemetli \u00e7elik ve korozyona dayan\u0131kl\u0131 kaplamalar da dahil olmak \u00fczere birinci s\u0131n\u0131f malzemelerden \u00fcretilmi\u015ftir. Bu, uzun \u00f6m\u00fcrl\u00fc olmas\u0131n\u0131 ve a\u011f\u0131r hizmet kullan\u0131m\u0131na dayanmas\u0131n\u0131 sa\u011flayarak bak\u0131m ve de\u011fi\u015ftirme maliyetlerinden tasarruf etmenizi sa\u011flar.<\/p>\n<p>Kompakt ve modern bir tasar\u0131ma sahip olan bu hidrolik silindir, kurulumu kolayd\u0131r ve \u00e7e\u015fitli kar k\u00fcreme sistemlerine sorunsuz bir \u015fekilde uyum sa\u011flar. \u00c7ok y\u00f6nl\u00fc montaj se\u00e7enekleri, farkl\u0131 kar k\u00fcreme konfig\u00fcrasyonlar\u0131na ve gereksinimlerine uyum sa\u011flayarak kolay \u00f6zelle\u015ftirme olana\u011f\u0131 sunar.<\/p>\n<p>Profesyonel K\u00fc\u00e7\u00fck \u00c7ift Etkili Kar K\u00fcreme Hidrolik Silindiri, g\u00fcvenlik a\u00e7\u0131s\u0131ndan en \u00f6nemli \u00f6nceliktir. S\u0131z\u0131nt\u0131lar\u0131 \u00f6nlemek ve optimum performans\u0131 korumak i\u00e7in bas\u0131n\u00e7 tahliye valfleri ve contalar gibi dahili g\u00fcvenlik \u00f6zellikleriyle donat\u0131lm\u0131\u015ft\u0131r. Bu, hem operat\u00f6r\u00fcn hem de ekipman\u0131n g\u00fcvenli\u011fini garanti eder.<\/p>\n<p>Sonu\u00e7 olarak, Profesyonel K\u00fc\u00e7\u00fck \u00c7ift Etkili Kar K\u00fcreme Hidrolik Silindiri, ola\u011fan\u00fcst\u00fc sonu\u00e7lar veren ola\u011fan\u00fcst\u00fc bir \u00fcr\u00fcnd\u00fcr. Sa\u011flam yap\u0131s\u0131, verimli \u00e7al\u0131\u015fmas\u0131 ve kullan\u0131c\u0131 dostu tasar\u0131m\u0131, kar k\u00fcreme uygulamalar\u0131 i\u00e7in g\u00fcvenilir ve y\u00fcksek performansl\u0131 bir hidrolik silindir arayan profesyoneller i\u00e7in ideal bir se\u00e7imdir. Profesyonel K\u00fc\u00e7\u00fck \u00c7ift Etkili Kar K\u00fcreme Hidrolik Silindiri, performans ve dayan\u0131kl\u0131l\u0131k i\u00e7in tasarlanm\u0131\u015f son teknoloji bir ara\u00e7t\u0131r. Bu \u00e7ok y\u00f6nl\u00fc alet, makine tamir at\u00f6lyeleri, \u00e7iftlikler, enerji ve madencilik end\u00fcstrileri, makine imalat\u0131 ve makine fabrikalar\u0131 dahil olmak \u00fczere \u00e7ok \u00e7e\u015fitli uygulamalar i\u00e7in tasarlanm\u0131\u015ft\u0131r.<img decoding=\"async\" title=\"Kar K\u00fcreme Hidrolik Silindiri\" src=\"https:\/\/hzpt.com\/wp-content\/uploads\/2023\/11\/Snow-Plow-Hydraulic-Cylinder-1.webp\" alt=\"Kar K\u00fcreme Hidrolik Silindiri\" \/><\/p>\n<h2>\u00dcst\u00fcn \u00dcr\u00fcn \u00d6zellikleri<\/h2>\n<p>\u00c7elikten \u00fcretilen bu hidrolik silindir, a\u011f\u0131r hizmet tipi kullan\u0131m i\u00e7in tasarlanm\u0131\u015ft\u0131r. Standart boyutta olup, piston silindir yap\u0131s\u0131na sahiptir ve hidrolik g\u00fc\u00e7le \u00e7al\u0131\u015f\u0131r. Hidrolik silindir, maksimum 3000 ton itme g\u00fcc\u00fc ve 20 ton \u00e7ekme g\u00fcc\u00fc sa\u011flar. Sadece 10 kg a\u011f\u0131rl\u0131\u011f\u0131ndaki bu silindir, performans\u0131ndan \u00f6d\u00fcn vermeden a\u011f\u0131r hizmet tipi g\u00f6revlerin \u00fcstesinden gelmek i\u00e7in m\u00fckemmeldir.<\/p>\n<h3>\u00d6zellikler<\/h3>\n<ul>\n<li>Delik Boyutu: 2-6 in\u00e7<\/li>\n<li>\u00c7ubuk Boyutu: 1,125-4 in\u00e7<\/li>\n<li>Vuru\u015f Boyutu: 4-100 in\u00e7<\/li>\n<li>Pin Boyutu: 0,5-2 in\u00e7<\/li>\n<li>Renk: Siyah<\/li>\n<\/ul>\n<h2>G\u00fcvenilir ve Sad\u0131k<\/h2>\n<p>Profesyonel K\u00fc\u00e7\u00fck \u00c7ift Etkili Kar K\u00fcreme Hidrolik Silindirimiz ISO9001:2000 sertifikas\u0131na sahiptir. 2023 y\u0131l\u0131 i\u00e7in yeni bir \u00fcr\u00fcn olup, g\u00fcncel tasar\u0131m\u0131 ve teknolojisiyle g\u00fcven vermektedir. Rulman ve hidrolik silindir gibi temel bile\u015fenlerin garanti kapsam\u0131nda oldu\u011funu garanti eden bir y\u0131ll\u0131k garantiyle birlikte gelir.<\/p>\n<h2>Ayarlanabilir \u00c7atal Tipi Silindirlerin Avantajlar\u0131<\/h2>\n<p>Ayarlanabilir \u00e7atal tipi silindirler, ayarlanabilir \u00e7atal montajl\u0131 silindirler olarak da bilinir, \u00e7e\u015fitli avantajlar sunan ve bir\u00e7ok uygulamada de\u011ferli bir bile\u015fen olabilen hidrolik silindirlerdir. Bu makalede, bu silindirlerin avantajlar\u0131n\u0131 ve neden sekt\u00f6rde pop\u00fcler bir tercih olduklar\u0131n\u0131 inceleyece\u011fiz.<\/p>\n<h3>1. Geli\u015fmi\u015f Esneklik ve Uyum Kabiliyeti<\/h3>\n<p>Ayarlanabilir \u00e7atal tipi silindirlerin temel avantajlar\u0131ndan biri, geli\u015fmi\u015f esneklik ve uyarlanabilirliktir. Bu silindirler, montaj konumunun kolayca ayarlanmas\u0131n\u0131 ve ince ayar\u0131n\u0131 sa\u011flayan bir \u00e7atal yuvas\u0131yla birlikte gelir. Bu ayarlanabilirlik, silindirin farkl\u0131 uygulamalara ve montaj konfig\u00fcrasyonlar\u0131na uyarlanmas\u0131n\u0131 m\u00fcmk\u00fcn k\u0131larak kurulumda daha fazla esneklik sunar.<\/p>\n<p>Profesyonel K\u00fc\u00e7\u00fck \u00c7ift Etkili Kar K\u00fcreme Hidrolik Silindiri<\/p>\n<h3>2. Geli\u015fmi\u015f Performans ve Verimlilik<\/h3>\n<p>Ayarlanabilir \u00e7atal tipi silindirlerin bir di\u011fer avantaj\u0131 da performans ve verimlili\u011fi art\u0131rma kabiliyetleridir. Bu silindirler, hidrolik sistemin kuvveti ve h\u0131z\u0131 \u00fczerinde hassas kontrol sa\u011flamak \u00fczere tasarlanm\u0131\u015ft\u0131r. Operat\u00f6rler, montaj konumunu ayarlayarak ve silindirin strok uzunlu\u011funu hassas bir \u015fekilde ayarlayarak, sistemin performans\u0131n\u0131 optimize edebilir ve \u00e7e\u015fitli uygulamalarda daha y\u00fcksek verimlilik elde edebilirler.<\/p>\n<h3>3. Optimum Hizalama ve Y\u00fck Da\u011f\u0131l\u0131m\u0131<\/h3>\n<p>Ayarlanabilir \u00e7atal tipi silindirler, optimum hizalama ve y\u00fck da\u011f\u0131l\u0131m\u0131 sa\u011flamada \u00f6zellikle faydal\u0131d\u0131r. \u00c7atal tipi montaj, kolay hizalama ayar\u0131na olanak tan\u0131yarak silindirin y\u00fck ve sistemdeki di\u011fer bile\u015fenlerle do\u011fru hizalanmas\u0131n\u0131 sa\u011flar. Bu hizalama, y\u00fck\u00fcn e\u015fit \u015fekilde da\u011f\u0131t\u0131lmas\u0131na yard\u0131mc\u0131 olarak erken a\u015f\u0131nma riskini en aza indirir ve silindirin genel \u00f6mr\u00fcn\u00fc uzat\u0131r.<\/p>\n<h3>4. Geli\u015fmi\u015f G\u00fcvenlik ve G\u00fcvenilirlik<\/h3>\n<p>G\u00fcvenlik ve g\u00fcvenilirlik s\u00f6z konusu oldu\u011funda, ayarlanabilir \u00e7atal tipi silindirler bir\u00e7ok avantaj sunar. Montaj konumunu ayarlama yetene\u011fi, silindirin g\u00fcvenli bir \u015fekilde sabitlenmesini sa\u011flayarak \u00e7al\u0131\u015fma s\u0131ras\u0131nda beklenmedik hareket veya \u00e7\u0131kma riskini azalt\u0131r. Ayr\u0131ca, bu silindirlerin hassas ayar yetenekleri, sistem \u00fczerinde hassas kontrol sa\u011flayarak bile\u015fenler \u00fczerinde a\u015f\u0131r\u0131 y\u00fck veya a\u015f\u0131r\u0131 stres olas\u0131l\u0131\u011f\u0131n\u0131 en aza indirir ve b\u00f6ylece genel g\u00fcvenlik ve g\u00fcvenilirli\u011fi art\u0131r\u0131r.<\/p>\n<h3>5. Geni\u015f Uygulama Yelpazesi<\/h3>\n<p>Ayarlanabilir \u00e7atal tipi silindirler, \u00e7e\u015fitli end\u00fcstri ve sekt\u00f6rlerde uygulama alan\u0131 bulur. Esneklikleri, uyarlanabilirlikleri ve performanslar\u0131, tar\u0131m makineleri, in\u015faat ekipmanlar\u0131, malzeme ta\u015f\u0131ma sistemleri ve end\u00fcstriyel otomasyon dahil ancak bunlarla s\u0131n\u0131rl\u0131 olmamak \u00fczere \u00e7ok \u00e7e\u015fitli g\u00f6revler i\u00e7in uygun olmalar\u0131n\u0131 sa\u011flar. \u0130ster itme, ister \u00e7ekme, ister kald\u0131rma veya tutma olsun, bu silindirler farkl\u0131 uygulamalar\u0131n \u00f6zel gereksinimlerini kar\u015f\u0131layacak \u015fekilde \u00f6zelle\u015ftirilebilir.<\/p>\n<p>Sonu\u00e7 olarak, ayarlanabilir \u00e7atal tipi silindirler, onlar\u0131 bir\u00e7ok sekt\u00f6rde tercih edilen bir se\u00e7enek haline getiren \u00e7e\u015fitli avantajlar sunar. Esneklikleri, performanslar\u0131 ve uyarlanabilirlikleri, optimum hizalama ve y\u00fck da\u011f\u0131l\u0131m\u0131 sa\u011flama kabiliyetleriyle birlikte, geli\u015fmi\u015f g\u00fcvenlik, g\u00fcvenilirlik ve verimlili\u011fe katk\u0131da bulunur. Geni\u015f uygulama yelpazesi ve montaj konumunu hassas bir \u015fekilde ayarlama imk\u00e2n\u0131yla, bu silindirler \u00e7e\u015fitli hidrolik sistem gereksinimleri i\u00e7in g\u00fcvenilir ve verimli bir \u00e7\u00f6z\u00fcm sunar.<\/p>\n<h3>FMP Hakk\u0131nda<\/h3>\n<p>FMP, Hidrolik Silindir \u00fcretimi ve sat\u0131\u015f\u0131nda uzmanla\u015fm\u0131\u015f lider bir firmad\u0131r. Merkezimiz \u0130talya'da olup, sekt\u00f6rde kapsaml\u0131 deneyim kazanm\u0131\u015f ve m\u00fc\u015fterilerimize y\u00fcksek kaliteli ve g\u00fcvenilir in\u015faat makinesi par\u00e7alar\u0131 ve komple makine \u00e7\u00f6z\u00fcmleri sunmaya kendini adam\u0131\u015f profesyonel bir ekip kurmu\u015f durumday\u0131z.<\/p>\n<p><img decoding=\"async\" src=\"https:\/\/fmp-components.com\/wp-content\/uploads\/2024\/12\/Adjustable-Clevis-Type-Cylinders-6.webp\" alt=\"Ayarlanabilir \u00c7atal Tipi Silindir\" width=\"836\" title=\"\"><\/p>\n<p>\u00dcr\u00fcnlerimizin ve \u015firketimizin be\u015f temel avantaj\u0131 \u015funlard\u0131r:<\/p>\n<ol>\n<li>Geni\u015f \u00dcr\u00fcn Yelpazesi: \u00c7e\u015fitli in\u015faat makineleri uygulamalar\u0131na uygun, ayarlanabilir \u00e7atal tipi silindirler de dahil olmak \u00fczere \u00e7e\u015fitli hidrolik silindirler sunuyoruz.<\/li>\n<li>S\u0131k\u0131 Kalite Standartlar\u0131: Yurt i\u00e7inde ve yurt d\u0131\u015f\u0131nda y\u00fcksek kaliteli tedarik\u00e7ilerle uzun vadeli ve istikrarl\u0131 i\u015fbirli\u011fi ili\u015fkileri kurarak, tedarik edilen t\u00fcm par\u00e7alar\u0131n s\u0131k\u0131 kalite standartlar\u0131n\u0131 kar\u015f\u0131lamas\u0131n\u0131 sa\u011fl\u0131yoruz.<\/li>\n<li>Deneyimli Sat\u0131\u015f Ekibi: Sat\u0131\u015f ekibimiz, in\u015faat makineleri sekt\u00f6r\u00fcn\u00fcn geli\u015fim trendleri ve m\u00fc\u015fteri ihtiya\u00e7lar\u0131 konusunda derinlemesine bilgiye sahiptir. Profesyonel \u00fcr\u00fcn dan\u0131\u015fmanl\u0131\u011f\u0131 sa\u011flayabilir ve ak\u0131ll\u0131 sat\u0131n alma \u00f6nerileri sunabilirler.<\/li>\n<li>Verimli Lojistik Da\u011f\u0131t\u0131m: M\u00fc\u015fterilerimizin ihtiya\u00e7 duyduklar\u0131 par\u00e7alar\u0131 zaman\u0131nda ve do\u011fru bir \u015fekilde alabilmelerini garanti alt\u0131na almak i\u00e7in verimli bir lojistik da\u011f\u0131t\u0131m sistemi uygulad\u0131k.<\/li>\n<li>\u00dcst D\u00fczey Aksesuarlar: Hidrolik silindirlerin yan\u0131 s\u0131ra, \u00fcr\u00fcnlerimizi m\u00fckemmel \u015fekilde tamamlayacak \u015fekilde tasarlanm\u0131\u015f bir dizi \u00fcst d\u00fczey aksesuar da sunuyoruz. Bu aksesuarlar, in\u015faat makinelerinin performans\u0131n\u0131 ve verimlili\u011fini daha da art\u0131r\u0131yor.<\/li>\n<\/ol>\n<p>\u0130n\u015faat makineleri sekt\u00f6r\u00fcnde g\u00fcvenilir orta\u011f\u0131n\u0131z olarak FMP'yi se\u00e7in. Y\u00fcksek kaliteli hidrolik silindirlerimizin \u00f6zel ihtiya\u00e7lar\u0131n\u0131z\u0131 nas\u0131l kar\u015f\u0131layabilece\u011fini ve projelerinizin ba\u015far\u0131s\u0131na nas\u0131l katk\u0131da bulunabilece\u011fini ke\u015ffetmek i\u00e7in bug\u00fcn bizimle ileti\u015fime ge\u00e7in.<\/p>\n<h2>S\u0131k\u00e7a Sorulan Sorular<\/h2>\n<h3>S: Siz bir ticaret \u015firketi misiniz yoksa \u00fcretici misiniz?<\/h3>\n<p>A: Biz \u00fcreticiyiz.<\/p>\n<h3>S: Teslimat s\u00fcreniz ne kadard\u0131r?<\/h3>\n<p>A: Genellikle 25-35 g\u00fcnd\u00fcr.<\/p>\n<h3>S: Numune sa\u011fl\u0131yor musunuz? \u00dccretsiz mi yoksa ekstra m\u0131?<\/h3>\n<p>C: Evet, numune sunabiliriz ancak \u00fccretsiz de\u011fil.<\/p>\n<p>&nbsp;<\/p>\n<p>Yazar: CX<\/p>","protected":false},"excerpt":{"rendered":"<p>Professional Small Double Acting Snow Plow Hydraulic Cylinder Introducing the Professional Small Double Acting Snow Plow Hydraulic Cylinder: The Professional Small Double Acting Snow Plow Hydraulic Cylinder is a high-quality hydraulic cylinder designed specifically for snow plow applications. This cylinder is built with precision and durability in mind, making it the perfect choice for professionals [&hellip;]<\/p>","protected":false},"featured_media":1517,"comment_status":"closed","ping_status":"closed","template":"","meta":{"_et_pb_use_builder":"","_et_pb_old_content":"","_et_gb_content_width":""},"product_brand":[],"product_cat":[42],"product_tag":[34,44],"class_list":{"0":"post-1516","1":"product","2":"type-product","3":"status-publish","4":"has-post-thumbnail","6":"product_cat-snow-plow-hydraulic-cylinder","7":"product_tag-hydraulic-cylinder","8":"product_tag-snow-plow-hydraulic-cylinder","10":"first","11":"instock","12":"product-type-simple"},"_links":{"self":[{"href":"https:\/\/fmp-components.com\/tr\/wp-json\/wp\/v2\/product\/1516","targetHints":{"allow":["GET"]}}],"collection":[{"href":"https:\/\/fmp-components.com\/tr\/wp-json\/wp\/v2\/product"}],"about":[{"href":"https:\/\/fmp-components.com\/tr\/wp-json\/wp\/v2\/types\/product"}],"replies":[{"embeddable":true,"href":"https:\/\/fmp-components.com\/tr\/wp-json\/wp\/v2\/comments?post=1516"}],"wp:featuredmedia":[{"embeddable":true,"href":"https:\/\/fmp-components.com\/tr\/wp-json\/wp\/v2\/media\/1517"}],"wp:attachment":[{"href":"https:\/\/fmp-components.com\/tr\/wp-json\/wp\/v2\/media?parent=1516"}],"wp:term":[{"taxonomy":"product_brand","embeddable":true,"href":"https:\/\/fmp-components.com\/tr\/wp-json\/wp\/v2\/product_brand?post=1516"},{"taxonomy":"product_cat","embeddable":true,"href":"https:\/\/fmp-components.com\/tr\/wp-json\/wp\/v2\/product_cat?post=1516"},{"taxonomy":"product_tag","embeddable":true,"href":"https:\/\/fmp-components.com\/tr\/wp-json\/wp\/v2\/product_tag?post=1516"}],"curies":[{"name":"wp","href":"https:\/\/api.w.org\/{rel}","templated":true}]}}