{"id":1512,"date":"2024-12-23T05:50:37","date_gmt":"2024-12-23T05:50:37","guid":{"rendered":"https:\/\/fmp-components.com\/product\/guaranteed-quality-small-hydraulic-cylinder-double-effect-hydraulic-cylinder-for-snow-plow\/"},"modified":"2024-12-23T06:24:04","modified_gmt":"2024-12-23T06:24:04","slug":"guaranteed-quality-small-hydraulic-cylinder-double-effect-hydraulic-cylinder-for-snow-plow","status":"publish","type":"product","link":"https:\/\/fmp-components.com\/tr\/product\/guaranteed-quality-small-hydraulic-cylinder-double-effect-hydraulic-cylinder-for-snow-plow\/","title":{"rendered":"Garantili Kalite K\u00fc\u00e7\u00fck Hidrolik Silindir \u00c7ift Etkili Kar K\u00fcreme Hidrolik Silindiri"},"content":{"rendered":"<p>Kar K\u00fcreme Makineleri \u0130\u00e7in Garantili Kalitede K\u00fc\u00e7\u00fck Boy \u00c7ift Etkili Hidrolik Silindir!<\/p>\n<p>Hassasiyet ve kalite g\u00f6z \u00f6n\u00fcnde bulundurularak tasarlanan bu hidrolik silindir, her t\u00fcrl\u00fc kar k\u00fcreme makinesine m\u00fckemmel bir eklentidir. \u00c7ift etkili \u00f6zelli\u011fi, verimlili\u011fi ve g\u00fcc\u00fc art\u0131rarak en yo\u011fun kar ya\u011f\u0131\u015flar\u0131nda bile temizlemeyi her zamankinden daha kolay hale getirir.<\/p>\n<p>En y\u00fcksek kalitede malzemelerden \u00fcretilen bu hidrolik silindir, en zorlu ko\u015fullara bile dayanacak \u015fekilde tasarlanm\u0131\u015ft\u0131r. Kompakt boyutu kolay kurulum imkan\u0131 sunarak, kar temizleme kapasitesini en \u00fcst d\u00fczeye \u00e7\u0131karmak isteyen t\u00fcm kar k\u00fcreme operat\u00f6rleri i\u00e7in ideal bir se\u00e7imdir.<\/p>\n<p><img decoding=\"async\" title=\"Kar K\u00fcreme Hidrolik Silindiri\" src=\"https:\/\/hzpt.com\/wp-content\/uploads\/2023\/11\/Snow-Plow-Hydraulic-Cylinder-3.webp\" alt=\"Kar K\u00fcreme Hidrolik Silindiri\" \/><\/p>\n<p>Garantili kalite ve g\u00fcvenilirlik ile bu k\u00fc\u00e7\u00fck hidrolik silindir, kar temizleme i\u015fiyle u\u011fra\u015fan her profesyonel i\u00e7in m\u00fckemmel bir yat\u0131r\u0131md\u0131r. K\u0131\u015f havas\u0131n\u0131n sizi yava\u015flatmas\u0131na izin vermeyin \u2013 Garantili Kalite K\u00fc\u00e7\u00fck Hidrolik Silindir \u00c7ift Etkili Kar K\u00fcreme Silindiri'ni se\u00e7in ve i\u015finizi her seferinde do\u011fru \u015fekilde tamamlay\u0131n.<\/p>\n<h2>Ayarlanabilir \u00c7atal Tipi Silindirlerin Avantajlar\u0131<\/h2>\n<p>Garantili kaliteye sahip k\u00fc\u00e7\u00fck hidrolik silindir ve kar k\u00fcreme makineleri i\u00e7in \u00e7ift etkili hidrolik silindir gibi ayarlanabilir mafsal tipi silindirler, \u00e7e\u015fitli uygulamalarda tercih edilmelerini sa\u011flayan bir dizi avantaj sunmaktad\u0131r. Bu makalede, bu avantajlar\u0131 ayr\u0131nt\u0131l\u0131 olarak inceleyece\u011fiz.<\/p>\n<p>1. Geli\u015fmi\u015f Esneklik:<br \/>\nAyarlanabilir mafsal tipi silindirler, ayarlanabilir mafsal ba\u011flant\u0131lar\u0131 sayesinde \u00fcst\u00fcn esneklik sunar. Bu \u00f6zellik, farkl\u0131 pozisyonlarda kolay kurulum ve ayarlamaya olanak tan\u0131yarak geni\u015f bir uygulama yelpazesi i\u00e7in uygun hale getirir. \u0130ster kar k\u00fcreme arac\u0131 olsun ister ba\u015fka bir ekipman, silindirin konumunun ayarlanabilmesi optimum performans sa\u011flar.<\/p>\n<p>2. Hassas Kontrol:<br \/>\nBu silindirler, \u00e7e\u015fitli ekipmanlar\u0131n hareket ve konumland\u0131r\u0131lmas\u0131 \u00fczerinde hassas kontrol sa\u011flar. Ayarlanabilir strok uzunluklar\u0131 ve hassas konumland\u0131rma yetenekleri sayesinde, \u00e7al\u0131\u015fma i\u015fleminin belirli gereksinimlere g\u00f6re ince ayarlanmas\u0131na olanak tan\u0131rlar. Bu kontrol seviyesi, in\u015faat veya end\u00fcstriyel makineler gibi do\u011frulu\u011fun son derece \u00f6nemli oldu\u011fu uygulamalarda \u00e7ok \u00f6nemlidir.<\/p>\n<p>3. Dayan\u0131kl\u0131l\u0131k ve G\u00fcvenilirlik:<br \/>\nKar k\u00fcreme makineleri i\u00e7in \u00fcretilen, garantili kalitede k\u00fc\u00e7\u00fck hidrolik silindirler ve \u00e7ift etkili hidrolik silindirler, zorlu ko\u015fullara dayanacak \u015fekilde tasarlanm\u0131\u015ft\u0131r. Y\u00fcksek kaliteli malzemelerden \u00fcretilen ve a\u011f\u0131r y\u00fckleri ta\u015f\u0131yacak \u015fekilde tasarlanan bu silindirler, ola\u011fan\u00fcst\u00fc dayan\u0131kl\u0131l\u0131k ve g\u00fcvenilirlik sunar. Bu sayede, performanstan \u00f6d\u00fcn vermeden en zorlu g\u00f6revlerin \u00fcstesinden gelebilirler.<\/p>\n<p>4. Verimli G\u00fc\u00e7 \u0130letimi:<br \/>\nAyarlanabilir mafsal tipi silindirlerin tasar\u0131m\u0131, g\u00fc\u00e7 aktar\u0131m\u0131n\u0131 optimize ederek verimli \u00e7al\u0131\u015fma sa\u011flar. Geli\u015fmi\u015f hidrolik teknolojisinin kullan\u0131m\u0131, enerji kayb\u0131n\u0131 en aza indirerek d\u00fczg\u00fcn ve tutarl\u0131 hareket imkan\u0131 sunar. Bu verimlilik, genel performans\u0131 art\u0131rmakla kalmaz, ayn\u0131 zamanda uzun vadede maliyet tasarrufuna da katk\u0131da bulunur.<\/p>\n<p>5. \u00c7ok Y\u00f6nl\u00fc Uygulamalar:<br \/>\n\u00c7ok y\u00f6nl\u00fc tasar\u0131mlar\u0131 sayesinde, ayarlanabilir mafsal tipi silindirler geni\u015f bir end\u00fcstri yelpazesinde uygulama alan\u0131 bulmaktad\u0131r. Tar\u0131mdan in\u015faata, malzeme ta\u015f\u0131madan ula\u015f\u0131ma kadar bu silindirler \u00e7e\u015fitli ekipman ve makinelere entegre edilebilir. Uyarlanabilirlikleri, onlar\u0131 farkl\u0131 operasyonel ihtiya\u00e7lar i\u00e7in uygun maliyetli bir \u00e7\u00f6z\u00fcm haline getirmektedir.<\/p>\n<p>Sonu\u00e7 olarak, garantili kaliteye sahip k\u00fc\u00e7\u00fck hidrolik silindir ve kar k\u00fcreme makineleri i\u00e7in \u00e7ift etkili hidrolik silindir de dahil olmak \u00fczere ayarlanabilir mafsal tipi silindirler bir\u00e7ok avantaj sunmaktad\u0131r. Esneklikleri, hassas kontrolleri, dayan\u0131kl\u0131l\u0131klar\u0131, verimli g\u00fc\u00e7 aktar\u0131mlar\u0131 ve \u00e7ok y\u00f6nl\u00fcl\u00fckleri, onlar\u0131 \u00e7e\u015fitli uygulamalar i\u00e7in m\u00fckemmel bir se\u00e7im haline getirmektedir. Bu silindirleri ekipman veya makinelere entegre ederek, i\u015fletmeler performans\u0131 optimize edebilir, verimlili\u011fi art\u0131rabilir ve operasyonel hedeflerine etkili bir \u015fekilde ula\u015fabilirler.<\/p>\n<h3>FMP Hakk\u0131nda<\/h3>\n<p>FMP, in\u015faat makineleri par\u00e7alar\u0131 ve komple makinelerin sat\u0131\u015f ve servisinde uzmanla\u015fm\u0131\u015f, \u0130talya'n\u0131n lider bir \u015firketidir. Sekt\u00f6rdeki uzun y\u0131llara dayanan deneyimimiz ve profesyonel ekibimizle m\u00fc\u015fterilerimize y\u00fcksek kaliteli ve g\u00fcvenilir \u00e7\u00f6z\u00fcmler sunuyoruz.<\/p>\n<h3>Hidrolik Silindir<\/h3>\n<p>Ba\u015fl\u0131ca \u00fcr\u00fcnlerimizden biri Hidrolik Silindir'dir. Silindirlerimiz y\u00fcksek kaliteli malzemelerden \u00fcretilmi\u015f olup, a\u015f\u0131r\u0131 bas\u0131n\u00e7 ve a\u011f\u0131r y\u00fcklere dayanacak \u015fekilde tasarlanm\u0131\u015ft\u0131r. FMP Hidrolik Silindir'i se\u00e7meniz i\u00e7in be\u015f neden:<\/p>\n<ol>\n<li><strong>Y\u00fcksek Kaliteli Malzemeler:<\/strong> Hidrolik silindirlerimiz, dayan\u0131kl\u0131l\u0131k ve uzun s\u00fcreli performans sa\u011flayan y\u00fcksek kaliteli malzemelerden \u00fcretilmi\u015ftir. Silindirlerimizin en zorlu ko\u015fullara dayanabilmesini sa\u011flamak i\u00e7in yaln\u0131zca en iyi malzemeleri kullan\u0131yoruz.<\/li>\n<li><strong>\u00d6zelle\u015ftirilebilir:<\/strong> \u00d6zel ihtiya\u00e7lar\u0131n\u0131z\u0131 kar\u015f\u0131layacak \u015fekilde \u00f6zelle\u015ftirilebilen geni\u015f bir hidrolik silindir yelpazesi sunuyoruz. Silindirlerimiz farkl\u0131 boyut, \u015fekil ve tasar\u0131mlarda mevcuttur ve uygulaman\u0131z i\u00e7in m\u00fckemmel olan\u0131 se\u00e7menize yard\u0131mc\u0131 olabiliriz.<\/li>\n<li><strong>G\u00fcvenilirlik:<\/strong> Hidrolik silindirlerimiz, en zorlu ko\u015fullarda bile g\u00fcvenilir performans sa\u011flayacak \u015fekilde tasarlanm\u0131\u015ft\u0131r. G\u00fcvenilirli\u011fin \u00f6neminin fark\u0131nday\u0131z ve silindirlerimizin bu g\u00f6reve uygun olmas\u0131n\u0131 sa\u011flamak i\u00e7in gerekli t\u00fcm \u00f6nlemleri al\u0131yoruz.<\/li>\n<li><strong>Uzman Dan\u0131\u015fmanl\u0131\u011f\u0131:<\/strong> Sat\u0131\u015f ekibimiz, in\u015faat makineleri sekt\u00f6r\u00fcnde uzman ki\u015filerden olu\u015fmaktad\u0131r. En son trendleri yak\u0131ndan takip ederek, sizin i\u00e7in hangi hidrolik silindirin do\u011fru oldu\u011funa dair profesyonel tavsiyelerde bulunabilirler.<\/li>\n<li><strong>Verimli Lojistik:<\/strong> Hidrolik silindirinizi zaman\u0131nda ve do\u011fru bir \u015fekilde teslim alman\u0131z\u0131 sa\u011flayan verimli bir lojistik da\u011f\u0131t\u0131m sistemimiz var. Zaman\u0131nda teslimat\u0131n \u00f6neminin fark\u0131nday\u0131z ve sipari\u015finizin zaman\u0131nda teslim edilmesini sa\u011flamak i\u00e7in gerekli t\u00fcm \u00f6nlemleri al\u0131yoruz.<\/li>\n<\/ol>\n<p>G\u00fcvenilir ve y\u00fcksek kaliteli bir hidrolik silindir ar\u0131yorsan\u0131z, FMP'den ba\u015fkas\u0131na bakmay\u0131n. \u0130htiya\u00e7lar\u0131n\u0131za m\u00fckemmel \u00e7\u00f6z\u00fcm\u00fc sunacak deneyim ve uzmanl\u0131\u011fa sahibiz.<\/p>\n<p><img decoding=\"async\" src=\"https:\/\/fmp-components.com\/wp-content\/uploads\/2024\/12\/Adjustable-Clevis-Type-Cylinders-6.webp\" alt=\"Ayarlanabilir \u00c7atal Tipi Silindir\" width=\"834\" title=\"\"><\/p>\n<h2>SSS<\/h2>\n<h3>Siz bir ticaret \u015firketi veya \u00fcretici misiniz?<\/h3>\n<p>Kendi fabrikas\u0131na sahip bir \u00fcreticiyiz.<\/p>\n<h3>Teslimat s\u00fcreniz ne kadar?<\/h3>\n<p>Teslimat s\u00fcremiz genellikle 25-35 g\u00fcnd\u00fcr.<\/p>\n<h3>Numune veriyor musunuz? \u00dccretsiz mi, yoksa ekstra m\u0131?<\/h3>\n<p>Numuneler sunuyoruz ancak bunlar \u00fccretsiz de\u011fil.<\/p>\n<p><img decoding=\"async\" title=\"Kar K\u00fcreme Hidrolik Silindiri\" src=\"https:\/\/hzpt.com\/wp-content\/uploads\/2023\/11\/Snow-Plow-Hydraulic-Cylinder-1.webp\" alt=\"Kar K\u00fcreme Hidrolik Silindiri\" \/><\/p>\n<p>Yazar: CX<\/p>","protected":false},"excerpt":{"rendered":"<p>Guaranteed Quality Small Hydraulic Cylinder Double Effect Hydraulic Cylinder For Snow PlowIntroducing the Guaranteed Quality Small Hydraulic Cylinder Double Effect Hydraulic Cylinder for Snow Plow! Designed with precision and quality in mind, this hydraulic cylinder is the perfect addition to any snow plow. Its double effect capability means increased efficiency and power, making it easier [&hellip;]<\/p>","protected":false},"featured_media":1513,"comment_status":"closed","ping_status":"closed","template":"","meta":{"_et_pb_use_builder":"","_et_pb_old_content":"","_et_gb_content_width":""},"product_brand":[],"product_cat":[42],"product_tag":[34,44],"class_list":{"0":"post-1512","1":"product","2":"type-product","3":"status-publish","4":"has-post-thumbnail","6":"product_cat-snow-plow-hydraulic-cylinder","7":"product_tag-hydraulic-cylinder","8":"product_tag-snow-plow-hydraulic-cylinder","10":"first","11":"instock","12":"product-type-simple"},"_links":{"self":[{"href":"https:\/\/fmp-components.com\/tr\/wp-json\/wp\/v2\/product\/1512","targetHints":{"allow":["GET"]}}],"collection":[{"href":"https:\/\/fmp-components.com\/tr\/wp-json\/wp\/v2\/product"}],"about":[{"href":"https:\/\/fmp-components.com\/tr\/wp-json\/wp\/v2\/types\/product"}],"replies":[{"embeddable":true,"href":"https:\/\/fmp-components.com\/tr\/wp-json\/wp\/v2\/comments?post=1512"}],"wp:featuredmedia":[{"embeddable":true,"href":"https:\/\/fmp-components.com\/tr\/wp-json\/wp\/v2\/media\/1513"}],"wp:attachment":[{"href":"https:\/\/fmp-components.com\/tr\/wp-json\/wp\/v2\/media?parent=1512"}],"wp:term":[{"taxonomy":"product_brand","embeddable":true,"href":"https:\/\/fmp-components.com\/tr\/wp-json\/wp\/v2\/product_brand?post=1512"},{"taxonomy":"product_cat","embeddable":true,"href":"https:\/\/fmp-components.com\/tr\/wp-json\/wp\/v2\/product_cat?post=1512"},{"taxonomy":"product_tag","embeddable":true,"href":"https:\/\/fmp-components.com\/tr\/wp-json\/wp\/v2\/product_tag?post=1512"}],"curies":[{"name":"wp","href":"https:\/\/api.w.org\/{rel}","templated":true}]}}