{"id":1510,"date":"2024-12-23T05:50:37","date_gmt":"2024-12-23T05:50:37","guid":{"rendered":"https:\/\/fmp-components.com\/product\/2-ton-small-hydraulic-oil-cylinder-hydraulic-cylinder-for-snow-plow\/"},"modified":"2024-12-23T06:25:59","modified_gmt":"2024-12-23T06:25:59","slug":"2-ton-small-hydraulic-oil-cylinder-hydraulic-cylinder-for-snow-plow","status":"publish","type":"product","link":"https:\/\/fmp-components.com\/tr\/product\/2-ton-small-hydraulic-oil-cylinder-hydraulic-cylinder-for-snow-plow\/","title":{"rendered":"2 Tonluk K\u00fc\u00e7\u00fck Hidrolik Ya\u011f Silindiri Kar K\u00fcreme Makinesi \u0130\u00e7in Hidrolik Silindir"},"content":{"rendered":"<h2>2 Tonluk K\u00fc\u00e7\u00fck Hidrolik Ya\u011f Silindiri Kar K\u00fcreme Makinesi \u0130\u00e7in Hidrolik Silindir<\/h2>\n<p>Kar k\u00fcreme makineleri i\u00e7in \u00f6zel olarak tasarlanm\u0131\u015f, y\u00fcksek kaliteli ve dayan\u0131kl\u0131 2 Tonluk K\u00fc\u00e7\u00fck Hidrolik Ya\u011f Silindiri, kompakt boyutu ve etkileyici g\u00fcc\u00fcyle a\u011f\u0131r y\u00fckleri kald\u0131rabilen ve sorunsuz ve verimli \u00e7al\u0131\u015fma sa\u011flayan bir hidrolik silindirdir.<\/p>\n<p>Sa\u011flam yap\u0131s\u0131yla \u00f6ne \u00e7\u0131kan 2 Tonluk K\u00fc\u00e7\u00fck Hidrolik Ya\u011f Silindiri, kar k\u00fcreme s\u0131ras\u0131nda s\u0131k\u00e7a kar\u015f\u0131la\u015f\u0131lan zorlu ko\u015fullara dayanacak \u015fekilde \u00fcretilmi\u015ftir. \u00dcst\u00fcn kaliteli malzemelerden \u00fcretilen bu silindir, a\u015f\u0131r\u0131 s\u0131cakl\u0131klarda bile uzun \u00f6m\u00fcrl\u00fc ve g\u00fcvenilir bir performans sunar.<\/p>\n<p>Bu hidrolik silindir, geli\u015fmi\u015f hidrolik teknolojisiyle donat\u0131lm\u0131\u015f olup, kar k\u00fcreme b\u0131\u00e7a\u011f\u0131n\u0131n hassas kontrol\u00fcne ve ayarlanmas\u0131na olanak tan\u0131r. M\u00fckemmel g\u00fc\u00e7 ve verimlilik sunarak, kar temizleme ve yol a\u00e7ma i\u015flemlerinde optimum performans sa\u011flar.<\/p>\n<p>Kar k\u00fcreme makineleri i\u00e7in 2 tonluk k\u00fc\u00e7\u00fck hidrolik ya\u011f silindiri, kolay kurulum \u00f6zelli\u011fine sahiptir ve \u00e7ok \u00e7e\u015fitli kar k\u00fcreme makinesi modelleriyle uyumludur. Kompakt tasar\u0131m\u0131, kurulumda esneklik sa\u011flar ve kar k\u00fcreme makinesinin genel i\u015flevselli\u011fini etkilememesini garanti eder.<\/p>\n<p>Sonu\u00e7 olarak, 2 Tonluk K\u00fc\u00e7\u00fck Hidrolik Ya\u011f Silindiri, kar k\u00fcreme i\u015flemlerinde ola\u011fan\u00fcst\u00fc performans garantisi veren birinci s\u0131n\u0131f bir hidrolik silindirdir. G\u00fcvenilirli\u011fi, dayan\u0131kl\u0131l\u0131\u011f\u0131 ve verimli tasar\u0131m\u0131, kar k\u00fcreme ara\u00e7lar\u0131 i\u00e7in g\u00fc\u00e7l\u00fc bir hidrolik silindire ihtiya\u00e7 duyanlar i\u00e7in ideal bir se\u00e7im haline getirir.<\/p>\n<p>Kar k\u00fcreme makineleri i\u00e7in y\u00fcksek kaliteli, sa\u011flam 2 Tonluk K\u00fc\u00e7\u00fck Hidrolik Ya\u011f Silindiri'mizi tan\u0131t\u0131yoruz. 2023 y\u0131l\u0131nda piyasaya s\u00fcr\u00fclecek olan bu yeni \u00fcr\u00fcn, makine tamir at\u00f6lyeleri, \u00e7iftlikler, enerji ve madencilik, makine imalat\u0131 ve makine fabrikalar\u0131 dahil olmak \u00fczere \u00e7e\u015fitli sekt\u00f6rlerdeki zorlu uygulamalar i\u00e7in \u00f6zel olarak tasarlanm\u0131\u015ft\u0131r.<\/p>\n<h2>\u00dcr\u00fcn \u00d6zellikleri<\/h2>\n<p>Hidrolik silindir bir y\u0131l garantilidir ve uzun \u00f6m\u00fcrl\u00fc performans sa\u011flayan dayan\u0131kl\u0131, y\u00fcksek kaliteli \u00e7elikten \u00fcretilmi\u015ftir. Maksimum 3000 ton itme kuvveti ve maksimum 20 ton \u00e7ekme kuvveti sunan, hidrolik g\u00fc\u00e7le \u00e7al\u0131\u015fan standart bir pistonlu silindirdir.<\/p>\n<h3>Boyutlar ve \u00d6zellikler<\/h3>\n<ul>\n<li>Delik Boyutu: 2-6 in\u00e7<\/li>\n<li>\u00c7ubuk Boyutu: 1,125-4 in\u00e7<\/li>\n<li>Vuru\u015f Boyutu: 4-100 in\u00e7<\/li>\n<li>Pin Boyutu: 0,5-2 in\u00e7<\/li>\n<\/ul>\n<p>\u015e\u0131k siyah rengiyle profesyonel ve sa\u011flam bir g\u00f6r\u00fcn\u00fcme sahip olan hidrolik silindir, kar k\u00fcreme makinelerinin hidrolik silindirleri i\u00e7in uygundur ve ISO9001:2000 sertifikas\u0131na sahiptir.<\/p>\n<p><img decoding=\"async\" title=\"Kar K\u00fcreme Hidrolik Silindiri\" src=\"https:\/\/hzpt.com\/wp-content\/uploads\/2023\/11\/Snow-Plow-Hydraulic-Cylinder-2.webp\" alt=\"Kar K\u00fcreme Hidrolik Silindiri\" \/><\/p>\n<h2>Ayarlanabilir \u00c7atal Tipi Silindirlerin Avantajlar\u0131<\/h2>\n<p>Kar k\u00fcreme makineleri i\u00e7in kullan\u0131lan 2 tonluk k\u00fc\u00e7\u00fck hidrolik ya\u011f silindiri gibi ayarlanabilir mafsall\u0131 silindirler, \u00e7e\u015fitli uygulamalarda say\u0131s\u0131z avantaj sunar. Mafsall\u0131 ba\u011flant\u0131 ile tasarlanan bu silindirler, \u00e7ok \u00e7e\u015fitli end\u00fcstriyel ve mekanik i\u015flemler i\u00e7in esneklik, dayan\u0131kl\u0131l\u0131k ve g\u00fcvenilirlik sa\u011flar. Bu makalede, ayarlanabilir mafsall\u0131 silindirlerin temel avantajlar\u0131n\u0131 inceleyece\u011fiz.<\/p>\n<h3>1. Geli\u015fmi\u015f Esneklik<\/h3>\n<p>Ayarlanabilir mafsall\u0131 silindirlerin ba\u015fl\u0131ca avantajlar\u0131ndan biri, art\u0131r\u0131lm\u0131\u015f esneklikleridir. Bu silindirler, farkl\u0131 uygulamalarda daha fazla \u00e7ok y\u00f6nl\u00fcl\u00fck sa\u011flamak \u00fczere ayarlanabilir montaj pozisyonlar\u0131na olanak tan\u0131yacak \u015fekilde tasarlanm\u0131\u015ft\u0131r. Mafsal ba\u011flant\u0131s\u0131n\u0131n ayarlanabilme \u00f6zelli\u011fi sayesinde, silindir kolayca hizalanabilir ve \u00e7e\u015fitli bile\u015fenlere ba\u011flanabilir, farkl\u0131 mekanik d\u00fczenlemelere uyum sa\u011flayabilir. Bu esneklik, \u00e7e\u015fitli \u00e7al\u0131\u015fma ko\u015fullar\u0131nda optimum performans ve verimlilik sa\u011flar.<\/p>\n<h3>2. Hassas Konumland\u0131rma<\/h3>\n<p>Ayarlanabilir mafsall\u0131 silindirlerin bir di\u011fer \u00f6nemli avantaj\u0131 da hassas konumland\u0131rma yetenekleridir. Mafsal ba\u011flant\u0131s\u0131, silindirin di\u011fer mekanik par\u00e7alara g\u00f6re ince ayar yap\u0131lmas\u0131na ve do\u011fru hizalanmas\u0131na olanak tan\u0131r. Bu hassas konumland\u0131rma, kuvvetlerin daha iyi kontrol edilmesini ve manip\u00fcle edilmesini sa\u011flayarak kritik operasyonlarda sorunsuz ve do\u011fru hareketler sa\u011flar. \u0130ster a\u011f\u0131r y\u00fcklerin kald\u0131r\u0131lmas\u0131 ister ekipman hareketinin kontrol\u00fc olsun, ayarlanabilir mafsall\u0131 silindirler optimum performans i\u00e7in gerekli hassasiyeti sa\u011flar.<\/p>\n<h3>3. Artt\u0131r\u0131lm\u0131\u015f Dayan\u0131kl\u0131l\u0131k<\/h3>\n<p>Ayarlanabilir mafsal tipi silindirler, y\u00fcksek kaliteli malzemelerden \u00fcretildi\u011fi i\u00e7in son derece dayan\u0131kl\u0131 ve uzun \u00f6m\u00fcrl\u00fcd\u00fcr. Bu silindirler, a\u011f\u0131r y\u00fckler, a\u015f\u0131r\u0131 s\u0131cakl\u0131klar ve zorlu ortamlar da dahil olmak \u00fczere zorlu \u00e7al\u0131\u015fma ko\u015fullar\u0131na dayanacak \u015fekilde tasarlanm\u0131\u015ft\u0131r. Sa\u011flam yap\u0131s\u0131 ve g\u00fcvenilir s\u0131zd\u0131rmazl\u0131k mekanizmalar\u0131, silindirin performans\u0131ndan veya yap\u0131sal b\u00fct\u00fcnl\u00fc\u011f\u00fcnden \u00f6d\u00fcn vermeden a\u011f\u0131r hizmet uygulamalar\u0131na dayanabilmesini sa\u011flar. Bu artan dayan\u0131kl\u0131l\u0131k, bak\u0131m ve de\u011fi\u015ftirme maliyetlerinin azalmas\u0131na yol a\u00e7arak, ayarlanabilir mafsal tipi silindirleri uzun vadede uygun maliyetli bir se\u00e7im haline getirir.<\/p>\n<h3>4. Geli\u015ftirilmi\u015f Verimlilik<\/h3>\n<p>Hidrolik sistemlerde verimlilik son derece \u00f6nemlidir. Ayarlanabilir mafsall\u0131 silindirler, \u00e7e\u015fitli uygulamalarda verimlili\u011fi art\u0131rarak bu konuda \u00fcst\u00fcnl\u00fck sa\u011flarlar. Bu silindirlerin sa\u011flad\u0131\u011f\u0131 hassas konumland\u0131rma ve esneklik, enerji kay\u0131plar\u0131n\u0131 en aza indirerek hidrolik g\u00fcc\u00fcn etkili bir \u015fekilde kullan\u0131lmas\u0131n\u0131 sa\u011flar. Kuvvet transferini optimize ederek ve gereksiz s\u00fcrt\u00fcnmeyi azaltarak, ayarlanabilir mafsall\u0131 silindirler genel sistem verimlili\u011fine katk\u0131da bulunur, bu da \u00fcretkenli\u011fin artmas\u0131na ve enerji t\u00fcketiminin azalmas\u0131na yol a\u00e7ar.<\/p>\n<h3>5. \u00c7ok Y\u00f6nl\u00fc Uygulamalar<\/h3>\n<p>Ayarlanabilir mafsal tipi silindirlerin \u00e7ok y\u00f6nl\u00fcl\u00fc\u011f\u00fc, onlar\u0131 farkl\u0131 sekt\u00f6rlerde geni\u015f bir uygulama yelpazesi i\u00e7in uygun hale getirir. \u0130n\u015faat, imalat, tar\u0131m veya ula\u015f\u0131m olsun, bu silindirler \u00e7e\u015fitli ekipman ve makinelerde kullan\u0131labilir. Kar k\u00fcreme ara\u00e7lar\u0131ndan tar\u0131m aletlerine kadar, ayarlanabilir mafsal tipi silindirler, \u00e7e\u015fitli \u00e7al\u0131\u015fma senaryolar\u0131nda g\u00fcvenilir performans ve uyarlanabilirlik sunar.<\/p>\n<p>Sonu\u00e7 olarak, 2 Tonluk K\u00fc\u00e7\u00fck Hidrolik Ya\u011f Silindiri (Kar K\u00fcreme Makinesi \u0130\u00e7in Hidrolik Silindir) \u00f6rne\u011finde oldu\u011fu gibi, ayarlanabilir mafsal tipi silindirler esneklik, hassas konumland\u0131rma, dayan\u0131kl\u0131l\u0131k, verimlilik ve \u00e7ok y\u00f6nl\u00fcl\u00fck a\u00e7\u0131s\u0131ndan bir\u00e7ok avantaj sunmaktad\u0131r. Benzersiz tasar\u0131mlar\u0131 ve sa\u011flam yap\u0131lar\u0131 ile bu silindirler g\u00fcvenilir performans sunar ve end\u00fcstriyel ve mekanik sistemlerin sorunsuz \u00e7al\u0131\u015fmas\u0131na katk\u0131da bulunur.<\/p>\n<h3>FMP Hakk\u0131nda \u2013 Hidrolik Silindirlerin Profesyonel \u00dcreticisi ve Sat\u0131c\u0131s\u0131<\/h3>\n<p>\u0130n\u015faat makineleriniz i\u00e7in g\u00fcvenilir ve y\u00fcksek kaliteli bir hidrolik silindir mi ar\u0131yorsunuz? FMP'den ba\u015fkas\u0131na bakmay\u0131n! Profesyonel bir in\u015faat makinesi par\u00e7alar\u0131 ve komple makine \u00fcreticisi ve sat\u0131c\u0131s\u0131 olarak, \u00e7e\u015fitli uygulamalar\u0131n ihtiya\u00e7lar\u0131n\u0131 kar\u015f\u0131lamak \u00fczere tasarlanm\u0131\u015f geni\u015f bir hidrolik silindir yelpazesi sunuyoruz.<\/p>\n<p>FMP'nin hidrolik silindirlerini tercih etmeniz i\u00e7in baz\u0131 nedenler \u015funlard\u0131r:<\/p>\n<p>1. Y\u00fcksek Kaliteli Malzemeler \u2013 Hidrolik silindirlerimiz, dayan\u0131kl\u0131l\u0131k, g\u00fcvenilirlik ve uzun hizmet \u00f6mr\u00fc sa\u011flamak i\u00e7in en kaliteli malzemelerden \u00fcretilmi\u015ftir. Malzemelerimizi yurt i\u00e7i ve yurt d\u0131\u015f\u0131ndaki y\u00fcksek kaliteli tedarik\u00e7ilerden temin ediyor ve s\u0131k\u0131 kalite kontrol standartlar\u0131na tabi tutuyoruz.<\/p>\n<p>2. \u00d6zelle\u015ftirilebilir Tasar\u0131mlar \u2013 Geni\u015f bir hidrolik silindir tasar\u0131m\u0131 yelpazesi sunuyor ve tasar\u0131mlar\u0131 m\u00fc\u015fteri ihtiya\u00e7 ve \u00f6zelliklerine g\u00f6re \u00f6zelle\u015ftirebiliyoruz. \u0130ster standart bir silindire ister \u00f6zel bir \u00e7\u00f6z\u00fcme ihtiyac\u0131n\u0131z olsun, do\u011fru \u00fcr\u00fcn\u00fc bulman\u0131za yard\u0131mc\u0131 olabiliriz.<\/p>\n<p>3. Geni\u015f Uygulama Yelpazesi \u2013 Hidrolik silindirlerimiz, tar\u0131m makineleri, end\u00fcstriyel ekipmanlar ve daha fazlas\u0131 dahil olmak \u00fczere \u00e7e\u015fitli in\u015faat makineleri i\u00e7in uygundur. Ekim silindirlerinden ekskavat\u00f6r silindirlerine kadar ihtiya\u00e7lar\u0131n\u0131za uygun do\u011fru \u00fcr\u00fcne sahibiz.<\/p>\n<p>4. Profesyonel Dan\u0131\u015fmanl\u0131k \u2013 Deneyimli sat\u0131\u015f ekibimiz, profesyonel \u00fcr\u00fcn dan\u0131\u015fmanl\u0131\u011f\u0131 ve ak\u0131ll\u0131 sat\u0131n alma \u00f6nerileri sunmak i\u00e7in her zaman hizmetinizdedir. M\u00fc\u015fterilerimize en iyi hizmeti sunabilmek i\u00e7in in\u015faat makineleri sekt\u00f6r\u00fcndeki en son trendleri ve m\u00fc\u015fteri ihtiya\u00e7lar\u0131n\u0131 yak\u0131ndan takip ediyoruz.<\/p>\n<p>5. Verimli Lojistik \u2013 M\u00fc\u015fterilerimizin ihtiya\u00e7 duyduklar\u0131 par\u00e7alar\u0131 zaman\u0131nda ve do\u011fru bir \u015fekilde almas\u0131n\u0131 sa\u011flamak i\u00e7in verimli bir lojistik da\u011f\u0131t\u0131m sistemimiz var. Ar\u0131za s\u00fcresini en aza indirmenin ve makinelerinizin sorunsuz \u00e7al\u0131\u015fmas\u0131n\u0131 sa\u011flaman\u0131n \u00f6nemini anl\u0131yoruz.<\/p>\n<p>FMP hidrolik silindirleriyle, in\u015faat makinelerinizin kalitesine ve g\u00fcvenilirli\u011fine g\u00fcvenebilirsiniz. \u00dcr\u00fcnlerimiz hakk\u0131nda daha fazla bilgi edinmek ve ihtiya\u00e7lar\u0131n\u0131za uygun \u00e7\u00f6z\u00fcm\u00fc bulman\u0131za nas\u0131l yard\u0131mc\u0131 olabilece\u011fimizi \u00f6\u011frenmek i\u00e7in bug\u00fcn bizimle ileti\u015fime ge\u00e7in.<\/p>\n<p><img decoding=\"async\" src=\"https:\/\/fmp-components.com\/wp-content\/uploads\/2024\/12\/Adjustable-Clevis-Type-Cylinders-6.webp\" alt=\"Ayarlanabilir \u00c7atal Tipi Silindir\" width=\"833\" title=\"\"><\/p>\n<p>Yazar: CX<\/p>","protected":false},"excerpt":{"rendered":"<p>2 Ton Small Hydraulic Oil Cylinder Hydraulic Cylinder For Snow Plow The 2 Ton Small Hydraulic Oil Cylinder Hydraulic Cylinder For Snow Plow is a high-quality and durable hydraulic cylinder designed specifically for snow plows. With its compact size and impressive strength, this hydraulic cylinder is capable of lifting heavy loads and providing smooth and [&hellip;]<\/p>","protected":false},"featured_media":1511,"comment_status":"closed","ping_status":"closed","template":"","meta":{"_et_pb_use_builder":"","_et_pb_old_content":"","_et_gb_content_width":""},"product_brand":[],"product_cat":[42],"product_tag":[34,44],"class_list":{"0":"post-1510","1":"product","2":"type-product","3":"status-publish","4":"has-post-thumbnail","6":"product_cat-snow-plow-hydraulic-cylinder","7":"product_tag-hydraulic-cylinder","8":"product_tag-snow-plow-hydraulic-cylinder","10":"first","11":"instock","12":"product-type-simple"},"_links":{"self":[{"href":"https:\/\/fmp-components.com\/tr\/wp-json\/wp\/v2\/product\/1510","targetHints":{"allow":["GET"]}}],"collection":[{"href":"https:\/\/fmp-components.com\/tr\/wp-json\/wp\/v2\/product"}],"about":[{"href":"https:\/\/fmp-components.com\/tr\/wp-json\/wp\/v2\/types\/product"}],"replies":[{"embeddable":true,"href":"https:\/\/fmp-components.com\/tr\/wp-json\/wp\/v2\/comments?post=1510"}],"wp:featuredmedia":[{"embeddable":true,"href":"https:\/\/fmp-components.com\/tr\/wp-json\/wp\/v2\/media\/1511"}],"wp:attachment":[{"href":"https:\/\/fmp-components.com\/tr\/wp-json\/wp\/v2\/media?parent=1510"}],"wp:term":[{"taxonomy":"product_brand","embeddable":true,"href":"https:\/\/fmp-components.com\/tr\/wp-json\/wp\/v2\/product_brand?post=1510"},{"taxonomy":"product_cat","embeddable":true,"href":"https:\/\/fmp-components.com\/tr\/wp-json\/wp\/v2\/product_cat?post=1510"},{"taxonomy":"product_tag","embeddable":true,"href":"https:\/\/fmp-components.com\/tr\/wp-json\/wp\/v2\/product_tag?post=1510"}],"curies":[{"name":"wp","href":"https:\/\/api.w.org\/{rel}","templated":true}]}}