{"id":1502,"date":"2024-12-23T05:50:37","date_gmt":"2024-12-23T05:50:37","guid":{"rendered":"https:\/\/fmp-components.com\/product\/high-quality-customized-snow-plow-hydraulic-piston-cylinder\/"},"modified":"2024-12-23T06:26:31","modified_gmt":"2024-12-23T06:26:31","slug":"high-quality-customized-snow-plow-hydraulic-piston-cylinder","status":"publish","type":"product","link":"https:\/\/fmp-components.com\/tr\/product\/high-quality-customized-snow-plow-hydraulic-piston-cylinder\/","title":{"rendered":"Y\u00fcksek Kaliteli \u00d6zelle\u015ftirilmi\u015f Kar K\u00fcreme Hidrolik Piston Silindiri"},"content":{"rendered":"<p>Y\u00fcksek Kaliteli \u00d6zelle\u015ftirilmi\u015f Kar K\u00fcreme Hidrolik Piston SilindiriY\u00fcksek Kaliteli \u00d6zelle\u015ftirilmi\u015f Kar K\u00fcreme Hidrolik Piston Silindiri, sorunsuz ve verimli bir kar k\u00fcreme deneyimi ya\u015famak isteyen herkes i\u00e7in olmazsa olmazd\u0131r. Bu \u00fcr\u00fcn, en zorlu ko\u015fullarda bile en y\u00fcksek performans ve g\u00fcvenilirlik seviyesini sa\u011flamak \u00fczere tasarlanm\u0131\u015ft\u0131r.<\/p>\n<p>En kaliteli malzemelerden \u00fcretilen ve uzun \u00f6m\u00fcrl\u00fc olacak \u015fekilde \u00fcretilen bu hidrolik piston silindiri, hem dayan\u0131kl\u0131 hem de g\u00fcvenilirdir. A\u011f\u0131r y\u00fckleri kald\u0131rabilir ve a\u015f\u0131r\u0131 s\u0131cakl\u0131klara kolayca dayanabilir; bu da onu, y\u00fcksek kaliteli ve uzun \u00f6m\u00fcrl\u00fc bir kar k\u00fcreme hidrolik piston silindirine ihtiya\u00e7 duyan herkes i\u00e7in m\u00fckemmel bir se\u00e7im haline getirir.<\/p>\n<p>Ayr\u0131ca, bu \u00fcr\u00fcn her m\u00fc\u015fterinin benzersiz ihtiya\u00e7lar\u0131n\u0131 kar\u015f\u0131layacak \u015fekilde \u00f6zelle\u015ftirilebilir ve bu sayede \u00f6zel gereksinimlerine m\u00fckemmel \u015fekilde uyarlanabilir. \u0130ster daha b\u00fcy\u00fck veya daha k\u00fc\u00e7\u00fck bir piston silindirine, ister belirli bir kar k\u00fcreme makinesi t\u00fcr\u00fc i\u00e7in tasarlanm\u0131\u015f bir silindire ihtiyac\u0131n\u0131z olsun, bu \u00fcr\u00fcn ihtiya\u00e7lar\u0131n\u0131z\u0131 kar\u015f\u0131layacak \u015fekilde \u00f6zelle\u015ftirilebilir.<\/p>\n<p>Genel olarak, y\u00fcksek kaliteli, dayan\u0131kl\u0131 ve g\u00fcvenilir bir kar k\u00fcreme makinesi hidrolik piston silindirine ihtiyac\u0131n\u0131z varsa, Y\u00fcksek Kaliteli \u00d6zelle\u015ftirilmi\u015f Kar K\u00fcreme Makinesi Hidrolik Piston Silindiri'nden ba\u015fkas\u0131na bakmay\u0131n. \u00dcst\u00fcn performans\u0131 ve \u00f6zelle\u015ftirilebilir tasar\u0131m\u0131yla bu \u00fcr\u00fcn, ihtiyac\u0131n\u0131z olan sonu\u00e7lar\u0131 kesinlikle sa\u011flayacakt\u0131r. Makine tamir at\u00f6lyelerinizde, \u00e7iftliklerinizde, enerji ve madencilik faaliyetlerinizde, makine imalat\u0131n\u0131zda ve di\u011fer ilgili sekt\u00f6rlerde devrim yaratacak \u015fekilde tasarlanm\u0131\u015f yeni ve son teknoloji \u00fcr\u00fcn\u00fc Y\u00fcksek Kaliteli \u00d6zelle\u015ftirilmi\u015f Kar K\u00fcreme Makinesi Hidrolik Piston Silindirimizi sunuyoruz. Hassasiyetle \u00fcretilen Kar K\u00fcreme Makinesi Hidrolik Piston Silindiri, sa\u011flaml\u0131k, g\u00fcvenilirlik ve ola\u011fan\u00fcst\u00fc performans sunar.<\/p>\n<p><img decoding=\"async\" title=\"Kar K\u00fcreme Hidrolik Silindiri\" src=\"https:\/\/hzpt.com\/wp-content\/uploads\/2023\/11\/Snow-Plow-Hydraulic-Cylinder-1.webp\" alt=\"Kar K\u00fcreme Hidrolik Silindiri\" \/><\/p>\n<h2>Hidrolik Piston Silindirinin \u00d6zellikleri<\/h2>\n<p>Kar K\u00fcreme Hidrolik Piston Silindirimiz, a\u015fa\u011f\u0131dakileri i\u00e7eren ola\u011fan\u00fcst\u00fc \u00f6zellikleriyle \u00f6ne \u00e7\u0131kar:<\/p>\n<ul>\n<li>Kalitesi ve dayan\u0131kl\u0131l\u0131\u011f\u0131 konusunda size g\u00fcvence veren bir y\u0131ll\u0131k garanti.<\/li>\n<li>\u00dcretimindeki y\u00fcksek standartlar\u0131n kan\u0131t\u0131 olarak ISO 9001:2000 sertifikas\u0131na sahiptir.<\/li>\n<li>Standart tasar\u0131m ve piston silindir yap\u0131s\u0131 ile \u00e7o\u011fu makineye uyum sa\u011flar.<\/li>\n<li>\u00c7elikten \u00fcretilmi\u015f olup sa\u011flaml\u0131k ve uzun \u00f6m\u00fcr vaat ediyor.<\/li>\n<li>3000 tonluk maksimum itme g\u00fcc\u00fc ve 20 tonluk maksimum \u00e7ekme g\u00fcc\u00fcyle g\u00fc\u00e7l\u00fc bir performans garantiliyor.<\/li>\n<li>\u00d6zel ihtiya\u00e7lar\u0131n\u0131za uygun delik, \u00e7ubuk, strok ve pim i\u00e7in \u00e7e\u015fitli boyut se\u00e7enekleri.<\/li>\n<li>G\/SAE\/NPT\/M portlar\u0131yla mevcuttur.<\/li>\n<li>\u015e\u0131k siyah rengi profesyonel g\u00f6r\u00fcn\u00fcm\u00fcn\u00fc daha da \u00f6n plana \u00e7\u0131kar\u0131yor.<\/li>\n<\/ul>\n<h2>Hidrolik Piston Silindirinin Bak\u0131m\u0131 ve Uygulamalar\u0131<\/h2>\n<p>Kar K\u00fcreme Hidrolik Piston Silindirimizin bak\u0131m\u0131 basit ve kolayd\u0131r ve \u00fcr\u00fcn\u00fcn uzun \u00f6m\u00fcrl\u00fc ve optimum performansta olmas\u0131n\u0131 sa\u011flar. Rulman ve hidrolik silindir dahil olmak \u00fczere temel bile\u015fenlerin bir y\u0131l garantisiyle \u00fcr\u00fcn\u00fcm\u00fcz, g\u00fcvenilirlik ve sa\u011flaml\u0131k vaat eder. Makine tamir at\u00f6lyelerinden \u00e7iftliklere, enerji ve madencilikten makine imalat\u0131na kadar geni\u015f ve \u00e7e\u015fitli uygulama alanlar\u0131na sahip olan \u00fcr\u00fcn\u00fcm\u00fcz, bir\u00e7ok sekt\u00f6rde \u00e7ok y\u00f6nl\u00fc ve vazge\u00e7ilmez bir ara\u00e7t\u0131r.<img decoding=\"async\" title=\"Kar K\u00fcreme Hidrolik Silindiri\" src=\"https:\/\/hzpt.com\/wp-content\/uploads\/2023\/11\/Snow-Plow-Hydraulic-Cylinder-3.webp\" alt=\"Kar K\u00fcreme Hidrolik Silindiri\" \/><\/p>\n<h2>Ayarlanabilir \u00c7atal Tipi Silindirlerin Avantajlar\u0131<\/h2>\n<p>Y\u00fcksek kaliteli, \u00f6zel yap\u0131m kar k\u00fcreme makinesi hidrolik piston silindiri gibi ayarlanabilir \u00e7atal tipi silindirler, \u00e7e\u015fitli uygulamalarda bir\u00e7ok farkl\u0131 avantaj sunar. Bu silindirler, i\u015flevselliklerini ve performanslar\u0131n\u0131 art\u0131ran belirli \u00f6zelliklerle tasarlanm\u0131\u015ft\u0131r ve bu da onlar\u0131 bir\u00e7ok sekt\u00f6rde pop\u00fcler bir tercih haline getirir. Ayarlanabilir \u00e7atal tipi silindirlerin baz\u0131 temel avantajlar\u0131 a\u015fa\u011f\u0131da verilmi\u015ftir:<\/p>\n<p>1. Geli\u015fmi\u015f Esneklik: Ayarlanabilir \u00e7atal tipi silindirler, montaj se\u00e7enekleri a\u00e7\u0131s\u0131ndan y\u00fcksek d\u00fczeyde esneklik sa\u011flar. Ayarlanabilir \u00e7atal tasar\u0131m\u0131, farkl\u0131 ekipman veya makinelere kolayca tak\u0131lmas\u0131n\u0131 sa\u011flayarak \u00e7e\u015fitli uygulamalar i\u00e7in \u00e7ok y\u00f6nl\u00fc bir \u00e7\u00f6z\u00fcm sunar. Bu esneklik, \u00f6zel montaj braketlerine olan ihtiyac\u0131 ortadan kald\u0131rarak kurulumda zamandan ve maliyetten tasarruf sa\u011flar.<\/p>\n<p>2. Hassas Uzunluk Ayar\u0131: Ayarlanabilir \u00e7atal tipi silindirlerin \u00f6nemli avantajlar\u0131ndan biri, silindir uzunlu\u011funun \u00f6zel ihtiya\u00e7lara g\u00f6re ayarlanabilmesidir. Bu \u00f6zellik, hassas konumland\u0131rma sa\u011flayarak optimum performans ve i\u015flevsellik sa\u011flar. Uzunlu\u011fu kolayca ayarlanabilen silindir, farkl\u0131 strok uzunluklar\u0131na uyum sa\u011flayarak \u00e7ok \u00e7e\u015fitli g\u00f6revler i\u00e7in uygundur.<\/p>\n<p>3. Optimize Edilmi\u015f Performans: Ayarlanabilir \u00e7atal tipi silindirler, zorlu ko\u015fullarda y\u00fcksek kaliteli performans sunmak \u00fczere tasarlanm\u0131\u015ft\u0131r. Bu silindirler, zorlu ortamlarda bile g\u00fcvenilir ve verimli \u00e7al\u0131\u015fma sa\u011flayan geli\u015fmi\u015f s\u0131zd\u0131rmazl\u0131k teknolojisiyle tasarlanm\u0131\u015ft\u0131r. Hassas \u00fcretim ve y\u00fcksek kaliteli malzemelerin kullan\u0131m\u0131, bu silindirlerin dayan\u0131kl\u0131l\u0131\u011f\u0131na ve uzun \u00f6m\u00fcrl\u00fcl\u00fc\u011f\u00fcne katk\u0131da bulunur.<\/p>\n<p>4. Artt\u0131r\u0131lm\u0131\u015f Y\u00fck Kapasitesi: Ayarlanabilir \u00e7atal tipi silindirlerin bir di\u011fer avantaj\u0131 da a\u011f\u0131r y\u00fckleri kald\u0131rabilmeleridir. Bu silindirler, g\u00fc\u00e7l\u00fc kald\u0131rma ve itme kabiliyetleri sa\u011flayacak \u015fekilde tasarlanm\u0131\u015ft\u0131r ve bu da onlar\u0131 \u00f6nemli kuvvet gerektiren uygulamalar i\u00e7in uygun hale getirir. Sa\u011flam yap\u0131lar\u0131 ve hassas m\u00fchendislikleri, silindirlerin performans veya g\u00fcvenlikten \u00f6d\u00fcn vermeden a\u011f\u0131r y\u00fcklere dayanmas\u0131n\u0131 sa\u011flar.<\/p>\n<p>5. Geli\u015fmi\u015f G\u00fcvenlik \u00d6zellikleri: Ayarlanabilir \u00e7atal tipi silindirler, kazalar\u0131 veya hasar\u0131 \u00f6nlemek i\u00e7in \u00e7e\u015fitli \u00f6zellikler sunarak g\u00fcvenli\u011fi \u00f6n planda tutar. Bu silindirler genellikle g\u00fcvenli ba\u011flant\u0131 sa\u011flamak ve istenmeyen hareketi \u00f6nlemek i\u00e7in dahili emniyet kilitleri veya mekanizmalar\u0131 i\u00e7erir. Ayr\u0131ca, baz\u0131 modellerde a\u015f\u0131r\u0131 kuvvet veya bas\u0131nca kar\u015f\u0131 koruma sa\u011flamak i\u00e7in a\u015f\u0131r\u0131 y\u00fck koruma sistemleri veya bas\u0131n\u00e7 tahliye valfleri bulunabilir.<\/p>\n<p>Sonu\u00e7 olarak, y\u00fcksek kaliteli \u00f6zel yap\u0131m kar k\u00fcreme makinesi hidrolik piston silindiri gibi ayarlanabilir \u00e7atal tipi silindirler, onlar\u0131 bir\u00e7ok uygulamada tercih edilen bir se\u00e7enek haline getiren \u00e7e\u015fitli avantajlar sunar. Montaj se\u00e7eneklerindeki esneklik, hassas uzunluk ayar\u0131, optimize edilmi\u015f performans, art\u0131r\u0131lm\u0131\u015f y\u00fck kapasitesi ve geli\u015ftirilmi\u015f g\u00fcvenlik \u00f6zellikleri, pop\u00fclerliklerine katk\u0131da bulunur. \u0130ster kar k\u00fcreme makinelerinde, ister in\u015faat ekipmanlar\u0131nda veya di\u011fer end\u00fcstriyel makinelerde kullan\u0131ls\u0131n, bu silindirler \u00e7e\u015fitli g\u00f6revler i\u00e7in g\u00fcvenilir ve verimli hidrolik g\u00fc\u00e7 sa\u011flar.<\/p>\n<h3>FMP Hidrolik Silindir Hakk\u0131nda<\/h3>\n<p>FMP, m\u00fc\u015fterilerine y\u00fcksek kaliteli ve g\u00fcvenilir hidrolik silindirler ve eksiksiz makine \u00e7\u00f6z\u00fcmleri sunan bir \u015firkettir. Hidrolik silindirlerimiz, tar\u0131m makinesi di\u015fli kutular\u0131, planet di\u015fli kutular\u0131, end\u00fcstriyel di\u015fli kutular\u0131 ve tar\u0131m makinesi par\u00e7alar\u0131 dahil olmak \u00fczere \u00e7e\u015fitli in\u015faat makinelerinde yayg\u0131n olarak kullan\u0131lmaktad\u0131r. FMP'yi se\u00e7meniz i\u00e7in 5 neden:<\/p>\n<p>1. Y\u00fcksek Kalite Standartlar\u0131: FMP olarak, yurt i\u00e7i ve yurt d\u0131\u015f\u0131nda bir\u00e7ok y\u00fcksek kaliteli tedarik\u00e7iyle uzun vadeli ve istikrarl\u0131 i\u015f birli\u011fi ili\u015fkileri kuruyor ve tedarik etti\u011fimiz t\u00fcm hidrolik silindirlerin s\u0131k\u0131 kalite standartlar\u0131n\u0131 kar\u015f\u0131lamas\u0131n\u0131 sa\u011fl\u0131yoruz. Hidrolik silindirlerimiz dayan\u0131kl\u0131, verimli ve uzun \u00f6m\u00fcrl\u00fcd\u00fcr; bu da m\u00fc\u015fterilerimizin bak\u0131m ve onar\u0131m maliyetlerinden tasarruf etmelerini sa\u011flar.<\/p>\n<p>2. Profesyonel Ekip: FMP, in\u015faat makineleri sekt\u00f6r\u00fcn\u00fcn geli\u015fim trendlerini ve m\u00fc\u015fteri ihtiya\u00e7lar\u0131n\u0131 yak\u0131ndan takip eden deneyimli ve yetenekli bir sat\u0131\u015f ekibine sahiptir. Profesyonel \u00fcr\u00fcn dan\u0131\u015fmanl\u0131\u011f\u0131 ve ak\u0131ll\u0131 sat\u0131n alma \u00f6nerileri sunarak, m\u00fc\u015fterilerin makineleri i\u00e7in en uygun hidrolik silindirleri se\u00e7melerine yard\u0131mc\u0131 olurlar.<\/p>\n<p>3. Geni\u015f \u00dcr\u00fcn Yelpazesi: FMP'nin \u00fcr\u00fcn yelpazesi, ayarlanabilir \u00e7atal tipi silindirler, teleskopik silindirler ve kaynakl\u0131 hidrolik silindirler gibi \u00e7e\u015fitli hidrolik silindir tiplerini de i\u00e7erecek \u015fekilde geni\u015ftir. Ayr\u0131ca, m\u00fc\u015fterilerin farkl\u0131 ihtiya\u00e7lar\u0131n\u0131 kar\u015f\u0131lamak i\u00e7in hidrolik pompalar, valfler ve filtreler gibi bunlara uygun bir dizi \u00fcst d\u00fczey aksesuar da sunuyoruz.<\/p>\n<p>4. Verimli Lojistik Da\u011f\u0131t\u0131m: FMP, m\u00fc\u015fterilerin ihtiya\u00e7 duyduklar\u0131 hidrolik silindirleri zaman\u0131nda ve do\u011fru bir \u015fekilde teslim almalar\u0131n\u0131 sa\u011flayan verimli bir lojistik da\u011f\u0131t\u0131m sistemine sahiptir. M\u00fc\u015fterilerimizin zaman\u0131ndan tasarruf etmek ve gecikmelerden kaynaklanan kay\u0131plar\u0131 \u00f6nlemek i\u00e7in h\u0131zl\u0131 ve g\u00fcvenilir nakliye hizmetleri sunuyoruz.<\/p>\n<p>5. Profesyonel Sat\u0131\u015f Sonras\u0131 Hizmet: FMP, m\u00fc\u015fterilerine profesyonel bir sat\u0131\u015f sonras\u0131 hizmet sunmaya kendini adam\u0131\u015ft\u0131r. M\u00fc\u015fterilerin hidrolik silindirlerimizi kullan\u0131rken herhangi bir soru veya sorunlar\u0131 olmas\u0131 durumunda, sat\u0131\u015f sonras\u0131 ekibimiz, m\u00fc\u015fterilerin makinelerinin sorunsuz \u00e7al\u0131\u015fmas\u0131n\u0131 sa\u011flamak i\u00e7in zaman\u0131nda ve etkili \u00e7\u00f6z\u00fcmler sunacakt\u0131r.<\/p>\n<p><img decoding=\"async\" src=\"https:\/\/fmp-components.com\/wp-content\/uploads\/2024\/12\/Adjustable-Clevis-Type-Cylinders-6.webp\" alt=\"Ayarlanabilir \u00c7atal Tipi Silindir\" width=\"829\" title=\"\"><\/p>\n<p>FMP'yi se\u00e7in, in\u015faat makineleriniz i\u00e7in y\u00fcksek kaliteli ve g\u00fcvenilir hidrolik silindirleri tercih edin.<\/p>\n<h2>SSS<\/h2>\n<h3>S: Siz bir ticaret \u015firketi misiniz yoksa \u00fcretici misiniz?<\/h3>\n<p>A: Biz \u00fcreticiyiz.<\/p>\n<h3>S: Teslimat s\u00fcreniz ne kadard\u0131r?<\/h3>\n<p>A: Genellikle teslimat s\u00fcremiz 25-35 g\u00fcnd\u00fcr.<\/p>\n<h3>S: Numune sa\u011fl\u0131yor musunuz? \u00dccretsiz mi yoksa ekstra m\u0131?<\/h3>\n<p>C: Evet, numune sa\u011fl\u0131yoruz ancak \u00fccretsiz de\u011fil.<\/p>\n<p>Yazar: CX<\/p>","protected":false},"excerpt":{"rendered":"<p>High Quality Customized Snow Plow Hydraulic Piston CylinderHigh Quality Customized Snow Plow Hydraulic Piston Cylinder is a must-have for anyone who wants to ensure a smooth and efficient snow plowing experience. This product is designed to provide the highest level of performance and reliability in even the harshest conditions. Crafted from the finest materials and [&hellip;]<\/p>","protected":false},"featured_media":1503,"comment_status":"closed","ping_status":"closed","template":"","meta":{"_et_pb_use_builder":"","_et_pb_old_content":"","_et_gb_content_width":""},"product_brand":[],"product_cat":[42],"product_tag":[34,44],"class_list":{"0":"post-1502","1":"product","2":"type-product","3":"status-publish","4":"has-post-thumbnail","6":"product_cat-snow-plow-hydraulic-cylinder","7":"product_tag-hydraulic-cylinder","8":"product_tag-snow-plow-hydraulic-cylinder","10":"first","11":"instock","12":"product-type-simple"},"_links":{"self":[{"href":"https:\/\/fmp-components.com\/tr\/wp-json\/wp\/v2\/product\/1502","targetHints":{"allow":["GET"]}}],"collection":[{"href":"https:\/\/fmp-components.com\/tr\/wp-json\/wp\/v2\/product"}],"about":[{"href":"https:\/\/fmp-components.com\/tr\/wp-json\/wp\/v2\/types\/product"}],"replies":[{"embeddable":true,"href":"https:\/\/fmp-components.com\/tr\/wp-json\/wp\/v2\/comments?post=1502"}],"wp:featuredmedia":[{"embeddable":true,"href":"https:\/\/fmp-components.com\/tr\/wp-json\/wp\/v2\/media\/1503"}],"wp:attachment":[{"href":"https:\/\/fmp-components.com\/tr\/wp-json\/wp\/v2\/media?parent=1502"}],"wp:term":[{"taxonomy":"product_brand","embeddable":true,"href":"https:\/\/fmp-components.com\/tr\/wp-json\/wp\/v2\/product_brand?post=1502"},{"taxonomy":"product_cat","embeddable":true,"href":"https:\/\/fmp-components.com\/tr\/wp-json\/wp\/v2\/product_cat?post=1502"},{"taxonomy":"product_tag","embeddable":true,"href":"https:\/\/fmp-components.com\/tr\/wp-json\/wp\/v2\/product_tag?post=1502"}],"curies":[{"name":"wp","href":"https:\/\/api.w.org\/{rel}","templated":true}]}}