{"id":1500,"date":"2024-12-23T05:50:37","date_gmt":"2024-12-23T05:50:37","guid":{"rendered":"https:\/\/fmp-components.com\/product\/new-model-snow-plow-stainless-steel-hydraulic-cylinder-double-acting\/"},"modified":"2024-12-23T06:22:27","modified_gmt":"2024-12-23T06:22:27","slug":"new-model-snow-plow-stainless-steel-hydraulic-cylinder-double-acting","status":"publish","type":"product","link":"https:\/\/fmp-components.com\/tr\/product\/new-model-snow-plow-stainless-steel-hydraulic-cylinder-double-acting\/","title":{"rendered":"Yeni Model Kar K\u00fcreme Makinesi Paslanmaz \u00c7elik Hidrolik Silindir \u00c7ift Etkili"},"content":{"rendered":"<h2>Yeni Model Kar K\u00fcreme Makinesi Paslanmaz \u00c7elik Hidrolik Silindir \u00c7ift Etkili<\/h2>\n<p>Yeni Model Paslanmaz \u00c7elik Hidrolik Silindir \u00c7ift Etkili Kar K\u00fcreme Makinas\u0131n\u0131 Tan\u0131t\u0131yoruz:<\/p>\n<p>Yeni Model Paslanmaz \u00c7elik \u00c7ift Etkili Hidrolik Silindir Kar K\u00fcreme Makinesi, \u00f6zellikle kar k\u00fcreme uygulamalar\u0131 i\u00e7in tasarlanm\u0131\u015f y\u00fcksek kaliteli bir \u00fcr\u00fcnd\u00fcr. Bu silindir, paslanmaz \u00e7elikten \u00fcretilmi\u015ftir ve zorlu hava ko\u015fullar\u0131nda bile dayan\u0131kl\u0131l\u0131k ve korozyon direnci sa\u011flar.<\/p>\n<p>\u00c7ift etkili tasar\u0131m\u0131yla bu hidrolik silindir, geli\u015fmi\u015f verimlilik ve performans sunar. Hem itme hem de \u00e7ekme kabiliyetine sahip olup, kar ve di\u011fer kal\u0131nt\u0131lar\u0131 etkili bir \u015fekilde hareket ettirmek i\u00e7in gerekli kuvveti sa\u011flar. \u00c7ift etkili \u00f6zelli\u011fi, daha h\u0131zl\u0131 ve daha hassas ayarlamalar sa\u011flayarak, zorlu ortamlarda verimli \u00e7al\u0131\u015fmas\u0131 gereken kar k\u00fcreme makinesi operat\u00f6rleri i\u00e7in idealdir.<\/p>\n<p>Bu hidrolik silindir, ola\u011fan\u00fcst\u00fc performans ve g\u00fcvenilirlik sunmak \u00fczere tasarlanm\u0131\u015ft\u0131r. S\u0131zd\u0131rmazl\u0131k sa\u011flayan ve silindirin \u00f6mr\u00fcn\u00fc uzatan geli\u015fmi\u015f s\u0131zd\u0131rmazl\u0131k teknolojisi ile donat\u0131lm\u0131\u015ft\u0131r. Paslanmaz \u00e7elik konstr\u00fcksiyon, dayan\u0131kl\u0131l\u0131\u011f\u0131n\u0131 art\u0131rarak uzun s\u00fcre a\u011f\u0131r hizmet kullan\u0131m\u0131na dayanmas\u0131n\u0131 sa\u011flar.<\/p>\n<p>Yeni Model Paslanmaz \u00c7elik \u00c7ift Etkili Hidrolik Silindirli Kar K\u00fcreme Makinesi, kurulumu kolayd\u0131r ve \u00e7e\u015fitli kar k\u00fcreme sistemleriyle uyumludur. Kompakt tasar\u0131m\u0131, sorunsuz entegrasyon sa\u011flayarak sorunsuz \u00e7al\u0131\u015fma ve minimum ar\u0131za s\u00fcresi sa\u011flar. \u0130ster profesyonel bir kar k\u00fcreme makinesi operat\u00f6r\u00fc olun, ister evinizin \u00f6n\u00fcn\u00fc temizleyen bir ev sahibi olun, bu hidrolik silindir g\u00fcvenilir bir se\u00e7imdir.<\/p>\n<p><img decoding=\"async\" title=\"Kar K\u00fcreme Hidrolik Silindiri\" src=\"https:\/\/hzpt.com\/wp-content\/uploads\/2023\/11\/Snow-Plow-Hydraulic-Cylinder-2.webp\" alt=\"Kar K\u00fcreme Hidrolik Silindiri\" \/><\/p>\n<p>Temel \u00d6zellikler:<br \/>\n\u2013 Dayan\u0131kl\u0131l\u0131k ve korozyon direnci i\u00e7in paslanmaz \u00e7elikten \u00fcretilmi\u015ftir<br \/>\n\u2013 Geli\u015fmi\u015f verimlilik ve performans i\u00e7in \u00e7ift etkili tasar\u0131m<br \/>\n\u2013 S\u0131z\u0131nt\u0131s\u0131z \u00e7al\u0131\u015fma i\u00e7in geli\u015fmi\u015f s\u0131zd\u0131rmazl\u0131k teknolojisi<br \/>\n\u2013 Kolay kurulum ve \u00e7e\u015fitli kar k\u00fcreme sistemleriyle uyumluluk<br \/>\n\u2013 Kusursuz entegrasyon ve sorunsuz \u00e7al\u0131\u015fma i\u00e7in kompakt tasar\u0131m<\/p>\n<p>Sonu\u00e7 olarak, Yeni Model Kar K\u00fcreme Makinesi Paslanmaz \u00c7elik Hidrolik Silindir \u00c7ift Etkili, ola\u011fan\u00fcst\u00fc performans ve g\u00fcvenilirlik sunan \u00fcst d\u00fczey bir \u00fcr\u00fcnd\u00fcr. Paslanmaz \u00e7elik yap\u0131s\u0131, \u00e7ift etkili tasar\u0131m\u0131 ve geli\u015fmi\u015f s\u0131zd\u0131rmazl\u0131k teknolojisi, onu kar k\u00fcreme uygulamalar\u0131 i\u00e7in g\u00fcvenilir bir se\u00e7enek haline getirir. Kar k\u00fcreme verimlili\u011finizi art\u0131rmak ve zorlu k\u0131\u015f ko\u015fullar\u0131n\u0131n \u00fcstesinden kolayl\u0131kla gelmek i\u00e7in bu hidrolik silindire yat\u0131r\u0131m yap\u0131n. Hidrolik teknolojisindeki en yeni \u00fcr\u00fcn\u00fcm\u00fcz olan Yeni Model Kar K\u00fcreme Makinesi Paslanmaz \u00c7elik Hidrolik Silindir \u00c7ift Etkili'yi sunuyoruz. Bu yepyeni, son teknoloji hidrolik silindir, yaln\u0131zca sa\u011flam ve dayan\u0131kl\u0131 olmakla kalmay\u0131p, ayn\u0131 zamanda \u00e7e\u015fitli end\u00fcstriyel uygulamalarda \u00e7ok y\u00f6nl\u00fcl\u00fc\u011f\u00fcn\u00fc ve performans\u0131n\u0131 art\u0131ran \u00e7ift etkili bir mekanizmaya sahiptir.<\/p>\n<h2>\u00dcr\u00fcn \u00d6zellikleri<\/h2>\n<p>Bu yeni model hidrolik silindir, maksimum 3000 ton itme ve 20 ton \u00e7ekme g\u00fcc\u00fc sa\u011flayacak \u015fekilde tasarlanm\u0131\u015ft\u0131r. Standart bir piston silindiri yap\u0131s\u0131na sahiptir ve hidrolik g\u00fc\u00e7le \u00e7al\u0131\u015f\u0131r. \u00c7elikten yap\u0131lm\u0131\u015f g\u00f6vdesi sayesinde bu silindir, uzun \u00f6m\u00fcrl\u00fcd\u00fcr ve a\u015f\u0131nma ve y\u0131pranmaya kar\u015f\u0131 dayan\u0131kl\u0131d\u0131r.<\/p>\n<h3>\u00d6zellikler<\/h3>\n<ol>\n<li>Delik Boyutu: 2-6 in\u00e7<\/li>\n<li>\u00c7ubuk Boyutu: 1,125-4 in\u00e7<\/li>\n<li>Vuru\u015f Boyutu: 4-100 in\u00e7<\/li>\n<li>Pin Boyutu: 0,5-2 in\u00e7<\/li>\n<li>Limanlar: G\/SAE\/NPT\/M<\/li>\n<\/ol>\n<h2>Bak\u0131m ve \u00d6zen<\/h2>\n<p>Bu hidrolik silindir zorlu ko\u015fullara dayanacak \u015fekilde \u00fcretilmi\u015ftir, ancak en iyi \u015fekilde \u00e7al\u0131\u015fmas\u0131n\u0131 sa\u011flamak i\u00e7in d\u00fczenli bak\u0131m \u015fartt\u0131r. Olas\u0131 hasar veya performans sorunlar\u0131n\u0131 \u00f6nlemek i\u00e7in d\u00fczenli kontrol ve temizlik yapt\u0131rman\u0131z\u0131 \u00f6neririz. Ayr\u0131ca, temel bile\u015fenlerde 1 y\u0131ll\u0131k garantimizle, kalite ve m\u00fc\u015fteri memnuniyetine olan ba\u011fl\u0131l\u0131\u011f\u0131m\u0131zdan emin olabilirsiniz.<\/p>\n<h2>Ayarlanabilir \u00c7atal Tipi Silindirlerin Avantajlar\u0131<\/h2>\n<p>Ayarlanabilir \u00e7atal tipi silindirler, \u00e7e\u015fitli uygulamalarda say\u0131s\u0131z avantaj sunan bir hidrolik silindir t\u00fcr\u00fcd\u00fcr. Bu silindirler, kolay ayarlama ve \u00e7ok y\u00f6nl\u00fcl\u00fck sa\u011flayan benzersiz bir \u00e7atal tipi ba\u011flant\u0131yla tasarlanm\u0131\u015ft\u0131r. Bu makalede, ayarlanabilir \u00e7atal tipi silindirlerin avantajlar\u0131n\u0131 ayr\u0131nt\u0131l\u0131 olarak inceleyece\u011fiz.<\/p>\n<h3>1. Geli\u015fmi\u015f \u00d6zelle\u015ftirme<\/h3>\n<p>Ayarlanabilir \u00e7atal tipi silindirlerin \u00f6nemli avantajlar\u0131ndan biri, \u00f6zel ihtiya\u00e7lara g\u00f6re \u00f6zelle\u015ftirilebilmeleridir. Ayarlanabilir \u00e7atal tipi ba\u011flant\u0131, silindir strok uzunlu\u011funun kolayca ayarlanmas\u0131n\u0131 sa\u011flayarak hidrolik sistemin hareketi \u00fczerinde hassas kontrol sa\u011flar. Bu geli\u015fmi\u015f \u00f6zelle\u015ftirme kabiliyeti, \u00e7e\u015fitli uygulamalarda optimum performans ve verimlilik sa\u011flar.<\/p>\n<h3>2. Geli\u015fmi\u015f Dayan\u0131kl\u0131l\u0131k<\/h3>\n<p>Ayarlanabilir \u00e7atal tipi silindirler, zorlu ko\u015fullara ve a\u011f\u0131r hizmet uygulamalar\u0131na dayanacak \u015fekilde \u00fcretilmi\u015ftir. Bu silindirler, korozyon ve a\u015f\u0131nmaya kar\u015f\u0131 m\u00fckemmel diren\u00e7 sa\u011flayan paslanmaz \u00e7elik gibi y\u00fcksek kaliteli malzemeler kullan\u0131larak \u00fcretilmi\u015ftir. Bu silindirlerin \u00fcretiminde paslanmaz \u00e7elik kullan\u0131m\u0131, uzun \u00f6m\u00fcrl\u00fc ve dayan\u0131kl\u0131 olmalar\u0131n\u0131 sa\u011flayarak onlar\u0131 zorlu ortamlar i\u00e7in ideal hale getirir.<\/p>\n<h3>3. Artan Verimlilik<\/h3>\n<p>Ayarlanabilir \u00e7atal tipi silindirlerin bir di\u011fer avantaj\u0131 da hidrolik sistemlerin genel verimlili\u011fini art\u0131rma kabiliyetleridir. Ayarlanabilir \u00e7atal tipi ba\u011flant\u0131, silindirin hassas bir \u015fekilde konumland\u0131r\u0131lmas\u0131n\u0131 sa\u011flayarak optimum kuvvet aktar\u0131m\u0131 ve geli\u015fmi\u015f y\u00fck ta\u015f\u0131ma kapasitesi sa\u011flar. Bu artan verimlilik, \u00e7e\u015fitli end\u00fcstriyel s\u00fcre\u00e7lerde enerji t\u00fcketiminin azalmas\u0131na ve \u00fcretkenli\u011fin artmas\u0131na yol a\u00e7ar.<\/p>\n<h3>4. \u00c7ok Y\u00f6nl\u00fc Uygulama<\/h3>\n<p>Ayarlanabilir \u00e7atal tipi silindirler, \u00e7ok \u00e7e\u015fitli end\u00fcstri ve sekt\u00f6rlerde uygulama alan\u0131 bulur. \u00c7ok y\u00f6nl\u00fcl\u00fckleri, malzeme ta\u015f\u0131ma, in\u015faat ekipmanlar\u0131, kar k\u00fcreme sistemleri ve daha fazlas\u0131 dahil olmak \u00fczere \u00e7e\u015fitli g\u00f6revler i\u00e7in uygun olmalar\u0131n\u0131 sa\u011flar. Bu silindirler, mevcut hidrolik sistemlere kolayca entegre edilebilir ve kusursuz \u00e7al\u0131\u015fma ve uyumluluk sa\u011flar.<\/p>\n<h3>5. \u00c7ift Etkili Yetenek<\/h3>\n<p>Ayarlanabilir \u00e7atal tipi silindirlerin temel \u00f6zelliklerinden biri \u00e7ift etkili olmalar\u0131d\u0131r. Bu, bu silindirlerin her iki y\u00f6nde de kuvvet uygulayabilece\u011fi ve hidrolik sistem tasar\u0131m\u0131nda daha fazla esneklik sa\u011flayaca\u011f\u0131 anlam\u0131na gelir. Bu silindirlerin \u00e7ift etkili olma \u00f6zelli\u011fi, hidrolik bile\u015fenlerin hareketi ve konumland\u0131r\u0131lmas\u0131 \u00fczerinde hassas kontrol sa\u011flayarak optimum performans ve hassasiyet sa\u011flar.<\/p>\n<p>Ayarlanabilir \u00e7atal tipi silindirler, \u00f6zelle\u015ftirme, dayan\u0131kl\u0131l\u0131k, verimlilik, \u00e7ok y\u00f6nl\u00fcl\u00fck ve \u00e7ift etkililik a\u00e7\u0131s\u0131ndan say\u0131s\u0131z avantaj sunar. Bu silindirler, geli\u015fmi\u015f performans ve g\u00fcvenilirlik sa\u011flayarak \u00e7e\u015fitli end\u00fcstrilerdeki hidrolik sistemlere de\u011ferli bir katk\u0131 sa\u011flar. Benzersiz \u00f6zellikleri ve avantajlar\u0131yla, ayarlanabilir \u00e7atal tipi silindirler hassas kontrol ve \u00e7ok y\u00f6nl\u00fcl\u00fck gerektiren uygulamalar i\u00e7in tercih edilen bir se\u00e7enek olmaya devam etmektedir.<\/p>\n<h3>FMP Hakk\u0131nda \u2013 Hidrolik Silindirlerin Profesyonel Sat\u0131\u015f ve Servisi<\/h3>\n<p>FMP, in\u015faat makinesi par\u00e7alar\u0131 ve komple makine sat\u0131\u015f ve servisi konusunda uzmanla\u015fm\u0131\u015f, \u0130talya merkezli k\u00f6kl\u00fc bir \u015firkettir. Sekt\u00f6rdeki uzun y\u0131llara dayanan deneyimimiz ve yetenekli profesyonellerden olu\u015fan ekibimizle, m\u00fc\u015fterilerimize y\u00fcksek kaliteli ve g\u00fcvenilir hidrolik silindirler ve komple makine \u00e7\u00f6z\u00fcmleri sunuyoruz.<\/p>\n<p>Hidrolik silindir ihtiya\u00e7lar\u0131n\u0131z i\u00e7in FMP'yi se\u00e7meniz i\u00e7in be\u015f neden:<\/p>\n<p>1. Geni\u015f \u00fcr\u00fcn yelpazesi: FMP, ayarlanabilir \u00e7atal tipi silindirler de dahil olmak \u00fczere geni\u015f bir hidrolik silindir yelpazesi sunar. <img decoding=\"async\" src=\"https:\/\/fmp-components.com\/wp-content\/uploads\/2024\/12\/Adjustable-Clevis-Type-Cylinders-6.webp\" alt=\"Ayarlanabilir \u00c7atal Tipi Silindir\" width=\"828\" title=\"\">, ba\u011flant\u0131 \u00e7ubuklar\u0131 ve kaynakl\u0131 silindirlerin yan\u0131 s\u0131ra, \u00f6zel m\u00fc\u015fteri ihtiya\u00e7lar\u0131n\u0131 kar\u015f\u0131lamak i\u00e7in \u00f6zelle\u015ftirme hizmetleri de sunuyoruz.<\/p>\n<p>2. En kaliteli par\u00e7alar: Yurt i\u00e7inde ve yurt d\u0131\u015f\u0131nda bir\u00e7ok y\u00fcksek kaliteli tedarik\u00e7iyle uzun vadeli ve istikrarl\u0131 i\u015fbirli\u011fi ili\u015fkileri kurduk ve tedarik edilen t\u00fcm par\u00e7alar\u0131n s\u0131k\u0131 kalite standartlar\u0131n\u0131 kar\u015f\u0131lamas\u0131n\u0131 sa\u011flad\u0131k.<\/p>\n<p>3. Deneyimli sat\u0131\u015f ekibi: Sat\u0131\u015f ekibimiz, in\u015faat makineleri sekt\u00f6r\u00fcndeki geli\u015fme trendleri ve m\u00fc\u015fteri ihtiya\u00e7lar\u0131 konusunda bilgilidir. Profesyonel \u00fcr\u00fcn dan\u0131\u015fmanl\u0131\u011f\u0131 ve ak\u0131ll\u0131 sat\u0131n alma \u00f6nerileri sunarak en iyi se\u00e7imi yapman\u0131za yard\u0131mc\u0131 olabilirler.<\/p>\n<p>4. Verimli lojistik da\u011f\u0131t\u0131m: M\u00fc\u015fterilerimizin ihtiya\u00e7 duyduklar\u0131 par\u00e7alar\u0131 zaman\u0131nda ve do\u011fru bir \u015fekilde almas\u0131n\u0131 sa\u011flayan verimli bir lojistik da\u011f\u0131t\u0131m sistemine sahibiz.<\/p>\n<p>5. Profesyonel sat\u0131\u015f sonras\u0131 hizmet: FMP, m\u00fc\u015fterilerimizin \u00fcr\u00fcnlerimizle ilgili endi\u015fesiz bir deneyim ya\u015famas\u0131n\u0131 sa\u011flamak i\u00e7in profesyonel sat\u0131\u015f sonras\u0131 hizmet sa\u011flar.<\/p>\n<p>Hidrolik silindir tedarik\u00e7iniz olarak FMP'yi se\u00e7erek, kaliteli \u00fcr\u00fcnler, profesyonel hizmet ve ba\u015far\u0131n\u0131zda g\u00fcvenilir bir ortaktan emin olabilirsiniz. Hidrolik silindir ihtiya\u00e7lar\u0131n\u0131z\u0131 nas\u0131l kar\u015f\u0131layabilece\u011fimiz hakk\u0131nda daha fazla bilgi edinmek i\u00e7in bug\u00fcn bizimle ileti\u015fime ge\u00e7in.<\/p>\n<h2>S\u0131k\u00e7a Sorulan Sorular<\/h2>\n<ol>\n<li>S: Siz bir ticaret \u015firketi misiniz yoksa \u00fcretici misiniz?<br \/>\nA: Biz bir fabrikay\u0131z.<\/li>\n<li>S: Teslimat s\u00fcreniz ne kadard\u0131r?<br \/>\nA: Genellikle 25-35 g\u00fcnd\u00fcr.<\/li>\n<li>S: Numune sa\u011fl\u0131yor musunuz? \u00dccretsiz mi yoksa ekstra m\u0131?<br \/>\nC: Evet, numune sunabiliriz ancak \u00fccretsiz de\u011fil.<\/li>\n<\/ol>\n<p>Yazar: CX<\/p>","protected":false},"excerpt":{"rendered":"<p>New Model Snow Plow Stainless Steel Hydraulic Cylinder Double Acting Introducing the New Model Snow Plow Stainless Steel Hydraulic Cylinder Double Acting: The New Model Snow Plow Stainless Steel Hydraulic Cylinder Double Acting is a high-quality product designed specifically for snow plow applications. This cylinder is made from stainless steel, ensuring durability and resistance to [&hellip;]<\/p>","protected":false},"featured_media":1501,"comment_status":"closed","ping_status":"closed","template":"","meta":{"_et_pb_use_builder":"","_et_pb_old_content":"","_et_gb_content_width":""},"product_brand":[],"product_cat":[42],"product_tag":[34,44],"class_list":{"0":"post-1500","1":"product","2":"type-product","3":"status-publish","4":"has-post-thumbnail","6":"product_cat-snow-plow-hydraulic-cylinder","7":"product_tag-hydraulic-cylinder","8":"product_tag-snow-plow-hydraulic-cylinder","10":"first","11":"instock","12":"product-type-simple"},"_links":{"self":[{"href":"https:\/\/fmp-components.com\/tr\/wp-json\/wp\/v2\/product\/1500","targetHints":{"allow":["GET"]}}],"collection":[{"href":"https:\/\/fmp-components.com\/tr\/wp-json\/wp\/v2\/product"}],"about":[{"href":"https:\/\/fmp-components.com\/tr\/wp-json\/wp\/v2\/types\/product"}],"replies":[{"embeddable":true,"href":"https:\/\/fmp-components.com\/tr\/wp-json\/wp\/v2\/comments?post=1500"}],"wp:featuredmedia":[{"embeddable":true,"href":"https:\/\/fmp-components.com\/tr\/wp-json\/wp\/v2\/media\/1501"}],"wp:attachment":[{"href":"https:\/\/fmp-components.com\/tr\/wp-json\/wp\/v2\/media?parent=1500"}],"wp:term":[{"taxonomy":"product_brand","embeddable":true,"href":"https:\/\/fmp-components.com\/tr\/wp-json\/wp\/v2\/product_brand?post=1500"},{"taxonomy":"product_cat","embeddable":true,"href":"https:\/\/fmp-components.com\/tr\/wp-json\/wp\/v2\/product_cat?post=1500"},{"taxonomy":"product_tag","embeddable":true,"href":"https:\/\/fmp-components.com\/tr\/wp-json\/wp\/v2\/product_tag?post=1500"}],"curies":[{"name":"wp","href":"https:\/\/api.w.org\/{rel}","templated":true}]}}