{"id":1498,"date":"2024-12-23T05:50:37","date_gmt":"2024-12-23T05:50:37","guid":{"rendered":"https:\/\/fmp-components.com\/product\/factory-provide-customized-hydraulic-ram-cylinder-for-snow-plow\/"},"modified":"2025-03-18T02:09:18","modified_gmt":"2025-03-18T02:09:18","slug":"factory-provide-customized-hydraulic-ram-cylinder-for-snow-plow","status":"publish","type":"product","link":"https:\/\/fmp-components.com\/tr\/product\/factory-provide-customized-hydraulic-ram-cylinder-for-snow-plow\/","title":{"rendered":"Fabrika, Kar K\u00fcreme Makinesi i\u00e7in \u00d6zelle\u015ftirilmi\u015f Hidrolik Ram Silindiri Sa\u011fl\u0131yor"},"content":{"rendered":"<h2>Fabrika, Kar K\u00fcreme Makinesi i\u00e7in \u00d6zelle\u015ftirilmi\u015f Hidrolik Ram Silindiri Sa\u011fl\u0131yor<\/h2>\n<p>Fabrika, Kar K\u00fcreme Makineleri i\u00e7in \u00d6zelle\u015ftirilmi\u015f Hidrolik Ram Silindiri Sa\u011fl\u0131yor, kar k\u00fcreme makinelerinin performans\u0131n\u0131 art\u0131rmak i\u00e7in tasarlanm\u0131\u015f, son derece \u00e7ok y\u00f6nl\u00fc ve verimli bir \u00fcr\u00fcnd\u00fcr. Bu hidrolik silindir, ola\u011fan\u00fcst\u00fc mukavemet ve dayan\u0131kl\u0131l\u0131k sunarak k\u0131\u015f bak\u0131m sekt\u00f6r\u00fcndeki a\u011f\u0131r hizmet uygulamalar\u0131 i\u00e7in ideal bir se\u00e7imdir.<\/p>\n<p>\u00d6zelle\u015ftirilmi\u015f tasar\u0131m\u0131yla bu hidrolik ko\u00e7 silindiri, kar k\u00fcreme makinelerinin benzersiz gereksinimlerini kar\u015f\u0131lamak \u00fczere \u00f6zel olarak tasarlanm\u0131\u015ft\u0131r. Zorlu hava ko\u015fullar\u0131nda \u00fcst\u00fcn performans sa\u011flayacak \u015fekilde tasarlanm\u0131\u015f olup, verimli kar temizleme operasyonlar\u0131na olanak tan\u0131r. Silindirin a\u015f\u0131r\u0131 s\u0131cakl\u0131klara dayan\u0131kl\u0131l\u0131k \u00f6zelli\u011fi, en so\u011fuk ortamlarda bile g\u00fcvenilir \u00e7al\u0131\u015fma sa\u011flar.<\/p>\n<p>Fabrika, Kar K\u00fcreme Makinesi i\u00e7in \u00d6zelle\u015ftirilmi\u015f Hidrolik Ram Silindiri tedarik ediyor ve geli\u015fmi\u015f hidrolik teknolojisiyle kar k\u00fcreme makinesinin hareketleri \u00fczerinde g\u00fc\u00e7l\u00fc ve hassas kontrol sa\u011fl\u0131yor. Y\u00fcksek kaliteli yap\u0131s\u0131 ve g\u00fcvenilir s\u0131zd\u0131rmazl\u0131k mekanizmalar\u0131, s\u0131z\u0131nt\u0131 veya ar\u0131za riskini en aza indirerek kullan\u0131m \u00f6mr\u00fc boyunca tutarl\u0131 performans sa\u011fl\u0131yor.<\/p>\n<p>Bu hidrolik silindirin temel avantajlar\u0131ndan biri uyarlanabilirli\u011fidir. \u00c7e\u015fitli kar k\u00fcreme sistemlerine kolayca entegre edilebilir, kusursuz bir uyum ve uyumluluk sunar. Bu \u00fcr\u00fcn\u00fcn \u00f6zelle\u015ftirilebilir yap\u0131s\u0131, \u00f6zel gereksinimleri kar\u015f\u0131lamada esneklik sa\u011flayarak, kar k\u00fcreme makinesi \u00fcreticileri ve operat\u00f6rleri i\u00e7in olduk\u00e7a aranan bir se\u00e7enek haline getirir.<\/p>\n<p>Ayr\u0131ca, bu hidrolik silindir bak\u0131m kolayl\u0131\u011f\u0131 d\u00fc\u015f\u00fcn\u00fclerek tasarlanm\u0131\u015ft\u0131r. Sa\u011flam yap\u0131s\u0131, s\u0131k onar\u0131m veya de\u011fi\u015ftirme ihtiyac\u0131n\u0131 azaltarak ar\u0131za s\u00fcresini en aza indirir ve \u00fcretkenli\u011fi en \u00fcst d\u00fczeye \u00e7\u0131kar\u0131r. D\u00fczenli kontroller ve rutin bak\u0131m, optimum performans sa\u011flayarak silindirin \u00f6mr\u00fcn\u00fc ve genel verimlili\u011fini uzat\u0131r.<\/p>\n<p>\u00d6zetle, Fabrika Taraf\u0131ndan Kar K\u00fcreme Makinesi i\u00e7in \u00d6zelle\u015ftirilmi\u015f Hidrolik Ram Silindiri, kar k\u00fcreme uygulamalar\u0131 i\u00e7in g\u00fcvenilir ve verimli bir \u00e7\u00f6z\u00fcmd\u00fcr. \u00dcst\u00fcn mukavemeti, uyarlanabilirli\u011fi ve bak\u0131m kolayl\u0131\u011f\u0131, onu k\u0131\u015f bak\u0131m \u00e7al\u0131\u015fmalar\u0131nda kar k\u00fcreme makinelerinin performans\u0131n\u0131 ve g\u00fcvenilirli\u011fini art\u0131rmak i\u00e7in vazge\u00e7ilmez bir bile\u015fen haline getirir. FMP Transmission taraf\u0131ndan \u00f6zel olarak tasarlan\u0131p \u00fcretilen, kar k\u00fcreme makinesi i\u00e7in yeni ve yenilik\u00e7i hidrolik ram silindirimizi sunuyoruz. Bu \u00fcr\u00fcn, end\u00fcstriyel uygulamalar i\u00e7in sa\u011flam bir \u015fekilde tasarlanm\u0131\u015f olup g\u00fcvenilir, verimli ve y\u00fcksek kaliteli performans sunar. Rulmanlar ve hidrolik silindirin kendisi de dahil olmak \u00fczere temel bile\u015fenlerini garanti eden 1 y\u0131ll\u0131k garantiyle birlikte gelir.<\/p>\n<p><img decoding=\"async\" title=\"Kar K\u00fcreme Hidrolik Silindiri\" src=\"https:\/\/hzpt.com\/wp-content\/uploads\/2023\/11\/Snow-Plow-Hydraulic-Cylinder-2.webp\" alt=\"Kar K\u00fcreme Hidrolik Silindiri\" \/><\/p>\n<h2>\u00dcr\u00fcn \u00d6zellikleri<\/h2>\n<p>Kar k\u00fcreme makinesinin hidrolik silindiri, hidrolik kuvvetle \u00e7al\u0131\u015fan standart bir piston silindiri yap\u0131s\u0131yla \u00fcretilmi\u015ftir. G\u00f6vde malzemesi \u00e7elikten yap\u0131lm\u0131\u015ft\u0131r, bu da onu sa\u011flam ve dayan\u0131kl\u0131 k\u0131lar. Maksimum 3000 ton itme ve 20 ton \u00e7ekme g\u00fcc\u00fcne sahiptir. Bu \u00fcr\u00fcn, kalitesini ve g\u00fcvenli\u011fini garanti alt\u0131na alan ISO9001:2000 sertifikas\u0131na sahiptir.<\/p>\n<h3>Boyutlar ve \u00d6zellikler<\/h3>\n<p><img decoding=\"async\" title=\"Kar K\u00fcreme Hidrolik Silindiri\" src=\"https:\/\/hzpt.com\/wp-content\/uploads\/2023\/11\/Snow-Plow-Hydraulic-Cylinder-3.webp\" alt=\"Kar K\u00fcreme Hidrolik Silindiri\" \/><\/p>\n<ul>\n<li>Delik Boyutu: 2-6 in\u00e7<\/li>\n<li>\u00c7ubuk Boyutu: 1,125-4 in\u00e7<\/li>\n<li>Vuru\u015f Boyutu: 4-100 in\u00e7<\/li>\n<li>Pin Boyutu: 0,5-2 in\u00e7<\/li>\n<li>Limanlar: G\/SAE\/NPT\/M<\/li>\n<\/ul>\n<h2>Ayarlanabilir \u00c7atal Tipi Silindirlerin Avantajlar\u0131<\/h2>\n<ul>\n<li style=\"list-style-type: none;\">\n<ul>\n<li>Geli\u015fmi\u015f Esneklik ve \u00d6zelle\u015ftirme<\/li>\n<\/ul>\n<\/li>\n<\/ul>\n<p>Ayarlanabilir \u00e7atal tipi silindir, di\u011fer silindir tiplerine k\u0131yasla geli\u015fmi\u015f esneklik ve \u00f6zelle\u015ftirme olana\u011f\u0131 sa\u011flayan bir hidrolik ko\u00e7 silindiridir. Silindir son derece ayarlanabilirdir ve farkl\u0131 uygulamalar\u0131n \u00f6zel gereksinimlerine uyacak \u015fekilde \u00f6zelle\u015ftirilebilir. Bu silindirin ayarlanabilirli\u011fi, de\u011fi\u015fen arazi ve ko\u015fullara kolayca uyum sa\u011flayan silindirler gerektiren kar k\u00fcreme makineleri de dahil olmak \u00fczere \u00e7ok \u00e7e\u015fitli uygulamalarda kullan\u0131labilmesini sa\u011flar.<\/p>\n<ul>\n<li style=\"list-style-type: none;\">\n<ul>\n<li>Geli\u015fmi\u015f Verimlilik ve Performans<\/li>\n<\/ul>\n<\/li>\n<\/ul>\n<p>Ayarlanabilir \u00e7atal tipi silindir, di\u011fer silindir tiplerine k\u0131yasla daha iyi verimlilik ve performans sa\u011flamak \u00fczere tasarlanm\u0131\u015ft\u0131r. Silindir, y\u00fcksek kaliteli malzemeler kullan\u0131larak \u00fcretilmi\u015f olup maksimum mukavemet ve dayan\u0131kl\u0131l\u0131k sa\u011flayacak \u015fekilde tasarlanm\u0131\u015ft\u0131r. Bu sayede, silindir a\u011f\u0131r hizmet uygulamalar\u0131n\u0131n zorluklar\u0131na dayanabilir ve uzun \u00f6m\u00fcrl\u00fc performans sa\u011flayabilir. Ayarlanabilir \u00e7atal tipi silindirin art\u0131r\u0131lm\u0131\u015f verimlili\u011fi ve performans\u0131, onu zorlu k\u0131\u015f ko\u015fullar\u0131na dayan\u0131kl\u0131 ve g\u00fcvenilir performans sa\u011flayan silindirlere ihtiya\u00e7 duyan kar k\u00fcreme makineleri i\u00e7in ideal bir se\u00e7im haline getirir.<\/p>\n<ul>\n<li style=\"list-style-type: none;\">\n<ul>\n<li>Daha Y\u00fcksek G\u00fcvenlik ve G\u00fcvenilirlik Seviyesi<\/li>\n<\/ul>\n<\/li>\n<\/ul>\n<p>Ayarlanabilir \u00e7atal tipi silindir, g\u00fcvenlik ve g\u00fcvenilirlik g\u00f6z \u00f6n\u00fcnde bulundurularak tasarlanm\u0131\u015ft\u0131r. Silindir, geli\u015fmi\u015f g\u00fcvenlik \u00f6zellikleriyle donat\u0131lm\u0131\u015ft\u0131r ve di\u011fer silindir tiplerine k\u0131yasla daha y\u00fcksek bir g\u00fcvenilirlik seviyesi sa\u011flayacak \u015fekilde tasarlanm\u0131\u015ft\u0131r. Silindir, en y\u00fcksek g\u00fcvenlik ve g\u00fcvenilirlik standartlar\u0131n\u0131 kar\u015f\u0131lad\u0131\u011f\u0131ndan emin olmak i\u00e7in titizlikle test edilmi\u015ftir. Bu, ayarlanabilir \u00e7atal tipi silindiri, zorlu ko\u015fullarda y\u00fcksek d\u00fczeyde g\u00fcvenlik ve g\u00fcvenilirlik sa\u011flayabilen silindirlere ihtiya\u00e7 duyan kar k\u00fcreme makineleri i\u00e7in ideal bir se\u00e7im haline getirir.<\/p>\n<ul>\n<li style=\"list-style-type: none;\">\n<ul>\n<li>Artan Maliyet Tasarrufu ve Azalt\u0131lm\u0131\u015f Bak\u0131m<\/li>\n<\/ul>\n<\/li>\n<\/ul>\n<p>Ayarlanabilir \u00e7atal tipi silindir, di\u011fer silindir tiplerine k\u0131yasla daha fazla maliyet tasarrufu ve daha az bak\u0131m sa\u011flamak \u00fczere tasarlanm\u0131\u015ft\u0131r. Silindir son derece dayan\u0131kl\u0131d\u0131r ve kullan\u0131m \u00f6mr\u00fc boyunca minimum bak\u0131m gerektirir. Bu, genel sahip olma maliyetini d\u00fc\u015f\u00fcr\u00fcr ve y\u00fcksek bak\u0131m maliyetlerine katlanmadan g\u00fcvenilir performans sa\u011flayan silindirlere ihtiya\u00e7 duyan kar k\u00fcreme makineleri i\u00e7in ekonomik bir se\u00e7enek haline getirir.<\/p>\n<ul>\n<li style=\"list-style-type: none;\">\n<ul>\n<li>Fabrika, Kar K\u00fcreme Makinesi i\u00e7in \u00d6zelle\u015ftirilmi\u015f Hidrolik Ram Silindiri Sa\u011fl\u0131yor<\/li>\n<\/ul>\n<\/li>\n<\/ul>\n<p>Ayarlanabilir \u00e7atal tipi silindir, Factory Provide gibi \u00fcreticilerin sundu\u011fu bir\u00e7ok hidrolik ko\u00e7 silindirinden biridir. Bu \u00fcreticiler, kar k\u00fcreme makineleri ve di\u011fer a\u011f\u0131r hizmet uygulamalar\u0131 i\u00e7in \u00f6zelle\u015ftirilmi\u015f hidrolik ko\u00e7 silindirleri sa\u011flama konusunda uzmanla\u015fm\u0131\u015ft\u0131r. Silindirler, en y\u00fcksek performans ve g\u00fcvenilirlik seviyesini sa\u011flayacak \u015fekilde tasarlanm\u0131\u015ft\u0131r ve farkl\u0131 uygulamalar\u0131n \u00f6zel gereksinimlerine uyacak \u015fekilde \u00f6zelle\u015ftirilebilir. Bu, kar k\u00fcreme makinelerinin ve di\u011fer a\u011f\u0131r hizmet ekipmanlar\u0131n\u0131n optimum seviyede \u00e7al\u0131\u015fmas\u0131n\u0131 ve zorlu ko\u015fullarda g\u00fcvenilir performans g\u00f6stermesini sa\u011flar.<\/p>\n<h3>FMP Hakk\u0131nda<\/h3>\n<p>FMP, Hidrolik Silindir \u00fcretimi ve sat\u0131\u015f\u0131 konusunda uzmanla\u015fm\u0131\u015f bir \u015firkettir. \u0130talya'da bulunan firmam\u0131z, uzun y\u0131llara dayanan sekt\u00f6r deneyimine ve m\u00fc\u015fterilerimize y\u00fcksek kaliteli ve g\u00fcvenilir hidrolik silindir \u00e7\u00f6z\u00fcmleri sunmaya kendini adam\u0131\u015f profesyonel bir ekibe sahiptir.<\/p>\n<p><img decoding=\"async\" src=\"https:\/\/fmp-components.com\/wp-content\/uploads\/2024\/12\/Adjustable-Clevis-Type-Cylinders-6.webp\" alt=\"Ayarlanabilir \u00c7atal Tipi Silindir\" width=\"827\" title=\"\"><\/p>\n<h4>\u00dcr\u00fcnlerimiz ve \u015eirketimizin Avantajlar\u0131:<\/h4>\n<ol>\n<li>Geni\u015f Hidrolik Silindir Yelpazesi: Ayarlanabilir \u00e7atal tipi silindirler, teleskopik silindirler, rot kolu silindirleri ve daha fazlas\u0131 dahil olmak \u00fczere \u00e7ok \u00e7e\u015fitli hidrolik silindirler sunuyoruz. Geni\u015f \u00fcr\u00fcn yelpazemiz, \u00e7e\u015fitli uygulamalar i\u00e7in do\u011fru silindire sahip olmam\u0131z\u0131 sa\u011flar.<\/li>\n<li>Y\u00fcksek Kaliteli Yap\u0131: Hidrolik silindirlerimiz, en kaliteli malzemeler ve geli\u015fmi\u015f \u00fcretim teknikleri kullan\u0131larak \u00fcretilmektedir. Bu sayede, zorlu \u00e7al\u0131\u015fma ko\u015fullar\u0131nda bile dayan\u0131kl\u0131l\u0131k, g\u00fcvenilirlik ve uzun \u00f6m\u00fcr garanti alt\u0131na al\u0131nm\u0131\u015ft\u0131r.<\/li>\n<li>S\u0131k\u0131 Kalite Kontrol\u00fc: FMP olarak, y\u00fcksek kaliteli tedarik\u00e7ilerle uzun vadeli ve istikrarl\u0131 ili\u015fkiler kurduk. Tedarik etti\u011fimiz t\u00fcm par\u00e7alar\u0131 titizlikle inceleyip test ederek s\u0131k\u0131 kalite standartlar\u0131m\u0131z\u0131 kar\u015f\u0131lad\u0131klar\u0131ndan emin oluyoruz. Bu sayede, hidrolik silindirlerimiz s\u00fcrekli olarak ola\u011fan\u00fcst\u00fc performans sergiliyor.<\/li>\n<li>Uzman Sat\u0131\u015f Ekibi: Deneyimli ve yetenekli sat\u0131\u015f ekibimiz, in\u015faat makineleri sekt\u00f6r\u00fcndeki geli\u015fme trendleri ve m\u00fc\u015fteri ihtiya\u00e7lar\u0131 konusunda uzmand\u0131r. Profesyonel \u00fcr\u00fcn dan\u0131\u015fmanl\u0131\u011f\u0131 ve ak\u0131ll\u0131 sat\u0131n alma \u00f6nerileri sunarak m\u00fc\u015fterilerimizin bilin\u00e7li kararlar almas\u0131n\u0131 sa\u011flarlar.<\/li>\n<li>Verimli Lojistik Da\u011f\u0131t\u0131m: Hidrolik silindirlerimizin zaman\u0131nda ve do\u011fru teslimat\u0131n\u0131 sa\u011flamak i\u00e7in verimli bir lojistik da\u011f\u0131t\u0131m sistemimiz mevcuttur. M\u00fc\u015fterilerimiz, ar\u0131za s\u00fcrelerini en aza indirip \u00fcretkenli\u011fi en \u00fcst d\u00fczeye \u00e7\u0131karmalar\u0131na olanak tan\u0131yan h\u0131zl\u0131 ve sorunsuz hizmet sunaca\u011f\u0131m\u0131za g\u00fcvenebilirler.<\/li>\n<\/ol>\n<p>T\u00fcm hidrolik silindir ihtiya\u00e7lar\u0131n\u0131z i\u00e7in g\u00fcvenilir orta\u011f\u0131n\u0131z olarak FMP'yi se\u00e7in. Geni\u015f kaliteli \u00fcr\u00fcn yelpazemiz, s\u0131k\u0131 kalite kontrol\u00fcm\u00fcz, bilgili sat\u0131\u015f ekibimiz ve verimli lojistik \u00e7\u00f6z\u00fcmlerimiz sayesinde, in\u015faat makineleri projelerinizde ba\u015far\u0131ya ula\u015fman\u0131za yard\u0131mc\u0131 olmaya kararl\u0131y\u0131z.<\/p>\n<h2>SSS<\/h2>\n<h3>Siz bir ticaret \u015firketi veya \u00fcretici misiniz?<\/h3>\n<p>Biz Lin Yi \u015fehrinde bulunan fabrikam\u0131zla bir \u00fcreticiyiz.<\/p>\n<h3>Teslimat s\u00fcreniz ne kadar?<\/h3>\n<p>Genellikle teslimat s\u00fcresi 25-35 g\u00fcnd\u00fcr.<\/p>\n<h3>Numunelere g\u00f6re \u00fcretim yapabilir misiniz?<\/h3>\n<p>Evet, numuneleriniz veya teknik \u00e7izimleriniz do\u011frultusunda \u00fcretim yapabiliriz. Kal\u0131p ve aparatlar\u0131 biz \u00fcretebiliriz.<\/p>\n<p>Yazar: CX<\/p>","protected":false},"excerpt":{"rendered":"<p>Fabrika, Kar K\u00fcreme Makinesi i\u00e7in \u00d6zelle\u015ftirilmi\u015f Hidrolik Ram Silindiri Sa\u011fl\u0131yor Fabrika, Kar K\u00fcreme Makinesi i\u00e7in \u00d6zelle\u015ftirilmi\u015f Hidrolik Ram Silindiri Sa\u011fl\u0131yor, kar k\u00fcreme makinelerinin performans\u0131n\u0131 art\u0131rmak i\u00e7in tasarlanm\u0131\u015f son derece \u00e7ok y\u00f6nl\u00fc ve verimli bir \u00fcr\u00fcnd\u00fcr. Bu hidrolik silindir, ola\u011fan\u00fcst\u00fc g\u00fc\u00e7 ve dayan\u0131kl\u0131l\u0131k sunarak k\u0131\u015f bak\u0131m end\u00fcstrisindeki a\u011f\u0131r hizmet uygulamalar\u0131 i\u00e7in ideal bir se\u00e7imdir. [\u2026]<\/p>","protected":false},"featured_media":1499,"comment_status":"closed","ping_status":"closed","template":"","meta":{"_et_pb_use_builder":"","_et_pb_old_content":"","_et_gb_content_width":""},"product_brand":[],"product_cat":[42],"product_tag":[34,44],"class_list":{"0":"post-1498","1":"product","2":"type-product","3":"status-publish","4":"has-post-thumbnail","6":"product_cat-snow-plow-hydraulic-cylinder","7":"product_tag-hydraulic-cylinder","8":"product_tag-snow-plow-hydraulic-cylinder","10":"first","11":"instock","12":"product-type-simple"},"_links":{"self":[{"href":"https:\/\/fmp-components.com\/tr\/wp-json\/wp\/v2\/product\/1498","targetHints":{"allow":["GET"]}}],"collection":[{"href":"https:\/\/fmp-components.com\/tr\/wp-json\/wp\/v2\/product"}],"about":[{"href":"https:\/\/fmp-components.com\/tr\/wp-json\/wp\/v2\/types\/product"}],"replies":[{"embeddable":true,"href":"https:\/\/fmp-components.com\/tr\/wp-json\/wp\/v2\/comments?post=1498"}],"wp:featuredmedia":[{"embeddable":true,"href":"https:\/\/fmp-components.com\/tr\/wp-json\/wp\/v2\/media\/1499"}],"wp:attachment":[{"href":"https:\/\/fmp-components.com\/tr\/wp-json\/wp\/v2\/media?parent=1498"}],"wp:term":[{"taxonomy":"product_brand","embeddable":true,"href":"https:\/\/fmp-components.com\/tr\/wp-json\/wp\/v2\/product_brand?post=1498"},{"taxonomy":"product_cat","embeddable":true,"href":"https:\/\/fmp-components.com\/tr\/wp-json\/wp\/v2\/product_cat?post=1498"},{"taxonomy":"product_tag","embeddable":true,"href":"https:\/\/fmp-components.com\/tr\/wp-json\/wp\/v2\/product_tag?post=1498"}],"curies":[{"name":"wp","href":"https:\/\/api.w.org\/{rel}","templated":true}]}}