{"id":1496,"date":"2024-12-23T05:50:37","date_gmt":"2024-12-23T05:50:37","guid":{"rendered":"https:\/\/fmp-components.com\/product\/premium-quality-welded-small-double-acting-hydraulic-cylinder\/"},"modified":"2025-05-10T13:03:08","modified_gmt":"2025-05-10T13:03:08","slug":"premium-quality-welded-small-double-acting-hydraulic-cylinder","status":"publish","type":"product","link":"https:\/\/fmp-components.com\/tr\/product\/premium-quality-welded-small-double-acting-hydraulic-cylinder\/","title":{"rendered":"Premium Kalite Kaynakl\u0131 K\u00fc\u00e7\u00fck \u00c7ift Etkili Hidrolik Silindir"},"content":{"rendered":"<h2>Yeni ve Sa\u011flam Kar K\u00fcreme Hidrolik Silindiri<\/h2>\n<p>Hidrolik kuvvetle \u00e7al\u0131\u015fan standart bir piston silindiri olan yeni ve sa\u011flam Kar K\u00fcreme Hidrolik Silindiri ile tan\u0131\u015f\u0131n. Makine tamir at\u00f6lyelerinin, \u00e7iftliklerin, enerji ve madencilik end\u00fcstrilerinin ve makine \u00fcretim fabrikalar\u0131n\u0131n y\u00fcksek standartlar\u0131n\u0131 kar\u015f\u0131lamak \u00fczere hassasiyetle tasarlanm\u0131\u015ft\u0131r.<\/p>\n<h3>\u00dcr\u00fcn \u00d6zellikleri<\/h3>\n<ul>\n<li>1 y\u0131l garantili, yepyeni.<\/li>\n<li>Delik boyutu: 2-6 in\u00e7<\/li>\n<li>\u00c7ubuk boyutu: 1,125-4 in\u00e7<\/li>\n<li>Darbe boyutu: 4-100 in\u00e7<\/li>\n<li>Pin boyutu: 0,5-2 in\u00e7<\/li>\n<li>Maksimum itme: 3000<\/li>\n<li>Maksimum \u00e7ekme: 20 ton<\/li>\n<li>Sertifikasyon: ISO9001:2000<\/li>\n<li>A\u011f\u0131rl\u0131k: 4 KG<\/li>\n<\/ul>\n<h3>\u00dcst\u00fcn Kalite ve Performans<\/h3>\n<p>Hidrolik silindirlerimiz, \u00fcst\u00fcn dayan\u0131kl\u0131l\u0131k ve uzun \u00f6m\u00fcr i\u00e7in \u00e7elik g\u00f6vdeden \u00fcretilmi\u015ftir. En zorlu ko\u015fullara dayanacak \u015fekilde tasarlanm\u0131\u015flard\u0131r ve bu da onlar\u0131 makine ihtiya\u00e7lar\u0131n\u0131z i\u00e7in g\u00fcvenilir bir se\u00e7enek haline getirir. \u00dcr\u00fcnlerimiz titiz testlerden ge\u00e7er ve g\u00f6n\u00fcl rahatl\u0131\u011f\u0131n\u0131z i\u00e7in video \u00e7\u0131k\u0131\u015f muayenesi ve makine test raporuyla birlikte gelir.<\/p>\n<h2>Ayarlanabilir \u00c7atal Tipi Silindirlerin Avantajlar\u0131<\/h2>\n<p>Birinci s\u0131n\u0131f kaynakl\u0131 k\u00fc\u00e7\u00fck \u00e7ift etkili hidrolik silindirler olarak da bilinen ayarlanabilir \u00e7atal tipi silindirler, \u00e7e\u015fitli uygulamalarda bir\u00e7ok avantaj sunar. Bu silindirler, verimli ve g\u00fcvenilir performans sa\u011flayacak \u015fekilde tasarlanm\u0131\u015ft\u0131r ve bu da onlar\u0131 in\u015faat, imalat ve tar\u0131m gibi sekt\u00f6rlerde pop\u00fcler bir tercih haline getirir. Bu makalede, ayarlanabilir \u00e7atal tipi silindirlerin temel avantajlar\u0131n\u0131 inceleyece\u011fiz.<\/p>\n<p><strong>1. Geli\u015fmi\u015f Esneklik ve \u00c7ok Y\u00f6nl\u00fcl\u00fck<\/strong><\/p>\n<p>Ayarlanabilir \u00e7atal tipi silindirler son derece \u00e7ok y\u00f6nl\u00fcd\u00fcr ve farkl\u0131 uygulamalarda kolay \u00f6zelle\u015ftirme ve uyarlanabilirlik sa\u011flar. \u00c7atal \u00f6zelli\u011fi, \u00e7e\u015fitli aksesuarlar\u0131n ve montaj se\u00e7eneklerinin tak\u0131lmas\u0131n\u0131 sa\u011flayarak silindirin di\u011fer bile\u015fenlere veya yap\u0131lara ba\u011flanmas\u0131nda daha fazla esneklik sa\u011flar. Bu \u00e7ok y\u00f6nl\u00fcl\u00fck, silindirin belirli gereksinimlere g\u00f6re uyarlanabilmesini sa\u011flayarak genel performans\u0131n\u0131 art\u0131r\u0131r.<\/p>\n<p><strong>2. \u00dcst\u00fcn Y\u00fck Ta\u015f\u0131ma Kapasitesi<\/strong><\/p>\n<p>Bu silindirler, a\u011f\u0131r y\u00fckleri kolayl\u0131kla ta\u015f\u0131yacak \u015fekilde tasarlanm\u0131\u015ft\u0131r. Birinci s\u0131n\u0131f kaynakl\u0131 yap\u0131, ola\u011fan\u00fcst\u00fc mukavemet ve dayan\u0131kl\u0131l\u0131k sa\u011flayarak silindirin y\u00fcksek bas\u0131n\u00e7 ve a\u011f\u0131r hizmet operasyonlar\u0131na dayanmas\u0131n\u0131 sa\u011flar. Sa\u011flam y\u00fck ta\u015f\u0131ma kapasiteleriyle ayarlanabilir \u00e7atal tipi silindirler, a\u011f\u0131r nesneleri kald\u0131rma, itme veya \u00e7ekme gibi zorlu g\u00f6revler i\u00e7in idealdir.<\/p>\n<p><strong>3. Hassas Kontrol ve Konumland\u0131rma<\/strong><\/p>\n<p>Ayarlanabilir \u00e7atal tipi silindirlerin temel avantajlar\u0131ndan biri, hassas kontrol ve konumland\u0131rma sa\u011flama kabiliyetleridir. \u00c7ift etkili tasar\u0131m, pistonun hem uzamas\u0131n\u0131 hem de geri \u00e7ekilmesini sa\u011flayarak hassas ve kontroll\u00fc hareket sa\u011flar. Bu kontrol seviyesi, hassas konumland\u0131rma veya tekrarlayan g\u00f6revler gerektiren uygulamalarda \u00f6zellikle faydal\u0131d\u0131r ve optimum performans ve verimlilik sa\u011flar.<\/p>\n<p><strong>4. Verimli Enerji D\u00f6n\u00fc\u015f\u00fcm\u00fc<\/strong><\/p>\n<p>Ayarlanabilir \u00e7atal tipi silindirler, enerji d\u00f6n\u00fc\u015f\u00fcm\u00fcn\u00fc optimize edecek ve genel verimlili\u011fi art\u0131racak \u015fekilde tasarlanm\u0131\u015ft\u0131r. Hidrolik sistem, hidrolik enerjiyi verimli bir \u015fekilde mekanik g\u00fcce d\u00f6n\u00fc\u015ft\u00fcrerek silindirin minimum enerji giri\u015fiyle \u00f6nemli bir g\u00fc\u00e7 \u00e7\u0131k\u0131\u015f\u0131 \u00fcretmesini sa\u011flar. Bu verimlilik, maliyet etkinli\u011fini garanti eder ve a\u015f\u0131r\u0131 enerji t\u00fcketiminden kaynaklanan \u00e7evresel etkiyi azalt\u0131r.<\/p>\n<p><strong>5. G\u00fcvenilir ve D\u00fc\u015f\u00fck Bak\u0131m Gerektirir<\/strong><\/p>\n<p>Birinci s\u0131n\u0131f kalite yap\u0131lar\u0131 ve sa\u011flam tasar\u0131mlar\u0131yla ayarlanabilir \u00e7atal tipi silindirler, ola\u011fan\u00fcst\u00fc g\u00fcvenilirlik ve dayan\u0131kl\u0131l\u0131k sunar. Bu silindirler, a\u015f\u0131r\u0131 s\u0131cakl\u0131klar, y\u00fcksek bas\u0131n\u00e7lar ve a\u011f\u0131r y\u00fckler gibi zorlu \u00e7al\u0131\u015fma ko\u015fullar\u0131na dayanacak \u015fekilde \u00fcretilmi\u015ftir. Ayr\u0131ca, minimum bak\u0131m gerektirirler, bu da ar\u0131za s\u00fcresini ve ilgili maliyetleri azalt\u0131r. Bu g\u00fcvenilirlik ve d\u00fc\u015f\u00fck bak\u0131m ihtiyac\u0131, ayarlanabilir \u00e7atal tipi silindirleri uzun s\u00fcreli kullan\u0131m i\u00e7in uygun maliyetli bir se\u00e7enek haline getirir.<\/p>\n<p>Sonu\u00e7 olarak, ayarlanabilir \u00e7atal tipi silindirler \u00e7e\u015fitli uygulamalarda say\u0131s\u0131z avantaj sa\u011flar. Geli\u015fmi\u015f esneklikleri, \u00fcst\u00fcn y\u00fck ta\u015f\u0131ma kapasiteleri, hassas kontrol ve konumland\u0131rmalar\u0131, verimli enerji d\u00f6n\u00fc\u015f\u00fcm\u00fc ve g\u00fcvenilir performanslar\u0131, onlar\u0131 bir\u00e7ok end\u00fcstri i\u00e7in tercih edilen bir se\u00e7enek haline getirir. \u0130ster a\u011f\u0131r nesneleri kald\u0131rmak, ister hareketleri kontrol etmek veya enerji verimlili\u011fini optimize etmek olsun, bu silindirler ola\u011fan\u00fcst\u00fc bir performans sunar ve hidrolik sistemlerin genel ba\u015far\u0131s\u0131na katk\u0131da bulunur.<\/p>\n<h3>FMP Hakk\u0131nda<\/h3>\n<p>FMP, hidrolik silindir \u00fcretimi ve sat\u0131\u015f\u0131 konusunda uzmanla\u015fm\u0131\u015f bir \u015firkettir. \u0130n\u015faat makineleri sekt\u00f6r\u00fcnde lider bir firma olarak, m\u00fc\u015fterilerimize y\u00fcksek kaliteli ve g\u00fcvenilir hidrolik silindir \u00e7\u00f6z\u00fcmleri sunmaya kendimizi adad\u0131k.<\/p>\n<p><img decoding=\"async\" class=\"aligncenter\" src=\"https:\/\/fmp-components.com\/wp-content\/uploads\/2024\/12\/Adjustable-Clevis-Type-Cylinders-6.webp\" alt=\"Ayarlanabilir \u00c7atal Tipi Silindir\" width=\"826\" title=\"\"><\/p>\n<p>Hidrolik silindirlerimizin be\u015f temel avantaj\u0131 \u015funlard\u0131r:<\/p>\n<ol>\n<li>Dayan\u0131kl\u0131 ve Sa\u011flam: Hidrolik silindirlerimiz, a\u011f\u0131r hizmet uygulamalar\u0131na ve zorlu \u00e7al\u0131\u015fma ortamlar\u0131na dayanacak \u015fekilde \u00fcretilmi\u015ftir. Y\u00fcksek kaliteli malzemelerden \u00fcretilmi\u015f olup, uzun \u00f6m\u00fcrl\u00fc performans sa\u011flayacak \u015fekilde tasarlanm\u0131\u015ft\u0131r.<\/li>\n<li>Hassasiyet ve Verimlilik: Hidrolik silindirlerimiz hassasiyet ve verimlilik g\u00f6z \u00f6n\u00fcnde bulundurularak tasarlanm\u0131\u015ft\u0131r. P\u00fcr\u00fczs\u00fcz ve hassas hareket sa\u011flayarak optimum kontrol ve \u00e7al\u0131\u015fma sa\u011flarlar.<\/li>\n<li>Geni\u015f Se\u00e7enek Yelpazesi: Farkl\u0131 ihtiya\u00e7lar\u0131 kar\u015f\u0131lamak i\u00e7in geni\u015f bir hidrolik silindir yelpazesi sunuyoruz. Ayarlanabilir \u00e7atal tipi silindirlerden \u00e7ift etkili teleskopik silindirlere kadar, \u00e7e\u015fitli uygulamalar i\u00e7in do\u011fru \u00e7\u00f6z\u00fcme sahibiz.<\/li>\n<li>S\u0131k\u0131 Kalite Standartlar\u0131: FMP olarak, t\u00fcm hidrolik silindirlerimizin s\u0131k\u0131 kalite standartlar\u0131n\u0131 kar\u015f\u0131lamas\u0131n\u0131 sa\u011flamak i\u00e7in sayg\u0131n tedarik\u00e7ilerle uzun vadeli ortakl\u0131klar kurduk. Kaliteye olan ba\u011fl\u0131l\u0131\u011f\u0131m\u0131z, \u00fcr\u00fcnlerimizin g\u00fcvenilirli\u011fini ve performans\u0131n\u0131 garanti eder.<\/li>\n<li>Uzman Dan\u0131\u015fmanl\u0131k ve Destek: Deneyimli sat\u0131\u015f ekibimiz, in\u015faat makineleri sekt\u00f6r\u00fcnde uzmand\u0131r. Hidrolik silindirler konusunda derinlemesine bilgi sahibidirler ve ihtiya\u00e7lar\u0131n\u0131za uygun do\u011fru \u00fcr\u00fcn\u00fc se\u00e7menize yard\u0131mc\u0131 olmak i\u00e7in profesyonel dan\u0131\u015fmanl\u0131k hizmeti sunabilirler.<\/li>\n<\/ol>\n<p>FMP ile ola\u011fan\u00fcst\u00fc performans ve g\u00fcvenilirlik sunan en \u00fcst d\u00fczey hidrolik silindirlere sahip oldu\u011funuzdan emin olabilirsiniz. Hidrolik silindir ihtiya\u00e7lar\u0131n\u0131z\u0131 g\u00f6r\u00fc\u015fmek ve in\u015faat makineleri sekt\u00f6r\u00fcnde g\u00fcvenilir orta\u011f\u0131n\u0131z olmak i\u00e7in bug\u00fcn bizimle ileti\u015fime ge\u00e7in.<\/p>\n<h2>SSS<\/h2>\n<p><strong>S: Kar K\u00fcreme Hidrolik Silindirlerinin teslimat s\u00fcresi ne kadard\u0131r?<\/strong><\/p>\n<p>A: Genel teslimat s\u00fcresi 25-35 g\u00fcnd\u00fcr.<\/p>\n<p><strong>S: Kar K\u00fcreme Hidrolik Silindirlerinin numunelerini sa\u011fl\u0131yor musunuz?<\/strong><\/p>\n<p>C: Evet, numune sunuyoruz ancak \u00fccretsiz de\u011fil.<\/p>\n<p><strong>S: Numunelere g\u00f6re \u00fcretim yapabilir misiniz?<\/strong><\/p>\n<p>C: Evet, numunelerinize veya teknik \u00e7izimlerinize g\u00f6re \u00fcr\u00fcn \u00fcretebiliriz. Ayr\u0131ca kal\u0131p ve aparatlar\u0131 da biz \u00fcretebiliriz.<\/p>\n<p><img decoding=\"async\" class=\"aligncenter\" title=\"Kar K\u00fcreme Hidrolik Silindiri\" src=\"https:\/\/hzpt.com\/wp-content\/uploads\/2023\/11\/Snow-Plow-Hydraulic-Cylinder-1.webp\" alt=\"Kar K\u00fcreme Hidrolik Silindiri\" \/><\/p>\n<p>Yazar: CX<\/p>","protected":false},"excerpt":{"rendered":"<p>The New and Robust Snow Plow Hydraulic Cylinder Introducing the new and robust Snow Plow Hydraulic Cylinder, a standard piston cylinder powered by hydraulic force. It is engineered with precision to meet the high standards of machinery repair shops, farms, energy and mining industries, and machinery manufacturing factories. Product Features Brand new with a 1-year [&hellip;]<\/p>","protected":false},"featured_media":1497,"comment_status":"closed","ping_status":"closed","template":"","meta":{"_et_pb_use_builder":"","_et_pb_old_content":"","_et_gb_content_width":""},"product_brand":[],"product_cat":[42],"product_tag":[34,44],"class_list":{"0":"post-1496","1":"product","2":"type-product","3":"status-publish","4":"has-post-thumbnail","6":"product_cat-snow-plow-hydraulic-cylinder","7":"product_tag-hydraulic-cylinder","8":"product_tag-snow-plow-hydraulic-cylinder","10":"first","11":"instock","12":"product-type-simple"},"_links":{"self":[{"href":"https:\/\/fmp-components.com\/tr\/wp-json\/wp\/v2\/product\/1496","targetHints":{"allow":["GET"]}}],"collection":[{"href":"https:\/\/fmp-components.com\/tr\/wp-json\/wp\/v2\/product"}],"about":[{"href":"https:\/\/fmp-components.com\/tr\/wp-json\/wp\/v2\/types\/product"}],"replies":[{"embeddable":true,"href":"https:\/\/fmp-components.com\/tr\/wp-json\/wp\/v2\/comments?post=1496"}],"wp:featuredmedia":[{"embeddable":true,"href":"https:\/\/fmp-components.com\/tr\/wp-json\/wp\/v2\/media\/1497"}],"wp:attachment":[{"href":"https:\/\/fmp-components.com\/tr\/wp-json\/wp\/v2\/media?parent=1496"}],"wp:term":[{"taxonomy":"product_brand","embeddable":true,"href":"https:\/\/fmp-components.com\/tr\/wp-json\/wp\/v2\/product_brand?post=1496"},{"taxonomy":"product_cat","embeddable":true,"href":"https:\/\/fmp-components.com\/tr\/wp-json\/wp\/v2\/product_cat?post=1496"},{"taxonomy":"product_tag","embeddable":true,"href":"https:\/\/fmp-components.com\/tr\/wp-json\/wp\/v2\/product_tag?post=1496"}],"curies":[{"name":"wp","href":"https:\/\/api.w.org\/{rel}","templated":true}]}}