{"id":1494,"date":"2024-12-23T05:50:37","date_gmt":"2024-12-23T05:50:37","guid":{"rendered":"https:\/\/fmp-components.com\/product\/hot-sale-hydraulic-piston-cylinder-snow-plow-hydraulic-cylinder\/"},"modified":"2024-12-23T06:20:58","modified_gmt":"2024-12-23T06:20:58","slug":"hot-sale-hydraulic-piston-cylinder-snow-plow-hydraulic-cylinder","status":"publish","type":"product","link":"https:\/\/fmp-components.com\/tr\/product\/hot-sale-hydraulic-piston-cylinder-snow-plow-hydraulic-cylinder\/","title":{"rendered":"S\u0131cak Sat\u0131\u015f Hidrolik Piston Silindiri Kar K\u00fcreme Makinesi Hidrolik Silindiri"},"content":{"rendered":"<p>S\u0131cak Sat\u0131\u015f Hidrolik Piston Silindirli Kar K\u00fcreme Makinesi Hidrolik SilindiriS\u0131cak Sat\u0131\u015f Hidrolik Piston Silindirli Kar K\u00fcreme Makinesi Hidrolik Silindiri, a\u011f\u0131r hizmet tipi kar k\u00fcreme ihtiya\u00e7lar\u0131n\u0131 kar\u015f\u0131lamak \u00fczere tasarlanm\u0131\u015f birinci s\u0131n\u0131f bir \u00fcr\u00fcnd\u00fcr. Bu hidrolik silindir, yollardan, araba yollar\u0131ndan ve di\u011fer y\u00fczeylerden kar\u0131 temizlemede optimum g\u00fc\u00e7 ve verimlilik sa\u011flamak \u00fczere \u00f6zel olarak tasarlanm\u0131\u015ft\u0131r.<\/p>\n<p>Y\u00fcksek kaliteli yap\u0131s\u0131 ve dayan\u0131kl\u0131 malzemeleriyle bu hidrolik piston silindiri, zorlu k\u0131\u015f ko\u015fullar\u0131nda bile uzun s\u00fcreli performans sa\u011flar. A\u015f\u0131r\u0131 s\u0131cakl\u0131klara dayanacak \u015fekilde \u00fcretilmi\u015ftir ve yo\u011fun kar y\u00fcklerinin bas\u0131nc\u0131n\u0131 etkili bir \u015fekilde kar\u015f\u0131layabilir.<\/p>\n<p>S\u0131cak Sat\u0131\u015f Hidrolik Piston Silindirli Kar K\u00fcreme Makinesi Hidrolik Silindiri, m\u00fckemmel kald\u0131rma ve itme kabiliyetleri sunarak verimli ve etkili kar temizleme imkan\u0131 sa\u011flar. Kar k\u00fcreme sistemlerine kusursuz bir \u015fekilde uyum sa\u011flayacak \u015fekilde tasarlanm\u0131\u015f olup, sorunsuz \u00e7al\u0131\u015fma ve hassas kontrol sa\u011flar.<\/p>\n<p>Bu hidrolik silindir, g\u00fcvenilirli\u011fi ve kullan\u0131m kolayl\u0131\u011f\u0131yla bilinir. H\u0131zl\u0131 ve sorunsuz kurulum sa\u011flayan kullan\u0131c\u0131 dostu bir tasar\u0131ma sahiptir. Kompakt boyutu, \u00e7ok \u00e7e\u015fitli kar k\u00fcreme makinesi modelleriyle uyumlulu\u011funu sa\u011flayarak \u00e7e\u015fitli uygulamalar i\u00e7in \u00e7ok y\u00f6nl\u00fc bir se\u00e7enek sunar.<\/p>\n<p>Bu hidrolik silindir, ola\u011fan\u00fcst\u00fc performans\u0131n\u0131n yan\u0131 s\u0131ra, s\u0131k s\u0131k onar\u0131m ve de\u011fi\u015ftirme ihtiyac\u0131n\u0131 azaltan d\u00fc\u015f\u00fck bak\u0131m gerektiren bir tasar\u0131ma sahiptir. Bu, yaln\u0131zca zamandan ve emekten tasarruf sa\u011flamakla kalmaz, ayn\u0131 zamanda kar temizleme i\u015flemleri s\u0131ras\u0131ndaki kesinti s\u00fcresini de en aza indirir.<\/p>\n<p>\u0130ster profesyonel bir kar temizleme hizmeti sa\u011flay\u0131c\u0131s\u0131 olun, ister yo\u011fun kar ya\u011f\u0131\u015f\u0131yla u\u011fra\u015fan bir ev sahibi olun, S\u0131cak Sat\u0131\u015f Hidrolik Piston Silindirli Kar K\u00fcr\u00fcme Makinesi Hidrolik Silindiri g\u00fcvenilir ve verimli bir \u00e7\u00f6z\u00fcmd\u00fcr. \u00dcst\u00fcn performans, dayan\u0131kl\u0131l\u0131k ve kullan\u0131m kolayl\u0131\u011f\u0131 sa\u011flayarak t\u00fcm kar k\u00fcreme ihtiya\u00e7lar\u0131n\u0131z i\u00e7in ideal bir se\u00e7imdir. K\u0131\u015f geliyor ve kar temizlemeye haz\u0131rlanma zaman\u0131. Bu ba\u011flamda, Hidrolik Piston Silindirli Kar K\u00fcr\u00fcme Makinesi Hidrolik Silindiri, g\u00fcvenilir ve verimli kar temizleme ekipman\u0131 i\u00e7in m\u00fckemmel bir se\u00e7imdir. Bu \u00fcst d\u00fczey \u00fcr\u00fcn, makine tamir at\u00f6lyeleri, \u00e7iftlikler, enerji ve madencilik, makine \u00fcretimi ve makine fabrikalar\u0131 dahil olmak \u00fczere \u00e7e\u015fitli sekt\u00f6rler i\u00e7in m\u00fckemmeldir.<\/p>\n<table style=\"width: 100%;\" border=\"1\" width=\"100%\" cellspacing=\"0\" cellpadding=\"0\">\n<tbody>\n<tr>\n<th>\u00dcr\u00fcn Ad\u0131<\/th>\n<td>Kar K\u00fcreme Makinas\u0131 i\u00e7in Hidrolik Piston Silindiri<\/td>\n<\/tr>\n<tr>\n<th>Malzeme<\/th>\n<td>Dayan\u0131kl\u0131 \u00c7elik<\/td>\n<\/tr>\n<tr>\n<th>G\u00fc\u00e7 Kayna\u011f\u0131<\/th>\n<td>Hidrolik Kuvvet<\/td>\n<\/tr>\n<tr>\n<th>Garanti<\/th>\n<td>1 Y\u0131l<\/td>\n<\/tr>\n<tr>\n<th>A\u011f\u0131rl\u0131k (KG)<\/th>\n<td>6.4<\/td>\n<\/tr>\n<tr>\n<th>Maksimum \u0130tki<\/th>\n<td>3000<\/td>\n<\/tr>\n<tr>\n<th>Maksimum \u00c7ekme<\/th>\n<td>20 ton<\/td>\n<\/tr>\n<tr>\n<th>Sertifikasyon<\/th>\n<td>ISO 9001:2000<\/td>\n<\/tr>\n<tr>\n<th>Renk<\/th>\n<td>\u015e\u0131k Siyah<\/td>\n<\/tr>\n<tr>\n<th>Delik Boyutu<\/th>\n<td>2 \u2013 6 in\u00e7<\/td>\n<\/tr>\n<tr>\n<th>\u00c7ubuk Boyutu<\/th>\n<td>1,125 \u2013 4 in\u00e7<\/td>\n<\/tr>\n<tr>\n<th>Vuru\u015f Boyutu<\/th>\n<td>4 \u2013 100 in\u00e7<\/td>\n<\/tr>\n<tr>\n<th>Pin Boyutu<\/th>\n<td>0,5 \u2013 2 in\u00e7<\/td>\n<\/tr>\n<\/tbody>\n<\/table>\n<h2>Ayarlanabilir \u00c7atal Tipi Silindirlerin Avantajlar\u0131<\/h2>\n<p>S\u0131cak sat\u0131\u015f hidrolik piston silindiri ve kar k\u00fcreme makinesi hidrolik silindiri gibi ayarlanabilir \u00e7atal tipi silindirler, \u00e7e\u015fitli uygulamalarda say\u0131s\u0131z avantaj sunar. Bu silindirler hassasiyetle tasarlanm\u0131\u015f olup, performanslar\u0131n\u0131 ve g\u00fcvenilirliklerini art\u0131ran yenilik\u00e7i \u00f6zellikler i\u00e7erir. Bu makalede, ayarlanabilir \u00e7atal tipi silindirlerin temel avantajlar\u0131n\u0131 inceleyece\u011fiz.<\/p>\n<h3>1. Geli\u015fmi\u015f Esneklik ve Uyum Kabiliyeti<\/h3>\n<p>Ayarlanabilir \u00e7atal tipi silindirlerin \u00f6nemli avantajlar\u0131ndan biri, farkl\u0131 \u00e7al\u0131\u015fma ko\u015fullar\u0131nda geli\u015fmi\u015f esneklik ve uyarlanabilirlik sa\u011flama kabiliyetleridir. Bu silindirler, ayarlanabilir montaj se\u00e7enekleri sunarak di\u011fer bile\u015fenlerle kolay kurulum ve hizalama imkan\u0131 sa\u011flar. Ayarlanabilir \u00e7atal tipi tasar\u0131m\u0131, kullan\u0131c\u0131lar\u0131n silindirin montaj konumunda hassas ayarlamalar yapmalar\u0131n\u0131 sa\u011flar; bu da optimum performans ve verimlilik elde etmek i\u00e7in \u00e7ok \u00f6nemlidir.<\/p>\n<h3>2. \u00dcst\u00fcn Y\u00fck Ta\u015f\u0131ma Kapasitesi<\/h3>\n<p>Ayarlanabilir \u00e7atal tipi silindirler, a\u011f\u0131r y\u00fckleri verimli bir \u015fekilde ta\u015f\u0131mak i\u00e7in \u00f6zel olarak tasarlanm\u0131\u015ft\u0131r. Sa\u011flam yap\u0131lar\u0131 ve geli\u015fmi\u015f s\u0131zd\u0131rmazl\u0131k sistemleri sayesinde bu silindirler, y\u00fcksek bas\u0131n\u00e7l\u0131 uygulamalara dayanabilir ve \u00fcst\u00fcn y\u00fck ta\u015f\u0131ma kapasitesi sunar. Y\u00fcksek kaliteli malzemelerin kullan\u0131m\u0131 ve hassas \u00fcretim s\u00fcre\u00e7leri, bu silindirlerin zorlu ortamlarda bile dayan\u0131kl\u0131l\u0131\u011f\u0131n\u0131 ve uzun \u00f6m\u00fcrl\u00fcl\u00fc\u011f\u00fcn\u00fc garanti eder.<\/p>\n<h3>3. Geli\u015fmi\u015f Vuru\u015f Kontrol\u00fc<\/h3>\n<p>Ayarlanabilir \u00e7atal tipi silindirlerin bir di\u011fer avantaj\u0131 da geli\u015fmi\u015f strok kontrol\u00fc sa\u011flama kabiliyetleridir. Bu silindirler, kullan\u0131c\u0131lar\u0131n silindirin a\u00e7\u0131l\u0131p kapanma h\u0131zlar\u0131n\u0131 d\u00fczenlemesine olanak tan\u0131yan ayarlanabilir yast\u0131klama se\u00e7eneklerine sahiptir. Yast\u0131klama ayarlar\u0131n\u0131 hassas bir \u015fekilde ayarlayarak, operat\u00f6rler silindirin hareketi \u00fczerinde hassas kontrol sa\u011flayabilir, darbe kuvvetlerini en aza indirebilir ve sistemin genel performans\u0131n\u0131 optimize edebilirler.<\/p>\n<h3>4. Geli\u015fmi\u015f Operasyonel G\u00fcvenlik<\/h3>\n<p>Ayarlanabilir \u00e7atal tipi silindirler, yenilik\u00e7i tasar\u0131m \u00f6zellikleriyle \u00e7al\u0131\u015fma g\u00fcvenli\u011fini \u00f6n planda tutar. Bu silindirler, kazara silindir hareketlerini veya yetkisiz ayarlamalar\u0131 \u00f6nlemek i\u00e7in emniyet kilidi sistemleri gibi entegre g\u00fcvenlik mekanizmalar\u0131yla donat\u0131lm\u0131\u015ft\u0131r. Ayr\u0131ca, ayarlanabilir \u00e7atal tipi tasar\u0131m\u0131, silindirin g\u00fcvenli ve do\u011fru bir \u015fekilde konumland\u0131r\u0131lmas\u0131n\u0131 sa\u011flayarak \u00e7al\u0131\u015fma s\u0131ras\u0131nda hizalama hatas\u0131 veya dengesizlik riskini azalt\u0131r.<\/p>\n<h3>5. Artan Verimlilik ve \u00dcretkenlik<\/h3>\n<p>Ayarlanabilir \u00e7atal tipi silindirleri \u00e7e\u015fitli uygulamalara entegre ederek, kullan\u0131c\u0131lar daha y\u00fcksek verimlilik ve \u00fcretkenlik elde edebilirler. Bu silindirler, hassas ve kontroll\u00fc hareket sa\u011flayarak operat\u00f6rlerin g\u00f6revleri daha do\u011fru ve h\u0131zl\u0131 bir \u015fekilde ger\u00e7ekle\u015ftirmelerini sa\u011flar. Silindirin montaj konumunda ve strok kontrol\u00fcnde ince ayar yapabilme \u00f6zelli\u011fi, operasyonel verimlili\u011fi daha da art\u0131rarak \u00fcretkenli\u011fi art\u0131r\u0131r ve duru\u015f s\u00fcrelerini k\u0131salt\u0131r.<\/p>\n<p>S\u0131cak sat\u0131\u015f hidrolik piston silindiri ve kar k\u00fcreme makinesi hidrolik silindiri gibi ayarlanabilir \u00e7atal tipi silindirler, onlar\u0131 \u00e7e\u015fitli uygulamalar i\u00e7in m\u00fckemmel bir se\u00e7im haline getiren bir dizi avantaj sunar. Geli\u015fmi\u015f esneklikleri, \u00fcst\u00fcn y\u00fck ta\u015f\u0131ma kabiliyetleri, iyile\u015ftirilmi\u015f strok kontrol\u00fc, geli\u015fmi\u015f g\u00fcvenlik \u00f6zellikleri ve art\u0131r\u0131lm\u0131\u015f verimlilikleri, farkl\u0131 end\u00fcstrilerdeki pop\u00fclerliklerine katk\u0131da bulunur. \u0130ster a\u011f\u0131r makinelerde, ister end\u00fcstriyel ekipmanlarda veya di\u011fer hidrolik sistemlerde olsun, ayarlanabilir \u00e7atal tipi silindirler g\u00fcvenilir performans sunar ve operasyonun genel ba\u015far\u0131s\u0131na katk\u0131da bulunur.<\/p>\n<h3>FMP Hakk\u0131nda<\/h3>\n<p>FMP, Hidrolik Silindir \u00fcretimi ve sat\u0131\u015f\u0131 konusunda uzmanla\u015fm\u0131\u015f lider bir firmad\u0131r. Merkezimiz \u0130talya'da olup, uzun y\u0131llara dayanan sekt\u00f6r deneyimimiz ve profesyonel ekibimizle m\u00fc\u015fterilerimize y\u00fcksek kaliteli ve g\u00fcvenilir hidrolik silindirler sunmaya kendimizi adad\u0131k.<\/p>\n<p><img decoding=\"async\" src=\"https:\/\/fmp-components.com\/wp-content\/uploads\/2024\/12\/Adjustable-Clevis-Type-Cylinders-6.webp\" alt=\"Ayarlanabilir \u00c7atal Tipi Silindir\" width=\"825\" title=\"\"><\/p>\n<p>\u0130n\u015faat makineleri sekt\u00f6r\u00fcn\u00fcn \u00e7e\u015fitli ihtiya\u00e7lar\u0131n\u0131 kar\u015f\u0131lamak i\u00e7in geni\u015f bir yelpazede \u00fcst\u00fcn hidrolik silindirler ve bunlara e\u015flik eden aksesuarlar sunmaktan gurur duyuyoruz. \u00dcr\u00fcnlerimizin ve \u015firketimizin be\u015f temel avantaj\u0131 ve \u00f6zelli\u011fi \u015funlard\u0131r:<\/p>\n<ol>\n<li>Ola\u011fan\u00fcst\u00fc Kalite: Hidrolik silindirlerimiz dayan\u0131kl\u0131l\u0131k ve performans\u0131 garanti alt\u0131na almak i\u00e7in en iyi malzemeler kullan\u0131larak hassasiyetle \u00fcretilir.<\/li>\n<li>Geni\u015f \u00dcr\u00fcn Yelpazesi: Ayarlanabilir \u00e7atal tipi silindirler, ba\u011flant\u0131 \u00e7ubu\u011fu silindirleri, teleskopik silindirler ve daha fazlas\u0131 dahil olmak \u00fczere kapsaml\u0131 bir hidrolik silindir yelpazesi sunarak \u00e7e\u015fitli uygulamalar i\u00e7in \u00e7\u00f6z\u00fcmler sa\u011fl\u0131yoruz.<\/li>\n<li>G\u00fcvenilir Tedarik\u00e7i A\u011f\u0131: Yurt i\u00e7inde ve yurt d\u0131\u015f\u0131nda sayg\u0131n tedarik\u00e7ilerle kurdu\u011fumuz uzun vadeli ortakl\u0131klar sayesinde, s\u0131k\u0131 kalite standartlar\u0131n\u0131 kar\u015f\u0131layan birinci s\u0131n\u0131f bile\u015fenlerin tedarikini garanti ediyoruz.<\/li>\n<li>Uzman Sat\u0131\u015f Ekibi: \u0130n\u015faat makineleri sekt\u00f6r\u00fcnde derinlemesine bilgi sahibi olan deneyimli sat\u0131\u015f ekibimiz, m\u00fc\u015fterilerimizin \u00f6zel ihtiya\u00e7lar\u0131na g\u00f6re uyarlanm\u0131\u015f profesyonel \u00fcr\u00fcn dan\u0131\u015fmanl\u0131\u011f\u0131 ve de\u011ferli sat\u0131n alma \u00f6nerileri sunabilmektedir.<\/li>\n<li>Verimli Lojistik: M\u00fc\u015fterilerimize gerekli hidrolik silindirlerin h\u0131zl\u0131 ve do\u011fru bir \u015fekilde do\u011frudan ula\u015ft\u0131r\u0131lmas\u0131n\u0131 sa\u011flamak, duru\u015f s\u00fcresini en aza indirmek ve verimlili\u011fi en \u00fcst d\u00fczeye \u00e7\u0131karmak i\u00e7in verimli bir lojistik da\u011f\u0131t\u0131m sistemi kurduk.<\/li>\n<\/ol>\n<p>T\u00fcm hidrolik silindir ihtiya\u00e7lar\u0131n\u0131z i\u00e7in g\u00fcvenilir orta\u011f\u0131n\u0131z olarak FMP'yi se\u00e7in. \u0130n\u015faat makineleri projelerinize nas\u0131l destek olabilece\u011fimizi g\u00f6r\u00fc\u015fmek i\u00e7in bug\u00fcn bizimle ileti\u015fime ge\u00e7in.<\/p>\n<p>Yazar: CX<\/p>","protected":false},"excerpt":{"rendered":"<p>S\u0131cak Sat\u0131\u015fta Hidrolik Piston Silindirli Kar K\u00fcreme Makinesi Hidrolik Silindiri, a\u011f\u0131r hizmet tipi kar k\u00fcreme i\u015flemlerinin taleplerini kar\u015f\u0131lamak \u00fczere tasarlanm\u0131\u015f birinci s\u0131n\u0131f bir \u00fcr\u00fcnd\u00fcr. Bu hidrolik silindir, yollardan, araba yollar\u0131ndan ve di\u011fer y\u00fczeylerden kar\u0131 temizlemede optimum g\u00fc\u00e7 ve verimlilik sa\u011flamak \u00fczere \u00f6zel olarak tasarlanm\u0131\u015ft\u0131r. [\u2026]<\/p>","protected":false},"featured_media":1495,"comment_status":"closed","ping_status":"closed","template":"","meta":{"_et_pb_use_builder":"","_et_pb_old_content":"","_et_gb_content_width":""},"product_brand":[],"product_cat":[42],"product_tag":[34,44],"class_list":{"0":"post-1494","1":"product","2":"type-product","3":"status-publish","4":"has-post-thumbnail","6":"product_cat-snow-plow-hydraulic-cylinder","7":"product_tag-hydraulic-cylinder","8":"product_tag-snow-plow-hydraulic-cylinder","10":"first","11":"instock","12":"product-type-simple"},"_links":{"self":[{"href":"https:\/\/fmp-components.com\/tr\/wp-json\/wp\/v2\/product\/1494","targetHints":{"allow":["GET"]}}],"collection":[{"href":"https:\/\/fmp-components.com\/tr\/wp-json\/wp\/v2\/product"}],"about":[{"href":"https:\/\/fmp-components.com\/tr\/wp-json\/wp\/v2\/types\/product"}],"replies":[{"embeddable":true,"href":"https:\/\/fmp-components.com\/tr\/wp-json\/wp\/v2\/comments?post=1494"}],"wp:featuredmedia":[{"embeddable":true,"href":"https:\/\/fmp-components.com\/tr\/wp-json\/wp\/v2\/media\/1495"}],"wp:attachment":[{"href":"https:\/\/fmp-components.com\/tr\/wp-json\/wp\/v2\/media?parent=1494"}],"wp:term":[{"taxonomy":"product_brand","embeddable":true,"href":"https:\/\/fmp-components.com\/tr\/wp-json\/wp\/v2\/product_brand?post=1494"},{"taxonomy":"product_cat","embeddable":true,"href":"https:\/\/fmp-components.com\/tr\/wp-json\/wp\/v2\/product_cat?post=1494"},{"taxonomy":"product_tag","embeddable":true,"href":"https:\/\/fmp-components.com\/tr\/wp-json\/wp\/v2\/product_tag?post=1494"}],"curies":[{"name":"wp","href":"https:\/\/api.w.org\/{rel}","templated":true}]}}