{"id":1492,"date":"2024-12-23T05:50:37","date_gmt":"2024-12-23T05:50:37","guid":{"rendered":"https:\/\/fmp-components.com\/product\/new-arrival-snow-plow-stainless-steel-hydraulic-oil-cylinder\/"},"modified":"2024-12-23T06:27:49","modified_gmt":"2024-12-23T06:27:49","slug":"new-arrival-snow-plow-stainless-steel-hydraulic-oil-cylinder","status":"publish","type":"product","link":"https:\/\/fmp-components.com\/tr\/product\/new-arrival-snow-plow-stainless-steel-hydraulic-oil-cylinder\/","title":{"rendered":"Yeni Gelen Kar K\u00fcreme Makinesi Paslanmaz \u00c7elik Hidrolik Ya\u011f Silindiri"},"content":{"rendered":"<h2>Yeni Gelen Kar K\u00fcreme Makinesi Paslanmaz \u00c7elik Hidrolik Ya\u011f Silindiri<\/h2>\n<p>Yeni gelen paslanmaz \u00e7elik kar k\u00fcreme hidrolik ya\u011f silindiri, kar k\u00fcreme ara\u00e7lar\u0131 i\u00e7in \u00f6zel olarak tasarlanm\u0131\u015f son teknoloji bir \u00fcr\u00fcnd\u00fcr. Y\u00fcksek kaliteli paslanmaz \u00e7elikten \u00fcretilen bu hidrolik ya\u011f silindiri, ola\u011fan\u00fcst\u00fc dayan\u0131kl\u0131l\u0131k ve uzun \u00f6m\u00fcr sunarak en zorlu k\u0131\u015f ko\u015fullar\u0131na bile dayanabilmesini sa\u011flar.<\/p>\n<p>Geli\u015fmi\u015f hidrolik teknolojisiyle donat\u0131lm\u0131\u015f bu ya\u011f silindiri, g\u00fc\u00e7l\u00fc ve g\u00fcvenilir performans sa\u011flayarak verimli ve etkili kar k\u00fcreme imkan\u0131 sunar. Hidrolik sistemi, sorunsuz ve hassas \u00e7al\u0131\u015fma sa\u011flayarak kullan\u0131c\u0131lar\u0131n k\u00fcreme aletini kolay ve hassas bir \u015fekilde kontrol etmelerini m\u00fcmk\u00fcn k\u0131lar.<\/p>\n<p>Bu ya\u011f silindirinin paslanmaz \u00e7elik yap\u0131s\u0131, korozyona, paslanmaya ve a\u015f\u0131nmaya kar\u015f\u0131 m\u00fckemmel diren\u00e7 sunarak karl\u0131 ve buzlu ortamlarda kullan\u0131m i\u00e7in ideal hale getirir. Bu, silindirin kullan\u0131m \u00f6mr\u00fc boyunca optimum durumda kalmas\u0131n\u0131 ve y\u0131llar boyunca tutarl\u0131 ve g\u00fcvenilir performans sa\u011flamas\u0131n\u0131 garanti eder.<\/p>\n<p>Kullan\u0131c\u0131 d\u00fc\u015f\u00fcn\u00fclerek tasarlanan Yeni Nesil Kar K\u00fcreme Makinesi Paslanmaz \u00c7elik Hidrolik Ya\u011f Silindiri, kurulumu ve kullan\u0131m\u0131 kolayd\u0131r. Kompakt ve hafif tasar\u0131m\u0131, sorunsuz kurulum sa\u011flar ve kullan\u0131c\u0131 dostu kontrolleri, kullan\u0131m\u0131 basit ve anla\u015f\u0131l\u0131r hale getirir.<\/p>\n<p>\u00dcst\u00fcn kalitesi ve performans\u0131yla, Yeni Gelen Kar K\u00fcreme Makinesi Paslanmaz \u00c7elik Hidrolik Ya\u011f Silindiri, her kar k\u00fcreme makinesi operat\u00f6r\u00fc i\u00e7in olmazsa olmaz bir \u00fcr\u00fcnd\u00fcr. \u0130ster profesyonel olun ister evinizin \u00f6n\u00fcndeki kar\u0131 temizlemek isteyen bir ev sahibi, bu \u00fcr\u00fcn beklentilerinizi a\u015facak ve kar k\u00fcremeyi \u00e7ok daha kolay hale getirecektir.<\/p>\n<p>Yeni nesil paslanmaz \u00e7elik hidrolik ya\u011f silindirine yat\u0131r\u0131m yap\u0131n ve kar k\u00fcreme \u00e7al\u0131\u015fmalar\u0131n\u0131zda yarataca\u011f\u0131 fark\u0131 deneyimleyin. Bu \u00fcst\u00fcn kaliteli hidrolik ya\u011f silindiri ile k\u0131\u015f \u015fartlar\u0131n\u0131n \u00f6n\u00fcne ge\u00e7in ve \u00e7evrenizi temiz ve g\u00fcvenli tutun.<\/p>\n<div>\n<h2>Kar K\u00fcreme Makinesi Paslanmaz \u00c7elik Hidrolik Ya\u011f Silindirini Tan\u0131t\u0131yoruz<\/h2>\n<p>Kar k\u00fcreme i\u015flerinizi y\u00f6netme \u015feklinizi de\u011fi\u015ftirecek yenilik\u00e7i bir cihaz olan Paslanmaz \u00c7elik Hidrolik Ya\u011f Silindiri, verimlilik, dayan\u0131kl\u0131l\u0131k ve \u00fcst\u00fcn performans sa\u011flamak \u00fczere tasarlanm\u0131\u015f birinci s\u0131n\u0131f bir hidrolik ya\u011f silindiridir. Bu cihaz sadece bir ekipman par\u00e7as\u0131 de\u011fil, kar k\u00fcreme i\u015flerinizi kolay ve verimli hale getirecek bir yat\u0131r\u0131md\u0131r.<\/p>\n<h2>\u00dcr\u00fcn \u00d6zellikleri<\/h2>\n<ul>\n<li>Hidrolik g\u00fc\u00e7le \u00e7al\u0131\u015fan, y\u00fcksek kaliteli, standart boyutlu piston silindiri.<\/li>\n<li>Dayan\u0131kl\u0131l\u0131k ve uzun \u00f6m\u00fcrl\u00fc performans i\u00e7in \u00e7elik g\u00f6vde malzemesi kullan\u0131lm\u0131\u015ft\u0131r.<\/li>\n<li>En zorlu kar k\u00fcreme g\u00f6revlerinin \u00fcstesinden gelmek i\u00e7in 3000 tonluk maksimum itme g\u00fcc\u00fc ve 20 tonluk maksimum \u00e7ekme g\u00fcc\u00fc.<\/li>\n<li>Silindir \u00e7ap\u0131 2-6 in\u00e7, piston kolu \u00e7ap\u0131 1,125-4 in\u00e7 ve piston stro\u011fu 4-100 in\u00e7 aras\u0131nda de\u011fi\u015fmektedir.<\/li>\n<li>Kolay kurulum, kullan\u0131m ve bak\u0131m i\u00e7in 0,5-2 in\u00e7 aras\u0131 pim boyutu.<\/li>\n<li>Core, hem rulman hem de hidrolik silindir olmak \u00fczere iki par\u00e7adan olu\u015fmaktad\u0131r ve her ikisi de 1 y\u0131l garantilidir.<\/li>\n<\/ul>\n<\/div>\n<h2>Ayarlanabilir \u00c7atal Tipi Silindirlerin Avantajlar\u0131<\/h2>\n<ul>\n<li style=\"list-style-type: none;\">\n<ul>\n<li><strong>\u00d6zelle\u015ftirme:<\/strong> Ayarlanabilir mafsal tipi silindirlerin en \u00f6nemli avantajlar\u0131ndan biri, belirli hidrolik uygulamalara uyacak \u015fekilde \u00f6zelle\u015ftirilebilmeleridir. Ayarlanabilir mafsal tasar\u0131mlar\u0131 sayesinde, farkl\u0131 montaj konfig\u00fcrasyonlar\u0131na kolayca uyarlanabilirler, bu da onlar\u0131 \u00e7ok y\u00f6nl\u00fc ve geni\u015f bir uygulama yelpazesi i\u00e7in uygun hale getirir.<\/li>\n<\/ul>\n<\/li>\n<\/ul>\n<p>\u00d6rne\u011fin, Yeni Gelen Kar K\u00fcreme Makinesi Paslanmaz \u00c7elik Hidrolik Ya\u011f Silindiri, kar k\u00fcreme makinelerinde kullan\u0131lmak \u00fczere \u00f6zelle\u015ftirilmi\u015f ayarlanabilir mafsal tipi silindirlerin harika bir \u00f6rne\u011fidir. Paslanmaz \u00e7elik yap\u0131s\u0131 sayesinde korozyona kar\u015f\u0131 olduk\u00e7a dayan\u0131kl\u0131d\u0131r ve zorlu k\u0131\u015f ko\u015fullar\u0131na dayanacak \u015fekilde tasarlanm\u0131\u015ft\u0131r. Ayarlanabilir mafsal tasar\u0131m\u0131 ayr\u0131ca farkl\u0131 tipteki kar k\u00fcreme makinelerine kolayca monte edilmesini sa\u011flayarak kar temizleme i\u00e7in \u00e7ok y\u00f6nl\u00fc bir \u00e7\u00f6z\u00fcm sunar.<\/p>\n<ul>\n<li style=\"list-style-type: none;\">\n<ul>\n<li><strong>Son derece verimli:<\/strong> Ayarlanabilir mafsal tipi silindirlerin bir di\u011fer avantaj\u0131 da y\u00fcksek verimlilikleridir. Hassas m\u00fchendislikleri ve y\u00fcksek kaliteli malzemeleri sayesinde, zorlu uygulamalarda bile tutarl\u0131 ve g\u00fcvenilir performans sunabilirler.<\/li>\n<\/ul>\n<\/li>\n<\/ul>\n<p>\u00d6rne\u011fin, Yeni Gelen Kar K\u00fcreme Makinesi Paslanmaz \u00c7elik Hidrolik Ya\u011f Silindiri, minimum \u00e7abayla maksimum kald\u0131rma kuvveti sa\u011flamak \u00fczere tasarlanm\u0131\u015ft\u0131r. Y\u00fcksek bas\u0131n\u00e7l\u0131 hidrolik sistemi, a\u011f\u0131r kar k\u00fcreme makinelerini kolayl\u0131kla kald\u0131rabilmesini sa\u011flarken, ayarlanabilir ba\u011flant\u0131 tasar\u0131m\u0131, k\u00fcreme b\u0131\u00e7a\u011f\u0131n\u0131n a\u00e7\u0131s\u0131 ve konumu \u00fczerinde hassas kontrol sa\u011flayarak optimum kar temizleme performans\u0131 sunar.<\/p>\n<ul>\n<li style=\"list-style-type: none;\">\n<ul>\n<li><strong>Dayan\u0131kl\u0131:<\/strong> Ayarlanabilir mafsal tipi silindirler, dayan\u0131kl\u0131l\u0131klar\u0131 ve uzun \u00f6m\u00fcrl\u00fcl\u00fckleriyle de bilinirler. Zorlu \u00e7evre ko\u015fullar\u0131na, a\u015f\u0131r\u0131 s\u0131cakl\u0131klara ve a\u011f\u0131r y\u00fcklere dayanacak \u015fekilde \u00fcretilmi\u015flerdir; bu da onlar\u0131 \u00e7e\u015fitli end\u00fcstriyel uygulamalarda kullan\u0131m i\u00e7in ideal hale getirir.<\/li>\n<\/ul>\n<\/li>\n<\/ul>\n<p>Yeni gelen kar k\u00fcreme makinesi paslanmaz \u00e7elik hidrolik ya\u011f silindiri, y\u00fcksek kaliteli paslanmaz \u00e7elikten \u00fcretilmi\u015ftir; bu da sadece korozyona kar\u015f\u0131 son derece dayan\u0131kl\u0131 olmakla kalmaz, ayn\u0131 zamanda m\u00fckemmel mukavemet ve dayan\u0131kl\u0131l\u0131k da sa\u011flar. Ek olarak, hassas m\u00fchendisli\u011fi ve y\u00fcksek kaliteli malzemeleri, a\u015f\u0131r\u0131 s\u0131cakl\u0131klara ve a\u011f\u0131r y\u00fcklere dayanabilmesini sa\u011flayarak, kar temizleme i\u00e7in g\u00fcvenilir ve dayan\u0131kl\u0131 bir \u00e7\u00f6z\u00fcm sunar.<\/p>\n<ul>\n<li style=\"list-style-type: none;\">\n<ul>\n<li><strong>Bak\u0131m Kolayl\u0131\u011f\u0131:<\/strong> Son olarak, ayarlanabilir mafsal tipi silindirler kolay bak\u0131m i\u00e7in tasarlanm\u0131\u015ft\u0131r. Basit ama sa\u011flam tasar\u0131mlar\u0131 sayesinde kolayca s\u00f6k\u00fcl\u00fcp bak\u0131m\u0131 yap\u0131labilir, bu da h\u0131zl\u0131 ve verimli onar\u0131m ve bak\u0131ma olanak tan\u0131r.<\/li>\n<\/ul>\n<\/li>\n<\/ul>\n<p>\u00d6rne\u011fin, Yeni Gelen Kar K\u00fcreme Makinesi Paslanmaz \u00c7elik Hidrolik Ya\u011f Silindiri, s\u00f6k\u00fcl\u00fcp tak\u0131lmas\u0131n\u0131 kolayla\u015ft\u0131ran mod\u00fcler bir yap\u0131ya sahiptir. Y\u00fcksek kaliteli malzemeleri sayesinde minimum bak\u0131m gerektirir ve bu da onu kar temizleme i\u00e7in uygun maliyetli bir \u00e7\u00f6z\u00fcm haline getirir.<\/p>\n<p>Sonu\u00e7 olarak, ayarlanabilir mafsal tipi silindirler, \u00f6zelle\u015ftirme, verimlilik, dayan\u0131kl\u0131l\u0131k ve bak\u0131m kolayl\u0131\u011f\u0131 gibi bir dizi avantaj sunmaktad\u0131r. Yeni Gelen Kar K\u00fcreme Arac\u0131 Paslanmaz \u00c7elik Hidrolik Ya\u011f Silindiri, kar k\u00fcreme ara\u00e7lar\u0131nda kullan\u0131lmak \u00fczere \u00f6zelle\u015ftirilmi\u015f ayarlanabilir mafsal tipi silindirlerin harika bir \u00f6rne\u011fidir ve zorlu k\u0131\u015f ko\u015fullar\u0131nda ola\u011fan\u00fcst\u00fc performans ve g\u00fcvenilirlik sunar.<\/p>\n<h3>FMP Hakk\u0131nda \u2013 Profesyonel Hidrolik Silindir \u00dcreticisi ve Tedarik\u00e7isi<\/h3>\n<p>FMP, y\u00fcksek kaliteli ve g\u00fcvenilir in\u015faat makinesi par\u00e7alar\u0131 ve komple makinelerin \u00fcretimi ve sat\u0131\u015f\u0131 konusunda uzmanla\u015fm\u0131\u015f bir \u015firkettir. Sekt\u00f6rde uzun y\u0131llara dayanan deneyime ve m\u00fc\u015fterilerimizin en iyi \u00fcr\u00fcn ve hizmetleri almas\u0131n\u0131 sa\u011flayan profesyonel bir ekibe sahibiz.<\/p>\n<p>Hidrolik Silindirimiz en pop\u00fcler \u00fcr\u00fcnlerimizden biri ve bunun hakl\u0131 bir nedeni var. Hidrolik silindir tedarik\u00e7iniz olarak FMP'yi se\u00e7meniz i\u00e7in birka\u00e7 neden:<\/p>\n<p>1. Y\u00fcksek Kaliteli Malzemeler \u2013 Hidrolik silindirlerimizi \u00fcretmek i\u00e7in yaln\u0131zca en y\u00fcksek kaliteli malzemeleri kullan\u0131yoruz. Bu, dayan\u0131kl\u0131, g\u00fcvenilir ve uzun \u00f6m\u00fcrl\u00fc olmalar\u0131n\u0131 sa\u011flar.<\/p>\n<p>2. \u00c7e\u015fitli Se\u00e7enekler \u2013 Ayarlanabilir \u00c7atal Tipi Silindirler, \u00c7ift Etkili Hidrolik Silindirler ve Kaynakl\u0131 Hidrolik Silindirler dahil olmak \u00fczere geni\u015f bir hidrolik silindir yelpazesi sunuyoruz. Bu sayede m\u00fc\u015fterilerimiz ihtiya\u00e7lar\u0131na en uygun silindiri se\u00e7ebilirler.<\/p>\n<p>3. \u00d6zelle\u015ftirme \u2013 Her m\u00fc\u015fterinin benzersiz gereksinimleri oldu\u011funu biliyoruz, bu nedenle \u00f6zel ihtiya\u00e7lar\u0131 kar\u015f\u0131lamak i\u00e7in \u00f6zelle\u015ftirilmi\u015f hidrolik silindirler sunuyoruz.<\/p>\n<p>4. Profesyonel Sat\u0131\u015f Ekibi \u2013 Deneyimli ve yetenekli sat\u0131\u015f ekibimiz, m\u00fc\u015fterilerimize profesyonel \u00fcr\u00fcn dan\u0131\u015fmanl\u0131\u011f\u0131 sa\u011flamak ve ak\u0131ll\u0131 sat\u0131n alma \u00f6nerileri sunmak i\u00e7in her zaman haz\u0131rd\u0131r.<\/p>\n<p>5. Verimli Lojistik Da\u011f\u0131t\u0131m Sistemi \u2013 M\u00fc\u015fterilerimizin ihtiya\u00e7 duyduklar\u0131 hidrolik silindirleri zaman\u0131nda ve do\u011fru bir \u015fekilde almas\u0131n\u0131 sa\u011flayan verimli bir lojistik da\u011f\u0131t\u0131m sistemimiz bulunmaktad\u0131r.<\/p>\n<p><img decoding=\"async\" src=\"https:\/\/fmp-components.com\/wp-content\/uploads\/2024\/12\/Adjustable-Clevis-Type-Cylinders-6.webp\" alt=\"Ayarlanabilir \u00c7atal Tipi Silindir\" width=\"824\" title=\"\"><\/p>\n<p>Bu avantajlar\u0131n yan\u0131 s\u0131ra, FMP, tedarik edilen t\u00fcm par\u00e7alar\u0131n s\u0131k\u0131 kalite standartlar\u0131n\u0131 kar\u015f\u0131lamas\u0131n\u0131 sa\u011flamak i\u00e7in yurt i\u00e7i ve yurt d\u0131\u015f\u0131ndaki y\u00fcksek kaliteli tedarik\u00e7ilerle uzun vadeli ve istikrarl\u0131 i\u015f birli\u011fi ili\u015fkileri kurmaya kendini adam\u0131\u015ft\u0131r. Bu nedenle, hidrolik silindirlerimizin en y\u00fcksek kalitede oldu\u011funu ve ihtiya\u00e7lar\u0131n\u0131z\u0131 kar\u015f\u0131layaca\u011f\u0131n\u0131 garanti ediyoruz.<\/p>\n<p>Hidrolik silindir \u00fcreticiniz ve tedarik\u00e7iniz olarak FMP'yi se\u00e7in. \u00dcr\u00fcn ve hizmetlerimiz hakk\u0131nda daha fazla bilgi edinmek i\u00e7in bug\u00fcn bizimle ileti\u015fime ge\u00e7in.<\/p>\n<h2>SSS<\/h2>\n<h3>S: Siz bir ticaret \u015firketi misiniz yoksa \u00fcretici misiniz?<\/h3>\n<p>A: Biz \u00fcr\u00fcnlerimizi \u00fcreten bir fabrikay\u0131z.<\/p>\n<h3>S: Teslimat s\u00fcreniz ne kadard\u0131r?<\/h3>\n<p>A: Genellikle teslimat s\u00fcremiz 25-35 g\u00fcnd\u00fcr.<\/p>\n<h3>S: Numune sa\u011fl\u0131yor musunuz?<\/h3>\n<p>A: Evet, numuneler sa\u011fl\u0131yoruz ancak bunlar \u00fccretsiz de\u011fil.<\/p>\n<p><img decoding=\"async\" title=\"Kar K\u00fcreme Hidrolik Silindiri\" src=\"https:\/\/hzpt.com\/wp-content\/uploads\/2023\/11\/Snow-Plow-Hydraulic-Cylinder-3.webp\" alt=\"Kar K\u00fcreme Hidrolik Silindiri\" \/><\/p>\n<p>Yazar: CX<\/p>","protected":false},"excerpt":{"rendered":"<p>New Arrival Snow Plow Stainless Steel Hydraulic Oil Cylinder The New Arrival Snow Plow Stainless Steel Hydraulic Oil Cylinder is a cutting-edge product designed specifically for snow plows. Made from high-quality stainless steel, this hydraulic oil cylinder offers exceptional durability and longevity, ensuring it can withstand even the harshest winter conditions. Equipped with advanced hydraulic [&hellip;]<\/p>","protected":false},"featured_media":1493,"comment_status":"closed","ping_status":"closed","template":"","meta":{"_et_pb_use_builder":"","_et_pb_old_content":"","_et_gb_content_width":""},"product_brand":[],"product_cat":[42],"product_tag":[34,44],"class_list":{"0":"post-1492","1":"product","2":"type-product","3":"status-publish","4":"has-post-thumbnail","6":"product_cat-snow-plow-hydraulic-cylinder","7":"product_tag-hydraulic-cylinder","8":"product_tag-snow-plow-hydraulic-cylinder","10":"first","11":"instock","12":"product-type-simple"},"_links":{"self":[{"href":"https:\/\/fmp-components.com\/tr\/wp-json\/wp\/v2\/product\/1492","targetHints":{"allow":["GET"]}}],"collection":[{"href":"https:\/\/fmp-components.com\/tr\/wp-json\/wp\/v2\/product"}],"about":[{"href":"https:\/\/fmp-components.com\/tr\/wp-json\/wp\/v2\/types\/product"}],"replies":[{"embeddable":true,"href":"https:\/\/fmp-components.com\/tr\/wp-json\/wp\/v2\/comments?post=1492"}],"wp:featuredmedia":[{"embeddable":true,"href":"https:\/\/fmp-components.com\/tr\/wp-json\/wp\/v2\/media\/1493"}],"wp:attachment":[{"href":"https:\/\/fmp-components.com\/tr\/wp-json\/wp\/v2\/media?parent=1492"}],"wp:term":[{"taxonomy":"product_brand","embeddable":true,"href":"https:\/\/fmp-components.com\/tr\/wp-json\/wp\/v2\/product_brand?post=1492"},{"taxonomy":"product_cat","embeddable":true,"href":"https:\/\/fmp-components.com\/tr\/wp-json\/wp\/v2\/product_cat?post=1492"},{"taxonomy":"product_tag","embeddable":true,"href":"https:\/\/fmp-components.com\/tr\/wp-json\/wp\/v2\/product_tag?post=1492"}],"curies":[{"name":"wp","href":"https:\/\/api.w.org\/{rel}","templated":true}]}}