{"id":1490,"date":"2024-12-23T05:50:37","date_gmt":"2024-12-23T05:50:37","guid":{"rendered":"https:\/\/fmp-components.com\/product\/competitive-price-piston-hydraulic-cylinder-double-acting\/"},"modified":"2024-12-23T06:14:10","modified_gmt":"2024-12-23T06:14:10","slug":"competitive-price-piston-hydraulic-cylinder-double-acting","status":"publish","type":"product","link":"https:\/\/fmp-components.com\/tr\/product\/competitive-price-piston-hydraulic-cylinder-double-acting\/","title":{"rendered":"Rekabet\u00e7i Fiyatl\u0131 Pistonlu Hidrolik Silindir \u00c7ift Etkili"},"content":{"rendered":"<h2>Rekabet\u00e7i Fiyatl\u0131 \u00c7ift Etkili Pistonlu Hidrolik Silindir Tan\u0131t\u0131m\u0131:<\/h2>\n<p>Rekabet\u00e7i fiyatl\u0131 \u00e7ift etkili pistonlu hidrolik silindir, \u00e7e\u015fitli end\u00fcstriyel uygulamalar i\u00e7in tasarlanm\u0131\u015f y\u00fcksek kaliteli bir \u00fcr\u00fcnd\u00fcr. Bu hidrolik silindir, dayan\u0131kl\u0131l\u0131k ve g\u00fcvenilirlik sa\u011flayan geli\u015fmi\u015f teknoloji ve birinci s\u0131n\u0131f malzemeler kullan\u0131larak \u00fcretilmi\u015ftir.<\/p>\n<p>Piston tasar\u0131m\u0131na sahip bu hidrolik silindir, d\u00fczg\u00fcn ve hassas hareket sa\u011flayarak verimli ve etkili bir \u00e7al\u0131\u015fma imkan\u0131 sunar. \u00c7ift y\u00f6nl\u00fc \u00e7al\u0131\u015fma \u00f6zelli\u011fi sayesinde her iki y\u00f6nde de kuvvet uygulayarak verimlili\u011fi ve \u00e7ok y\u00f6nl\u00fcl\u00fc\u011f\u00fc art\u0131r\u0131r.<\/p>\n<p>Rekabet\u00e7i fiyat\u0131yla bu hidrolik silindir, m\u00fckemmel fiyat-performans oran\u0131 sunmaktad\u0131r. \u00dcst\u00fcn performans ve dayan\u0131kl\u0131l\u0131k sunarak her \u00f6l\u00e7ekteki i\u015fletme i\u00e7in uygun maliyetli bir se\u00e7enek olu\u015fturmaktad\u0131r. \u0130n\u015faat, tar\u0131m veya imalat sekt\u00f6rlerinde kullan\u0131ls\u0131n, bu hidrolik silindir zorlu ko\u015fullara dayanacak ve ola\u011fan\u00fcst\u00fc sonu\u00e7lar verecek \u015fekilde \u00fcretilmi\u015ftir.<\/p>\n<p><img decoding=\"async\" title=\"Kar K\u00fcreme Hidrolik Silindiri\" src=\"https:\/\/hzpt.com\/wp-content\/uploads\/2023\/11\/Snow-Plow-Hydraulic-Cylinder-2.webp\" alt=\"Kar K\u00fcreme Hidrolik Silindiri\" \/><\/p>\n<p>Rekabet\u00e7i fiyatl\u0131 \u00e7ift etkili pistonlu hidrolik silindir, kurulumu ve bak\u0131m\u0131 kolayd\u0131r, ar\u0131za s\u00fcrelerini en aza indirir ve verimlili\u011fi en \u00fcst d\u00fczeye \u00e7\u0131kar\u0131r. \u00c7e\u015fitli hidrolik sistemlerle uyumludur ve mevcut ekipmanlara sorunsuz bir \u015fekilde entegre edilebilir.<\/p>\n<p>Sonu\u00e7 olarak, rekabet\u00e7i fiyatl\u0131 \u00e7ift etkili pistonlu hidrolik silindir, hidrolik ihtiya\u00e7lar\u0131n\u0131z i\u00e7in g\u00fcvenilir ve verimli bir \u00e7\u00f6z\u00fcmd\u00fcr. Rekabet\u00e7i fiyat\u0131, y\u00fcksek kaliteli yap\u0131s\u0131 ve performans\u0131 ile birle\u015fti\u011finde, operasyonlar\u0131n\u0131 geli\u015ftirmek isteyen i\u015fletmeler i\u00e7in m\u00fckemmel bir se\u00e7imdir. Bu hidrolik silindire bug\u00fcn yat\u0131r\u0131m yap\u0131n ve geli\u015fmi\u015f verimlilik ve maliyet etkinli\u011finin keyfini \u00e7\u0131kar\u0131n. Dayan\u0131kl\u0131 ve verimli bir pistonlu hidrolik silindir ar\u0131yorsan\u0131z, daha fazla aramay\u0131n. Bu \u00e7ift etkili silindir, paran\u0131z\u0131n kar\u015f\u0131l\u0131\u011f\u0131n\u0131 en iyi \u015fekilde alman\u0131z\u0131 sa\u011flayan rekabet\u00e7i bir fiyata sunulmaktad\u0131r. Benzersiz tasar\u0131m\u0131 ve yap\u0131s\u0131, Makine Tamir At\u00f6lyeleri, \u00c7iftlikler, Enerji ve Madencilik ve Makine \u0130malat\u0131 ve Fabrikalar\u0131 dahil olmak \u00fczere \u00e7e\u015fitli alanlar i\u00e7in uygun hale getirir.<\/p>\n<h2>\u00dcr\u00fcn \u00d6zellikleri<\/h2>\n<p>Bu yeni pistonlu hidrolik silindir, g\u00fcvenilir performans ve dayan\u0131kl\u0131l\u0131k vaat eden bir y\u0131ll\u0131k garantiyle birlikte geliyor. Silindir, standart bir yap\u0131ya sahip, hidrolik olarak \u00e7al\u0131\u015fan ve sa\u011flam \u00e7elik g\u00f6vdeden \u00fcretilmi\u015ftir. Bu, verimlili\u011finden ve uzun \u00f6mr\u00fcnden \u00f6d\u00fcn vermeden yo\u011fun kullan\u0131ma dayanabilmesini sa\u011flar.<\/p>\n<h3>\u00c7ekirdek Bile\u015fenler<\/h3>\n<p>Bu hidrolik silindirin temel bile\u015fenleri aras\u0131nda rulman ve hidrolik silindirin kendisi yer almaktad\u0131r. Bunlar, ekipman\u0131n genel i\u015flevselli\u011fi ve verimlili\u011finde \u00f6nemli rol oynayan kritik par\u00e7alard\u0131r.<\/p>\n<h3>G\u00fc\u00e7 ve Kapasite<\/h3>\n<p>Bu hidrolik silindir, 3000'lik maksimum itme kuvveti ve 20 tonluk maksimum \u00e7ekme kapasitesiyle a\u011f\u0131r y\u00fckleri kolayl\u0131kla kald\u0131rabilir. Kar k\u00fcreme hidrolik silindiri olarak kullan\u0131ma uygun olmas\u0131, onu \u00e7e\u015fitli uygulamalar i\u00e7in \u00e7ok y\u00f6nl\u00fc bir ara\u00e7 haline getiriyor.<\/p>\n<h3>Boyut ve Tasar\u0131m<\/h3>\n<p>Silindirin i\u00e7 \u00e7ap\u0131 2-6 in\u00e7, piston kolu \u00e7ap\u0131 1,125-4 in\u00e7, strok uzunlu\u011fu 4-100 in\u00e7 ve pim \u00e7ap\u0131 0,5-2 in\u00e7tir. G\/SAE\/NPT\/M portlar\u0131yla tasarlanm\u0131\u015ft\u0131r ve \u015f\u0131k siyah renktedir.<\/p>\n<h2>Ayarlanabilir \u00c7atal Tipi Silindirlerin Avantajlar\u0131<\/h2>\n<p>Ayarlanabilir mafsal tipi silindirler, \u00f6rne\u011fin rekabet\u00e7i fiyatl\u0131 \u00e7ift etkili pistonlu hidrolik silindirler, \u00e7e\u015fitli uygulamalarda bir\u00e7ok belirgin avantaj sunar. Bu silindirler, hassasiyet ve verimlilik g\u00f6z \u00f6n\u00fcnde bulundurularak tasarlanm\u0131\u015ft\u0131r ve optimum performans ve \u00e7ok y\u00f6nl\u00fcl\u00fck sa\u011flar. A\u015fa\u011f\u0131da, ayarlanabilir mafsal tipi silindirlerin kullan\u0131m\u0131n\u0131n baz\u0131 \u00f6nemli avantajlar\u0131 yer almaktad\u0131r:<\/p>\n<h3>1. Geli\u015fmi\u015f Esneklik<\/h3>\n<p>Ayarlanabilir mafsal tipi silindirlerin en \u00f6nemli avantajlar\u0131ndan biri, farkl\u0131 \u00e7al\u0131\u015fma ko\u015fullar\u0131nda geli\u015fmi\u015f esneklik sa\u011flamalar\u0131d\u0131r. Ayarlanabilir mafsal tasar\u0131m\u0131, strok uzunlu\u011funun kolayca \u00f6zelle\u015ftirilmesine ve ayarlanmas\u0131na olanak tan\u0131yarak silindirin belirli gereksinimlere uyum sa\u011flamas\u0131na imkan verir. Bu esneklik, silindirin geni\u015f bir uygulama yelpazesinde kullan\u0131labilmesini sa\u011flayarak \u00e7e\u015fitli sekt\u00f6rler i\u00e7in \u00e7ok y\u00f6nl\u00fc bir se\u00e7im haline getirir.<\/p>\n<h3>2. \u00dcst\u00fcn Y\u00fck Ta\u015f\u0131ma Kapasitesi<\/h3>\n<p>Ayarlanabilir mafsal tipi silindirlerin bir di\u011fer \u00f6nemli avantaj\u0131 da \u00fcst\u00fcn y\u00fck ta\u015f\u0131ma kapasiteleridir. Bu silindirler a\u011f\u0131r y\u00fckleri kald\u0131racak ve ola\u011fan\u00fcst\u00fc kuvvet \u00e7\u0131k\u0131\u015f\u0131 sa\u011flayacak \u015fekilde tasarlanm\u0131\u015ft\u0131r. \u00d6zellikle rekabet\u00e7i fiyatl\u0131 \u00e7ift etkili pistonlu hidrolik silindir, hem uzatma hem de geri \u00e7ekme hareketlerinde y\u00fcksek kuvvetler \u00fcretebilme \u00f6zelli\u011fine sahip olup, \u00f6nemli g\u00fc\u00e7 ve verimlilik gerektiren uygulamalar i\u00e7in idealdir.<\/p>\n<h3>3. Hassas Konumland\u0131rma<\/h3>\n<p>Ayarlanabilir mafsal tipi silindirler, hassas konumland\u0131rma yetenekleriyle bilinir. Geli\u015fmi\u015f hidrolik teknolojisinin kullan\u0131m\u0131, do\u011fru ve kontroll\u00fc hareketlere olanak tan\u0131yarak silindirin hassas do\u011frusal hareket ger\u00e7ekle\u015ftirmesini sa\u011flar. Bu hassasiyet seviyesi, robotik, otomasyon ve malzeme ta\u015f\u0131ma sistemleri gibi do\u011fru konumland\u0131rman\u0131n gerekli oldu\u011fu uygulamalarda \u00e7ok \u00f6nemlidir.<\/p>\n<h3>4. Dayan\u0131kl\u0131l\u0131k ve Uzun \u00d6m\u00fcr<\/h3>\n<p>Ayarlanabilir mafsal tipi silindirler, y\u00fcksek kaliteli malzemelerle \u00fcretilir ve dayan\u0131kl\u0131l\u0131k ve uzun \u00f6m\u00fcrl\u00fcl\u00fck sa\u011flamak i\u00e7in titiz testlerden ge\u00e7er. Rekabet\u00e7i fiyatl\u0131 \u00e7ift etkili pistonlu hidrolik silindir, zorlu \u00e7al\u0131\u015fma ko\u015fullar\u0131na ve a\u011f\u0131r hizmet uygulamalar\u0131na dayanacak \u015fekilde tasarlanm\u0131\u015ft\u0131r. Silindirin sa\u011flam yap\u0131s\u0131 ve g\u00fcvenilir s\u0131zd\u0131rmazl\u0131k sistemi, uzun hizmet \u00f6mr\u00fcne katk\u0131da bulunarak bak\u0131m gereksinimlerini ve genel maliyetleri azalt\u0131r.<\/p>\n<h3>5. Verimli Enerji T\u00fcketimi<\/h3>\n<p>Ayarlanabilir mafsal tipi silindirlerin en \u00f6nemli avantajlar\u0131ndan biri verimli enerji t\u00fcketimidir. Bu silindirler, enerji kay\u0131plar\u0131n\u0131 en aza indirgemek ve g\u00fc\u00e7 kullan\u0131m\u0131n\u0131 optimize etmek \u00fczere tasarlanm\u0131\u015ft\u0131r, bu da genel verimlili\u011fin artmas\u0131na yol a\u00e7ar. Rekabet\u00e7i fiyatl\u0131 \u00e7ift etkili pistonlu hidrolik silindirin geli\u015fmi\u015f hidrolik tasar\u0131m\u0131 ve hassas kontrol mekanizmalar\u0131, enerji tasarrufu yeteneklerine katk\u0131da bulunarak uzun s\u00fcreli kullan\u0131m i\u00e7in uygun maliyetli bir se\u00e7enek haline getirir.<\/p>\n<h3>6. Kolay Kurulum ve Bak\u0131m<\/h3>\n<p>Ayarlanabilir mafsal tipi silindirler, kolay kurulum ve bak\u0131m i\u00e7in tasarlanm\u0131\u015ft\u0131r. Kompakt tasar\u0131mlar\u0131 ve standartla\u015ft\u0131r\u0131lm\u0131\u015f montaj se\u00e7enekleri, kurulum s\u00fcrecini basitle\u015ftirir ve ar\u0131za s\u00fcresini azalt\u0131r. Ek olarak, silindirin mod\u00fcler yap\u0131s\u0131, i\u00e7 bile\u015fenlere kolay eri\u015fim sa\u011flayarak h\u0131zl\u0131 ve sorunsuz bak\u0131m imkan\u0131 sunar.<\/p>\n<p>Sonu\u00e7 olarak, rekabet\u00e7i fiyatl\u0131 \u00e7ift etkili pistonlu hidrolik silindir gibi ayarlanabilir mafsal tipi silindirler, geni\u015f bir uygulama yelpazesinde say\u0131s\u0131z avantaj sunmaktad\u0131r. Geli\u015fmi\u015f esneklikleri, \u00fcst\u00fcn y\u00fck ta\u015f\u0131ma kapasiteleri, hassas konumland\u0131rma yetenekleri, dayan\u0131kl\u0131l\u0131klar\u0131, verimli enerji t\u00fcketimleri ve kolay kurulum ve bak\u0131mlar\u0131, g\u00fcvenilir ve y\u00fcksek performansl\u0131 hidrolik \u00e7\u00f6z\u00fcmler arayan end\u00fcstriler i\u00e7in onlar\u0131 cazip bir se\u00e7enek haline getirmektedir.<\/p>\n<h3>FMP Hidrolik Silindir Hakk\u0131nda<\/h3>\n<p>FMP, in\u015faat makinesi par\u00e7alar\u0131 ve komple makinelerin sat\u0131\u015f ve servisinde uzmanla\u015fm\u0131\u015f, \u0130talya'n\u0131n lider bir \u015firketidir. Hidrolik Silindirimiz en \u00e7ok satan \u00fcr\u00fcnlerimizden biridir ve \u00fcst\u00fcn kalitesi ve i\u015flevselli\u011fiyle gurur duyuyoruz. FMP Hidrolik Silindiri'ni se\u00e7meniz i\u00e7in be\u015f neden:<\/p>\n<ol>\n<li><strong>Premium Kalite:<\/strong> FMP Hidrolik Silindir, dayan\u0131kl\u0131l\u0131k ve g\u00fcvenilirli\u011fi garanti eden y\u00fcksek kaliteli malzemelerden \u00fcretilmi\u015ftir. Malzemelerimizi, s\u0131k\u0131 kalite standartlar\u0131m\u0131z\u0131 kar\u015f\u0131layan g\u00fcvenilir tedarik\u00e7ilerden temin ederek, \u00fcr\u00fcnlerimizin en y\u00fcksek kalitede olmas\u0131n\u0131 sa\u011fl\u0131yoruz.<\/li>\n<li><strong>\u00c7e\u015fitli \u00d6zellikler:<\/strong> Hidrolik Silindirlerimiz, \u00f6zel ihtiya\u00e7lar\u0131n\u0131za uyacak \u015fekilde farkl\u0131 boyut ve \u00f6zelliklerde mevcuttur. Ayarlanabilir \u00c7atal Tipi Silindir, Rot Kolu ve Kaynakl\u0131 Hidrolik Silindir dahil olmak \u00fczere geni\u015f bir \u00fcr\u00fcn yelpazesi sunuyoruz.<\/li>\n<li><strong>Profesyonel Dan\u0131\u015fmanl\u0131k:<\/strong> Deneyimli sat\u0131\u015f ekibimiz, in\u015faat makineleri sekt\u00f6r\u00fcnde bilgi sahibidir ve size profesyonel \u00fcr\u00fcn dan\u0131\u015fmanl\u0131\u011f\u0131 sa\u011flayabilir. Projeniz i\u00e7in hangi Hidrolik Silindirin uygun oldu\u011funu belirlemenize yard\u0131mc\u0131 olarak bilin\u00e7li bir karar vermenizi sa\u011flayabiliriz.<\/li>\n<li><strong>Verimli Lojistik:<\/strong> Zaman\u0131n ne kadar \u00f6nemli oldu\u011funun fark\u0131nday\u0131z ve bu nedenle verimli bir lojistik da\u011f\u0131t\u0131m sistemimiz mevcut. Hidrolik Silindirinizin size zaman\u0131nda ve do\u011fru bir \u015fekilde teslim edilmesini sa\u011fl\u0131yoruz.<\/li>\n<li><strong>M\u00fckemmel M\u00fc\u015fteri Hizmetleri:<\/strong> FMP olarak m\u00fc\u015fterilerimize de\u011fer veriyor ve m\u00fckemmel m\u00fc\u015fteri hizmeti sunmay\u0131 hedefliyoruz. Beklentilerinizi kar\u015f\u0131lamaya ve a\u015fmaya kararl\u0131y\u0131z ve akl\u0131n\u0131za tak\u0131lan her t\u00fcrl\u00fc soru veya endi\u015fenizde size yard\u0131mc\u0131 olmaya her zaman haz\u0131r\u0131z.<\/li>\n<\/ol>\n<p>FMP olarak, m\u00fc\u015fterilerimize y\u00fcksek kaliteli ve g\u00fcvenilir Hidrolik Silindir \u00e7\u00f6z\u00fcmleri sunmaktan gurur duyuyoruz. \u00dcr\u00fcn ve hizmetlerimiz, y\u0131llar\u0131n sekt\u00f6r deneyimi ve profesyonel ekibimizle desteklenmektedir. Bir sonraki projeniz i\u00e7in FMP Hidrolik Silindir'i se\u00e7in ve fark\u0131 deneyimleyin.<\/p>\n<p><img decoding=\"async\" src=\"https:\/\/fmp-components.com\/wp-content\/uploads\/2024\/12\/Adjustable-Clevis-Type-Cylinders-6.webp\" alt=\"Ayarlanabilir \u00c7atal Tipi Silindir\" width=\"823\" title=\"\"><\/p>\n<h2>Pistonlu Hidrolik Silindirimizi Neden Se\u00e7melisiniz?<\/h2>\n<p>\u00c7ift etkili pistonlu hidrolik silindirimiz, \u00fcr\u00fcn kalitesinden ve g\u00fcvenilirli\u011finden \u00f6d\u00fcn vermeden rekabet\u00e7i bir fiyat sunmaktad\u0131r. M\u00fc\u015fterilerimizin ihtiya\u00e7lar\u0131n\u0131 kar\u015f\u0131lamaya, onlara dayan\u0131kl\u0131, verimli ve g\u00fcvenilir \u00fcr\u00fcnler sunmaya kendimizi adad\u0131k.<\/p>\n<p>\u00dcr\u00fcn\u00fcm\u00fcz\u00fc incelemenizi ve operasyonlar\u0131n\u0131zda yaratabilece\u011fi fark\u0131 kendiniz g\u00f6rmenizi te\u015fvik ediyoruz. Rekabet\u00e7i fiyatlar\u0131m\u0131z ve y\u00fcksek kaliteli \u00fcr\u00fcnlerimizle, arad\u0131\u011f\u0131n\u0131z de\u011feri ve performans\u0131 bulaca\u011f\u0131n\u0131zdan eminiz.<\/p>\n<h2>S\u0131k\u00e7a Sorulan Sorular<\/h2>\n<h3>S: Teslimat s\u00fcresi ne kadard\u0131r?<\/h3>\n<p>A: Tipik teslimat s\u00fcresi 25-35 g\u00fcnd\u00fcr.<\/p>\n<h3>S: Numune sa\u011fl\u0131yor musunuz? \u00dccretsiz mi yoksa ekstra m\u0131?<\/h3>\n<p>A: Evet, \u00f6rnekler veriyoruz ama \u00fccretsiz de\u011filler.<\/p>\n<h3>S: Numunelere g\u00f6re \u00fcretim yapabilir misiniz?<\/h3>\n<p>A: Evet, numunelerinize veya teknik \u00e7izimlerinize g\u00f6re \u00fcretim yapabiliriz. Ayr\u0131ca kal\u0131p ve fikst\u00fcr yapma kapasitemiz de bulunmaktad\u0131r.<\/p>\n<p><img decoding=\"async\" title=\"Kar K\u00fcreme Hidrolik Silindiri\" src=\"https:\/\/hzpt.com\/wp-content\/uploads\/2023\/11\/Snow-Plow-Hydraulic-Cylinder-3.webp\" alt=\"Kar K\u00fcreme Hidrolik Silindiri\" \/><\/p>\n<p>Yazar: CX<\/p>","protected":false},"excerpt":{"rendered":"<p>Introducing Competitive Price Piston Hydraulic Cylinder Double Acting: The Competitive Price Piston Hydraulic Cylinder Double Acting is a high-quality product designed for various industrial applications. This hydraulic cylinder is manufactured using advanced technology and premium materials, ensuring durability and reliability. Featuring a piston design, this hydraulic cylinder offers smooth and precise movement, allowing for efficient [&hellip;]<\/p>","protected":false},"featured_media":1491,"comment_status":"closed","ping_status":"closed","template":"","meta":{"_et_pb_use_builder":"","_et_pb_old_content":"","_et_gb_content_width":""},"product_brand":[],"product_cat":[42],"product_tag":[34,44],"class_list":{"0":"post-1490","1":"product","2":"type-product","3":"status-publish","4":"has-post-thumbnail","6":"product_cat-snow-plow-hydraulic-cylinder","7":"product_tag-hydraulic-cylinder","8":"product_tag-snow-plow-hydraulic-cylinder","10":"first","11":"instock","12":"product-type-simple"},"_links":{"self":[{"href":"https:\/\/fmp-components.com\/tr\/wp-json\/wp\/v2\/product\/1490","targetHints":{"allow":["GET"]}}],"collection":[{"href":"https:\/\/fmp-components.com\/tr\/wp-json\/wp\/v2\/product"}],"about":[{"href":"https:\/\/fmp-components.com\/tr\/wp-json\/wp\/v2\/types\/product"}],"replies":[{"embeddable":true,"href":"https:\/\/fmp-components.com\/tr\/wp-json\/wp\/v2\/comments?post=1490"}],"wp:featuredmedia":[{"embeddable":true,"href":"https:\/\/fmp-components.com\/tr\/wp-json\/wp\/v2\/media\/1491"}],"wp:attachment":[{"href":"https:\/\/fmp-components.com\/tr\/wp-json\/wp\/v2\/media?parent=1490"}],"wp:term":[{"taxonomy":"product_brand","embeddable":true,"href":"https:\/\/fmp-components.com\/tr\/wp-json\/wp\/v2\/product_brand?post=1490"},{"taxonomy":"product_cat","embeddable":true,"href":"https:\/\/fmp-components.com\/tr\/wp-json\/wp\/v2\/product_cat?post=1490"},{"taxonomy":"product_tag","embeddable":true,"href":"https:\/\/fmp-components.com\/tr\/wp-json\/wp\/v2\/product_tag?post=1490"}],"curies":[{"name":"wp","href":"https:\/\/api.w.org\/{rel}","templated":true}]}}