{"id":1488,"date":"2024-12-23T05:50:37","date_gmt":"2024-12-23T05:50:37","guid":{"rendered":"https:\/\/fmp-components.com\/product\/customized-double-effect-stainless-steel-hydraulic-ram-cylinder\/"},"modified":"2025-05-10T12:28:50","modified_gmt":"2025-05-10T12:28:50","slug":"customized-double-effect-stainless-steel-hydraulic-ram-cylinder","status":"publish","type":"product","link":"https:\/\/fmp-components.com\/tr\/product\/customized-double-effect-stainless-steel-hydraulic-ram-cylinder\/","title":{"rendered":"\u00d6zelle\u015ftirilmi\u015f \u00c7ift Etkili Paslanmaz \u00c7elik Hidrolik Ram Silindiri"},"content":{"rendered":"<h2>\u00d6zelle\u015ftirilmi\u015f \u00c7ift Etkili Paslanmaz \u00c7elik Hidrolik Ram Silindiri<\/h2>\n<p>\u00d6zelle\u015ftirilmi\u015f \u00c7ift Etkili Paslanmaz \u00c7elik Hidrolik Ram Silindirini Tan\u0131t\u0131yoruz:<\/p>\n<p>\u00d6zelle\u015ftirilmi\u015f \u00c7ift Etkili Paslanmaz \u00c7elik Hidrolik Ram Silindiri, \u00e7e\u015fitli end\u00fcstriyel uygulamalarda optimum performans i\u00e7in tasarlanm\u0131\u015f y\u00fcksek kaliteli bir \u00fcr\u00fcnd\u00fcr. Bu hidrolik ram silindiri, uzun \u00f6m\u00fcrl\u00fc ve korozyona kar\u015f\u0131 diren\u00e7li olmas\u0131n\u0131 sa\u011flayan dayan\u0131kl\u0131 paslanmaz \u00e7elik kullan\u0131larak \u00fcretilmi\u015ftir.<\/p>\n<p>\u00c7ift etkili tasar\u0131m\u0131yla bu silindir, verimli ve g\u00fcvenilir bir \u00e7al\u0131\u015fma sa\u011flar. \u00c7ift etkili \u00f6zelli\u011fi, pistonun hem uzamas\u0131n\u0131 hem de geri \u00e7ekilmesini sa\u011flayarak verimlili\u011fi art\u0131r\u0131r ve ar\u0131za s\u00fcresini azalt\u0131r. Bu da onu, hassas kontrol ve sorunsuz \u00e7al\u0131\u015fma gerektiren zorlu g\u00f6revler i\u00e7in ideal bir se\u00e7im haline getirir.<\/p>\n<p>\u00d6zelle\u015ftirilmi\u015f \u00c7ift Etkili Paslanmaz \u00c7elik Hidrolik Ram Silindiri, y\u00fcksek bas\u0131n\u00e7 ko\u015fullar\u0131nda ola\u011fan\u00fcst\u00fc performans sunmak \u00fczere tasarlanm\u0131\u015ft\u0131r. Sa\u011flam yap\u0131s\u0131 ve geli\u015fmi\u015f s\u0131zd\u0131rmazl\u0131k teknolojisi, \u00e7al\u0131\u015fma s\u0131ras\u0131nda minimum s\u0131z\u0131nt\u0131 ve geli\u015fmi\u015f g\u00fcvenlik sa\u011flar.<\/p>\n<p>Bu hidrolik ko\u00e7 silindiri, \u00f6zel gereksinimleri kar\u015f\u0131lamak \u00fczere son derece \u00f6zelle\u015ftirilebilir. \u00c7e\u015fitli boyut ve strok uzunluklar\u0131nda mevcut olup, farkl\u0131 hidrolik sistemlere kolayca entegre edilebilir. Ayr\u0131ca, belirli bas\u0131n\u00e7 ve s\u0131cakl\u0131k aral\u0131klar\u0131na uyum sa\u011flayacak \u015fekilde uyarlanabilir, bu da onu \u00e7e\u015fitli sekt\u00f6rlerdeki \u00e7ok \u00e7e\u015fitli uygulamalar i\u00e7in uygun hale getirir.<\/p>\n<p>\u00d6zetle, \u00d6zelle\u015ftirilmi\u015f \u00c7ift Etkili Paslanmaz \u00c7elik Hidrolik Ram Silindiri dayan\u0131kl\u0131l\u0131k, verimlilik ve \u00e7ok y\u00f6nl\u00fcl\u00fck sunar. \u00dcst\u00fcn performans\u0131 ve \u00f6zelle\u015ftirilebilir \u00f6zellikleri, g\u00fcvenilirlik ve hassasiyetin \u00f6n planda oldu\u011fu end\u00fcstriyel uygulamalar i\u00e7in ideal bir se\u00e7imdir.<\/p>\n<h2>A\u011f\u0131r Hizmet Makineleri i\u00e7in \u00d6zelle\u015ftirilmi\u015f \u00c7ift Etkili Paslanmaz \u00c7elik Hidrolik Ko\u00e7 Silindiri<\/h2>\n<p>A\u011f\u0131r hizmet tipi makine ihtiya\u00e7lar\u0131n\u0131z i\u00e7in nihai \u00e7\u00f6z\u00fcm olan yeni ve geli\u015fmi\u015f, \u00d6zelle\u015ftirilmi\u015f \u00c7ift Etkili Paslanmaz \u00c7elik Hidrolik Ram Silindiri ile tan\u0131\u015f\u0131n. Bu son teknoloji hidrolik silindir, maksimum dayan\u0131kl\u0131l\u0131k ve verimlilik sa\u011flayan \u00fcst\u00fcn kaliteli \u00e7elikten \u00fcretilmi\u015ftir. \u00c7ift etkili i\u015flevselli\u011fi, makine tamir at\u00f6lyelerinde, \u00e7iftliklerde, enerji ve madencilik sekt\u00f6rlerinde, makine imalat\u0131nda ve fabrikalarda sorunsuz \u00e7al\u0131\u015fmay\u0131 kolayla\u015ft\u0131r\u0131r.<\/p>\n<h2>\u00dcr\u00fcn \u00d6zellikleri<\/h2>\n<ul>\n<li>Durum: Yepyeni<\/li>\n<li>Garanti: 1 Y\u0131l<\/li>\n<li>A\u011f\u0131rl\u0131k: 11 KG<\/li>\n<li>Maksimum \u0130ti\u015f G\u00fcc\u00fc: 3000<\/li>\n<li>Tip: Kar K\u00fcreme Hidrolik Silindirleri<\/li>\n<li>Maksimum \u00c7ekme G\u00fcc\u00fc: 20 ton<\/li>\n<li>Sertifikasyon: ISO9001:2000<\/li>\n<li>Renk: Siyah<\/li>\n<\/ul>\n<h2>Benzersiz Kalite ve Verimlilik<\/h2>\n<p>\u00d6zelle\u015ftirilmi\u015f \u00c7ift Etkili Paslanmaz \u00c7elik Hidrolik Ram Silindirimiz, paran\u0131z\u0131n kar\u015f\u0131l\u0131\u011f\u0131n\u0131 en iyi \u015fekilde alman\u0131z\u0131 sa\u011flayan etkileyici 1 y\u0131ll\u0131k garantiyle birlikte gelir. Temel bile\u015fenleri bir rulman ve hidrolik silindirden olu\u015fur ve bu da onu standart bir piston silindiri yap\u0131s\u0131 haline getirir. Bu \u00fcr\u00fcn ayr\u0131ca 3000'lik maksimum itme g\u00fcc\u00fc sunarak a\u011f\u0131r hizmet tipi operasyonlar i\u00e7in g\u00fcvenilir bir se\u00e7imdir.<\/p>\n<h2>Ayarlanabilir \u00c7atal Tipi Silindirlerin Avantajlar\u0131<\/h2>\n<p>Hidrolik ko\u00e7 silindirleri olarak da bilinen ayarlanabilir \u00e7atal tipi silindirler, a\u011f\u0131r makine ve ekipmanlara dayanan \u00e7e\u015fitli end\u00fcstrilerde \u00f6nemli bir bile\u015fendir. Bu silindirler, di\u011fer silindir t\u00fcrlerine g\u00f6re bir\u00e7ok avantaj sunarak bir\u00e7ok uygulama i\u00e7in pop\u00fcler bir tercih haline gelir. Bu blog yaz\u0131s\u0131nda, ayarlanabilir \u00e7atal tipi silindirlerin avantajlar\u0131n\u0131 ayr\u0131nt\u0131l\u0131 olarak inceleyece\u011fiz.<\/p>\n<h3>1. Geli\u015fmi\u015f Esneklik ve \u00d6zelle\u015ftirme<\/h3>\n<p>Ayarlanabilir \u00e7atal tipi silindirlerin temel avantajlar\u0131ndan biri, geli\u015fmi\u015f esneklik ve \u00f6zelle\u015ftirme se\u00e7enekleridir. Bu silindirler, \u00e7e\u015fitli uygulamalarda hassas konumland\u0131rma ve hizalama sa\u011flayan ayarlanabilir \u015fekilde tasarlanm\u0131\u015ft\u0131r. Bu ayarlanabilirlik \u00f6zelli\u011fi, operat\u00f6rlerin kulland\u0131klar\u0131 makinelerin performans\u0131n\u0131 ve verimlili\u011fini optimize etmelerini sa\u011flayarak \u00fcretkenli\u011fi art\u0131r\u0131r ve duru\u015f s\u00fcrelerini azalt\u0131r.<\/p>\n<p>Ayarlanabilir \u00e7atal tipi silindirlerin bir di\u011fer \u00f6nemli avantaj\u0131 da ki\u015fiselle\u015ftirmedir. Bu silindirler, boyut, strok uzunlu\u011fu ve montaj se\u00e7enekleri gibi \u00f6zel gereksinimleri kar\u015f\u0131layacak \u015fekilde uyarlanabilir. Silindirin \u00f6zelle\u015ftirilebilmesi, farkl\u0131 ekipman ve sistemlerle uyumlulu\u011funu sa\u011flayarak \u00e7e\u015fitli end\u00fcstriler i\u00e7in \u00e7ok y\u00f6nl\u00fc bir se\u00e7enek haline getirir.<\/p>\n<h3>2. Verimli \u00c7al\u0131\u015fma i\u00e7in \u00c7ift Etkili Tasar\u0131m<\/h3>\n<p>Ayarlanabilir \u00e7atal tipi silindirler, genellikle verimli \u00e7al\u0131\u015fma ve geli\u015fmi\u015f performans sa\u011flayan \u00e7ift etkili bir mekanizma ile tasarlanm\u0131\u015ft\u0131r. Bu tasar\u0131m, silindirin hem uzamas\u0131na hem de geri \u00e7ekilmesine olanak tan\u0131yarak dengeli ve kontroll\u00fc bir hareket sa\u011flar. \u00c7ift etkili tasar\u0131m, harici kuvvetlere veya manuel ayarlamalara olan ihtiyac\u0131 ortadan kald\u0131rarak silindiri daha g\u00fcvenilir ve kullan\u0131m\u0131 daha kolay hale getirir.<\/p>\n<p>Ayr\u0131ca, bu silindirlerin \u00e7ift etkili tasar\u0131m\u0131, tek etkili silindirlere k\u0131yasla daha y\u00fcksek bir kuvvet \u00e7\u0131k\u0131\u015f\u0131 sa\u011flar. Bu artan kuvvet, ayarlanabilir \u00e7atal tipi silindirleri, b\u00fcy\u00fck y\u00fcklerin kald\u0131r\u0131lmas\u0131 veya itilmesini gerektiren a\u011f\u0131r hizmet uygulamalar\u0131 i\u00e7in uygun hale getirir. Bu silindirlerin verimli \u00e7al\u0131\u015fmas\u0131, genel verimlili\u011fi art\u0131r\u0131r ve zorlu g\u00f6revlerin ba\u015far\u0131yla tamamlanmas\u0131n\u0131 sa\u011flar.<\/p>\n<h3>3. Y\u00fcksek Kaliteli Paslanmaz \u00c7elik Yap\u0131<\/h3>\n<p>Ayarlanabilir \u00e7atal tipi silindirler, dayan\u0131kl\u0131l\u0131k ve korozyon direnci a\u00e7\u0131s\u0131ndan say\u0131s\u0131z avantaj sunan y\u00fcksek kaliteli paslanmaz \u00e7elik malzemeler kullan\u0131larak \u00fcretilmi\u015ftir. Paslanmaz \u00e7elik, ola\u011fan\u00fcst\u00fc mukavemeti ve a\u015f\u0131nma direnciyle bilinir ve bu da onu zorlu \u00e7al\u0131\u015fma ortamlar\u0131 i\u00e7in ideal k\u0131lar.<\/p>\n<p>\u00dcreticiler, ayarlanabilir \u00e7atal tipi silindirlerin \u00fcretiminde paslanmaz \u00e7elik kullanarak, bu silindirlerin a\u015f\u0131r\u0131 s\u0131cakl\u0131klar, kimyasallara maruz kalma ve a\u011f\u0131r titre\u015fimler gibi zorlu ko\u015fullara dayanmas\u0131n\u0131 sa\u011flar. Bu dayan\u0131kl\u0131l\u0131k, silindirlerin \u00f6mr\u00fcn\u00fc uzat\u0131r ve bak\u0131m gereksinimlerini azaltarak operat\u00f6rler i\u00e7in maliyet tasarrufu sa\u011flar.<\/p>\n<h3>4. Geli\u015fmi\u015f G\u00fcvenlik ve G\u00fcvenilirlik<\/h3>\n<p>Ayarlanabilir \u00e7atal tipi silindirler, g\u00fcvenlik ve g\u00fcvenilirli\u011fi \u00f6n planda tutarak kritik uygulamalarda tercih edilen bir se\u00e7enektir. Bu silindirler, kazalar\u0131 ve ekipman hasar\u0131n\u0131 \u00f6nlemek i\u00e7in a\u015f\u0131r\u0131 y\u00fck korumas\u0131 ve acil durdurma mekanizmalar\u0131 gibi geli\u015fmi\u015f g\u00fcvenlik \u00f6zellikleriyle tasarlanm\u0131\u015ft\u0131r.<\/p>\n<p>Ayr\u0131ca, ayarlanabilir \u00e7atal tipi silindirlerin sundu\u011fu hassas kontrol ve konumland\u0131rma, makinenin genel g\u00fcvenli\u011fine katk\u0131da bulunur. Operat\u00f6rler, silindirin strok uzunlu\u011funu ve h\u0131z\u0131n\u0131 hassas bir \u015fekilde ayarlayarak, ak\u0131c\u0131 ve kontroll\u00fc hareketler sa\u011flar. Bu kontrol seviyesi, operat\u00f6rlerin ve \u00e7evredeki personelin g\u00fcvenli\u011fini tehlikeye atabilecek ani sars\u0131nt\u0131 veya beklenmedik hareket riskini en aza indirir.<\/p>\n<p>Sonu\u00e7 olarak, ayarlanabilir \u00e7atal tipi silindirlerin avantajlar\u0131, onlar\u0131 \u00e7e\u015fitli end\u00fcstriler i\u00e7in m\u00fckemmel bir se\u00e7im haline getirir. Sunduklar\u0131 esneklik, \u00f6zelle\u015ftirme se\u00e7enekleri, verimli \u00e7al\u0131\u015fma, y\u00fcksek kaliteli yap\u0131 ve geli\u015fmi\u015f g\u00fcvenlik, ekipman performans\u0131n\u0131n, \u00fcretkenli\u011fin ve genel operasyonel verimlili\u011fin artmas\u0131na katk\u0131da bulunur. Benzersiz \u00f6zellikleri ve yetenekleriyle ayarlanabilir \u00e7atal tipi silindirler, modern end\u00fcstriyel alanda de\u011ferli bir bile\u015fendir.<\/p>\n<h3>FMP Hidrolik Silindir Hakk\u0131nda<\/h3>\n<p>FMP, in\u015faat makineleri i\u00e7in y\u00fcksek kaliteli hidrolik silindirlerin lider tedarik\u00e7isidir. \u00dcr\u00fcnlerimiz dayan\u0131kl\u0131l\u0131\u011f\u0131, g\u00fcvenilirli\u011fi ve m\u00fckemmel performans\u0131yla bilinir. \u0130n\u015faat makineleri ihtiya\u00e7lar\u0131n\u0131z i\u00e7in FMP Hidrolik Silindir'i se\u00e7meniz i\u00e7in baz\u0131 nedenler \u015funlard\u0131r:<\/p>\n<p>1. Kalite: Hidrolik silindirlerimiz, uzun \u00f6m\u00fcrl\u00fc dayan\u0131kl\u0131l\u0131k ve \u00fcst\u00fcn performans sa\u011flayan y\u00fcksek kaliteli malzemelerden \u00fcretilmi\u015ftir.<\/p>\n<p>2. Geni\u015f \u00fcr\u00fcn yelpazesi: FMP, ayarlanabilir \u00e7atal tipi silindir (a\u015fa\u011f\u0131daki resme bak\u0131n\u0131z), ba\u011flant\u0131 \u00e7ubu\u011fu tipi silindir, kaynakl\u0131 tip silindir ve daha fazlas\u0131 dahil olmak \u00fczere farkl\u0131 tipteki in\u015faat makineleri i\u00e7in \u00e7e\u015fitli hidrolik silindirler sunar.<\/p>\n<p><img decoding=\"async\" src=\"https:\/\/fmp-components.com\/wp-content\/uploads\/2024\/12\/Adjustable-Clevis-Type-Cylinders-6.webp\" alt=\"Ayarlanabilir \u00c7atal Tipi Silindir\" width=\"822\" title=\"\"><\/p>\n<p>3. Rekabet\u00e7i fiyatland\u0131rma: FMP, \u00fcr\u00fcnlerini olduk\u00e7a rekabet\u00e7i fiyatlarla sunarak geni\u015f bir m\u00fc\u015fteri yelpazesine ula\u015fmas\u0131n\u0131 sa\u011flar.<\/p>\n<p>4. Profesyonel ekip: \u0130n\u015faat makineleri sekt\u00f6r\u00fc hakk\u0131nda bilgi sahibi olan deneyimli sat\u0131\u015f ekibimiz, m\u00fc\u015fterilerimize uzman tavsiyeleri ve deste\u011fi sa\u011flayabilir.<\/p>\n<p>5. Etkin lojistik: M\u00fc\u015fterilere \u00fcr\u00fcnlerin zaman\u0131nda ve do\u011fru bir \u015fekilde ula\u015ft\u0131r\u0131lmas\u0131n\u0131 sa\u011flayan k\u00f6kl\u00fc bir lojistik da\u011f\u0131t\u0131m sistemine sahibiz.<\/p>\n<p>\u00d6zetle, FMP Hidrolik Silindir t\u00fcm in\u015faat makineleri ihtiya\u00e7lar\u0131n\u0131z i\u00e7in g\u00fcvenilir ve sa\u011flam bir se\u00e7imdir. \u00dcr\u00fcn ve hizmetlerimiz hakk\u0131nda daha fazla bilgi edinmek i\u00e7in bug\u00fcn bizimle ileti\u015fime ge\u00e7in.<\/p>\n<h2>SSS<\/h2>\n<h3>S: Siz bir ticaret \u015firketi misiniz yoksa \u00fcretici misiniz?<\/h3>\n<p>A: Biz hidrolik silindir ve tar\u0131m makineleri par\u00e7alar\u0131 imalat\u0131nda uzmanla\u015fm\u0131\u015f bir fabrikay\u0131z.<\/p>\n<h3>S: Teslimat s\u00fcreniz ne kadard\u0131r?<\/h3>\n<p>A: Genellikle teslimat s\u00fcremiz 25-35 g\u00fcn aras\u0131ndad\u0131r.<\/p>\n<h3>S: Numune sa\u011fl\u0131yor musunuz?<\/h3>\n<p>C: Evet, numune sa\u011fl\u0131yoruz ancak bunlar \u00fccretsiz de\u011fil.<\/p>\n<p>Yazar: CX<\/p>","protected":false},"excerpt":{"rendered":"<p>Customized Double Effect Stainless Steel Hydraulic Ram Cylinder Introducing the Customized Double Effect Stainless Steel Hydraulic Ram Cylinder: The Customized Double Effect Stainless Steel Hydraulic Ram Cylinder is a high-quality product designed for optimal performance in various industrial applications. This hydraulic ram cylinder is manufactured using durable stainless steel, ensuring its longevity and resistance to [&hellip;]<\/p>","protected":false},"featured_media":1489,"comment_status":"closed","ping_status":"closed","template":"","meta":{"_et_pb_use_builder":"","_et_pb_old_content":"","_et_gb_content_width":""},"product_brand":[],"product_cat":[42],"product_tag":[34,44],"class_list":{"0":"post-1488","1":"product","2":"type-product","3":"status-publish","4":"has-post-thumbnail","6":"product_cat-snow-plow-hydraulic-cylinder","7":"product_tag-hydraulic-cylinder","8":"product_tag-snow-plow-hydraulic-cylinder","10":"first","11":"instock","12":"product-type-simple"},"_links":{"self":[{"href":"https:\/\/fmp-components.com\/tr\/wp-json\/wp\/v2\/product\/1488","targetHints":{"allow":["GET"]}}],"collection":[{"href":"https:\/\/fmp-components.com\/tr\/wp-json\/wp\/v2\/product"}],"about":[{"href":"https:\/\/fmp-components.com\/tr\/wp-json\/wp\/v2\/types\/product"}],"replies":[{"embeddable":true,"href":"https:\/\/fmp-components.com\/tr\/wp-json\/wp\/v2\/comments?post=1488"}],"wp:featuredmedia":[{"embeddable":true,"href":"https:\/\/fmp-components.com\/tr\/wp-json\/wp\/v2\/media\/1489"}],"wp:attachment":[{"href":"https:\/\/fmp-components.com\/tr\/wp-json\/wp\/v2\/media?parent=1488"}],"wp:term":[{"taxonomy":"product_brand","embeddable":true,"href":"https:\/\/fmp-components.com\/tr\/wp-json\/wp\/v2\/product_brand?post=1488"},{"taxonomy":"product_cat","embeddable":true,"href":"https:\/\/fmp-components.com\/tr\/wp-json\/wp\/v2\/product_cat?post=1488"},{"taxonomy":"product_tag","embeddable":true,"href":"https:\/\/fmp-components.com\/tr\/wp-json\/wp\/v2\/product_tag?post=1488"}],"curies":[{"name":"wp","href":"https:\/\/api.w.org\/{rel}","templated":true}]}}