{"id":1484,"date":"2024-12-23T05:50:37","date_gmt":"2024-12-23T05:50:37","guid":{"rendered":"https:\/\/fmp-components.com\/product\/factory-price-2-ton-small-double-acting-hydraulic-cylinder\/"},"modified":"2025-03-18T02:09:32","modified_gmt":"2025-03-18T02:09:32","slug":"factory-price-2-ton-small-double-acting-hydraulic-cylinder","status":"publish","type":"product","link":"https:\/\/fmp-components.com\/tr\/product\/factory-price-2-ton-small-double-acting-hydraulic-cylinder\/","title":{"rendered":"Fabrika Fiyat\u0131 2 Ton K\u00fc\u00e7\u00fck \u00c7ift Etkili Hidrolik Silindir"},"content":{"rendered":"<h2>Fabrika Fiyat\u0131 2 Ton K\u00fc\u00e7\u00fck \u00c7ift Etkili Hidrolik Silindir<\/h2>\n<p>Fabrika Fiyat\u0131 2 Ton K\u00fc\u00e7\u00fck \u00c7ift Etkili Hidrolik Silindir, \u00e7e\u015fitli end\u00fcstrilerin ihtiya\u00e7lar\u0131n\u0131 kar\u015f\u0131lamak \u00fczere tasarlanm\u0131\u015f y\u00fcksek kaliteli bir \u00fcr\u00fcnd\u00fcr. Kompakt boyutu ve verimli tasar\u0131m\u0131yla bu hidrolik silindir, optimum performans ve g\u00fcvenilirlik sa\u011flar.<\/p>\n<p>\u00c7ift etkili bir mekanizmaya sahip olan bu hidrolik silindir, pistonun hem uzamas\u0131n\u0131 hem de geri \u00e7ekilmesini sa\u011flayarak hassas kontrol ve sorunsuz \u00e7al\u0131\u015fma sa\u011flar. A\u011f\u0131r y\u00fckleri kald\u0131rmak, itmek veya \u00e7ekmek gibi i\u015flemlerde, bu silindir tutarl\u0131 ve g\u00fc\u00e7l\u00fc bir kuvvet sa\u011flar.<\/p>\n<p>Dayan\u0131kl\u0131 malzemelerden \u00fcretilen bu hidrolik silindir, ola\u011fan\u00fcst\u00fc dayan\u0131kl\u0131l\u0131k ve uzun \u00f6m\u00fcr sunar. A\u011f\u0131r kullan\u0131m ve zorlu \u00e7al\u0131\u015fma ko\u015fullar\u0131na dayanacak \u015fekilde \u00fcretilmi\u015ftir ve zorlu uygulamalarda bile g\u00fcvenilir bir performans sa\u011flar.<\/p>\n<p>Fabrika Fiyat\u0131 2 Ton K\u00fc\u00e7\u00fck \u00c7ift Etkili Hidrolik Silindir, kurulumu ve bak\u0131m\u0131 kolayd\u0131r. Sorunsuz \u00e7al\u0131\u015fma, ar\u0131za s\u00fcresini azaltma ve \u00fcretkenli\u011fi art\u0131rma i\u00e7in tasarlanm\u0131\u015ft\u0131r. Kompakt boyutu, dar alanlar i\u00e7in uygun olmas\u0131n\u0131 sa\u011flayarak esnek kurulum se\u00e7enekleri sunar.<\/p>\n<p>Rekabet\u00e7i fabrika fiyat\u0131yla bu hidrolik silindir, m\u00fckemmel bir fiyat-performans oran\u0131 sunar. Kalite veya performanstan \u00f6d\u00fcn vermeden uygun maliyetli bir \u00e7\u00f6z\u00fcm sunar.<\/p>\n<p>\u00d6zetle, Fabrika Fiyatl\u0131 2 Tonluk K\u00fc\u00e7\u00fck \u00c7ift Etkili Hidrolik Silindir, verimli ve g\u00fcvenilir hidrolik sistemlere ihtiya\u00e7 duyan end\u00fcstriler i\u00e7in ideal bir se\u00e7imdir. Kompakt boyutu, dayan\u0131kl\u0131l\u0131\u011f\u0131 ve rekabet\u00e7i fiyat\u0131, onu \u00e7e\u015fitli uygulamalarda de\u011ferli bir varl\u0131k haline getirir.<img decoding=\"async\" title=\"Kar K\u00fcreme Hidrolik Silindiri\" src=\"https:\/\/hzpt.com\/wp-content\/uploads\/2023\/11\/Snow-Plow-Hydraulic-Cylinder-1.webp\" alt=\"Kar K\u00fcreme Hidrolik Silindiri\" \/><\/p>\n<h2>\u00dcr\u00fcn \u00d6zellikleri ve Bak\u0131m\u0131<\/h2>\n<p>\u00c7elik g\u00f6vdeli hidrolik silindirimiz, dayan\u0131kl\u0131l\u0131k ve sa\u011flaml\u0131\u011f\u0131 garanti eder. Hidrolik g\u00fc\u00e7 sistemiyle \u00e7al\u0131\u015f\u0131r ve standart bir piston silindir yap\u0131s\u0131yla tasarlanm\u0131\u015ft\u0131r. Silindir, uluslararas\u0131 kalite standartlar\u0131n\u0131 kar\u015f\u0131lad\u0131\u011f\u0131n\u0131 garanti eden ISO9001:2000 sertifikas\u0131na sahiptir. Ayr\u0131ca, maksimum 3000 ton itme ve 20 ton \u00e7ekme g\u00fcc\u00fcne dayanacak \u015fekilde tasarlanm\u0131\u015ft\u0131r.<\/p>\n<p>Hidrolik silindirimizin bak\u0131m\u0131 kolayd\u0131r ve 1 y\u0131l garantilidir; b\u00f6ylece paran\u0131z\u0131n kar\u015f\u0131l\u0131\u011f\u0131n\u0131 en iyi \u015fekilde al\u0131rs\u0131n\u0131z. Rulman ve hidrolik silindir gibi temel bile\u015fenler de garanti kapsam\u0131ndad\u0131r.<\/p>\n<h3>Ortak Uygulamalar<\/h3>\n<p>Bu hidrolik silindir \u00e7ok y\u00f6nl\u00fcd\u00fcr ve \u00e7e\u015fitli uygulamalarda kullan\u0131labilir. En \u00e7ok kar k\u00fcreme makinelerinin hidrolik sistemlerinde kullan\u0131l\u0131r ve bu da onu k\u0131\u015f aylar\u0131nda kritik bir bile\u015fen haline getirir. Ba\u011flant\u0131 noktalar\u0131 G\/SAE\/NPT\/M ile uyumludur ve bu da onu \u00e7e\u015fitli sistemlere son derece uyumlu hale getirir.<\/p>\n<h2>Ayarlanabilir \u00c7atal Tipi Silindirlerin Avantajlar\u0131<\/h2>\n<p>Hidrolik silindirler olarak da bilinen ayarlanabilir \u00e7atal tipi silindirler, \u00e7ok y\u00f6nl\u00fc i\u015flevleri ve say\u0131s\u0131z avantajlar\u0131 nedeniyle \u00e7e\u015fitli end\u00fcstrilerde \u00f6nemli bir bile\u015fendir. Bu makalede, bu silindirlerin temel avantajlar\u0131n\u0131 ve farkl\u0131 uygulamalarda verimlili\u011fi ve \u00fcretkenli\u011fi nas\u0131l art\u0131rabileceklerini inceleyece\u011fiz.<\/p>\n<h3>1. Geli\u015fmi\u015f Esneklik<\/h3>\n<p>Ayarlanabilir \u00e7atal tipi silindirlerin temel avantajlar\u0131ndan biri, \u00e7e\u015fitli hidrolik sistemlerde geli\u015fmi\u015f esneklik sunabilmeleridir. Bu silindirler ayarlanabilir \u015fekilde tasarlanm\u0131\u015ft\u0131r ve kullan\u0131c\u0131lar\u0131n uzunluklar\u0131n\u0131, stroklar\u0131n\u0131 ve montaj konumlar\u0131n\u0131 \u00f6zel gereksinimlere g\u00f6re de\u011fi\u015ftirmelerine olanak tan\u0131r. Bu \u00e7ok y\u00f6nl\u00fcl\u00fck, farkl\u0131 \u00e7al\u0131\u015fma ko\u015fullar\u0131na uyum sa\u011flamalar\u0131n\u0131 ve \u00e7e\u015fitli uygulamalarda performans\u0131 optimize etmelerini sa\u011flayarak genel sistem esnekli\u011fini art\u0131r\u0131r.<\/p>\n<h3>2. Geli\u015ftirilmi\u015f Y\u00fck Ta\u015f\u0131ma<\/h3>\n<p>Ayarlanabilir \u00e7atal tipi silindirler, a\u011f\u0131r y\u00fcklere dayanacak ve verimli y\u00fck ta\u015f\u0131ma kabiliyetleri sa\u011flayacak \u015fekilde tasarlanm\u0131\u015ft\u0131r. \u00c7ift etkili i\u015flevleri sayesinde bu silindirler, hem uzatma hem de geri \u00e7ekme hareketlerinde kuvvet uygulayabilir ve bu da onlar\u0131 a\u011f\u0131r nesnelerin ta\u015f\u0131nmas\u0131 ve manip\u00fcle edilmesinde olduk\u00e7a verimli hale getirir. Bu \u00fcst\u00fcn y\u00fck ta\u015f\u0131ma kabiliyeti, sorunsuz ve hassas operasyonlar sa\u011flayarak ar\u0131za s\u00fcresini en aza indirir ve verimlili\u011fi en \u00fcst d\u00fczeye \u00e7\u0131kar\u0131r.<\/p>\n<h3>3. Hassas Kontrol<\/h3>\n<p>Hassasiyet ve hassas kontrol, bir\u00e7ok end\u00fcstriyel s\u00fcre\u00e7te kritik fakt\u00f6rlerdir. Ayarlanabilir \u00e7atal tipi silindirler bu konuda m\u00fckemmeldir ve y\u00fcklerin hareketi ve konumland\u0131r\u0131lmas\u0131 \u00fczerinde hassas kontrol sa\u011flar. Bu silindirler, istenen h\u0131z, kuvvet ve konuma ula\u015fmak i\u00e7in hassas bir \u015fekilde ayarlanabilir ve \u00e7ok \u00e7e\u015fitli uygulamalarda optimum performans sa\u011flar. Bu kontrol seviyesi, yaln\u0131zca verimlili\u011fi art\u0131rmakla kalmaz, ayn\u0131 zamanda g\u00fcvenli\u011fi de art\u0131r\u0131r ve hata veya kaza riskini azalt\u0131r.<\/p>\n<h3>4. Dayan\u0131kl\u0131l\u0131k ve G\u00fcvenilirlik<\/h3>\n<p>Ayarlanabilir \u00e7atal tipi silindirler, zorlu \u00e7al\u0131\u015fma ko\u015fullar\u0131na dayanacak ve uzun \u00f6m\u00fcrl\u00fc olacak \u015fekilde \u00fcretilmi\u015ftir. Y\u00fcksek kaliteli malzemeler kullan\u0131larak \u00fcretilen bu silindirler, g\u00fcvenilirlik ve performanslar\u0131n\u0131 garantilemek i\u00e7in titiz testlerden ge\u00e7irilir. Bu silindirler, y\u00fcksek bas\u0131n\u00e7lara, a\u015f\u0131r\u0131 s\u0131cakl\u0131klara ve zorlu ortamlara dayanacak \u015fekilde tasarlanm\u0131\u015ft\u0131r ve bu sayede \u00e7e\u015fitli sekt\u00f6rlerdeki zorlu uygulamalarda kullan\u0131ma uygundur.<\/p>\n<h3>5. Maliyet Etkinli\u011fi<\/h3>\n<p>Ayarlanabilir \u00e7atal tipi silindirlerin bir di\u011fer \u00f6nemli avantaj\u0131 da uygun maliyetli olmalar\u0131d\u0131r. Bu silindirler, \u00e7e\u015fitli g\u00f6revler i\u00e7in g\u00fcvenilir ve verimli bir \u00e7\u00f6z\u00fcm sunarak manuel i\u015f g\u00fcc\u00fc ihtiyac\u0131n\u0131 azalt\u0131r ve operasyonlar\u0131 kolayla\u015ft\u0131r\u0131r. Verimlili\u011fi en \u00fcst d\u00fczeye \u00e7\u0131kararak ve duru\u015f s\u00fcrelerini en aza indirerek uzun vadede \u00f6nemli maliyet tasarruflar\u0131na katk\u0131da bulunabilirler. Ayr\u0131ca, dayan\u0131kl\u0131l\u0131klar\u0131 ve d\u00fc\u015f\u00fck bak\u0131m gereksinimleri, uygun maliyetli olmalar\u0131n\u0131 daha da art\u0131rarak i\u015fletmeler i\u00e7in m\u00fckemmel bir yat\u0131r\u0131m haline getirir.<\/p>\n<p>Ayarlanabilir \u00e7atal tipi silindirler, farkl\u0131 sekt\u00f6rlere b\u00fcy\u00fck fayda sa\u011flayabilecek say\u0131s\u0131z avantaj sunar. Geli\u015fmi\u015f esneklikleri, iyile\u015ftirilmi\u015f y\u00fck ta\u015f\u0131ma kabiliyetleri, hassas kontrolleri, dayan\u0131kl\u0131l\u0131klar\u0131 ve uygun maliyetleriyle bu silindirler, hidrolik sistemlerde vazge\u00e7ilmez bir bile\u015fen haline gelmi\u015ftir. \u0130ster imalat, ister in\u015faat veya hidrolik g\u00fcce dayanan di\u011fer herhangi bir sekt\u00f6rde olsun, ayarlanabilir \u00e7atal tipi silindirler, verimlili\u011fi art\u0131rabilen ve operasyonlar\u0131 optimize edebilen g\u00fcvenilir ve verimli bir \u00e7\u00f6z\u00fcm sunar.<\/p>\n<h3>FMP \u2013 Hidrolik Silindir Hakk\u0131nda<\/h3>\n<p>FMP, in\u015faat makinesi par\u00e7alar\u0131 ve komple makine sat\u0131\u015f ve servisinde uzmanla\u015fm\u0131\u015f lider bir \u015firkettir. Sekt\u00f6rde uzun y\u0131llara dayanan deneyimimiz ve \u0130talya'da bulunan profesyonel ekibimizle, y\u00fcksek kaliteli ve g\u00fcvenilir in\u015faat makinesi par\u00e7alar\u0131 ve komple makine \u00e7\u00f6z\u00fcmleri sunuyoruz. \u015eirketimiz, tar\u0131m makinesi red\u00fckt\u00f6rleri, planet di\u015fli kutular\u0131, end\u00fcstriyel red\u00fckt\u00f6rler ve \u00e7e\u015fitli in\u015faat makinesi par\u00e7alar\u0131 da dahil olmak \u00fczere geni\u015f bir \u00fcr\u00fcn yelpazesi sunmaktad\u0131r.<\/p>\n<p>Hidrolik Silindirimizin baz\u0131 avantajlar\u0131 ve \u00f6zellikleri \u015funlard\u0131r:<\/p>\n<p>1. Y\u00fcksek Kaliteli Malzemeler: Hidrolik silindirlerimiz, g\u00fc\u00e7l\u00fc, dayan\u0131kl\u0131 ve uzun \u00f6m\u00fcrl\u00fc y\u00fcksek kaliteli malzemelerden \u00fcretilmi\u015ftir. \u00dcr\u00fcnlerimizin s\u0131k\u0131 kalite standartlar\u0131na uygun olmas\u0131n\u0131 sa\u011fl\u0131yor ve m\u00fc\u015fterilerimize optimum performans sa\u011flayacak \u015fekilde tasarlan\u0131yoruz.<\/p>\n<p>2. \u00d6zelle\u015ftirilebilir: M\u00fc\u015fterilerimizin \u00f6zel ihtiya\u00e7lar\u0131n\u0131 kar\u015f\u0131layacak \u015fekilde uyarlanabilen \u00f6zelle\u015ftirilebilir hidrolik silindirler sunuyoruz. Uygulaman\u0131z i\u00e7in do\u011fru boyutu, stroku ve delik \u00e7ap\u0131n\u0131 se\u00e7ebilirsiniz.<\/p>\n<p>3. Geni\u015f Uygulama Yelpazesi: Hidrolik Silindirimiz tar\u0131m makineleri, in\u015faat makineleri ve end\u00fcstriyel makineler dahil olmak \u00fczere \u00e7e\u015fitli uygulamalarda kullan\u0131labilir.<\/p>\n<p>4. Ak\u0131ll\u0131 Sat\u0131n Alma \u00d6nerileri: Deneyimli sat\u0131\u015f ekibimiz, in\u015faat makineleri sekt\u00f6r\u00fcndeki geli\u015fme trendlerini ve m\u00fc\u015fteri ihtiya\u00e7lar\u0131n\u0131 yak\u0131ndan takip ederek profesyonel \u00fcr\u00fcn dan\u0131\u015fmanl\u0131\u011f\u0131 ve ak\u0131ll\u0131 sat\u0131n alma \u00f6nerileri sunabilir.<\/p>\n<p>5. Verimli Lojistik: M\u00fc\u015fterilerimizin ihtiya\u00e7 duyduklar\u0131 par\u00e7alar\u0131 zaman\u0131nda ve do\u011fru bir \u015fekilde alabilmelerini sa\u011flamak i\u00e7in verimli bir lojistik da\u011f\u0131t\u0131m sistemine sahibiz.<\/p>\n<p>FMP olarak, m\u00fc\u015fterilerimizin \u00f6zel ihtiya\u00e7lar\u0131n\u0131 kar\u015f\u0131layan y\u00fcksek kaliteli, g\u00fcvenilir ve \u00f6zelle\u015ftirilmi\u015f hidrolik silindirler sunmaya kararl\u0131y\u0131z. Ekibimiz size her zaman profesyonel ve verimli hizmetler sunmaya haz\u0131rd\u0131r. Hidrolik Silindir tedarik\u00e7iniz olarak FMP'yi se\u00e7in, size en iyi \u00fcr\u00fcn ve hizmetleri sunal\u0131m.<\/p>\n<p><img decoding=\"async\" src=\"https:\/\/fmp-components.com\/wp-content\/uploads\/2024\/12\/Adjustable-Clevis-Type-Cylinders-6.webp\" alt=\"Ayarlanabilir \u00c7atal Tipi Silindir\" width=\"820\" title=\"\"><\/p>\n<h2>S\u0131k\u00e7a Sorulan Sorular<\/h2>\n<h3>S: Siz bir ticaret \u015firketi misiniz yoksa \u00fcretici misiniz?<\/h3>\n<p>A: Biz bir fabrikay\u0131z.<\/p>\n<h3>S: Teslimat s\u00fcreniz ne kadard\u0131r?<\/h3>\n<p>A: Genellikle 25-35 g\u00fcnd\u00fcr.<\/p>\n<h3>S: Numune sa\u011fl\u0131yor musunuz? \u00dccretsiz mi yoksa ekstra m\u0131?<\/h3>\n<p>C: Evet, numune sunabiliriz ancak \u00fccretsiz de\u011fil.<\/p>\n<p>Yazar: CX<\/p>","protected":false},"excerpt":{"rendered":"<p>Factory Price 2 Ton Small Double Acting Hydraulic Cylinder The Factory Price 2 Ton Small Double Acting Hydraulic Cylinder is a high-quality product designed to meet the needs of various industries. With its compact size and efficient design, this hydraulic cylinder ensures optimal performance and reliability. Featuring a double-acting mechanism, this hydraulic cylinder allows for [&hellip;]<\/p>","protected":false},"featured_media":1485,"comment_status":"closed","ping_status":"closed","template":"","meta":{"_et_pb_use_builder":"","_et_pb_old_content":"","_et_gb_content_width":""},"product_brand":[],"product_cat":[42],"product_tag":[34,44],"class_list":{"0":"post-1484","1":"product","2":"type-product","3":"status-publish","4":"has-post-thumbnail","6":"product_cat-snow-plow-hydraulic-cylinder","7":"product_tag-hydraulic-cylinder","8":"product_tag-snow-plow-hydraulic-cylinder","10":"first","11":"instock","12":"product-type-simple"},"_links":{"self":[{"href":"https:\/\/fmp-components.com\/tr\/wp-json\/wp\/v2\/product\/1484","targetHints":{"allow":["GET"]}}],"collection":[{"href":"https:\/\/fmp-components.com\/tr\/wp-json\/wp\/v2\/product"}],"about":[{"href":"https:\/\/fmp-components.com\/tr\/wp-json\/wp\/v2\/types\/product"}],"replies":[{"embeddable":true,"href":"https:\/\/fmp-components.com\/tr\/wp-json\/wp\/v2\/comments?post=1484"}],"wp:featuredmedia":[{"embeddable":true,"href":"https:\/\/fmp-components.com\/tr\/wp-json\/wp\/v2\/media\/1485"}],"wp:attachment":[{"href":"https:\/\/fmp-components.com\/tr\/wp-json\/wp\/v2\/media?parent=1484"}],"wp:term":[{"taxonomy":"product_brand","embeddable":true,"href":"https:\/\/fmp-components.com\/tr\/wp-json\/wp\/v2\/product_brand?post=1484"},{"taxonomy":"product_cat","embeddable":true,"href":"https:\/\/fmp-components.com\/tr\/wp-json\/wp\/v2\/product_cat?post=1484"},{"taxonomy":"product_tag","embeddable":true,"href":"https:\/\/fmp-components.com\/tr\/wp-json\/wp\/v2\/product_tag?post=1484"}],"curies":[{"name":"wp","href":"https:\/\/api.w.org\/{rel}","templated":true}]}}