{"id":1476,"date":"2024-12-23T05:49:26","date_gmt":"2024-12-23T05:49:26","guid":{"rendered":"https:\/\/fmp-components.com\/product\/superior-quality-small-welded-hydraulic-oil-cylinder\/"},"modified":"2024-12-23T06:35:24","modified_gmt":"2024-12-23T06:35:24","slug":"superior-quality-small-welded-hydraulic-oil-cylinder","status":"publish","type":"product","link":"https:\/\/fmp-components.com\/tr\/product\/superior-quality-small-welded-hydraulic-oil-cylinder\/","title":{"rendered":"\u00dcst\u00fcn Kaliteli K\u00fc\u00e7\u00fck Kaynakl\u0131 Hidrolik Ya\u011f Silindiri"},"content":{"rendered":"<h2>\u00dcst\u00fcn Kaliteli K\u00fc\u00e7\u00fck Kaynakl\u0131 Hidrolik Ya\u011f Silindiri<\/h2>\n<p>\u00dcst\u00fcn Kalitede K\u00fc\u00e7\u00fck Boy Kaynakl\u0131 Hidrolik Ya\u011f Silindiri ile Tan\u0131\u015f\u0131n:<\/p>\n<p>\u00dcst\u00fcn Kalitede K\u00fc\u00e7\u00fck Kaynakl\u0131 Hidrolik Ya\u011f Silindiri, \u00e7e\u015fitli end\u00fcstriyel uygulamalar i\u00e7in tasarlanm\u0131\u015f, son derece g\u00fcvenilir ve verimli bir \u00fcr\u00fcnd\u00fcr. Geli\u015fmi\u015f teknolojisi ve birinci s\u0131n\u0131f i\u015f\u00e7ili\u011fiyle bu hidrolik silindir, ola\u011fan\u00fcst\u00fc performans ve uzun \u00f6m\u00fcr sunmak \u00fczere \u00fcretilmi\u015ftir.<\/p>\n<p>Bu hidrolik ya\u011f silindiri, y\u00fcksek kaliteli malzemeler kullan\u0131larak uzmanl\u0131kla \u00fcretilmi\u015ftir ve dayan\u0131kl\u0131l\u0131k ile a\u015f\u0131nmaya kar\u015f\u0131 diren\u00e7 sa\u011flar. Kaynakl\u0131 tasar\u0131m\u0131 \u00fcst\u00fcn mukavemet ve stabilite sa\u011flayarak en zorlu hidrolik sistemler i\u00e7in bile uygun hale getirir.<\/p>\n<p>En son hidrolik teknolojisiyle donat\u0131lm\u0131\u015f bu silindir, hassas kontrol ve sorunsuz \u00e7al\u0131\u015fma sunar. Verimli kuvvet iletimi sa\u011flayarak hidrolik makinelerde kusursuz hareket ve optimum performans sa\u011flar.<\/p>\n<p>\u00dcst\u00fcn Kalitede K\u00fc\u00e7\u00fck Kaynakl\u0131 Hidrolik Ya\u011f Silindiri, etkileyici y\u00fck ta\u015f\u0131ma kapasitesi ve y\u00fcksek bas\u0131nca dayan\u0131kl\u0131l\u0131\u011f\u0131yla bilinir. Bu \u00f6zellikleri sayesinde, g\u00fcvenilir ve sa\u011flam bir hidrolik sistem gerektiren a\u011f\u0131r hizmet uygulamalar\u0131 i\u00e7in idealdir.<\/p>\n<p>Ayr\u0131ca, bu hidrolik silindir en y\u00fcksek kalite standartlar\u0131n\u0131 kar\u015f\u0131lamak \u00fczere titizlikle test edilir ve incelenir. \u00c7e\u015fitli \u00e7al\u0131\u015fma ko\u015fullar\u0131nda i\u015flevselli\u011fini ve g\u00fcvenilirli\u011fini sa\u011flamak i\u00e7in s\u0131k\u0131 performans de\u011ferlendirmelerinden ge\u00e7er.<\/p>\n<p>\u00d6zetle, \u00dcst\u00fcn Kalite K\u00fc\u00e7\u00fck Kaynakl\u0131 Hidrolik Ya\u011f Silindiri, ola\u011fan\u00fcst\u00fc performans ve dayan\u0131kl\u0131l\u0131k sunmak \u00fczere tasarlanm\u0131\u015f birinci s\u0131n\u0131f bir \u00fcr\u00fcnd\u00fcr. Geli\u015fmi\u015f teknolojisi, hassas kontrol\u00fc ve \u00fcst\u00fcn mukavemetiyle, g\u00fcvenilir hidrolik sistemler gerektiren end\u00fcstriyel uygulamalar i\u00e7in m\u00fckemmel bir se\u00e7imdir.<\/p>\n<p><img decoding=\"async\" title=\"Kar K\u00fcreme Hidrolik Silindiri\" src=\"https:\/\/hzpt.com\/wp-content\/uploads\/2023\/11\/Snow-Plow-Hydraulic-Cylinder-3.webp\" alt=\"Kar K\u00fcreme Hidrolik Silindiri\" \/><\/p>\n<h2>\u00dcst\u00fcn Kalitede K\u00fc\u00e7\u00fck Kaynakl\u0131 Hidrolik Ya\u011f Silindirini Tan\u0131t\u0131yoruz<\/h2>\n<p>\u00dcst\u00fcn Kalitede K\u00fc\u00e7\u00fck Kaynakl\u0131 Hidrolik Ya\u011f Silindiri ile tan\u0131\u015f\u0131n; \u00e7e\u015fitli sekt\u00f6rlerin zorlu taleplerini kar\u015f\u0131lamak \u00fczere tasarlanm\u0131\u015f, birinci s\u0131n\u0131f bir makine bile\u015fenidir. Bu hidrolik silindir yeni, son derece g\u00fcvenilir ve bir y\u0131l garantilidir; bu da kalite ve g\u00fcvenilirli\u011fe olan ba\u011fl\u0131l\u0131\u011f\u0131m\u0131z\u0131n bir kan\u0131t\u0131d\u0131r.<\/p>\n<h2>\u00dcr\u00fcn \u00d6zellikleri<\/h2>\n<p>Hidrolik Ya\u011f Silindiri, sa\u011flam \u00e7elikten \u00fcretilmi\u015f ve standart piston silindir yap\u0131s\u0131nda tasarlanm\u0131\u015ft\u0131r; bu da onu makine tamir at\u00f6lyeleri, \u00e7iftlikler, enerji ve madencilik, makine imalat\u0131 ve fabrikalar i\u00e7in ideal hale getirir. 12 kg a\u011f\u0131rl\u0131\u011f\u0131yla bu hidrolik silindir kolayca ta\u015f\u0131nabilir. Temel bile\u015fenleri aras\u0131nda bir rulman ve bir y\u0131l garantili hidrolik silindir bulunur. Silindir hidrolik g\u00fc\u00e7le \u00e7al\u0131\u015f\u0131r ve maksimum 3000 ton itme kuvvetine ve maksimum 20 ton \u00e7ekme kuvvetine dayanabilir; bu da onu y\u00fcksek bas\u0131n\u00e7l\u0131 i\u015flemler alt\u0131ndaki end\u00fcstriler i\u00e7in sa\u011flam ve g\u00fcvenilir bir se\u00e7enek haline getirir.<\/p>\n<h2>Teknik \u00d6zellikler<\/h2>\n<ul>\n<li>Standart veya Standart D\u0131\u015f\u0131: Standart<\/li>\n<li>Yap\u0131: Piston Silindir<\/li>\n<li>G\u00fc\u00e7: Hidrolik<\/li>\n<li>G\u00f6vde Malzemesi: \u00c7elik<\/li>\n<li>Maksimum \u0130ti\u015f G\u00fcc\u00fc: 3000<\/li>\n<li>Maksimum \u00c7ekme G\u00fcc\u00fc: 20 ton<\/li>\n<li>Koruyucular: G\/SAE\/NPT\/M<\/li>\n<li>Delik Boyutu: 2-6 in\u00e7<\/li>\n<li>\u00c7ubuk Boyutu: 1,125-4 in\u00e7<\/li>\n<li>Vuru\u015f Boyutu: 4-100 in\u00e7<\/li>\n<li>Pin Boyutu: 0,5-2 in\u00e7<\/li>\n<\/ul>\n<h2>Ayarlanabilir \u00c7atal Tipi Silindirlerin Avantajlar\u0131<\/h2>\n<p>Ayarlanabilir mafsal tipi silindirler, bir\u00e7ok avantaj\u0131 nedeniyle \u00e7e\u015fitli end\u00fcstriyel uygulamalarda giderek daha pop\u00fcler hale gelmektedir. Bu makalede, bu silindirlerin faydalar\u0131n\u0131 ve di\u011fer hidrolik silindir t\u00fcrlerine g\u00f6re neden \u00fcst\u00fcn olduklar\u0131n\u0131 inceleyece\u011fiz.<\/p>\n<h3>1. \u00c7ok Y\u00f6nl\u00fcl\u00fck<\/h3>\n<p>Ayarlanabilir mafsal tipi silindirlerin en \u00f6nemli avantajlar\u0131ndan biri \u00e7ok y\u00f6nl\u00fcl\u00fckleridir. Bu silindirler, in\u015faat ekipmanlar\u0131ndan tar\u0131m makinelerine kadar geni\u015f bir uygulama yelpazesinde kullan\u0131labilir. Bu \u00e7ok y\u00f6nl\u00fcl\u00fck, belirli gereksinimlere uyacak \u015fekilde kolayca ayarlanabilmelerinden kaynaklanmaktad\u0131r ve bu da onlar\u0131 esnekli\u011fin \u00f6nemli oldu\u011fu uygulamalar i\u00e7in ideal bir se\u00e7im haline getirmektedir.<\/p>\n<h3>2. Hassasiyet<\/h3>\n<p>Ayarlanabilir mafsal tipi silindirlerin bir di\u011fer avantaj\u0131 da hassasiyetleridir. Bu silindirler, do\u011fru ve g\u00fcvenilir kontrol sa\u011flamak \u00fczere tasarlanm\u0131\u015ft\u0131r ve bu da onlar\u0131 hassas hareketin gerekli oldu\u011fu uygulamalar i\u00e7in ideal hale getirir. Bu hassasiyet, y\u00fcksek kaliteli malzemeler ve geli\u015fmi\u015f \u00fcretim teknikleri kullan\u0131larak elde edilir ve sonu\u00e7 olarak \u00fcst\u00fcn kaliteli k\u00fc\u00e7\u00fck kaynakl\u0131 hidrolik ya\u011f silindirleri ortaya \u00e7\u0131kar.<\/p>\n<h3>3. Dayan\u0131kl\u0131l\u0131k<\/h3>\n<p>Ayarlanabilir mafsal tipi silindirler, dayan\u0131kl\u0131l\u0131klar\u0131yla da bilinir. Bu silindirler, en zorlu ortam ve ko\u015fullara bile dayanacak \u015fekilde tasarlanm\u0131\u015ft\u0131r ve bu da onlar\u0131 a\u011f\u0131r hizmet uygulamalar\u0131nda kullan\u0131m i\u00e7in ideal hale getirir. Bu dayan\u0131kl\u0131l\u0131k, y\u00fcksek kaliteli malzemelerin ve geli\u015fmi\u015f \u00fcretim tekniklerinin kullan\u0131m\u0131ndan kaynaklanmaktad\u0131r ve silindirlerin uzun \u00f6m\u00fcrl\u00fc olmas\u0131n\u0131 sa\u011flar.<\/p>\n<h3>4. Verimlilik<\/h3>\n<p>Ayarlanabilir mafsall\u0131 silindirlerin bir di\u011fer avantaj\u0131 da verimliliktir. Bu silindirler, minimum enerji t\u00fcketimiyle maksimum g\u00fc\u00e7 \u00e7\u0131k\u0131\u015f\u0131 sa\u011flamak \u00fczere tasarlanm\u0131\u015ft\u0131r ve bu da onlar\u0131 \u00e7ok \u00e7e\u015fitli uygulamalar i\u00e7in enerji verimli bir se\u00e7enek haline getirir. Bu verimlilik, performans\u0131 optimize eden ve enerji israf\u0131n\u0131 en aza indiren geli\u015fmi\u015f hidrolik sistemler ve di\u011fer tasar\u0131m \u00f6zelliklerinin kullan\u0131m\u0131yla elde edilir.<\/p>\n<h3>5. \u00d6zelle\u015ftirme<\/h3>\n<p>Son olarak, ayarlanabilir mafsal tipi silindirler y\u00fcksek derecede \u00f6zelle\u015ftirme olana\u011f\u0131 sunar. Bu silindirler, belirli gereksinimlere uyacak \u015fekilde kolayca de\u011fi\u015ftirilebilir; bu da onlar\u0131 \u00f6zelle\u015ftirmenin gerekli oldu\u011fu uygulamalar i\u00e7in ideal bir se\u00e7im haline getirir. Bu \u00f6zelle\u015ftirme, silindir \u00e7ap\u0131, strok uzunlu\u011fu ve montaj se\u00e7enekleri gibi \u00f6zelliklerin yan\u0131 s\u0131ra, silindirin uygulaman\u0131n tam ihtiya\u00e7lar\u0131n\u0131 kar\u015f\u0131lamas\u0131n\u0131 sa\u011flayacak de\u011fi\u015fiklikleri de i\u00e7erebilir.<\/p>\n<p>Sonu\u00e7 olarak, ayarlanabilir mafsal tipi silindirler, \u00e7e\u015fitli end\u00fcstriyel uygulamalar i\u00e7in ideal bir se\u00e7im olmalar\u0131n\u0131 sa\u011flayan geni\u015f bir yelpazede avantaj sunmaktad\u0131r. \u00c7ok y\u00f6nl\u00fcl\u00fcklerinden ve hassasiyetlerinden dayan\u0131kl\u0131l\u0131klar\u0131na, verimliliklerine ve \u00f6zelle\u015ftirme se\u00e7eneklerine kadar, bu silindirler \u00fcst\u00fcn performans ve g\u00fcvenilirlik sa\u011flayarak sekt\u00f6rde tercih edilen bir se\u00e7enek haline gelmektedir.<\/p>\n<h3>FMP Hakk\u0131nda<\/h3>\n<p>FMP, Hidrolik Silindir \u00fcretimi ve sat\u0131\u015f\u0131 konusunda uzmanla\u015fm\u0131\u015f bir \u015firkettir. Uzun y\u0131llara dayanan sekt\u00f6r deneyimimiz ve profesyonel ekibimizle, m\u00fc\u015fterilerimize in\u015faat makineleri i\u00e7in y\u00fcksek kaliteli ve g\u00fcvenilir hidrolik silindirler sunuyoruz.<\/p>\n<p><img decoding=\"async\" src=\"https:\/\/fmp-components.com\/wp-content\/uploads\/2024\/12\/Adjustable-Clevis-Type-Cylinders-6.webp\" alt=\"Ayarlanabilir \u00c7atal Tipi Silindir\" width=\"816\" title=\"\"><\/p>\n<p>Hidrolik silindirlerimizi se\u00e7meniz i\u00e7in be\u015f neden:<\/p>\n<ol>\n<li>Geni\u015f Se\u00e7enek Yelpazesi: Ayarlanabilir \u00e7atal tipi silindirler, ba\u011flant\u0131 \u00e7ubu\u011fu silindirleri, kaynakl\u0131 silindirler, teleskopik silindirler ve kompakt silindirler dahil olmak \u00fczere kapsaml\u0131 bir hidrolik silindir yelpazesi sunuyoruz. \u0130n\u015faat makinelerinizin ihtiya\u00e7lar\u0131 ne olursa olsun, sizin i\u00e7in m\u00fckemmel silindiri bizde bulabilirsiniz.<\/li>\n<li>\u00dcst\u00fcn Kalite: T\u00fcm hidrolik silindirlerimiz y\u00fcksek kaliteli malzemeler kullan\u0131larak \u00fcretilir ve titiz kalite kontrollerinden ge\u00e7er. Her silindirin s\u0131k\u0131 end\u00fcstri standartlar\u0131n\u0131 kar\u015f\u0131lad\u0131\u011f\u0131ndan emin olarak, size g\u00fcvenilir ve dayan\u0131kl\u0131 bir performans sunar\u0131z.<\/li>\n<li>\u00d6zelle\u015ftirme: Her in\u015faat projesinin kendine \u00f6zg\u00fc gereksinimleri oldu\u011funun fark\u0131nday\u0131z. Bu nedenle hidrolik silindirlerimiz i\u00e7in \u00f6zelle\u015ftirme se\u00e7enekleri sunuyoruz. Boyut, montaj stili veya bas\u0131n\u00e7 derecesi fark etmeksizin, silindiri \u00f6zel ihtiya\u00e7lar\u0131n\u0131za g\u00f6re uyarlayabiliriz.<\/li>\n<li>Uzman Rehberli\u011fi: Bilgili sat\u0131\u015f ekibimiz, in\u015faat makineleri sekt\u00f6r\u00fcnde deneyimlidir. Profesyonel \u00fcr\u00fcn dan\u0131\u015fmanl\u0131\u011f\u0131 sa\u011flayarak ekipman\u0131n\u0131z i\u00e7in do\u011fru hidrolik silindiri se\u00e7menize yard\u0131mc\u0131 olabilirler. M\u00fc\u015fterilerimiz i\u00e7in en iyi \u00e7\u00f6z\u00fcmleri bulmaya kararl\u0131y\u0131z.<\/li>\n<li>Verimli Da\u011f\u0131t\u0131m: Hidrolik silindirlerinizi zaman\u0131nda ve do\u011fru bir \u015fekilde teslim alman\u0131z\u0131 sa\u011flamak i\u00e7in verimli bir lojistik da\u011f\u0131t\u0131m sistemimiz mevcuttur. Makinelerinizin ar\u0131za s\u00fcresini en aza indirerek, ihtiya\u00e7 duydu\u011funuz par\u00e7alar\u0131 ihtiya\u00e7 duydu\u011funuz anda teslim edece\u011fimizden emin olabilirsiniz.<\/li>\n<\/ol>\n<p>Hidrolik silindir ihtiya\u00e7lar\u0131n\u0131z i\u00e7in FMP'yi se\u00e7in ve fark\u0131 deneyimleyin. \u0130n\u015faat makineleri ihtiya\u00e7lar\u0131n\u0131z\u0131 nas\u0131l kar\u015f\u0131layabilece\u011fimizi g\u00f6r\u00fc\u015fmek i\u00e7in bug\u00fcn bizimle ileti\u015fime ge\u00e7in.<\/p>\n<h2>SSS<\/h2>\n<h3>S: Siz bir ticaret \u015firketi misiniz yoksa \u00fcretici misiniz?<\/h3>\n<p>A: Biz bir fabrikay\u0131z ve \u00fcr\u00fcnlerimizi kendimiz \u00fcretiyoruz.<\/p>\n<h3>S: Teslimat s\u00fcreniz ne kadard\u0131r?<\/h3>\n<p>A: Genellikle teslimat s\u00fcremiz 25-35 g\u00fcnd\u00fcr.<\/p>\n<h3>S: Numunelere g\u00f6re \u00fcretim yapabilir misiniz?<\/h3>\n<p>C: Evet, numuneleriniz veya teknik \u00e7izimleriniz do\u011frultusunda \u00fcretim yapabiliriz. Kal\u0131p ve aparatlar\u0131 biz \u00fcretebiliriz.<\/p>\n<p><img decoding=\"async\" src=\"https:\/\/hzpt.com\/wp-content\/uploads\/2023\/11\/Snow-Plow-Hydraulic-Cylinder-4Factory.webp\" alt=\"Ever-Power \u015eanz\u0131man Fabrikas\u0131\" title=\"\"><\/p>\n<p>Yazar: CX<\/p>","protected":false},"excerpt":{"rendered":"<p>Superior Quality Small Welded Hydraulic Oil Cylinder Introducing the Superior Quality Small Welded Hydraulic Oil Cylinder: The Superior Quality Small Welded Hydraulic Oil Cylinder is a highly reliable and efficient product designed for various industrial applications. With its advanced technology and top-notch craftsmanship, this hydraulic cylinder is built to deliver exceptional performance and longevity. This [&hellip;]<\/p>","protected":false},"featured_media":1477,"comment_status":"closed","ping_status":"closed","template":"","meta":{"_et_pb_use_builder":"","_et_pb_old_content":"","_et_gb_content_width":""},"product_brand":[],"product_cat":[42],"product_tag":[34,44],"class_list":{"0":"post-1476","1":"product","2":"type-product","3":"status-publish","4":"has-post-thumbnail","6":"product_cat-snow-plow-hydraulic-cylinder","7":"product_tag-hydraulic-cylinder","8":"product_tag-snow-plow-hydraulic-cylinder","10":"first","11":"instock","12":"product-type-simple"},"_links":{"self":[{"href":"https:\/\/fmp-components.com\/tr\/wp-json\/wp\/v2\/product\/1476","targetHints":{"allow":["GET"]}}],"collection":[{"href":"https:\/\/fmp-components.com\/tr\/wp-json\/wp\/v2\/product"}],"about":[{"href":"https:\/\/fmp-components.com\/tr\/wp-json\/wp\/v2\/types\/product"}],"replies":[{"embeddable":true,"href":"https:\/\/fmp-components.com\/tr\/wp-json\/wp\/v2\/comments?post=1476"}],"wp:featuredmedia":[{"embeddable":true,"href":"https:\/\/fmp-components.com\/tr\/wp-json\/wp\/v2\/media\/1477"}],"wp:attachment":[{"href":"https:\/\/fmp-components.com\/tr\/wp-json\/wp\/v2\/media?parent=1476"}],"wp:term":[{"taxonomy":"product_brand","embeddable":true,"href":"https:\/\/fmp-components.com\/tr\/wp-json\/wp\/v2\/product_brand?post=1476"},{"taxonomy":"product_cat","embeddable":true,"href":"https:\/\/fmp-components.com\/tr\/wp-json\/wp\/v2\/product_cat?post=1476"},{"taxonomy":"product_tag","embeddable":true,"href":"https:\/\/fmp-components.com\/tr\/wp-json\/wp\/v2\/product_tag?post=1476"}],"curies":[{"name":"wp","href":"https:\/\/api.w.org\/{rel}","templated":true}]}}