{"id":1474,"date":"2024-12-23T05:49:26","date_gmt":"2024-12-23T05:49:26","guid":{"rendered":"https:\/\/fmp-components.com\/product\/new-model-double-acting-small-hydraulic-piston-cylinder\/"},"modified":"2024-12-23T06:33:50","modified_gmt":"2024-12-23T06:33:50","slug":"new-model-double-acting-small-hydraulic-piston-cylinder","status":"publish","type":"product","link":"https:\/\/fmp-components.com\/tr\/product\/new-model-double-acting-small-hydraulic-piston-cylinder\/","title":{"rendered":"Yeni Model \u00c7ift Etkili K\u00fc\u00e7\u00fck Hidrolik Piston Silindiri"},"content":{"rendered":"<h2>Yeni Model \u00c7ift Etkili K\u00fc\u00e7\u00fck Hidrolik Piston Silindiri<\/h2>\n<p>Yeni Model \u00c7ift Etkili K\u00fc\u00e7\u00fck Hidrolik Piston Silindiri Tan\u0131t\u0131l\u0131yor:<\/p>\n<p>Yeni Model \u00c7ift Etkili K\u00fc\u00e7\u00fck Hidrolik Piston Silindiri, verimli ve g\u00fcvenilir hidrolik g\u00fc\u00e7 sa\u011flamak \u00fczere tasarlanm\u0131\u015f devrim niteli\u011finde bir \u00fcr\u00fcnd\u00fcr. Kompakt boyutu ve ola\u011fan\u00fcst\u00fc performans\u0131yla bu silindir, \u00e7ok \u00e7e\u015fitli end\u00fcstriyel uygulamalar i\u00e7in m\u00fckemmeldir.<\/p>\n<p>\u00c7ift etkili bir tasar\u0131ma sahip olan bu hidrolik piston silindiri, hem uzay\u0131p hem de geri \u00e7ekilebilme \u00f6zelli\u011fine sahiptir ve \u00e7e\u015fitli i\u015flemlerde hassas kontrol ve esneklik sa\u011flar. K\u00fc\u00e7\u00fck boyutu, daha b\u00fcy\u00fck silindirlerin uygun olmayabilece\u011fi dar alanlarda kullan\u0131m i\u00e7in idealdir.<\/p>\n<p>En y\u00fcksek kaliteli malzemelerden \u00fcretilen bu piston silindiri, a\u011f\u0131r hizmet ko\u015fullar\u0131na dayanacak ve tutarl\u0131 performans sunacak \u015fekilde \u00fcretilmi\u015ftir. Sa\u011flam yap\u0131s\u0131, uzun \u00f6m\u00fcrl\u00fc dayan\u0131kl\u0131l\u0131k sa\u011flayarak bak\u0131m ve ar\u0131za s\u00fcresini en aza indirir.<\/p>\n<p>Geli\u015fmi\u015f hidrolik teknolojisiyle donat\u0131lan bu silindir, h\u0131z ve kuvvet \u00fczerinde hassas kontrol sa\u011flayarak sorunsuz ve g\u00fcvenilir bir \u00e7al\u0131\u015fma sunar. Bu sayede her t\u00fcrl\u00fc uygulamada optimum performans ve artan verimlilik sa\u011flan\u0131r.<\/p>\n<p>Yeni Model \u00c7ift Etkili K\u00fc\u00e7\u00fck Hidrolik Piston Silindiri, kurulumu kolayd\u0131r ve \u00e7o\u011fu hidrolik sistemle uyumludur. \u00c7ok y\u00f6nl\u00fc tasar\u0131m\u0131, mevcut kurulumlara sorunsuz entegrasyon sa\u011flayarak hidrolik kapasiteleri y\u00fckseltmek veya geni\u015fletmek i\u00e7in uygun maliyetli bir \u00e7\u00f6z\u00fcm sunar.<\/p>\n<p>\u0130ster makinelere g\u00fc\u00e7 vermeniz, ister a\u011f\u0131r y\u00fckleri kontrol etmeniz veya hassas hareketler ger\u00e7ekle\u015ftirmeniz gereksin, Yeni Model \u00c7ift Etkili K\u00fc\u00e7\u00fck Hidrolik Piston Silindiri en iyi se\u00e7imdir. Hidrolik g\u00fc\u00e7 ihtiya\u00e7lar\u0131n\u0131z\u0131 kolayca kar\u015f\u0131lamak i\u00e7in ola\u011fan\u00fcst\u00fc performans\u0131na ve dayan\u0131kl\u0131l\u0131\u011f\u0131na g\u00fcvenin.<\/p>\n<p>Yeni Model \u00c7ift Etkili K\u00fc\u00e7\u00fck Hidrolik Piston Silindirini se\u00e7in ve hidrolik teknolojisinin g\u00fcc\u00fcn\u00fc en iyi \u015fekilde deneyimleyin. Ekipmanlar\u0131n\u0131z\u0131 geli\u015ftirin ve bu yenilik\u00e7i \u00fcr\u00fcnle yeni olanaklar\u0131n kilidini a\u00e7\u0131n. Modern makine m\u00fchendisli\u011finin bir harikas\u0131 olan yeni model \u00e7ift etkili k\u00fc\u00e7\u00fck hidrolik piston silindirini sunuyoruz. Bu \u00fcr\u00fcn, optimum performans ve dayan\u0131kl\u0131l\u0131k sa\u011flamak i\u00e7in yenilik\u00e7i teknoloji ve \u00fcst\u00fcn malzemelerle \u00fcretilmi\u015ftir. Makine tamir at\u00f6lyeleri, \u00e7iftlikler, enerji ve madencilik end\u00fcstrileri ve makine \u00fcretim fabrikalar\u0131 i\u00e7in m\u00fckemmel olan bu hidrolik piston silindiri, a\u011f\u0131r i\u015fleriniz i\u00e7in olmazsa olmazd\u0131r.<\/p>\n<p><img decoding=\"async\" title=\"Kar K\u00fcreme Hidrolik Silindiri\" src=\"https:\/\/hzpt.com\/wp-content\/uploads\/2023\/11\/Snow-Plow-Hydraulic-Cylinder-2.webp\" alt=\"Kar K\u00fcreme Hidrolik Silindiri\" \/><\/p>\n<h2>\u00d6ne \u00c7\u0131kan \u00d6zellikler<\/h2>\n<p>Hidrolik piston silindiri, m\u00fc\u015fterilerimize g\u00f6n\u00fcl rahatl\u0131\u011f\u0131 sa\u011flayan bir y\u0131ll\u0131k garantiyle birlikte gelir. Standart bir yap\u0131ya sahiptir ve hidrolik enerjiyle \u00e7al\u0131\u015f\u0131r. G\u00f6vde malzemesi, zorlu ko\u015fullara dayan\u0131kl\u0131 sa\u011flam \u00e7eliktir. 3000 tonluk maksimum itme g\u00fcc\u00fc ve 20 tonluk maksimum \u00e7ekme g\u00fcc\u00fcyle bu makine ger\u00e7ekten g\u00fc\u00e7l\u00fcd\u00fcr. G\/SAE\/NPT\/M ba\u011flant\u0131 noktalar\u0131na sahip bir Kar K\u00fcreme Hidrolik Silindiri t\u00fcr\u00fcd\u00fcr. Kalitesini ve g\u00fcvenilirli\u011fini garantileyen ISO9001:2000 sertifikas\u0131na sahiptir.<\/p>\n<p><img decoding=\"async\" title=\"Kar K\u00fcreme Hidrolik Silindiri\" src=\"https:\/\/hzpt.com\/wp-content\/uploads\/2023\/11\/Snow-Plow-Hydraulic-Cylinder-3.webp\" alt=\"Kar K\u00fcreme Hidrolik Silindiri\" \/><\/p>\n<h3>Ek \u00d6zellikler<\/h3>\n<ul>\n<li>Delik Boyutu: 2-6 in\u00e7<\/li>\n<li>\u00c7ubuk Boyutu: 1,125-4 in\u00e7<\/li>\n<li>Vuru\u015f Boyutu: 4-100 in\u00e7<\/li>\n<li>Pin Boyutu: 0,5-2 in\u00e7<\/li>\n<li>Renk: Siyah<\/li>\n<\/ul>\n<p><img decoding=\"async\" src=\"https:\/\/hzpt.com\/wp-content\/uploads\/2023\/11\/Snow-Plow-Hydraulic-Cylinder-4Factory.webp\" alt=\"Fabrika G\u00f6r\u00fcnt\u00fcs\u00fc\" title=\"\"><\/p>\n<h2>Ayarlanabilir \u00c7atal Tipi Silindirlerin Avantajlar\u0131<\/h2>\n<p>Ayarlanabilir \u00e7atal tipi silindirler, bir\u00e7ok end\u00fcstriyel ve in\u015faat uygulamas\u0131 i\u00e7in pop\u00fcler bir se\u00e7imdir. Bu silindirler, di\u011fer silindir tiplerine g\u00f6re bir\u00e7ok avantaj sa\u011flar. Bu makalede, ayarlanabilir \u00e7atal tipi silindirlerin dayan\u0131kl\u0131l\u0131k, \u00e7ok y\u00f6nl\u00fcl\u00fck ve verimlilik gibi baz\u0131 avantajlar\u0131n\u0131 ele alaca\u011f\u0131z.<\/p>\n<h3>Dayan\u0131kl\u0131l\u0131k<\/h3>\n<p>Ayarlanabilir \u00e7atal tipi silindirlerin temel avantajlar\u0131ndan biri dayan\u0131kl\u0131l\u0131klar\u0131d\u0131r. Bu silindirler, a\u011f\u0131r y\u00fcklere ve zorlu \u00e7al\u0131\u015fma ko\u015fullar\u0131na dayanacak \u015fekilde tasarlanm\u0131\u015ft\u0131r. \u00c7elik ve al\u00fcminyum ala\u015f\u0131mlar\u0131 gibi y\u00fcksek kaliteli malzemelerin kullan\u0131m\u0131, bu silindirlerin g\u00fcnl\u00fck kullan\u0131m\u0131n a\u015f\u0131nma ve y\u0131pranmas\u0131na dayanmas\u0131n\u0131 sa\u011flar.<\/p>\n<p>Ayr\u0131ca, ayarlanabilir \u00e7atal tipi silindirler, zorlu ortamlara maruz kalman\u0131n yol a\u00e7abilece\u011fi korozyona ve di\u011fer hasar t\u00fcrlerine kar\u015f\u0131 dayan\u0131kl\u0131 olacak \u015fekilde tasarlanm\u0131\u015ft\u0131r. Bu, silindirlerin nem, tuz ve di\u011fer a\u015f\u0131nd\u0131r\u0131c\u0131 maddelere maruz kalabilece\u011fi d\u0131\u015f mekan uygulamalar\u0131 i\u00e7in ideal bir se\u00e7imdir.<\/p>\n<h3>\u00c7ok y\u00f6nl\u00fcl\u00fck<\/h3>\n<p>Ayarlanabilir \u00e7atal tipi silindirlerin bir di\u011fer avantaj\u0131 da \u00e7ok y\u00f6nl\u00fcl\u00fckleridir. Bu silindirler, tar\u0131m, in\u015faat, madencilik ve imalat dahil olmak \u00fczere \u00e7ok \u00e7e\u015fitli uygulamalarda kullan\u0131labilir. Farkl\u0131 makine ve ekipman t\u00fcrlerine uyarlanabilmeleri, onlar\u0131 son derece \u00e7ok y\u00f6nl\u00fc bir se\u00e7enek haline getirir.<\/p>\n<p>Bu silindirlerin ayarlanabilir \u00e7atal tasar\u0131m\u0131, kolay kurulum ve ayarlama olana\u011f\u0131 sunarak bir\u00e7ok uygulama i\u00e7in kullan\u0131\u015fl\u0131 bir se\u00e7enek haline getirir. Ayr\u0131ca, silindirin uzunlu\u011funun ayarlanabilmesi, ekipman\u0131n tasar\u0131m\u0131nda ve \u00e7al\u0131\u015fmas\u0131nda daha fazla esneklik sa\u011flar.<\/p>\n<h3>Yeterlik<\/h3>\n<p>Ayarlanabilir \u00e7atal tipi silindirler de olduk\u00e7a verimlidir. Yeni Model \u00c7ift Etkili K\u00fc\u00e7\u00fck Hidrolik Piston Silindiri gibi geli\u015fmi\u015f hidrolik sistemlerin kullan\u0131m\u0131, bu silindirlerin maksimum verimlilikle \u00e7al\u0131\u015fmas\u0131n\u0131 sa\u011flar.<\/p>\n<p>Bu silindirlerin \u00e7ift etkili tasar\u0131m\u0131, ekipman\u0131n hareketi \u00fczerinde daha fazla kontrol sa\u011flayarak daha ak\u0131c\u0131 ve hassas bir \u00e7al\u0131\u015fma sa\u011flar. Ayr\u0131ca, bu silindirlerin ayarlanabilir \u00e7atal tasar\u0131m\u0131, ekipman\u0131n h\u0131z\u0131 \u00fczerinde daha fazla kontrol sa\u011flayarak daha y\u00fcksek verimlilik ve \u00fcretkenlik sa\u011flar.<\/p>\n<p>Sonu\u00e7 olarak, ayarlanabilir \u00e7atal tipi silindirler di\u011fer silindir tiplerine g\u00f6re bir\u00e7ok avantaj sunar. Dayan\u0131kl\u0131l\u0131klar\u0131, \u00e7ok y\u00f6nl\u00fcl\u00fckleri ve verimlilikleri, onlar\u0131 bir\u00e7ok end\u00fcstriyel ve in\u015faat uygulamas\u0131 i\u00e7in ideal bir se\u00e7im haline getirir. Geli\u015fmi\u015f hidrolik sistemleri ve yenilik\u00e7i tasar\u0131mlar\u0131yla, bu silindirlerin \u00f6n\u00fcm\u00fczdeki y\u0131llarda da makine ve ekipmanlar\u0131n \u00e7al\u0131\u015fmas\u0131nda hayati bir rol oynamaya devam edece\u011fi kesindir.<\/p>\n<h3>FMP Hakk\u0131nda<\/h3>\n<p>FMP, Hidrolik Silindir \u00fcretimi ve sat\u0131\u015f\u0131nda uzmanla\u015fm\u0131\u015f lider bir firmad\u0131r. Merkezi \u0130talya'da bulunan firmam\u0131z, kapsaml\u0131 sekt\u00f6r deneyimimiz ve profesyonel ekibimizle m\u00fc\u015fterilerimize geni\u015f bir yelpazede y\u00fcksek kaliteli ve g\u00fcvenilir hidrolik silindir \u00e7\u00f6z\u00fcmleri sunmaktad\u0131r.<\/p>\n<p><strong>1. \u00c7e\u015fitli \u00dcr\u00fcn Yelpazesi:<\/strong> \u00dcr\u00fcn yelpazemizde farkl\u0131 uygulamalar i\u00e7in tasarlanm\u0131\u015f \u00e7e\u015fitli hidrolik silindirler yer almakta olup, m\u00fc\u015fterilerimizin \u00f6zel ihtiya\u00e7lar\u0131n\u0131 kar\u015f\u0131layabilmemizi garanti alt\u0131na al\u0131yoruz.<\/p>\n<p><strong>2. \u00dcst\u00fcn Kalite:<\/strong> FMP olarak kaliteye \u00f6ncelik veriyor ve t\u00fcm hidrolik silindirlerimizin s\u0131k\u0131 kalite standartlar\u0131n\u0131 kar\u015f\u0131lamas\u0131n\u0131 sa\u011fl\u0131yoruz. \u00dcr\u00fcnlerimizin m\u00fckemmelli\u011fini garanti alt\u0131na almak i\u00e7in hem yurt i\u00e7i hem de yurt d\u0131\u015f\u0131ndaki y\u00fcksek kaliteli tedarik\u00e7ilerle uzun vadeli ve istikrarl\u0131 ili\u015fkiler kurduk.<\/p>\n<p><strong>3. Uzman Sat\u0131\u015f Ekibi:<\/strong> Deneyimli ve yetenekli sat\u0131\u015f ekibimiz, in\u015faat makineleri sekt\u00f6r\u00fcnde derinlemesine bilgi sahibidir. En son trendleri takip ederek ve m\u00fc\u015fteri ihtiya\u00e7lar\u0131n\u0131 anlayarak, profesyonel \u00fcr\u00fcn dan\u0131\u015fmanl\u0131\u011f\u0131 ve ak\u0131ll\u0131 sat\u0131n alma \u00f6nerileri sunarlar.<\/p>\n<p><strong>4. Verimli Lojistik Da\u011f\u0131t\u0131m:<\/strong> M\u00fc\u015fterilerimize gerekli hidrolik silindirlerin zaman\u0131nda ve do\u011fru bir \u015fekilde teslim edilmesini sa\u011flamak, duru\u015f s\u00fcrelerini azaltmak ve verimlili\u011fi art\u0131rmak i\u00e7in etkin bir lojistik da\u011f\u0131t\u0131m sistemi uygulad\u0131k.<\/p>\n<p><strong>5. M\u00fc\u015fteri Memnuniyetine Ba\u011fl\u0131l\u0131k:<\/strong> FMP olarak m\u00fc\u015fteri memnuniyetine \u00f6ncelik veriyoruz. Ola\u011fan\u00fcst\u00fc \u00fcr\u00fcnler sunarak ve m\u00fckemmel sat\u0131\u015f sonras\u0131 destek sa\u011flayarak m\u00fc\u015fterilerimizle uzun vadeli ili\u015fkiler kurmay\u0131 hedefliyoruz.<\/p>\n<p><img decoding=\"async\" src=\"https:\/\/fmp-components.com\/wp-content\/uploads\/2024\/12\/Adjustable-Clevis-Type-Cylinders-6.webp\" alt=\"Ayarlanabilir \u00c7atal Tipi Silindir\" width=\"815\" title=\"\"><\/p>\n<h2>SSS<\/h2>\n<ol>\n<li style=\"list-style-type: none;\">\n<ol>\n<li>S: Siz bir ticaret \u015firketi misiniz yoksa \u00fcretici misiniz? C: Biz bir fabrikay\u0131z.<\/li>\n<li>S: Teslimat s\u00fcreniz ne kadard\u0131r? C: Genellikle 25-35 g\u00fcnd\u00fcr.<\/li>\n<li>S: Numune sa\u011fl\u0131yor musunuz? \u00dccretsiz mi yoksa ekstra m\u0131? C: Evet, numune sa\u011flayabiliriz ancak \u00fccretsiz de\u011fil.<\/li>\n<\/ol>\n<\/li>\n<\/ol>\n<p>Yazar: CX<\/p>","protected":false},"excerpt":{"rendered":"<p>New Model Double Acting Small Hydraulic Piston Cylinder Introducing the New Model Double Acting Small Hydraulic Piston Cylinder: The New Model Double Acting Small Hydraulic Piston Cylinder is a revolutionary product designed to provide efficient and reliable hydraulic power. With its compact size and exceptional performance, this cylinder is perfect for a wide range of [&hellip;]<\/p>","protected":false},"featured_media":1475,"comment_status":"closed","ping_status":"closed","template":"","meta":{"_et_pb_use_builder":"","_et_pb_old_content":"","_et_gb_content_width":""},"product_brand":[],"product_cat":[42],"product_tag":[34,44],"class_list":{"0":"post-1474","1":"product","2":"type-product","3":"status-publish","4":"has-post-thumbnail","6":"product_cat-snow-plow-hydraulic-cylinder","7":"product_tag-hydraulic-cylinder","8":"product_tag-snow-plow-hydraulic-cylinder","10":"first","11":"instock","12":"product-type-simple"},"_links":{"self":[{"href":"https:\/\/fmp-components.com\/tr\/wp-json\/wp\/v2\/product\/1474","targetHints":{"allow":["GET"]}}],"collection":[{"href":"https:\/\/fmp-components.com\/tr\/wp-json\/wp\/v2\/product"}],"about":[{"href":"https:\/\/fmp-components.com\/tr\/wp-json\/wp\/v2\/types\/product"}],"replies":[{"embeddable":true,"href":"https:\/\/fmp-components.com\/tr\/wp-json\/wp\/v2\/comments?post=1474"}],"wp:featuredmedia":[{"embeddable":true,"href":"https:\/\/fmp-components.com\/tr\/wp-json\/wp\/v2\/media\/1475"}],"wp:attachment":[{"href":"https:\/\/fmp-components.com\/tr\/wp-json\/wp\/v2\/media?parent=1474"}],"wp:term":[{"taxonomy":"product_brand","embeddable":true,"href":"https:\/\/fmp-components.com\/tr\/wp-json\/wp\/v2\/product_brand?post=1474"},{"taxonomy":"product_cat","embeddable":true,"href":"https:\/\/fmp-components.com\/tr\/wp-json\/wp\/v2\/product_cat?post=1474"},{"taxonomy":"product_tag","embeddable":true,"href":"https:\/\/fmp-components.com\/tr\/wp-json\/wp\/v2\/product_tag?post=1474"}],"curies":[{"name":"wp","href":"https:\/\/api.w.org\/{rel}","templated":true}]}}