{"id":1466,"date":"2024-12-23T05:49:26","date_gmt":"2024-12-23T05:49:26","guid":{"rendered":"https:\/\/fmp-components.com\/product\/customized-mini-two-way-hydraulic-piston-cylinder-for-snow-plow\/"},"modified":"2024-12-23T06:31:54","modified_gmt":"2024-12-23T06:31:54","slug":"customized-mini-two-way-hydraulic-piston-cylinder-for-snow-plow","status":"publish","type":"product","link":"https:\/\/fmp-components.com\/tr\/product\/customized-mini-two-way-hydraulic-piston-cylinder-for-snow-plow\/","title":{"rendered":"Kar K\u00fcreme Makinas\u0131 \u0130\u00e7in \u00d6zelle\u015ftirilmi\u015f Mini \u0130ki Y\u00f6nl\u00fc Hidrolik Piston Silindiri"},"content":{"rendered":"<h2>Kar K\u00fcreme Makinas\u0131 \u0130\u00e7in \u00d6zelle\u015ftirilmi\u015f Mini \u0130ki Y\u00f6nl\u00fc Hidrolik Piston Silindiri<\/h2>\n<p>Kar k\u00fcreme makineleri i\u00e7in \u00f6zel olarak tasarlanm\u0131\u015f mini iki y\u00f6nl\u00fc hidrolik piston silindiri, verimli kar k\u00fcreme i\u015flemleri i\u00e7in \u00fcst\u00fcn bir \u00fcr\u00fcnd\u00fcr. Bu y\u00fcksek kaliteli hidrolik piston silindiri, ola\u011fan\u00fcst\u00fc performans ve g\u00fcvenilirlik sunarak kar k\u00fcreme uygulamalar\u0131 i\u00e7in ideal bir se\u00e7imdir.<\/p>\n<p>Kompakt boyutu ve \u00f6zelle\u015ftirilebilir \u00f6zellikleriyle bu hidrolik piston silindiri, kar k\u00fcreme sistemlerinin benzersiz gereksinimlerini kar\u015f\u0131lamak \u00fczere \u00f6zel olarak tasarlanm\u0131\u015ft\u0131r. Zorlu kar k\u00fcreme ko\u015fullar\u0131nda sorunsuz ve etkili \u00e7al\u0131\u015fma sa\u011flamak i\u00e7in g\u00fc\u00e7l\u00fc ve duyarl\u0131 hidrolik performans sunacak \u015fekilde hassas bir \u015fekilde tasarlanm\u0131\u015ft\u0131r.<\/p>\n<p>Bu piston silindirinin \u00e7ift y\u00f6nl\u00fc i\u015flevselli\u011fi, her iki y\u00f6nde de sorunsuz hareket sa\u011flayarak kar k\u00fcreme b\u0131\u00e7a\u011f\u0131n\u0131n verimli bir \u015fekilde kontrol edilmesine olanak tan\u0131r. \u0130ster kar\u0131 ileri do\u011fru itmeniz, ister hassas manevra i\u00e7in b\u0131\u00e7a\u011f\u0131n a\u00e7\u0131s\u0131n\u0131 ayarlaman\u0131z gereksin, bu hidrolik silindir ola\u011fan\u00fcst\u00fc kontrol ve g\u00fc\u00e7 sunar.<\/p>\n<p>Zorlu k\u0131\u015f ko\u015fullar\u0131na dayanacak \u015fekilde tasarlanan, kar k\u00fcreme makineleri i\u00e7in \u00f6zel olarak \u00fcretilmi\u015f mini iki y\u00f6nl\u00fc hidrolik piston silindiri, uzun \u00f6m\u00fcrl\u00fc performans sa\u011flayan dayan\u0131kl\u0131 malzemelerden yap\u0131lm\u0131\u015ft\u0131r. Sa\u011flam tasar\u0131m\u0131, g\u00fcvenilirlik ve dayan\u0131kl\u0131l\u0131k sa\u011flayarak, kar k\u00fcreme i\u015flemleri s\u0131ras\u0131nda ar\u0131za s\u00fcrelerini en aza indirir ve verimlili\u011fi en \u00fcst d\u00fczeye \u00e7\u0131kar\u0131r.<\/p>\n<p>Ola\u011fan\u00fcst\u00fc i\u015flevselli\u011finin yan\u0131 s\u0131ra, bu hidrolik piston silindiri kolay \u00f6zelle\u015ftirme se\u00e7enekleri de sunmaktad\u0131r. Strok uzunlu\u011fu, montaj se\u00e7enekleri ve bas\u0131n\u00e7 de\u011ferleri de dahil olmak \u00fczere, kar k\u00fcreme makinelerinin \u00f6zel gereksinimlerine uyacak \u015fekilde uyarlanabilir. Bu, \u00e7e\u015fitli kar k\u00fcreme sistemlerine sorunsuz entegrasyon sa\u011flayarak genel verimlili\u011fi ve performans\u0131 art\u0131r\u0131r.<\/p>\n<p>Sonu\u00e7 olarak, kar k\u00fcreme ara\u00e7lar\u0131 i\u00e7in \u00f6zel olarak tasarlanm\u0131\u015f mini iki y\u00f6nl\u00fc hidrolik piston silindiri, ola\u011fan\u00fcst\u00fc i\u015flevsellik, dayan\u0131kl\u0131l\u0131k ve \u00f6zelle\u015ftirme se\u00e7enekleri sunan y\u00fcksek performansl\u0131 bir \u00fcr\u00fcnd\u00fcr. G\u00fcvenilir hidrolik performans\u0131 ve sa\u011flam yap\u0131s\u0131yla, zorlu k\u0131\u015f ko\u015fullar\u0131nda optimum kontrol ve verimlilik sa\u011flayarak kar k\u00fcreme uygulamalar\u0131 i\u00e7in m\u00fckemmel bir se\u00e7imdir.<\/p>\n<p>Makine d\u00fcnyas\u0131 geni\u015f ve \u00e7e\u015fitlidir ve bir\u00e7ok makinenin sorunsuz \u00e7al\u0131\u015fmas\u0131n\u0131 sa\u011flayan en \u00f6nemli bile\u015fenlerden biri de \u015fudur: <strong>\u00d6zelle\u015ftirilmi\u015f Mini \u0130ki Y\u00f6nl\u00fc Hidrolik Piston Silindiri<\/strong> Kar k\u00fcreme ara\u00e7lar\u0131 i\u00e7in \u00f6zel olarak tasarlanm\u0131\u015ft\u0131r.<\/p>\n<h2>\u00dcr\u00fcn \u00d6zellikleri<\/h2>\n<p>Mini \u0130ki Y\u00f6nl\u00fc Hidrolik Piston Silindiri s\u0131radan bir par\u00e7a de\u011fildir. Hassasiyet ve detaylara dikkat edilerek tasarlanm\u0131\u015f ve \u00fcretilmi\u015ftir. \u00dcr\u00fcn yenidir ve 1 y\u0131l garantilidir. Temel bile\u015fenleri aras\u0131nda, her ikisi de en y\u00fcksek kalitede olan bir Rulman ve bir Hidrolik Silindir bulunur.<\/p>\n<p>Silindir, standart bir tasar\u0131ma sahip olup etkileyici bir \u015fekilde 3000'lik maksimum itme g\u00fcc\u00fcne sahiptir. Sadece 5,9 kg a\u011f\u0131rl\u0131\u011f\u0131yla hafif ve kurulumu kolayd\u0131r. \u00dcr\u00fcn ayr\u0131ca ISO9001:2000 sertifikas\u0131na sahip olup, kalitesi ve g\u00fcvenilirli\u011fi garanti alt\u0131ndad\u0131r.<\/p>\n<p><img decoding=\"async\" title=\"Kar K\u00fcreme Hidrolik Silindiri\" src=\"https:\/\/hzpt.com\/wp-content\/uploads\/2023\/11\/Snow-Plow-Hydraulic-Cylinder-3.webp\" alt=\"Kar K\u00fcreme Hidrolik Silindiri\" \/><\/p>\n<h2>Uygulanabilir Sekt\u00f6rler ve Kullan\u0131m Alanlar\u0131<\/h2>\n<p>Bu hidrolik piston silindiri sadece bir sekt\u00f6rle s\u0131n\u0131rl\u0131 de\u011fildir. Makine tamir at\u00f6lyeleri, \u00e7iftlikler, enerji ve madencilik ile makine imalat\u0131 gibi \u00e7e\u015fitli sekt\u00f6rlerde kullan\u0131lmaktad\u0131r. \u00c7ok y\u00f6nl\u00fcl\u00fc\u011f\u00fc ve y\u00fcksek performans\u0131, onu \u00e7e\u015fitli uygulamalar i\u00e7in ideal bir se\u00e7im haline getirmektedir.<\/p>\n<h2>Bak\u0131m ve \u00d6zen<\/h2>\n<p>Di\u011fer t\u00fcm mekanik par\u00e7alar gibi, Mini \u0130ki Y\u00f6nl\u00fc Hidrolik Piston Silindiri de uzun \u00f6m\u00fcrl\u00fc olmas\u0131 i\u00e7in d\u00fczenli bak\u0131m gerektirir. Silindirin periyodik olarak a\u015f\u0131nma ve y\u0131pranma belirtileri a\u00e7\u0131s\u0131ndan kontrol edilmesi ve b\u00fcy\u00fck ar\u0131zalar\u0131 \u00f6nlemek i\u00e7in hasarl\u0131 par\u00e7alar\u0131n derhal de\u011fi\u015ftirilmesi \u00f6nerilir.<\/p>\n<h2>Ayarlanabilir \u00c7atal Tipi Silindirlerin Avantajlar\u0131<\/h2>\n<p>Kar k\u00fcreme makineleri i\u00e7in \u00f6zel olarak tasarlanm\u0131\u015f mini iki y\u00f6nl\u00fc hidrolik piston silindiri gibi ayarlanabilir mafsal tipi silindirler, \u00e7e\u015fitli uygulamalar i\u00e7in son derece uygun hale getiren bir dizi avantaj ve \u00f6zellik sunmaktad\u0131r. Bu blog yaz\u0131s\u0131nda, bu silindirlerin avantajlar\u0131n\u0131 ayr\u0131nt\u0131l\u0131 olarak inceleyece\u011fiz.<\/p>\n<h3>1. Geli\u015ftirilmi\u015f esneklik ve uyarlanabilirlik<\/h3>\n<p>Ayarlanabilir mafsal tipi silindirler, ayarlanabilir mafsal ba\u011flant\u0131lar\u0131 sayesinde geli\u015fmi\u015f esneklik ve uyarlanabilirlik sa\u011flar. Bu \u00f6zellik, silindirin montaj konumunun belirli gereksinimlere uyacak \u015fekilde kolayca \u00f6zelle\u015ftirilmesine ve ince ayarlanmas\u0131na olanak tan\u0131r. Mafsal\u0131 ayarlayarak, silindir hassas bir \u015fekilde hizalanabilir ve \u00e7e\u015fitli uygulamalarda optimum performans ve verimlilik sa\u011flanabilir.<\/p>\n<h3>2. Geli\u015ftirilmi\u015f y\u00fck ta\u015f\u0131ma kapasitesi<\/h3>\n<p>Bu silindirler, geli\u015fmi\u015f piston tasar\u0131m\u0131 ve hidrolik g\u00fcc\u00fc sayesinde m\u00fckemmel y\u00fck ta\u015f\u0131ma kapasitesi sunar. Pistonun hassas m\u00fchendisli\u011fi, d\u00fczg\u00fcn ve kontroll\u00fc hareket sa\u011flayarak a\u011f\u0131r y\u00fcklerin verimli bir \u015fekilde ta\u015f\u0131nmas\u0131n\u0131 garanti eder. Hidrolik g\u00fc\u00e7, silindirin dayan\u0131kl\u0131l\u0131\u011f\u0131n\u0131 daha da art\u0131rarak zorlu g\u00f6revleri kolayl\u0131kla yerine getirmesini sa\u011flar.<\/p>\n<h3>3. Ola\u011fan\u00fcst\u00fc dayan\u0131kl\u0131l\u0131k ve uzun \u00f6m\u00fcr<\/h3>\n<p>Y\u00fcksek kaliteli malzemeler ve hassas \u00fcretim teknikleriyle tasarlanan ayarlanabilir mafsal tipi silindirler, ola\u011fan\u00fcst\u00fc dayan\u0131kl\u0131l\u0131klar\u0131 ve uzun \u00f6m\u00fcrleriyle bilinir. Bu silindirler, a\u015f\u0131r\u0131 s\u0131cakl\u0131klar, y\u00fcksek titre\u015fimler ve a\u015f\u0131nd\u0131r\u0131c\u0131 ortamlar gibi zorlu \u00e7al\u0131\u015fma ko\u015fullar\u0131na dayanacak \u015fekilde \u00fcretilmi\u015ftir. Sa\u011flam yap\u0131lar\u0131, g\u00fcvenilir performans sa\u011flar ve s\u0131k bak\u0131m veya de\u011fi\u015ftirme ihtiyac\u0131n\u0131 en aza indirir.<\/p>\n<h3>4. Optimum kontrol ve hassasiyet<\/h3>\n<p>Ayarlanabilir mafsal tipi silindirlerin \u00f6nemli avantajlar\u0131ndan biri, optimum kontrol ve hassasiyet sa\u011flama yetenekleridir. \u0130nce i\u015f\u00e7ilikle \u00fcretilmi\u015f bile\u015fenleri ve hidrolik sistemleriyle bu silindirler, y\u00fcklerin hareket ve konumland\u0131r\u0131lmas\u0131 \u00fczerinde hassas kontrol sa\u011flar. Bu kontrol seviyesi, do\u011fru ve verimli \u00e7al\u0131\u015fma olana\u011f\u0131 sunarak, kar k\u00fcreme ara\u00e7lar\u0131 gibi hassas hareketler gerektiren uygulamalar i\u00e7in ideal hale getirir.<\/p>\n<h3>5. Artan verimlilik ve etkinlik<\/h3>\n<p>Ekipman veya makinelerinize ayarlanabilir mafsal tipi silindirler entegre ederek, \u00fcretkenli\u011fi ve verimlili\u011fi \u00f6nemli \u00f6l\u00e7\u00fcde art\u0131rabilirsiniz. Bu silindirler, sorunsuz ve verimli \u00e7al\u0131\u015fma sa\u011flayarak ar\u0131za s\u00fcrelerini azalt\u0131r ve genel verimlili\u011fi art\u0131r\u0131r. A\u011f\u0131r y\u00fckleri ta\u015f\u0131ma ve hassas kontrol sa\u011flama yetenekleriyle, g\u00f6revlerin daha h\u0131zl\u0131 tamamlanmas\u0131na ve operasyonel verimlili\u011fin artmas\u0131na katk\u0131da bulunurlar.<\/p>\n<h3>6. \u00c7ok y\u00f6nl\u00fc uygulamalar<\/h3>\n<p>Ayarlanabilir mafsal tipi silindirler, \u00e7e\u015fitli end\u00fcstri ve sekt\u00f6rlerde uygulama alan\u0131 bulmaktad\u0131r. \u00c7ok y\u00f6nl\u00fcl\u00fckleri sayesinde kar k\u00fcreme makineleri, tar\u0131m ekipmanlar\u0131, in\u015faat makineleri, malzeme ta\u015f\u0131ma sistemleri ve daha bir\u00e7ok alanda kullan\u0131ma uygundurlar. Uygulama alan\u0131 ne olursa olsun, bu silindirler ola\u011fan\u00fcst\u00fc performans ve g\u00fcvenilirlik sunar.<\/p>\n<h3>\u00c7\u00f6z\u00fcm<\/h3>\n<p>Sonu\u00e7 olarak, kar k\u00fcreme makineleri i\u00e7in \u00f6zel olarak tasarlanm\u0131\u015f mini iki y\u00f6nl\u00fc hidrolik piston silindiri gibi ayarlanabilir mafsal tipi silindirlerin avantajlar\u0131 \u00e7oktur. Geli\u015fmi\u015f esneklik, iyile\u015ftirilmi\u015f y\u00fck ta\u015f\u0131ma kapasitesi, ola\u011fan\u00fcst\u00fc dayan\u0131kl\u0131l\u0131k, optimum kontrol, art\u0131r\u0131lm\u0131\u015f verimlilik ve \u00e7ok y\u00f6nl\u00fc uygulamalar, bu silindirleri farkl\u0131 sekt\u00f6rler i\u00e7in de\u011ferli bir se\u00e7im haline getirmektedir. Ayarlanabilir mafsal tipi silindirlere yat\u0131r\u0131m yapmak, ekipman\u0131n\u0131za veya makinelerinize b\u00fcy\u00fck fayda sa\u011flayarak g\u00fcvenilir performans ve verimlilik sunabilir.<\/p>\n<h3>FMP Hakk\u0131nda<\/h3>\n<p>FMP, hidrolik silindir \u00fcretimi ve sat\u0131\u015f\u0131nda uzmanla\u015fm\u0131\u015f bir \u015firkettir. M\u00fc\u015fterilerimize \u00e7e\u015fitli in\u015faat makineleri i\u00e7in y\u00fcksek kaliteli ve g\u00fcvenilir hidrolik silindirler sa\u011flamaya adanm\u0131\u015f durumday\u0131z. Y\u0131llar s\u00fcren sekt\u00f6r deneyimimiz ve profesyonel ekibimizle, m\u00fc\u015fterilerimizin ihtiya\u00e7lar\u0131n\u0131 kar\u015f\u0131lamak i\u00e7in ola\u011fan\u00fcst\u00fc \u00fcr\u00fcnler ve hizmetler sunuyoruz.<\/p>\n<p><strong>1. Geni\u015f Yelpazede Hidrolik Silindirler:<\/strong> \u00dcr\u00fcn yelpazemizde ayarlanabilir mafsall\u0131 silindirler, teleskopik silindirler ve \u00e7ift etkili silindirler gibi \u00e7e\u015fitli hidrolik silindirler bulunmaktad\u0131r. Farkl\u0131 in\u015faat makineleri t\u00fcrleri i\u00e7in \u00e7\u00f6z\u00fcmler sunarak, \u00e7e\u015fitli uygulamalarda uyumluluk ve verimlilik sa\u011fl\u0131yoruz.<\/p>\n<p><strong>2. \u00dcst\u00fcn Kalite:<\/strong> FMP olarak, \u00fcr\u00fcnlerimizin kalitesine \u00f6ncelik veriyoruz. Tedarik etti\u011fimiz t\u00fcm hidrolik silindirlerin s\u0131k\u0131 kalite standartlar\u0131n\u0131 kar\u015f\u0131lamas\u0131n\u0131 sa\u011flamak i\u00e7in y\u00fcksek kaliteli tedarik\u00e7ilerle uzun vadeli ve istikrarl\u0131 i\u015f birli\u011fi ili\u015fkileri kuruyoruz. Kaliteye olan ba\u011fl\u0131l\u0131\u011f\u0131m\u0131z, dayan\u0131kl\u0131l\u0131k, g\u00fcvenilirlik ve optimum performans\u0131 garanti eder.<\/p>\n<p><strong>3. Profesyonel Sat\u0131\u015f Ekibi:<\/strong> \u0130n\u015faat makineleri sekt\u00f6r\u00fcndeki geli\u015fim trendleri ve m\u00fc\u015fteri ihtiya\u00e7lar\u0131 konusunda uzmanla\u015fm\u0131\u015f, deneyimli ve yetenekli bir sat\u0131\u015f ekibimiz var. M\u00fc\u015fterilerimize profesyonel \u00fcr\u00fcn dan\u0131\u015fmanl\u0131\u011f\u0131 ve ak\u0131ll\u0131 sat\u0131n alma \u00f6nerileri sunarak, bilin\u00e7li kararlar vermelerine yard\u0131mc\u0131 olabiliyorlar.<\/p>\n<p><strong>4. Verimli Lojistik Da\u011f\u0131t\u0131m:<\/strong> Zaman\u0131nda teslimat\u0131n \u00f6nemini anl\u0131yoruz. FMP, m\u00fc\u015fterilerimizin ihtiya\u00e7 duyduklar\u0131 hidrolik silindirleri zaman\u0131nda ve do\u011fru bir \u015fekilde almalar\u0131n\u0131 sa\u011flamak i\u00e7in verimli bir lojistik da\u011f\u0131t\u0131m sistemine sahiptir. M\u00fc\u015fteri memnuniyetine \u00f6ncelik veriyor ve teslimat beklentilerini kar\u015f\u0131lamak i\u00e7in \u00e7aba g\u00f6steriyoruz.<\/p>\n<p><strong>5. M\u00fc\u015fteri Ba\u015far\u0131s\u0131na Ba\u011fl\u0131l\u0131k:<\/strong> FMP olarak, m\u00fc\u015fterilerimizle uzun vadeli ortakl\u0131klar kurmaya inan\u0131yoruz. Onlar\u0131n ba\u015far\u0131s\u0131na ve memnuniyetine kendimizi adad\u0131k. Ekibimiz, ola\u011fan\u00fcst\u00fc m\u00fc\u015fteri hizmeti sunmaya, her t\u00fcrl\u00fc endi\u015fe veya soruyu derhal yan\u0131tlamaya ve sat\u0131n alma s\u00fcrecinin tamam\u0131 boyunca sorunsuz ve keyifli bir deneyim sa\u011flamaya kendini adam\u0131\u015ft\u0131r.<\/p>\n<p><img decoding=\"async\" src=\"https:\/\/fmp-components.com\/wp-content\/uploads\/2024\/12\/Adjustable-Clevis-Type-Cylinders-6.webp\" alt=\"Ayarlanabilir \u00c7atal Tipi Silindir\" width=\"811\" title=\"\"><\/p>\n<h2>SSS<\/h2>\n<h3>S: Siz bir ticaret \u015firketi misiniz yoksa \u00fcretici misiniz?<\/h3>\n<p>A: Biz bir fabrikay\u0131z.<\/p>\n<h3>S: Teslimat s\u00fcreniz ne kadard\u0131r?<\/h3>\n<p>A: Genellikle 25-35 g\u00fcnd\u00fcr.<\/p>\n<h3>S: Numune sa\u011fl\u0131yor musunuz? \u00dccretsiz mi yoksa ekstra m\u0131?<\/h3>\n<p>C: Evet, numune sunabiliriz ancak \u00fccretsiz de\u011fil.<\/p>\n<p>Yazar: CX<\/p>","protected":false},"excerpt":{"rendered":"<p>Customized Mini Two Way Hydraulic Piston Cylinder for Snow Plow The Customized Mini Two Way Hydraulic Piston Cylinder for Snow Plow is a top-of-the-line product designed for efficient snow plowing operations. This high-quality hydraulic piston cylinder offers exceptional performance and reliability, making it an ideal choice for snow plow applications. With its compact size and [&hellip;]<\/p>","protected":false},"featured_media":1467,"comment_status":"closed","ping_status":"closed","template":"","meta":{"_et_pb_use_builder":"","_et_pb_old_content":"","_et_gb_content_width":""},"product_brand":[],"product_cat":[42],"product_tag":[34,44],"class_list":{"0":"post-1466","1":"product","2":"type-product","3":"status-publish","4":"has-post-thumbnail","6":"product_cat-snow-plow-hydraulic-cylinder","7":"product_tag-hydraulic-cylinder","8":"product_tag-snow-plow-hydraulic-cylinder","10":"first","11":"instock","12":"product-type-simple"},"_links":{"self":[{"href":"https:\/\/fmp-components.com\/tr\/wp-json\/wp\/v2\/product\/1466","targetHints":{"allow":["GET"]}}],"collection":[{"href":"https:\/\/fmp-components.com\/tr\/wp-json\/wp\/v2\/product"}],"about":[{"href":"https:\/\/fmp-components.com\/tr\/wp-json\/wp\/v2\/types\/product"}],"replies":[{"embeddable":true,"href":"https:\/\/fmp-components.com\/tr\/wp-json\/wp\/v2\/comments?post=1466"}],"wp:featuredmedia":[{"embeddable":true,"href":"https:\/\/fmp-components.com\/tr\/wp-json\/wp\/v2\/media\/1467"}],"wp:attachment":[{"href":"https:\/\/fmp-components.com\/tr\/wp-json\/wp\/v2\/media?parent=1466"}],"wp:term":[{"taxonomy":"product_brand","embeddable":true,"href":"https:\/\/fmp-components.com\/tr\/wp-json\/wp\/v2\/product_brand?post=1466"},{"taxonomy":"product_cat","embeddable":true,"href":"https:\/\/fmp-components.com\/tr\/wp-json\/wp\/v2\/product_cat?post=1466"},{"taxonomy":"product_tag","embeddable":true,"href":"https:\/\/fmp-components.com\/tr\/wp-json\/wp\/v2\/product_tag?post=1466"}],"curies":[{"name":"wp","href":"https:\/\/api.w.org\/{rel}","templated":true}]}}