{"id":1464,"date":"2024-12-23T05:49:26","date_gmt":"2024-12-23T05:49:26","guid":{"rendered":"https:\/\/fmp-components.com\/product\/superior-quality-mini-two-way-hydraulic-piston-cylinder\/"},"modified":"2024-12-23T06:29:50","modified_gmt":"2024-12-23T06:29:50","slug":"superior-quality-mini-two-way-hydraulic-piston-cylinder","status":"publish","type":"product","link":"https:\/\/fmp-components.com\/tr\/product\/superior-quality-mini-two-way-hydraulic-piston-cylinder\/","title":{"rendered":"\u00dcst\u00fcn Kaliteli Mini \u0130ki Y\u00f6nl\u00fc Hidrolik Piston Silindiri"},"content":{"rendered":"<p>\u00dcst\u00fcn Kalite Mini \u0130ki Y\u00f6nl\u00fc Hidrolik Piston Silindiri, optimum performans ve dayan\u0131kl\u0131l\u0131k i\u00e7in tasarlanm\u0131\u015f birinci s\u0131n\u0131f bir \u00fcr\u00fcnd\u00fcr. Bu hidrolik silindir, en zorlu uygulamalarda bile g\u00fcvenilir ve tutarl\u0131 \u00e7al\u0131\u015fma sa\u011flamak i\u00e7in y\u00fcksek kaliteli malzemeler ve hassas m\u00fchendislikle \u00fcretilmi\u015ftir.<\/p>\n<p>Piston silindiri, kolay kurulum ve alan kullan\u0131m\u0131nda verimlilik sa\u011flayan kompakt bir tasar\u0131ma sahiptir. \u00c7ift y\u00f6nl\u00fc \u00e7al\u0131\u015fma \u00f6zelli\u011fi, ola\u011fan\u00fcst\u00fc kontrol ve hassasiyet sa\u011flayarak, \u00e7ok \u00e7e\u015fitli end\u00fcstriyel ve ticari uygulamalar i\u00e7in idealdir.<\/p>\n<p>\u00dcst\u00fcn performans\u0131n\u0131n yan\u0131 s\u0131ra, \u00dcst\u00fcn Kalite Mini \u0130ki Y\u00f6nl\u00fc Hidrolik Piston Silindiri, g\u00fcvenlik de g\u00f6z \u00f6n\u00fcnde bulundurularak tasarlanm\u0131\u015ft\u0131r. Geli\u015fmi\u015f \u00f6zellikleri ve sa\u011flam yap\u0131s\u0131, en zorlu ko\u015fullara bile dayanabilmesini ve uzun vadede optimum performans\u0131n\u0131 koruyabilmesini sa\u011flar.<\/p>\n<p>Genel olarak, \u00dcst\u00fcn Kalite Mini \u0130ki Y\u00f6nl\u00fc Hidrolik Piston Silindiri, g\u00fcvenilir ve verimli hidrolik g\u00fcce ihtiya\u00e7 duyan her uygulama i\u00e7in rakipsiz de\u011fer ve performans sunar. \u0130ster imalat, in\u015faat veya y\u00fcksek kaliteli hidrolik ekipman gerektiren ba\u015fka bir sekt\u00f6rde \u00e7al\u0131\u015f\u0131yor olun, bu piston silindiri sizin i\u00e7in m\u00fckemmel bir se\u00e7imdir. Yeni Mini \u0130ki Y\u00f6nl\u00fc Hidrolik Piston Silindirimizle \u00fcst\u00fcn performans\u0131 deneyimleyin. Bu \u00fcst d\u00fczey \u00fcr\u00fcn, rakipsiz kalite sunar ve \u00e7e\u015fitli end\u00fcstriyel gereksinimleri kar\u015f\u0131lamak \u00fczere tasarlanm\u0131\u015ft\u0131r. Hidrolik Piston Silindirimiz, g\u00fcvenilir hizmet ve ola\u011fan\u00fcst\u00fc dayan\u0131kl\u0131l\u0131k sa\u011flamak \u00fczere tasarlanm\u0131\u015ft\u0131r ve bu da onu makine tamir at\u00f6lyeleri, \u00e7iftlikler, enerji ve madencilik end\u00fcstrileri, makine imalat\u0131 ve makine fabrikalar\u0131 i\u00e7in vazge\u00e7ilmez bir bile\u015fen haline getirir.<\/p>\n<h2>\u00dcr\u00fcn \u00d6zellikleri<\/h2>\n<h3>Y\u00fcksek Kaliteli ve Dayan\u0131kl\u0131<\/h3>\n<p>Hidrolik Piston Silindirimiz, uzun \u00f6m\u00fcr ve sa\u011flam performans sa\u011flayan birinci s\u0131n\u0131f \u00e7elik g\u00f6vde malzemesiyle \u00fcretilmi\u015ftir. S\u0131ras\u0131yla 3000 ve 20 tonluk maksimum itme ve \u00e7ekme kapasitesine sahip olup, a\u011f\u0131r i\u015flerde verimli ve g\u00fc\u00e7l\u00fc bir ara\u00e7t\u0131r.<\/p>\n<h3>Standart \u00d6zellikler<\/h3>\n<p>\u00dcr\u00fcn, \u00e7e\u015fitli uygulamalarla kolay uyumluluk sa\u011flayan standart \u00f6zelliklerle tasarlanm\u0131\u015ft\u0131r. 2 ila 6 in\u00e7 aras\u0131nda de\u011fi\u015fen delik \u00e7ap\u0131, 1,125 ila 4 in\u00e7 aras\u0131nda de\u011fi\u015fen piston kolu uzunlu\u011fu, 4 ila 100 in\u00e7 aras\u0131nda de\u011fi\u015fen strok uzunlu\u011fu ve 0,5 ila 2 in\u00e7 aras\u0131nda de\u011fi\u015fen pim uzunlu\u011funa sahiptir. \u00dcr\u00fcn ayr\u0131ca \u015f\u0131k siyah rengiyle \u00fcst\u00fcn i\u015flevselli\u011finin yan\u0131 s\u0131ra g\u00f6rsel olarak da \u00e7ekicidir.<\/p>\n<h3>Kalite G\u00fcvencesi<\/h3>\n<p>Hidrolik Piston Silindirimiz ISO9001:2000 sertifikas\u0131na sahiptir ve \u00fcst\u00fcn kalitesi ve g\u00fcvenilirli\u011fi garanti edilmektedir. \u00dcr\u00fcn ve temel bile\u015fenleri i\u00e7in 1 y\u0131l garanti veriyoruz, b\u00f6ylece m\u00fc\u015fterilerimizin i\u00e7iniz rahat olsun.<\/p>\n<p><img decoding=\"async\" title=\"Kar K\u00fcreme Hidrolik Silindiri\" src=\"https:\/\/hzpt.com\/wp-content\/uploads\/2023\/11\/Snow-Plow-Hydraulic-Cylinder-2.webp\" alt=\"Kar K\u00fcreme Hidrolik Silindiri\" \/><\/p>\n<h2>Ayarlanabilir \u00c7atal Tipi Silindirlerin Avantajlar\u0131<\/h2>\n<p>\u00dcst\u00fcn Kalite Mini \u0130ki Y\u00f6nl\u00fc Hidrolik Piston Silindiri gibi ayarlanabilir mafsal tipi silindirler, \u00e7e\u015fitli uygulamalarda bir\u00e7ok farkl\u0131 avantaj sunmaktad\u0131r. Bu silindirler, geleneksel hidrolik silindirlerden ay\u0131ran benzersiz bir tasar\u0131m ve i\u015flevselli\u011fe sahiptir. Bu makalede, bu avantajlar\u0131 ayr\u0131nt\u0131l\u0131 olarak inceleyerek, farkl\u0131 sekt\u00f6rlere ve uygulamalara sa\u011flad\u0131klar\u0131 faydalar\u0131 vurgulayaca\u011f\u0131z.<\/p>\n<h3>1. Geli\u015fmi\u015f Esneklik ve \u00d6zelle\u015ftirme<\/h3>\n<p>Ayarlanabilir mafsall\u0131 silindirlerin en \u00f6nemli avantajlar\u0131ndan biri, geli\u015fmi\u015f esneklik ve \u00f6zelle\u015ftirme se\u00e7enekleridir. Standart silindirlerden farkl\u0131 olarak, bu silindirler kolay takma ve \u00e7\u0131karma imkan\u0131 sa\u011flayan ayarlanabilir mafsal ba\u011flant\u0131lar\u0131na sahiptir. Bu \u00f6zellik, silindirin konumunun, uzunlu\u011funun ve y\u00f6n\u00fcn\u00fcn h\u0131zl\u0131 ve zahmetsizce ayarlanmas\u0131n\u0131 sa\u011flayarak farkl\u0131 uygulamalarda geli\u015fmi\u015f esneklik sunar.<\/p>\n<p>\u00dcst\u00fcn Kalite Mini \u0130ki Y\u00f6nl\u00fc Hidrolik Piston Silindiri ile kullan\u0131c\u0131lar, ba\u011flant\u0131 par\u00e7as\u0131n\u0131 \u00f6zel gereksinimlere uyacak \u015fekilde kolayca ayarlayabilirler. Bu esneklik, bu silindirleri end\u00fcstriyel makineler, tar\u0131m ekipmanlar\u0131 ve in\u015faat ara\u00e7lar\u0131 da dahil olmak \u00fczere \u00e7ok \u00e7e\u015fitli uygulamalar i\u00e7in uygun hale getirir.<\/p>\n<h3>2. Geli\u015ftirilmi\u015f Y\u00fck Ta\u015f\u0131ma Kapasitesi<\/h3>\n<p>Ayarlanabilir mafsal tipi silindirler, geleneksel silindirlere k\u0131yasla daha iyi y\u00fck ta\u015f\u0131ma kapasitesi sunar. Bu silindirlerin tasar\u0131m\u0131, verimli kuvvet iletimini sa\u011flayarak a\u011f\u0131r y\u00fcklerin etkili bir \u015fekilde ta\u015f\u0131nmas\u0131na olanak tan\u0131r. Silindirin i\u00e7indeki piston, d\u00fczg\u00fcn bir hareket sa\u011flayarak \u00e7al\u0131\u015fma s\u0131ras\u0131nda hassas kontrol ve stabilite sa\u011flar.<\/p>\n<p>\u00dcst\u00fcn Kalite Mini \u0130ki Y\u00f6nl\u00fc Hidrolik Piston Silindiri, y\u00fcksek kaliteli malzemeler ve geli\u015fmi\u015f m\u00fchendislik teknikleri kullan\u0131larak tasarlanm\u0131\u015ft\u0131r; bu da a\u011f\u0131r y\u00fckleri kolayl\u0131kla ta\u015f\u0131yabilen sa\u011flam ve dayan\u0131kl\u0131 bir silindir ortaya \u00e7\u0131kar\u0131r. Bu \u00f6zelli\u011fiyle, malzeme ta\u015f\u0131ma ekipmanlar\u0131 ve kald\u0131rma sistemleri gibi g\u00fcvenilir ve verimli y\u00fck ta\u015f\u0131ma gerektiren uygulamalar i\u00e7in ideal bir se\u00e7imdir.<\/p>\n<h3>3. Optimum Performans ve Verimlilik<\/h3>\n<p>Ayarlanabilir mafsall\u0131 silindirlerin bir di\u011fer \u00f6nemli avantaj\u0131, optimum performans ve verimlilik sa\u011flama yetenekleridir. Bu silindirler, enerji kayb\u0131n\u0131 en aza indirip g\u00fc\u00e7 \u00e7\u0131k\u0131\u015f\u0131n\u0131 en \u00fcst d\u00fczeye \u00e7\u0131karmak \u00fczere tasarlanm\u0131\u015ft\u0131r; bu da verimli \u00e7al\u0131\u015fma ve d\u00fc\u015f\u00fck i\u015fletme maliyetleri sa\u011flar.<\/p>\n<p>\u00dcst\u00fcn Kalite Mini \u0130ki Y\u00f6nl\u00fc Hidrolik Piston Silindiri, hassas valf kontrol\u00fc ve verimli s\u0131v\u0131 ak\u0131\u015f\u0131 y\u00f6netimi de dahil olmak \u00fczere geli\u015fmi\u015f hidrolik teknolojisini b\u00fcnyesinde bar\u0131nd\u0131r\u0131r. Bu, genel sistem performans\u0131n\u0131n iyile\u015fmesine, s\u00fcrt\u00fcnmenin azalmas\u0131na ve enerji verimlili\u011finin artmas\u0131na yol a\u00e7ar. Sonu\u00e7 olarak, bu silindirler, \u00fcretim otomasyonu ve end\u00fcstriyel makineler gibi y\u00fcksek performansl\u0131 ve enerji verimli hidrolik sistemler gerektiren uygulamalarda yayg\u0131n olarak kullan\u0131lmaktad\u0131r.<\/p>\n<h3>4. Montaj Se\u00e7eneklerinde \u00c7ok Y\u00f6nl\u00fcl\u00fck<\/h3>\n<p>Ayarlanabilir mafsal tipi silindirler, montaj se\u00e7eneklerinde \u00e7ok y\u00f6nl\u00fcl\u00fck sunarak \u00e7e\u015fitli sistem ve yap\u0131lara sorunsuz entegrasyon sa\u011flar. Bu silindirler, \u00f6zel uygulama gereksinimlerine ba\u011fl\u0131 olarak dikey, yatay veya istenilen herhangi bir a\u00e7\u0131da monte edilebilir.<\/p>\n<p>\u00dcst\u00fcn Kalite Mini \u0130ki Y\u00f6nl\u00fc Hidrolik Piston Silindiri, \u00e7e\u015fitli montaj aksesuarlar\u0131 ve se\u00e7enekleriyle birlikte gelir; bu da kolay kurulum ve farkl\u0131 sistemlerle uyumluluk sa\u011flar. Bu \u00e7ok y\u00f6nl\u00fcl\u00fck, bu silindirleri otomotiv, havac\u0131l\u0131k ve denizcilik dahil olmak \u00fczere \u00e7ok \u00e7e\u015fitli sekt\u00f6rler i\u00e7in uygun hale getirir.<\/p>\n<p>Sonu\u00e7 olarak, \u00fcst\u00fcn kaliteli mini iki y\u00f6nl\u00fc hidrolik piston silindiri \u00f6rne\u011finde oldu\u011fu gibi, ayarlanabilir mafsal tipi silindirler esneklik, y\u00fck ta\u015f\u0131ma kapasitesi, performans ve \u00e7ok y\u00f6nl\u00fcl\u00fck a\u00e7\u0131s\u0131ndan say\u0131s\u0131z avantaj sunmaktad\u0131r. Bu silindirler, benzersiz tasar\u0131mlar\u0131 ve i\u015flevsellikleri nedeniyle \u00e7e\u015fitli sekt\u00f6rlerde olduk\u00e7a ra\u011fbet g\u00f6rmektedir. End\u00fcstriyel makineler, malzeme ta\u015f\u0131ma ekipmanlar\u0131 veya g\u00fcvenilir ve verimli hidrolik sistemler gerektiren di\u011fer uygulamalar i\u00e7in ayarlanabilir mafsal tipi silindirler m\u00fckemmel bir se\u00e7im oldu\u011funu kan\u0131tlamaktad\u0131r.<\/p>\n<h3>FMP Hakk\u0131nda \u2013 \u0130n\u015faat Makineleri i\u00e7in Y\u00fcksek Kaliteli Hidrolik Silindirler<\/h3>\n<p>\u0130n\u015faat makineleriniz i\u00e7in y\u00fcksek kaliteli hidrolik silindirler mi ar\u0131yorsunuz? \u0130n\u015faat makineleri par\u00e7alar\u0131 ve komple makinelerin sat\u0131\u015f ve servisinde uzmanla\u015fm\u0131\u015f, \u0130talya merkezli lider bir \u015firket olan FMP'den ba\u015fkas\u0131na bakmay\u0131n.<\/p>\n<p>FMP olarak, m\u00fc\u015fterilerimize in\u015faat makineleri ihtiya\u00e7lar\u0131 i\u00e7in g\u00fcvenilir ve verimli \u00e7\u00f6z\u00fcmler sunmaya kararl\u0131y\u0131z. \u00dcr\u00fcn yelpazemizde \u00e7ok \u00e7e\u015fitli in\u015faat makineleri, tar\u0131m makineleri red\u00fckt\u00f6rleri, planet di\u015fli kutular\u0131, end\u00fcstriyel red\u00fckt\u00f6rler ve bunlara uygun \u00fcst d\u00fczey aksesuarlar bulunmaktad\u0131r.<\/p>\n<p>Hidrolik silindir ihtiya\u00e7lar\u0131n\u0131z i\u00e7in FMP'yi se\u00e7menin baz\u0131 avantajlar\u0131 \u015funlard\u0131r:<\/p>\n<p>1. Y\u00fcksek Kaliteli \u00dcr\u00fcnler: T\u00fcm \u00fcr\u00fcnlerimiz y\u00fcksek kaliteli tedarik\u00e7ilerden temin edilmektedir, bu sayede m\u00fc\u015fterilerimizin yaln\u0131zca s\u0131k\u0131 kalite standartlar\u0131n\u0131 kar\u015f\u0131layan en iyi kalitede \u00fcr\u00fcnleri almas\u0131n\u0131 sa\u011fl\u0131yoruz.<\/p>\n<p>2. Profesyonel Ekip: \u0130n\u015faat makineleri sekt\u00f6r\u00fcn\u00fcn geli\u015fme trendlerini ve m\u00fc\u015fteri ihtiya\u00e7lar\u0131n\u0131 yak\u0131ndan takip eden deneyimli ve profesyonel sat\u0131\u015f ekibimiz, kapsaml\u0131 \u00fcr\u00fcn dan\u0131\u015fmanl\u0131\u011f\u0131 ve ak\u0131ll\u0131 sat\u0131n alma \u00f6nerileri sunabilmektedir.<\/p>\n<p>3. Verimli Lojistik Da\u011f\u0131t\u0131m Sistemi: M\u00fc\u015fterilerimize \u00fcr\u00fcnlerin zaman\u0131nda ve do\u011fru bir \u015fekilde ula\u015ft\u0131r\u0131lmas\u0131n\u0131 sa\u011flayan verimli bir lojistik da\u011f\u0131t\u0131m sistemine sahibiz.<\/p>\n<p>4. Rekabet\u00e7i Fiyatlar: Kalitemizden \u00f6d\u00fcn vermeden \u00fcr\u00fcnlerimiz i\u00e7in rekabet\u00e7i fiyatlar sunuyoruz.<\/p>\n<p>5. \u00d6zelle\u015ftirme: M\u00fc\u015fterilerimizin \u00f6zel ihtiya\u00e7lar\u0131n\u0131 kar\u015f\u0131lamak i\u00e7in hidrolik silindirlerimiz i\u00e7in \u00f6zelle\u015ftirme se\u00e7enekleri sunuyoruz.<\/p>\n<p>Ayarlanabilir \u00c7atal Tipi Silindir (a\u015fa\u011f\u0131da resmedilmi\u015ftir) gibi hidrolik silindirlerimiz, \u00e7ok \u00e7e\u015fitli in\u015faat makinesi uygulamalar\u0131 i\u00e7in m\u00fckemmeldir. Kalite ve m\u00fc\u015fteri memnuniyetine olan ba\u011fl\u0131l\u0131\u011f\u0131m\u0131zla, t\u00fcm hidrolik silindir ihtiya\u00e7lar\u0131n\u0131z i\u00e7in FMP'ye g\u00fcvenebilirsiniz.<\/p>\n<p><img decoding=\"async\" src=\"https:\/\/fmp-components.com\/wp-content\/uploads\/2024\/12\/Adjustable-Clevis-Type-Cylinders-6.webp\" alt=\"Ayarlanabilir \u00c7atal Tipi Silindir\" width=\"810\" title=\"\"><\/p>\n<h2>SSS<\/h2>\n<ol>\n<li style=\"list-style-type: none;\">\n<ol>\n<li>S: Siz bir ticaret \u015firketi misiniz yoksa \u00fcretici misiniz? C: Biz bir fabrikay\u0131z.<\/li>\n<li>S: Teslimat s\u00fcreniz ne kadard\u0131r? C: Genellikle 25-35 g\u00fcnd\u00fcr.<\/li>\n<li>S: Numune sa\u011fl\u0131yor musunuz? \u00dccretsiz mi yoksa ekstra m\u0131? C: Evet, numune sa\u011flayabiliriz ancak \u00fccretsiz de\u011fil.<\/li>\n<\/ol>\n<\/li>\n<\/ol>\n<ol>\n<li><img decoding=\"async\" title=\"Kar K\u00fcreme Hidrolik Silindiri\" src=\"https:\/\/hzpt.com\/wp-content\/uploads\/2023\/11\/Snow-Plow-Hydraulic-Cylinder-1.webp\" alt=\"Kar K\u00fcreme Hidrolik Silindiri\" \/><\/li>\n<\/ol>\n<p>Yazar: CX<\/p>","protected":false},"excerpt":{"rendered":"<p>Superior Quality Mini Two Way Hydraulic Piston CylinderThe Superior Quality Mini Two Way Hydraulic Piston Cylinder is a top-of-the-line product designed for optimal performance and durability. This hydraulic cylinder is built with high-quality materials and precision engineering to ensure reliable and consistent operation in even the most demanding applications. The piston cylinder features a compact [&hellip;]<\/p>","protected":false},"featured_media":1465,"comment_status":"closed","ping_status":"closed","template":"","meta":{"_et_pb_use_builder":"","_et_pb_old_content":"","_et_gb_content_width":""},"product_brand":[],"product_cat":[42],"product_tag":[34,44],"class_list":{"0":"post-1464","1":"product","2":"type-product","3":"status-publish","4":"has-post-thumbnail","6":"product_cat-snow-plow-hydraulic-cylinder","7":"product_tag-hydraulic-cylinder","8":"product_tag-snow-plow-hydraulic-cylinder","10":"first","11":"instock","12":"product-type-simple"},"_links":{"self":[{"href":"https:\/\/fmp-components.com\/tr\/wp-json\/wp\/v2\/product\/1464","targetHints":{"allow":["GET"]}}],"collection":[{"href":"https:\/\/fmp-components.com\/tr\/wp-json\/wp\/v2\/product"}],"about":[{"href":"https:\/\/fmp-components.com\/tr\/wp-json\/wp\/v2\/types\/product"}],"replies":[{"embeddable":true,"href":"https:\/\/fmp-components.com\/tr\/wp-json\/wp\/v2\/comments?post=1464"}],"wp:featuredmedia":[{"embeddable":true,"href":"https:\/\/fmp-components.com\/tr\/wp-json\/wp\/v2\/media\/1465"}],"wp:attachment":[{"href":"https:\/\/fmp-components.com\/tr\/wp-json\/wp\/v2\/media?parent=1464"}],"wp:term":[{"taxonomy":"product_brand","embeddable":true,"href":"https:\/\/fmp-components.com\/tr\/wp-json\/wp\/v2\/product_brand?post=1464"},{"taxonomy":"product_cat","embeddable":true,"href":"https:\/\/fmp-components.com\/tr\/wp-json\/wp\/v2\/product_cat?post=1464"},{"taxonomy":"product_tag","embeddable":true,"href":"https:\/\/fmp-components.com\/tr\/wp-json\/wp\/v2\/product_tag?post=1464"}],"curies":[{"name":"wp","href":"https:\/\/api.w.org\/{rel}","templated":true}]}}