{"id":1458,"date":"2024-12-23T05:49:26","date_gmt":"2024-12-23T05:49:26","guid":{"rendered":"https:\/\/fmp-components.com\/product\/factory-serving-small-hydraulic-cylinder-double-acting-hydraulic-cylinder-for-snow-plow\/"},"modified":"2024-12-23T06:39:29","modified_gmt":"2024-12-23T06:39:29","slug":"factory-serving-small-hydraulic-cylinder-double-acting-hydraulic-cylinder-for-snow-plow","status":"publish","type":"product","link":"https:\/\/fmp-components.com\/tr\/product\/factory-serving-small-hydraulic-cylinder-double-acting-hydraulic-cylinder-for-snow-plow\/","title":{"rendered":"Kar K\u00fcreme Makinesi \u0130\u00e7in K\u00fc\u00e7\u00fck Hidrolik Silindirli \u00c7ift Etkili Hidrolik Silindir Fabrikas\u0131"},"content":{"rendered":"<h2>Kar K\u00fcreme Makinesi \u0130\u00e7in K\u00fc\u00e7\u00fck Hidrolik Silindirli \u00c7ift Etkili Hidrolik Silindir Fabrikas\u0131<\/h2>\n<p>Fabrika Servisli K\u00fc\u00e7\u00fck Hidrolik Silindir \u00c7ift Etkili Kar K\u00fcreme Makinesi Hidrolik Silindiri, \u00f6zellikle kar k\u00fcreme makinelerinde kullan\u0131lmak \u00fczere tasarlanm\u0131\u015f y\u00fcksek kaliteli bir hidrolik silindirdir. \u00c7ift etkili \u00f6zelli\u011fi sayesinde bu silindir, g\u00fc\u00e7l\u00fc ve g\u00fcvenilir bir performans sunarak kar ve buzun h\u0131zl\u0131 ve verimli bir \u015fekilde temizlenmesine yard\u0131mc\u0131 olur.<\/p>\n<p>Birinci s\u0131n\u0131f malzemelerden \u00fcretilen bu hidrolik silindir, uzun \u00f6m\u00fcrl\u00fc olacak \u015fekilde \u00fcretilmi\u015ftir. Kompakt boyutu, onu daha k\u00fc\u00e7\u00fck kar k\u00fcreme makinesi modelleri i\u00e7in ideal bir se\u00e7im haline getirir ve performanstan \u00f6d\u00fcn vermeden yerden tasarruf sa\u011flayan bir \u00e7\u00f6z\u00fcm sunar. \u00c7ift etkili tasar\u0131m\u0131, sorunsuz ve tutarl\u0131 bir \u00e7al\u0131\u015fma sa\u011flayarak hassas kontrol ve maksimum verimlilik sa\u011flar.<\/p>\n<p><img decoding=\"async\" title=\"Kar K\u00fcreme Hidrolik Silindiri\" src=\"https:\/\/hzpt.com\/wp-content\/uploads\/2023\/11\/Snow-Plow-Hydraulic-Cylinder-1.webp\" alt=\"Kar K\u00fcreme Hidrolik Silindiri\" \/><\/p>\n<p>\u0130ster profesyonel bir kar temizleme hizmeti sa\u011flay\u0131c\u0131s\u0131 olun, ister evinizin giri\u015f yolunu temizlemenin verimli bir yolunu arayan bir ev sahibi olun, Fabrika Servisli K\u00fc\u00e7\u00fck Hidrolik Silindirli Kar K\u00fcreme Makinesi i\u00e7in \u00c7ift Etkili Hidrolik Silindir g\u00fcvenilir ve etkili bir \u00e7\u00f6z\u00fcmd\u00fcr. Dayan\u0131kl\u0131 yap\u0131s\u0131 ve geli\u015fmi\u015f \u00f6zellikleriyle bu hidrolik silindir, k\u0131\u015f ko\u015fullar\u0131n\u0131n en zorlu taleplerini kar\u015f\u0131layacakt\u0131r.<\/p>\n<div>\n<h2>Kar K\u00fcreme Makineniz i\u00e7in Y\u00fcksek Performansl\u0131, \u00c7ift Etkili Hidrolik Silindiri Ke\u015ffedin<\/h2>\n<p>Kar k\u00fcreme makineniz i\u00e7in g\u00fcvenilir ve y\u00fcksek performansl\u0131 bir hidrolik silindir mi ar\u0131yorsunuz? Fabrikam\u0131zdan ba\u015fkas\u0131na bakmay\u0131n! Makine tamir at\u00f6lyeleri, \u00e7iftlikler, enerji ve madencilik, makine imalat\u0131 ve makine fabrikalar\u0131 dahil olmak \u00fczere \u00e7e\u015fitli sekt\u00f6rlere uygun, bir y\u0131l garantili, yeni ve dayan\u0131kl\u0131 bir hidrolik silindir sunuyoruz.<\/p>\n<h2>\u00dcr\u00fcn \u00d6zellikleri<\/h2>\n<ul>\n<li>A\u011f\u0131rl\u0131k: 5,4 kg<\/li>\n<li>Dayan\u0131kl\u0131 \u00e7elikten \u00fcretilmi\u015ftir<\/li>\n<li>\u00dcst\u00fcn performans ve g\u00fcvenilirlik i\u00e7in hidrolik g\u00fc\u00e7le \u00e7al\u0131\u015f\u0131r<\/li>\n<li>Maksimum \u0130ti\u015f G\u00fcc\u00fc: 3000<\/li>\n<li>Maksimum \u00c7ekme G\u00fcc\u00fc: 20 ton<\/li>\n<li>Delik Boyutu: 2-6 in\u00e7<\/li>\n<li>\u00c7ubuk Boyutu: 1,125-4 in\u00e7<\/li>\n<li>Vuru\u015f Boyutu: 4-100 in\u00e7<\/li>\n<li>Pin Boyutu: 0,5-2 in\u00e7<\/li>\n<li>Renk: siyah<\/li>\n<li>Sertifikasyon: ISO9001:2000<\/li>\n<li>Paketleme: demir kasa, kontrplak kasa veya karton kutu<\/li>\n<\/ul>\n<p><img decoding=\"async\" src=\"https:\/\/hzpt.com\/wp-content\/uploads\/2023\/11\/Snow-Plow-Hydraulic-Cylinder-4Factory.webp\" alt=\"Fabrika resmi\" title=\"\"><\/p>\n<\/div>\n<h2>Ayarlanabilir \u00c7atal Tipi Silindirlerin Avantajlar\u0131<\/h2>\n<p>Ayarlanabilir \u00e7atal tipi silindirler, \u00e7ok y\u00f6nl\u00fc yap\u0131lar\u0131 ve sunduklar\u0131 avantajlar nedeniyle \u00e7e\u015fitli end\u00fcstrilerde yayg\u0131n olarak kullan\u0131lmaktad\u0131r. Ayarlanabilir \u00e7atal tipi silindirlerin baz\u0131 temel avantajlar\u0131 \u015funlard\u0131r:<\/p>\n<h3>1. \u00c7ok Y\u00f6nl\u00fcl\u00fck<\/h3>\n<p>Ayarlanabilir \u00e7atal tipi silindirlerin temel avantajlar\u0131ndan biri \u00e7ok y\u00f6nl\u00fcl\u00fckleridir. Bu silindirler \u00e7ok \u00e7e\u015fitli uygulamalarda kullan\u0131labilir ve bu da onlar\u0131 bir\u00e7ok end\u00fcstri i\u00e7in ideal bir se\u00e7im haline getirir. Genellikle malzeme ta\u015f\u0131ma, in\u015faat ekipmanlar\u0131 ve tar\u0131m makineleri gibi uygulamalarda kullan\u0131l\u0131rlar.<\/p>\n<h3>2. Ayarlanabilir Strok Uzunlu\u011fu<\/h3>\n<p>Ayarlanabilir \u00e7atal tipi silindirlerin bir di\u011fer \u00f6nemli avantaj\u0131 da ayarlanabilir strok uzunluklar\u0131d\u0131r. Bu, silindirin strok uzunlu\u011funun uygulaman\u0131n \u00f6zel ihtiya\u00e7lar\u0131na g\u00f6re kolayca ayarlanabilece\u011fi anlam\u0131na gelir. Bu, \u00f6zellikle silindirin farkl\u0131 gereksinimlere sahip farkl\u0131 uygulamalarda kullan\u0131ld\u0131\u011f\u0131 durumlarda faydal\u0131d\u0131r.<\/p>\n<h3>3. Y\u00fcksek Y\u00fck Kapasitesi<\/h3>\n<p>Ayarlanabilir \u00e7atal tipi silindirler, y\u00fcksek y\u00fck kapasitesine sahip olacak \u015fekilde tasarlanm\u0131\u015ft\u0131r ve bu sayede a\u011f\u0131r hizmet uygulamalar\u0131 i\u00e7in uygundur. Genellikle a\u011f\u0131r makine imalat\u0131 gibi y\u00fcksek kuvvet ve bas\u0131n\u00e7 gerektiren uygulamalarda kullan\u0131l\u0131rlar.<\/p>\n<h3>4. \u00c7ift Etkili veya Tek Etkili<\/h3>\n<p>Ayarlanabilir \u00e7atal tipi silindirler, uygulama gereksinimlerine ba\u011fl\u0131 olarak \u00e7ift etkili veya tek etkili silindirler olarak tasarlanabilir. \u00c7ift etkili silindirler genellikle hem itme hem de \u00e7ekme kuvveti gerektiren uygulamalarda kullan\u0131l\u0131rken, tek etkili silindirler yaln\u0131zca tek y\u00f6nl\u00fc kuvvet gerektiren uygulamalarda kullan\u0131l\u0131r.<\/p>\n<h3>5. Fabrika Servis K\u00fc\u00e7\u00fck Hidrolik Silindir<\/h3>\n<p>Ayarlanabilir \u00e7atal tipi silindirler, \u00e7e\u015fitli boyutlarda \u00fcretilebildi\u011finden, k\u00fc\u00e7\u00fck hidrolik silindirler de dahil olmak \u00fczere \u00e7e\u015fitli uygulamalar i\u00e7in uygundur. Genellikle t\u0131bbi ekipman ve laboratuvar cihazlar\u0131 gibi y\u00fcksek hassasiyet ve do\u011fruluk gerektiren uygulamalarda kullan\u0131l\u0131rlar.<\/p>\n<h3>6. Kar K\u00fcreme Makinesi \u0130\u00e7in \u00c7ift Etkili Hidrolik Silindir<\/h3>\n<p>Ayarlanabilir \u00e7atal tipi silindirler, y\u00fcksek kuvvet ve bas\u0131n\u00e7 sa\u011flama kabiliyetleri nedeniyle kar k\u00fcreme makinelerinde yayg\u0131n olarak kullan\u0131l\u0131r. \u00c7ift etkili hidrolik silindirler, kar k\u00fcreme makinelerinde b\u0131\u00e7a\u011f\u0131 kald\u0131r\u0131p indirmek ve ayn\u0131 zamanda b\u0131\u00e7a\u011f\u0131 bir yandan di\u011fer yana hareket ettirmek i\u00e7in gerekli kuvveti sa\u011flamak amac\u0131yla kullan\u0131l\u0131r.<\/p>\n<p>Sonu\u00e7 olarak, ayarlanabilir \u00e7atal tipi silindirler, onlar\u0131 bir\u00e7ok uygulama i\u00e7in ideal bir se\u00e7im haline getiren bir dizi avantaj sunar. \u00c7ok y\u00f6nl\u00fcl\u00fckleri, ayarlanabilir strok uzunluklar\u0131, y\u00fcksek y\u00fck kapasiteleri ve \u00e7ift etkili veya tek etkili silindirler olarak tasarlanabilmeleri, onlar\u0131 \u00e7ok \u00e7e\u015fitli end\u00fcstriler ve uygulamalar i\u00e7in uygun hale getirir. Ayr\u0131ca, k\u00fc\u00e7\u00fck hidrolik silindirler de dahil olmak \u00fczere \u00e7e\u015fitli boyutlarda \u00fcretilebilmeleri, onlar\u0131 hassas uygulamalar i\u00e7in pop\u00fcler bir se\u00e7im haline getirir.<\/p>\n<h3>FMP \u2013 Hidrolik Silindir Hakk\u0131nda<\/h3>\n<p>FMP, in\u015faat makinesi par\u00e7alar\u0131 ve komple makine sat\u0131\u015f ve servisinde lider bir firmad\u0131r. Sekt\u00f6rde uzun y\u0131llara dayanan deneyime ve y\u00fcksek kaliteli ve g\u00fcvenilir in\u015faat makinesi par\u00e7alar\u0131 ve komple makine \u00e7\u00f6z\u00fcmleri sunan profesyonel uzmanlardan olu\u015fan bir ekibe sahibiz. Geni\u015f \u00fcr\u00fcn yelpazemiz aras\u0131nda tar\u0131m makinesi red\u00fckt\u00f6rleri, planet di\u015fli kutular\u0131, end\u00fcstriyel red\u00fckt\u00f6rler, tar\u0131m makinesi par\u00e7alar\u0131 ve bunlara uygun bir dizi \u00fcst d\u00fczey aksesuar bulunmaktad\u0131r. M\u00fc\u015fterilerimize en iyi \u00fcr\u00fcn ve hizmetleri sunmaya kararl\u0131y\u0131z. Hidrolik silindirler i\u00e7in FMP'yi se\u00e7meniz i\u00e7in baz\u0131 nedenler \u015funlard\u0131r:<\/p>\n<ol>\n<li><strong>Y\u00fcksek kaliteli ve g\u00fcvenilir \u00fcr\u00fcnler:<\/strong> FMP olarak \u00fcr\u00fcnlerimizin kalitesine \u00f6ncelik veriyoruz. D\u00fcnyan\u0131n d\u00f6rt bir yan\u0131ndaki y\u00fcksek kaliteli tedarik\u00e7ilerle uzun vadeli ve istikrarl\u0131 i\u015f birli\u011fi ili\u015fkileri kuruyoruz. Tedarik etti\u011fimiz t\u00fcm par\u00e7alar s\u0131k\u0131 kalite standartlar\u0131n\u0131 kar\u015f\u0131l\u0131yor.<\/li>\n<li><strong>Geni\u015f \u00fcr\u00fcn yelpazesi:<\/strong> Standart ve \u00f6zel silindirler de dahil olmak \u00fczere geni\u015f bir hidrolik silindir yelpazesi sunuyoruz. Ayarlanabilir \u00e7atal tipi silindirimiz, son derece dayan\u0131kl\u0131 ve farkl\u0131 ihtiya\u00e7lar\u0131 kar\u015f\u0131layacak \u015fekilde ayarlanabilir, pop\u00fcler bir \u00fcr\u00fcnd\u00fcr.<\/li>\n<li><strong>Profesyonel sat\u0131\u015f ekibi:<\/strong> Sat\u0131\u015f ekibimiz, in\u015faat makineleri sekt\u00f6r\u00fcnde deneyimli ve yeteneklidir. En son geli\u015fme trendlerini ve m\u00fc\u015fteri ihtiya\u00e7lar\u0131n\u0131 yak\u0131ndan takip eder, profesyonel \u00fcr\u00fcn dan\u0131\u015fmanl\u0131\u011f\u0131 ve ak\u0131ll\u0131 sat\u0131n alma \u00f6nerileri sunabilirler.<\/li>\n<li><strong>Verimli lojistik da\u011f\u0131t\u0131m:<\/strong> M\u00fc\u015fterilerimiz i\u00e7in zaman\u0131nda teslimat\u0131n ne kadar \u00f6nemli oldu\u011funun bilincindeyiz. Bu nedenle, m\u00fc\u015fterilerimizin ihtiya\u00e7 duyduklar\u0131 par\u00e7alar\u0131 zaman\u0131nda ve do\u011fru bir \u015fekilde alabilmelerini sa\u011flamak i\u00e7in verimli bir lojistik da\u011f\u0131t\u0131m sistemi kurduk.<\/li>\n<li><strong>Rekabet\u00e7i fiyatlar:<\/strong> FMP olarak, kaliteden \u00f6d\u00fcn vermeden rekabet\u00e7i fiyatlar sunuyoruz. M\u00fc\u015fterilerimize paralar\u0131n\u0131n kar\u015f\u0131l\u0131\u011f\u0131nda en iyi de\u011feri sunmay\u0131 hedefliyoruz.<\/li>\n<\/ol>\n<p><img decoding=\"async\" src=\"https:\/\/fmp-components.com\/wp-content\/uploads\/2024\/12\/Adjustable-Clevis-Type-Cylinders-6.webp\" alt=\"Ayarlanabilir \u00c7atal Tipi Silindir\" width=\"807\" title=\"\"><\/p>\n<p>M\u00fc\u015fterilerimize y\u00fcksek kaliteli \u00fcr\u00fcn ve hizmetler sunmaya kendimizi adad\u0131k ve hidrolik silindir ihtiya\u00e7lar\u0131n\u0131z\u0131 kar\u015f\u0131layabilece\u011fimizden eminiz. Daha fazla bilgi edinmek veya sipari\u015f vermek i\u00e7in bizimle ileti\u015fime ge\u00e7mekten \u00e7ekinmeyin.<\/p>\n<p>Yazar: CX<\/p>","protected":false},"excerpt":{"rendered":"<p>Factory Serving Small Hydraulic Cylinder Double Acting Hydraulic Cylinder For Snow Plow Factory Serving Small Hydraulic Cylinder Double Acting Hydraulic Cylinder For Snow Plow is a high-quality hydraulic cylinder designed specifically for use in snow plows. With its double acting capability, this cylinder delivers powerful and reliable performance, helping to clear snow and ice quickly [&hellip;]<\/p>","protected":false},"featured_media":1459,"comment_status":"closed","ping_status":"closed","template":"","meta":{"_et_pb_use_builder":"","_et_pb_old_content":"","_et_gb_content_width":""},"product_brand":[],"product_cat":[42],"product_tag":[34,44],"class_list":{"0":"post-1458","1":"product","2":"type-product","3":"status-publish","4":"has-post-thumbnail","6":"product_cat-snow-plow-hydraulic-cylinder","7":"product_tag-hydraulic-cylinder","8":"product_tag-snow-plow-hydraulic-cylinder","10":"first","11":"instock","12":"product-type-simple"},"_links":{"self":[{"href":"https:\/\/fmp-components.com\/tr\/wp-json\/wp\/v2\/product\/1458","targetHints":{"allow":["GET"]}}],"collection":[{"href":"https:\/\/fmp-components.com\/tr\/wp-json\/wp\/v2\/product"}],"about":[{"href":"https:\/\/fmp-components.com\/tr\/wp-json\/wp\/v2\/types\/product"}],"replies":[{"embeddable":true,"href":"https:\/\/fmp-components.com\/tr\/wp-json\/wp\/v2\/comments?post=1458"}],"wp:featuredmedia":[{"embeddable":true,"href":"https:\/\/fmp-components.com\/tr\/wp-json\/wp\/v2\/media\/1459"}],"wp:attachment":[{"href":"https:\/\/fmp-components.com\/tr\/wp-json\/wp\/v2\/media?parent=1458"}],"wp:term":[{"taxonomy":"product_brand","embeddable":true,"href":"https:\/\/fmp-components.com\/tr\/wp-json\/wp\/v2\/product_brand?post=1458"},{"taxonomy":"product_cat","embeddable":true,"href":"https:\/\/fmp-components.com\/tr\/wp-json\/wp\/v2\/product_cat?post=1458"},{"taxonomy":"product_tag","embeddable":true,"href":"https:\/\/fmp-components.com\/tr\/wp-json\/wp\/v2\/product_tag?post=1458"}],"curies":[{"name":"wp","href":"https:\/\/api.w.org\/{rel}","templated":true}]}}