{"id":1446,"date":"2024-12-23T05:49:26","date_gmt":"2024-12-23T05:49:26","guid":{"rendered":"https:\/\/fmp-components.com\/product\/china-factory-supply-agricultural-machinery-hydraulic-cylinders-snow-plow-hydraulic-cylinder-double-acting\/"},"modified":"2024-12-23T08:48:27","modified_gmt":"2024-12-23T08:48:27","slug":"italy-factory-supply-agricultural-machinery-hydraulic-cylinders-snow-plow-hydraulic-cylinder-double-acting","status":"publish","type":"product","link":"https:\/\/fmp-components.com\/tr\/product\/italy-factory-supply-agricultural-machinery-hydraulic-cylinders-snow-plow-hydraulic-cylinder-double-acting\/","title":{"rendered":"\u0130talya Fabrikas\u0131 Tar\u0131m Makineleri Hidrolik Silindirleri Kar K\u00fcreme Makinesi Hidrolik Silindiri \u00c7ift Etkili"},"content":{"rendered":"<h2>\u0130talya Fabrikas\u0131 Tar\u0131m Makineleri Hidrolik Silindirleri Kar K\u00fcreme Makinesi Hidrolik Silindiri \u00c7ift Etkili<\/h2>\n<p>\u0130talya Fabrika Tedarik Tar\u0131m Makineleri Hidrolik Silindirleri Kar K\u00fcreme Hidrolik Silindiri \u00c7ift Etkili, tar\u0131m makineleri i\u00e7in tasarlanm\u0131\u015f y\u00fcksek kaliteli ve verimli bir hidrolik silindirdir. \u00d6zellikle kar k\u00fcreme makineleri i\u00e7in tasarlanm\u0131\u015ft\u0131r ve geli\u015fmi\u015f i\u015flevsellik i\u00e7in \u00e7ift etkili bir mekanizmaya sahiptir.<\/p>\n<p>Bu hidrolik silindir, dayan\u0131kl\u0131l\u0131k ve performansa odaklan\u0131larak \u0130talya'da \u00fcretilmi\u015ftir. Zorlu ko\u015fullarda bile uzun s\u00fcreli kullan\u0131m sa\u011flamak i\u00e7in y\u00fcksek kaliteli malzemelerden yap\u0131lm\u0131\u015ft\u0131r. Silindir, a\u011f\u0131r y\u00fckleri ta\u015f\u0131yacak ve sorunsuz ve g\u00fcvenilir \u00e7al\u0131\u015fma sa\u011flayacak \u015fekilde tasarlanm\u0131\u015ft\u0131r.<\/p>\n<p>\u00c7ift etkili mekanizma, hidrolik silindirin uzay\u0131p k\u0131salmas\u0131na olanak tan\u0131yarak kar k\u00fcreme i\u015flemleri s\u0131ras\u0131nda esneklik ve kontrol sa\u011flar. Bu \u00f6zellik, k\u00fcreme aletinin kar\u0131 hem itmesini hem de kald\u0131rmas\u0131n\u0131 sa\u011flayarak verimli kar temizli\u011fi sa\u011flar ve yollar\u0131, giri\u015f yollar\u0131n\u0131 ve di\u011fer y\u00fczeyleri temizlemek i\u00e7in ideal bir se\u00e7im haline getirir.<\/p>\n<p><img decoding=\"async\" title=\"Kar K\u00fcreme Hidrolik Silindiri\" src=\"https:\/\/hzpt.com\/wp-content\/uploads\/2023\/11\/Snow-Plow-Hydraulic-Cylinder-2.webp\" alt=\"Kar K\u00fcreme Hidrolik Silindiri\" \/><\/p>\n<p>\u0130talya Fabrikas\u0131 Tedarik Tar\u0131m Makineleri Hidrolik Silindirleri Kar K\u00fcreme Makinesi Hidrolik Silindiri \u00c7ift Etkili, kurulumu kolayd\u0131r ve \u00e7e\u015fitli tar\u0131m makineleri modelleriyle uyumludur. Mevcut hidrolik sistemlere sorunsuz bir \u015fekilde entegre olacak \u015fekilde tasarlanm\u0131\u015ft\u0131r, b\u00f6ylece ar\u0131za s\u00fcrelerini en aza indirir ve verimlili\u011fi en \u00fcst d\u00fczeye \u00e7\u0131kar\u0131r.<\/p>\n<p>Sa\u011flam yap\u0131s\u0131, g\u00fcvenilir performans\u0131 ve \u00e7ok y\u00f6nl\u00fcl\u00fc\u011f\u00fc ile bu hidrolik silindir, kar k\u00fcreme ekipman\u0131na sahip her t\u00fcrl\u00fc tar\u0131m makinesi i\u00e7in vazge\u00e7ilmez bir bile\u015fendir. Verimli kar temizleme ihtiya\u00e7lar\u0131n\u0131z\u0131 kar\u015f\u0131layan y\u00fcksek kaliteli bir \u00fcr\u00fcn i\u00e7in Italy Factory Supply'a g\u00fcvenin.<\/p>\n<h2>Ayarlanabilir \u00c7atal Tipi Silindirlerin Avantajlar\u0131<\/h2>\n<p>Ayarlanabilir mafsal tipi silindirler, mafsal ba\u011flant\u0131s\u0131 ve ayarlanabilir bir ba\u011flant\u0131 par\u00e7as\u0131 ile birlikte gelen bir hidrolik silindir t\u00fcr\u00fcd\u00fcr. Genellikle tar\u0131m makinelerinde, kar k\u00fcreme ara\u00e7lar\u0131nda ve di\u011fer a\u011f\u0131r hizmet ekipmanlar\u0131nda kullan\u0131l\u0131rlar. Bu makalede, ayarlanabilir mafsal tipi silindirlerin kullan\u0131m\u0131n\u0131n avantajlar\u0131n\u0131 ele alaca\u011f\u0131z.<\/p>\n<h3>1. \u00c7ok Y\u00f6nl\u00fcl\u00fck<\/h3>\n<p>Ayarlanabilir mafsal tipi silindirlerin en \u00f6nemli avantajlar\u0131ndan biri \u00e7ok y\u00f6nl\u00fcl\u00fckleridir. Tar\u0131m makineleri ve kar k\u00fcreme ara\u00e7lar\u0131 da dahil olmak \u00fczere \u00e7e\u015fitli uygulamalarda kullan\u0131labilirler. Ayarlanabilir ba\u011flant\u0131 par\u00e7as\u0131, kolay kurulum ve ayarlama imkan\u0131 sa\u011flad\u0131\u011f\u0131 i\u00e7in \u00fcreticiler aras\u0131nda pop\u00fcler bir tercihtir.<\/p>\n<p>\u00d6rne\u011fin, \u0130talya Fabrika Tedarik Tar\u0131m Makineleri Hidrolik Silindirleri Kar K\u00fcreme Hidrolik Silindiri \u00c7ift Etkili, kar k\u00fcreme makinelerinde b\u0131\u00e7ak a\u00e7\u0131s\u0131n\u0131 ayarlamak i\u00e7in yayg\u0131n olarak kullan\u0131l\u0131r. Ayarlanabilir mafsal tipi bir silindir kullanarak, operat\u00f6r b\u0131\u00e7ak a\u00e7\u0131s\u0131n\u0131 kar ko\u015fullar\u0131na uygun \u015fekilde kolayca ayarlayabilir.<\/p>\n<h3>2. Dayan\u0131kl\u0131l\u0131k<\/h3>\n<p>Ayarlanabilir mafsal tipi silindirler, a\u011f\u0131r y\u00fckleri ve zorlu ortamlar\u0131 kald\u0131racak \u015fekilde tasarlanm\u0131\u015ft\u0131r. Korozyona ve a\u015f\u0131nmaya dayan\u0131kl\u0131 y\u00fcksek kaliteli malzemelerden \u00fcretilmi\u015ftir. Bu \u00f6zellikleri sayesinde tar\u0131m makinelerinde ve di\u011fer a\u011f\u0131r hizmet ekipmanlar\u0131nda kullan\u0131m i\u00e7in idealdirler.<\/p>\n<p>Ayr\u0131ca, \u0130talya Fabrika Tedarik Tar\u0131m Makineleri Hidrolik Silindirleri Kar K\u00fcreme Hidrolik Silindirleri \u00c7ift Etkili, silindirlerin dayan\u0131kl\u0131l\u0131\u011f\u0131n\u0131 ve uzun \u00f6mr\u00fcn\u00fc sa\u011flamak i\u00e7in y\u00fcksek mukavemetli malzemeler kullanmaktad\u0131r. A\u015f\u0131r\u0131 s\u0131cakl\u0131klara, y\u00fcksek bas\u0131n\u00e7lara ve a\u011f\u0131r y\u00fcklere dayanacak \u015fekilde tasarlanm\u0131\u015flard\u0131r, bu da onlar\u0131 zorlu ortamlarda kullan\u0131m i\u00e7in g\u00fcvenilir bir se\u00e7im haline getirmektedir.<\/p>\n<h3>3. Hassasiyet<\/h3>\n<p>Ayarlanabilir mafsal tipi silindirler hassasiyetleriyle bilinir. Bir\u00e7ok uygulamada hayati \u00f6nem ta\u015f\u0131yan do\u011fru ve tutarl\u0131 hareket sa\u011flarlar. Ayarlanabilir ba\u011flant\u0131 par\u00e7as\u0131, hassas ayarlamaya olanak tan\u0131yarak silindirin sorunsuz ve verimli \u00e7al\u0131\u015fmas\u0131n\u0131 sa\u011flar.<\/p>\n<p>\u00d6rne\u011fin, tar\u0131m makinelerinde, pullu\u011fun hareketini kontrol etmek i\u00e7in ayarlanabilir mafsal tipi silindirler kullan\u0131l\u0131r. Hassas bir silindir kullanarak, operat\u00f6r pullu\u011fun do\u011fru y\u00f6nde ve do\u011fru h\u0131zda hareket etti\u011finden emin olabilir.<\/p>\n<h3>4. Kolay Bak\u0131m<\/h3>\n<p>Ayarlanabilir mafsal tipi silindirlerin bir di\u011fer avantaj\u0131 da bak\u0131mlar\u0131n\u0131n kolay olmas\u0131d\u0131r. S\u00f6k\u00fcl\u00fcp onar\u0131lmalar\u0131 kolay olacak \u015fekilde tasarlanm\u0131\u015flard\u0131r, bu da a\u011f\u0131r hizmet ekipmanlar\u0131nda \u00f6nemlidir. Bu durum, onlar\u0131 \u00fcreticiler ve operat\u00f6rler i\u00e7in uygun maliyetli bir se\u00e7enek haline getirir.<\/p>\n<p>Ayr\u0131ca, \u0130talya Fabrika Tedarik Tar\u0131m Makineleri Hidrolik Silindirleri Kar K\u00fcreme Hidrolik Silindiri \u00c7ift Etkili modelleri, bak\u0131m\u0131 kolay olacak \u015fekilde tasarlanm\u0131\u015ft\u0131r. \u0130htiya\u00e7 duyuldu\u011funda kolayca de\u011fi\u015ftirilebilen, de\u011fi\u015ftirilebilir contalar ve di\u011fer bile\u015fenlerle birlikte gelirler.<\/p>\n<p>Ayarlanabilir mafsal tipi silindirler, \u00e7ok y\u00f6nl\u00fc, dayan\u0131kl\u0131, hassas ve bak\u0131m\u0131 kolay bir hidrolik silindir t\u00fcr\u00fcd\u00fcr. Ayarlanabilir ba\u011flant\u0131 par\u00e7as\u0131 kullan\u0131m\u0131, kolay kurulum ve ayarlamaya olanak tan\u0131yarak, tar\u0131m makineleri ve kar k\u00fcreme ara\u00e7lar\u0131 da dahil olmak \u00fczere bir\u00e7ok uygulamada pop\u00fcler bir se\u00e7im haline gelmelerini sa\u011flar. \u0130talya Fabrika Tedarik Tar\u0131m Makineleri Hidrolik Silindirleri Kar K\u00fcreme Arac\u0131 Hidrolik Silindiri \u00c7ift Etkili \u00fcr\u00fcn\u00fcn\u00fc kullanarak, operat\u00f6rler ekipmanlar\u0131n\u0131n en zorlu ko\u015fullarda bile sorunsuz ve verimli bir \u015fekilde \u00e7al\u0131\u015fmas\u0131n\u0131 sa\u011flayabilirler.<\/p>\n<h3>FMP Hidrolik Silindir Hakk\u0131nda<\/h3>\n<p>FMP, y\u00fcksek kaliteli in\u015faat makinesi par\u00e7alar\u0131 ve komple makinelerin sat\u0131\u015f ve servisinde uzmanla\u015fm\u0131\u015f lider bir firmad\u0131r. Hidrolik silindirimiz en \u00e7ok satan \u00fcr\u00fcnlerimizden biridir ve \u00f6zelliklerini ve avantajlar\u0131n\u0131 m\u00fc\u015fterilerimize sunmaktan gurur duyuyoruz:<\/p>\n<ol>\n<li><strong>Sa\u011flam ve Dayan\u0131kl\u0131:<\/strong> Hidrolik silindirimiz, dayan\u0131kl\u0131l\u0131\u011f\u0131n\u0131 ve uzun \u00f6m\u00fcrl\u00fcl\u00fc\u011f\u00fcn\u00fc garanti eden y\u00fcksek kaliteli malzemelerden \u00fcretilmi\u015ftir. Zorlu ortamlara ve a\u011f\u0131r hizmet operasyonlar\u0131na dayanacak \u015fekilde tasarlanm\u0131\u015ft\u0131r ve bu da onu in\u015faat makineleri i\u00e7in ideal bir se\u00e7im haline getirir.<\/li>\n<li><strong>\u00d6zelle\u015ftirilebilir:<\/strong> Ayarlanabilir \u00e7atal tipi silindirler, ba\u011flant\u0131 \u00e7ubu\u011fu silindirleri ve kaynakl\u0131 silindirler dahil olmak \u00fczere geni\u015f bir hidrolik silindir yelpazesi sunuyoruz. Uzman ekibimiz ayr\u0131ca silindirleri sizin \u00f6zel ihtiya\u00e7lar\u0131n\u0131za ve \u00f6zelliklerinize g\u00f6re \u00f6zelle\u015ftirebilir.<\/li>\n<li><strong>P\u00fcr\u00fczs\u00fcz ve Verimli:<\/strong> Hidrolik silindirimiz, sorunsuz ve verimli bir \u00e7al\u0131\u015fma sa\u011flayan y\u00fcksek kaliteli piston ve piston kolu contas\u0131na sahiptir. Ayr\u0131ca, montaj alan\u0131ndan tasarruf sa\u011flayan ve enerji t\u00fcketimini azaltan kompakt bir tasar\u0131ma sahiptir.<\/li>\n<li><strong>Maliyet Etkin:<\/strong> Hidrolik silindirimiz, y\u00fcksek kalite standartlar\u0131n\u0131 korurken rekabet\u00e7i bir fiyata sahiptir. D\u00fc\u015f\u00fck bak\u0131m gereksinimi ve uzun kullan\u0131m \u00f6mr\u00fc, m\u00fc\u015fterilerimizin operasyonel maliyetlerini de azalt\u0131r.<\/li>\n<li><strong>M\u00fckemmel M\u00fc\u015fteri Hizmetleri:<\/strong> FMP olarak, uzman \u00fcr\u00fcn dan\u0131\u015fmanl\u0131\u011f\u0131 ve ak\u0131ll\u0131 sat\u0131n alma \u00f6nerileri sunan deneyimli ve profesyonel sat\u0131\u015f temsilcilerinden olu\u015fan bir ekibimiz bulunmaktad\u0131r. Ayr\u0131ca, \u00fcr\u00fcnlerimizin m\u00fc\u015fterilerimize zaman\u0131nda ve do\u011fru bir \u015fekilde teslim edilmesini sa\u011flayan verimli bir lojistik da\u011f\u0131t\u0131m sistemimiz de mevcuttur.<\/li>\n<\/ol>\n<p>Uzun y\u0131llard\u0131r sekt\u00f6rde faaliyet g\u00f6steren bir \u015firket olarak, m\u00fc\u015fterilerimize en iyi \u00fcr\u00fcn ve hizmetleri sunmaya kararl\u0131y\u0131z. FMP hidrolik silindir ile in\u015faat makineleri ihtiya\u00e7lar\u0131n\u0131z i\u00e7in g\u00fcvenilir ve y\u00fcksek performansl\u0131 bir hidrolik sisteme sahip olaca\u011f\u0131n\u0131zdan emin olabilirsiniz.<\/p>\n<p><img decoding=\"async\" src=\"https:\/\/fmp-components.com\/wp-content\/uploads\/2024\/12\/Adjustable-Clevis-Type-Cylinders-6.webp\" alt=\"Ayarlanabilir \u00c7atal Tipi Silindir\" width=\"801\" title=\"\">Yazar: CX<\/p>","protected":false},"excerpt":{"rendered":"<p>Italy Factory Supply Agricultural Machinery Hydraulic Cylinders Snow Plow Hydraulic Cylinder Double Acting Italy Factory Supply Agricultural Machinery Hydraulic Cylinders Snow Plow Hydraulic Cylinder Double Acting is a high-quality and efficient hydraulic cylinder designed for agricultural machinery. It is specifically designed for snow plows and features a double-acting mechanism for enhanced functionality. This hydraulic cylinder [&hellip;]<\/p>","protected":false},"featured_media":1447,"comment_status":"closed","ping_status":"closed","template":"","meta":{"_et_pb_use_builder":"","_et_pb_old_content":"","_et_gb_content_width":""},"product_brand":[],"product_cat":[42],"product_tag":[34,44],"class_list":{"0":"post-1446","1":"product","2":"type-product","3":"status-publish","4":"has-post-thumbnail","6":"product_cat-snow-plow-hydraulic-cylinder","7":"product_tag-hydraulic-cylinder","8":"product_tag-snow-plow-hydraulic-cylinder","10":"first","11":"instock","12":"product-type-simple"},"_links":{"self":[{"href":"https:\/\/fmp-components.com\/tr\/wp-json\/wp\/v2\/product\/1446","targetHints":{"allow":["GET"]}}],"collection":[{"href":"https:\/\/fmp-components.com\/tr\/wp-json\/wp\/v2\/product"}],"about":[{"href":"https:\/\/fmp-components.com\/tr\/wp-json\/wp\/v2\/types\/product"}],"replies":[{"embeddable":true,"href":"https:\/\/fmp-components.com\/tr\/wp-json\/wp\/v2\/comments?post=1446"}],"wp:featuredmedia":[{"embeddable":true,"href":"https:\/\/fmp-components.com\/tr\/wp-json\/wp\/v2\/media\/1447"}],"wp:attachment":[{"href":"https:\/\/fmp-components.com\/tr\/wp-json\/wp\/v2\/media?parent=1446"}],"wp:term":[{"taxonomy":"product_brand","embeddable":true,"href":"https:\/\/fmp-components.com\/tr\/wp-json\/wp\/v2\/product_brand?post=1446"},{"taxonomy":"product_cat","embeddable":true,"href":"https:\/\/fmp-components.com\/tr\/wp-json\/wp\/v2\/product_cat?post=1446"},{"taxonomy":"product_tag","embeddable":true,"href":"https:\/\/fmp-components.com\/tr\/wp-json\/wp\/v2\/product_tag?post=1446"}],"curies":[{"name":"wp","href":"https:\/\/api.w.org\/{rel}","templated":true}]}}