{"id":1391,"date":"2024-12-23T02:19:41","date_gmt":"2024-12-23T02:19:41","guid":{"rendered":"https:\/\/fmp-components.com\/product\/china-factory-supply-custom-hydraulic-cylinder-double-acting-mini-hydraulic-cylinders\/"},"modified":"2024-12-23T08:50:06","modified_gmt":"2024-12-23T08:50:06","slug":"italy-factory-supply-custom-hydraulic-cylinder-double-acting-mini-hydraulic-cylinders","status":"publish","type":"product","link":"https:\/\/fmp-components.com\/tr\/product\/italy-factory-supply-custom-hydraulic-cylinder-double-acting-mini-hydraulic-cylinders\/","title":{"rendered":"\u0130talya Fabrikas\u0131 \u00d6zel Hidrolik Silindir Tedarik \u00c7ift Etkili Mini Hidrolik Silindirler"},"content":{"rendered":"<h2>\u0130talya Fabrikas\u0131 \u00d6zel Hidrolik Silindir Tedarik \u00c7ift Etkili Mini Hidrolik Silindirler<\/h2>\n<p>\u0130talya Fabrikas\u0131 Tedarikli \u00d6zel Hidrolik Silindirler \u00c7ift Etkili Mini Hidrolik Silindirler, k\u00fc\u00e7\u00fck \u00f6l\u00e7ekli hidrolik uygulamalar i\u00e7in m\u00fckemmel bir \u00e7\u00f6z\u00fcmd\u00fcr. Bu kompakt silindirler, k\u00fc\u00e7\u00fck bir pakette y\u00fcksek kuvvet sa\u011flamak \u00fczere tasarlanm\u0131\u015ft\u0131r ve bu da onlar\u0131 dar alanlarda kullan\u0131m i\u00e7in ideal hale getirir.<\/p>\n<p>Y\u00fcksek kaliteli malzemelerden \u00fcretilen bu hidrolik silindirler uzun \u00f6m\u00fcrl\u00fcd\u00fcr. \u00c7ift etkili tasar\u0131m\u0131, silindirin hareketinin hassas bir \u015fekilde kontrol edilmesini sa\u011flarken, \u00f6zel tasar\u0131m\u0131 da silindirin uygulaman\u0131za m\u00fckemmel \u015fekilde uymas\u0131n\u0131 garanti eder.<\/p>\n<p>Geni\u015f boyut ve kapasite se\u00e7enekleriyle \u0130talya Fabrika Tedarikli \u00d6zel Hidrolik Silindir \u00c7ift Etkili Mini Hidrolik Silindirler, her t\u00fcrl\u00fc k\u00fc\u00e7\u00fck \u00f6l\u00e7ekli hidrolik proje i\u00e7in ideal se\u00e7imdir. \u0130ster a\u011f\u0131r kald\u0131rma i\u00e7in g\u00fc\u00e7l\u00fc bir silindire, ister hassas makineler i\u00e7in hassas bir silindire ihtiyac\u0131n\u0131z olsun, bu silindirler ihtiya\u00e7lar\u0131n\u0131z\u0131 kar\u015f\u0131layacakt\u0131r.<\/p>\n<p><img loading=\"lazy\" decoding=\"async\" class=\"alignnone size-full wp-image-1334\" src=\"https:\/\/fmp-components.com\/wp-content\/uploads\/2024\/12\/Adjustable-Clevis-Type-Cylinders-4.webp\" alt=\"Ayarlanabilir-\u00c7ember-Tipi-Silindirler\" width=\"800\" height=\"800\" title=\"\" srcset=\"https:\/\/fmp-components.com\/wp-content\/uploads\/2024\/12\/Adjustable-Clevis-Type-Cylinders-4.webp 800w, https:\/\/fmp-components.com\/wp-content\/uploads\/2024\/12\/Adjustable-Clevis-Type-Cylinders-4-480x480.webp 480w\" sizes=\"(min-width: 0px) and (max-width: 480px) 480px, (min-width: 481px) 800px, 100vw\" \/><\/p>\n<p>\u0130talya'daki fabrikalardan \u00f6zel \u00fcretim \u00e7ift etkili mini hidrolik silindirlere yat\u0131r\u0131m yap\u0131n; kompakt bir pakette g\u00fcvenilir ve y\u00fcksek performansl\u0131 hidrolik g\u00fc\u00e7 elde edin.<\/p>\n<p>\u0130talya'daki son teknoloji fabrikam\u0131zdan do\u011frudan gelen yeni hidrolik silindir serimizi tan\u0131t\u0131yoruz. Bu \u00f6zel \u00e7ift etkili mini hidrolik silindirler, makine tamir at\u00f6lyeleri, \u00e7iftlikler, enerji ve madencilik, makine imalat\u0131 ve daha bir\u00e7ok sekt\u00f6r i\u00e7in m\u00fckemmeldir. Bir y\u0131l garantili, rulmanlardan ve hidrolik silindirin kendisinden olu\u015fan temel bile\u015fenlere sahip ve 30 kg a\u011f\u0131rl\u0131\u011f\u0131ndaki bu silindirler, sa\u011flam, g\u00fcvenilir ve uzun \u00f6m\u00fcrl\u00fc olacak \u015fekilde tasarlanm\u0131\u015ft\u0131r.<\/p>\n<h2>Ayarlanabilir \u00c7atal Tipi Silindirlerin Avantajlar\u0131<\/h2>\n<p>Ayarlanabilir mafsal tipi silindirler, hidrolik g\u00fc\u00e7 aktar\u0131m\u0131 alan\u0131nda pop\u00fcler bir tercihtir. Bu silindirler, onlar\u0131 \u00e7e\u015fitli uygulamalar i\u00e7in ideal bir se\u00e7im haline getiren geni\u015f bir yelpazede avantajlara sahiptir. Bu makalede, ayarlanabilir mafsal tipi silindirlerin avantajlar\u0131n\u0131 derinlemesine inceleyece\u011fiz.<\/p>\n<h3>1. \u00c7ok Y\u00f6nl\u00fcl\u00fck<\/h3>\n<p>Ayarlanabilir mafsall\u0131 silindirlerin en \u00f6nemli avantajlar\u0131ndan biri \u00e7ok y\u00f6nl\u00fcl\u00fckleridir. Bu silindirler, \u00e7ok \u00e7e\u015fitli uygulamalara uyacak \u015fekilde \u00f6zelle\u015ftirilebilir ve bu da onlar\u0131 \u00e7e\u015fitli sekt\u00f6rler i\u00e7in pop\u00fcler bir se\u00e7im haline getirir. A\u011f\u0131r hizmet tipi in\u015faat ekipmanlar\u0131ndan k\u00fc\u00e7\u00fck \u00f6l\u00e7ekli \u00fcretim makinelerine kadar, ayarlanabilir mafsall\u0131 silindirler her projenin \u00f6zel ihtiya\u00e7lar\u0131n\u0131 kar\u015f\u0131layacak \u015fekilde uyarlanabilir.<\/p>\n<h3>2. Artan Verimlilik<\/h3>\n<p>Ayarlanabilir mafsall\u0131 silindirlerin bir di\u011fer \u00f6nemli avantaj\u0131 da verimlili\u011fi art\u0131rma yetenekleridir. Bu silindirler, y\u00fcksek d\u00fczeyde kuvvet ve g\u00fc\u00e7 sa\u011flarken ayn\u0131 zamanda enerji verimlili\u011fini de en \u00fcst d\u00fczeye \u00e7\u0131karmak \u00fczere tasarlanm\u0131\u015ft\u0131r. Bu, genel enerji t\u00fcketimini azaltmaya yard\u0131mc\u0131 olabilecekleri ve zaman i\u00e7inde \u00f6nemli maliyet tasarruflar\u0131 sa\u011flayabilecekleri anlam\u0131na gelir.<\/p>\n<h3>3. Geli\u015ftirilmi\u015f G\u00fcvenlik<\/h3>\n<p>Ayarlanabilir mafsal tipi silindirler de g\u00fcvenlik g\u00f6z \u00f6n\u00fcnde bulundurularak tasarlanm\u0131\u015ft\u0131r. Bu silindirler, kazalar\u0131 ve yaralanmalar\u0131 \u00f6nlemeye yard\u0131mc\u0131 olan bas\u0131n\u00e7 tahliye vanalar\u0131 ve a\u015f\u0131r\u0131 y\u00fck koruma sistemleri gibi \u00e7e\u015fitli g\u00fcvenlik \u00f6zellikleriyle donat\u0131lm\u0131\u015ft\u0131r. Bu da onlar\u0131 imalat ve in\u015faat gibi g\u00fcvenli\u011fin en \u00f6ncelikli oldu\u011fu sekt\u00f6rlerde pop\u00fcler bir se\u00e7im haline getirmektedir.<\/p>\n<h3>4. Dayan\u0131kl\u0131l\u0131k<\/h3>\n<p>Ayarlanabilir mafsal tipi silindirlerin bir di\u011fer \u00f6nemli avantaj\u0131 da dayan\u0131kl\u0131l\u0131klar\u0131d\u0131r. Bu silindirler en zorlu \u00e7al\u0131\u015fma ko\u015fullar\u0131na bile dayanacak \u015fekilde \u00fcretilmi\u015ftir ve minimum bak\u0131m ile uzun y\u0131llar dayanacak \u015fekilde tasarlanm\u0131\u015ft\u0131r. Bu da onlar\u0131 uzun vadede maliyet etkin bir se\u00e7im haline getirir, \u00e7\u00fcnk\u00fc di\u011fer hidrolik silindir t\u00fcrlerine g\u00f6re daha az s\u0131kl\u0131kla onar\u0131m ve de\u011fi\u015ftirme gerektirirler.<\/p>\n<h3>5. \u00d6zelle\u015ftirilebilirlik<\/h3>\n<p>Son olarak, ayarlanabilir mafsal tipi silindirler son derece \u00f6zelle\u015ftirilebilir \u00f6zelliktedir. Boyut, \u015fekil ve performans dahil olmak \u00fczere \u00e7ok \u00e7e\u015fitli \u00f6zellik ve gereksinimleri kar\u015f\u0131layacak \u015fekilde tasarlanabilirler. Bu da onlar\u0131, \u00f6zel makineler ve ekipmanlar gibi standart hidrolik silindirlerin uygun olmayabilece\u011fi projeler i\u00e7in ideal bir se\u00e7im haline getirir.<\/p>\n<p>Sonu\u00e7 olarak, ayarlanabilir mafsal tipi silindirler, hidrolik g\u00fc\u00e7 aktar\u0131m\u0131 d\u00fcnyas\u0131nda pop\u00fcler bir se\u00e7im olmalar\u0131n\u0131 sa\u011flayan geni\u015f bir yelpazede avantaj sunmaktad\u0131r. Artan verimlilik ve geli\u015ftirilmi\u015f g\u00fcvenlikten \u00e7ok y\u00f6nl\u00fcl\u00fc\u011fe ve \u00f6zelle\u015ftirilebilirli\u011fe kadar, bu silindirler \u00e7ok \u00e7e\u015fitli uygulamalar i\u00e7in bir \u015feyler sunmaktad\u0131r. Y\u00fcksek kaliteli hidrolik silindirlere ihtiyac\u0131n\u0131z varsa, \u0130talya Fabrika Tedarik \u00d6zel Hidrolik Silindir \u00c7ift Etkili Mini Hidrolik Silindirler dikkate al\u0131nmas\u0131 gereken harika bir se\u00e7enektir!<img decoding=\"async\" src=\"https:\/\/fmp-components.com\/wp-content\/uploads\/2024\/12\/Adjustable-Clevis-Type-Cylinders5.webp\" alt=\"Ayarlanabilir \u00c7atal Tipi Silindir\" width=\"800\" title=\"\"><\/p>\n<h2>Ayarlanabilir \u00c7atal Tip Silindirlerin Uygulamas\u0131<\/h2>\n<p>Ayarlanabilir mafsal tipi silindirler, \u00f6zel hidrolik silindirler veya \u00e7ift etkili mini hidrolik silindirler olarak da bilinir ve \u00e7ok y\u00f6nl\u00fcl\u00fckleri ve verimlilikleri nedeniyle \u00e7e\u015fitli end\u00fcstrilerde temel bile\u015fenlerdir. Bu silindirler, geni\u015f bir uygulama ve fayda yelpazesi sunarak piyasada olduk\u00e7a ra\u011fbet g\u00f6rmektedir. Bu makalede, ayarlanabilir mafsal tipi silindirlerin baz\u0131 \u00f6nemli uygulamalar\u0131n\u0131 inceleyece\u011fiz ve ayr\u0131nt\u0131l\u0131 a\u00e7\u0131klamalar\u0131na de\u011finece\u011fiz.<\/p>\n<h3>1. End\u00fcstriyel Otomasyon<\/h3>\n<p>End\u00fcstriyel otomasyon alan\u0131nda, ayarlanabilir mafsal tipi silindirler, verimlili\u011fi art\u0131rmada ve i\u015flemleri kolayla\u015ft\u0131rmada \u00e7ok \u00f6nemli bir rol oynar. Bu silindirler genellikle hassas ve kontroll\u00fc hareketlerin gerekli oldu\u011fu robotik sistemlerde kullan\u0131l\u0131r. Ayarlanabilir strok uzunluklar\u0131 ve hassas konumland\u0131rma yetenekleri sayesinde, robotlar\u0131n karma\u015f\u0131k g\u00f6revleri do\u011fruluk ve verimlilikle ger\u00e7ekle\u015ftirmelerini sa\u011flarlar. Italy Factory Supply Custom Hydraulic Cylinder, end\u00fcstriyel otomasyonun taleplerini kar\u015f\u0131layan y\u00fcksek kaliteli \u00e7\u00f6z\u00fcmler sunan, sayg\u0131n bir ayarlanabilir mafsal tipi silindir tedarik\u00e7isidir.<\/p>\n<h3>2. Malzeme Ta\u015f\u0131ma<\/h3>\n<p>Ayarlanabilir mafsal tipi silindirler, forkliftler, vin\u00e7ler ve konvey\u00f6rler gibi malzeme ta\u015f\u0131ma ekipmanlar\u0131nda yayg\u0131n olarak kullan\u0131lmaktad\u0131r. Bu silindirler, a\u011f\u0131r y\u00fcklerin sorunsuz bir \u015fekilde kald\u0131r\u0131lmas\u0131n\u0131, indirilmesini ve konumland\u0131r\u0131lmas\u0131n\u0131 sa\u011flayarak g\u00fcvenli ve verimli malzeme ta\u015f\u0131mac\u0131l\u0131\u011f\u0131n\u0131 garanti eder. \u00c7ift etkili \u00f6zelli\u011fi, hem itme hem de \u00e7ekme hareketlerine olanak tan\u0131yarak \u00e7e\u015fitli malzeme ta\u015f\u0131ma uygulamalar\u0131nda \u00e7ok y\u00f6nl\u00fcl\u00fck sa\u011flar. Italy Factory Supply \u00d6zel Hidrolik Silindir, belirli malzeme ta\u015f\u0131ma gereksinimlerine g\u00f6re uyarlanm\u0131\u015f \u00e7ok \u00e7e\u015fitli \u00f6zel hidrolik silindir se\u00e7enekleri sunmaktad\u0131r.<\/p>\n<h3>3. \u0130n\u015faat Makineleri<\/h3>\n<p>\u0130n\u015faat makineleri, sa\u011flaml\u0131klar\u0131 ve uyarlanabilirlikleri nedeniyle ayarlanabilir mafsal tipi silindirlere b\u00fcy\u00fck \u00f6l\u00e7\u00fcde ba\u011f\u0131ml\u0131d\u0131r. Bu silindirler genellikle ekskavat\u00f6rlerde, y\u00fckleyicilerde ve buldozerlerde bulunur ve a\u011f\u0131r malzemelerin kaz\u0131lmas\u0131, kald\u0131r\u0131lmas\u0131 ve itilmesi i\u00e7in gerekli kuvveti ve hassasiyeti sa\u011flarlar. Dayan\u0131kl\u0131l\u0131klar\u0131 ve zorlu \u00e7al\u0131\u015fma ko\u015fullar\u0131na dayanabilme yetenekleri, onlar\u0131 in\u015faat sahalar\u0131n\u0131n zorlu do\u011fas\u0131 i\u00e7in ideal hale getirir. \u0130talya Fabrika Tedarik \u00d6zel Hidrolik Silindir \u00c7ift Etkili Mini Hidrolik Silindirler, in\u015faat sekt\u00f6r\u00fcn\u00fcn kat\u0131 standartlar\u0131n\u0131 kar\u015f\u0131layan g\u00fcvenilir \u00e7\u00f6z\u00fcmler sunar.<\/p>\n<h3>4. Tar\u0131m Ekipmanlar\u0131<\/h3>\n<p>Ayarlanabilir mafsal tipi silindirlerin kullan\u0131m\u0131 tar\u0131m sekt\u00f6r\u00fcne b\u00fcy\u00fck fayda sa\u011flamaktad\u0131r. Bu silindirler, trakt\u00f6rler, bi\u00e7erd\u00f6verler ve ila\u00e7lama makineleri de dahil olmak \u00fczere \u00e7e\u015fitli tar\u0131m ekipmanlar\u0131nda kullan\u0131lmaktad\u0131r. Gerekli g\u00fcc\u00fc ve kontrol\u00fc sa\u011flayarak, pulluk s\u00fcrme, ekim ve hasat gibi temel i\u015fleri kolayla\u015ft\u0131r\u0131rlar. Strok uzunluklar\u0131n\u0131 ayarlama ve performans\u0131 optimize etme yetene\u011fi, farkl\u0131 tar\u0131m ortamlar\u0131nda verimli \u00e7al\u0131\u015fma sa\u011flar. Italy Factory Supply Custom Hydraulic Cylinder, tar\u0131m ekipmanlar\u0131 i\u00e7in \u00f6zel hidrolik silindirler konusunda uzmanla\u015fm\u0131\u015f olup, verimlili\u011fi art\u0131rmak i\u00e7in g\u00fcvenilir \u00e7\u00f6z\u00fcmler sunmaktad\u0131r.<\/p>\n<h3>5. Mobil Ekipman<\/h3>\n<p>Ayarlanabilir mafsal tipi silindirler, hava platformlar\u0131, makasl\u0131 platformlar ve eri\u015fim platformlar\u0131 gibi mobil ekipmanlarda yayg\u0131n olarak kullan\u0131lmaktad\u0131r. Bu silindirler, operat\u00f6r g\u00fcvenli\u011fini ve verimlili\u011fini sa\u011flayarak d\u00fczg\u00fcn ve hassas hareket imkan\u0131 sunar. Kompakt tasar\u0131mlar\u0131 ve y\u00fcksek y\u00fck ta\u015f\u0131ma kapasiteleri ile alan\u0131n s\u0131n\u0131rl\u0131 oldu\u011fu mobil uygulamalar i\u00e7in idealdirler. \u0130talya Fabrikas\u0131 Tedarik \u00d6zel Hidrolik Silindir \u00c7ift Etkili Mini Hidrolik Silindirler, \u00e7e\u015fitli mobil ekipman gereksinimleri i\u00e7in \u00f6zelle\u015ftirilmi\u015f \u00e7\u00f6z\u00fcmler sunarak en y\u00fcksek performans ve g\u00fcvenilirlik standartlar\u0131n\u0131 kar\u015f\u0131lar.<\/p>\n<p>Sonu\u00e7 olarak, ayarlanabilir mafsal tipi silindirler farkl\u0131 sekt\u00f6rlerde geni\u015f bir uygulama yelpazesine sahiptir. \u00c7ok y\u00f6nl\u00fcl\u00fckleri, hassasiyetleri ve dayan\u0131kl\u0131l\u0131klar\u0131, onlar\u0131 end\u00fcstriyel otomasyon, malzeme ta\u015f\u0131ma, in\u015faat makineleri, tar\u0131m ekipmanlar\u0131 ve mobil ekipmanlarda vazge\u00e7ilmez bile\u015fenler haline getirmektedir. Italy Factory Supply Custom Hydraulic Cylinder, bu sekt\u00f6rlerin \u00f6zel ihtiya\u00e7lar\u0131n\u0131 kar\u015f\u0131lamak i\u00e7in \u00e7ift etkili mini hidrolik silindirler de dahil olmak \u00fczere geni\u015f bir yelpazede \u00f6zel hidrolik silindirler sunmaktad\u0131r. Ayarlanabilir mafsal tipi silindirlerin avantajlar\u0131ndan yararlanarak, i\u015fletmeler operasyonlar\u0131n\u0131 geli\u015ftirebilir, verimlili\u011fi art\u0131rabilir ve daha y\u00fcksek etkinlik elde edebilirler.<\/p>\n<p><img decoding=\"async\" src=\"https:\/\/fmp-components.com\/wp-content\/uploads\/2024\/12\/Application-of-Adjustable-Clevis-Type-Cylinders.webp\" alt=\"Ayarlanabilir \u00c7atal Tipi Silindir\" width=\"800\" title=\"\"><\/p>\n<h3>FMP \u2013 Hidrolik Silindir Hakk\u0131nda<\/h3>\n<p>FMP olarak, y\u00fcksek kaliteli in\u015faat makinesi par\u00e7alar\u0131 ve komple makinelerin sat\u0131\u015f ve servisinde uzmanla\u015f\u0131yoruz. Hidrolik Silindirimiz en pop\u00fcler \u00fcr\u00fcnlerimizden biri ve bunun hakl\u0131 bir nedeni var. \u0130\u015fte FMP Hidrolik Silindirinin in\u015faat makinesi ihtiya\u00e7lar\u0131n\u0131z i\u00e7in en iyi se\u00e7im olmas\u0131n\u0131n be\u015f nedeni:<\/p>\n<p>1. <strong>En Kaliteli Malzemeler<\/strong>:Hidrolik Silindirimiz dayan\u0131kl\u0131 ve g\u00fcvenilir malzemelerden \u00fcretilmi\u015ftir, uzun \u00f6m\u00fcrl\u00fc performans ve minimum bak\u0131m gereksinimi sa\u011flar.<\/p>\n<p>2. <strong>\u00d6zelle\u015ftirilebilir Se\u00e7enekler<\/strong>: \u00d6zel ihtiya\u00e7lar\u0131n\u0131z\u0131 kar\u015f\u0131lamak i\u00e7in ayarlanabilir \u00e7atal tipi silindirlerin yan\u0131 s\u0131ra di\u011fer \u00f6zelle\u015ftirilebilir se\u00e7enekler de sunuyoruz. \u0130n\u015faat makinesi par\u00e7alar\u0131 konusundaki uzmanl\u0131\u011f\u0131m\u0131zla, ekipman\u0131n\u0131z i\u00e7in en iyi \u00e7\u00f6z\u00fcm\u00fc bulmak \u00fczere sizinle birlikte \u00e7al\u0131\u015fabiliriz.<\/p>\n<p>3. <strong>Uzman Ekip<\/strong>Deneyimli ve yetenekli sat\u0131\u015f ekibimiz, in\u015faat makineleri sekt\u00f6r\u00fcndeki en son trendler ve m\u00fc\u015fteri ihtiya\u00e7lar\u0131 konusunda bilgilidir. \u0130\u015fletmeniz i\u00e7in en iyi karar\u0131 vermenize yard\u0131mc\u0131 olmak \u00fczere profesyonel \u00fcr\u00fcn dan\u0131\u015fmanl\u0131\u011f\u0131 ve ak\u0131ll\u0131 sat\u0131n alma \u00f6nerileri sunabilirler.<\/p>\n<p>4. <strong>Verimli Lojistik<\/strong>M\u00fc\u015fterilerimizin ihtiya\u00e7 duyduklar\u0131 par\u00e7alar\u0131 zaman\u0131nda ve do\u011fru bir \u015fekilde almas\u0131n\u0131 sa\u011flamak i\u00e7in verimli bir lojistik da\u011f\u0131t\u0131m sistemimiz var. Bu, in\u015faat makineleriniz i\u00e7in minimum ar\u0131za s\u00fcresi ve i\u015fletmeniz i\u00e7in sorunsuz bir \u00e7al\u0131\u015fma anlam\u0131na gelir.<\/p>\n<p>5. <strong>S\u0131k\u0131 Kalite Kontrol\u00fc<\/strong>: Yurt i\u00e7inde ve yurt d\u0131\u015f\u0131nda bir\u00e7ok y\u00fcksek kaliteli tedarik\u00e7iyle uzun vadeli ve istikrarl\u0131 i\u015fbirli\u011fi ili\u015fkileri kuruyor, Hidrolik Silindirimiz de dahil olmak \u00fczere tedarik etti\u011fimiz t\u00fcm par\u00e7alar\u0131n s\u0131k\u0131 kalite standartlar\u0131n\u0131 kar\u015f\u0131lamas\u0131n\u0131 sa\u011fl\u0131yoruz.<\/p>\n<p>FMP Hidrolik Silindirleri ile in\u015faat makinelerinizin kalitesine ve g\u00fcvenilirli\u011fine g\u00fcvenebilirsiniz. \u00dcr\u00fcnlerimiz hakk\u0131nda daha fazla bilgi edinmek ve i\u015f ihtiya\u00e7lar\u0131n\u0131z i\u00e7in en iyi \u00e7\u00f6z\u00fcmleri bulman\u0131za nas\u0131l yard\u0131mc\u0131 olabilece\u011fimizi \u00f6\u011frenmek i\u00e7in bug\u00fcn bizimle ileti\u015fime ge\u00e7in.<\/p>\n<p><img decoding=\"async\" src=\"https:\/\/fmp-components.com\/wp-content\/uploads\/2024\/12\/Adjustable-Clevis-Type-Cylinders-6.webp\" alt=\"Ayarlanabilir \u00c7atal Tipi Silindir\" width=\"853\" title=\"\"><\/p>\n<h2>SSS<\/h2>\n<p><b>S: Hidrolik silindirlerinizin teslimat s\u00fcresi nedir?<\/b><\/p>\n<p>A: Hidrolik silindirlerimizin standart teslim s\u00fcresi 25-35 g\u00fcnd\u00fcr.<\/p>\n<p><b>S: Hidrolik silindirlerinizin \u00f6rneklerini sunuyor musunuz?<\/b><\/p>\n<p>A: Evet, hidrolik silindirlerimizin \u00f6rneklerini sunuyoruz, ancak bunlar \u00fccretsiz de\u011fil.<\/p>\n<p><b>S: Hidrolik silindirlerimi ihtiya\u00e7lar\u0131ma g\u00f6re \u00f6zelle\u015ftirebilir miyim?<\/b><\/p>\n<p>A: Kesinlikle! Hidrolik silindirlerimiz i\u00e7in kapsaml\u0131 \u00f6zelle\u015ftirme se\u00e7enekleri sunuyoruz. \u00c7ap, strok uzunlu\u011fu, bas\u0131n\u00e7 de\u011feri, y\u00fck kapasitesi ve daha fazlas\u0131 i\u00e7in gereksinimlerinizi belirtebilirsiniz.<\/p>\n<p><img decoding=\"async\" src=\"https:\/\/img.jiansujichilun.com\/img\/hydrauliccylinders\/C_hydrauliccylinders-5.webp\" alt=\"hidrolik silindir\" width=\"800\" title=\"\"><\/p>\n<p>Yazar\uff1a CX<\/p>","protected":false},"excerpt":{"rendered":"<p>Italy Factory Supply Custom Hydraulic Cylinder Double Acting Mini Hydraulic Cylinders Italy Factory Supply Custom Hydraulic Cylinder Double Acting Mini Hydraulic Cylinders are the perfect solution for small scale hydraulic applications. These compact cylinders are designed to provide high force in a small package, making them ideal for use in tight spaces. Made from high-quality [&hellip;]<\/p>","protected":false},"featured_media":1340,"comment_status":"closed","ping_status":"closed","template":"","meta":{"_et_pb_use_builder":"","_et_pb_old_content":"","_et_gb_content_width":""},"product_brand":[],"product_cat":[39],"product_tag":[41,34],"class_list":{"0":"post-1391","1":"product","2":"type-product","3":"status-publish","4":"has-post-thumbnail","6":"product_cat-adjustable-clevis-type-cylinders","7":"product_tag-adjustable-clevis-type-cylinders","8":"product_tag-hydraulic-cylinder","10":"first","11":"instock","12":"product-type-simple"},"_links":{"self":[{"href":"https:\/\/fmp-components.com\/tr\/wp-json\/wp\/v2\/product\/1391","targetHints":{"allow":["GET"]}}],"collection":[{"href":"https:\/\/fmp-components.com\/tr\/wp-json\/wp\/v2\/product"}],"about":[{"href":"https:\/\/fmp-components.com\/tr\/wp-json\/wp\/v2\/types\/product"}],"replies":[{"embeddable":true,"href":"https:\/\/fmp-components.com\/tr\/wp-json\/wp\/v2\/comments?post=1391"}],"wp:featuredmedia":[{"embeddable":true,"href":"https:\/\/fmp-components.com\/tr\/wp-json\/wp\/v2\/media\/1340"}],"wp:attachment":[{"href":"https:\/\/fmp-components.com\/tr\/wp-json\/wp\/v2\/media?parent=1391"}],"wp:term":[{"taxonomy":"product_brand","embeddable":true,"href":"https:\/\/fmp-components.com\/tr\/wp-json\/wp\/v2\/product_brand?post=1391"},{"taxonomy":"product_cat","embeddable":true,"href":"https:\/\/fmp-components.com\/tr\/wp-json\/wp\/v2\/product_cat?post=1391"},{"taxonomy":"product_tag","embeddable":true,"href":"https:\/\/fmp-components.com\/tr\/wp-json\/wp\/v2\/product_tag?post=1391"}],"curies":[{"name":"wp","href":"https:\/\/api.w.org\/{rel}","templated":true}]}}