{"id":1390,"date":"2024-12-23T02:19:41","date_gmt":"2024-12-23T02:19:41","guid":{"rendered":"https:\/\/fmp-components.com\/product\/quality-assurance-mini-double-acting-hydraulic-cylinder-for-agriculture\/"},"modified":"2024-12-23T03:02:01","modified_gmt":"2024-12-23T03:02:01","slug":"quality-assurance-mini-double-acting-hydraulic-cylinder-for-agriculture","status":"publish","type":"product","link":"https:\/\/fmp-components.com\/tr\/product\/quality-assurance-mini-double-acting-hydraulic-cylinder-for-agriculture\/","title":{"rendered":"Tar\u0131m \u0130\u00e7in Kalite G\u00fcvence Mini \u00c7ift Etkili Hidrolik Silindir"},"content":{"rendered":"<h2>Tar\u0131m \u0130\u00e7in Kalite G\u00fcvence Mini \u00c7ift Etkili Hidrolik Silindiri Tan\u0131t\u0131yoruz:<\/h2>\n<p>Tar\u0131m \u0130\u00e7in Kalite G\u00fcvence Mini \u00c7ift Etkili Hidrolik Silindir, \u00f6zellikle tar\u0131msal uygulamalar i\u00e7in tasarlanm\u0131\u015f y\u00fcksek performansl\u0131 bir \u00fcr\u00fcnd\u00fcr. Bu silindir, optimum i\u015flevsellik ve dayan\u0131kl\u0131l\u0131k sa\u011flayarak hassasiyet ve ayr\u0131nt\u0131lara dikkat edilerek \u00fcretilmi\u015ftir.<\/p>\n<p>\u00c7ift etkili bir tasar\u0131ma sahip olan bu hidrolik silindir, hem uzatma hem de geri \u00e7ekme hareketlerinde g\u00fc\u00e7 sa\u011flayabilir. Bu \u00e7ok y\u00f6nl\u00fcl\u00fck, tar\u0131m makinelerinde verimli \u00e7al\u0131\u015fma ve geli\u015fmi\u015f \u00fcretkenlik sa\u011flar.<\/p>\n<p>Kalite g\u00fcvencesine odaklanan bu hidrolik silindir, performans\u0131n\u0131n en y\u00fcksek standartlar\u0131 kar\u015f\u0131lad\u0131\u011f\u0131ndan emin olmak i\u00e7in titiz testlerden ge\u00e7irilir. A\u011f\u0131r y\u00fckler, s\u00fcrekli kullan\u0131m ve sert hava ko\u015fullar\u0131na maruz kalma gibi tar\u0131msal ortamlarda s\u0131kl\u0131kla kar\u015f\u0131la\u015f\u0131lan zorlu ko\u015fullara dayanacak \u015fekilde \u00fcretilmi\u015ftir.<\/p>\n<p><img loading=\"lazy\" decoding=\"async\" class=\"alignnone size-full wp-image-1334\" src=\"https:\/\/fmp-components.com\/wp-content\/uploads\/2024\/12\/Adjustable-Clevis-Type-Cylinders-4.webp\" alt=\"Ayarlanabilir-\u00c7ember-Tipi-Silindirler\" width=\"800\" height=\"800\" title=\"\" srcset=\"https:\/\/fmp-components.com\/wp-content\/uploads\/2024\/12\/Adjustable-Clevis-Type-Cylinders-4.webp 800w, https:\/\/fmp-components.com\/wp-content\/uploads\/2024\/12\/Adjustable-Clevis-Type-Cylinders-4-480x480.webp 480w\" sizes=\"(min-width: 0px) and (max-width: 480px) 480px, (min-width: 481px) 800px, 100vw\" \/><\/p>\n<p>Silindir, birinci s\u0131n\u0131f malzemeler ve geli\u015fmi\u015f \u00fcretim teknikleri kullan\u0131larak \u00fcretilmi\u015ftir ve bu sayede hem g\u00fcvenilir hem de uzun \u00f6m\u00fcrl\u00fc bir \u00fcr\u00fcn ortaya \u00e7\u0131kar. Kompakt boyutu, \u00e7e\u015fitli tar\u0131m ekipmanlar\u0131na kolay kurulum ve entegrasyon olana\u011f\u0131 sunarak genel verimlili\u011fi ve performans\u0131 art\u0131r\u0131r.<\/p>\n<p>Tar\u0131m \u0130\u00e7in Kalite G\u00fcvence Mini \u00c7ift Etkili Hidrolik Silindir, g\u00fcvenilir g\u00fc\u00e7 ve performans sa\u011flayan tar\u0131m makineleri i\u00e7in vazge\u00e7ilmez bir bile\u015fendir. \u00dcst\u00fcn kalitesi ve dayan\u0131kl\u0131l\u0131\u011f\u0131yla, \u00e7ift\u00e7iler ve tar\u0131m profesyonelleri i\u00e7in de\u011ferli bir yat\u0131r\u0131md\u0131r.<\/p>\n<p>Tar\u0131m ekipmanlar\u0131n\u0131z\u0131n verimlili\u011fini ve performans\u0131n\u0131 optimize etmek i\u00e7in bu hidrolik silindiri se\u00e7in. Bu \u00fcr\u00fcn\u00fcn sundu\u011fu kalite g\u00fcvencesini ve g\u00fcvenilirli\u011fi deneyimleyerek tarlada sorunsuz ve verimli bir \u00e7al\u0131\u015fma sa\u011flay\u0131n.<\/p>\n<p>Kalite G\u00fcvenceli Mini \u00c7ift Etkili Hidrolik Silindirimizle tan\u0131\u015f\u0131n - makine tamir at\u00f6lyeleri, \u00e7iftlikler, enerji ve madencilik, makine imalat\u0131 ve makine fabrikalar\u0131 dahil olmak \u00fczere \u00e7e\u015fitli sekt\u00f6rler i\u00e7in m\u00fckemmel bir \u00e7\u00f6z\u00fcm. Bu yeni \u00fcr\u00fcn, maksimum 3000 kW itme g\u00fcc\u00fc sunar ve ayarlanabilir \u00e7atal tipinde gelir. 47 kg a\u011f\u0131rl\u0131\u011f\u0131ndaki \u00fcr\u00fcn, rulman ve hidrolik silindir gibi temel bile\u015fenlerden olu\u015fur ve hidrolik g\u00fc\u00e7le \u00e7al\u0131\u015fan standart bir piston silindiri yap\u0131s\u0131yla sa\u011flam \u00e7elikten \u00fcretilmi\u015ftir. Ayr\u0131ca, siyah renklidir ve ISO9001:2000 sertifikal\u0131d\u0131r.<\/p>\n<h2>Ayarlanabilir \u00c7atal Tipi Silindirlerin Avantajlar\u0131<\/h2>\n<p>Ayarlanabilir \u00e7atal tipi silindirler, hidrolik sistemlerin vazge\u00e7ilmez bir bile\u015fenidir. Ak\u0131\u015fkan g\u00fcc\u00fcn\u00fc do\u011frusal mekanik kuvvete d\u00f6n\u00fc\u015ft\u00fcrmek i\u00e7in kullan\u0131l\u0131rlar. Bu silindirlerin ayarlanabilir \u00e7atal tipi \u00f6zelli\u011fi, kullan\u0131c\u0131n\u0131n strok uzunlu\u011funu ayarlamas\u0131na olanak tan\u0131r ve bu da onlar\u0131 \u00e7e\u015fitli uygulamalar i\u00e7in \u00e7ok y\u00f6nl\u00fc bir \u00e7\u00f6z\u00fcm haline getirir. Bu makalede, ayarlanabilir \u00e7atal tipi silindirlerin avantajlar\u0131n\u0131 ele alaca\u011f\u0131z.<\/p>\n<h3>1. \u00c7ok Y\u00f6nl\u00fcl\u00fck<\/h3>\n<p>Ayarlanabilir \u00e7atal tipi silindirlerin temel avantajlar\u0131ndan biri \u00e7ok y\u00f6nl\u00fcl\u00fckleridir. Ayarlanabilirlikleri, geni\u015f bir uygulama yelpazesinde kullan\u0131lmalar\u0131n\u0131 sa\u011flar. Bu tip silindirler, malzeme ta\u015f\u0131ma ekipmanlar\u0131, tar\u0131m ve in\u015faat gibi \u00e7e\u015fitli sistemlerde kullan\u0131labilir. \u00d6rne\u011fin, tar\u0131mda, Quality Assurance Mini \u00c7ift Etkili Hidrolik Silindir, bi\u00e7erd\u00f6verler, ekim makineleri ve ila\u00e7lama makineleri gibi \u00e7e\u015fitli tar\u0131m makineleri i\u00e7in idealdir.<\/p>\n<h3>2. Maliyet etkin<\/h3>\n<p>Ayarlanabilir \u00e7atal tipi silindirlerin bir di\u011fer avantaj\u0131 da uygun maliyetli olmalar\u0131d\u0131r. Di\u011fer silindir tiplerine k\u0131yasla nispeten daha ucuzdurlar. Strok uzunlu\u011funun \u00e7ok hassas olmas\u0131 gerekmeyen uygulamalar i\u00e7in uygun bir se\u00e7enektirler. \u00d6rne\u011fin, tar\u0131m makinelerinde ayarlanabilir \u00e7atal tipi silindirler, di\u011fer silindir tiplerine k\u0131yasla uygun maliyetli bir \u00e7\u00f6z\u00fcmd\u00fcr.<\/p>\n<h3>3. Kurulumu ve Bak\u0131m\u0131 Kolay<\/h3>\n<p>Ayarlanabilir \u00e7atal tipi silindirlerin montaj\u0131 ve bak\u0131m\u0131 da kolayd\u0131r. Montajlar\u0131 i\u00e7in \u00f6zel alet veya ekipman gerektirmezler. Bak\u0131m\u0131 da kolayd\u0131r ve \u00e7o\u011fu, nas\u0131l bak\u0131m yap\u0131laca\u011f\u0131na dair talimatlar i\u00e7eren bir k\u0131lavuzla birlikte gelir. D\u00fczenli bak\u0131m, silindirin uzun \u00f6m\u00fcrl\u00fc olmas\u0131n\u0131 ve optimum performans g\u00f6stermesini sa\u011flar.<\/p>\n<h3>4. Y\u00fcksek Kaliteli Performans<\/h3>\n<p>Ayarlanabilir \u00e7atal tipi silindirler, y\u00fcksek kaliteli performanslar\u0131yla bilinir. \u00c7elik, al\u00fcminyum ve d\u00f6kme demir gibi y\u00fcksek kaliteli malzemeler kullan\u0131larak \u00fcretilirler. Silindirin tasar\u0131m\u0131, performans\u0131ndan \u00f6d\u00fcn vermeden y\u00fcksek bas\u0131n\u00e7l\u0131 uygulamalar\u0131n \u00fcstesinden gelmesini sa\u011flar. \u00d6rne\u011fin, Tar\u0131m \u0130\u00e7in Kalite G\u00fcvenceli Mini \u00c7ift Etkili Hidrolik Silindir, \u00e7iftlik ortam\u0131n\u0131n zorlu ko\u015fullar\u0131yla ba\u015fa \u00e7\u0131kmak i\u00e7in tasarlanm\u0131\u015ft\u0131r.<\/p>\n<h3>5. Enerji Verimlili\u011fi<\/h3>\n<p>\u00c7atal tip silindirin ayarlanabilirli\u011fi, enerji verimlili\u011fini art\u0131r\u0131r. Strok uzunlu\u011funun ayarlanmas\u0131, silindiri \u00e7al\u0131\u015ft\u0131rmak i\u00e7in gereken s\u0131v\u0131 miktar\u0131n\u0131 azaltarak enerji tasarrufu sa\u011flar. Bu da ayarlanabilir \u00e7atal tip silindirleri, enerji verimlili\u011fi gerektiren uygulamalar i\u00e7in uygun bir se\u00e7enek haline getirir.<\/p>\n<p>Sonu\u00e7 olarak, ayarlanabilir \u00e7atal tipi silindirler hidrolik sistemlerin vazge\u00e7ilmez bir bile\u015fenidir. \u00c7ok y\u00f6nl\u00fcl\u00fck, uygun maliyet, kolay kurulum ve bak\u0131m, y\u00fcksek kaliteli performans ve enerji verimlili\u011fi sunarlar. Ayarlanabilirlikleri, tar\u0131m, in\u015faat ve malzeme ta\u015f\u0131ma ekipmanlar\u0131 gibi \u00e7e\u015fitli uygulamalar i\u00e7in uygun bir \u00e7\u00f6z\u00fcm olmalar\u0131n\u0131 sa\u011flar.<img decoding=\"async\" src=\"https:\/\/fmp-components.com\/wp-content\/uploads\/2024\/12\/Adjustable-Clevis-Type-Cylinders5.webp\" alt=\"Ayarlanabilir \u00c7atal Tipi Silindir\" width=\"800\" title=\"\"><\/p>\n<h2>Ayarlanabilir \u00c7atal Tip Silindirlerin Uygulamas\u0131<\/h2>\n<p>Ayarlanabilir \u00e7atal tipi silindirler \u00e7ok y\u00f6nl\u00fcd\u00fcr ve \u00e7e\u015fitli end\u00fcstrilerde yayg\u0131n olarak kullan\u0131l\u0131r. Bu silindirlerin baz\u0131 uygulama alanlar\u0131 \u015funlard\u0131r:<\/p>\n<ol>\n<li style=\"list-style-type: none;\">\n<ol>\n<li>Tar\u0131m \u0130\u00e7in Kalite G\u00fcvence Mini \u00c7ift Etkili Hidrolik Silindir<\/li>\n<\/ol>\n<\/li>\n<\/ol>\n<p>Ayarlanabilir \u00e7atal tipi silindir, tar\u0131m end\u00fcstrisinde olmazsa olmaz bir bile\u015fendir. Mini \u00e7ift etkili hidrolik silindir, trakt\u00f6r gibi k\u00fc\u00e7\u00fck tar\u0131m makinelerinde kullan\u0131lmak \u00fczere tasarlanm\u0131\u015ft\u0131r. Silindir, bu makinelerdeki hidrolik sistemleri \u00e7al\u0131\u015ft\u0131rmak i\u00e7in gereken kuvveti sa\u011flamaktan sorumludur. Tar\u0131m makinelerinin sorunsuz \u00e7al\u0131\u015fmas\u0131n\u0131 sa\u011flayan kritik bir bile\u015fendir.<\/p>\n<ol>\n<li style=\"list-style-type: none;\">\n<ol>\n<li>\u0130n\u015faat Sekt\u00f6r\u00fc<\/li>\n<\/ol>\n<\/li>\n<\/ol>\n<p>Ayarlanabilir \u00e7atal tipi silindirler, in\u015faat sekt\u00f6r\u00fcnde a\u011f\u0131r y\u00fckleri ta\u015f\u0131mak ve kald\u0131rmak i\u00e7in kullan\u0131l\u0131r. Hidrolik silindirler, a\u011f\u0131r y\u00fckleri ta\u015f\u0131mak i\u00e7in gereken g\u00fcc\u00fc sa\u011flad\u0131\u011f\u0131ndan, bina ve di\u011fer yap\u0131lar\u0131n in\u015fas\u0131nda vazge\u00e7ilmezdir. Ayarlanabilir \u00e7atal tipi silindirin farkl\u0131 uzunluklara ayarlanabilme \u00f6zelli\u011fi, alan\u0131n s\u0131n\u0131rl\u0131 oldu\u011fu in\u015faat makinelerinde kullan\u0131m i\u00e7in idealdir.<\/p>\n<ol>\n<li style=\"list-style-type: none;\">\n<ol>\n<li>\u00dcretim Sanayi<\/li>\n<\/ol>\n<\/li>\n<\/ol>\n<p>\u00c7e\u015fitli \u00fcretim s\u00fcre\u00e7leri, hareket ve kuvvetin hassas bir \u015fekilde kontrol edilmesini gerektirir. Ayarlanabilir \u00e7atal tipi silindirler, \u00fcretim makinelerinde bu makineleri \u00e7al\u0131\u015ft\u0131rmak i\u00e7in gerekli kuvveti sa\u011flamak amac\u0131yla kullan\u0131l\u0131r. Ayr\u0131ca, \u00fcretim s\u00fcrecinde \u00e7e\u015fitli bile\u015fenlerin hareketini kontrol ederek \u00fcr\u00fcnlerin gerekli \u00f6zelliklere g\u00f6re \u00fcretilmesini sa\u011flarlar.<\/p>\n<ol>\n<li style=\"list-style-type: none;\">\n<ol>\n<li>Ula\u015ft\u0131rma End\u00fcstrisi<\/li>\n<\/ol>\n<\/li>\n<\/ol>\n<p>Ula\u015ft\u0131rma sekt\u00f6r\u00fcnde \u00e7e\u015fitli uygulamalarda ayarlanabilir \u00e7atal tipi silindirler kullan\u0131lmaktad\u0131r. Otob\u00fcs ve kamyonlarda kap\u0131 sistemlerini, direksiyon ve fren sistemlerini \u00e7al\u0131\u015ft\u0131rmak i\u00e7in hidrolik silindirler kullan\u0131l\u0131r. Ayr\u0131ca baz\u0131 ara\u00e7lar\u0131n s\u00fcspansiyon sistemlerinde de kullan\u0131l\u0131rlar.<\/p>\n<ol>\n<li style=\"list-style-type: none;\">\n<ol>\n<li>Madencilik End\u00fcstrisi<\/li>\n<\/ol>\n<\/li>\n<\/ol>\n<p>Hidrolik silindirler, madencilik end\u00fcstrisinde \u00e7e\u015fitli ekipmanlar\u0131n hareketini kontrol etmek i\u00e7in kullan\u0131l\u0131r. \u00d6rne\u011fin, maden sondajlar\u0131nda matkap ba\u015fl\u0131klar\u0131n\u0131n itme ve d\u00f6n\u00fc\u015f\u00fcn\u00fc kontrol etmek i\u00e7in kullan\u0131l\u0131rlar. Ayr\u0131ca, ekskavat\u00f6rlerin ve di\u011fer madencilik ekipmanlar\u0131n\u0131n hidrolik sistemlerinde de kullan\u0131l\u0131rlar.<\/p>\n<p>Sonu\u00e7 olarak, ayarlanabilir \u00e7atal tipi silindirler, tar\u0131m, in\u015faat, imalat, ula\u015ft\u0131rma ve madencilik gibi \u00e7e\u015fitli end\u00fcstrilerde \u00f6nemli bir bile\u015fendir. Bu silindirler, hidrolik sistemleri \u00e7al\u0131\u015ft\u0131rmak, makine bile\u015fenlerinin hareketini kontrol etmek ve a\u011f\u0131r y\u00fckleri ta\u015f\u0131mak i\u00e7in gereken kuvveti sa\u011flar. \u00c7atal tipi silindirin \u00e7ok y\u00f6nl\u00fcl\u00fc\u011f\u00fc ve ayarlanabilirli\u011fi, onu \u00e7e\u015fitli uygulamalarda kullan\u0131m i\u00e7in ideal bir bile\u015fen haline getirir.<img decoding=\"async\" src=\"https:\/\/fmp-components.com\/wp-content\/uploads\/2024\/12\/Application-of-Adjustable-Clevis-Type-Cylinders.webp\" alt=\"Ayarlanabilir \u00c7atal Tipi Silindir\" width=\"800\" title=\"\"><\/p>\n<h3>FMP Hakk\u0131nda<\/h3>\n<p>FMP, Hidrolik Silindir \u00fcretimi ve sat\u0131\u015f\u0131 konusunda uzmanla\u015fm\u0131\u015f bir \u015firkettir. Merkezimiz \u0130talya'da olup, in\u015faat makineleri sekt\u00f6r\u00fcnde uzun y\u0131llara dayanan deneyime ve \u00f6zverili bir profesyonel ekibe sahibiz. Y\u00fcksek kaliteli ve g\u00fcvenilir Hidrolik Silindirlerin yan\u0131 s\u0131ra, geni\u015f bir in\u015faat makinesi par\u00e7alar\u0131 yelpazesi ve komple makine \u00e7\u00f6z\u00fcmleri sunuyoruz.<\/p>\n<p>FMP'yi se\u00e7meniz i\u00e7in 5 neden:<\/p>\n<ol>\n<li>Geni\u015f \u00dcr\u00fcn Yelpazesi: Ayarlanabilir \u00e7atal tipi silindirler, teleskopik silindirler, kaynakl\u0131 silindirler ve daha fazlas\u0131 dahil olmak \u00fczere \u00e7e\u015fitli Hidrolik Silindir tipleri sunuyoruz. Geni\u015f \u00fcr\u00fcn yelpazemiz, m\u00fc\u015fterilerimizin \u00f6zel ihtiya\u00e7lar\u0131n\u0131 kar\u015f\u0131layabilmemizi sa\u011flar.<\/li>\n<li>En Kaliteli Bile\u015fenler: T\u00fcm Hidrolik Silindirlerimiz, dayan\u0131kl\u0131l\u0131k ve performans sa\u011flamak i\u00e7in en kaliteli bile\u015fenler kullan\u0131larak \u00fcretilmektedir. S\u0131k\u0131 kalite standartlar\u0131n\u0131 korumak i\u00e7in y\u00fcksek kaliteli tedarik\u00e7ilerle yak\u0131n bir \u015fekilde \u00e7al\u0131\u015f\u0131yoruz.<\/li>\n<li>Uzman Sat\u0131\u015f Ekibi: \u0130n\u015faat makineleri sekt\u00f6r\u00fcnde deneyimli sat\u0131\u015f ekibimiz, m\u00fc\u015fterilerimizin de\u011fi\u015fen ihtiya\u00e7lar\u0131n\u0131 anl\u0131yor ve profesyonel \u00fcr\u00fcn dan\u0131\u015fmanl\u0131\u011f\u0131 hizmeti sunarak ak\u0131ll\u0131 sat\u0131n alma \u00f6nerilerinde bulunuyor.<\/li>\n<li>Verimli Lojistik: M\u00fc\u015fterilerimize gerekli par\u00e7alar\u0131n zaman\u0131nda ve do\u011fru bir \u015fekilde teslim edilmesini sa\u011flamak i\u00e7in verimli bir lojistik da\u011f\u0131t\u0131m sistemimiz mevcuttur. Projelerinizin zaman \u00e7izelgelerine uymak i\u00e7in bize g\u00fcvenebilirsiniz.<\/li>\n<li>M\u00fc\u015fteri Memnuniyetine Ba\u011fl\u0131l\u0131k: FMP'de m\u00fc\u015fteri memnuniyeti en b\u00fcy\u00fck \u00f6nceli\u011fimizdir. \u00dcr\u00fcn se\u00e7iminden sat\u0131\u015f sonras\u0131 deste\u011fe kadar her ad\u0131mda m\u00fckemmel hizmet sunmay\u0131 hedefliyoruz. Sizin ba\u015far\u0131n\u0131z bizim ba\u015far\u0131m\u0131zd\u0131r.<\/li>\n<\/ol>\n<p><img decoding=\"async\" src=\"https:\/\/fmp-components.com\/wp-content\/uploads\/2024\/12\/Adjustable-Clevis-Type-Cylinders-6.webp\" alt=\"Ayarlanabilir \u00c7atal Tipi Silindir\" width=\"852\" title=\"\"><\/p>\n<h2>S\u0131k\u00e7a Sorulan Sorular<\/h2>\n<p><b>S: FMP'nin sundu\u011fu farkl\u0131 hidrolik silindir tipleri nelerdir?<\/b><\/p>\n<p>A: FMP, mini \u00e7ift etkili, rot kolu, kaynakl\u0131, teleskopik ve tek etkili silindirler dahil olmak \u00fczere \u00e7e\u015fitli hidrolik silindirler sunar.<\/p>\n<p><b>S: Kalite G\u00fcvence Mini \u00c7ift Etkili Hidrolik Silindir'i tar\u0131msal kullan\u0131ma uygun k\u0131lan nedir?<\/b><\/p>\n<p>A: Silindir dayan\u0131kl\u0131 \u00e7elikten yap\u0131lm\u0131\u015ft\u0131r, y\u00fcksek maksimum itme g\u00fcc\u00fcne sahiptir ve ayarlanabilir \u00e7atal tipiyle gelir, bu da onu tar\u0131msal uygulamalar i\u00e7in \u00e7ok y\u00f6nl\u00fc ve sa\u011flam k\u0131lar.<\/p>\n<p><b>S: FMP, hidrolik silindirlerin optimum performans\u0131n\u0131 sa\u011flamak i\u00e7in hangi hizmetleri sunuyor?<\/b><\/p>\n<p>A: FMP, silindirlerin uzun \u00f6m\u00fcrl\u00fc olmas\u0131n\u0131 ve optimum performans g\u00f6stermesini sa\u011flamak i\u00e7in kurulum prosed\u00fcrleri, bak\u0131m ipu\u00e7lar\u0131 ve en iyi uygulamalar konusunda rehberlik sa\u011flar.<\/p>\n<p><img decoding=\"async\" src=\"https:\/\/img.jiansujichilun.com\/img\/hydrauliccylinders\/C_hydrauliccylinders-4.webp\" alt=\"hidrolik silindir\" width=\"800\" title=\"\"><\/p>\n<p>Yazar\uff1a CX<\/p>","protected":false},"excerpt":{"rendered":"<p>Introducing the Quality Assurance Mini Double Acting Hydraulic Cylinder For Agriculture: The Quality Assurance Mini Double Acting Hydraulic Cylinder For Agriculture is a high-performance product designed specifically for agricultural applications. This cylinder is built with precision and attention to detail, ensuring optimal functionality and durability. Featuring a double-acting design, this hydraulic cylinder is capable of [&hellip;]<\/p>","protected":false},"featured_media":1338,"comment_status":"closed","ping_status":"closed","template":"","meta":{"_et_pb_use_builder":"","_et_pb_old_content":"","_et_gb_content_width":""},"product_brand":[],"product_cat":[39],"product_tag":[41,34],"class_list":{"0":"post-1390","1":"product","2":"type-product","3":"status-publish","4":"has-post-thumbnail","6":"product_cat-adjustable-clevis-type-cylinders","7":"product_tag-adjustable-clevis-type-cylinders","8":"product_tag-hydraulic-cylinder","10":"first","11":"instock","12":"product-type-simple"},"_links":{"self":[{"href":"https:\/\/fmp-components.com\/tr\/wp-json\/wp\/v2\/product\/1390","targetHints":{"allow":["GET"]}}],"collection":[{"href":"https:\/\/fmp-components.com\/tr\/wp-json\/wp\/v2\/product"}],"about":[{"href":"https:\/\/fmp-components.com\/tr\/wp-json\/wp\/v2\/types\/product"}],"replies":[{"embeddable":true,"href":"https:\/\/fmp-components.com\/tr\/wp-json\/wp\/v2\/comments?post=1390"}],"wp:featuredmedia":[{"embeddable":true,"href":"https:\/\/fmp-components.com\/tr\/wp-json\/wp\/v2\/media\/1338"}],"wp:attachment":[{"href":"https:\/\/fmp-components.com\/tr\/wp-json\/wp\/v2\/media?parent=1390"}],"wp:term":[{"taxonomy":"product_brand","embeddable":true,"href":"https:\/\/fmp-components.com\/tr\/wp-json\/wp\/v2\/product_brand?post=1390"},{"taxonomy":"product_cat","embeddable":true,"href":"https:\/\/fmp-components.com\/tr\/wp-json\/wp\/v2\/product_cat?post=1390"},{"taxonomy":"product_tag","embeddable":true,"href":"https:\/\/fmp-components.com\/tr\/wp-json\/wp\/v2\/product_tag?post=1390"}],"curies":[{"name":"wp","href":"https:\/\/api.w.org\/{rel}","templated":true}]}}