{"id":1388,"date":"2024-12-23T02:19:41","date_gmt":"2024-12-23T02:19:41","guid":{"rendered":"https:\/\/fmp-components.com\/product\/quality-assurance-double-acting-cylinder-welded-hydraulic-cylinder-for-tractor\/"},"modified":"2024-12-23T02:48:34","modified_gmt":"2024-12-23T02:48:34","slug":"quality-assurance-double-acting-cylinder-welded-hydraulic-cylinder-for-tractor","status":"publish","type":"product","link":"https:\/\/fmp-components.com\/tr\/product\/quality-assurance-double-acting-cylinder-welded-hydraulic-cylinder-for-tractor\/","title":{"rendered":"Trakt\u00f6r \u0130\u00e7in Kalite G\u00fcvencesi \u00c7ift Etkili Silindir Kaynakl\u0131 Hidrolik Silindir"},"content":{"rendered":"<p>Trakt\u00f6rler i\u00e7in Kalite G\u00fcvenceli \u00c7ift Etkili Silindir Kaynakl\u0131 Hidrolik Silindir, trakt\u00f6rlerde kullan\u0131lmak \u00fczere tasarlanm\u0131\u015f y\u00fcksek kaliteli bir hidrolik silindirdir. Bu silindir, her iki y\u00f6nde de verimli \u00e7al\u0131\u015fma sa\u011flayan \u00e7ift etkili bir tasar\u0131ma sahiptir. Silindir ayr\u0131ca, zorlu \u00e7al\u0131\u015fma ko\u015fullar\u0131nda bile uzun bir kullan\u0131m \u00f6mr\u00fc sa\u011flayan ek dayan\u0131kl\u0131l\u0131k ve mukavemet i\u00e7in kaynaklanm\u0131\u015ft\u0131r.<\/p>\n<p>Bu hidrolik silindirin temel avantajlar\u0131ndan biri kalite g\u00fcvencesidir. Silindir, performans, g\u00fcvenlik ve g\u00fcvenilirlik a\u00e7\u0131s\u0131ndan ilgili t\u00fcm end\u00fcstri standartlar\u0131n\u0131 kar\u015f\u0131lad\u0131\u011f\u0131ndan emin olmak i\u00e7in titizlikle test edilmi\u015ftir. Bu, bu silindirin y\u00fcksek performans g\u00f6sterece\u011finden ve trakt\u00f6r\u00fcn\u00fcz\u00fcn sorunsuz \u00e7al\u0131\u015fmas\u0131n\u0131 sa\u011flayaca\u011f\u0131ndan emin olabilece\u011finiz anlam\u0131na gelir.<\/p>\n<p>Bu hidrolik silindirin bir di\u011fer \u00f6nemli \u00f6zelli\u011fi de kolay montaj\u0131d\u0131r. Silindir, \u00e7o\u011fu trakt\u00f6r modeline sorunsuz bir \u015fekilde uyum sa\u011flayacak \u015fekilde tasarlanm\u0131\u015ft\u0131r ve minimum modifikasyon gerektirir. Bu sayede, trakt\u00f6r\u00fcn\u00fcz\u00fcn hidrolik sistemini kolayca y\u00fckseltebilir ve bu y\u00fcksek kaliteli silindirin avantajlar\u0131ndan yararlanabilirsiniz.<\/p>\n<p><img loading=\"lazy\" decoding=\"async\" class=\"alignnone size-full wp-image-1334\" src=\"https:\/\/fmp-components.com\/wp-content\/uploads\/2024\/12\/Adjustable-Clevis-Type-Cylinders-4.webp\" alt=\"Ayarlanabilir-\u00c7ember-Tipi-Silindirler\" width=\"800\" height=\"800\" title=\"\" srcset=\"https:\/\/fmp-components.com\/wp-content\/uploads\/2024\/12\/Adjustable-Clevis-Type-Cylinders-4.webp 800w, https:\/\/fmp-components.com\/wp-content\/uploads\/2024\/12\/Adjustable-Clevis-Type-Cylinders-4-480x480.webp 480w\" sizes=\"(min-width: 0px) and (max-width: 480px) 480px, (min-width: 481px) 800px, 100vw\" \/><\/p>\n<p>Genel olarak, Trakt\u00f6rler i\u00e7in Kalite G\u00fcvenceli \u00c7ift Etkili Silindir Kaynakl\u0131 Hidrolik Silindir, trakt\u00f6rlerinin hidrolik sistemini geli\u015ftirmek isteyen herkes i\u00e7in m\u00fckemmel bir se\u00e7imdir. \u00c7ift etkili tasar\u0131m\u0131, kaynakl\u0131 yap\u0131s\u0131 ve titiz kalite g\u00fcvencesiyle bu silindir, g\u00fcvenilir performans ve uzun \u00f6m\u00fcrl\u00fc dayan\u0131kl\u0131l\u0131k sunar.<\/p>\n<table style=\"width: 100%;\" border=\"1\" width=\"100%\" cellspacing=\"0\" cellpadding=\"0\">\n<tbody>\n<tr>\n<th>\u00dcr\u00fcn Ad\u0131<\/th>\n<td>Kalite G\u00fcvence \u00c7ift Etkili Silindir<\/td>\n<\/tr>\n<tr>\n<th>Tip<\/th>\n<td>Kaynakl\u0131 Hidrolik Silindir<\/td>\n<\/tr>\n<tr>\n<th>Ba\u015fvuru<\/th>\n<td>Trakt\u00f6rler<\/td>\n<\/tr>\n<tr>\n<th>Durum<\/th>\n<td>Yeni<\/td>\n<\/tr>\n<tr>\n<th>Garanti<\/th>\n<td>1 Y\u0131l<\/td>\n<\/tr>\n<tr>\n<th>Uygulanabilir End\u00fcstriler<\/th>\n<td>Makine Tamir At\u00f6lyeleri, \u00c7iftlikler, Enerji ve Madencilik, Makine \u0130malat\u0131, Fabrikalar<\/td>\n<\/tr>\n<tr>\n<th>A\u011f\u0131rl\u0131k (KG)<\/th>\n<td>47<\/td>\n<\/tr>\n<tr>\n<th>Video \u00c7\u0131k\u0131\u015f Denetimi<\/th>\n<td>Tedarik edilen<\/td>\n<\/tr>\n<tr>\n<th>Makine Test Raporu<\/th>\n<td>Tedarik edilen<\/td>\n<\/tr>\n<tr>\n<th>Silindir Tipi<\/th>\n<td>Standart Piston Silindiri<\/td>\n<\/tr>\n<tr>\n<th>G\u00f6vde Malzemesi<\/th>\n<td>\u00c7elik<\/td>\n<\/tr>\n<tr>\n<th>Maksimum \u0130tki<\/th>\n<td>3000<\/td>\n<\/tr>\n<tr>\n<th>Tip<\/th>\n<td>Ayarlanabilir \u00c7atal Tipi<\/td>\n<\/tr>\n<tr>\n<th>Limanlar<\/th>\n<td>G\/SAE\/NPT\/M<\/td>\n<\/tr>\n<tr>\n<th>Maksimum \u00c7ekme Kapasitesi<\/th>\n<td>20 ton<\/td>\n<\/tr>\n<tr>\n<th>Sertifikasyon<\/th>\n<td>ISO9001:2000<\/td>\n<\/tr>\n<tr>\n<th>Delik Boyutu<\/th>\n<td>2-6 in\u00e7<\/td>\n<\/tr>\n<tr>\n<th>\u00c7ubuk Boyutu<\/th>\n<td>1,125-4 in\u00e7<\/td>\n<\/tr>\n<tr>\n<th>Vuru\u015f Boyutu<\/th>\n<td>4-100 in\u00e7<\/td>\n<\/tr>\n<tr>\n<th>Pin Boyutu<\/th>\n<td>0,5-2 in\u00e7<\/td>\n<\/tr>\n<tr>\n<th>Renk<\/th>\n<td>Siyah<\/td>\n<\/tr>\n<tr>\n<th>Paketleme Detaylar\u0131<\/th>\n<td>Demir kasa, kontrplak kasa veya karton kutu<\/td>\n<\/tr>\n<tr>\n<th><\/th>\n<td><\/td>\n<\/tr>\n<\/tbody>\n<\/table>\n<p><span style=\"color: #333333; font-size: 26px;\">\u00d6zelle\u015ftirme Se\u00e7enekleri ve Bak\u0131m K\u0131lavuzu<\/span><\/p>\n<div>\n<p>Her m\u00fc\u015fterinin kendine \u00f6zg\u00fc ihtiya\u00e7lar\u0131 olabilece\u011finin fark\u0131nday\u0131z ve bu nedenle hidrolik silindirlerimiz i\u00e7in \u00f6zelle\u015ftirme se\u00e7enekleri sunuyoruz. M\u00fc\u015fteriler ihtiya\u00e7lar\u0131n\u0131 belirleyebilir ve biz de \u00fcr\u00fcnleri ihtiya\u00e7lar\u0131na m\u00fckemmel \u015fekilde uyacak \u015fekilde \u00f6zelle\u015ftirebiliriz. Bak\u0131m s\u00f6z konusu oldu\u011funda, hidrolik silindirlerimiz kolay bak\u0131m i\u00e7in tasarlanm\u0131\u015ft\u0131r. Contalar\u0131n d\u00fczenli olarak kontrol edilmesi ve s\u0131z\u0131nt\u0131 kontrol\u00fc, \u00fcr\u00fcn\u00fcn uzun \u00f6m\u00fcrl\u00fc olmas\u0131n\u0131 sa\u011flar. Ayr\u0131ca, d\u00fczenli ya\u011flama, silindirin optimum \u015fekilde \u00e7al\u0131\u015fmas\u0131n\u0131 sa\u011flar.<\/p>\n<p><img decoding=\"async\" src=\"https:\/\/img.jiansujichilun.com\/img\/hydrauliccylinders\/B_hydrauliccylinders-1.webp\" alt=\"hidrolik silindir\" width=\"800\" title=\"\"><\/p>\n<\/div>\n<h2>Ayarlanabilir \u00c7atal Tipi Silindirlerin Avantajlar\u0131<\/h2>\n<p>Ayarlanabilir \u00e7atal tipi silindirler, ak\u0131\u015fkan g\u00fcc\u00fcn\u00fc do\u011frusal hareket ve kuvvete d\u00f6n\u00fc\u015ft\u00fcrmek i\u00e7in kullan\u0131lan hidrolik bile\u015fenlerdir. \u0130n\u015faat, tar\u0131m ve imalat dahil olmak \u00fczere \u00e7e\u015fitli end\u00fcstrilerde yayg\u0131n olarak kullan\u0131l\u0131rlar. Bu makalede, ayarlanabilir \u00e7atal tipi silindirlerin avantajlar\u0131n\u0131 ve neden bir\u00e7ok uygulama i\u00e7in pop\u00fcler bir se\u00e7im olduklar\u0131n\u0131 ele alaca\u011f\u0131z.<\/p>\n<h3>1. \u00c7ok Y\u00f6nl\u00fcl\u00fck<\/h3>\n<p>Ayarlanabilir \u00e7atal tipi silindirlerin temel avantajlar\u0131ndan biri \u00e7ok y\u00f6nl\u00fcl\u00fckleridir. Bu silindirler, hafif hizmetlerden a\u011f\u0131r hizmet uygulamalar\u0131na kadar \u00e7ok \u00e7e\u015fitli uygulamalarda kullan\u0131labilir. \u00d6zel ihtiya\u00e7lara uyacak \u015fekilde \u00e7e\u015fitli boyut, strok ve montaj konfig\u00fcrasyonlar\u0131nda mevcuttur. Ayr\u0131ca, ayarlanabilir \u00e7atal tipi silindirler hem tek etkili hem de \u00e7ift etkili sistemlerde kullan\u0131labilir ve bu da onlar\u0131 \u00e7e\u015fitli hidrolik sistemler i\u00e7in uygun hale getirir.<\/p>\n<h3>2. Hassasiyet<\/h3>\n<p>Ayarlanabilir \u00e7atal tipi silindirler, kontrol ve performans a\u00e7\u0131s\u0131ndan hassasiyet sunar. Bu silindirler, bir\u00e7ok uygulamada olmazsa olmaz olan hassas ve tekrarlanabilir hareket kontrol\u00fc sa\u011flamak \u00fczere tasarlanm\u0131\u015ft\u0131r. Bu silindirlerin ayarlanabilirlik \u00f6zelli\u011fi, y\u00fcklerin hassas bir \u015fekilde konumland\u0131r\u0131lmas\u0131n\u0131 sa\u011flayarak hassas ta\u015f\u0131ma gerektiren uygulamalar i\u00e7in idealdir.<\/p>\n<h3>3. Dayan\u0131kl\u0131l\u0131k<\/h3>\n<p>Ayarlanabilir \u00e7atal tipi silindirlerin bir di\u011fer avantaj\u0131 da dayan\u0131kl\u0131l\u0131klar\u0131d\u0131r. Bu silindirler, zorlu ortamlara ve a\u011f\u0131r y\u00fcklere dayanacak \u015fekilde \u00fcretilmi\u015ftir. \u00c7elik ve al\u00fcminyum gibi y\u00fcksek kaliteli malzemelerden \u00fcretilmi\u015f olup, y\u00fcksek bas\u0131n\u00e7 ve s\u0131cakl\u0131klara dayanacak \u015fekilde tasarlanm\u0131\u015ft\u0131r. Bu silindirlerin \u00fcretiminde kalite g\u00fcvencesi esast\u0131r ve g\u00fcvenilir ve uzun \u00f6m\u00fcrl\u00fc performans sa\u011flar.<\/p>\n<h3>4. Kolay Bak\u0131m<\/h3>\n<p>Ayarlanabilir \u00e7atal tipi silindirler, kolay bak\u0131m i\u00e7in tasarlanm\u0131\u015ft\u0131r. Bu silindirler, basit bir tasar\u0131ma sahip olduklar\u0131 i\u00e7in kolayca s\u00f6k\u00fcl\u00fcp tak\u0131labilirler. Ayr\u0131ca, daha az bile\u015fene sahip olduklar\u0131 i\u00e7in daha az bak\u0131m gerektirirler. Ayr\u0131ca, bu silindirler yerinde tamir edilebilir, bu da ar\u0131za s\u00fcresini azalt\u0131r ve verimlili\u011fi art\u0131r\u0131r.<\/p>\n<h3>5. Maliyet Etkin<\/h3>\n<p>Son olarak, ayarlanabilir \u00e7atal tipi silindirler uygun maliyetlidir. Bu silindirler, di\u011fer hidrolik bile\u015fenlere k\u0131yasla uygun fiyatl\u0131d\u0131r ve bu da onlar\u0131 bir\u00e7ok uygulama i\u00e7in pop\u00fcler bir se\u00e7enek haline getirir. Ayr\u0131ca enerji tasarrufludurlar, yani zaman i\u00e7inde i\u015fletme maliyetlerinden tasarruf sa\u011flayabilirler.<\/p>\n<p>Sonu\u00e7 olarak, ayarlanabilir \u00e7atal tipi silindirler, onlar\u0131 bir\u00e7ok uygulama i\u00e7in pop\u00fcler bir tercih haline getiren \u00e7e\u015fitli avantajlar sunar. \u00c7ok y\u00f6nl\u00fcl\u00fckleri, hassasiyetleri, dayan\u0131kl\u0131l\u0131klar\u0131, kolay bak\u0131mlar\u0131 ve uygun maliyetleri, pop\u00fclerliklerine katk\u0131da bulunur. \u00c7ift etkili silindir ve trakt\u00f6rler i\u00e7in kaynakl\u0131 hidrolik silindir gibi bu silindirlerin \u00fcretiminde uygulanan kalite g\u00fcvencesi, g\u00fcvenilir ve uzun \u00f6m\u00fcrl\u00fc performans sa\u011flamalar\u0131n\u0131 garanti eder.<img decoding=\"async\" src=\"https:\/\/fmp-components.com\/wp-content\/uploads\/2024\/12\/Adjustable-Clevis-Type-Cylinders5.webp\" alt=\"Ayarlanabilir \u00c7atal Tipi Silindir\" width=\"800\" title=\"\"><\/p>\n<h2>Ayarlanabilir \u00c7atal Tip Silindirlerin Uygulamas\u0131<\/h2>\n<p>Ayarlanabilir \u00c7atal Tip Silindirler, \u00e7e\u015fitli end\u00fcstrilerde geni\u015f uygulama alan\u0131 bulan \u00e7ok y\u00f6nl\u00fc hidrolik silindirlerdir. Bu silindirler, benzersiz \u00f6zellikler ve avantajlar sunarak bir\u00e7ok uygulama i\u00e7in tercih edilen bir se\u00e7enek haline gelir. Bu blog yaz\u0131s\u0131nda, Ayarlanabilir \u00c7atal Tip Silindirlerin farkl\u0131 uygulamalar\u0131n\u0131 inceleyecek ve avantajlar\u0131n\u0131 ayr\u0131nt\u0131l\u0131 olarak ele alaca\u011f\u0131z.<\/p>\n<h3>1. End\u00fcstriyel Makineler<\/h3>\n<p>Ayarlanabilir \u00c7atal Tipi Silindirler, end\u00fcstriyel makinelerde \u00e7e\u015fitli ama\u00e7larla yayg\u0131n olarak kullan\u0131lmaktad\u0131r. Bu silindirler, hassas ve kontroll\u00fc do\u011frusal hareket sa\u011flayarak malzeme ta\u015f\u0131ma, ekipman konumland\u0131rma ve montaj hatt\u0131 otomasyonu gibi uygulamalar i\u00e7in uygundur. Bu silindirlerde kullan\u0131lan sa\u011flam yap\u0131 ve y\u00fcksek kaliteli malzemeler, zorlu end\u00fcstriyel ortamlarda bile g\u00fcvenilir performans ve uzun hizmet \u00f6mr\u00fc sa\u011flar.<\/p>\n<h3>2. Tar\u0131m Ekipmanlar\u0131<\/h3>\n<p>Ayarlanabilir \u00c7atal Tipi Silindirler, \u00f6zellikle trakt\u00f6r ata\u015fmanlar\u0131nda olmak \u00fczere tar\u0131m ekipmanlar\u0131nda yayg\u0131n olarak kullan\u0131lmaktad\u0131r. Bu silindirler, s\u00fcrme, s\u00fcrme, hasat ve a\u011f\u0131r y\u00fck kald\u0131rma gibi \u00e7e\u015fitli tar\u0131m i\u015flemlerinde \u00f6nemli bir rol oynar. \u00c7ift etkili i\u015flevleri sayesinde bu silindirler, ola\u011fan\u00fcst\u00fc g\u00fc\u00e7 ve dayan\u0131kl\u0131l\u0131k sunarak tar\u0131m makinelerinin verimli ve etkili bir \u015fekilde \u00e7al\u0131\u015fmas\u0131n\u0131 sa\u011flar.<\/p>\n<h3>3. \u0130n\u015faat Makineleri<\/h3>\n<p>Ayarlanabilir \u00c7atal Tipi Silindirler, in\u015faat makinelerinde de yayg\u0131n olarak kullan\u0131lmaktad\u0131r. Bu silindirler genellikle ekskavat\u00f6r, buldozer ve vin\u00e7 gibi ekipmanlarda bulunur. A\u011f\u0131r y\u00fcklere ve zorlu \u00e7al\u0131\u015fma ko\u015fullar\u0131na dayan\u0131kl\u0131l\u0131klar\u0131, onlar\u0131 kazma, kald\u0131rma, itme ve \u00e7ekme gibi uygulamalar i\u00e7in ideal hale getirir. Bu silindirlerin sa\u011flad\u0131\u011f\u0131 ola\u011fan\u00fcst\u00fc kalite g\u00fcvencesi, \u015fantiyelerde optimum performans ve g\u00fcvenlik sa\u011flar.<\/p>\n<h3>4. Otomotiv End\u00fcstrisi<\/h3>\n<p>Otomotiv end\u00fcstrisi, \u00e7e\u015fitli uygulamalarda Ayarlanabilir \u00c7atal Tipi Silindirlerin kullan\u0131m\u0131ndan faydalanmaktad\u0131r. Bu silindirler, ara\u00e7 kald\u0131rma platformlar\u0131nda, ara\u00e7 rampalar\u0131nda ve di\u011fer otomotiv kald\u0131rma sistemlerinde kullan\u0131l\u0131r. G\u00fcvenilir ve hassas dikey hareket sa\u011flayarak ara\u00e7lar\u0131n bak\u0131m, onar\u0131m ve muayenesini kolayla\u015ft\u0131r\u0131r. Bu silindirlerin kaynakl\u0131 hidrolik yap\u0131s\u0131, dayan\u0131kl\u0131l\u0131k ve y\u00fcksek y\u00fck ta\u015f\u0131ma kapasitesi sa\u011flayarak a\u011f\u0131r hizmet tipi otomotiv g\u00f6revleri i\u00e7in uygundur.<\/p>\n<h3>5. Deniz ve A\u00e7\u0131k Deniz Uygulamalar\u0131<\/h3>\n<p>Denizcilik ve a\u00e7\u0131k deniz end\u00fcstrilerinde, ayarlanabilir \u00e7atal tipi silindirler vin\u00e7ler, vin\u00e7ler ve hidrolik sistemler gibi ekipmanlarda yayg\u0131n olarak kullan\u0131lmaktad\u0131r. Bu silindirler, a\u015f\u0131nd\u0131r\u0131c\u0131 tuzlu su ortamlar\u0131na dayanacak ve deniz ko\u015fullar\u0131nda g\u00fcvenilir performans sa\u011flayacak \u015fekilde tasarlanm\u0131\u015ft\u0131r. Ayarlanabilir \u00e7atal tipi tasar\u0131mlar\u0131, \u00e7e\u015fitli deniz sistemlerine kolay kurulum ve entegrasyon sa\u011flayarak operasyonel verimlili\u011fi ve g\u00fcvenli\u011fi art\u0131r\u0131r.<\/p>\n<p>Sonu\u00e7 olarak, Ayarlanabilir \u00c7atal Tip Silindirler, end\u00fcstriyel makineler, tar\u0131m ekipmanlar\u0131, in\u015faat makineleri, otomotiv end\u00fcstrisi ve denizcilik\/a\u00e7\u0131k deniz uygulamalar\u0131 dahil olmak \u00fczere \u00e7e\u015fitli sekt\u00f6rlerde geni\u015f bir uygulama yelpazesine sahiptir. Bu silindirler, ola\u011fan\u00fcst\u00fc kalite g\u00fcvencesi, \u00e7ift etkili i\u015flevsellik ve kaynakl\u0131 hidrolik yap\u0131 sunarak ilgili uygulamalar\u0131nda g\u00fcvenilir, dayan\u0131kl\u0131 ve verimli olmalar\u0131n\u0131 sa\u011flar. Hassas do\u011frusal hareket, a\u011f\u0131r y\u00fck kald\u0131rma veya zorlu ortamlara dayan\u0131kl\u0131l\u0131k gibi konular olsun, Ayarlanabilir \u00c7atal Tip Silindirler \u00e7e\u015fitli hidrolik sistem gereksinimleri i\u00e7in m\u00fckemmel bir se\u00e7im oldu\u011funu kan\u0131tlam\u0131\u015ft\u0131r.<img decoding=\"async\" src=\"https:\/\/fmp-components.com\/wp-content\/uploads\/2024\/12\/Application-of-Adjustable-Clevis-Type-Cylinders.webp\" alt=\"Ayarlanabilir \u00c7atal Tipi Silindir\" width=\"800\" title=\"\"><\/p>\n<h3>FMP Hakk\u0131nda<\/h3>\n<p>FMP, Hidrolik Silindir \u00fcretimi ve sat\u0131\u015f\u0131nda uzmanla\u015fm\u0131\u015f sayg\u0131n bir \u015firkettir. M\u00fc\u015fterilerimize in\u015faat makineleri i\u00e7in y\u00fcksek kaliteli ve g\u00fcvenilir hidrolik silindirler sunmaya kendimizi adad\u0131k. Uzun y\u0131llara dayanan sekt\u00f6r deneyimi ve profesyonel ekibiyle FMP, t\u00fcm hidrolik silindir ihtiya\u00e7lar\u0131n\u0131z i\u00e7in g\u00fcvenilir orta\u011f\u0131n\u0131zd\u0131r.<\/p>\n<p><img decoding=\"async\" src=\"https:\/\/fmp-components.com\/wp-content\/uploads\/2024\/12\/Adjustable-Clevis-Type-Cylinders-6.webp\" alt=\"Ayarlanabilir \u00c7atal Tipi Silindir\" width=\"850\" title=\"\"><\/p>\n<p>Hidrolik silindir ihtiya\u00e7lar\u0131n\u0131z i\u00e7in FMP'yi se\u00e7meniz i\u00e7in 5 neden:<\/p>\n<p>1. Geni\u015f \u00dcr\u00fcn Yelpazesi: FMP, \u00e7e\u015fitli in\u015faat makinelerinin ihtiya\u00e7lar\u0131n\u0131 kar\u015f\u0131layan geni\u015f bir hidrolik silindir yelpazesi sunar. Standart silindirlerden \u00f6zel \u00fcretim \u00e7\u00f6z\u00fcmlere kadar, \u00f6zel ihtiya\u00e7lar\u0131n\u0131z\u0131 kar\u015f\u0131layacak do\u011fru \u00fcr\u00fcne sahibiz.<\/p>\n<p>2. \u00dcst\u00fcn Kalite: Yapt\u0131\u011f\u0131m\u0131z her i\u015fte kaliteye \u00f6ncelik veriyoruz. T\u00fcm hidrolik silindirlerimiz birinci s\u0131n\u0131f malzemeler kullan\u0131larak \u00fcretiliyor ve s\u0131k\u0131 kalite standartlar\u0131na uyuyor. Bu, \u00fcr\u00fcnlerimizin dayan\u0131kl\u0131, g\u00fcvenilir olmas\u0131n\u0131 ve zorlu ko\u015fullarda optimum performans g\u00f6stermesini sa\u011fl\u0131yor.<\/p>\n<p>3. Uzmanl\u0131k ve Deneyim: Kapsaml\u0131 sekt\u00f6r bilgimiz ve deneyimimizle, in\u015faat makineleri sekt\u00f6r\u00fcn\u00fcn benzersiz zorluklar\u0131n\u0131 ve taleplerini anl\u0131yoruz. Uzman ekibimiz, \u00f6zel ihtiya\u00e7lar\u0131n\u0131z\u0131 kar\u015f\u0131lamak i\u00e7in profesyonel rehberlik ve \u00f6zel \u00e7\u00f6z\u00fcmler sunmak \u00fczere donan\u0131ml\u0131d\u0131r.<\/p>\n<p>4. G\u00fc\u00e7l\u00fc Tedarik\u00e7i \u0130li\u015fkileri: FMP, hem yurt i\u00e7inde hem de yurt d\u0131\u015f\u0131nda sayg\u0131n tedarik\u00e7ilerle uzun vadeli ve istikrarl\u0131 ortakl\u0131klar kurmu\u015ftur. Bu sayede, y\u00fcksek kaliteli bile\u015fenler ve malzemeler tedarik ederek hidrolik silindirlerimizin g\u00fcvenilirli\u011fini ve performans\u0131n\u0131 garanti alt\u0131na alabilmekteyiz.<\/p>\n<p>5. Verimli Lojistik ve Zaman\u0131nda Teslimat: Projelerinizin sorunsuz ilerlemesi i\u00e7in zaman\u0131nda teslimat\u0131n \u00f6neminin fark\u0131nday\u0131z. FMP, ihtiya\u00e7 duydu\u011funuz hidrolik silindirleri zaman\u0131nda ve do\u011fru bir \u015fekilde teslim alman\u0131z\u0131, aksama s\u00fcrelerini en aza indirmenizi ve \u00fcretkenli\u011fi en \u00fcst d\u00fczeye \u00e7\u0131karman\u0131z\u0131 sa\u011flayan verimli bir lojistik da\u011f\u0131t\u0131m sistemine sahiptir.<\/p>\n<p>Hidrolik silindir ihtiya\u00e7lar\u0131n\u0131z i\u00e7in FMP'yi se\u00e7in ve kalite, g\u00fcvenilirlik ve m\u00fc\u015fteri memnuniyetindeki fark\u0131 deneyimleyin. Kusursuz bir in\u015faat makinesi deneyimi i\u00e7in bug\u00fcn bizimle i\u015f ortakl\u0131\u011f\u0131 yap\u0131n.<\/p>\n<h2>SSS<\/h2>\n<p><b>S: \u00c7ift Etkili Silindirin teslimat s\u00fcresi nedir?<\/b><br \/>\nA: Genel teslimat s\u00fcresi 25-35 g\u00fcnd\u00fcr.<\/p>\n<p><b>S: \u00c7ift Etkili Silindirin numuneleri mevcut mu?<\/b><br \/>\nC: Evet, numune sunuyoruz ancak \u00fccretsiz de\u011fil.<\/p>\n<p><b>S: \u00c7ift Etkili Silindir \u00f6zel gereksinimlere g\u00f6re \u00f6zelle\u015ftirilebilir mi?<\/b><br \/>\nC: Evet, numunelerinize veya teknik \u00e7izimlerinize g\u00f6re \u00fcr\u00fcn \u00fcretebiliriz.<\/p>\n<p>&nbsp;<\/p>\n<p>Yazar\uff1a CX<\/p>","protected":false},"excerpt":{"rendered":"<p>The Quality Assurance Double Acting Cylinder Welded Hydraulic Cylinder For Tractor is a high-quality hydraulic cylinder designed for use in tractors. This cylinder features a double-acting design, which allows for efficient operation in both directions. The cylinder is also welded for added durability and strength, ensuring a long service life even in rough operating conditions. [&hellip;]<\/p>","protected":false},"featured_media":1340,"comment_status":"closed","ping_status":"closed","template":"","meta":{"_et_pb_use_builder":"","_et_pb_old_content":"","_et_gb_content_width":""},"product_brand":[],"product_cat":[39],"product_tag":[41,34],"class_list":{"0":"post-1388","1":"product","2":"type-product","3":"status-publish","4":"has-post-thumbnail","6":"product_cat-adjustable-clevis-type-cylinders","7":"product_tag-adjustable-clevis-type-cylinders","8":"product_tag-hydraulic-cylinder","10":"first","11":"instock","12":"product-type-simple"},"_links":{"self":[{"href":"https:\/\/fmp-components.com\/tr\/wp-json\/wp\/v2\/product\/1388","targetHints":{"allow":["GET"]}}],"collection":[{"href":"https:\/\/fmp-components.com\/tr\/wp-json\/wp\/v2\/product"}],"about":[{"href":"https:\/\/fmp-components.com\/tr\/wp-json\/wp\/v2\/types\/product"}],"replies":[{"embeddable":true,"href":"https:\/\/fmp-components.com\/tr\/wp-json\/wp\/v2\/comments?post=1388"}],"wp:featuredmedia":[{"embeddable":true,"href":"https:\/\/fmp-components.com\/tr\/wp-json\/wp\/v2\/media\/1340"}],"wp:attachment":[{"href":"https:\/\/fmp-components.com\/tr\/wp-json\/wp\/v2\/media?parent=1388"}],"wp:term":[{"taxonomy":"product_brand","embeddable":true,"href":"https:\/\/fmp-components.com\/tr\/wp-json\/wp\/v2\/product_brand?post=1388"},{"taxonomy":"product_cat","embeddable":true,"href":"https:\/\/fmp-components.com\/tr\/wp-json\/wp\/v2\/product_cat?post=1388"},{"taxonomy":"product_tag","embeddable":true,"href":"https:\/\/fmp-components.com\/tr\/wp-json\/wp\/v2\/product_tag?post=1388"}],"curies":[{"name":"wp","href":"https:\/\/api.w.org\/{rel}","templated":true}]}}