{"id":1386,"date":"2024-12-23T02:19:41","date_gmt":"2024-12-23T02:19:41","guid":{"rendered":"https:\/\/fmp-components.com\/product\/customized-stainless-steel-hydraulic-cylinder-for-trailer\/"},"modified":"2024-12-23T02:48:23","modified_gmt":"2024-12-23T02:48:23","slug":"customized-stainless-steel-hydraulic-cylinder-for-trailer","status":"publish","type":"product","link":"https:\/\/fmp-components.com\/tr\/product\/customized-stainless-steel-hydraulic-cylinder-for-trailer\/","title":{"rendered":"R\u00f6mork \u0130\u00e7in \u00d6zelle\u015ftirilmi\u015f Paslanmaz \u00c7elik Hidrolik Silindir"},"content":{"rendered":"<h2>R\u00f6mork \u0130\u00e7in \u00d6zelle\u015ftirilmi\u015f Paslanmaz \u00c7elik Hidrolik Silindiri Tan\u0131t\u0131yoruz:<\/h2>\n<p>\u00d6zelle\u015ftirilmi\u015f Paslanmaz \u00c7elik Hidrolik Silindir, r\u00f6morklar i\u00e7in \u00f6zel olarak tasarlanm\u0131\u015f y\u00fcksek kaliteli bir \u00fcr\u00fcnd\u00fcr. Bu hidrolik silindir, uzun \u00f6m\u00fcrl\u00fc olmas\u0131n\u0131 ve pas ve korozyona kar\u015f\u0131 dayan\u0131kl\u0131l\u0131\u011f\u0131n\u0131 garanti eden dayan\u0131kl\u0131 paslanmaz \u00e7elikten \u00fcretilmi\u015ftir.<\/p>\n<p>\u00d6zelle\u015ftirilmi\u015f tasar\u0131m\u0131yla bu hidrolik silindir, \u00e7e\u015fitli r\u00f6mork uygulamalar\u0131 i\u00e7in uygundur. Sorunsuz ve verimli bir \u00e7al\u0131\u015fma sa\u011flamak \u00fczere \u00f6zel olarak tasarlanm\u0131\u015f olup, nakliye s\u0131ras\u0131nda hassas kontrol ve denge sa\u011flar.<\/p>\n<p>Paslanmaz \u00e7elik konstr\u00fcksiyon, silindirin mukavemetini ve dayan\u0131kl\u0131l\u0131\u011f\u0131n\u0131 art\u0131rarak a\u011f\u0131r y\u00fcklere ve zorlu ko\u015fullara dayanmas\u0131n\u0131 sa\u011flar. Bu sayede silindir, kullan\u0131m \u00f6mr\u00fc boyunca g\u00fcvenilir ve etkili bir \u015fekilde \u00e7al\u0131\u015fmaya devam eder.<\/p>\n<p><img loading=\"lazy\" decoding=\"async\" class=\"alignnone size-full wp-image-1334\" src=\"https:\/\/fmp-components.com\/wp-content\/uploads\/2024\/12\/Adjustable-Clevis-Type-Cylinders-4.webp\" alt=\"Ayarlanabilir-\u00c7ember-Tipi-Silindirler\" width=\"800\" height=\"800\" title=\"\" srcset=\"https:\/\/fmp-components.com\/wp-content\/uploads\/2024\/12\/Adjustable-Clevis-Type-Cylinders-4.webp 800w, https:\/\/fmp-components.com\/wp-content\/uploads\/2024\/12\/Adjustable-Clevis-Type-Cylinders-4-480x480.webp 480w\" sizes=\"(min-width: 0px) and (max-width: 480px) 480px, (min-width: 481px) 800px, 100vw\" \/><\/p>\n<p>\u00d6zelle\u015ftirilmi\u015f Paslanmaz \u00c7elik Hidrolik Silindir, performans\u0131n\u0131 art\u0131ran geli\u015fmi\u015f \u00f6zelliklerle donat\u0131lm\u0131\u015ft\u0131r. Silindirin strok ve bas\u0131nc\u0131n\u0131n kolay ve rahat bir \u015fekilde ayarlanmas\u0131n\u0131 sa\u011flayan bir hidrolik sistem i\u00e7erir ve farkl\u0131 r\u00f6mork gereksinimleri i\u00e7in optimum i\u015flevsellik sa\u011flar.<\/p>\n<p>Ayr\u0131ca, bu hidrolik silindir kolay kurulum ve bak\u0131m sa\u011flayacak \u015fekilde tasarlanm\u0131\u015ft\u0131r. Kullan\u0131c\u0131 dostu \u00f6zellikleriyle r\u00f6morklara h\u0131zl\u0131 ve sorunsuz kurulum sa\u011flar. D\u00fc\u015f\u00fck bak\u0131m gerektiren tasar\u0131m\u0131, s\u0131k bak\u0131m ihtiyac\u0131n\u0131 azaltarak zamandan ve kaynaklardan tasarruf sa\u011flar.<\/p>\n<p>\u00d6zetle, R\u00f6morklar \u0130\u00e7in \u00d6zelle\u015ftirilmi\u015f Paslanmaz \u00c7elik Hidrolik Silindir, ola\u011fan\u00fcst\u00fc performans ve g\u00fcvenilirlik sunan birinci s\u0131n\u0131f bir \u00fcr\u00fcnd\u00fcr. \u00dcst\u00fcn yap\u0131s\u0131, geli\u015fmi\u015f \u00f6zellikleri ve kullan\u0131m kolayl\u0131\u011f\u0131, onu her t\u00fcrl\u00fc r\u00f6mork uygulamas\u0131 i\u00e7in ideal bir se\u00e7im haline getirir. R\u00f6morkunuzun sorunsuz ve verimli \u00e7al\u0131\u015fmas\u0131n\u0131 sa\u011flayarak \u00fcretkenli\u011fi ve rahatl\u0131\u011f\u0131 art\u0131rmak i\u00e7in bu hidrolik silindire yat\u0131r\u0131m yap\u0131n.<\/p>\n<table style=\"width: 100%;\" border=\"1\" width=\"100%\" cellspacing=\"0\" cellpadding=\"0\">\n<tbody>\n<tr>\n<th>\u00dcr\u00fcn A\u00e7\u0131klamas\u0131<\/th>\n<td>R\u00f6morklar i\u00e7in \u00d6zelle\u015ftirilmi\u015f Paslanmaz \u00c7elik Hidrolik Silindir<\/td>\n<\/tr>\n<tr>\n<th>Durum<\/th>\n<td>Yeni<\/td>\n<\/tr>\n<tr>\n<th>Garanti<\/th>\n<td>1 Y\u0131l<\/td>\n<\/tr>\n<tr>\n<th>Uygulanabilir End\u00fcstriler<\/th>\n<td>Makine Tamir At\u00f6lyeleri, \u00c7iftlikler, Enerji ve Madencilik, Makine \u00dcretimi, Makine Fabrikalar\u0131<\/td>\n<\/tr>\n<tr>\n<th>A\u011f\u0131rl\u0131k (KG)<\/th>\n<td>47<\/td>\n<\/tr>\n<tr>\n<th>Malzeme<\/th>\n<td>Paslanmaz \u00e7elik<\/td>\n<\/tr>\n<tr>\n<th>Maksimum \u0130tki<\/th>\n<td>3000<\/td>\n<\/tr>\n<tr>\n<th>Tip<\/th>\n<td>Ayarlanabilir \u00c7atal Tipi Silindir<\/td>\n<\/tr>\n<tr>\n<th>Limanlar<\/th>\n<td>G\/SAE\/NPT\/M<\/td>\n<\/tr>\n<tr>\n<th>Maksimum \u00c7ekme Kapasitesi<\/th>\n<td>20 ton<\/td>\n<\/tr>\n<tr>\n<th>Sertifikasyon<\/th>\n<td>ISO9001:2000<\/td>\n<\/tr>\n<tr>\n<th>Renk<\/th>\n<td>Siyah<\/td>\n<\/tr>\n<tr>\n<th>Delik Boyutu<\/th>\n<td>2-6 in\u00e7<\/td>\n<\/tr>\n<tr>\n<th>\u00c7ubuk Boyutu<\/th>\n<td>1.125-4 in\u00e7<\/td>\n<\/tr>\n<tr>\n<th>Vuru\u015f Boyutu<\/th>\n<td>4-100 in\u00e7<\/td>\n<\/tr>\n<tr>\n<th>Pin Boyutu<\/th>\n<td>0,5-2 in\u00e7<\/td>\n<\/tr>\n<\/tbody>\n<\/table>\n<p>&nbsp;<\/p>\n<h2>Hidrolik Silindirin Detayland\u0131r\u0131lmas\u0131<\/h2>\n<p>\u00d6zelle\u015ftirilmi\u015f paslanmaz \u00e7elik hidrolik silindirimiz, \u00fcr\u00fcn yelpazemizdeki benzersiz \u00fcr\u00fcnlerden biridir. \u00c7ok y\u00f6nl\u00fcl\u00fc\u011f\u00fc ve stabilitesiyle bilinen Ayarlanabilir \u00c7atal Tipi versiyonunda mevcuttur. 2 ila 6 in\u00e7 (5,7 ila 15,7 cm) aras\u0131nda de\u011fi\u015fen silindir \u00e7ap\u0131, farkl\u0131 ihtiya\u00e7lar i\u00e7in geni\u015f bir yelpaze sunar. Pistonun silindir i\u00e7indeki toplam hareketinin \u00f6l\u00e7\u00fcs\u00fc olan strok boyutu, 4 ila 100 in\u00e7 (25,7 ila 25,7 cm) aras\u0131nda de\u011fi\u015fir. Bu, geni\u015f bir hareket aral\u0131\u011f\u0131 sa\u011flayarak a\u011f\u0131r hizmet uygulamalar\u0131 i\u00e7in uygun hale getirir. \u00c7ubuk boyutu 1,125 ila 4 in\u00e7 (1,125 ila 4 in\u00e7) ve pim boyutu 0,5 ila 2 in\u00e7 (5,7 ila 5,7 cm) aras\u0131nda de\u011fi\u015fir. Bu hidrolik silindir, maksimum 3000 itme kuvveti uygulayabilir ve 20 tona kadar \u00e7ekebilir; bu da etkileyici g\u00fcc\u00fcn\u00fc g\u00f6sterir.<\/p>\n<p>Hidrolik silindir, dayan\u0131kl\u0131l\u0131k ve g\u00fcvenilirlik sa\u011flayan y\u00fcksek kaliteli paslanmaz \u00e7elikten \u00fcretilmi\u015ftir. G\u00f6vde malzemesi \u00e7elik oldu\u011fundan korozyona dayan\u0131kl\u0131d\u0131r ve zorlu ko\u015fullara dayan\u0131kl\u0131d\u0131r, bu da onu a\u011f\u0131r makineler ve end\u00fcstriyel uygulamalar i\u00e7in ideal k\u0131lar. Siyah rengi ona profesyonel bir g\u00f6r\u00fcn\u00fcm kazand\u0131r\u0131rken, \u00e7elik g\u00f6vdesi sa\u011flaml\u0131k sa\u011flar.<\/p>\n<p>Hidrolik silindirlerimiz \u00e7ok \u00e7e\u015fitli end\u00fcstrilerde uygulama alan\u0131 bulmaktad\u0131r. Makine tamir at\u00f6lyelerinde, \u00e7iftliklerde, enerji ve madencilik end\u00fcstrilerinde, makine imalat\u0131nda ve makine fabrikalar\u0131nda kullan\u0131lmaktad\u0131rlar. Hidrolik silindirlerimizin \u00e7ok y\u00f6nl\u00fcl\u00fc\u011f\u00fc ve g\u00fcc\u00fc, onlar\u0131 bu sekt\u00f6rlerdeki a\u011f\u0131r hizmet g\u00f6revleri i\u00e7in uygun hale getirir.<\/p>\n<h2>Ayarlanabilir \u00c7atal Tipi Silindirlerin Avantajlar\u0131<\/h2>\n<p>Ayarlanabilir \u00e7atal tipi silindirler, tar\u0131m ekipmanlar\u0131, in\u015faat makineleri ve kamyonlar da dahil olmak \u00fczere a\u011f\u0131r hizmet tipi makinelerin hidrolik sistemlerinde hayati \u00f6nem ta\u015f\u0131yan bile\u015fenlerdir. Bu uygulamalarda ayarlanabilir \u00e7atal tipi silindir kullanman\u0131n baz\u0131 avantajlar\u0131 \u015funlard\u0131r:<\/p>\n<h3>1. Geli\u015fmi\u015f Performans<\/h3>\n<p>Ayarlanabilir \u00e7atal tipi silindirler, zorlu ortamlarda y\u00fcksek performans seviyeleri sunmak \u00fczere tasarlanm\u0131\u015ft\u0131r. Bu silindirler, y\u00fcksek mukavemet, korozyon direnci ve dayan\u0131kl\u0131l\u0131k sa\u011flayan \u00f6zel paslanmaz \u00e7elik de dahil olmak \u00fczere dayan\u0131kl\u0131 malzemelerden \u00fcretilmi\u015ftir. Y\u00fcksek performans \u00f6zellikleriyle ayarlanabilir \u00e7atal tipi silindirler, a\u011f\u0131r hizmet tipi makinelerin verimli ve etkili bir \u015fekilde \u00e7al\u0131\u015fmas\u0131na yard\u0131mc\u0131 olur.<\/p>\n<h3>2. \u00d6zelle\u015ftirilmi\u015f Tasar\u0131m Se\u00e7enekleri<\/h3>\n<p>Ayarlanabilir \u00e7atal tipi silindirlerin \u00f6nemli bir avantaj\u0131, belirli uygulamalara uyacak \u015fekilde \u00f6zelle\u015ftirilebilmeleridir. Bu \u00f6zelle\u015ftirme, malzeme se\u00e7imini, silindirin boyutland\u0131r\u0131lmas\u0131n\u0131 ve montaj se\u00e7eneklerinin yap\u0131land\u0131r\u0131lmas\u0131n\u0131 i\u00e7erir. Tasar\u0131mdaki bu esneklik, silindirin makineye sorunsuz bir \u015fekilde oturmas\u0131n\u0131 sa\u011flayarak kullan\u0131m\u0131n\u0131 ve \u00e7al\u0131\u015ft\u0131r\u0131lmas\u0131n\u0131 kolayla\u015ft\u0131r\u0131r.<\/p>\n<h3>3. Geli\u015ftirilmi\u015f G\u00fcvenlik<\/h3>\n<p>Ayarlanabilir \u00e7atal tipi silindirlerin bir di\u011fer avantaj\u0131 da a\u011f\u0131r hizmet tipi makinelerde g\u00fcvenli\u011fe katk\u0131 sa\u011flamalar\u0131d\u0131r. Bu silindirler, y\u00fcksek y\u00fck ve bas\u0131n\u00e7lara dayanacak \u015fekilde tasarlanm\u0131\u015ft\u0131r ve bu da onlar\u0131 g\u00fcvenli\u011fin \u00f6nemli oldu\u011fu makinelerde kullan\u0131m i\u00e7in ideal k\u0131lar. Y\u00fcksek mukavemet ve dayan\u0131kl\u0131l\u0131k seviyeleriyle, kazalara veya yaralanmalara yol a\u00e7abilecek makine ar\u0131zas\u0131 riskini azaltmaya yard\u0131mc\u0131 olurlar.<\/p>\n<h3>4. Azalt\u0131lm\u0131\u015f Bak\u0131m Maliyetleri<\/h3>\n<p>Ayarlanabilir \u00e7atal tipi silindirler, d\u00fc\u015f\u00fck bak\u0131m gerektiren bile\u015fenler olacak \u015fekilde tasarlanm\u0131\u015ft\u0131r. Dayan\u0131kl\u0131 malzemeleri ve sa\u011flam tasar\u0131mlar\u0131 sayesinde bu silindirler minimum bak\u0131m gerektirir, bak\u0131m maliyetlerini ve ar\u0131za s\u00fcrelerini azalt\u0131r. Bu \u00f6zellik, bak\u0131m\u0131n zor veya pahal\u0131 oldu\u011fu uzak veya zorlu ortamlarda kullan\u0131m i\u00e7in idealdir.<\/p>\n<h3>5. Artan Verimlilik<\/h3>\n<p>\u00c7atal tipi silindirlerin ayarlanabilir yap\u0131s\u0131, tak\u0131ld\u0131klar\u0131 makinenin hassas bir \u015fekilde kontrol edilmesini sa\u011flar. Bu \u00f6zellik, ekipman\u0131n verimli kullan\u0131m\u0131n\u0131 kolayla\u015ft\u0131rarak yak\u0131t t\u00fcketimini azalt\u0131r ve genel performans\u0131 art\u0131r\u0131r. Makinenin hareketlerini kontrol edebilme \u00f6zelli\u011fi, a\u015f\u0131r\u0131 y\u00fckleme veya a\u015f\u0131r\u0131 \u00e7al\u0131\u015fma nedeniyle olu\u015fabilecek hasar olas\u0131l\u0131\u011f\u0131n\u0131 da azalt\u0131r.<\/p>\n<p>Sonu\u00e7 olarak, ayarlanabilir \u00e7atal tipi silindirler, a\u011f\u0131r hizmet tipi makinelere geli\u015fmi\u015f performans, \u00f6zelle\u015ftirilmi\u015f tasar\u0131m se\u00e7enekleri, iyile\u015ftirilmi\u015f g\u00fcvenlik, azalt\u0131lm\u0131\u015f bak\u0131m maliyetleri ve art\u0131r\u0131lm\u0131\u015f verimlilik gibi bir\u00e7ok avantaj sa\u011flar. Y\u00fcksek mukavemet ve dayan\u0131kl\u0131l\u0131k seviyeleriyle bu silindirler, zorlu ortamlarda kullan\u0131m i\u00e7in idealdir ve g\u00fcvenilir ve verimli bir \u00e7al\u0131\u015fma sa\u011flar.<img decoding=\"async\" src=\"https:\/\/fmp-components.com\/wp-content\/uploads\/2024\/12\/Adjustable-Clevis-Type-Cylinders5.webp\" alt=\"Ayarlanabilir \u00c7atal Tipi Silindir\" width=\"800\" title=\"\"><\/p>\n<h2>Ayarlanabilir \u00c7atal Tip Silindirlerin Uygulamas\u0131<\/h2>\n<p>Ayarlanabilir \u00e7atal tipi silindirler, a\u011f\u0131r y\u00fckleri kald\u0131rma ve sabit bas\u0131n\u00e7 sa\u011flama kabiliyetleri nedeniyle \u00e7e\u015fitli end\u00fcstrilerde yayg\u0131n olarak kullan\u0131lmaktad\u0131r. Bu silindirler, in\u015faat, otomotiv ve imalat end\u00fcstrileri gibi hassasiyet ve kontrol\u00fcn gerekli oldu\u011fu uygulamalarda \u00f6zellikle faydal\u0131d\u0131r.<\/p>\n<p>Ayarlanabilir \u00e7atal tipi silindirlerin baz\u0131 yayg\u0131n uygulamalar\u0131 \u015funlard\u0131r:<\/p>\n<h3>1. A\u011f\u0131r Makineler<\/h3>\n<p>Ayarlanabilir \u00e7atal tipi silindirler, ekskavat\u00f6rler, vin\u00e7ler ve y\u00fckleyiciler gibi a\u011f\u0131r makinelerde s\u0131kl\u0131kla kullan\u0131l\u0131r. Bu makineler, a\u011f\u0131r nesneleri kald\u0131rmak ve \u00e7e\u015fitli g\u00f6revleri yerine getirmek i\u00e7in y\u00fcksek g\u00fc\u00e7 gerektirir. Ayarlanabilir \u00e7atal tipi silindirler, makineleri etkili bir \u015fekilde hareket ettirmek i\u00e7in gerekli g\u00fc\u00e7 ve kontrol\u00fc sa\u011flamak i\u00e7in kullan\u0131l\u0131r. R\u00f6morklar i\u00e7in \u00f6zel olarak tasarlanm\u0131\u015f paslanmaz \u00e7elik hidrolik silindir, a\u011f\u0131r makinelerde kullan\u0131lan ayarlanabilir \u00e7atal tipi silindirlere bir \u00f6rnektir.<\/p>\n<h3>2. \u0130n\u015faat<\/h3>\n<p>\u0130n\u015faat sekt\u00f6r\u00fc, delme, y\u0131k\u0131m ve kaz\u0131 gibi \u00e7e\u015fitli uygulamalar i\u00e7in ayarlanabilir \u00e7atal tipi silindirlere b\u00fcy\u00fck \u00f6l\u00e7\u00fcde g\u00fcvenmektedir. Bu silindirler, beton ve di\u011fer yap\u0131 malzemelerini k\u0131rmak i\u00e7in gerekli kuvveti sa\u011flamak amac\u0131yla kullan\u0131l\u0131r. Ayr\u0131ca \u00e7elik kiri\u015fler ve di\u011fer yap\u0131 malzemeleri gibi a\u011f\u0131r y\u00fckleri kald\u0131rmak i\u00e7in de kullan\u0131l\u0131rlar.<\/p>\n<h3>3. Otomotiv<\/h3>\n<p>Ayarlanabilir \u00e7atal tipi silindirler, otomotiv end\u00fcstrisinde a\u011f\u0131r ara\u00e7lar\u0131n kald\u0131r\u0131lmas\u0131 ve a\u011f\u0131r bile\u015fenlerin ta\u015f\u0131nmas\u0131 gibi \u00e7e\u015fitli uygulamalarda yayg\u0131n olarak kullan\u0131lmaktad\u0131r. Ayr\u0131ca, \u00fcretim s\u00fcre\u00e7lerinde par\u00e7a montaj\u0131 ve di\u011fer g\u00f6revleri yerine getirmek i\u00e7in de kullan\u0131l\u0131rlar. Bu silindirler, dayan\u0131kl\u0131 olacak ve otomotiv end\u00fcstrisinin zorlu ko\u015fullar\u0131na dayanacak \u015fekilde tasarlanm\u0131\u015ft\u0131r.<\/p>\n<h3>4. \u00dcretim<\/h3>\n<p>Ayarlanabilir \u00e7atal tipi silindirler, imalat sanayinde presleme, s\u0131k\u0131\u015ft\u0131rma ve \u015fekillendirme gibi \u00e7e\u015fitli uygulamalarda yayg\u0131n olarak kullan\u0131lmaktad\u0131r. Bu silindirler, hassas \u015fekiller ve formlar olu\u015fturmak i\u00e7in malzemelere tutarl\u0131 bas\u0131n\u00e7 uygulamak amac\u0131yla kullan\u0131l\u0131r. Ayr\u0131ca a\u011f\u0131r y\u00fckleri kald\u0131rmak ve malzemeleri \u00fcretim sahas\u0131nda ta\u015f\u0131mak i\u00e7in de kullan\u0131l\u0131rlar.<\/p>\n<p>Sonu\u00e7 olarak, ayarlanabilir \u00e7atal tipi silindirler, \u00e7e\u015fitli end\u00fcstrilerde yayg\u0131n olarak kullan\u0131lan \u00e7ok y\u00f6nl\u00fc ve kullan\u0131\u015fl\u0131 ara\u00e7lard\u0131r. A\u011f\u0131r y\u00fckleri kald\u0131rma, beton k\u0131rma ve hassas \u015fekiller olu\u015fturma gibi \u00e7e\u015fitli g\u00f6revleri ger\u00e7ekle\u015ftirmek i\u00e7in gerekli g\u00fc\u00e7 ve kontrol\u00fc sa\u011flarlar. R\u00f6morklar i\u00e7in \u00f6zel paslanmaz \u00e7elik hidrolik silindir, a\u011f\u0131r makinelerde kullan\u0131lan bu silindirlere bir \u00f6rnektir. \u0130ster in\u015faat, ister otomotiv veya imalat sekt\u00f6r\u00fcnde olun, ayarlanabilir \u00e7atal tipi silindirler g\u00f6revlerinizi daha etkili ve verimli bir \u015fekilde yerine getirmenize yard\u0131mc\u0131 olabilir.<img decoding=\"async\" src=\"https:\/\/fmp-components.com\/wp-content\/uploads\/2024\/12\/Application-of-Adjustable-Clevis-Type-Cylinders.webp\" alt=\"Ayarlanabilir \u00c7atal Tipi Silindir\" width=\"800\" title=\"\"><\/p>\n<h3>FMP \u2013 Hidrolik Silindir Hakk\u0131nda<\/h3>\n<p>G\u00fcvenilir ve y\u00fcksek kaliteli hidrolik silindirler ar\u0131yorsan\u0131z, do\u011fru yerdesiniz. FMP, in\u015faat makinesi par\u00e7alar\u0131 ve komple makinelerin sat\u0131\u015f ve servisinde uzmanla\u015fm\u0131\u015f sayg\u0131n bir \u015firkettir. Sekt\u00f6rdeki uzun y\u0131llara dayanan deneyimimiz ve profesyonel ekibimizle, m\u00fc\u015fterilerimize \u00f6zel ihtiya\u00e7lar\u0131n\u0131 kar\u015f\u0131layacak \u015fekilde tasarlanm\u0131\u015f \u00fcst d\u00fczey hidrolik silindirler sunuyoruz.<\/p>\n<p>Hidrolik silindir ihtiya\u00e7lar\u0131n\u0131z i\u00e7in FMP'yi se\u00e7meniz i\u00e7in be\u015f neden:<\/p>\n<p>1. Geni\u015f \u00dcr\u00fcn Yelpazesi: FMP olarak, ayarlanabilir \u00e7atal tipi silindirler, kaynakl\u0131 \u00e7atal tipi silindirler ve daha fazlas\u0131 dahil olmak \u00fczere geni\u015f bir hidrolik silindir yelpazesi sunuyoruz. \u00dcr\u00fcnlerimiz, tar\u0131m makineleri, end\u00fcstriyel makineler ve daha fazlas\u0131 dahil olmak \u00fczere \u00e7e\u015fitli in\u015faat makineleri i\u00e7in uygundur.<\/p>\n<p>2. En Kaliteli Malzemeler: \u00dcr\u00fcnlerimizde yaln\u0131zca en kaliteli malzemeleri kullan\u0131yor ve s\u0131k\u0131 kalite standartlar\u0131n\u0131 kar\u015f\u0131lad\u0131klar\u0131ndan emin oluyoruz. Hidrolik silindirlerimiz, dayan\u0131kl\u0131l\u0131k ve uzun \u00f6m\u00fcrl\u00fc performans sa\u011flayan y\u00fcksek kaliteli \u00e7elikten \u00fcretilmi\u015ftir.<\/p>\n<p>3. Profesyonel Dan\u0131\u015fmanl\u0131k: Deneyimli sat\u0131\u015f ekibimiz, profesyonel dan\u0131\u015fmanl\u0131k ve tavsiyelerde bulunmak i\u00e7in her zaman haz\u0131rd\u0131r. \u0130n\u015faat makineleri sekt\u00f6r\u00fcndeki geli\u015fme trendlerini ve m\u00fc\u015fteri ihtiya\u00e7lar\u0131n\u0131 anl\u0131yor ve ihtiya\u00e7lar\u0131n\u0131za uygun do\u011fru hidrolik silindiri se\u00e7menize yard\u0131mc\u0131 olabiliriz.<\/p>\n<p>4. Verimli Lojistik Da\u011f\u0131t\u0131m Sistemi: M\u00fc\u015fterilerimizin ihtiya\u00e7 duyduklar\u0131 par\u00e7alar\u0131 zaman\u0131nda ve do\u011fru bir \u015fekilde almas\u0131n\u0131 sa\u011flayan verimli bir lojistik da\u011f\u0131t\u0131m sistemimiz var. Bu, hidrolik silindirinizi ihtiya\u00e7 duydu\u011funuz anda teslim edece\u011fimize g\u00fcvenebilece\u011finiz anlam\u0131na gelir.<\/p>\n<p>5. Rekabet\u00e7i Fiyatlar: FMP olarak, \u00fcr\u00fcnlerimizi kaliteden \u00f6d\u00fcn vermeden rekabet\u00e7i fiyatlarla sunuyoruz. Herkesin uygun fiyata en kaliteli hidrolik silindirlere eri\u015febilmesi gerekti\u011fine inan\u0131yoruz.<\/p>\n<p>G\u00fcvenilir ve profesyonel bir hidrolik silindir tedarik\u00e7isi ar\u0131yorsan\u0131z, FMP'den ba\u015fkas\u0131na bakmay\u0131n. \u00dcr\u00fcn ve hizmetlerimiz hakk\u0131nda daha fazla bilgi edinmek i\u00e7in bug\u00fcn bizimle ileti\u015fime ge\u00e7in.<\/p>\n<p><img decoding=\"async\" src=\"https:\/\/fmp-components.com\/wp-content\/uploads\/2024\/12\/Adjustable-Clevis-Type-Cylinders-6.webp\" alt=\"Ayarlanabilir \u00c7atal Tipi Silindir\" width=\"848\" title=\"\"><\/p>\n<h2>S\u0131k\u00e7a Sorulan Sorular<\/h2>\n<p><b>S: Hidrolik silindirin maksimum y\u00fck kapasitesi nedir?<\/b><br \/>\nA: Hidrolik silindir maksimum 20 ton y\u00fck \u00e7ekebilir.<\/p>\n<p><b>S: Hidrolik silindirin garanti s\u00fcresi nedir?<\/b><br \/>\nA: Hidrolik silindir 1 y\u0131l garantilidir.<\/p>\n<p><b>S: Hidrolik silindir \u00f6zel gereksinimlere g\u00f6re \u00f6zelle\u015ftirilebilir mi?<\/b><br \/>\nC: Evet, \u00f6zel ihtiya\u00e7lar\u0131n\u0131z\u0131 kar\u015f\u0131lamak i\u00e7in \u00f6zelle\u015ftirme se\u00e7enekleri sunuyoruz.<\/p>\n<p><img decoding=\"async\" src=\"https:\/\/img.jiansujichilun.com\/img\/hydrauliccylinders\/T_hydrauliccylinders-3.webp\" alt=\"hidrolik silindir\" width=\"800\" title=\"\"><\/p>\n<p>Yazar\uff1a CX<\/p>","protected":false},"excerpt":{"rendered":"<p>Introducing the Customized Stainless Steel Hydraulic Cylinder For Trailer: The Customized Stainless Steel Hydraulic Cylinder is a high-quality product designed specifically for trailers. This hydraulic cylinder is made from durable stainless steel, ensuring its longevity and resistance to rust and corrosion. With its customized design, this hydraulic cylinder is suitable for a variety of trailer [&hellip;]<\/p>","protected":false},"featured_media":1336,"comment_status":"closed","ping_status":"closed","template":"","meta":{"_et_pb_use_builder":"","_et_pb_old_content":"","_et_gb_content_width":""},"product_brand":[],"product_cat":[39],"product_tag":[41,34],"class_list":{"0":"post-1386","1":"product","2":"type-product","3":"status-publish","4":"has-post-thumbnail","6":"product_cat-adjustable-clevis-type-cylinders","7":"product_tag-adjustable-clevis-type-cylinders","8":"product_tag-hydraulic-cylinder","10":"first","11":"instock","12":"product-type-simple"},"_links":{"self":[{"href":"https:\/\/fmp-components.com\/tr\/wp-json\/wp\/v2\/product\/1386","targetHints":{"allow":["GET"]}}],"collection":[{"href":"https:\/\/fmp-components.com\/tr\/wp-json\/wp\/v2\/product"}],"about":[{"href":"https:\/\/fmp-components.com\/tr\/wp-json\/wp\/v2\/types\/product"}],"replies":[{"embeddable":true,"href":"https:\/\/fmp-components.com\/tr\/wp-json\/wp\/v2\/comments?post=1386"}],"wp:featuredmedia":[{"embeddable":true,"href":"https:\/\/fmp-components.com\/tr\/wp-json\/wp\/v2\/media\/1336"}],"wp:attachment":[{"href":"https:\/\/fmp-components.com\/tr\/wp-json\/wp\/v2\/media?parent=1386"}],"wp:term":[{"taxonomy":"product_brand","embeddable":true,"href":"https:\/\/fmp-components.com\/tr\/wp-json\/wp\/v2\/product_brand?post=1386"},{"taxonomy":"product_cat","embeddable":true,"href":"https:\/\/fmp-components.com\/tr\/wp-json\/wp\/v2\/product_cat?post=1386"},{"taxonomy":"product_tag","embeddable":true,"href":"https:\/\/fmp-components.com\/tr\/wp-json\/wp\/v2\/product_tag?post=1386"}],"curies":[{"name":"wp","href":"https:\/\/api.w.org\/{rel}","templated":true}]}}