{"id":1384,"date":"2024-12-23T02:19:41","date_gmt":"2024-12-23T02:19:41","guid":{"rendered":"https:\/\/fmp-components.com\/product\/high-quality-small-adjustable-welded-hydraulic-cylinder\/"},"modified":"2024-12-23T02:36:07","modified_gmt":"2024-12-23T02:36:07","slug":"high-quality-small-adjustable-welded-hydraulic-cylinder","status":"publish","type":"product","link":"https:\/\/fmp-components.com\/tr\/product\/high-quality-small-adjustable-welded-hydraulic-cylinder\/","title":{"rendered":"Y\u00fcksek Kaliteli K\u00fc\u00e7\u00fck Ayarlanabilir Kaynakl\u0131 Hidrolik Silindir"},"content":{"rendered":"<p>Y\u00fcksek Kaliteli K\u00fc\u00e7\u00fck Ayarlanabilir Kaynakl\u0131 Hidrolik Silindir, g\u00fcvenilir bir hidrolik sisteme ihtiya\u00e7 duyan herkes i\u00e7in olmazsa olmazd\u0131r. Ayarlanabilir tasar\u0131m\u0131, \u00f6zel ihtiya\u00e7lar\u0131n\u0131za uyacak \u015fekilde kolayca \u00f6zelle\u015ftirme olana\u011f\u0131 sa\u011flar ve kaynakl\u0131 yap\u0131s\u0131 maksimum dayan\u0131kl\u0131l\u0131k ve uzun \u00f6m\u00fcr sa\u011flar.<\/p>\n<p>Kompakt boyutuyla bu hidrolik silindir, daha b\u00fcy\u00fck silindirlerin pratik olmayaca\u011f\u0131 dar alanlarda kullan\u0131m i\u00e7in m\u00fckemmeldir. Y\u00fcksek kaliteli yap\u0131 malzemeleri, en zorlu uygulamalar\u0131n bile \u00fcstesinden gelmesini sa\u011flayarak, onu \u00e7ok \u00e7e\u015fitli hidrolik ihtiya\u00e7lar\u0131n\u0131z i\u00e7in \u00e7ok y\u00f6nl\u00fc bir \u00e7\u00f6z\u00fcm haline getirir.<\/p>\n<p>Mevcut hidrolik sisteminizin performans\u0131n\u0131 art\u0131rmak veya tamamen yeni bir hidrolik silindire ihtiya\u00e7 duymak istiyorsan\u0131z, Y\u00fcksek Kaliteli K\u00fc\u00e7\u00fck Ayarlanabilir Kaynakl\u0131 Hidrolik Silindir m\u00fckemmel bir se\u00e7imdir. Ola\u011fan\u00fcst\u00fc kalitesi, g\u00fcvenilirli\u011fi ve performans\u0131, beklentilerinizi a\u015facak ve i\u015finizi do\u011fru \u015fekilde yapman\u0131z i\u00e7in ihtiyac\u0131n\u0131z olan dayan\u0131kl\u0131 ve uzun \u00f6m\u00fcrl\u00fc hidrolik sistemi sa\u011flayacakt\u0131r.<\/p>\n<p><img loading=\"lazy\" decoding=\"async\" class=\"alignnone size-full wp-image-1334\" src=\"https:\/\/fmp-components.com\/wp-content\/uploads\/2024\/12\/Adjustable-Clevis-Type-Cylinders-4.webp\" alt=\"Ayarlanabilir-\u00c7ember-Tipi-Silindirler\" width=\"800\" height=\"800\" title=\"\" srcset=\"https:\/\/fmp-components.com\/wp-content\/uploads\/2024\/12\/Adjustable-Clevis-Type-Cylinders-4.webp 800w, https:\/\/fmp-components.com\/wp-content\/uploads\/2024\/12\/Adjustable-Clevis-Type-Cylinders-4-480x480.webp 480w\" sizes=\"(min-width: 0px) and (max-width: 480px) 480px, (min-width: 481px) 800px, 100vw\" \/><\/p>\n<h2>Ayarlanabilir \u00c7atal Tipi Silindirlerin Avantajlar\u0131<\/h2>\n<p>Ayarlanabilir \u00e7atal tipi silindirler, \u00f6zellikle de y\u00fcksek kaliteli k\u00fc\u00e7\u00fck ayarlanabilir kaynakl\u0131 hidrolik silindirler, di\u011fer silindir tiplerine g\u00f6re \u00e7ok say\u0131da avantaj sunar. Ayarlanabilir \u00e7atal tipi silindirleri kullanman\u0131n baz\u0131 avantajlar\u0131 \u015funlard\u0131r:<\/p>\n<ol>\n<li><strong>Esneklik:<\/strong> Ayarlanabilir mafsal, 360 derece d\u00f6nd\u00fcr\u00fclebildi\u011fi i\u00e7in montajda esneklik sa\u011flar. Bu sayede silindir her y\u00f6ne kolayca ayarlanabilir ve alan\u0131n k\u0131s\u0131tl\u0131 oldu\u011fu veya farkl\u0131 montaj a\u00e7\u0131lar\u0131n\u0131n gerekli oldu\u011fu uygulamalar i\u00e7in idealdir.<\/li>\n<li><strong>Ayarlanabilirlik:<\/strong> Ad\u0131ndan da anla\u015f\u0131laca\u011f\u0131 gibi, ayarlanabilir \u00e7atal tipi silindirler, belirli uygulamalara uyacak \u015fekilde ayarlanabilir. Bunun nedeni, \u00e7atal\u0131n piston kolu boyunca yukar\u0131 ve a\u015fa\u011f\u0131 hareket ettirilebilmesi ve strok uzunlu\u011funun hassas bir \u015fekilde ayarlanabilmesidir. Bu, silindirin farkl\u0131 montaj gereksinimlerine uyacak \u015fekilde \u00f6zelle\u015ftirilebilece\u011fi anlam\u0131na gelir ve bu da onu di\u011fer silindir tiplerinden daha \u00e7ok y\u00f6nl\u00fc k\u0131lar.<\/li>\n<li><strong>Y\u00fcksek hassasiyet:<\/strong> Ayarlanabilir \u00e7atal tipi silindirler, y\u00fcksek tekrarlanabilirlik ve do\u011frulukla son derece hassas olacak \u015fekilde tasarlanm\u0131\u015ft\u0131r. Bu, silindirin zorlu ortamlarda bile sorunsuz ve g\u00fcvenilir bir \u015fekilde \u00e7al\u0131\u015fmas\u0131n\u0131 sa\u011flayan y\u00fcksek kaliteli malzemeler ve geli\u015fmi\u015f \u00fcretim tekniklerinin kullan\u0131lmas\u0131 sayesinde m\u00fcmk\u00fcn olur.<\/li>\n<li><strong>Verimli:<\/strong> Ayarlanabilir \u00e7atal tipi silindirler son derece verimlidir, yani di\u011fer silindir tiplerine g\u00f6re daha az enerji kullanarak y\u00fcksek g\u00fc\u00e7 sa\u011flayabilirler. Bunun nedeni, s\u00fcrt\u00fcnme ve a\u015f\u0131nmay\u0131 en aza indirecek \u015fekilde tasarlanm\u0131\u015f olmalar\u0131 ve bu sayede silindiri \u00e7al\u0131\u015ft\u0131rmak i\u00e7in gereken enerji miktar\u0131n\u0131 azaltmalar\u0131d\u0131r. Bu da onlar\u0131 enerji verimlili\u011finin \u00f6nemli oldu\u011fu uygulamalar i\u00e7in ideal k\u0131lar.<\/li>\n<li><strong>Dayan\u0131kl\u0131:<\/strong> Y\u00fcksek kaliteli, k\u00fc\u00e7\u00fck, ayarlanabilir kaynakl\u0131 hidrolik silindirler, sa\u011flam yap\u0131lar\u0131 ve zorlu \u00e7al\u0131\u015fma ko\u015fullar\u0131na dayan\u0131kl\u0131 y\u00fcksek kaliteli malzemeleriyle uzun \u00f6m\u00fcrl\u00fc olacak \u015fekilde \u00fcretilmi\u015ftir. Silindirler korozyona, a\u015f\u0131nmaya, y\u0131pranmaya ve a\u015f\u0131r\u0131 s\u0131cakl\u0131klara dayan\u0131kl\u0131d\u0131r ve bu da onlar\u0131 \u00e7ok \u00e7e\u015fitli end\u00fcstriyel uygulamalar i\u00e7in ideal hale getirir.<\/li>\n<\/ol>\n<p>Sonu\u00e7 olarak, ayarlanabilir \u00e7atal tipi silindirler e\u015fsiz esneklik, ayarlanabilirlik, hassasiyet, verimlilik ve dayan\u0131kl\u0131l\u0131k sunar. Bu silindirler, \u00e7ok \u00e7e\u015fitli end\u00fcstriyel ve ticari uygulamalar i\u00e7in idealdir ve \u00f6zellikle y\u00fcksek hassasiyet ve verimlilik gerektiren uygulamalar i\u00e7in uygundur. Ayarlanabilir \u00e7atal tipi silindirleri se\u00e7erken, en iyi performans\u0131 ve uzun \u00f6m\u00fcrl\u00fcl\u00fc\u011f\u00fc sa\u011flayacak y\u00fcksek kaliteli, k\u00fc\u00e7\u00fck, ayarlanabilir kaynakl\u0131 hidrolik silindirleri tercih etti\u011finizden emin olun.<img decoding=\"async\" src=\"https:\/\/fmp-components.com\/wp-content\/uploads\/2024\/12\/Adjustable-Clevis-Type-Cylinders5.webp\" alt=\"Ayarlanabilir \u00c7atal Tipi Silindir\" width=\"800\" title=\"\"><\/p>\n<h2>Ayarlanabilir \u00c7atal Tip Silindirlerin Uygulamas\u0131<\/h2>\n<p>Ayarlanabilir \u00e7atal tipi silindirler, farkl\u0131 montaj konumlar\u0131na ayarlanabilen hidrolik silindirlerdir. \u00c7e\u015fitli end\u00fcstrilerde farkl\u0131 uygulamalar i\u00e7in kullan\u0131l\u0131rlar. Ayarlanabilir \u00e7atal tipi silindirlerin en yayg\u0131n uygulamalar\u0131ndan baz\u0131lar\u0131 \u015funlard\u0131r:<\/p>\n<ul>\n<li style=\"list-style-type: none;\">\n<ul>\n<li><strong>End\u00fcstriyel Otomasyon<\/strong><\/li>\n<\/ul>\n<\/li>\n<\/ul>\n<p>Ayarlanabilir \u00e7atal tipi silindirler, \u00e7e\u015fitli end\u00fcstriyel otomasyon s\u00fcre\u00e7lerinde kullan\u0131l\u0131r. Bu silindirler, s\u0131k\u0131\u015ft\u0131rma, presleme ve delme uygulamalar\u0131nda yayg\u0131n olarak kullan\u0131l\u0131r. Farkl\u0131 montaj konumlar\u0131na kolayca ayarlanabildikleri i\u00e7in farkl\u0131 makine ve ekipmanlarda kullan\u0131ma uygundurlar.<\/p>\n<ul>\n<li style=\"list-style-type: none;\">\n<ul>\n<li><strong>\u0130n\u015faat Makinalar\u0131<\/strong><\/li>\n<\/ul>\n<\/li>\n<\/ul>\n<p>Y\u00fcksek kaliteli, k\u00fc\u00e7\u00fck, ayarlanabilir kaynakl\u0131 hidrolik silindirler genellikle in\u015faat makinelerinde kullan\u0131l\u0131r. Bu silindirler, ekskavat\u00f6rler, buldozerler ve y\u00fckleyiciler gibi \u00e7e\u015fitli makinelerde kullan\u0131l\u0131r. Kazma, tesviye ve a\u011f\u0131r y\u00fck kald\u0131rma gibi i\u015flerde kullan\u0131l\u0131rlar.<\/p>\n<ul>\n<li style=\"list-style-type: none;\">\n<ul>\n<li><strong>Tar\u0131m Makinalar\u0131<\/strong><\/li>\n<\/ul>\n<\/li>\n<\/ul>\n<p>Ayarlanabilir \u00e7atal tipi silindirler, trakt\u00f6r, bi\u00e7erd\u00f6ver ve k\u00fcltivat\u00f6r gibi tar\u0131m makinelerinde kullan\u0131l\u0131r. Makinelerin farkl\u0131 par\u00e7alar\u0131n\u0131 kald\u0131r\u0131p indirmek, saban y\u00fcksekli\u011fini ayarlamak ve makinelerde kullan\u0131lan s\u0131v\u0131lar\u0131n ak\u0131\u015f\u0131n\u0131 kontrol etmek gibi g\u00f6revlerde kullan\u0131l\u0131rlar.<\/p>\n<ul>\n<li style=\"list-style-type: none;\">\n<ul>\n<li><strong>Malzeme Ta\u015f\u0131ma Ekipmanlar\u0131<\/strong><\/li>\n<\/ul>\n<\/li>\n<\/ul>\n<p>Ayarlanabilir \u00e7atal tipi silindirler, forklift ve vin\u00e7 gibi malzeme ta\u015f\u0131ma ekipmanlar\u0131nda da kullan\u0131l\u0131r. A\u011f\u0131r y\u00fckleri kald\u0131r\u0131p indirme, \u00e7atallar\u0131 e\u011fme ve vin\u00e7 kolunun hareketini kontrol etme gibi g\u00f6revlerde kullan\u0131l\u0131rlar.<\/p>\n<ul>\n<li style=\"list-style-type: none;\">\n<ul>\n<li><strong>Deniz ve A\u00e7\u0131k Deniz Ekipmanlar\u0131<\/strong><\/li>\n<\/ul>\n<\/li>\n<\/ul>\n<p>Ayarlanabilir \u00e7atal tipi silindirler, gemiler ve petrol platformlar\u0131 gibi deniz ve a\u00e7\u0131k deniz ekipmanlar\u0131nda kullan\u0131l\u0131r. Valfleri a\u00e7\u0131p kapatmak, gemi d\u00fcmenini kontrol etmek ve platformda kullan\u0131lan vincin hareketini kontrol etmek gibi g\u00f6revlerde kullan\u0131l\u0131rlar.<\/p>\n<p>Sonu\u00e7 olarak, ayarlanabilir \u00e7atal tipi silindirler, farkl\u0131 end\u00fcstrilerde farkl\u0131 g\u00f6revler i\u00e7in uygulama alan\u0131 bulan \u00e7ok y\u00f6nl\u00fc hidrolik silindirlerdir. Farkl\u0131 montaj konumlar\u0131na ayarlanabilmeleri, onlar\u0131 farkl\u0131 makine ve ekipmanlarda kullan\u0131ma uygun hale getirir. Y\u00fcksek kaliteli, k\u00fc\u00e7\u00fck, ayarlanabilir kaynakl\u0131 hidrolik silindirlerin kullan\u0131m\u0131, silindirlerin dayan\u0131kl\u0131l\u0131\u011f\u0131n\u0131 ve g\u00fcvenilirli\u011fini sa\u011flayarak zorlu ve zorlu ortamlarda kullan\u0131ma uygun hale getirir.<img decoding=\"async\" src=\"https:\/\/fmp-components.com\/wp-content\/uploads\/2024\/12\/Application-of-Adjustable-Clevis-Type-Cylinders.webp\" alt=\"Ayarlanabilir \u00c7atal Tipi Silindir\" width=\"800\" title=\"\"><\/p>\n<h3>FMP Hidrolik Silindir Hakk\u0131nda<\/h3>\n<p>FMP, in\u015faat makinesi par\u00e7alar\u0131 ve komple makinelerin sat\u0131\u015f ve servisinde uzmanla\u015fm\u0131\u015f lider bir \u015firkettir. D\u00fcnya \u00e7ap\u0131ndaki m\u00fc\u015fterilerimize y\u00fcksek kaliteli Hidrolik Silindir \u00e7\u00f6z\u00fcmleri sunmaktan gurur duyuyoruz.<\/p>\n<p>FMP Hidrolik Silindir'i se\u00e7menin baz\u0131 temel avantajlar\u0131 \u015funlard\u0131r:<\/p>\n<ul>\n<li><strong>Y\u00fcksek Kaliteli Malzemeler:<\/strong> Hidrolik Silindirlerimizi \u00fcretirken yaln\u0131zca y\u00fcksek kaliteli malzemeler kullan\u0131yoruz, b\u00f6ylece uzun s\u00fcreli kullan\u0131m i\u00e7in dayan\u0131kl\u0131 ve g\u00fcvenilir olmalar\u0131n\u0131 sa\u011fl\u0131yoruz. \u00dcr\u00fcnlerimiz en zorlu \u00e7al\u0131\u015fma ko\u015fullar\u0131na bile dayanacak \u015fekilde tasarlanm\u0131\u015ft\u0131r.<\/li>\n<li><strong>Geni\u015f Se\u00e7enek Yelpazesi:<\/strong> Hidrolik Silindir \u00fcr\u00fcn yelpazemizde rot kolu silindirleri, kaynakl\u0131 silindirler ve ayarlanabilir \u00e7atal tipi silindirler gibi \u00e7e\u015fitli silindir tipleri bulunmaktad\u0131r. Ayr\u0131ca, m\u00fc\u015fterilerin \u00f6zel gereksinimlerini kar\u015f\u0131lamak i\u00e7in \u00f6zelle\u015ftirilmi\u015f \u00e7\u00f6z\u00fcmler de sunuyoruz.<\/li>\n<li><strong>S\u0131k\u0131 Kalite Kontrol\u00fc:<\/strong> Yurt i\u00e7i ve yurt d\u0131\u015f\u0131nda bir\u00e7ok y\u00fcksek kaliteli tedarik\u00e7iyle uzun vadeli ve istikrarl\u0131 i\u015f birli\u011fi ili\u015fkileri kurarak, tedarik etti\u011fimiz t\u00fcm par\u00e7alar\u0131n s\u0131k\u0131 kalite standartlar\u0131n\u0131 kar\u015f\u0131lamas\u0131n\u0131 sa\u011fl\u0131yoruz. Ayr\u0131ca, hidrolik silindirlerimiz teslimattan \u00f6nce s\u0131k\u0131 kalite gereksinimlerimizi kar\u015f\u0131lad\u0131\u011f\u0131ndan emin olmak i\u00e7in titiz test s\u00fcre\u00e7lerinden ge\u00e7mektedir.<\/li>\n<li><strong>Deneyimli Sat\u0131\u015f Ekibi:<\/strong> \u0130n\u015faat makineleri sekt\u00f6r\u00fcnde deneyimli ve bilgili sat\u0131\u015f ekibimiz, m\u00fc\u015fterilerimize profesyonel dan\u0131\u015fmanl\u0131k ve ak\u0131ll\u0131 sat\u0131n alma \u00f6nerileri sunabilmektedir.<\/li>\n<li><strong>Verimli Lojistik Da\u011f\u0131t\u0131m:<\/strong> M\u00fc\u015fterilerimizin ihtiya\u00e7 duyduklar\u0131 par\u00e7alar\u0131 zaman\u0131nda ve do\u011fru bir \u015fekilde teslim almalar\u0131n\u0131 sa\u011flamak i\u00e7in verimli bir lojistik da\u011f\u0131t\u0131m sistemimiz bulunmaktad\u0131r. G\u00fcvenilir teslimat hizmetimiz, m\u00fc\u015fterilerimizin projelerinin sorunsuz bir \u015fekilde y\u00fcr\u00fct\u00fclmesine yard\u0131mc\u0131 olur.<\/li>\n<\/ul>\n<p>FMP olarak, m\u00fc\u015fterilerimize y\u00fcksek kaliteli ve g\u00fcvenilir Hidrolik Silindir \u00e7\u00f6z\u00fcmleri sunmaya inan\u0131yoruz. Uzun y\u0131llara dayanan sekt\u00f6r deneyimimiz ve profesyonel ekibimizle, m\u00fc\u015fterilerimize \u00f6zel ihtiya\u00e7lar\u0131n\u0131 kar\u015f\u0131layacak ki\u015fiselle\u015ftirilmi\u015f \u00e7\u00f6z\u00fcmler sunabiliyoruz. \u00dcr\u00fcn ve hizmetlerimiz hakk\u0131nda daha fazla bilgi edinmek i\u00e7in bug\u00fcn bizimle ileti\u015fime ge\u00e7in!<\/p>\n<p><img decoding=\"async\" src=\"https:\/\/fmp-components.com\/wp-content\/uploads\/2024\/12\/Adjustable-Clevis-Type-Cylinders-6.webp\" alt=\"Ayarlanabilir \u00c7atal Tipi Silindir\" width=\"846\" title=\"\"><\/p>\n<h2>SSS<\/h2>\n<p><b>S: Y\u00fcksek Kaliteli K\u00fc\u00e7\u00fck Ayarlanabilir Kaynakl\u0131 Hidrolik Silindir i\u00e7in teslimat s\u00fcresi nedir?<\/b><br \/>\nA: Genel teslimat s\u00fcresi 25-35 g\u00fcnd\u00fcr.<\/p>\n<p><b>S: Y\u00fcksek Kaliteli K\u00fc\u00e7\u00fck Ayarlanabilir Kaynakl\u0131 Hidrolik Silindir numunesi alabilir miyim?<\/b><br \/>\nC: Evet, numune sunuyoruz ancak \u00fccretsiz de\u011fil.<\/p>\n<p><b>S: Y\u00fcksek Kaliteli K\u00fc\u00e7\u00fck Ayarlanabilir Kaynakl\u0131 Hidrolik Silindir gereksinimlerime g\u00f6re \u00f6zelle\u015ftirilebilir mi?<\/b><br \/>\nC: Evet, numunelerinize veya teknik \u00e7izimlerinize g\u00f6re silindir \u00fcretebiliriz. Ayr\u0131ca, \u00f6zel gereksinimlerinizi kar\u015f\u0131layacak kal\u0131p ve aparatlar da \u00fcretebiliriz.<\/p>\n<p><img decoding=\"async\" src=\"https:\/\/img.jiansujichilun.com\/img\/hydrauliccylinders\/T_hydrauliccylinders-5.webp\" alt=\"hidrolik silindir\" width=\"800\" title=\"\"><\/p>\n<p>Yazar\uff1a CX<\/p>","protected":false},"excerpt":{"rendered":"<p>The High Quality Small Adjustable Welded Hydraulic Cylinder is a must-have for anyone in need of a reliable hydraulic system. Its adjustable design allows for easy customization to fit your specific needs, and its welded construction ensures maximum durability and longevity. With its compact size, this hydraulic cylinder is perfect for use in tight spaces [&hellip;]<\/p>","protected":false},"featured_media":1338,"comment_status":"closed","ping_status":"closed","template":"","meta":{"_et_pb_use_builder":"","_et_pb_old_content":"","_et_gb_content_width":""},"product_brand":[],"product_cat":[39],"product_tag":[41,34],"class_list":{"0":"post-1384","1":"product","2":"type-product","3":"status-publish","4":"has-post-thumbnail","6":"product_cat-adjustable-clevis-type-cylinders","7":"product_tag-adjustable-clevis-type-cylinders","8":"product_tag-hydraulic-cylinder","10":"first","11":"instock","12":"product-type-simple"},"_links":{"self":[{"href":"https:\/\/fmp-components.com\/tr\/wp-json\/wp\/v2\/product\/1384","targetHints":{"allow":["GET"]}}],"collection":[{"href":"https:\/\/fmp-components.com\/tr\/wp-json\/wp\/v2\/product"}],"about":[{"href":"https:\/\/fmp-components.com\/tr\/wp-json\/wp\/v2\/types\/product"}],"replies":[{"embeddable":true,"href":"https:\/\/fmp-components.com\/tr\/wp-json\/wp\/v2\/comments?post=1384"}],"wp:featuredmedia":[{"embeddable":true,"href":"https:\/\/fmp-components.com\/tr\/wp-json\/wp\/v2\/media\/1338"}],"wp:attachment":[{"href":"https:\/\/fmp-components.com\/tr\/wp-json\/wp\/v2\/media?parent=1384"}],"wp:term":[{"taxonomy":"product_brand","embeddable":true,"href":"https:\/\/fmp-components.com\/tr\/wp-json\/wp\/v2\/product_brand?post=1384"},{"taxonomy":"product_cat","embeddable":true,"href":"https:\/\/fmp-components.com\/tr\/wp-json\/wp\/v2\/product_cat?post=1384"},{"taxonomy":"product_tag","embeddable":true,"href":"https:\/\/fmp-components.com\/tr\/wp-json\/wp\/v2\/product_tag?post=1384"}],"curies":[{"name":"wp","href":"https:\/\/api.w.org\/{rel}","templated":true}]}}