{"id":1381,"date":"2024-12-23T02:19:41","date_gmt":"2024-12-23T02:19:41","guid":{"rendered":"https:\/\/fmp-components.com\/product\/factory-direct-sale-piston-adjustable-hydraulic-cylinder-for-tractor\/"},"modified":"2024-12-23T02:35:52","modified_gmt":"2024-12-23T02:35:52","slug":"factory-direct-sale-piston-adjustable-hydraulic-cylinder-for-tractor","status":"publish","type":"product","link":"https:\/\/fmp-components.com\/tr\/product\/factory-direct-sale-piston-adjustable-hydraulic-cylinder-for-tractor\/","title":{"rendered":"Trakt\u00f6r i\u00e7in Fabrika Do\u011frudan Sat\u0131\u015f Pistonlu Ayarlanabilir Hidrolik Silindir"},"content":{"rendered":"<p>Trakt\u00f6r i\u00e7in Fabrika Do\u011frudan Sat\u0131\u015f Pistonlu Ayarlanabilir Hidrolik Silindiri Tan\u0131t\u0131yoruz:<\/p>\n<p>Trakt\u00f6rler i\u00e7in Fabrika Do\u011frudan Sat\u0131\u015f Pistonlu Ayarlanabilir Hidrolik Silindir, trakt\u00f6rlerin hidrolik ihtiya\u00e7lar\u0131n\u0131 kar\u015f\u0131lamak \u00fczere tasarlanm\u0131\u015f, y\u00fcksek kaliteli ve \u00e7ok y\u00f6nl\u00fc bir \u00fcr\u00fcnd\u00fcr. Bu hidrolik silindir, en kaliteli malzemeler ve ileri teknoloji kullan\u0131larak \u00fcretilmi\u015f olup, \u00e7e\u015fitli uygulamalarda dayan\u0131kl\u0131l\u0131k ve g\u00fcvenilirlik sa\u011flar.<\/p>\n<p>Piston tasar\u0131m\u0131yla bu hidrolik silindir, m\u00fckemmel performans ve hassas kontrol sunar. Kolay ayarlama imk\u00e2n\u0131 sunarak kullan\u0131c\u0131lar\u0131n farkl\u0131 g\u00f6revler i\u00e7in istenen hidrolik bas\u0131nc\u0131 elde etmelerini sa\u011flar. \u0130ster a\u011f\u0131r y\u00fckleri kald\u0131rmak ister trakt\u00f6r operasyonlar\u0131 s\u0131ras\u0131nda denge sa\u011flamak olsun, bu hidrolik silindir sorunsuz ve verimli bir \u00e7al\u0131\u015fma sa\u011flar.<\/p>\n<p>Trakt\u00f6r i\u00e7in Fabrika Do\u011frudan Sat\u0131\u015f Pistonlu Ayarlanabilir Hidrolik Silindir, \u00fcst\u00fcn s\u0131zd\u0131rmazl\u0131k \u00f6zelliklerine sahip olup ya\u011f s\u0131z\u0131nt\u0131s\u0131 riskini en aza indirir ve zaman i\u00e7inde optimum performans\u0131 korur. Sa\u011flam yap\u0131s\u0131, a\u015f\u0131nma ve y\u0131pranmaya kar\u015f\u0131 diren\u00e7 sa\u011flayarak tar\u0131m ve in\u015faat ortamlar\u0131ndaki zorlu \u00e7al\u0131\u015fma ko\u015fullar\u0131na dayanmas\u0131n\u0131 sa\u011flar.<\/p>\n<p><img loading=\"lazy\" decoding=\"async\" class=\"alignnone size-full wp-image-1334\" src=\"https:\/\/fmp-components.com\/wp-content\/uploads\/2024\/12\/Adjustable-Clevis-Type-Cylinders-4.webp\" alt=\"Ayarlanabilir-\u00c7ember-Tipi-Silindirler\" width=\"800\" height=\"800\" title=\"\" srcset=\"https:\/\/fmp-components.com\/wp-content\/uploads\/2024\/12\/Adjustable-Clevis-Type-Cylinders-4.webp 800w, https:\/\/fmp-components.com\/wp-content\/uploads\/2024\/12\/Adjustable-Clevis-Type-Cylinders-4-480x480.webp 480w\" sizes=\"(min-width: 0px) and (max-width: 480px) 480px, (min-width: 481px) 800px, 100vw\" \/><\/p>\n<p>Bu hidrolik silindirin montaj\u0131 kolayd\u0131r ve \u00e7ok \u00e7e\u015fitli trakt\u00f6r modelleriyle uyumludur. Kompakt tasar\u0131m\u0131, kusursuz entegrasyon sa\u011flayarak alan kullan\u0131m\u0131n\u0131 en \u00fcst d\u00fczeye \u00e7\u0131kar\u0131r ve sorunsuz bir \u00e7al\u0131\u015fma sa\u011flar. Ayr\u0131ca, farkl\u0131 montaj gereksinimleri i\u00e7in esneklik sa\u011flayan \u00e7e\u015fitli montaj se\u00e7enekleriyle birlikte gelir.<\/p>\n<p>\u00d6zetle, Trakt\u00f6r i\u00e7in Fabrika Do\u011frudan Sat\u0131\u015f Pistonlu Ayarlanabilir Hidrolik Silindir, dayan\u0131kl\u0131l\u0131k, hassasiyet ve \u00e7ok y\u00f6nl\u00fcl\u00fc\u011f\u00fc bir araya getiren ola\u011fan\u00fcst\u00fc bir \u00fcr\u00fcnd\u00fcr. G\u00fcvenilir performans\u0131 ve kullan\u0131m kolayl\u0131\u011f\u0131, onu y\u00fcksek kaliteli bir hidrolik \u00e7\u00f6z\u00fcm arayan trakt\u00f6r sahipleri ve operat\u00f6rleri i\u00e7in ideal bir se\u00e7im haline getirir.<\/p>\n<p>Trakt\u00f6rler i\u00e7in yeni, fabrikadan do\u011frudan teslim, piston ayarl\u0131 hidrolik silindirimizi sunuyoruz. Bu \u00fcr\u00fcn, makine tamir at\u00f6lyeleri, \u00e7iftlikler, enerji ve madencilik, makine imalat\u0131 ve makine fabrikalar\u0131 gibi \u00e7e\u015fitli sekt\u00f6rlerde kullan\u0131labilir. Standart bir yap\u0131ya, hidrolik g\u00fc\u00e7 kayna\u011f\u0131na, \u00e7elik g\u00f6vde malzemesine, maksimum 3000 itme g\u00fcc\u00fcne ve ayarlanabilir \u00e7atal tipi silindire sahiptir. Ayr\u0131ca, muayene videolar\u0131 ve makine test raporlar\u0131 sa\u011fl\u0131yor ve \u00fcr\u00fcn i\u00e7in bir y\u0131l garanti veriyoruz.<\/p>\n<h2>\u00dcr\u00fcn T\u00fcrleri, \u00d6zellikleri, Yap\u0131 Kalitesi ve Uygulamalar\u0131<\/h2>\n<p>Piston ayarl\u0131 hidrolik silindirlerimiz, rot kolu, kaynakl\u0131, teleskopik, tek ve \u00e7ift etkili silindirler dahil olmak \u00fczere \u00e7e\u015fitli tiplerde mevcuttur. Bu geni\u015f yelpaze, m\u00fc\u015fterilerin ihtiya\u00e7lar\u0131na en uygun \u00fcr\u00fcn\u00fc bulabilmelerini sa\u011flar.<\/p>\n<p>Piston ayarlanabilir hidrolik silindirimizin detayl\u0131 \u00f6zellikleri aras\u0131nda 2-6 in\u00e7 delik \u00e7ap\u0131, 1,125-4 in\u00e7 \u00e7ubuk \u00e7ap\u0131, 4-100 in\u00e7 strok \u00e7ap\u0131 ve 0,5-2 in\u00e7 pim \u00e7ap\u0131 bulunur ve \u015f\u0131k siyah renktedir. Silindirin maksimum \u00e7eki\u015f g\u00fcc\u00fc 20 tondur ve G\/SAE\/NPT\/M ba\u011flant\u0131 noktas\u0131 boyutlar\u0131 mevcuttur. M\u00fc\u015fterilerimizin do\u011fru kararlar verebilmeleri i\u00e7in kapsaml\u0131 performans verileri sunuyoruz.<\/p>\n<p>Kalite bizim i\u00e7in en \u00f6nemli \u00f6nceliktir, bu nedenle hidrolik silindirlerimiz dayan\u0131kl\u0131 \u00e7elikten \u00fcretilmi\u015ftir. Ayr\u0131ca, uzun \u00f6m\u00fcrl\u00fcl\u00fc\u011f\u00fc ve performans\u0131 art\u0131rmak i\u00e7in \u00f6zel kaplamalar ve i\u015flemler uygulayarak g\u00fcvenilir bir \u00fcr\u00fcn garanti ediyoruz.<\/p>\n<p>Piston ayarl\u0131 hidrolik silindirlerimiz, end\u00fcstriyel makinelerden mobil hidrolik sistemlere, tar\u0131m ekipmanlar\u0131ndan in\u015faat ara\u00e7lar\u0131na kadar \u00e7ok \u00e7e\u015fitli uygulamalara sahiptir. Ayr\u0131ca, \u00f6zel ihtiya\u00e7lara g\u00f6re \u00f6zelle\u015ftirilerek m\u00fc\u015fterilerimizin benzersiz ihtiya\u00e7lar\u0131na g\u00f6re uyarlanm\u0131\u015f \u00e7\u00f6z\u00fcmler sunar.<\/p>\n<h2>Ayarlanabilir \u00c7atal Tipi Silindirlerin Avantajlar\u0131<\/h2>\n<p>Trakt\u00f6rler i\u00e7in Fabrika Do\u011frudan Sat\u0131\u015f Pistonlu Ayarlanabilir Hidrolik Silindir gibi Ayarlanabilir \u00c7atal Tipi Silindirler, \u00e7ok say\u0131da avantaj sunar ve \u00e7e\u015fitli end\u00fcstrilerde yayg\u0131n olarak kullan\u0131l\u0131r. Bu yaz\u0131da, bu silindirlerin avantajlar\u0131n\u0131 ayr\u0131nt\u0131l\u0131 olarak inceleyece\u011fiz.<\/p>\n<h3>1. Geli\u015fmi\u015f Esneklik ve Uyum Kabiliyeti<\/h3>\n<p>Ayarlanabilir \u00c7atal Tipi Silindirlerin temel avantajlar\u0131ndan biri, \u00e7e\u015fitli uygulamalarda geli\u015fmi\u015f esneklik ve uyarlanabilirlik sa\u011flama kabiliyetleridir. Bu silindirler, kolay tak\u0131p \u00e7\u0131karma olana\u011f\u0131 sa\u011flayan ayarlanabilir \u00e7atal ba\u011flant\u0131 elemanlar\u0131n\u0131n yan\u0131 s\u0131ra, montaj konumunu \u00f6zel gereksinimlere g\u00f6re ayarlama olana\u011f\u0131 sunar. Bu esneklik, silindirin farkl\u0131 sistemlere kolayca entegre edilebilmesini sa\u011flayarak son derece \u00e7ok y\u00f6nl\u00fc ve uyarlanabilir olmas\u0131n\u0131 sa\u011flar.<\/p>\n<h3>2. Hassas Konumland\u0131rma ve Kontrol<\/h3>\n<p>Ayarlanabilir \u00c7atal Tipi Silindirler, hassas konumland\u0131rma ve kontrol sa\u011flar. Bu silindirler, strok uzunlu\u011funun ve montaj konumunun hassas bir \u015fekilde ayarlanmas\u0131n\u0131 sa\u011flayan ayarlanabilir pistonlar ve \u00e7atal ba\u011flant\u0131larla donat\u0131lm\u0131\u015ft\u0131r. Bu kontrol seviyesi, hassas ve do\u011fru hareketler sa\u011flayarak end\u00fcstriyel otomasyon, robotik ve malzeme ta\u015f\u0131ma gibi hassas konumland\u0131rma gerektiren uygulamalar i\u00e7in idealdir.<\/p>\n<h3>3. Optimum Performans ve Verimlilik<\/h3>\n<p>Ayarlanabilir \u00c7atal Tipi Silindirler, optimum performans ve verimlilik sa\u011flamak \u00fczere tasarlanm\u0131\u015ft\u0131r. Ayarlanabilir tasar\u0131m, strok uzunlu\u011funun optimize edilmesini sa\u011flayarak belirli uygulamalar i\u00e7in istenen kuvvet ve h\u0131z gereksinimlerinin elde edilmesine yard\u0131mc\u0131 olur. Strok uzunlu\u011funun hassas bir \u015fekilde ayarlanmas\u0131yla, bu silindirler maksimum verimlilikte \u00e7al\u0131\u015fabilir, bu da enerji tasarrufu ve genel performans\u0131n iyile\u015ftirilmesiyle sonu\u00e7lan\u0131r.<\/p>\n<h3>4. Kolay Bak\u0131m ve Servis<\/h3>\n<p>Ayarlanabilir \u00c7atal Tipi Silindirlerin bir di\u011fer avantaj\u0131 da bak\u0131m ve servis kolayl\u0131\u011f\u0131d\u0131r. Ayarlanabilir tasar\u0131m, \u00e7e\u015fitli bile\u015fenlere kolay eri\u015fim sa\u011flayarak muayene, onar\u0131m ve de\u011fi\u015ftirme i\u015flemlerini daha basit ve rahat hale getirir. Bu, ar\u0131za s\u00fcresini ve bak\u0131m maliyetlerini azaltarak silindirlerin h\u0131zl\u0131 bir \u015fekilde bak\u0131ma al\u0131nmas\u0131n\u0131 ve tekrar \u00e7al\u0131\u015f\u0131r duruma getirilmesini sa\u011flar ve i\u015f ak\u0131\u015f\u0131ndaki kesintileri en aza indirir.<\/p>\n<h3>5. Dayan\u0131kl\u0131 ve Uzun \u00d6m\u00fcrl\u00fc<\/h3>\n<p>Ayarlanabilir \u00c7atal Tipi Silindirler, zorlu \u00e7al\u0131\u015fma ko\u015fullar\u0131na dayanacak ve uzun \u00f6m\u00fcrl\u00fc performans sa\u011flayacak \u015fekilde \u00fcretilmi\u015ftir. Bu silindirler, y\u00fcksek kaliteli malzemeler kullan\u0131larak \u00fcretilmi\u015f olup, dayan\u0131kl\u0131l\u0131k ve g\u00fcvenilirli\u011fi garanti alt\u0131na almak i\u00e7in s\u0131k\u0131 kalite kontrol s\u00fcre\u00e7lerinden ge\u00e7mektedir. Uygun bak\u0131m ve \u00f6zenle, bu silindirler a\u011f\u0131r y\u00fcklere, zorlu ortamlara ve s\u0131k kullan\u0131ma dayanabilir ve uzun bir hizmet \u00f6mr\u00fc sunar.<\/p>\n<p>\u00d6zetle, Trakt\u00f6rler i\u00e7in Fabrika Do\u011frudan Sat\u0131\u015f Pistonlu Ayarlanabilir Hidrolik Silindir gibi Ayarlanabilir \u00c7atal Tipi Silindirler, onlar\u0131 \u00e7e\u015fitli sekt\u00f6rlerde olduk\u00e7a cazip k\u0131lan bir\u00e7ok avantaj sunar. Geli\u015fmi\u015f esneklikleri, hassas konumland\u0131rmalar\u0131, optimum performanslar\u0131, kolay bak\u0131mlar\u0131 ve dayan\u0131kl\u0131l\u0131klar\u0131, onlar\u0131 uyarlanabilir ve verimli hidrolik sistemler gerektiren uygulamalar i\u00e7in g\u00fcvenilir bir se\u00e7im haline getirir.<\/p>\n<p><img decoding=\"async\" src=\"https:\/\/fmp-components.com\/wp-content\/uploads\/2024\/12\/Adjustable-Clevis-Type-Cylinders5.webp\" alt=\"Ayarlanabilir \u00c7atal Tipi Silindir\" width=\"800\" title=\"\"><\/p>\n<h2>Ayarlanabilir \u00c7atal Tip Silindirlerin Uygulamas\u0131<\/h2>\n<p>Ayarlanabilir \u00e7atal tipi silindirler, \u00e7e\u015fitli end\u00fcstrilerde geni\u015f uygulama alan\u0131 bulan \u00e7ok y\u00f6nl\u00fc hidrolik aletlerdir. Bu silindirler, a\u011f\u0131r y\u00fcklerin hassasiyet ve kontrolle hareket ettirilmesini gerektiren makinelerde kullan\u0131l\u0131r. Bu silindirlerin baz\u0131 uygulama alanlar\u0131 \u015funlard\u0131r:<\/p>\n<h3>1. \u0130n\u015faat Makinalar\u0131<\/h3>\n<p>Ayarlanabilir \u00e7atal tipi silindirler, ekskavat\u00f6rler, buldozerler ve y\u00fckleyiciler gibi \u00e7e\u015fitli in\u015faat makinelerinde yayg\u0131n olarak kullan\u0131l\u0131r. Bu makinelerin temel bir bile\u015feni olan bu silindirler, ekipman\u0131n kol, kep\u00e7e ve b\u0131\u00e7a\u011f\u0131n\u0131n hareketini kontrol etmek i\u00e7in kullan\u0131l\u0131r. Bu silindirler, a\u011f\u0131r y\u00fckleri kald\u0131racak ve \u015fantiyelerin zorlu ko\u015fullar\u0131na dayanacak \u015fekilde tasarlanm\u0131\u015ft\u0131r.<\/p>\n<p>\u0130n\u015faat sekt\u00f6r\u00fcnde, dayan\u0131kl\u0131l\u0131\u011f\u0131 ve g\u00fcvenilirli\u011fi nedeniyle Fabrika Do\u011frudan Sat\u0131\u015fl\u0131 Pistonlu Ayarlanabilir Trakt\u00f6r Hidrolik Silindirleri b\u00fcy\u00fck talep g\u00f6rmektedir. Bu silindirler, y\u00fcksek kaliteli malzemeler ve ileri teknoloji kullan\u0131larak \u00fcretildi\u011finden, in\u015faat makineleri i\u00e7in ideal bir se\u00e7imdir.<\/p>\n<h3>2. Tar\u0131m Makinalar\u0131<\/h3>\n<p>Trakt\u00f6r, saban ve bi\u00e7erd\u00f6ver gibi tar\u0131m makinelerinde de ayarlanabilir \u00e7atal tipi silindirler kullan\u0131l\u0131r. Bu silindirler, b\u0131\u00e7aklar\u0131n, t\u0131rm\u0131klar\u0131n ve tar\u0131mda kullan\u0131lan di\u011fer ekipmanlar\u0131n hareketini kontrol etmek i\u00e7in kullan\u0131l\u0131r. \u00c7ift\u00e7iler, g\u00fcvenilir ve a\u011f\u0131r y\u00fckleri kald\u0131rabilen ekipmanlara ihtiya\u00e7 duyar, bu nedenle ayarlanabilir \u00e7atal tipi silindirler m\u00fckemmel bir se\u00e7imdir.<\/p>\n<p>Trakt\u00f6r i\u00e7in Fabrika Do\u011frudan Sat\u0131\u015f Pistonlu Ayarlanabilir Hidrolik Silindir, tar\u0131m makineleri i\u00e7in \u00f6zel olarak tasarlanm\u0131\u015ft\u0131r. Bu silindirler, tar\u0131m\u0131n zorlu ko\u015fullar\u0131na dayanacak ve uzun \u00f6m\u00fcrl\u00fc olacak \u015fekilde \u00fcretilmi\u015ftir.<\/p>\n<h3>3. End\u00fcstriyel Makineler<\/h3>\n<p>\u0130malat sanayinde, presler, pres makineleri ve enjeksiyon kal\u0131plama makineleri gibi \u00e7e\u015fitli makinelerde ayarlanabilir \u00e7atal tipi silindirler kullan\u0131lmaktad\u0131r. Bu silindirler, makine bile\u015fenlerinin hareketini kontrol etmek ve hassasiyet ve do\u011fruluk sa\u011flamak i\u00e7in kullan\u0131l\u0131r.<\/p>\n<p>Trakt\u00f6r i\u00e7in Do\u011frudan Fabrika Sat\u0131\u015fl\u0131 Pistonlu Ayarlanabilir Hidrolik Silindir, y\u00fcksek performans\u0131 ve g\u00fcvenilirli\u011fi nedeniyle imalat sanayinde de kullan\u0131lmaktad\u0131r. Bu silindirler, end\u00fcstriyel makinelerin zorlu gereksinimlerini kar\u015f\u0131lamak \u00fczere \u00fcretilmektedir.<\/p>\n<h3>4. Madencilik Makineleri<\/h3>\n<p>Ayarlanabilir \u00e7atal tipi silindirler, sondaj makineleri, ekskavat\u00f6rler ve kep\u00e7eler gibi madencilik makinelerinde de kullan\u0131l\u0131r. Bu silindirler, makinenin kolu, kep\u00e7esi ve bomunun hareketini kontrol etmek i\u00e7in kullan\u0131l\u0131r ve bu da onlar\u0131 madencilik ekipmanlar\u0131n\u0131n vazge\u00e7ilmez bir bile\u015feni haline getirir.<\/p>\n<p>Trakt\u00f6r i\u00e7in Fabrika Do\u011frudan Sat\u0131\u015f Pistonlu Ayarlanabilir Hidrolik Silindir, dayan\u0131kl\u0131l\u0131\u011f\u0131 ve g\u00fcvenilirli\u011fi nedeniyle madencilik makinelerinde de kullan\u0131l\u0131r. Bu silindirler, madencili\u011fin zorlu ko\u015fullar\u0131na dayanacak \u015fekilde tasarlanm\u0131\u015f ve uzun \u00f6m\u00fcrl\u00fcd\u00fcr.<\/p>\n<p>Sonu\u00e7 olarak, ayarlanabilir \u00e7atal tipi silindirler \u00e7e\u015fitli end\u00fcstrilerde geni\u015f uygulama alan\u0131na sahiptir. \u0130n\u015faat, tar\u0131m, imalat veya madencilik gibi alanlarda, bu silindirler hassasiyet, kontrol ve g\u00fcvenilirlik gerektiren makinelerin vazge\u00e7ilmez bir par\u00e7as\u0131d\u0131r. Trakt\u00f6r i\u00e7in Fabrika Do\u011frudan Sat\u0131\u015f Pistonlu Ayarlanabilir Hidrolik Silindir, her sekt\u00f6r\u00fcn taleplerine dayanabilecek y\u00fcksek kaliteli bir hidrolik silindir arayan herkes i\u00e7in m\u00fckemmel bir se\u00e7imdir.<img decoding=\"async\" src=\"https:\/\/fmp-components.com\/wp-content\/uploads\/2024\/12\/Application-of-Adjustable-Clevis-Type-Cylinders.webp\" alt=\"Ayarlanabilir \u00c7atal Tipi Silindir\" width=\"800\" title=\"\"><\/p>\n<h3>FMP Hakk\u0131nda<\/h3>\n<p>FMP, Hidrolik Silindir \u00fcretimi ve sat\u0131\u015f\u0131 konusunda uzmanla\u015fm\u0131\u015f bir \u015firkettir. Uzun y\u0131llara dayanan sekt\u00f6r deneyimimiz ve profesyonel ekibimizle, m\u00fc\u015fterilerimize in\u015faat makineleri i\u00e7in y\u00fcksek kaliteli ve g\u00fcvenilir hidrolik silindirler sa\u011fl\u0131yoruz.<\/p>\n<p><img decoding=\"async\" src=\"https:\/\/fmp-components.com\/wp-content\/uploads\/2024\/12\/Adjustable-Clevis-Type-Cylinders-6.webp\" alt=\"Ayarlanabilir \u00c7atal Tipi Silindir\" width=\"843\" title=\"\"><\/p>\n<p>Hidrolik silindirlerimizi se\u00e7meniz i\u00e7in be\u015f neden:<\/p>\n<ol>\n<li><strong>\u00c7e\u015fitli \u00fcr\u00fcn yelpazesi:<\/strong> \u0130n\u015faat makineleri sekt\u00f6r\u00fcn\u00fcn farkl\u0131 ihtiya\u00e7lar\u0131n\u0131 kar\u015f\u0131layan geni\u015f bir hidrolik silindir yelpazesi sunuyoruz. \u00dcr\u00fcn yelpazemizde ayarlanabilir \u00e7atal tipi silindirler, kaynakl\u0131 silindirler, ba\u011flant\u0131 \u00e7ubu\u011fu silindirleri ve daha fazlas\u0131 bulunmaktad\u0131r.<\/li>\n<li><strong>\u00dcst\u00fcn kalite:<\/strong> T\u00fcm hidrolik silindirlerimizin s\u0131k\u0131 kalite standartlar\u0131n\u0131 kar\u015f\u0131lad\u0131\u011f\u0131ndan emin oluyoruz. Her silindir, m\u00fckemmel performans ve dayan\u0131kl\u0131l\u0131k garanti eden hassasiyet ve ayr\u0131nt\u0131lara dikkat edilerek \u00fcretilmektedir.<\/li>\n<li><strong>G\u00fcvenilir performans:<\/strong> Hidrolik silindirlerimiz, zorlu \u00e7al\u0131\u015fma ko\u015fullar\u0131nda bile tutarl\u0131 ve g\u00fcvenilir performans sa\u011flayacak \u015fekilde tasarlanm\u0131\u015ft\u0131r. A\u011f\u0131r y\u00fcklere dayanacak ve sorunsuz \u00e7al\u0131\u015fma sa\u011flayacak \u015fekilde \u00fcretilmi\u015ftir.<\/li>\n<li><strong>Uzman sat\u0131\u015f ekibi:<\/strong> Deneyimli sat\u0131\u015f ekibimiz, in\u015faat makineleri sekt\u00f6r\u00fcnde uzmand\u0131r ve m\u00fc\u015fteri ihtiya\u00e7lar\u0131n\u0131 anlar. Profesyonel \u00fcr\u00fcn dan\u0131\u015fmanl\u0131\u011f\u0131 sa\u011flayabilir, sorular\u0131n\u0131z\u0131 yan\u0131tlayabilir ve ak\u0131ll\u0131 sat\u0131n alma \u00f6nerileri sunabilirler.<\/li>\n<li><strong>Verimli lojistik:<\/strong> \u0130htiya\u00e7 duydu\u011funuz hidrolik silindirleri zaman\u0131nda ve do\u011fru bir \u015fekilde teslim alman\u0131z\u0131 sa\u011flamak i\u00e7in verimli bir lojistik da\u011f\u0131t\u0131m sistemimiz mevcuttur. Ar\u0131za s\u00fcrelerini en aza indirmenin \u00f6nemini anl\u0131yor ve h\u0131zl\u0131 teslimat sa\u011flamak i\u00e7in \u00e7al\u0131\u015f\u0131yoruz.<\/li>\n<\/ol>\n<p>\u0130n\u015faat makinelerinizin ihtiya\u00e7lar\u0131n\u0131 kar\u015f\u0131layacak en kaliteli hidrolik silindirler i\u00e7in FMP'yi tercih edin. \u0130htiya\u00e7lar\u0131n\u0131z\u0131 g\u00f6r\u00fc\u015fmek ve ekibimizin m\u00fckemmel hidrolik silindir \u00e7\u00f6z\u00fcm\u00fcn\u00fc bulman\u0131za yard\u0131mc\u0131 olmas\u0131 i\u00e7in bug\u00fcn bizimle ileti\u015fime ge\u00e7in.<\/p>\n<h3>SSS<\/h3>\n<p><b>S: Hangi tip hidrolik silindirleri sunuyorsunuz?<\/b><br \/>\nA: Ba\u011flant\u0131 \u00e7ubu\u011fu, kaynakl\u0131, teleskopik, tek etkili ve \u00e7ift etkili silindirler olmak \u00fczere \u00e7e\u015fitli tiplerde silindirler sunuyoruz.<\/p>\n<p><b>S: Piston ayarlanabilir hidrolik silindirin \u00f6zellikleri nelerdir?<\/b><br \/>\nA: Silindirin delik \u00e7ap\u0131 2-6 in\u00e7, \u00e7ubuk \u00e7ap\u0131 1.125-4 in\u00e7, strok \u00e7ap\u0131 4-100 in\u00e7, pim \u00e7ap\u0131 0.5-2 in\u00e7 olup \u015f\u0131k siyah renktedir.<\/p>\n<p><b>S: Hidrolik silindirler \u00f6zel gereksinimlere uyacak \u015fekilde \u00f6zelle\u015ftirilebilir mi?<\/b><br \/>\nC: Evet, piston ayarlanabilir hidrolik silindirlerimiz m\u00fc\u015fterilerimizin \u00f6zel ihtiya\u00e7lar\u0131na uyacak \u015fekilde \u00f6zelle\u015ftirilebilir.<\/p>\n<p>Yazar\uff1a CX<\/p>","protected":false},"excerpt":{"rendered":"<p>Introducing Factory Direct Sale Piston Adjustable Hydraulic Cylinder for Tractor: The Factory Direct Sale Piston Adjustable Hydraulic Cylinder for Tractor is a high-quality and versatile product designed to meet the hydraulic needs of tractors. This hydraulic cylinder is manufactured using top-grade materials and advanced technology, ensuring its durability and reliability in various applications. With its [&hellip;]<\/p>","protected":false},"featured_media":1338,"comment_status":"closed","ping_status":"closed","template":"","meta":{"_et_pb_use_builder":"","_et_pb_old_content":"","_et_gb_content_width":""},"product_brand":[],"product_cat":[39],"product_tag":[41,34],"class_list":{"0":"post-1381","1":"product","2":"type-product","3":"status-publish","4":"has-post-thumbnail","6":"product_cat-adjustable-clevis-type-cylinders","7":"product_tag-adjustable-clevis-type-cylinders","8":"product_tag-hydraulic-cylinder","10":"first","11":"instock","12":"product-type-simple"},"_links":{"self":[{"href":"https:\/\/fmp-components.com\/tr\/wp-json\/wp\/v2\/product\/1381","targetHints":{"allow":["GET"]}}],"collection":[{"href":"https:\/\/fmp-components.com\/tr\/wp-json\/wp\/v2\/product"}],"about":[{"href":"https:\/\/fmp-components.com\/tr\/wp-json\/wp\/v2\/types\/product"}],"replies":[{"embeddable":true,"href":"https:\/\/fmp-components.com\/tr\/wp-json\/wp\/v2\/comments?post=1381"}],"wp:featuredmedia":[{"embeddable":true,"href":"https:\/\/fmp-components.com\/tr\/wp-json\/wp\/v2\/media\/1338"}],"wp:attachment":[{"href":"https:\/\/fmp-components.com\/tr\/wp-json\/wp\/v2\/media?parent=1381"}],"wp:term":[{"taxonomy":"product_brand","embeddable":true,"href":"https:\/\/fmp-components.com\/tr\/wp-json\/wp\/v2\/product_brand?post=1381"},{"taxonomy":"product_cat","embeddable":true,"href":"https:\/\/fmp-components.com\/tr\/wp-json\/wp\/v2\/product_cat?post=1381"},{"taxonomy":"product_tag","embeddable":true,"href":"https:\/\/fmp-components.com\/tr\/wp-json\/wp\/v2\/product_tag?post=1381"}],"curies":[{"name":"wp","href":"https:\/\/api.w.org\/{rel}","templated":true}]}}