{"id":1379,"date":"2024-12-23T02:19:41","date_gmt":"2024-12-23T02:19:41","guid":{"rendered":"https:\/\/fmp-components.com\/product\/customized-trailer-hydraulic-cylinder-mini-hydraulic-cylinder-for-tractor\/"},"modified":"2024-12-23T08:53:11","modified_gmt":"2024-12-23T08:53:11","slug":"customized-trailer-hydraulic-cylinder-mini-hydraulic-cylinder-for-tractor","status":"publish","type":"product","link":"https:\/\/fmp-components.com\/tr\/product\/customized-trailer-hydraulic-cylinder-mini-hydraulic-cylinder-for-tractor\/","title":{"rendered":"Trakt\u00f6r \u0130\u00e7in \u00d6zelle\u015ftirilmi\u015f R\u00f6mork Hidrolik Silindiri Mini Hidrolik Silindiri"},"content":{"rendered":"<h2>Trakt\u00f6r \u0130\u00e7in \u00d6zelle\u015ftirilmi\u015f R\u00f6mork Hidrolik Silindiri Mini Hidrolik Silindiri<\/h2>\n<p>Trakt\u00f6rler \u0130\u00e7in \u00d6zelle\u015ftirilmi\u015f R\u00f6mork Hidrolik Silindiri Mini Hidrolik Silindiri, r\u00f6mork ve trakt\u00f6rlerin \u00f6zel ihtiya\u00e7lar\u0131n\u0131 kar\u015f\u0131lamak \u00fczere tasarlanm\u0131\u015f y\u00fcksek kaliteli bir \u00fcr\u00fcnd\u00fcr. Geli\u015fmi\u015f hidrolik teknolojisi sayesinde bu silindir ola\u011fan\u00fcst\u00fc performans ve dayan\u0131kl\u0131l\u0131k sunar.<\/p>\n<p>Bu hidrolik silindir, r\u00f6mork ve trakt\u00f6rlere uyacak \u015fekilde \u00f6zel olarak tasarlanm\u0131\u015f olup g\u00fcvenilir ve verimli bir \u00e7al\u0131\u015fma sa\u011flar. A\u011f\u0131r y\u00fcklere ve zorlu \u00e7al\u0131\u015fma ko\u015fullar\u0131na dayanacak \u015fekilde tasarlanm\u0131\u015ft\u0131r ve bu da onu tar\u0131m, in\u015faat ve ula\u015f\u0131m sekt\u00f6rlerinde kullan\u0131m i\u00e7in ideal k\u0131lar.<\/p>\n<p>Trakt\u00f6r i\u00e7in Mini Hidrolik Silindir, kompakt boyutuna ra\u011fmen g\u00fc\u00e7l\u00fc bir hidrolik kuvvet sa\u011flayarak sorunsuz ve hassas bir \u00e7al\u0131\u015fma sa\u011flar. Uzun \u00f6m\u00fcrl\u00fc performans ve minimum bak\u0131m sa\u011flamak i\u00e7in y\u00fcksek kaliteli contalar ve rulmanlarla donat\u0131lm\u0131\u015ft\u0131r.<\/p>\n<p><img loading=\"lazy\" decoding=\"async\" class=\"alignnone size-full wp-image-1334\" src=\"https:\/\/fmp-components.com\/wp-content\/uploads\/2024\/12\/Adjustable-Clevis-Type-Cylinders-4.webp\" alt=\"Ayarlanabilir-\u00c7ember-Tipi-Silindirler\" width=\"800\" height=\"800\" title=\"\" srcset=\"https:\/\/fmp-components.com\/wp-content\/uploads\/2024\/12\/Adjustable-Clevis-Type-Cylinders-4.webp 800w, https:\/\/fmp-components.com\/wp-content\/uploads\/2024\/12\/Adjustable-Clevis-Type-Cylinders-4-480x480.webp 480w\" sizes=\"(min-width: 0px) and (max-width: 480px) 480px, (min-width: 481px) 800px, 100vw\" \/><\/p>\n<p>Trakt\u00f6r i\u00e7in \u00d6zelle\u015ftirilmi\u015f R\u00f6mork Hidrolik Silindiri Mini Hidrolik Silindiri, kurulumu ve kullan\u0131m\u0131 kolay oldu\u011fundan hem profesyoneller hem de amat\u00f6rler i\u00e7in pratik bir se\u00e7imdir. M\u00fckemmel kontrol ve denge sunarak r\u00f6mork ve trakt\u00f6rlerin genel performans\u0131n\u0131 art\u0131r\u0131r.<\/p>\n<p>Sonu\u00e7 olarak, Trakt\u00f6r \u0130\u00e7in \u00d6zel R\u00f6mork Hidrolik Silindiri Mini Hidrolik Silindiri, r\u00f6morklar ve trakt\u00f6rler i\u00e7in \u00f6zel olarak tasarlanm\u0131\u015f, g\u00fcvenilir ve verimli bir hidrolik bile\u015fendir. Ola\u011fan\u00fcst\u00fc performans\u0131 ve dayan\u0131kl\u0131l\u0131\u011f\u0131yla, sorunsuz \u00e7al\u0131\u015fma sa\u011flar ve bu ara\u00e7lar\u0131n genel i\u015flevselli\u011fini art\u0131r\u0131r.<\/p>\n<table style=\"width: 100%;\" border=\"1\" width=\"100%\" cellspacing=\"0\" cellpadding=\"0\">\n<tbody>\n<tr>\n<th>Durum<\/th>\n<td>Yeni<\/td>\n<\/tr>\n<tr>\n<th>Garanti<\/th>\n<td>1 Y\u0131l<\/td>\n<\/tr>\n<tr>\n<th>Uygulanabilir End\u00fcstriler<\/th>\n<td>Makine Tamir At\u00f6lyeleri, \u00c7iftlikler, Enerji ve Madencilik, Makine \u00dcretimi, Makine Fabrikalar\u0131<\/td>\n<\/tr>\n<tr>\n<th>A\u011f\u0131rl\u0131k (KG)<\/th>\n<td>30<\/td>\n<\/tr>\n<tr>\n<th>Video \u00c7\u0131k\u0131\u015f Denetimi<\/th>\n<td>Tedarik edilen<\/td>\n<\/tr>\n<tr>\n<th>Makine Test Raporu<\/th>\n<td>Tedarik edilen<\/td>\n<\/tr>\n<tr>\n<th>Pazarlama T\u00fcr\u00fc<\/th>\n<td>Yeni \u00dcr\u00fcn 2023<\/td>\n<\/tr>\n<tr>\n<th>Temel Bile\u015fenlerin Garantisi<\/th>\n<td>1 Y\u0131l<\/td>\n<\/tr>\n<tr>\n<th>\u00c7ekirdek Bile\u015fenler<\/th>\n<td>Rulman, Hidrolik Silindir<\/td>\n<\/tr>\n<tr>\n<th>Standart veya Standart D\u0131\u015f\u0131<\/th>\n<td>Standart<\/td>\n<\/tr>\n<tr>\n<th>Yap\u0131<\/th>\n<td>Piston Silindiri<\/td>\n<\/tr>\n<tr>\n<th>G\u00fc\u00e7<\/th>\n<td>Hidrolik<\/td>\n<\/tr>\n<tr>\n<th>G\u00f6vde Malzemesi<\/th>\n<td>\u00c7elik<\/td>\n<\/tr>\n<tr>\n<th>Maksimum \u0130tki<\/th>\n<td>3000<\/td>\n<\/tr>\n<tr>\n<th>Tip<\/th>\n<td>Ayarlanabilir \u00c7atal Tipi Silindirler<\/td>\n<\/tr>\n<tr>\n<th>Limanlar<\/th>\n<td>G\/SAE\/NPT\/M<\/td>\n<\/tr>\n<tr>\n<th>Maksimum \u00c7ekme<\/th>\n<td>20 ton<\/td>\n<\/tr>\n<tr>\n<th>Sertifikasyon<\/th>\n<td>ISO9001:2000<\/td>\n<\/tr>\n<tr>\n<th>Delik Boyutu<\/th>\n<td>2-6 in\u00e7<\/td>\n<\/tr>\n<tr>\n<th>\u00c7ubuk Boyutu<\/th>\n<td>1.125-4 in\u00e7<\/td>\n<\/tr>\n<tr>\n<th>Vuru\u015f Boyutu<\/th>\n<td>4-100 in\u00e7<\/td>\n<\/tr>\n<tr>\n<th>Pin Boyutu<\/th>\n<td>0,5-2 in\u00e7<\/td>\n<\/tr>\n<tr>\n<th>Renk<\/th>\n<td>Siyah<\/td>\n<\/tr>\n<tr>\n<th>Paketleme Detaylar\u0131<\/th>\n<td>Demir kasa, kontrplak kasa veya karton kutu<\/td>\n<\/tr>\n<\/tbody>\n<\/table>\n<p>&nbsp;<\/p>\n<h2>\u00d6zellikleri ve Teknik \u00d6zellikleri A\u00e7\u0131kl\u0131yoruz<\/h2>\n<p>Bu hidrolik silindir, \u00e7e\u015fitli end\u00fcstrilerde y\u00fcksek performans sa\u011flamak \u00fczere tasarlanm\u0131\u015f \u00e7ok y\u00f6nl\u00fc bir ekipmand\u0131r. Ayarlanabilir \u00e7atal tipinde olup, \u00e7ok \u00e7e\u015fitli uygulamalarda kullan\u0131labilen \u00e7ok y\u00f6nl\u00fc bir tasar\u0131ma sahiptir. Silindir, hidrolik bas\u0131n\u00e7la \u00e7al\u0131\u015fan piston silindir konfig\u00fcrasyonuna sahip standart bir yap\u0131ya sahiptir. Dayan\u0131kl\u0131l\u0131\u011f\u0131 ve esnekli\u011fiyle bilinen bir malzeme olan \u00e7elikten \u00fcretilmi\u015ftir.<\/p>\n<p>Silindir, etkileyici maksimum 3000 itme ve 20 ton \u00e7ekme kapasitesiyle a\u011f\u0131r hizmet operasyonlar\u0131 i\u00e7in uygundur. Kalitesini ve g\u00fcvenilirli\u011fini garanti eden ISO9001:2000 sertifikas\u0131na sahiptir. Silindir \u00e7ap\u0131 2 ila 6 in\u00e7, mil \u00e7ap\u0131 ise 1,125 ila 4 in\u00e7 aras\u0131nda de\u011fi\u015fmektedir. Strok boyutu da 4 ila 100 in\u00e7 aras\u0131nda ayarlanabilir ve bu sayede \u00e7e\u015fitli uygulamalara uyum sa\u011flar.<\/p>\n<h2>FMP Hidrolik Silindirlerin Tan\u0131t\u0131m\u0131<\/h2>\n<p>2002 y\u0131l\u0131nda kurulan FMP Hidrolik Makine, sayg\u0131n bir hidrolik silindir \u00fcreticisi ve ihracat\u00e7\u0131s\u0131d\u0131r. FMP, d\u00fcnya \u00e7ap\u0131ndaki m\u00fc\u015fterilerinin g\u00fcvenini kazanan \u00fcst\u00fcn kaliteli \u00fcr\u00fcnler \u00fcretmekle gurur duymaktad\u0131r. Bu \u00f6zel hidrolik silindir, FMP'nin m\u00fckemmellik taahh\u00fcd\u00fcn\u00fcn bir kan\u0131t\u0131d\u0131r.<\/p>\n<p>FMP'nin s\u00fcrekli inovasyonunu yans\u0131tan 2023 i\u00e7in yeni bir \u00fcr\u00fcnd\u00fcr. Bir y\u0131ll\u0131k garanti, \u015firketin i\u015f\u00e7ili\u011finin arkas\u0131nda durdu\u011fu g\u00fcvenilir bir \u00fcr\u00fcn ald\u0131\u011f\u0131n\u0131zdan emin olman\u0131z\u0131 sa\u011flar. Temel bile\u015fenler aras\u0131nda, dayan\u0131kl\u0131l\u0131klar\u0131yla bilinen standart par\u00e7alar olan bir rulman ve hidrolik silindir bulunur.<\/p>\n<p><img decoding=\"async\" src=\"https:\/\/img.jiansujichilun.com\/img\/hydrauliccylinders\/T_hydrauliccylinders-2.webp\" alt=\"hidrolik silindir\" width=\"800\" title=\"\"><\/p>\n<p>\u0130ster makine tamir at\u00f6lyelerinde, ister \u00e7iftliklerde, ister enerji ve madencilikte, ister makine imalat\u0131nda veya bir makine fabrikas\u0131nda faaliyet g\u00f6steriyor olun, bu hidrolik silindir ihtiya\u00e7lar\u0131n\u0131z\u0131 kar\u015f\u0131lamak \u00fczere tasarlanm\u0131\u015ft\u0131r. Sipari\u015flerinizi \u00f6zelle\u015ftirme se\u00e7ene\u011fiyle FMP, ihtiya\u00e7lar\u0131n\u0131za \u00f6zel bir hidrolik silindir alman\u0131z\u0131 sa\u011flar.<\/p>\n<p>FMP hidrolik silindirlerinin g\u00fcc\u00fcn\u00fc, \u00e7ok y\u00f6nl\u00fcl\u00fc\u011f\u00fcn\u00fc ve g\u00fcvenilirli\u011fini deneyimlemeye haz\u0131r m\u0131s\u0131n\u0131z? \u00dcr\u00fcn yelpazemizi bug\u00fcn ke\u015ffedin ve operasyonlar\u0131n\u0131z i\u00e7in m\u00fckemmel hidrolik \u00e7\u00f6z\u00fcm\u00fc bulun.<\/p>\n<h2>Ayarlanabilir \u00c7atal Tipi Silindirlerin Avantajlar\u0131<\/h2>\n<p>Ayarlanabilir \u00e7atal tipi silindirler, tar\u0131m, in\u015faat ve ula\u015f\u0131m gibi \u00e7e\u015fitli uygulamalarda yayg\u0131n olarak kullan\u0131lan hidrolik silindirlerdir. Bu silindirler, di\u011fer silindir t\u00fcrlerine g\u00f6re bir\u00e7ok avantaj sunar, \u00f6rne\u011fin:<\/p>\n<ul>\n<li>\u00d6zelle\u015ftirilebilir Uzunluk<\/li>\n<li>Y\u00fcksek Hassasiyet<\/li>\n<li>Artt\u0131r\u0131lm\u0131\u015f Verimlilik<\/li>\n<li>Geli\u015fmi\u015f Dayan\u0131kl\u0131l\u0131k<\/li>\n<li>Geli\u015ftirilmi\u015f G\u00fcvenlik<\/li>\n<\/ul>\n<h3>\u00d6zelle\u015ftirilebilir Uzunluk<\/h3>\n<p>Ayarlanabilir \u00e7atal tipi silindirlerin en b\u00fcy\u00fck avantajlar\u0131ndan biri, \u00f6zelle\u015ftirilebilir uzunluklar\u0131d\u0131r. Bu silindirler, \u00d6zelle\u015ftirilmi\u015f R\u00f6mork Hidrolik Silindiri ve Trakt\u00f6r i\u00e7in Mini Hidrolik Silindir gibi \u00e7e\u015fitli uygulamalara kolayca uyarlanabilir. Bu, silindirin uzunlu\u011funun uygulaman\u0131n \u00f6zel ihtiya\u00e7lar\u0131na g\u00f6re ayarlanmas\u0131n\u0131 sa\u011flayan ayarlanabilir \u00e7atal sayesinde m\u00fcmk\u00fcn olur. Bu, bu silindirleri alan\u0131n s\u0131n\u0131rl\u0131 oldu\u011fu veya \u00f6zel bir \u00e7\u00f6z\u00fcm gerektiren uygulamalar i\u00e7in m\u00fckemmel bir se\u00e7im haline getirir.<\/p>\n<p>Ayr\u0131ca, bu silindirlerin ayarlanabilir uzunluk \u00f6zelli\u011fi kolay kurulum ve bak\u0131m sa\u011flar. Silindirin uzunlu\u011funun uygulaman\u0131n \u00f6zel gereksinimlerine uyacak \u015fekilde ayarlanabilmesi, kurulum s\u00fcresini \u00f6nemli \u00f6l\u00e7\u00fcde k\u0131saltabilir ve silindirin do\u011fru \u015fekilde hizalanmas\u0131n\u0131 sa\u011flayabilir. Bu, verimlili\u011fin artmas\u0131na ve ar\u0131za s\u00fcrelerinin azalmas\u0131na yol a\u00e7arak maliyet tasarrufu sa\u011flayabilir.<\/p>\n<h3>Y\u00fcksek Hassasiyet<\/h3>\n<p>Ayarlanabilir \u00e7atal tipi silindirler, y\u00fcksek hassasiyette \u00e7al\u0131\u015fma sa\u011flamak \u00fczere tasarlanm\u0131\u015ft\u0131r. \u00c7atal tasar\u0131m\u0131, silindirin a\u011f\u0131r y\u00fckler alt\u0131nda bile hizal\u0131 ve d\u00fcz kalmas\u0131n\u0131 sa\u011flar. Bu, hassasiyetin kritik oldu\u011fu uygulamalarda \u00f6nemli olan silindir hareketinin hassas bir \u015fekilde kontrol edilmesini sa\u011flar.<\/p>\n<p>Ayr\u0131ca, bu silindirlerin ayarlanabilir uzunluk \u00f6zelli\u011fi, strok uzunlu\u011fu \u00fczerinde hassas kontrol sa\u011flar. Bu \u00f6zellik, optimum performans elde etmek i\u00e7in belirli bir strok uzunlu\u011funun gerekli oldu\u011fu uygulamalarda \u00f6zellikle faydal\u0131 olabilir.<\/p>\n<h3>Artt\u0131r\u0131lm\u0131\u015f Verimlilik<\/h3>\n<p>Ayarlanabilir \u00e7atal tipi silindirler, maksimum verimlilik i\u00e7in tasarlanm\u0131\u015ft\u0131r. \u00c7atal tasar\u0131m\u0131, silindirin a\u011f\u0131r y\u00fckler alt\u0131nda bile hizal\u0131 ve d\u00fcz kalmas\u0131n\u0131 sa\u011flar. Bu, y\u00fck\u00fc hareket ettirmek i\u00e7in gereken enerji miktar\u0131n\u0131 azaltarak zaman i\u00e7inde \u00f6nemli enerji tasarrufu sa\u011flayabilir.<\/p>\n<p>Ayr\u0131ca, bu silindirlerin ayarlanabilir uzunluk \u00f6zelli\u011fi, mevcut alan\u0131n optimum \u015fekilde kullan\u0131lmas\u0131n\u0131 sa\u011flar. Bu \u00f6zellik, \u00f6zellikle ula\u015f\u0131m veya tar\u0131m gibi alan\u0131n k\u0131s\u0131tl\u0131 oldu\u011fu uygulamalarda faydal\u0131 olabilir. Silindirin uzunlu\u011fu, uygulaman\u0131n \u00f6zel gereksinimlerine uyacak \u015fekilde ayarlanarak, m\u00fcmk\u00fcn olan en verimli \u015fekilde konumland\u0131r\u0131labilir ve bu da daha fazla enerji tasarrufu sa\u011flayabilir.<\/p>\n<h3>Geli\u015fmi\u015f Dayan\u0131kl\u0131l\u0131k<\/h3>\n<p>Ayarlanabilir \u00e7atal tipi silindirler son derece dayan\u0131kl\u0131 olacak \u015fekilde tasarlanm\u0131\u015ft\u0131r. \u00c7atal tasar\u0131m\u0131, silindirin a\u011f\u0131r y\u00fckler alt\u0131nda bile hizal\u0131 ve d\u00fcz kalmas\u0131n\u0131 sa\u011flar. Bu, silindirdeki a\u015f\u0131nma ve y\u0131pranmay\u0131 azaltarak daha uzun bir kullan\u0131m \u00f6mr\u00fc sa\u011flar.<\/p>\n<p>Ayr\u0131ca, bu silindirlerin ayarlanabilir uzunluk \u00f6zelli\u011fi, bile\u015fenlerin kolay bak\u0131m ve de\u011fi\u015fimine olanak tan\u0131r. Bu sayede, onar\u0131mlar\u0131n h\u0131zl\u0131 ve kolay bir \u015fekilde yap\u0131lmas\u0131 sa\u011flanarak silindirin kullan\u0131m \u00f6mr\u00fc uzat\u0131labilir.<\/p>\n<h3>Geli\u015ftirilmi\u015f G\u00fcvenlik<\/h3>\n<p>Ayarlanabilir \u00e7atal tipi silindirler g\u00fcvenlik d\u00fc\u015f\u00fcn\u00fclerek tasarlanm\u0131\u015ft\u0131r. \u00c7atal tasar\u0131m\u0131, silindirin a\u011f\u0131r y\u00fckler alt\u0131nda bile hizal\u0131 ve d\u00fcz kalmas\u0131n\u0131 sa\u011flar. Bu, silindirin hizas\u0131z hale gelerek ekipmana zarar verme veya personel yaralanmas\u0131na neden olma riskini azalt\u0131r.<\/p>\n<p>Ayr\u0131ca, bu silindirlerin ayarlanabilir uzunluk \u00f6zelli\u011fi, strok uzunlu\u011fu \u00fczerinde hassas kontrol sa\u011flar. Bu \u00f6zellik, nakliye veya in\u015faat gibi g\u00fcvenli\u011fin kritik oldu\u011fu uygulamalarda \u00f6zellikle faydal\u0131 olabilir. Strok uzunlu\u011funun hassas bir \u015fekilde kontrol edilmesiyle, ekipman ar\u0131zas\u0131 veya yaralanma riski en aza indirilebilir.<\/p>\n<p>Sonu\u00e7 olarak, ayarlanabilir \u00e7atal tipi silindirler di\u011fer silindir tiplerine g\u00f6re bir\u00e7ok avantaj sunar. \u00d6zelle\u015ftirilebilir uzunluklar\u0131, y\u00fcksek hassasiyetleri, art\u0131r\u0131lm\u0131\u015f verimlilikleri, geli\u015fmi\u015f dayan\u0131kl\u0131l\u0131klar\u0131 ve geli\u015ftirilmi\u015f g\u00fcvenlikleri, onlar\u0131 \u00e7e\u015fitli uygulamalar i\u00e7in m\u00fckemmel bir se\u00e7im haline getirir.<\/p>\n<p><img decoding=\"async\" src=\"https:\/\/fmp-components.com\/wp-content\/uploads\/2024\/12\/Adjustable-Clevis-Type-Cylinders5.webp\" alt=\"Ayarlanabilir \u00c7atal Tipi Silindir\" width=\"800\" title=\"\"><\/p>\n<h2>Ayarlanabilir \u00c7atal Tip Silindirlerin Uygulamas\u0131<\/h2>\n<p>Ayarlanabilir \u00e7atal tipi silindir, \u00e7ok \u00e7e\u015fitli end\u00fcstrilerde uygulama alan\u0131 bulan \u00e7ok y\u00f6nl\u00fc bir hidrolik bile\u015fendir. Benzersiz tasar\u0131m\u0131 ve i\u015flevselli\u011fi, onu \u00e7e\u015fitli g\u00f6revler i\u00e7in vazge\u00e7ilmez bir ara\u00e7 haline getirir. Bu makalede, ayarlanabilir \u00e7atal tipi silindirlerin farkl\u0131 uygulamalar\u0131n\u0131 inceleyecek ve sunduklar\u0131 avantajlar\u0131 derinlemesine inceleyece\u011fiz.<\/p>\n<p>1. \u00d6zelle\u015ftirilmi\u015f R\u00f6mork Hidrolik Silindiri:<\/p>\n<p>Ayarlanabilir \u00e7atal tipi silindirlerin temel uygulamalar\u0131ndan biri, \u00f6zel yap\u0131m r\u00f6mork hidrolik silindirlerinin imalat\u0131d\u0131r. Bu silindirler, r\u00f6morklardaki a\u011f\u0131r y\u00fcklerin hareket ettirilmesi ve kald\u0131r\u0131lmas\u0131nda \u00f6nemli bir rol oynar. Ayarlanabilir \u00e7atal tipi silindir sayesinde, r\u00f6mork farkl\u0131 y\u00fcksekliklere kolayca ayarlanabilir ve bu da verimli y\u00fckleme ve bo\u015faltma i\u015flemlerine olanak tan\u0131r. \u00d6zelle\u015ftirilmi\u015f tasar\u0131m, belirli r\u00f6mork modellerine m\u00fckemmel uyum sa\u011flayarak optimum performans ve dayan\u0131kl\u0131l\u0131k sa\u011flar.<\/p>\n<p>2. Trakt\u00f6r i\u00e7in Mini Hidrolik Silindir:<\/p>\n<p>Ayarlanabilir \u00e7atal tipi silindirlerin bir di\u011fer \u00f6nemli uygulama alan\u0131 da trakt\u00f6rler i\u00e7in mini hidrolik silindir \u00fcretimidir. Bu kompakt silindirler, trakt\u00f6rlerdeki s\u0131n\u0131rl\u0131 alana s\u0131\u011facak ve ayn\u0131 zamanda ola\u011fan\u00fcst\u00fc g\u00fc\u00e7 ve performans sunacak \u015fekilde \u00f6zel olarak tasarlanm\u0131\u015ft\u0131r. \u00c7atal tipi silindir, ayarlanabilir \u00e7atal tipi sayesinde y\u00fckleyici veya ekskavat\u00f6r gibi \u00e7e\u015fitli trakt\u00f6r ata\u015fmanlar\u0131na kolayca uyarlanabilir. Bu \u00e7ok y\u00f6nl\u00fcl\u00fck, trakt\u00f6r\u00fcn i\u015flevselli\u011fini ve \u00fcretkenli\u011fini art\u0131rarak onu tar\u0131m ve in\u015faat ama\u00e7lar\u0131 i\u00e7in de\u011ferli bir ara\u00e7 haline getirir.<\/p>\n<p>3. Ayarlanabilir \u00c7atal Tipi Silindirlerin Faydalar\u0131:<\/p>\n<p>Ayarlanabilir \u00e7atal tipi silindirler, \u00e7e\u015fitli end\u00fcstrilerde yayg\u0131n kullan\u0131mlar\u0131na katk\u0131da bulunan \u00e7e\u015fitli avantajlar sunar. \u0130lk olarak, ayarlanabilir tasar\u0131mlar\u0131 hassas konumland\u0131rma ve \u00f6zelle\u015ftirmeye olanak tan\u0131yarak belirli uygulamalar i\u00e7in optimum performans sa\u011flar. Silindirin strok uzunlu\u011funu ve montaj konumunu hassas bir \u015fekilde ayarlayabilme \u00f6zelli\u011fi, \u00e7ok y\u00f6nl\u00fcl\u00fc\u011f\u00fcn\u00fc ve uyarlanabilirli\u011fini art\u0131r\u0131r.<\/p>\n<p>Ayr\u0131ca, bu silindirlerde kullan\u0131lan geli\u015fmi\u015f hidrolik teknolojisi, sorunsuz ve verimli bir \u00e7al\u0131\u015fma sa\u011flayarak enerji israf\u0131n\u0131 en aza indirir ve \u00fcretkenli\u011fi en \u00fcst d\u00fczeye \u00e7\u0131kar\u0131r. Yap\u0131lar\u0131nda kullan\u0131lan y\u00fcksek kaliteli malzemeler, onlar\u0131 dayan\u0131kl\u0131 ve a\u015f\u0131nmaya kar\u015f\u0131 diren\u00e7li k\u0131lar, bu da uzun kullan\u0131m \u00f6mr\u00fc ve d\u00fc\u015f\u00fck bak\u0131m maliyetleri sa\u011flar.<\/p>\n<p>Ayr\u0131ca bas\u0131n\u00e7 tahliye vanalar\u0131 ve contalar gibi g\u00fcvenlik \u00f6zelliklerinin dahil edilmesi, g\u00fcvenilir ve emniyetli \u00e7al\u0131\u015fmay\u0131 garanti alt\u0131na alarak olas\u0131 kazalar\u0131 ve hasarlar\u0131 \u00f6nler.<\/p>\n<p>Sonu\u00e7 olarak, ayarlanabilir \u00e7atal tipi silindirler \u00e7e\u015fitli end\u00fcstrilerde yayg\u0131n uygulama alan\u0131 bulmaktad\u0131r. \u00d6zelle\u015ftirilmi\u015f r\u00f6mork hidrolik silindirlerinden trakt\u00f6rler i\u00e7in mini hidrolik silindirlere kadar, \u00e7ok y\u00f6nl\u00fcl\u00fckleri ve i\u015flevsellikleri onlar\u0131 verimli ve hassas operasyonlar i\u00e7in vazge\u00e7ilmez ara\u00e7lar haline getirir. \u00d6zelle\u015ftirme, dayan\u0131kl\u0131l\u0131k ve geli\u015fmi\u015f hidrolik teknolojisi gibi sunduklar\u0131 say\u0131s\u0131z avantaj, de\u011ferlerini daha da art\u0131rarak bir\u00e7ok profesyonel i\u00e7in tercih edilen bir se\u00e7enek haline getirir.<\/p>\n<p><img decoding=\"async\" src=\"https:\/\/fmp-components.com\/wp-content\/uploads\/2024\/12\/Application-of-Adjustable-Clevis-Type-Cylinders.webp\" alt=\"Ayarlanabilir \u00c7atal Tipi Silindir\" width=\"800\" title=\"\"><\/p>\n<h3>FMP Hakk\u0131nda<\/h3>\n<p>FMP, Hidrolik Silindir \u00fcretimi ve sat\u0131\u015f\u0131 konusunda uzmanla\u015fm\u0131\u015f bir \u015firkettir. \u0130talya'da bulunan firmam\u0131z, uzun y\u0131llara dayanan sekt\u00f6r deneyimine ve m\u00fc\u015fterilerimize y\u00fcksek kaliteli ve g\u00fcvenilir hidrolik silindirler sa\u011flamaya kendini adam\u0131\u015f profesyonel bir ekibe sahiptir.<\/p>\n<p><img decoding=\"async\" src=\"https:\/\/fmp-components.com\/wp-content\/uploads\/2024\/12\/Adjustable-Clevis-Type-Cylinders-6.webp\" alt=\"Ayarlanabilir \u00c7atal Tipi Silindir\" width=\"841\" title=\"\"><\/p>\n<p>Hidrolik silindirlerimizi se\u00e7meniz i\u00e7in be\u015f neden:<\/p>\n<ol>\n<li>Geni\u015f Se\u00e7enek Yelpazesi: \u00c7e\u015fitli uygulamalarda esneklik sa\u011flayan ayarlanabilir \u00e7atal tipi silindirler de dahil olmak \u00fczere geni\u015f bir hidrolik silindir yelpazesi sunuyoruz.<\/li>\n<li>Ola\u011fan\u00fcst\u00fc Kalite: T\u00fcm hidrolik silindirlerimiz, dayan\u0131kl\u0131l\u0131k ve performanslar\u0131n\u0131 garanti alt\u0131na alan s\u0131k\u0131 kalite standartlar\u0131na g\u00f6re \u00fcretilmektedir.<\/li>\n<li>Uzman Dan\u0131\u015fmanl\u0131\u011f\u0131: \u0130n\u015faat makineleri sekt\u00f6r\u00fc hakk\u0131nda bilgi sahibi olan deneyimli sat\u0131\u015f ekibimiz, \u00f6zel ihtiya\u00e7lar\u0131n\u0131z\u0131 kar\u015f\u0131lamak i\u00e7in profesyonel \u00fcr\u00fcn dan\u0131\u015fmanl\u0131\u011f\u0131 sa\u011flayabilir.<\/li>\n<li>Ak\u0131ll\u0131 Sat\u0131n Alma \u00d6nerileri: M\u00fc\u015fteri ihtiya\u00e7lar\u0131n\u0131 anl\u0131yor ve bilin\u00e7li kararlar alman\u0131za yard\u0131mc\u0131 olmak i\u00e7in ak\u0131ll\u0131 sat\u0131n alma \u00f6nerileri sunuyoruz.<\/li>\n<li>Verimli Lojistik: Verimli lojistik da\u011f\u0131t\u0131m sistemimizle, ihtiya\u00e7 duydu\u011funuz hidrolik silindirlerin zaman\u0131nda ve do\u011fru bir \u015fekilde taraf\u0131n\u0131za ula\u015fmas\u0131n\u0131 sa\u011fl\u0131yoruz.<\/li>\n<\/ol>\n<p>FMP olarak, en kaliteli hidrolik silindirlerimiz ve ola\u011fan\u00fcst\u00fc hizmetimizle m\u00fc\u015fteri beklentilerini a\u015fmay\u0131 hedefliyoruz. T\u00fcm hidrolik silindir ihtiya\u00e7lar\u0131n\u0131z i\u00e7in bug\u00fcn bizimle ileti\u015fime ge\u00e7in!<\/p>\n<h2>S\u0131k\u00e7a Sorulan Sorular<\/h2>\n<p><strong>S: Bu hidrolik silindirin maksimum itme ve \u00e7ekme kuvveti nedir?<\/strong><br \/>\nA: Bu silindirin maksimum itme g\u00fcc\u00fc 3000, maksimum \u00e7ekme g\u00fcc\u00fc ise 20 ton olup, a\u011f\u0131r hizmet tipi \u00e7al\u0131\u015fmalara uygundur.<\/p>\n<p><strong>S: Bu hidrolik silindirin temel bile\u015fenleri nelerdir?<\/strong><br \/>\nA: Bu hidrolik silindirin temel bile\u015fenleri rulman ve hidrolik silindirin kendisidir.<\/p>\n<p><strong>S: Bu hidrolik silindir garantili mi?<\/strong><br \/>\nC: Evet, bu hidrolik silindir bir y\u0131ll\u0131k garantiyle birlikte gelir ve \u00fcr\u00fcn\u00fcm\u00fcz\u00fcn g\u00fcvenilirli\u011fini ve dayan\u0131kl\u0131l\u0131\u011f\u0131n\u0131 garanti eder.<\/p>\n<p>Yazar\uff1a CX<\/p>","protected":false},"excerpt":{"rendered":"<p>Customized Trailer Hydraulic Cylinder Mini Hydraulic Cylinder For Tractor The Customized Trailer Hydraulic Cylinder Mini Hydraulic Cylinder For Tractor is a high-quality product designed to meet the specific needs of trailers and tractors. With its advanced hydraulic technology, this cylinder offers exceptional performance and durability. This hydraulic cylinder is specifically customized to fit trailers and [&hellip;]<\/p>","protected":false},"featured_media":1340,"comment_status":"closed","ping_status":"closed","template":"","meta":{"_et_pb_use_builder":"","_et_pb_old_content":"","_et_gb_content_width":""},"product_brand":[],"product_cat":[39],"product_tag":[41,34],"class_list":{"0":"post-1379","1":"product","2":"type-product","3":"status-publish","4":"has-post-thumbnail","6":"product_cat-adjustable-clevis-type-cylinders","7":"product_tag-adjustable-clevis-type-cylinders","8":"product_tag-hydraulic-cylinder","10":"first","11":"instock","12":"product-type-simple"},"_links":{"self":[{"href":"https:\/\/fmp-components.com\/tr\/wp-json\/wp\/v2\/product\/1379","targetHints":{"allow":["GET"]}}],"collection":[{"href":"https:\/\/fmp-components.com\/tr\/wp-json\/wp\/v2\/product"}],"about":[{"href":"https:\/\/fmp-components.com\/tr\/wp-json\/wp\/v2\/types\/product"}],"replies":[{"embeddable":true,"href":"https:\/\/fmp-components.com\/tr\/wp-json\/wp\/v2\/comments?post=1379"}],"wp:featuredmedia":[{"embeddable":true,"href":"https:\/\/fmp-components.com\/tr\/wp-json\/wp\/v2\/media\/1340"}],"wp:attachment":[{"href":"https:\/\/fmp-components.com\/tr\/wp-json\/wp\/v2\/media?parent=1379"}],"wp:term":[{"taxonomy":"product_brand","embeddable":true,"href":"https:\/\/fmp-components.com\/tr\/wp-json\/wp\/v2\/product_brand?post=1379"},{"taxonomy":"product_cat","embeddable":true,"href":"https:\/\/fmp-components.com\/tr\/wp-json\/wp\/v2\/product_cat?post=1379"},{"taxonomy":"product_tag","embeddable":true,"href":"https:\/\/fmp-components.com\/tr\/wp-json\/wp\/v2\/product_tag?post=1379"}],"curies":[{"name":"wp","href":"https:\/\/api.w.org\/{rel}","templated":true}]}}