{"id":1378,"date":"2024-12-23T02:19:41","date_gmt":"2024-12-23T02:19:41","guid":{"rendered":"https:\/\/fmp-components.com\/product\/excellent-quality-double-acting-cylinder-adjustable-hydraulic-cylinder-for-sale\/"},"modified":"2025-03-18T00:55:15","modified_gmt":"2025-03-18T00:55:15","slug":"excellent-quality-double-acting-cylinder-adjustable-hydraulic-cylinder-for-sale","status":"publish","type":"product","link":"https:\/\/fmp-components.com\/tr\/product\/excellent-quality-double-acting-cylinder-adjustable-hydraulic-cylinder-for-sale\/","title":{"rendered":"Sat\u0131l\u0131k M\u00fckemmel Kalitede \u00c7ift Etkili Silindir Ayarlanabilir Hidrolik Silindir"},"content":{"rendered":"<h2>Sat\u0131l\u0131k M\u00fckemmel Kalite \u00c7ift Etkili Silindir Ayarlanabilir Hidrolik Silindirimizi Tan\u0131t\u0131yoruz!<\/h2>\n<p>Bu \u00fcst d\u00fczey hidrolik silindir, \u00e7e\u015fitli end\u00fcstriyel uygulamalarda \u00fcst\u00fcn performans ve dayan\u0131kl\u0131l\u0131k sa\u011flamak \u00fczere tasarlanm\u0131\u015ft\u0131r. \u00c7ift etkili tasar\u0131m\u0131 sayesinde hem itme hem de \u00e7ekme uygulamalar\u0131nda ayn\u0131 kolayl\u0131kla kullan\u0131labilir.<\/p>\n<p>Ancak bu hidrolik silindiri ger\u00e7ekten farkl\u0131 k\u0131lan \u015fey ayarlanabilirli\u011fidir. \u00c7e\u015fitli ayarlanabilir strok se\u00e7enekleriyle, performans\u0131n\u0131 \u00f6zel ihtiya\u00e7lar\u0131n\u0131za g\u00f6re ayarlayabilirsiniz. Bu, onu \u00e7ok \u00e7e\u015fitli uygulamalar i\u00e7in inan\u0131lmaz derecede \u00e7ok y\u00f6nl\u00fc ve uyarlanabilir bir se\u00e7enek haline getirir.<\/p>\n<p>Ancak sadece bizim s\u00f6z\u00fcm\u00fcze g\u00fcvenmeyin. Hidrolik silindirimiz titizlikle test edilmi\u015f ve en y\u00fcksek kalite ve g\u00fcvenilirlik standartlar\u0131n\u0131 kar\u015f\u0131lad\u0131\u011f\u0131 kan\u0131tlanm\u0131\u015ft\u0131r. Ayr\u0131ca, uzman m\u00fchendis ekibimiz, hidrolik silindirinizden en iyi \u015fekilde nas\u0131l yararlanaca\u011f\u0131n\u0131z konusunda uzman tavsiyeleri ve rehberlik sa\u011flamak i\u00e7in her zaman hizmetinizdedir.<\/p>\n<p>Dolay\u0131s\u0131yla sizi yar\u0131 yolda b\u0131rakmayacak en kaliteli hidrolik silindiri ar\u0131yorsan\u0131z, Sat\u0131l\u0131k M\u00fckemmel Kalite \u00c7ift Etkili Silindir Ayarlanabilir Hidrolik Silindir \u00fcr\u00fcn\u00fcm\u00fczden ba\u015fkas\u0131na bakmay\u0131n.<\/p>\n<p><img loading=\"lazy\" decoding=\"async\" class=\"alignnone size-full wp-image-1334\" src=\"https:\/\/fmp-components.com\/wp-content\/uploads\/2024\/12\/Adjustable-Clevis-Type-Cylinders-4.webp\" alt=\"Ayarlanabilir-\u00c7ember-Tipi-Silindirler\" width=\"800\" height=\"800\" title=\"\" srcset=\"https:\/\/fmp-components.com\/wp-content\/uploads\/2024\/12\/Adjustable-Clevis-Type-Cylinders-4.webp 800w, https:\/\/fmp-components.com\/wp-content\/uploads\/2024\/12\/Adjustable-Clevis-Type-Cylinders-4-480x480.webp 480w\" sizes=\"(min-width: 0px) and (max-width: 480px) 480px, (min-width: 481px) 800px, 100vw\" \/><\/p>\n<p>Sat\u0131n alabilece\u011finiz en \u00fcst d\u00fczey, \u00e7ift etkili silindirli ayarlanabilir hidrolik silindirimizi tan\u0131t\u0131yoruz. Bu yeni \u00fcr\u00fcn, makine tamir at\u00f6lyeleri, \u00e7iftlikler, enerji, madencilik, makine \u00fcretimi ve fabrika ortamlar\u0131 gibi \u00e7e\u015fitli end\u00fcstrilerde kullan\u0131m i\u00e7in m\u00fckemmeldir. 30 kg a\u011f\u0131rl\u0131\u011f\u0131ndaki bu hidrolik silindir, 1 y\u0131ll\u0131k garantiyle birlikte gelir ve t\u00fcm giden muayene videolar\u0131n\u0131 ve makine test raporlar\u0131n\u0131 ge\u00e7mi\u015ftir. 2023 i\u00e7in yeni bir \u00fcr\u00fcn olarak, yataklar ve bir hidrolik silindir gibi temel bile\u015fenlere sahiptir. Yap\u0131, hidrolik g\u00fc\u00e7 kayna\u011f\u0131 ve dayan\u0131kl\u0131 \u00e7elik g\u00f6vdeye sahip standart bir piston silindiridir. Maksimum itme g\u00fcc\u00fc 3000, maksimum \u00e7ekme g\u00fcc\u00fc ise 20 tondur. Silindir ayarlanabilir \u00e7atal tipindedir ve ISO9001:2000 sertifikas\u0131na sahiptir. Delik ve \u00e7ubuk boyutlar\u0131 s\u0131ras\u0131yla 2-6 in\u00e7 ve 1,125-4 in\u00e7 aras\u0131nda de\u011fi\u015firken, strok boyutu 4-100 in\u00e7 aras\u0131nda de\u011fi\u015fmektedir. Ayr\u0131ca 0,5-2 in\u00e7 pim boyutuna sahiptir.<\/p>\n<p>Bu ayarlanabilir hidrolik silindir, \u00f6zel ihtiya\u00e7lar\u0131n\u0131za uygun \u00e7e\u015fitli se\u00e7enekler sunar. \u00c7ift etkili bir silindir olarak, her iki y\u00f6nde de kuvvet sa\u011flar ve bu da onu kontroll\u00fc hareket gerektiren uygulamalar i\u00e7in ideal hale getirir. Silindirin \u00f6zellikleri, optimum performans sa\u011flayacak \u015fekilde tasarlanm\u0131\u015ft\u0131r. 2-6 in\u00e7lik bir \u00e7ap \u00f6l\u00e7\u00fcs\u00fcyle, de\u011fi\u015fen bas\u0131n\u00e7 y\u00fcklerini kald\u0131rabilir. 4-100 in\u00e7 aras\u0131nda de\u011fi\u015fen strok uzunlu\u011fu, strok hareketinde esneklik sa\u011flar. Ayr\u0131ca, silindir maksimum 3000 tonluk bir itme ve 20 tonluk bir \u00e7ekme kuvvetine dayanabilir ve bu da y\u00fcksek y\u00fck kapasitesini g\u00f6sterir. Hidrolik silindir, uzun \u00f6m\u00fcrl\u00fc olmas\u0131n\u0131 sa\u011flayan dayan\u0131kl\u0131 \u00e7elikten yap\u0131lm\u0131\u015ft\u0131r. Yap\u0131m\u0131nda kullan\u0131lan malzemelerin kalitesi ve \u00fczerine uygulanan \u00f6zel kaplamalar, dayan\u0131kl\u0131l\u0131\u011f\u0131n\u0131, performans\u0131n\u0131 ve uzun \u00f6m\u00fcrl\u00fcl\u00fc\u011f\u00fcn\u00fc art\u0131r\u0131r. Ayr\u0131ca, bu silindir, end\u00fcstriyel makinelerden mobil hidroliklere, tar\u0131m ekipmanlar\u0131ndan in\u015faat ara\u00e7lar\u0131na kadar \u00e7e\u015fitli sekt\u00f6rlerde kullan\u0131ma uygundur. \u00d6zel gereksinimlere g\u00f6re \u00f6zelle\u015ftirilmi\u015f \u00e7\u00f6z\u00fcmler sunan \u00f6zelle\u015ftirme se\u00e7enekleri de mevcuttur. Silindirin optimum performans ve uzun \u00f6m\u00fcrl\u00fc olmas\u0131n\u0131 sa\u011flamak i\u00e7in kurulum ve bak\u0131m k\u0131lavuzu sa\u011flan\u0131r.<\/p>\n<p>2002 y\u0131l\u0131nda kurulan FMP Hidrolik Makine, \u0130talya'n\u0131n \u00f6nde gelen hidrolik silindir \u00fcreticisi ve ihracat\u00e7\u0131s\u0131d\u0131r. D\u00fcnya \u00e7ap\u0131ndaki m\u00fc\u015fterilerimiz nezdinde g\u00fcvenilir bir itibar kazanmam\u0131z\u0131 sa\u011flayan \u00fcst\u00fcn kaliteli \u00fcr\u00fcnler ve m\u00fckemmel hizmetler sunmaktan gurur duyuyoruz. Ayarlanabilir hidrolik silindirimiz, \u00e7e\u015fitli end\u00fcstrilerin \u00f6zel ihtiya\u00e7lar\u0131n\u0131 kar\u015f\u0131lamak \u00fczere tasarlanm\u0131\u015f en kaliteli \u00fcr\u00fcnlerimizden biridir. Makinelerinizi m\u00fckemmel kalitede \u00e7ift etkili ayarlanabilir hidrolik silindirimizle geli\u015ftirme f\u0131rsat\u0131n\u0131 ka\u00e7\u0131rmay\u0131n. Operasyonlar\u0131n\u0131z\u0131 \u00f6nemli \u00f6l\u00e7\u00fcde iyile\u015ftirecek \u00fcst\u00fcn performans ve dayan\u0131kl\u0131l\u0131k garantisi veriyoruz.<\/p>\n<h2>Ayarlanabilir \u00c7atal Tipi Silindirlerin Avantajlar\u0131<\/h2>\n<p>Sat\u0131l\u0131k m\u00fckemmel kalitede \u00e7ift etkili silindir ve ayarlanabilir hidrolik silindir gibi ayarlanabilir \u00e7atal tipi silindirler, \u00e7e\u015fitli uygulamalarda bir\u00e7ok \u00f6nemli avantaj sunar. Bu silindirler, hassasiyet ve yenilik\u00e7ilik g\u00f6z \u00f6n\u00fcnde bulundurularak tasarlanm\u0131\u015ft\u0131r ve kullan\u0131c\u0131lara geli\u015fmi\u015f performans ve \u00e7ok y\u00f6nl\u00fcl\u00fck sa\u011flar. Bu makalede, bu silindirlerin avantajlar\u0131n\u0131 ayr\u0131nt\u0131l\u0131 olarak inceleyece\u011fiz.<\/p>\n<h3>1. Geli\u015fmi\u015f Esneklik<\/h3>\n<p>Ayarlanabilir \u00e7atal tipi silindirler, kullan\u0131c\u0131lar\u0131n strok uzunlu\u011funu ve montaj konumunu kendi \u00f6zel ihtiya\u00e7lar\u0131na g\u00f6re kolayca ayarlamalar\u0131na olanak tan\u0131yan e\u015fsiz bir esneklik sunar. Bu \u00f6zellik, silindirin \u00e7ok \u00e7e\u015fitli uygulamalara uyacak \u015fekilde hassas bir \u015fekilde tasarlanabilmesini sa\u011flayarak, kurulum ve ayarlamalarda zamandan ve emekten tasarruf sa\u011flar.<\/p>\n<h3>2. Optimum Performans<\/h3>\n<p>Bu silindirler, ola\u011fan\u00fcst\u00fc performans sa\u011flayan geli\u015fmi\u015f hidrolik teknolojisiyle \u00fcretilmi\u015ftir. Ayarlanabilir \u00e7atal tipi tasar\u0131m, p\u00fcr\u00fczs\u00fcz ve hassas hareket sa\u011flayarak s\u00fcrt\u00fcnme ve a\u015f\u0131nmay\u0131 en aza indirir. Bu da verimlili\u011fi art\u0131r\u0131r, bak\u0131m maliyetlerini d\u00fc\u015f\u00fcr\u00fcr ve kullan\u0131m \u00f6mr\u00fcn\u00fc uzat\u0131r.<\/p>\n<h3>3. \u00dcst\u00fcn Y\u00fck Ta\u015f\u0131ma<\/h3>\n<p>Sa\u011flam yap\u0131lar\u0131 ve y\u00fcksek kaliteli malzemeleri sayesinde ayarlanabilir \u00e7atal tipi silindirler, a\u011f\u0131r y\u00fckleri kolayl\u0131kla ta\u015f\u0131yabilir. Silindirler, y\u00fcksek bas\u0131n\u00e7lara dayanacak ve zorlu uygulamalarda g\u00fcvenilir destek sa\u011flayacak \u015fekilde tasarlanm\u0131\u015ft\u0131r. Bu sayede in\u015faat, madencilik ve imalat gibi sekt\u00f6rlerde kullan\u0131m i\u00e7in idealdir.<\/p>\n<h3>4. Art\u0131r\u0131lm\u0131\u015f G\u00fcvenlik<\/h3>\n<p>Ayarlanabilir \u00e7atal tipi silindirler, g\u00fcvenilir ve emniyetli \u00e7al\u0131\u015fmay\u0131 garanti eden g\u00fcvenlik \u00f6zellikleriyle donat\u0131lm\u0131\u015ft\u0131r. Bu silindirler, beklenmedik hareketleri veya ar\u0131zalar\u0131 \u00f6nleyerek kaza riskini en aza indirecek \u015fekilde tasarlanm\u0131\u015ft\u0131r. Ayr\u0131ca, ayarlanabilir yap\u0131lar\u0131 hassas kontrol ve konumland\u0131rma sa\u011flayarak kritik operasyonlarda g\u00fcvenli\u011fi daha da art\u0131r\u0131r.<\/p>\n<h3>5. \u00c7ok Y\u00f6nl\u00fc Montaj Se\u00e7enekleri<\/h3>\n<p>Bu silindirlerin ayarlanabilir yap\u0131s\u0131, \u00e7ok y\u00f6nl\u00fc montaj se\u00e7enekleri sunar. \u00c7e\u015fitli sistem ve makinelere kolayca entegre edilebilirler ve tasar\u0131m ve kurulumda esneklik sunarlar. Bu \u00e7ok y\u00f6nl\u00fcl\u00fck, ayarlanabilir \u00e7atal tipi silindirleri tar\u0131m ekipmanlar\u0131, malzeme ta\u015f\u0131ma sistemleri ve end\u00fcstriyel otomasyon dahil olmak \u00fczere \u00e7ok \u00e7e\u015fitli uygulamalar i\u00e7in uygun hale getirir.<\/p>\n<h3>6. Maliyet Etkin \u00c7\u00f6z\u00fcm<\/h3>\n<p>Ayarlanabilir \u00e7atal tipi silindirlere yat\u0131r\u0131m yapmak, uzun vadede uygun maliyetli bir \u00e7\u00f6z\u00fcm sunar. \u00dcst\u00fcn performanslar\u0131, dayan\u0131kl\u0131l\u0131klar\u0131 ve g\u00fcvenilirlikleri, ar\u0131za s\u00fcrelerini ve bak\u0131m giderlerini azalt\u0131r. Ayr\u0131ca, strok uzunlu\u011funu ve montaj konumunu ayarlayabilme \u00f6zelli\u011fi, birden fazla silindir sat\u0131n alma ihtiyac\u0131n\u0131 ortadan kald\u0131rarak maliyetlerden daha fazla tasarruf sa\u011flar.<\/p>\n<p>\u00d6zetle, sat\u0131\u015ftaki m\u00fckemmel kalitedeki \u00e7ift etkili ayarlanabilir hidrolik silindir gibi ayarlanabilir \u00e7atal tipi silindirler, esneklik, performans, y\u00fck ta\u015f\u0131ma, g\u00fcvenlik, montaj se\u00e7enekleri ve maliyet etkinli\u011fi a\u00e7\u0131s\u0131ndan \u00f6nemli avantajlar sunar. Bu silindirler, \u00e7e\u015fitli end\u00fcstriler ve uygulamalar i\u00e7in g\u00fcvenilir ve \u00e7ok y\u00f6nl\u00fc bir se\u00e7imdir. \u0130\u015fletmeler, ayarlanabilir \u00e7atal tipi silindirleri kullanarak operasyonlar\u0131n\u0131 iyile\u015ftirebilir ve optimum sonu\u00e7lar elde edebilirler.<\/p>\n<p><img decoding=\"async\" src=\"https:\/\/fmp-components.com\/wp-content\/uploads\/2024\/12\/Adjustable-Clevis-Type-Cylinders5.webp\" alt=\"Ayarlanabilir \u00c7atal Tipi Silindir\" width=\"800\" title=\"\"><\/p>\n<h2>Ayarlanabilir \u00c7atal Tip Silindirlerin Uygulamas\u0131<\/h2>\n<p>Ayarlanabilir \u00e7atal tipi silindirler, \u00e7ok \u00e7e\u015fitli uygulamalarda kullan\u0131lan bir hidrolik silindir t\u00fcr\u00fcd\u00fcr. M\u00fckemmel kaliteleri, \u00e7ift etkililikleri ve ayarlanabilirlikleriyle bilinirler. Bu makalede, ayarlanabilir \u00e7atal tipi silindirlerin \u00e7e\u015fitli uygulamalar\u0131n\u0131 ve farkl\u0131 end\u00fcstrilerde nas\u0131l kullan\u0131ld\u0131klar\u0131n\u0131 inceleyece\u011fiz.<\/p>\n<h3>1. End\u00fcstriyel Makineler<\/h3>\n<p>Ayarlanabilir \u00e7atal tipi silindirler, end\u00fcstriyel makinelerde yayg\u0131n olarak kullan\u0131l\u0131r. Pres, makas ve b\u00fckme makineleri gibi \u00e7e\u015fitli makinelerin imalat\u0131nda kullan\u0131l\u0131rlar. Bu silindirler, bu makineleri \u00e7al\u0131\u015ft\u0131rmak i\u00e7in gerekli kuvveti ve g\u00fcc\u00fc sa\u011flamak amac\u0131yla kullan\u0131l\u0131r. Bu silindirlerin \u00e7ift etkili \u00f6zelli\u011fi, verimli \u00e7al\u0131\u015fma ve h\u0131zl\u0131 \u00e7evrim s\u00fcreleri sa\u011flar. Ayarlanabilir \u00f6zelli\u011fi ise, y\u00fcksek kaliteli \u00fcr\u00fcnlerin \u00fcretiminde olmazsa olmaz olan hassas konumland\u0131rmay\u0131 m\u00fcmk\u00fcn k\u0131lar.<\/p>\n<h3>2. \u0130n\u015faat Sekt\u00f6r\u00fc<\/h3>\n<p>\u0130n\u015faat sekt\u00f6r\u00fcnde de ayarlanabilir \u00e7atal tipi silindirler kullan\u0131lmaktad\u0131r. Bunlar ekskavat\u00f6rler, vin\u00e7ler ve buldozerler gibi \u00e7e\u015fitli in\u015faat ekipmanlar\u0131nda kullan\u0131l\u0131r. Bu silindirler, a\u011f\u0131r y\u00fckleri ve ekipmanlar\u0131 hareket ettirmek i\u00e7in gerekli g\u00fcc\u00fc sa\u011flamak amac\u0131yla kullan\u0131l\u0131r. Bu silindirlerin ayarlanabilirlik \u00f6zelli\u011fi, do\u011frulu\u011fun \u00e7ok \u00f6nemli oldu\u011fu in\u015faat sekt\u00f6r\u00fcnde olmazsa olmaz olan hassas konumland\u0131rmaya olanak tan\u0131r.<\/p>\n<h3>3. Tar\u0131m Makinalar\u0131<\/h3>\n<p>Ayarlanabilir \u00e7atal tipi silindirlerin kullan\u0131ld\u0131\u011f\u0131 bir di\u011fer sekt\u00f6r ise tar\u0131m sekt\u00f6r\u00fcd\u00fcr. Bu silindirler, trakt\u00f6r, saban ve bi\u00e7erd\u00f6ver gibi \u00e7e\u015fitli tar\u0131m makinelerinde kullan\u0131l\u0131r. Bu makinelerin verimli bir \u015fekilde \u00e7al\u0131\u015fmas\u0131 i\u00e7in gerekli kuvveti ve g\u00fcc\u00fc sa\u011flamak amac\u0131yla kullan\u0131l\u0131rlar. Bu silindirlerin ayarlanabilirlik \u00f6zelli\u011fi, hassasiyetin \u00e7ok \u00f6nemli oldu\u011fu tar\u0131m sekt\u00f6r\u00fcnde olmazsa olmaz olan hassas konumland\u0131rmaya olanak tan\u0131r.<\/p>\n<h3>4. Havac\u0131l\u0131k ve Uzay Sanayii<\/h3>\n<p>Havac\u0131l\u0131k ve uzay end\u00fcstrisi de ayarlanabilir \u00e7atal tipi silindirlerden yararlanmaktad\u0131r. Bunlar ini\u015f tak\u0131m\u0131, direksiyon ve kontrol sistemleri gibi \u00e7e\u015fitli u\u00e7ak sistemlerinde kullan\u0131l\u0131r. Bu silindirler, s\u00f6z konusu sistemlerin verimli bir \u015fekilde \u00e7al\u0131\u015fmas\u0131 i\u00e7in gerekli kuvveti ve g\u00fcc\u00fc sa\u011flamak amac\u0131yla kullan\u0131l\u0131r. Bu silindirlerin ayarlanabilirlik \u00f6zelli\u011fi, hassasiyetin kritik \u00f6nem ta\u015f\u0131d\u0131\u011f\u0131 havac\u0131l\u0131k ve uzay end\u00fcstrisinde olmazsa olmaz olan hassas konumland\u0131rmaya olanak tan\u0131r.<\/p>\n<p>Sonu\u00e7 olarak, ayarlanabilir \u00e7atal tipi silindirler, \u00e7e\u015fitli end\u00fcstrilerde kullan\u0131lan \u00e7ok y\u00f6nl\u00fc hidrolik silindirlerdir. M\u00fckemmel kaliteleri, \u00e7ift etkili kabiliyetleri ve ayarlanabilirlikleriyle bilinirler. End\u00fcstriyel makinelerde, in\u015faatta, tar\u0131mda, havac\u0131l\u0131kta ve di\u011fer bir\u00e7ok uygulamada kullan\u0131l\u0131rlar. Bu silindirlerin ayarlanabilirlik \u00f6zelli\u011fi, do\u011fruluk ve hassasiyetin \u00f6nemli oldu\u011fu end\u00fcstrilerde olmazsa olmaz olan hassas konumland\u0131rmaya olanak tan\u0131r. Sat\u0131l\u0131k m\u00fckemmel kalitede \u00e7ift etkili ayarlanabilir hidrolik silindire ihtiyac\u0131n\u0131z varsa, ayarlanabilir \u00e7atal tipi silindirler harika bir se\u00e7imdir.<img decoding=\"async\" src=\"https:\/\/fmp-components.com\/wp-content\/uploads\/2024\/12\/Application-of-Adjustable-Clevis-Type-Cylinders.webp\" alt=\"Ayarlanabilir \u00c7atal Tipi Silindir\" width=\"800\" title=\"\"><\/p>\n<h3>FMP Hakk\u0131nda<\/h3>\n<p>FMP, Hidrolik Silindir \u00fcretimi ve sat\u0131\u015f\u0131 konusunda uzmanla\u015fm\u0131\u015f bir \u015firkettir. Sekt\u00f6rdeki engin deneyimimiz ve profesyonel ekibimizle, m\u00fc\u015fterilerimize y\u00fcksek kaliteli ve g\u00fcvenilir hidrolik silindirler sunmaya kendimizi adad\u0131k.<\/p>\n<p><img decoding=\"async\" src=\"https:\/\/fmp-components.com\/wp-content\/uploads\/2024\/12\/Adjustable-Clevis-Type-Cylinders-6.webp\" alt=\"Ayarlanabilir \u00c7atal Tipi Silindir\" width=\"840\" title=\"\"><\/p>\n<p>1. Y\u00fcksek Kaliteli \u00dcr\u00fcnler: FMP olarak, uzun \u00f6m\u00fcrl\u00fc, birinci s\u0131n\u0131f hidrolik silindirler sunmaktan gurur duyuyoruz. \u00dcr\u00fcnlerimiz, dayan\u0131kl\u0131l\u0131k ve performanslar\u0131n\u0131 garanti alt\u0131na almak i\u00e7in s\u0131k\u0131 kalite kontrol s\u00fcre\u00e7lerinden ge\u00e7mektedir.<\/p>\n<p>2. Geni\u015f Se\u00e7enek Yelpazesi: M\u00fc\u015fterilerimizin \u00f6zel ihtiya\u00e7lar\u0131n\u0131 kar\u015f\u0131lamak i\u00e7in \u00e7e\u015fitli hidrolik silindirler sunuyoruz. \u0130ster ayarlanabilir \u00e7atal tipi silindirlere, ister ba\u011flant\u0131 \u00e7ubu\u011fu silindirlerine veya kaynakl\u0131 silindirlere ihtiyac\u0131n\u0131z olsun, ihtiyac\u0131n\u0131z olan her \u015fey bizde.<\/p>\n<p>3. S\u0131k\u0131 Kalite Standartlar\u0131: T\u00fcm hidrolik silindirlerimizin s\u0131k\u0131 kalite standartlar\u0131n\u0131 kar\u015f\u0131lamas\u0131n\u0131 garanti alt\u0131na almak i\u00e7in sayg\u0131n tedarik\u00e7ilerle uzun vadeli ve istikrarl\u0131 ortakl\u0131klar s\u00fcrd\u00fcr\u00fcyoruz. Her \u00fcr\u00fcn, m\u00fc\u015fterilerimize teslim edilmeden \u00f6nce kapsaml\u0131 bir denetimden ge\u00e7mektedir.<\/p>\n<p>4. Uzman Sat\u0131\u015f Ekibi: Deneyimli ve bilgili sat\u0131\u015f ekibimiz, sekt\u00f6rdeki en son trendler ve m\u00fc\u015fteri ihtiya\u00e7lar\u0131 konusunda uzmand\u0131r. M\u00fc\u015fteri memnuniyetini sa\u011flamak i\u00e7in profesyonel \u00fcr\u00fcn dan\u0131\u015fmanl\u0131\u011f\u0131 sunmaya ve ak\u0131ll\u0131 sat\u0131n alma \u00f6nerileri sunmaya her zaman haz\u0131rd\u0131rlar.<\/p>\n<p>5. Verimli Lojistik Sistemi: Zaman\u0131nda teslimat\u0131n \u00f6neminin fark\u0131nday\u0131z. Verimli lojistik da\u011f\u0131t\u0131m sistemimizle, m\u00fc\u015fterilerimizin ihtiya\u00e7 duyduklar\u0131 hidrolik silindirleri h\u0131zl\u0131 ve do\u011fru bir \u015fekilde teslim almalar\u0131n\u0131 sa\u011fl\u0131yoruz.<\/p>\n<p>Hidrolik silindir ihtiya\u00e7lar\u0131n\u0131z i\u00e7in FMP'yi se\u00e7in ve bizi rakiplerimizden ay\u0131ran kalite ve g\u00fcvenilirli\u011fi deneyimleyin. Verimli bir ortakl\u0131k ba\u015flatmak i\u00e7in bug\u00fcn bizimle ileti\u015fime ge\u00e7in.<\/p>\n<h2>SSS<\/h2>\n<p><strong>S: Ayarlanabilir hidrolik silindirin teslimat s\u00fcresi nedir?<\/strong><br \/>\nA: Genel teslimat s\u00fcresi 25-35 g\u00fcnd\u00fcr.<\/p>\n<p><strong>S: Hidrolik silindirin numuneleri sa\u011flan\u0131yor mu?<\/strong><br \/>\nC: Evet, numune sunuyoruz ancak \u00fccretsiz de\u011fil.<\/p>\n<p><img decoding=\"async\" src=\"https:\/\/img.jiansujichilun.com\/img\/hydrauliccylinders\/C_hydrauliccylinders-3.webp\" alt=\"hidrolik silindir\" width=\"800\" title=\"\"><\/p>\n<p><strong>S: Hidrolik silindiri ihtiya\u00e7lar\u0131ma g\u00f6re \u00f6zelle\u015ftirebilir miyim?<\/strong><br \/>\nC: Evet, \u00f6zel ihtiya\u00e7lar\u0131n\u0131za g\u00f6re \u00f6zelle\u015ftirme se\u00e7enekleri sunuyoruz.<\/p>\n<p>Yazar\uff1a CX<\/p>","protected":false},"excerpt":{"rendered":"<p>Introducing our Excellent Quality Double Acting Cylinder Adjustable Hydraulic Cylinder For Sale! This top-of-the-line hydraulic cylinder is built to provide superior performance and durability in a range of industrial applications. Thanks to its double acting design, it can be used in both push and pull applications with equal ease. But what really sets this hydraulic [&hellip;]<\/p>","protected":false},"featured_media":1338,"comment_status":"closed","ping_status":"closed","template":"","meta":{"_et_pb_use_builder":"","_et_pb_old_content":"","_et_gb_content_width":""},"product_brand":[],"product_cat":[39],"product_tag":[41,34],"class_list":{"0":"post-1378","1":"product","2":"type-product","3":"status-publish","4":"has-post-thumbnail","6":"product_cat-adjustable-clevis-type-cylinders","7":"product_tag-adjustable-clevis-type-cylinders","8":"product_tag-hydraulic-cylinder","10":"first","11":"instock","12":"product-type-simple"},"_links":{"self":[{"href":"https:\/\/fmp-components.com\/tr\/wp-json\/wp\/v2\/product\/1378","targetHints":{"allow":["GET"]}}],"collection":[{"href":"https:\/\/fmp-components.com\/tr\/wp-json\/wp\/v2\/product"}],"about":[{"href":"https:\/\/fmp-components.com\/tr\/wp-json\/wp\/v2\/types\/product"}],"replies":[{"embeddable":true,"href":"https:\/\/fmp-components.com\/tr\/wp-json\/wp\/v2\/comments?post=1378"}],"wp:featuredmedia":[{"embeddable":true,"href":"https:\/\/fmp-components.com\/tr\/wp-json\/wp\/v2\/media\/1338"}],"wp:attachment":[{"href":"https:\/\/fmp-components.com\/tr\/wp-json\/wp\/v2\/media?parent=1378"}],"wp:term":[{"taxonomy":"product_brand","embeddable":true,"href":"https:\/\/fmp-components.com\/tr\/wp-json\/wp\/v2\/product_brand?post=1378"},{"taxonomy":"product_cat","embeddable":true,"href":"https:\/\/fmp-components.com\/tr\/wp-json\/wp\/v2\/product_cat?post=1378"},{"taxonomy":"product_tag","embeddable":true,"href":"https:\/\/fmp-components.com\/tr\/wp-json\/wp\/v2\/product_tag?post=1378"}],"curies":[{"name":"wp","href":"https:\/\/api.w.org\/{rel}","templated":true}]}}