{"id":1377,"date":"2024-12-23T02:18:57","date_gmt":"2024-12-23T02:18:57","guid":{"rendered":"https:\/\/fmp-components.com\/product\/cost-effective-hydraulic-piston-cylinder-adjustable-hydraulic-cylinder-for-tractor\/"},"modified":"2025-03-18T00:56:01","modified_gmt":"2025-03-18T00:56:01","slug":"cost-effective-hydraulic-piston-cylinder-adjustable-hydraulic-cylinder-for-tractor","status":"publish","type":"product","link":"https:\/\/fmp-components.com\/tr\/product\/cost-effective-hydraulic-piston-cylinder-adjustable-hydraulic-cylinder-for-tractor\/","title":{"rendered":"Trakt\u00f6r \u0130\u00e7in Uygun Maliyetli Ayarlanabilir Hidrolik Piston Silindiri"},"content":{"rendered":"<h2>Trakt\u00f6rler \u0130\u00e7in Uygun Maliyetli Ayarlanabilir Hidrolik Piston Silindiri Tan\u0131t\u0131m\u0131<\/h2>\n<p>Trakt\u00f6rler i\u00e7in Uygun Fiyatl\u0131 Ayarlanabilir Hidrolik Piston Silindiri, optimum performans ve dayan\u0131kl\u0131l\u0131k sunan birinci s\u0131n\u0131f bir \u00fcr\u00fcnd\u00fcr. Bu g\u00fc\u00e7l\u00fc hidrolik silindir, trakt\u00f6rler ve di\u011fer a\u011f\u0131r hizmet tipi ekipmanlarla sorunsuz \u00e7al\u0131\u015facak \u015fekilde tasarlanm\u0131\u015ft\u0131r ve en zorlu ko\u015fullarda bile g\u00fcvenilir ve verimli \u00e7al\u0131\u015fma sa\u011flar.<\/p>\n<p>Y\u00fcksek kaliteli malzemelerden \u00fcretilen bu hidrolik silindir, uzun \u00f6m\u00fcrl\u00fc olacak ve zaman i\u00e7inde optimum performans\u0131n\u0131 koruyacak \u015fekilde \u00fcretilmi\u015ftir. Ayarlanabilir tasar\u0131m\u0131 sayesinde, trakt\u00f6r\u00fcn\u00fcz\u00fcn \u00f6zel ihtiya\u00e7lar\u0131na g\u00f6re kolayca ve hassas bir \u015fekilde ayarlanabilir ve maksimum verimlilik ve \u00fcretkenlik sa\u011flar.<\/p>\n<p>Tar\u0131m, in\u015faat veya g\u00fcvenilir ve verimli a\u011f\u0131r ekipman gerektiren ba\u015fka bir sekt\u00f6rde \u00e7al\u0131\u015f\u0131yor olun, Trakt\u00f6rler i\u00e7in Uygun Maliyetli Ayarlanabilir Hidrolik Piston Silindiri m\u00fckemmel bir se\u00e7imdir. \u00d6yleyse neden bekleyesiniz? Bu g\u00fc\u00e7l\u00fc hidrolik silindire bug\u00fcn yat\u0131r\u0131m yap\u0131n ve i\u015fletmeniz i\u00e7in yaratabilece\u011fi fark\u0131 deneyimleyin.<\/p>\n<p><img loading=\"lazy\" decoding=\"async\" class=\"alignnone size-full wp-image-1334\" src=\"https:\/\/fmp-components.com\/wp-content\/uploads\/2024\/12\/Adjustable-Clevis-Type-Cylinders-4.webp\" alt=\"Ayarlanabilir-\u00c7ember-Tipi-Silindirler\" width=\"800\" height=\"800\" title=\"\" srcset=\"https:\/\/fmp-components.com\/wp-content\/uploads\/2024\/12\/Adjustable-Clevis-Type-Cylinders-4.webp 800w, https:\/\/fmp-components.com\/wp-content\/uploads\/2024\/12\/Adjustable-Clevis-Type-Cylinders-4-480x480.webp 480w\" sizes=\"(min-width: 0px) and (max-width: 480px) 480px, (min-width: 481px) 800px, 100vw\" \/><\/p>\n<table style=\"width: 100%;\" border=\"1\" width=\"100%\" cellspacing=\"0\" cellpadding=\"0\">\n<tbody>\n<tr>\n<th>\u00dcr\u00fcn Ad\u0131<\/th>\n<td>Trakt\u00f6rler i\u00e7in Hidrolik Piston Silindiri<\/td>\n<\/tr>\n<tr>\n<th>Maliyet etkinli\u011fi<\/th>\n<td>Son Derece Maliyet Etkin \u00c7\u00f6z\u00fcm<\/td>\n<\/tr>\n<tr>\n<th>Uygulanabilir End\u00fcstriler<\/th>\n<td>Makine Tamir At\u00f6lyeleri, \u00c7iftlikler, Enerji ve Madencilik, Makine \u00dcretimi, Makine Fabrikalar\u0131<\/td>\n<\/tr>\n<tr>\n<th>Garanti<\/th>\n<td>1 Y\u0131l<\/td>\n<\/tr>\n<tr>\n<th>A\u011f\u0131rl\u0131k (KG)<\/th>\n<td>30<\/td>\n<\/tr>\n<tr>\n<th>Video \u00c7\u0131k\u0131\u015f Denetimi<\/th>\n<td>Tedarik edilen<\/td>\n<\/tr>\n<tr>\n<th>Makine Test Raporu<\/th>\n<td>Tedarik edilen<\/td>\n<\/tr>\n<tr>\n<th>\u00c7ekirdek Bile\u015fenler<\/th>\n<td>Rulman, Hidrolik Silindir<\/td>\n<\/tr>\n<tr>\n<th>Standart veya Standart D\u0131\u015f\u0131<\/th>\n<td>Standart<\/td>\n<\/tr>\n<tr>\n<th>G\u00fc\u00e7<\/th>\n<td>Hidrolik<\/td>\n<\/tr>\n<tr>\n<th>G\u00f6vde Malzemesi<\/th>\n<td>Sa\u011flam \u00c7elik<\/td>\n<\/tr>\n<tr>\n<th>Maksimum \u0130tki<\/th>\n<td>3000<\/td>\n<\/tr>\n<tr>\n<th>Tip<\/th>\n<td>Ayarlanabilir \u00c7atal Tipi Silindir<\/td>\n<\/tr>\n<tr>\n<th>Sertifikasyon<\/th>\n<td>ISO 9001:2000<\/td>\n<\/tr>\n<tr>\n<th>Delik Boyutu<\/th>\n<td>2 \u2013 6 in\u00e7<\/td>\n<\/tr>\n<tr>\n<th>\u00c7ubuk Boyutu<\/th>\n<td>1,125 \u2013 4 in\u00e7<\/td>\n<\/tr>\n<tr>\n<th>Vuru\u015f Boyutu<\/th>\n<td>4 \u2013 100 in\u00e7<\/td>\n<\/tr>\n<tr>\n<th>Pin Boyutu<\/th>\n<td>0,5 \u2013 2 in\u00e7<\/td>\n<\/tr>\n<tr>\n<th>Renk<\/th>\n<td>Siyah<\/td>\n<\/tr>\n<tr>\n<th>Paketleme Detaylar\u0131<\/th>\n<td>Demir kasa, kontrplak kasa veya karton kutu<\/td>\n<\/tr>\n<tr>\n<th><\/th>\n<td><\/td>\n<\/tr>\n<\/tbody>\n<\/table>\n<h2>Ayarlanabilir \u00c7atal Tipi Silindirlerin Avantajlar\u0131<\/h2>\n<p>Ayarlanabilir \u00e7atal tipi silindirler, \u00e7e\u015fitli uygulamalarda say\u0131s\u0131z avantaj ve avantaj sunar. Bu hidrolik piston silindirleri, uygun maliyetli olacak ve tar\u0131m ve in\u015faat gibi \u00e7e\u015fitli sekt\u00f6rlerde ola\u011fan\u00fcst\u00fc performans sa\u011flayacak \u015fekilde tasarlanm\u0131\u015ft\u0131r. Bu makalede, ayarlanabilir \u00e7atal tipi silindirlerin avantajlar\u0131n\u0131 inceleyecek ve trakt\u00f6rler ve di\u011fer a\u011f\u0131r makineler i\u00e7in neden pop\u00fcler bir se\u00e7im olduklar\u0131n\u0131 inceleyece\u011fiz.<\/p>\n<p><strong>1. Geli\u015fmi\u015f Esneklik:<\/strong> Ayarlanabilir \u00e7atal tipi silindirlerin temel avantajlar\u0131ndan biri esneklikleridir. Bu silindirler, silindir uzunlu\u011funun kolayca ayarlanmas\u0131n\u0131 sa\u011flayan bir \u00e7atal tipi montajla tasarlanm\u0131\u015ft\u0131r. Bu ayarlanabilirlik, silindirin farkl\u0131 \u00e7al\u0131\u015fma ko\u015fullar\u0131 ve gereksinimlerine uyum sa\u011flamas\u0131n\u0131 sa\u011flayarak \u00e7e\u015fitli uygulamalar i\u00e7in olduk\u00e7a \u00e7ok y\u00f6nl\u00fc olmas\u0131n\u0131 sa\u011flar. \u0130ster trakt\u00f6r ata\u015fman\u0131 ister end\u00fcstriyel bir makine olsun, ayarlanabilir \u00e7atal tipi silindir, optimum performans sa\u011flayacak \u015fekilde hassas bir \u015fekilde ayarlanabilir.<\/p>\n<p><strong>2. Geli\u015fmi\u015f Verimlilik:<\/strong> Ayarlanabilir \u00e7atal tipi silindirler, operasyonel verimlili\u011fin art\u0131r\u0131lmas\u0131na katk\u0131da bulunur. Ayarlanabilirlikleri sayesinde bu silindirler, belirli g\u00f6revlerde maksimum kuvvet ve hassasiyet sa\u011flayacak \u015fekilde hassas bir \u015fekilde ayarlanabilir. Silindirin strok uzunlu\u011fu ve \u00e7al\u0131\u015fma bas\u0131nc\u0131 optimize edilerek, operat\u00f6rler makine \u00fczerinde daha iyi kontrol sa\u011flayabilir, bu da \u00fcretkenli\u011fi art\u0131r\u0131r ve enerji t\u00fcketimini azalt\u0131r.<\/p>\n<p><strong>3. Dayan\u0131kl\u0131l\u0131k ve G\u00fcvenilirlik:<\/strong> Ayarlanabilir \u00e7atal tipi silindirler, a\u011f\u0131r y\u00fcklere ve zorlu \u00e7al\u0131\u015fma ortamlar\u0131na dayanacak \u015fekilde tasarlanm\u0131\u015ft\u0131r. Dayan\u0131kl\u0131l\u0131klar\u0131n\u0131 ve uzun \u00f6m\u00fcrlerini garanti eden sertle\u015ftirilmi\u015f \u00e7elik gibi y\u00fcksek kaliteli malzemelerden \u00fcretilmi\u015flerdir. Bu silindirler, a\u015f\u0131r\u0131 bas\u0131n\u00e7lara, s\u0131cakl\u0131k de\u011fi\u015fimlerine ve zorlu kullan\u0131m ko\u015fullar\u0131na dayanabilir ve bu da onlar\u0131 a\u011f\u0131r hizmet uygulamalar\u0131 i\u00e7in g\u00fcvenilir bile\u015fenler haline getirir.<\/p>\n<p><strong>4. Kolay Kurulum:<\/strong> Ayarlanabilir \u00e7atal tipi silindirlerin bir di\u011fer avantaj\u0131 da kolay montajlar\u0131d\u0131r. Bu silindirler, \u00e7atal\u0131n g\u00fcvenli bir ba\u011flant\u0131 noktas\u0131 sa\u011flamas\u0131 sayesinde kolay montaj i\u00e7in tasarlanm\u0131\u015ft\u0131r. Kolay montaj, ar\u0131za s\u00fcresini azalt\u0131r ve gerekti\u011finde h\u0131zl\u0131 ve sorunsuz bir \u015fekilde de\u011fi\u015ftirme veya bak\u0131m yap\u0131lmas\u0131na olanak tan\u0131r.<\/p>\n<p><strong>5. Maliyet Etkinli\u011fi:<\/strong> Ayarlanabilir \u00e7atal tipi silindirler, di\u011fer hidrolik silindir se\u00e7eneklerine k\u0131yasla uygun maliyetli bir \u00e7\u00f6z\u00fcm sunar. Ayarlanabilirlikleri, belirli uygulamalar i\u00e7in \u00f6zel yap\u0131m silindirlere olan ihtiyac\u0131 ortadan kald\u0131rarak genel maliyetleri d\u00fc\u015f\u00fcr\u00fcr. Ayr\u0131ca, dayan\u0131kl\u0131l\u0131klar\u0131 ve g\u00fcvenilirlikleri, s\u0131k s\u0131k de\u011fi\u015ftirme veya onar\u0131m ihtiyac\u0131n\u0131 en aza indirerek bak\u0131m giderlerini daha da d\u00fc\u015f\u00fcr\u00fcr.<\/p>\n<p>Genel olarak, ayarlanabilir \u00e7atal tipi silindirler esneklik, verimlilik, dayan\u0131kl\u0131l\u0131k, montaj kolayl\u0131\u011f\u0131 ve maliyet etkinli\u011fi a\u00e7\u0131s\u0131ndan \u00f6nemli avantajlar sa\u011flar. Ayarlanabilir olmalar\u0131 ve ola\u011fan\u00fcst\u00fc performanslar\u0131, onlar\u0131 trakt\u00f6rler ve di\u011fer a\u011f\u0131r makine uygulamalar\u0131 i\u00e7in ideal bir se\u00e7im haline getirir. \u0130ster farkl\u0131 \u00e7al\u0131\u015fma ko\u015fullar\u0131na uyum sa\u011flamak ister hassas kontrol sa\u011flamak olsun, bu silindirler g\u00fcvenilir ve uygun maliyetli hidrolik g\u00fc\u00e7 sa\u011flar.<\/p>\n<p><img decoding=\"async\" src=\"https:\/\/fmp-components.com\/wp-content\/uploads\/2024\/12\/Adjustable-Clevis-Type-Cylinders5.webp\" alt=\"Ayarlanabilir \u00c7atal Tipi Silindir\" width=\"800\" title=\"\"><\/p>\n<h2>Ayarlanabilir \u00c7atal Tip Silindirlerin Uygulamas\u0131<\/h2>\n<p>Uygun maliyetli hidrolik piston silindiri ve trakt\u00f6rler i\u00e7in ayarlanabilir hidrolik silindir gibi ayarlanabilir \u00e7atal tipi silindirler, farkl\u0131 end\u00fcstrilerde \u00e7e\u015fitli uygulamalara sahiptir. Bu silindirler, \u00e7ok \u00e7e\u015fitli mekanik sistemler i\u00e7in \u00e7ok y\u00f6nl\u00fc ve g\u00fcvenilir \u00e7\u00f6z\u00fcmler sunar. Bu makalede, ayarlanabilir \u00e7atal tipi silindirlerin uygulamalar\u0131n\u0131 ve faydalar\u0131n\u0131 ayr\u0131nt\u0131l\u0131 olarak inceleyece\u011fiz.<\/p>\n<h3>1. End\u00fcstriyel Otomasyon<\/h3>\n<p>Ayarlanabilir \u00e7atal tipi silindirlerin ba\u015fl\u0131ca uygulamalar\u0131ndan biri end\u00fcstriyel otomasyondur. Bu silindirler, otomatik makine ve ekipmanlar\u0131n sorunsuz \u00e7al\u0131\u015fmas\u0131nda \u00f6nemli bir rol oynar. Ayarlanabilir \u00e7atal tipi tasar\u0131mlar\u0131 sayesinde \u00e7e\u015fitli otomasyon sistemlerine kolayca entegre edilebilir ve hassas ve kontroll\u00fc do\u011frusal hareket sa\u011flarlar. Uygun maliyetli hidrolik piston silindiri ve trakt\u00f6rler i\u00e7in ayarlanabilir hidrolik silindir, \u00f6zellikle y\u00fcksek kuvvet ve dayan\u0131kl\u0131l\u0131k gerektiren a\u011f\u0131r hizmet uygulamalar\u0131 i\u00e7in uygundur.<\/p>\n<h3>2. Malzeme Ta\u015f\u0131ma<\/h3>\n<p>Ayarlanabilir \u00e7atal tipi silindirler, malzeme ta\u015f\u0131ma sistemlerinde yayg\u0131n olarak kullan\u0131lmaktad\u0131r. Bu silindirler, a\u011f\u0131r y\u00fckleri kolayl\u0131kla kald\u0131r\u0131p ta\u015f\u0131yabilir. Ayarlanabilir \u00f6zellik, y\u00fck\u00fcn hassas bir \u015fekilde konumland\u0131r\u0131lmas\u0131n\u0131 sa\u011flayarak verimli ve g\u00fcvenli malzeme ta\u015f\u0131ma operasyonlar\u0131 sa\u011flar. Uygun maliyetli hidrolik piston silindiri ve trakt\u00f6rler i\u00e7in ayarlanabilir hidrolik silindir, forkliftlerde, vin\u00e7lerde ve di\u011fer malzeme ta\u015f\u0131ma ekipmanlar\u0131nda yayg\u0131n olarak kullan\u0131l\u0131r.<\/p>\n<h3>3. Tar\u0131m Makinalar\u0131<\/h3>\n<p>Tar\u0131m makineleri, \u00e7e\u015fitli uygulamalar i\u00e7in ayarlanabilir \u00e7atal tipi silindirlere b\u00fcy\u00fck \u00f6l\u00e7\u00fcde g\u00fcvenir. S\u00fcrme ve toprak i\u015fleme, hasat ve y\u00fckleme gibi i\u015flemlerden olu\u015fan bu silindirler, verimli tar\u0131msal operasyonlar i\u00e7in gerekli g\u00fc\u00e7 ve kontrol\u00fc sa\u011flar. \u00d6zellikle trakt\u00f6rler i\u00e7in ayarlanabilir hidrolik silindir, optimum performans sunarken zorlu tar\u0131msal ortam ko\u015fullar\u0131na dayanacak \u015fekilde tasarlanm\u0131\u015ft\u0131r. \u00c7ift\u00e7iler ve tar\u0131m profesyonelleri, bu silindirlerin sundu\u011fu uygun maliyetli \u00e7\u00f6z\u00fcmden faydalanabilirler.<\/p>\n<h3>4. \u0130n\u015faat Ekipmanlar\u0131<\/h3>\n<p>Ayarlanabilir \u00e7atal tipi silindirler, in\u015faat ekipmanlar\u0131nda yayg\u0131n olarak kullan\u0131lmaktad\u0131r. Ekskavat\u00f6rlerden y\u00fckleyicilere, vin\u00e7lerden buldozerlere kadar, bu silindirler a\u011f\u0131r makinelerin hassas hareketi ve konumland\u0131r\u0131lmas\u0131 i\u00e7in olmazsa olmazd\u0131r. Bu silindirlerin ayarlanabilirli\u011fi, \u00e7e\u015fitli in\u015faat uygulamalar\u0131nda esneklik sa\u011flayarak hassas ve verimli \u00e7al\u0131\u015fma sa\u011flar. Uygun maliyetli hidrolik piston silindiri ve trakt\u00f6rler i\u00e7in ayarlanabilir hidrolik silindir, in\u015faat \u015firketlerine performans ve dayan\u0131kl\u0131l\u0131ktan \u00f6d\u00fcn vermeden uygun maliyetli \u00e7\u00f6z\u00fcmler sunar.<\/p>\n<h3>5. \u00dcretim S\u00fcre\u00e7leri<\/h3>\n<p>\u00dcretim s\u00fcre\u00e7lerinde, ayarlanabilir \u00e7atal tipi silindirler \u00e7ok \u00e7e\u015fitli g\u00f6revlerde kullan\u0131l\u0131r. Bu silindirler, montaj hatlar\u0131nda, pres makinelerinde ve di\u011fer \u00fcretim ekipmanlar\u0131nda kontroll\u00fc do\u011frusal hareket sa\u011flamak i\u00e7in kullan\u0131l\u0131r. Bu silindirlerin ayarlanabilir \u00f6zelli\u011fi, farkl\u0131 \u00fcretim gereksinimlerine g\u00f6re \u00f6zelle\u015ftirme ve uyarlama olana\u011f\u0131 sa\u011flar. Uygun maliyetli hidrolik piston silindiri ve trakt\u00f6rler i\u00e7in ayarlanabilir hidrolik silindir, \u00e7e\u015fitli \u00fcretim ortamlar\u0131nda g\u00fcvenilir ve verimli performans sunar.<\/p>\n<p>Sonu\u00e7 olarak, uygun maliyetli hidrolik piston silindiri ve trakt\u00f6rler i\u00e7in ayarlanabilir hidrolik silindir de dahil olmak \u00fczere ayarlanabilir \u00e7atal tipi silindirler, \u00e7e\u015fitli end\u00fcstrilerde geni\u015f bir uygulama yelpazesine sahiptir. \u00c7ok y\u00f6nl\u00fcl\u00fckleri, ayarlanabilirlikleri ve dayan\u0131kl\u0131l\u0131klar\u0131, onlar\u0131 end\u00fcstriyel otomasyon, malzeme ta\u015f\u0131ma, tar\u0131m makineleri, in\u015faat ekipmanlar\u0131 ve \u00fcretim s\u00fcre\u00e7lerinde vazge\u00e7ilmez k\u0131lmaktad\u0131r. Bu silindirler, performanstan \u00f6d\u00fcn vermeden uygun maliyetli \u00e7\u00f6z\u00fcmler sunarak bir\u00e7ok i\u015fletme i\u00e7in tercih edilen bir se\u00e7enek haline getirmektedir.<\/p>\n<p><img decoding=\"async\" src=\"https:\/\/fmp-components.com\/wp-content\/uploads\/2024\/12\/Application-of-Adjustable-Clevis-Type-Cylinders.webp\" alt=\"Ayarlanabilir \u00c7atal Tipi Silindir\" width=\"800\" title=\"\"><\/p>\n<h3>FMP \u2013 Hidrolik Silindir Hakk\u0131nda<\/h3>\n<p>FMP, in\u015faat makinesi par\u00e7alar\u0131 ve komple makine \u00fcretimi ve sat\u0131\u015f\u0131 konusunda uzmanla\u015fm\u0131\u015f lider bir \u015firkettir. Uzun y\u0131llara dayanan sekt\u00f6r deneyimimiz ve profesyonel ekibimizle m\u00fc\u015fterilerimize y\u00fcksek kaliteli ve g\u00fcvenilir in\u015faat makinesi \u00e7\u00f6z\u00fcmleri sunuyoruz. FMP olarak, Hidrolik Silindirler, tar\u0131m makinesi red\u00fckt\u00f6rleri, planet di\u015fli kutular\u0131, end\u00fcstriyel red\u00fckt\u00f6rler, tar\u0131m makinesi par\u00e7alar\u0131 ve bunlara uygun bir dizi \u00fcst d\u00fczey aksesuar dahil olmak \u00fczere geni\u015f bir \u00fcr\u00fcn yelpazesi sunuyoruz.<\/p>\n<p>Sundu\u011fumuz Hidrolik Silindir \u00fcr\u00fcnlerini neden tercih etmeniz gerekti\u011fine dair baz\u0131 nedenler \u015funlard\u0131r:<\/p>\n<p>1. Y\u00fcksek Kalite: Yaln\u0131zca s\u0131k\u0131 kalite standartlar\u0131n\u0131 kar\u015f\u0131layan par\u00e7alar tedarik etti\u011fimizden emin olmak i\u00e7in hem yerel hem de uluslararas\u0131 alanda y\u00fcksek kaliteli tedarik\u00e7ilerle \u00e7al\u0131\u015f\u0131yoruz. Hidrolik Silindirlerimiz dayan\u0131kl\u0131, g\u00fcvenilirdir ve en zorlu ko\u015fullarda optimum performans sa\u011flayacak \u015fekilde tasarlanm\u0131\u015ft\u0131r.<\/p>\n<p>2. Profesyonel Sat\u0131\u015f Ekibi: Sat\u0131\u015f ekibimiz, in\u015faat makineleri sekt\u00f6r\u00fcnde derinlemesine bilgi sahibi, deneyimli ve yetenekli profesyonellerden olu\u015fmaktad\u0131r. M\u00fc\u015fterilerimize her zaman profesyonel \u00fcr\u00fcn dan\u0131\u015fmanl\u0131\u011f\u0131 ve ak\u0131ll\u0131 sat\u0131n alma \u00f6nerileri sunmaya haz\u0131r\u0131z.<\/p>\n<p>3. Verimli Lojistik Da\u011f\u0131t\u0131m: M\u00fc\u015fterilerimizin ihtiya\u00e7 duyduklar\u0131 par\u00e7alar\u0131 zaman\u0131nda ve do\u011fru bir \u015fekilde almas\u0131n\u0131 sa\u011flayan verimli bir lojistik da\u011f\u0131t\u0131m sistemimiz var. Sipari\u015finizi verdi\u011finizde, sipari\u015finizin size m\u00fcmk\u00fcn olan en k\u0131sa s\u00fcrede teslim edilmesini sa\u011flayaca\u011f\u0131z.<\/p>\n<p>4. \u00d6zelle\u015ftirilebilir: Hidrolik Silindirlerimiz son derece \u00f6zelle\u015ftirilebilirdir ve m\u00fc\u015fterilerimizin \u00f6zel ihtiya\u00e7 ve gereksinimlerini kar\u015f\u0131layacak \u015fekilde \u00f6zelle\u015ftirebiliriz. Ayarlanabilir \u00e7atal tipi silindirler, ba\u011flant\u0131 \u00e7ubu\u011fu silindirleri, kaynakl\u0131 silindirler ve daha fazlas\u0131 gibi \u00e7e\u015fitli se\u00e7enekler sunuyoruz.<\/p>\n<p>5. Rekabet\u00e7i Fiyatland\u0131rma: FMP olarak \u00fcr\u00fcnlerimizi rekabet\u00e7i fiyatlarla sunuyoruz. Y\u00fcksek kaliteli \u00fcr\u00fcnlerin fahi\u015f fiyatlara sat\u0131lmamas\u0131 gerekti\u011fine inan\u0131yoruz. Amac\u0131m\u0131z, m\u00fc\u015fterilerimize paralar\u0131n\u0131n kar\u015f\u0131l\u0131\u011f\u0131nda en iyi de\u011feri sunmakt\u0131r.<\/p>\n<p>Sonu\u00e7 olarak, g\u00fcvenilir ve y\u00fcksek kaliteli Hidrolik Silindirler ar\u0131yorsan\u0131z, FMP en iyi se\u00e7iminizdir. \u00dcr\u00fcnlerimiz dayan\u0131kl\u0131, g\u00fcvenilir ve en zorlu ko\u015fullarda bile optimum performans sa\u011flayacak \u015fekilde tasarlanm\u0131\u015ft\u0131r. \u00dcr\u00fcn ve hizmetlerimiz hakk\u0131nda daha fazla bilgi edinmek i\u00e7in bug\u00fcn bizimle ileti\u015fime ge\u00e7in.<\/p>\n<p><img decoding=\"async\" src=\"https:\/\/fmp-components.com\/wp-content\/uploads\/2024\/12\/Adjustable-Clevis-Type-Cylinders-6.webp\" alt=\"Ayarlanabilir \u00c7atal Tipi Silindir\" width=\"839\" title=\"\"><\/p>\n<h3>S\u0131k\u00e7a Sorulan Sorular<\/h3>\n<p><strong>S: Hidrolik piston silindirinin maksimum itme kuvveti nedir?<\/strong><br \/>\nA: Hidrolik piston silindiri maksimum 3000 itme g\u00fcc\u00fc sa\u011flar.<\/p>\n<p><strong>S: Hidrolik piston silindiri hangi sekt\u00f6rlere uygundur?<\/strong><br \/>\nA: Hidrolik piston silindiri, makine tamir at\u00f6lyeleri, \u00e7iftlikler, enerji ve madencilik, makine imalat\u0131 ve makine fabrikalar\u0131 dahil olmak \u00fczere \u00e7e\u015fitli end\u00fcstriler i\u00e7in uygundur.<\/p>\n<p><strong>S: Hidrolik piston silindirinin garantisi nedir?<\/strong><br \/>\nA: Hidrolik piston silindirimiz 1 y\u0131ll\u0131k garantiyle birlikte gelir, kalitesini ve dayan\u0131kl\u0131l\u0131\u011f\u0131n\u0131 garanti alt\u0131na al\u0131r.<\/p>\n<p><img decoding=\"async\" src=\"https:\/\/img.jiansujichilun.com\/img\/hydrauliccylinders\/T_hydrauliccylinders-5.webp\" alt=\"hidrolik silindir\" width=\"800\" title=\"\"><\/p>\n<p>Yazar\uff1a CX<\/p>","protected":false},"excerpt":{"rendered":"<p>Introducing the Cost Effective Hydraulic Piston Cylinder Adjustable Hydraulic Cylinder For Tractor The Cost Effective Hydraulic Piston Cylinder Adjustable Hydraulic Cylinder For Tractor is a top-of-the-line product that delivers optimum performance and durability. This powerful hydraulic cylinder is designed to work seamlessly with tractors and other heavy-duty equipment, providing reliable and efficient operation even in [&hellip;]<\/p>","protected":false},"featured_media":1336,"comment_status":"closed","ping_status":"closed","template":"","meta":{"_et_pb_use_builder":"","_et_pb_old_content":"","_et_gb_content_width":""},"product_brand":[],"product_cat":[39],"product_tag":[41,34],"class_list":{"0":"post-1377","1":"product","2":"type-product","3":"status-publish","4":"has-post-thumbnail","6":"product_cat-adjustable-clevis-type-cylinders","7":"product_tag-adjustable-clevis-type-cylinders","8":"product_tag-hydraulic-cylinder","10":"first","11":"instock","12":"product-type-simple"},"_links":{"self":[{"href":"https:\/\/fmp-components.com\/tr\/wp-json\/wp\/v2\/product\/1377","targetHints":{"allow":["GET"]}}],"collection":[{"href":"https:\/\/fmp-components.com\/tr\/wp-json\/wp\/v2\/product"}],"about":[{"href":"https:\/\/fmp-components.com\/tr\/wp-json\/wp\/v2\/types\/product"}],"replies":[{"embeddable":true,"href":"https:\/\/fmp-components.com\/tr\/wp-json\/wp\/v2\/comments?post=1377"}],"wp:featuredmedia":[{"embeddable":true,"href":"https:\/\/fmp-components.com\/tr\/wp-json\/wp\/v2\/media\/1336"}],"wp:attachment":[{"href":"https:\/\/fmp-components.com\/tr\/wp-json\/wp\/v2\/media?parent=1377"}],"wp:term":[{"taxonomy":"product_brand","embeddable":true,"href":"https:\/\/fmp-components.com\/tr\/wp-json\/wp\/v2\/product_brand?post=1377"},{"taxonomy":"product_cat","embeddable":true,"href":"https:\/\/fmp-components.com\/tr\/wp-json\/wp\/v2\/product_cat?post=1377"},{"taxonomy":"product_tag","embeddable":true,"href":"https:\/\/fmp-components.com\/tr\/wp-json\/wp\/v2\/product_tag?post=1377"}],"curies":[{"name":"wp","href":"https:\/\/api.w.org\/{rel}","templated":true}]}}