{"id":1375,"date":"2024-12-23T02:18:57","date_gmt":"2024-12-23T02:18:57","guid":{"rendered":"https:\/\/fmp-components.com\/product\/customized-adjustable-stainless-steel-hydraulic-cylinder-for-tractor\/"},"modified":"2024-12-23T03:25:05","modified_gmt":"2024-12-23T03:25:05","slug":"customized-adjustable-stainless-steel-hydraulic-cylinder-for-tractor","status":"publish","type":"product","link":"https:\/\/fmp-components.com\/tr\/product\/customized-adjustable-stainless-steel-hydraulic-cylinder-for-tractor\/","title":{"rendered":"Trakt\u00f6r \u0130\u00e7in \u00d6zelle\u015ftirilmi\u015f Ayarlanabilir Paslanmaz \u00c7elik Hidrolik Silindir"},"content":{"rendered":"<h2>Trakt\u00f6r \u0130\u00e7in \u00d6zelle\u015ftirilmi\u015f Ayarlanabilir Paslanmaz \u00c7elik Hidrolik Silindirin Tan\u0131t\u0131m\u0131<\/h2>\n<p>Trakt\u00f6rler i\u00e7in \u00d6zelle\u015ftirilmi\u015f Ayarlanabilir Paslanmaz \u00c7elik Hidrolik Silindir, trakt\u00f6r operat\u00f6rlerinin \u00f6zel ihtiya\u00e7lar\u0131n\u0131 kar\u015f\u0131lamak \u00fczere tasarlanm\u0131\u015f, \u00fcst d\u00fczey bir \u00fcr\u00fcnd\u00fcr. Bu hidrolik silindir, benzersiz performans ve verimlilik sa\u011flayacak \u015fekilde tasarlanm\u0131\u015ft\u0131r ve bu da onu her trakt\u00f6r\u00fcn vazge\u00e7ilmez bir bile\u015feni haline getirir.<\/p>\n<p>Bu \u00fcr\u00fcn\u00fcn temel \u00f6zelliklerinden biri ayarlanabilirli\u011fidir. Silindir strok uzunlu\u011fu ve bas\u0131n\u00e7 aral\u0131\u011f\u0131n\u0131 \u00f6zelle\u015ftirme olana\u011f\u0131 sayesinde, bu hidrolik silindir her t\u00fcrl\u00fc trakt\u00f6r operasyonunun \u00f6zel gereksinimlerini kar\u015f\u0131layacak \u015fekilde uyarlanabilir. Bu esneklik, onu \u00e7ok \u00e7e\u015fitli uygulamalardaki \u00e7ift\u00e7iler ve trakt\u00f6r operat\u00f6rleri i\u00e7in \u00e7ok y\u00f6nl\u00fc ve pratik bir \u00e7\u00f6z\u00fcm haline getirir.<\/p>\n<p>Silindir, ola\u011fan\u00fcst\u00fc dayan\u0131kl\u0131l\u0131k ve korozyon ve a\u015f\u0131nma direnci sa\u011flayan y\u00fcksek kaliteli paslanmaz \u00e7elikten \u00fcretilmi\u015ftir. Bu, silindirin etkinli\u011fini veya performans\u0131n\u0131 kaybetmeden zorlu tar\u0131m ko\u015fullar\u0131na dayanabilece\u011fi anlam\u0131na gelir.<\/p>\n<p>Ayr\u0131ca, Trakt\u00f6r \u0130\u00e7in \u00d6zelle\u015ftirilmi\u015f Ayarlanabilir Paslanmaz \u00c7elik Hidrolik Silindir, hassas ve tutarl\u0131 performans sa\u011flayan geli\u015fmi\u015f hidrolik teknolojisini b\u00fcnyesinde bar\u0131nd\u0131r\u0131r. Bu, hidrolik silindirin sorunsuz ve verimli bir \u015fekilde \u00e7al\u0131\u015fmas\u0131n\u0131 sa\u011flayarak trakt\u00f6r\u00fcn di\u011fer bile\u015fenlerindeki a\u015f\u0131nma ve y\u0131pranmay\u0131 azalt\u0131r ve genel verimlili\u011fi art\u0131r\u0131r.<\/p>\n<p><img loading=\"lazy\" decoding=\"async\" class=\"alignnone size-full wp-image-1334\" src=\"https:\/\/fmp-components.com\/wp-content\/uploads\/2024\/12\/Adjustable-Clevis-Type-Cylinders-4.webp\" alt=\"Ayarlanabilir-\u00c7ember-Tipi-Silindirler\" width=\"800\" height=\"800\" title=\"\" srcset=\"https:\/\/fmp-components.com\/wp-content\/uploads\/2024\/12\/Adjustable-Clevis-Type-Cylinders-4.webp 800w, https:\/\/fmp-components.com\/wp-content\/uploads\/2024\/12\/Adjustable-Clevis-Type-Cylinders-4-480x480.webp 480w\" sizes=\"(min-width: 0px) and (max-width: 480px) 480px, (min-width: 481px) 800px, 100vw\" \/><\/p>\n<p>Genel olarak, Trakt\u00f6r \u0130\u00e7in \u00d6zelle\u015ftirilmi\u015f Ayarlanabilir Paslanmaz \u00c7elik Hidrolik Silindir, modern tar\u0131m operasyonlar\u0131n\u0131n gereksinimlerini kar\u015f\u0131lamak \u00fczere tasarlanm\u0131\u015f, y\u00fcksek kaliteli ve g\u00fcvenilir bir \u00fcr\u00fcnd\u00fcr. A\u011f\u0131r y\u00fckleri kald\u0131rman\u0131z, tarla s\u00fcrmeniz veya trakt\u00f6rle ilgili ba\u015fka bir g\u00f6revi yerine getirmeniz gerekip gerekmedi\u011fine bak\u0131lmaks\u0131z\u0131n, bu hidrolik silindir sizin i\u00e7in m\u00fckemmel bir se\u00e7imdir.<\/p>\n<h2>Ayarlanabilir \u00c7atal Tipi Silindirlerin Avantajlar\u0131<\/h2>\n<p>Trakt\u00f6rler i\u00e7in \u00f6zelle\u015ftirilmi\u015f ayarlanabilir paslanmaz \u00e7elik hidrolik silindir gibi ayarlanabilir \u00e7atal tipi silindirler, geleneksel hidrolik silindirlere g\u00f6re bir\u00e7ok avantaj sunar. Bu blog yaz\u0131s\u0131nda bu avantajlar\u0131 ayr\u0131nt\u0131l\u0131 olarak inceleyece\u011fiz.<\/p>\n<h3>1. Geli\u015fmi\u015f Esneklik<\/h3>\n<p>Ayarlanabilir \u00e7atal tipi silindirlerin temel avantajlar\u0131ndan biri, geli\u015fmi\u015f esneklikleridir. \u00c7atal konumunu ayarlama olana\u011f\u0131 sayesinde bu silindirler, \u00e7e\u015fitli uygulamalarda daha fazla \u00e7ok y\u00f6nl\u00fcl\u00fck sunar. \u0130ster trakt\u00f6rler, ister tar\u0131m makineleri veya di\u011fer end\u00fcstriyel ekipmanlar olsun, ayarlanabilir \u00f6zellik, \u00f6zel gereksinimleri kar\u015f\u0131lamak i\u00e7in hassas \u00f6zelle\u015ftirme olana\u011f\u0131 sa\u011flar.<\/p>\n<p>Trakt\u00f6rler i\u00e7in \u00f6zel olarak ayarlanabilir paslanmaz \u00e7elik hidrolik silindir sayesinde operat\u00f6rler, silindirin uzunlu\u011funu ve strokunu farkl\u0131 g\u00f6revlere uyacak \u015fekilde kolayca ayarlayabilirler. Bu esneklik, \u00e7e\u015fitli \u00e7al\u0131\u015fma ortamlar\u0131nda genel verimlili\u011fi ve \u00fcretkenli\u011fi art\u0131r\u0131r.<\/p>\n<h3>2. Optimum Performans<\/h3>\n<p>Ayarlanabilir \u00e7atal tipi silindirler, zorlu ko\u015fullarda optimum performans sa\u011flamak \u00fczere tasarlanm\u0131\u015ft\u0131r. Sa\u011flam yap\u0131lar\u0131 ve paslanmaz \u00e7elik gibi y\u00fcksek kaliteli malzemeleri sayesinde bu silindirler ola\u011fan\u00fcst\u00fc g\u00fc\u00e7 ve dayan\u0131kl\u0131l\u0131k sunar. Bu sayede zorlu ortamlarda veya a\u011f\u0131r y\u00fckler alt\u0131nda bile g\u00fcvenilir \u00e7al\u0131\u015fma sa\u011flar.<\/p>\n<p>Ayr\u0131ca, ayarlanabilir tasar\u0131m, silindirin performans \u00f6zelliklerinin hassas bir \u015fekilde ayarlanmas\u0131na olanak tan\u0131r. Operat\u00f6rler, istenen \u00e7\u0131k\u0131\u015f g\u00fcc\u00fcn\u00fc elde etmek i\u00e7in h\u0131z, kuvvet ve strok uzunlu\u011fu gibi fakt\u00f6rleri ayarlayabilirler. Bu kontrol seviyesi, hidrolik sistemin genel performans\u0131n\u0131 optimize ederek \u00fcretkenlik ve verimlilikte art\u0131\u015f sa\u011flar.<\/p>\n<h3>3. Azalt\u0131lm\u0131\u015f Kesinti S\u00fcresi<\/h3>\n<p>Ayarlanabilir \u00e7atal tipi silindirlerin bir di\u011fer avantaj\u0131 da ar\u0131za s\u00fcrelerinin azalt\u0131lmas\u0131d\u0131r. \u00d6zelle\u015ftirilebilir yap\u0131lar\u0131 sayesinde bu silindirler gerekti\u011finde kolayca ayarlanabilir veya de\u011fi\u015ftirilebilir, b\u00f6ylece bak\u0131m veya onar\u0131m i\u00e7in gereken s\u00fcre en aza indirilir.<\/p>\n<p>Trakt\u00f6rler i\u00e7in \u00f6zel olarak ayarlanabilir paslanmaz \u00e7elik hidrolik silindir, tasar\u0131m\u0131 sayesinde \u00e7atal\u0131n h\u0131zl\u0131 bir \u015fekilde ayarlanmas\u0131na veya de\u011fi\u015ftirilmesine olanak tan\u0131r ve minimum ar\u0131za s\u00fcresi sa\u011flar. Bu \u00f6zellik, tar\u0131m veya in\u015faat gibi zamana duyarl\u0131 operasyonlar\u0131n kritik \u00f6nem ta\u015f\u0131d\u0131\u011f\u0131 sekt\u00f6rlerde \u00f6zellikle faydal\u0131d\u0131r.<\/p>\n<h3>4. Geli\u015fmi\u015f G\u00fcvenlik<\/h3>\n<p>Ayarlanabilir \u00e7atal tipi silindirler, hassas kontrol ve denge sa\u011flayarak g\u00fcvenli\u011fi \u00f6n planda tutar. \u00c7atal konumunun ayarlanabilmesi, do\u011fru hizalamay\u0131 sa\u011flar ve silindir ve di\u011fer bile\u015fenler \u00fczerinde gereksiz zorlanmay\u0131 \u00f6nler. Bu, mekanik ar\u0131za riskini azaltarak operat\u00f6rler ve \u00e7evre i\u00e7in genel g\u00fcvenli\u011fi art\u0131r\u0131r.<\/p>\n<p>Ayr\u0131ca, bu silindirlerin yap\u0131m\u0131nda paslanmaz \u00e7elik kullan\u0131lmas\u0131 m\u00fckemmel korozyon direnci sa\u011flayarak g\u00fcvenliklerini ve uzun \u00f6m\u00fcrlerini daha da art\u0131r\u0131r. Bu korozyon direnci, pas veya di\u011fer \u00e7evresel fakt\u00f6rlerden kaynaklanan s\u0131z\u0131nt\u0131 veya sistem ar\u0131zas\u0131 endi\u015felerini ortadan kald\u0131r\u0131r.<\/p>\n<h3>\u00c7\u00f6z\u00fcm<\/h3>\n<p>\u00d6zetle, trakt\u00f6rler i\u00e7in \u00f6zelle\u015ftirilmi\u015f ayarlanabilir paslanmaz \u00e7elik hidrolik silindir gibi ayarlanabilir \u00e7atal tipi silindirler, esneklik, performans, ar\u0131za s\u00fcresinin azalt\u0131lmas\u0131 ve g\u00fcvenlik a\u00e7\u0131s\u0131ndan say\u0131s\u0131z avantaj sunar. Ayarlanabilir tasar\u0131mlar\u0131, hassas \u00f6zelle\u015ftirmeye, performans ve verimlili\u011fin optimize edilmesine olanak tan\u0131r. Sa\u011flam yap\u0131lar\u0131 ve korozyona dayan\u0131kl\u0131l\u0131klar\u0131yla bu silindirler, \u00e7e\u015fitli end\u00fcstriyel uygulamalarda uzun s\u00fcreli g\u00fcvenilirlik sa\u011flar.<\/p>\n<p><img decoding=\"async\" src=\"https:\/\/fmp-components.com\/wp-content\/uploads\/2024\/12\/Adjustable-Clevis-Type-Cylinders5.webp\" alt=\"Ayarlanabilir \u00c7atal Tipi Silindir\" width=\"800\" title=\"\"><\/p>\n<h2>Ayarlanabilir \u00c7atal Tip Silindirlerin Uygulamas\u0131<\/h2>\n<p>Ayarlanabilir \u00e7atal tipi silindirler, \u00e7e\u015fitli uygulamalara uyacak \u015fekilde ayarlanabilen \u00e7ok y\u00f6nl\u00fc hidrolik silindirlerdir. Bu silindirlerin baz\u0131 kullan\u0131m alanlar\u0131 \u015funlard\u0131r:<\/p>\n<h3>1. Tar\u0131m Makinalar\u0131<\/h3>\n<p>Tar\u0131m makineleri, \u00e7e\u015fitli ekipman ve makinelere g\u00fc\u00e7 sa\u011flamak i\u00e7in dayan\u0131kl\u0131 ve verimli hidrolik silindirlere ihtiya\u00e7 duyar. Trakt\u00f6rler i\u00e7in \u00f6zel olarak ayarlanabilir paslanmaz \u00e7elik hidrolik silindir, tar\u0131m makineleri i\u00e7in \u00f6zel olarak tasarlanm\u0131\u015f bir hidrolik silindirin m\u00fckemmel bir \u00f6rne\u011fidir. Silindir, farkl\u0131 makine ve ekipmanlar\u0131n \u00f6zel ihtiya\u00e7lar\u0131na uyacak \u015fekilde ayarlanabilir ve bu da onu tar\u0131msal uygulamalar i\u00e7in ideal bir se\u00e7im haline getirir.<\/p>\n<h3>2. \u0130n\u015faat Ekipmanlar\u0131<\/h3>\n<p>Buldozer, ekskavat\u00f6r ve vin\u00e7 gibi in\u015faat ekipmanlar\u0131, \u00e7e\u015fitli g\u00f6revleri yerine getirmek i\u00e7in g\u00fc\u00e7l\u00fc ve g\u00fcvenilir hidrolik silindirlere ihtiya\u00e7 duyar. Ayarlanabilir \u00e7atal tipi silindirler, farkl\u0131 hidrolik sistemlere kolayca uyum sa\u011flayabilmeleri nedeniyle bu uygulamalarda s\u0131kl\u0131kla kullan\u0131l\u0131r. Silindirler, a\u011f\u0131r y\u00fcklere ve zorlu \u00e7al\u0131\u015fma ko\u015fullar\u0131na dayanabildi\u011finden, in\u015faat ekipmanlar\u0131 i\u00e7in pop\u00fcler bir se\u00e7imdir.<\/p>\n<h3>3. Otomotiv End\u00fcstrisi<\/h3>\n<p>Ayarlanabilir \u00e7atal tipi silindirler, otomotiv end\u00fcstrisinde direksiyon, fren ve s\u00fcspansiyon sistemleri gibi \u00e7e\u015fitli uygulamalarda yayg\u0131n olarak kullan\u0131lmaktad\u0131r. Silindirler, farkl\u0131 ara\u00e7 modellerine ve \u00f6zelliklerine uyacak \u015fekilde \u00f6zelle\u015ftirilebildi\u011finden, otomotiv uygulamalar\u0131 i\u00e7in ideal bir se\u00e7imdir.<\/p>\n<h3>4. Denizcilik End\u00fcstrisi<\/h3>\n<p>Denizcilik sekt\u00f6r\u00fc, dayan\u0131kl\u0131 ve zorlu deniz ko\u015fullar\u0131na dayan\u0131kl\u0131 hidrolik silindirlere ihtiya\u00e7 duymaktad\u0131r. Ayarlanabilir \u00e7atal tipi silindirler, korozyona dayan\u0131kl\u0131 \u00f6zellikleri ve a\u015f\u0131r\u0131 bas\u0131n\u00e7 ve s\u0131cakl\u0131k de\u011fi\u015fikliklerine dayanma kabiliyetleri nedeniyle denizcilik uygulamalar\u0131nda s\u0131kl\u0131kla kullan\u0131l\u0131r.<\/p>\n<h3>5. Havac\u0131l\u0131k ve Uzay Sanayii<\/h3>\n<p>Havac\u0131l\u0131k ve uzay end\u00fcstrisi, hafif, dayan\u0131kl\u0131 ve zorlu \u00e7al\u0131\u015fma ko\u015fullar\u0131na dayan\u0131kl\u0131 hidrolik silindirlere ihtiya\u00e7 duymaktad\u0131r. Ayarlanabilir \u00e7atal tipi silindirler, \u00f6zel ihtiya\u00e7lara uyacak \u015fekilde \u00f6zelle\u015ftirilebilmeleri ve y\u00fcksek mukavemet-a\u011f\u0131rl\u0131k oranlar\u0131 nedeniyle havac\u0131l\u0131k uygulamalar\u0131nda s\u0131kl\u0131kla kullan\u0131l\u0131r.<\/p>\n<p>Sonu\u00e7 olarak, ayarlanabilir \u00e7atal tipi silindirler, farkl\u0131 end\u00fcstrilerdeki \u00e7e\u015fitli uygulamalara uyacak \u015fekilde \u00f6zelle\u015ftirilebilen \u00e7ok y\u00f6nl\u00fc hidrolik silindirlerdir. Trakt\u00f6rler i\u00e7in \u00f6zelle\u015ftirilmi\u015f ayarlanabilir paslanmaz \u00e7elik hidrolik silindir, tar\u0131m makinelerine uyacak \u015fekilde ayarlanabilen bir hidrolik silindirin m\u00fckemmel bir \u00f6rne\u011fidir. Bu silindirler dayan\u0131kl\u0131, g\u00fcvenilir ve zorlu \u00e7al\u0131\u015fma ko\u015fullar\u0131na dayan\u0131kl\u0131d\u0131r, bu da onlar\u0131 \u00e7e\u015fitli uygulamalar i\u00e7in ideal bir se\u00e7im haline getirir.<img decoding=\"async\" src=\"https:\/\/fmp-components.com\/wp-content\/uploads\/2024\/12\/Application-of-Adjustable-Clevis-Type-Cylinders.webp\" alt=\"Ayarlanabilir \u00c7atal Tipi Silindir\" width=\"800\" title=\"\"><\/p>\n<h3>FMP Hakk\u0131nda<\/h3>\n<p>FMP, Hidrolik Silindir \u00fcretimi ve sat\u0131\u015f\u0131nda uzmanla\u015fm\u0131\u015f lider bir firmad\u0131r. Sekt\u00f6rdeki uzun y\u0131llara dayanan deneyimimiz ve profesyonel ekibimizle, m\u00fc\u015fterilerimize y\u00fcksek kaliteli ve g\u00fcvenilir hidrolik silindirler ve eksiksiz makine \u00e7\u00f6z\u00fcmleri sunmaya kendimizi adad\u0131k.<\/p>\n<p><img decoding=\"async\" src=\"https:\/\/fmp-components.com\/wp-content\/uploads\/2024\/12\/Adjustable-Clevis-Type-Cylinders-6.webp\" alt=\"Ayarlanabilir \u00c7atal Tipi Silindir\" width=\"837\" title=\"\"><\/p>\n<p>\u00dcr\u00fcnlerimizin ve \u015firketimizin be\u015f temel avantaj\u0131 \u015funlard\u0131r:<\/p>\n<ol>\n<li>Geni\u015f Se\u00e7enek Yelpazesi: \u0130n\u015faat makineleri sekt\u00f6r\u00fcndeki \u00e7e\u015fitli uygulamalara uygun kapsaml\u0131 bir hidrolik silindir yelpazesi sunuyoruz. Ayarlanabilir \u00e7atal tipi silindirlerden di\u011fer \u00f6zel tiplere kadar, \u00f6zel ihtiya\u00e7lar\u0131n\u0131z\u0131 kar\u015f\u0131layacak m\u00fckemmel \u00e7\u00f6z\u00fcmlere sahibiz.<\/li>\n<li>\u00dcst\u00fcn Kalite: FMP olarak kaliteye \u00f6ncelik veriyor ve t\u00fcm hidrolik silindirlerimizin s\u0131k\u0131 kalite standartlar\u0131n\u0131 kar\u015f\u0131lamas\u0131n\u0131 sa\u011fl\u0131yoruz. \u00dcr\u00fcnlerimiz birinci s\u0131n\u0131f malzemeler kullan\u0131larak \u00fcretilmekte ve dayan\u0131kl\u0131l\u0131k ve performanslar\u0131n\u0131 garanti alt\u0131na almak i\u00e7in titiz testlerden ge\u00e7mektedir.<\/li>\n<li>Uzman Sat\u0131\u015f Ekibi: Deneyimli sat\u0131\u015f ekibimiz, in\u015faat makineleri sekt\u00f6r\u00fcnde derinlemesine bilgi sahibi olup, en son trendleri takip etmekte ve m\u00fc\u015fteri ihtiya\u00e7lar\u0131n\u0131 anlamaktad\u0131r. Profesyonel \u00fcr\u00fcn dan\u0131\u015fmanl\u0131\u011f\u0131 sunmaya ve bilin\u00e7li kararlar alman\u0131za yard\u0131mc\u0131 olacak ak\u0131ll\u0131 sat\u0131n alma \u00f6nerileri sunmaya haz\u0131rd\u0131rlar.<\/li>\n<li>Verimli Lojistik: Zaman\u0131nda teslimat\u0131n \u00f6neminin fark\u0131nday\u0131z ve bu nedenle verimli bir lojistik da\u011f\u0131t\u0131m sistemi olu\u015fturduk. Bu sistem, m\u00fc\u015fterilerin ihtiya\u00e7 duyduklar\u0131 hidrolik silindirleri h\u0131zl\u0131 ve do\u011fru bir \u015fekilde teslim almas\u0131n\u0131 sa\u011flayarak olas\u0131 gecikmeleri veya aksakl\u0131klar\u0131 en aza indiriyor.<\/li>\n<li>G\u00fc\u00e7l\u00fc Tedarik\u00e7i \u0130li\u015fkileri: Yurt i\u00e7i ve yurt d\u0131\u015f\u0131nda, y\u00fcksek kaliteli tedarik\u00e7ilerle kurdu\u011fumuz uzun vadeli ve istikrarl\u0131 i\u015f birli\u011fi ili\u015fkileri sayesinde, hidrolik silindirlerimiz i\u00e7in en iyi bile\u015fenleri ve malzemeleri tedarik edebiliyoruz. Bu sayede, \u00fcr\u00fcn yelpazemiz genelinde tutarl\u0131 kalite ve performans sa\u011flayabiliyoruz.<\/li>\n<\/ol>\n<p>Hidrolik silindir ihtiya\u00e7lar\u0131n\u0131z i\u00e7in FMP'yi se\u00e7in ve sundu\u011fumuz g\u00fcvenilirlik ve m\u00fckemmelli\u011fi deneyimleyin. \u0130htiya\u00e7lar\u0131n\u0131z\u0131 g\u00f6r\u00fc\u015fmek ve ba\u015far\u0131l\u0131 bir ortakl\u0131k ba\u015flatmak i\u00e7in bug\u00fcn bizimle ileti\u015fime ge\u00e7in.<\/p>\n<h2>SSS<\/h2>\n<p><b>S: \u00d6zelle\u015ftirilmi\u015f Ayarlanabilir Paslanmaz \u00c7elik Hidrolik Silindir i\u00e7in teslimat s\u00fcresi nedir?<\/b><br \/>\nA: Genel teslimat s\u00fcresi 25-35 g\u00fcnd\u00fcr.<\/p>\n<p><b>S: Hidrolik silindirin numuneleri mevcut mu?<\/b><br \/>\nC: Evet, numune sa\u011fl\u0131yoruz ancak bunlar \u00fccretsiz de\u011fil.<\/p>\n<p><b>S: Hidrolik silindirler numunelere veya teknik \u00e7izimlere g\u00f6re \u00f6zelle\u015ftirilebilir mi?<\/b><br \/>\nC: Evet, numunelerinize veya teknik \u00e7izimlerinize g\u00f6re silindir \u00fcretebiliriz. Ayr\u0131ca kal\u0131p ve aparatlar\u0131 da biz \u00fcretebiliriz.<\/p>\n<p><img decoding=\"async\" src=\"https:\/\/img.jiansujichilun.com\/img\/hydrauliccylinders\/C_hydrauliccylinders-5.webp\" alt=\"hidrolik silindir\" width=\"800\" title=\"\"><\/p>\n<p>Yazar\uff1a CX<\/p>","protected":false},"excerpt":{"rendered":"<p>Introducing Customized Adjustable Stainless Steel Hydraulic Cylinder For Tractor Customized Adjustable Stainless Steel Hydraulic Cylinder For Tractor is a top-of-the-line product that is designed to meet the specific needs of tractor operators. This hydraulic cylinder has been engineered to provide unparalleled performance and efficiency, making it an indispensable component of any tractor. One of the [&hellip;]<\/p>","protected":false},"featured_media":1338,"comment_status":"closed","ping_status":"closed","template":"","meta":{"_et_pb_use_builder":"","_et_pb_old_content":"","_et_gb_content_width":""},"product_brand":[],"product_cat":[39],"product_tag":[41,34],"class_list":{"0":"post-1375","1":"product","2":"type-product","3":"status-publish","4":"has-post-thumbnail","6":"product_cat-adjustable-clevis-type-cylinders","7":"product_tag-adjustable-clevis-type-cylinders","8":"product_tag-hydraulic-cylinder","10":"first","11":"instock","12":"product-type-simple"},"_links":{"self":[{"href":"https:\/\/fmp-components.com\/tr\/wp-json\/wp\/v2\/product\/1375","targetHints":{"allow":["GET"]}}],"collection":[{"href":"https:\/\/fmp-components.com\/tr\/wp-json\/wp\/v2\/product"}],"about":[{"href":"https:\/\/fmp-components.com\/tr\/wp-json\/wp\/v2\/types\/product"}],"replies":[{"embeddable":true,"href":"https:\/\/fmp-components.com\/tr\/wp-json\/wp\/v2\/comments?post=1375"}],"wp:featuredmedia":[{"embeddable":true,"href":"https:\/\/fmp-components.com\/tr\/wp-json\/wp\/v2\/media\/1338"}],"wp:attachment":[{"href":"https:\/\/fmp-components.com\/tr\/wp-json\/wp\/v2\/media?parent=1375"}],"wp:term":[{"taxonomy":"product_brand","embeddable":true,"href":"https:\/\/fmp-components.com\/tr\/wp-json\/wp\/v2\/product_brand?post=1375"},{"taxonomy":"product_cat","embeddable":true,"href":"https:\/\/fmp-components.com\/tr\/wp-json\/wp\/v2\/product_cat?post=1375"},{"taxonomy":"product_tag","embeddable":true,"href":"https:\/\/fmp-components.com\/tr\/wp-json\/wp\/v2\/product_tag?post=1375"}],"curies":[{"name":"wp","href":"https:\/\/api.w.org\/{rel}","templated":true}]}}