{"id":1371,"date":"2024-12-23T02:18:57","date_gmt":"2024-12-23T02:18:57","guid":{"rendered":"https:\/\/fmp-components.com\/product\/cheap-small-double-acting-welded-trailer-hydraulic-cylinder\/"},"modified":"2024-12-23T03:24:49","modified_gmt":"2024-12-23T03:24:49","slug":"cheap-small-double-acting-welded-trailer-hydraulic-cylinder","status":"publish","type":"product","link":"https:\/\/fmp-components.com\/tr\/product\/cheap-small-double-acting-welded-trailer-hydraulic-cylinder\/","title":{"rendered":"Ucuz K\u00fc\u00e7\u00fck \u00c7ift Etkili Kaynakl\u0131 R\u00f6mork Hidrolik Silindiri"},"content":{"rendered":"<p>Ucuz K\u00fc\u00e7\u00fck \u00c7ift Etkili Kaynakl\u0131 R\u00f6mork Hidrolik Silindiri, her t\u00fcrl\u00fc end\u00fcstriyel veya tar\u0131msal operasyon i\u00e7in olmazsa olmaz, g\u00fc\u00e7l\u00fc ve g\u00fcvenilir bir makinedir. Bu hidrolik silindir, her uygulamada maksimum verimlilik sa\u011flayan \u00e7ift etkili kuvvet sa\u011flayacak \u015fekilde tasarlanm\u0131\u015ft\u0131r.<\/p>\n<p>Bu hidrolik silindirin temel \u00f6zelliklerinden biri, uzun vadede \u00fcst\u00fcn dayan\u0131kl\u0131l\u0131k ve performans sa\u011flayan kaynakl\u0131 tasar\u0131m\u0131d\u0131r. Bu tasar\u0131m, silindirin yo\u011fun kullan\u0131m ve d\u0131\u015f etkenlere maruz kalma gibi en zorlu ko\u015fullara dayanabilmesini sa\u011flar.<\/p>\n<p>Sa\u011flam tasar\u0131m\u0131n\u0131n yan\u0131 s\u0131ra, Ucuz K\u00fc\u00e7\u00fck \u00c7ift Etkili Kaynakl\u0131 R\u00f6mork Hidrolik Silindiri, inan\u0131lmaz derecede kolay kurulum ve bak\u0131ma sahiptir. Bu, mevcut ekipmanlar\u0131na h\u0131zl\u0131 ve kolay bir \u015fekilde entegre edilebilen, g\u00fcvenilir ve verimli bir hidrolik silindire ihtiya\u00e7 duyan herkes i\u00e7in ideal bir se\u00e7imdir.<\/p>\n<p><img loading=\"lazy\" decoding=\"async\" class=\"alignnone size-full wp-image-1334\" src=\"https:\/\/fmp-components.com\/wp-content\/uploads\/2024\/12\/Adjustable-Clevis-Type-Cylinders-4.webp\" alt=\"Ayarlanabilir-\u00c7ember-Tipi-Silindirler\" width=\"800\" height=\"800\" title=\"\" srcset=\"https:\/\/fmp-components.com\/wp-content\/uploads\/2024\/12\/Adjustable-Clevis-Type-Cylinders-4.webp 800w, https:\/\/fmp-components.com\/wp-content\/uploads\/2024\/12\/Adjustable-Clevis-Type-Cylinders-4-480x480.webp 480w\" sizes=\"(min-width: 0px) and (max-width: 480px) 480px, (min-width: 481px) 800px, 100vw\" \/><\/p>\n<p>Genel olarak, Ucuz K\u00fc\u00e7\u00fck \u00c7ift Etkili Kaynakl\u0131 R\u00f6mork Hidrolik Silindiri, tutarl\u0131 performans ve g\u00fcvenilir \u00e7al\u0131\u015fma sa\u011flayan y\u00fcksek kaliteli bir hidrolik silindire ihtiya\u00e7 duyan herkes i\u00e7in m\u00fckemmel bir se\u00e7imdir. \u0130ster in\u015faatta, ister tar\u0131mda veya hidrolik sistemlere dayanan ba\u015fka bir sekt\u00f6rde \u00e7al\u0131\u015f\u0131yor olun, bu silindir ihtiya\u00e7lar\u0131n\u0131z\u0131 kar\u015f\u0131layacak ve beklentilerinizi a\u015facakt\u0131r.<\/p>\n<h2>Ayarlanabilir \u00c7atal Tipi Silindirlerin Avantajlar\u0131<\/h2>\n<p>Ayarlanabilir \u00e7atal tipi silindirler, \u00e7e\u015fitli uygulamalarda say\u0131s\u0131z avantaj sunan \u00e7ok y\u00f6nl\u00fc bir hidrolik bile\u015fendir. Bu silindirler, farkl\u0131 \u00e7al\u0131\u015fma ko\u015fullar\u0131nda esneklik ve kolayl\u0131k sa\u011flayan benzersiz bir ayarlanabilir \u00e7atal tipi montajla tasarlanm\u0131\u015ft\u0131r. Bu makalede, ayarlanabilir \u00e7atal tipi silindirlerin avantajlar\u0131n\u0131 ayr\u0131nt\u0131l\u0131 olarak inceleyecek ve temel \u00f6zelliklerini ve faydalar\u0131n\u0131 vurgulayaca\u011f\u0131z.<\/p>\n<h3>Geli\u015fmi\u015f Ayarlanabilirlik<\/h3>\n<p>Ayarlanabilir \u00e7atal tipi silindirlerin en \u00f6nemli avantajlar\u0131ndan biri, geli\u015fmi\u015f ayarlanabilirlikleridir. \u00c7atal tipi montaj, silindirin kolay ve hassas bir \u015fekilde konumland\u0131r\u0131lmas\u0131n\u0131 sa\u011flayarak, hassas hizalaman\u0131n kritik \u00f6nem ta\u015f\u0131d\u0131\u011f\u0131 uygulamalar i\u00e7in idealdir. Bu \u00f6zellik, optimum performans sa\u011flar ve hizalama hatas\u0131 veya yanl\u0131\u015f montaj riskini azalt\u0131r.<\/p>\n<p>Ayr\u0131ca, ayarlanabilir \u00e7atal tipi silindirler, farkl\u0131 montaj gereksinimlerini kar\u015f\u0131layacak esneklik sa\u011flayan \u00e7e\u015fitli montaj se\u00e7enekleri sunar. Yatay, dikey veya a\u00e7\u0131l\u0131 olsun, bu silindirler istenen montaj pozisyonuna uyacak \u015fekilde kolayca ayarlanabilir.<\/p>\n<h3>Optimize Edilmi\u015f Performans<\/h3>\n<p>Ayarlanabilir \u00e7atal tipi silindirler, hidrolik sistemlerde optimize edilmi\u015f performans sunmak \u00fczere tasarlanm\u0131\u015ft\u0131r. Silindirler, y\u00fcksek kaliteli malzemeler ve geli\u015fmi\u015f m\u00fchendislik teknikleriyle \u00fcretilerek zorlu uygulamalarda dayan\u0131kl\u0131l\u0131k ve g\u00fcvenilirlik sa\u011flar.<\/p>\n<p>Sa\u011flam yap\u0131lar\u0131 sayesinde bu silindirler, y\u00fcksek bas\u0131n\u00e7lara ve a\u011f\u0131r y\u00fcklere dayanabilir, \u00fcst\u00fcn performans ve uzun hizmet \u00f6mr\u00fc sunar. Ayr\u0131ca, i\u00e7 s\u0131z\u0131nt\u0131y\u0131 en aza indirecek ve hidrolik kuvvetlerin hassas kontrol\u00fcn\u00fc sa\u011flayacak \u015fekilde tasarlanm\u0131\u015f olup, sorunsuz ve verimli bir \u00e7al\u0131\u015fma sa\u011flar.<\/p>\n<h3>Geni\u015f Uygulama Yelpazesi<\/h3>\n<p>Ayarlanabilir \u00e7atal tipi silindirler, \u00e7ok y\u00f6nl\u00fcl\u00fckleri sayesinde \u00e7e\u015fitli end\u00fcstri ve sekt\u00f6rlerde uygulama alan\u0131 bulmaktad\u0131r. Genellikle tar\u0131m makineleri, in\u015faat ekipmanlar\u0131, malzeme ta\u015f\u0131ma sistemleri ve end\u00fcstriyel otomasyonda kullan\u0131l\u0131rlar.<\/p>\n<p>Bu silindirler, konumland\u0131rma sistemleri, kald\u0131rma mekanizmalar\u0131 ve y\u00fck sabitleme gibi hassas kontrol ve ayar gerektiren uygulamalar i\u00e7in \u00f6zellikle uygundur. Uyarlanabilirlikleri ve ayarlanabilirlikleri, onlar\u0131 bir\u00e7ok hidrolik sistem tasar\u0131mc\u0131s\u0131 ve m\u00fchendisi i\u00e7in tercih edilen bir se\u00e7enek haline getirir.<\/p>\n<h3>Maliyet Etkin \u00c7\u00f6z\u00fcm<\/h3>\n<p>Ayarlanabilir \u00e7atal tipi silindirlerin bir di\u011fer avantaj\u0131 da uygun maliyetli olmalar\u0131d\u0131r. Di\u011fer silindir tiplerine k\u0131yasla, bu silindirler performans veya kaliteden \u00f6d\u00fcn vermeden daha uygun fiyatl\u0131 bir \u00e7\u00f6z\u00fcm sunar.<\/p>\n<p>Ayarlanabilir tasar\u0131mlar\u0131, ek montaj braketlerine veya \u00f6zel modifikasyonlara olan ihtiyac\u0131 ortadan kald\u0131rarak kurulum s\u00fcresini ve maliyetlerini azalt\u0131r. Ayr\u0131ca, bu silindirlerin dayan\u0131kl\u0131l\u0131\u011f\u0131 ve g\u00fcvenilirli\u011fi, bak\u0131m ve de\u011fi\u015ftirme masraflar\u0131n\u0131 en aza indirerek uzun vadede uygun maliyetli bir se\u00e7enek haline getirir.<\/p>\n<p>Ayarlanabilir \u00e7atal tipi silindirler, hidrolik sistem uygulamalar\u0131nda say\u0131s\u0131z avantaj sa\u011flar. Geli\u015fmi\u015f ayarlanabilirlikleri, optimize edilmi\u015f performanslar\u0131, geni\u015f uygulama yelpazesi ve uygun maliyetleriyle bu silindirler, \u00e7e\u015fitli end\u00fcstriler i\u00e7in g\u00fcvenilir ve verimli bir \u00e7\u00f6z\u00fcm sunar. Hassas konumland\u0131rma, y\u00fck sabitleme veya \u00e7ok y\u00f6nl\u00fc montaj gibi ama\u00e7lar i\u00e7in ayarlanabilir \u00e7atal tipi silindirler, modern hidrolik sistemlerin gereksinimlerini kar\u015f\u0131lamada m\u00fckemmeldir.<\/p>\n<p><img decoding=\"async\" src=\"https:\/\/fmp-components.com\/wp-content\/uploads\/2024\/12\/Adjustable-Clevis-Type-Cylinders5.webp\" alt=\"Ayarlanabilir \u00c7atal Tipi Silindir\" width=\"800\" title=\"\"><\/p>\n<h2>Ayarlanabilir \u00c7atal Tip Silindirlerin Uygulamas\u0131<\/h2>\n<p>Ayarlanabilir \u00c7atal Tip Silindirler, farkl\u0131 montaj konumlar\u0131na uyacak \u015fekilde ayarlanabilen \u00e7atal u\u00e7lu hidrolik silindirlerdir. Bu silindirler, hassas ve g\u00fcvenilir do\u011frusal hareketin gerekli oldu\u011fu \u00e7e\u015fitli end\u00fcstriyel uygulamalarda yayg\u0131n olarak kullan\u0131lmaktad\u0131r. Ayarlanabilir \u00c7atal Tip Silindirlerin yayg\u0131n uygulamalar\u0131ndan baz\u0131lar\u0131 a\u015fa\u011f\u0131dad\u0131r:<\/p>\n<ol>\n<li><strong>\u0130n\u015faat Ekipmanlar\u0131:<\/strong> Ayarlanabilir \u00c7atal Tipi Silindirler, ekskavat\u00f6rler, buldozerler, y\u00fckleyiciler ve kep\u00e7eler gibi in\u015faat ekipmanlar\u0131nda yayg\u0131n olarak kullan\u0131lmaktad\u0131r. Bu silindirler, a\u011f\u0131r y\u00fckleri kolayca kald\u0131rmak ve ta\u015f\u0131mak i\u00e7in gerekli kuvveti sa\u011flar. Ayarlanabilir \u00e7atal u\u00e7lar\u0131, kolay montaj ve hizalama sa\u011flayarak in\u015faat ekipman\u0131 \u00fcreticileri aras\u0131nda pop\u00fcler bir tercih haline getirir. \u0130n\u015faat ekipmanlar\u0131nda, uygun fiyatl\u0131 K\u00fc\u00e7\u00fck \u00c7ift Etkili Kaynakl\u0131 R\u00f6mork Hidrolik Silindirleri, uygun maliyeti ve g\u00fcvenilirli\u011fi nedeniyle pop\u00fcler bir se\u00e7enektir. Bu silindirler, zorlu \u00e7al\u0131\u015fma ko\u015fullar\u0131na dayanacak ve tutarl\u0131 performans sa\u011flayacak \u015fekilde tasarlanm\u0131\u015ft\u0131r.<\/li>\n<li><strong>Tar\u0131m Makinalar\u0131:<\/strong> Ayarlanabilir \u00c7atal Tipi Silindirlerin bir di\u011fer yayg\u0131n uygulamas\u0131 ise trakt\u00f6r, bi\u00e7erd\u00f6ver ve ila\u00e7lama makinesi gibi tar\u0131m makineleridir. Bu silindirler, pulluk, k\u00fcltivat\u00f6r ve ekim makinesi gibi \u00e7e\u015fitli ekipmanlar\u0131n hareketini kontrol etmek i\u00e7in kullan\u0131l\u0131r. Ayarlanabilir \u00e7atal u\u00e7lar\u0131, bu ekipmanlar\u0131n kolayca tak\u0131lmas\u0131n\u0131 ve ayarlanmas\u0131n\u0131 sa\u011flayarak onlar\u0131 farkl\u0131 tar\u0131m faaliyetlerinde kullan\u0131m i\u00e7in ideal hale getirir. Ucuz K\u00fc\u00e7\u00fck \u00c7ift Etkili Kaynakl\u0131 R\u00f6mork Hidrolik Silindirleri, dayan\u0131kl\u0131l\u0131\u011f\u0131 ve d\u00fc\u015f\u00fck bak\u0131m gereksinimleri nedeniyle tar\u0131m makinelerinde de yayg\u0131n olarak kullan\u0131lmaktad\u0131r. Bu silindirler, tar\u0131m faaliyetlerinde yayg\u0131n olarak bulunan kir, toz ve di\u011fer \u00e7evresel fakt\u00f6rlere maruz kalmaya dayan\u0131kl\u0131d\u0131r.<\/li>\n<li><strong>Malzeme Ta\u015f\u0131ma:<\/strong> Ayarlanabilir \u00c7atal Tipi Silindirler, konvey\u00f6r sistemleri, kald\u0131rma ekipmanlar\u0131 ve depo otomasyonu gibi malzeme ta\u015f\u0131ma uygulamalar\u0131nda da kullan\u0131l\u0131r. Bu silindirler, a\u011f\u0131r y\u00fckleri ta\u015f\u0131mak, konvey\u00f6r y\u00fcksekliklerini ayarlamak ve \u00e7e\u015fitli kald\u0131rma cihazlar\u0131n\u0131n hareketini kontrol etmek i\u00e7in gerekli kuvveti sa\u011flar. Ucuz K\u00fc\u00e7\u00fck \u00c7ift Etkili Kaynakl\u0131 R\u00f6mork Hidrolik Silindiri, kompakt boyutu ve y\u00fcksek performans\u0131 sayesinde malzeme ta\u015f\u0131ma uygulamalar\u0131nda pop\u00fcler bir se\u00e7enektir. Bu silindirler mevcut sistemlere kolayca entegre edilebilir ve sorunsuz ve hassas do\u011frusal hareket sa\u011flar.<\/li>\n<li><strong>End\u00fcstriyel Makineler:<\/strong> Ayarlanabilir \u00c7atal Tipi Silindirler, presler, pres makineleri ve enjeksiyon kal\u0131plama makineleri gibi \u00e7e\u015fitli end\u00fcstriyel makine uygulamalar\u0131nda da kullan\u0131l\u0131r. Bu silindirler, \u00e7e\u015fitli bile\u015fenlerin hareketini kontrol etmek ve hassas ve g\u00fcvenilir \u00e7al\u0131\u015fmay\u0131 sa\u011flamak i\u00e7in gerekli kuvveti sa\u011flar. Ucuz K\u00fc\u00e7\u00fck \u00c7ift Etkili Kaynakl\u0131 R\u00f6mork Hidrolik Silindiri, y\u00fcksek kuvvet kapasitesi ve h\u0131zl\u0131 tepki s\u00fcresi sayesinde end\u00fcstriyel makine uygulamalar\u0131nda tercih edilen bir se\u00e7enektir. Bu silindirler, belirli uygulama gereksinimlerini kar\u015f\u0131layacak \u015fekilde \u00f6zelle\u015ftirilebilir ve y\u00fcksek y\u00fck ve bas\u0131n\u00e7 ko\u015fullar\u0131nda bile tutarl\u0131 performans sa\u011flar.<\/li>\n<\/ol>\n<p>Sonu\u00e7 olarak, Ayarlanabilir \u00c7atal Tipi Silindirler, \u00e7e\u015fitli end\u00fcstrilerde uygulama alan\u0131 bulan \u00e7ok y\u00f6nl\u00fc hidrolik silindirlerdir. Ayarlanabilir \u00e7atal u\u00e7lar\u0131, kompakt boyutlar\u0131 ve y\u00fcksek performanslar\u0131, onlar\u0131 ekipman \u00fcreticileri ve son kullan\u0131c\u0131lar aras\u0131nda pop\u00fcler bir se\u00e7enek haline getirmektedir. Ucuz K\u00fc\u00e7\u00fck \u00c7ift Etkili Kaynakl\u0131 R\u00f6mork Hidrolik Silindirlerinin bulunabilirli\u011fiyle, art\u0131k uygun fiyatl\u0131 bir \u015fekilde g\u00fcvenilir ve hassas do\u011frusal hareket elde etmek m\u00fcmk\u00fcn.<img decoding=\"async\" src=\"https:\/\/fmp-components.com\/wp-content\/uploads\/2024\/12\/Application-of-Adjustable-Clevis-Type-Cylinders.webp\" alt=\"Ayarlanabilir \u00c7atal Tipi Silindir\" width=\"800\" title=\"\"><\/p>\n<h3>FMP Hakk\u0131nda \u2013 Hidrolik Silindirlerin Profesyonel \u00dcreticisi ve Sat\u0131c\u0131s\u0131<\/h3>\n<p>\u0130n\u015faat makineleriniz i\u00e7in g\u00fcvenilir ve y\u00fcksek kaliteli bir hidrolik silindir mi ar\u0131yorsunuz? FMP'den ba\u015fkas\u0131na bakmay\u0131n! Profesyonel bir in\u015faat makinesi par\u00e7alar\u0131 ve komple makine \u00fcreticisi ve sat\u0131c\u0131s\u0131 olarak, \u00e7e\u015fitli uygulamalar\u0131n ihtiya\u00e7lar\u0131n\u0131 kar\u015f\u0131lamak \u00fczere tasarlanm\u0131\u015f geni\u015f bir hidrolik silindir yelpazesi sunuyoruz.<\/p>\n<p>FMP'nin hidrolik silindirlerini tercih etmeniz i\u00e7in baz\u0131 nedenler \u015funlard\u0131r:<\/p>\n<p>1. Y\u00fcksek Kaliteli Malzemeler \u2013 Hidrolik silindirlerimiz, dayan\u0131kl\u0131l\u0131k, g\u00fcvenilirlik ve uzun hizmet \u00f6mr\u00fc sa\u011flamak i\u00e7in en kaliteli malzemelerden \u00fcretilmi\u015ftir. Malzemelerimizi yurt i\u00e7i ve yurt d\u0131\u015f\u0131ndaki y\u00fcksek kaliteli tedarik\u00e7ilerden temin ediyor ve s\u0131k\u0131 kalite kontrol standartlar\u0131na tabi tutuyoruz.<\/p>\n<p>2. \u00d6zelle\u015ftirilebilir Tasar\u0131mlar \u2013 Geni\u015f bir hidrolik silindir tasar\u0131m\u0131 yelpazesi sunuyor ve tasar\u0131mlar\u0131 m\u00fc\u015fteri ihtiya\u00e7 ve \u00f6zelliklerine g\u00f6re \u00f6zelle\u015ftirebiliyoruz. \u0130ster standart bir silindire ister \u00f6zel bir \u00e7\u00f6z\u00fcme ihtiyac\u0131n\u0131z olsun, do\u011fru \u00fcr\u00fcn\u00fc bulman\u0131za yard\u0131mc\u0131 olabiliriz.<\/p>\n<p>3. Geni\u015f Uygulama Yelpazesi \u2013 Hidrolik silindirlerimiz, tar\u0131m makineleri, end\u00fcstriyel ekipmanlar ve daha fazlas\u0131 dahil olmak \u00fczere \u00e7e\u015fitli in\u015faat makineleri i\u00e7in uygundur. Ekim silindirlerinden ekskavat\u00f6r silindirlerine kadar ihtiya\u00e7lar\u0131n\u0131za uygun do\u011fru \u00fcr\u00fcne sahibiz.<\/p>\n<p>4. Profesyonel Dan\u0131\u015fmanl\u0131k \u2013 Deneyimli sat\u0131\u015f ekibimiz, profesyonel \u00fcr\u00fcn dan\u0131\u015fmanl\u0131\u011f\u0131 ve ak\u0131ll\u0131 sat\u0131n alma \u00f6nerileri sunmak i\u00e7in her zaman hizmetinizdedir. M\u00fc\u015fterilerimize en iyi hizmeti sunabilmek i\u00e7in in\u015faat makineleri sekt\u00f6r\u00fcndeki en son trendleri ve m\u00fc\u015fteri ihtiya\u00e7lar\u0131n\u0131 yak\u0131ndan takip ediyoruz.<\/p>\n<p>5. Verimli Lojistik \u2013 M\u00fc\u015fterilerimizin ihtiya\u00e7 duyduklar\u0131 par\u00e7alar\u0131 zaman\u0131nda ve do\u011fru bir \u015fekilde almas\u0131n\u0131 sa\u011flamak i\u00e7in verimli bir lojistik da\u011f\u0131t\u0131m sistemimiz var. Ar\u0131za s\u00fcresini en aza indirmenin ve makinelerinizin sorunsuz \u00e7al\u0131\u015fmas\u0131n\u0131 sa\u011flaman\u0131n \u00f6nemini anl\u0131yoruz.<\/p>\n<p>FMP hidrolik silindirleriyle, in\u015faat makinelerinizin kalitesine ve g\u00fcvenilirli\u011fine g\u00fcvenebilirsiniz. \u00dcr\u00fcnlerimiz hakk\u0131nda daha fazla bilgi edinmek ve ihtiya\u00e7lar\u0131n\u0131za uygun \u00e7\u00f6z\u00fcm\u00fc bulman\u0131za nas\u0131l yard\u0131mc\u0131 olabilece\u011fimizi \u00f6\u011frenmek i\u00e7in bug\u00fcn bizimle ileti\u015fime ge\u00e7in.<\/p>\n<p><img decoding=\"async\" src=\"https:\/\/fmp-components.com\/wp-content\/uploads\/2024\/12\/Adjustable-Clevis-Type-Cylinders-6.webp\" alt=\"Ayarlanabilir \u00c7atal Tipi Silindir\" width=\"833\" title=\"\"><\/p>\n<h4>SSS<\/h4>\n<p><b>Q:<\/b> Bu hidrolik silindirin kald\u0131rabilece\u011fi maksimum \u00e7ekme kuvveti nedir?<br \/>\n<b>A:<\/b> Bu hidrolik silindir maksimum 20 tonluk \u00e7ekme kapasitesine sahiptir.<br \/>\n<b>Q:<\/b> Bu hidrolik silindirin delik \u00e7ap\u0131 aral\u0131\u011f\u0131 nedir?<br \/>\n<b>A:<\/b> Bu hidrolik silindirin delik \u00e7ap\u0131 2-6 in\u00e7 aras\u0131nda de\u011fi\u015fmektedir.<br \/>\n<b>Q:<\/b> Bu hidrolik silindir a\u011f\u0131r sanayi uygulamalar\u0131 i\u00e7in uygun mudur?<br \/>\n<b>A:<\/b> Evet, 3000 itme g\u00fcc\u00fc ve 20 ton maksimum \u00e7ekme kapasitesine sahip bu hidrolik silindir, a\u011f\u0131r hizmet tipi end\u00fcstriyel uygulamalar i\u00e7in idealdir.<\/p>\n<p><img decoding=\"async\" src=\"https:\/\/img.jiansujichilun.com\/img\/hydrauliccylinders\/C_hydrauliccylinders-5.webp\" alt=\"hidrolik silindir\" width=\"800\" title=\"\"><\/p>\n<p>Yazar\uff1a CX<\/p>","protected":false},"excerpt":{"rendered":"<p>The Cheap Small Double Acting Welded Trailer Hydraulic Cylinder is a powerful and reliable piece of machinery that is essential for any industrial or agricultural operation. This hydraulic cylinder is designed to provide double-acting force, ensuring maximum efficiency in every application. One of the key features of this hydraulic cylinder is its welded design, which [&hellip;]<\/p>","protected":false},"featured_media":1336,"comment_status":"closed","ping_status":"closed","template":"","meta":{"_et_pb_use_builder":"","_et_pb_old_content":"","_et_gb_content_width":""},"product_brand":[],"product_cat":[39],"product_tag":[41,34],"class_list":{"0":"post-1371","1":"product","2":"type-product","3":"status-publish","4":"has-post-thumbnail","6":"product_cat-adjustable-clevis-type-cylinders","7":"product_tag-adjustable-clevis-type-cylinders","8":"product_tag-hydraulic-cylinder","10":"first","11":"instock","12":"product-type-simple"},"_links":{"self":[{"href":"https:\/\/fmp-components.com\/tr\/wp-json\/wp\/v2\/product\/1371","targetHints":{"allow":["GET"]}}],"collection":[{"href":"https:\/\/fmp-components.com\/tr\/wp-json\/wp\/v2\/product"}],"about":[{"href":"https:\/\/fmp-components.com\/tr\/wp-json\/wp\/v2\/types\/product"}],"replies":[{"embeddable":true,"href":"https:\/\/fmp-components.com\/tr\/wp-json\/wp\/v2\/comments?post=1371"}],"wp:featuredmedia":[{"embeddable":true,"href":"https:\/\/fmp-components.com\/tr\/wp-json\/wp\/v2\/media\/1336"}],"wp:attachment":[{"href":"https:\/\/fmp-components.com\/tr\/wp-json\/wp\/v2\/media?parent=1371"}],"wp:term":[{"taxonomy":"product_brand","embeddable":true,"href":"https:\/\/fmp-components.com\/tr\/wp-json\/wp\/v2\/product_brand?post=1371"},{"taxonomy":"product_cat","embeddable":true,"href":"https:\/\/fmp-components.com\/tr\/wp-json\/wp\/v2\/product_cat?post=1371"},{"taxonomy":"product_tag","embeddable":true,"href":"https:\/\/fmp-components.com\/tr\/wp-json\/wp\/v2\/product_tag?post=1371"}],"curies":[{"name":"wp","href":"https:\/\/api.w.org\/{rel}","templated":true}]}}