{"id":1370,"date":"2024-12-23T02:18:57","date_gmt":"2024-12-23T02:18:57","guid":{"rendered":"https:\/\/fmp-components.com\/product\/hot-sale-double-acting-tractor-welded-hydraulic-cylinder\/"},"modified":"2024-12-23T03:25:00","modified_gmt":"2024-12-23T03:25:00","slug":"hot-sale-double-acting-tractor-welded-hydraulic-cylinder","status":"publish","type":"product","link":"https:\/\/fmp-components.com\/tr\/product\/hot-sale-double-acting-tractor-welded-hydraulic-cylinder\/","title":{"rendered":"S\u0131cak Sat\u0131\u015f \u00c7ift Etkili Trakt\u00f6r Kaynakl\u0131 Hidrolik Silindir"},"content":{"rendered":"<h2>S\u0131cak Sat\u0131\u015f \u00c7ift Etkili Trakt\u00f6r Kaynakl\u0131 Hidrolik Silindiri Tan\u0131t\u0131yoruz<\/h2>\n<p>Hidrolik silindirler, \u00e7e\u015fitli end\u00fcstrilerde makine ve ekipmanlar\u0131n g\u00fc\u00e7l\u00fc ve hassas hareketler yapmas\u0131n\u0131 sa\u011flayan temel bile\u015fenlerdir. S\u0131cak Sat\u0131\u015f \u00c7ift Etkili Trakt\u00f6r Kaynakl\u0131 Hidrolik Silindir, hem performans hem de dayan\u0131kl\u0131l\u0131k a\u00e7\u0131s\u0131ndan m\u00fckemmel olan ola\u011fan\u00fcst\u00fc bir \u00fcr\u00fcnd\u00fcr.<\/p>\n<p>Geli\u015fmi\u015f m\u00fchendislik ve \u00fcretim teknikleriyle tasarlanan bu hidrolik silindir, benzersiz bir g\u00fc\u00e7 ve g\u00fcvenilirlik sunar. Trakt\u00f6rler i\u00e7in \u00f6zel olarak tasarlanm\u0131\u015f olup, en zorlu tar\u0131m i\u015flerinin bile \u00fcstesinden gelmek i\u00e7in gereken g\u00fcc\u00fc sa\u011flar.<\/p>\n<p>\u00c7ift etkili \u00f6zelli\u011fiyle, S\u0131cak Sat\u0131\u015f \u00c7ift Etkili Trakt\u00f6r Kaynakl\u0131 Hidrolik Silindir, her iki hareket y\u00f6n\u00fcnde de kuvvet \u00fcreterek \u00e7ok y\u00f6nl\u00fc ve verimlidir. A\u011f\u0131r y\u00fckleri kald\u0131rman\u0131z, nesneleri itmeniz veya \u00e7ekmeniz gerekip gerekmedi\u011fine bak\u0131lmaks\u0131z\u0131n, bu hidrolik silindir ihtiyac\u0131n\u0131z\u0131 kar\u015f\u0131lar.<\/p>\n<p>Bu silindirin \u00fcretiminde kullan\u0131lan kaynak tekni\u011fi, m\u00fckemmel yap\u0131sal b\u00fct\u00fcnl\u00fck sa\u011flar ve s\u0131z\u0131nt\u0131lar\u0131 \u00f6nleyerek sahada uzun \u00f6m\u00fcrl\u00fc performans sunar. Sa\u011flam tasar\u0131m\u0131 ve y\u00fcksek kaliteli malzemeleri, a\u015f\u0131nmaya, korozyona ve zorlu ko\u015fullara kar\u015f\u0131 dayan\u0131kl\u0131l\u0131\u011f\u0131 garanti eder.<\/p>\n<p>S\u0131cak Sat\u0131\u015f \u00c7ift Etkili Trakt\u00f6r Kaynakl\u0131 Hidrolik Silindiri sadece sa\u011flaml\u0131k ve dayan\u0131kl\u0131l\u0131kla s\u0131n\u0131rl\u0131 de\u011fildir; ayn\u0131 zamanda hassas kontrol ve sorunsuz \u00e7al\u0131\u015fma da sunar. \u00dcst\u00fcn piston tasar\u0131m\u0131 s\u00fcrt\u00fcnmeyi en aza indirerek tutarl\u0131 ve g\u00fcvenilir bir performans sa\u011flar. Bu silindir, ola\u011fan\u00fcst\u00fc stabilite sa\u011flamak, titre\u015fimleri azaltmak ve optimum verimlilik sa\u011flamak \u00fczere tasarlanm\u0131\u015ft\u0131r.<\/p>\n<p>Ola\u011fan\u00fcst\u00fc m\u00fchendisli\u011finin yan\u0131 s\u0131ra, S\u0131cak Sat\u0131\u015f \u00c7ift Etkili Trakt\u00f6r Kaynakl\u0131 Hidrolik Silindir, \u00fcst\u00fcn m\u00fc\u015fteri deste\u011fi sa\u011flamaya kendini adam\u0131\u015f bir uzman ekibi taraf\u0131ndan desteklenmektedir. Ekibimiz, her t\u00fcrl\u00fc sorunuzu yan\u0131tlamaya ve belirli trakt\u00f6r modelleri ve uygulamalar\u0131 i\u00e7in do\u011fru silindiri se\u00e7menize yard\u0131mc\u0131 olmaya haz\u0131rd\u0131r.<\/p>\n<p><img loading=\"lazy\" decoding=\"async\" class=\"alignnone size-full wp-image-1334\" src=\"https:\/\/fmp-components.com\/wp-content\/uploads\/2024\/12\/Adjustable-Clevis-Type-Cylinders-4.webp\" alt=\"Ayarlanabilir-\u00c7ember-Tipi-Silindirler\" width=\"800\" height=\"800\" title=\"\" srcset=\"https:\/\/fmp-components.com\/wp-content\/uploads\/2024\/12\/Adjustable-Clevis-Type-Cylinders-4.webp 800w, https:\/\/fmp-components.com\/wp-content\/uploads\/2024\/12\/Adjustable-Clevis-Type-Cylinders-4-480x480.webp 480w\" sizes=\"(min-width: 0px) and (max-width: 480px) 480px, (min-width: 481px) 800px, 100vw\" \/><\/p>\n<p>S\u0131cak Sat\u0131\u015f \u00c7ift Etkili Trakt\u00f6r Kaynakl\u0131 Hidrolik Silindirine yat\u0131r\u0131m yapmak, trakt\u00f6r\u00fcn\u00fcz\u00fcn performans\u0131n\u0131 art\u0131racak g\u00fcvenilir ve verimli ekipmanlara yat\u0131r\u0131m yapmak anlam\u0131na gelir. \u0130ster \u00e7ift\u00e7i, ister peyzaj mimar\u0131 veya in\u015faat profesyoneli olun, bu hidrolik silindir ihtiya\u00e7lar\u0131n\u0131z\u0131 kar\u015f\u0131lamak ve beklentilerinizi a\u015fmak i\u00e7in tasarlanm\u0131\u015ft\u0131r.<\/p>\n<table>\n<tbody>\n<tr>\n<th>\u00dcr\u00fcn Ad\u0131<\/th>\n<td>\u00c7ift Etkili Trakt\u00f6r Kaynakl\u0131 Hidrolik Silindir<\/td>\n<\/tr>\n<tr>\n<th>Garanti<\/th>\n<td>1 Y\u0131l<\/td>\n<\/tr>\n<tr>\n<th>Uygulanabilir End\u00fcstriler<\/th>\n<td>Makine Tamir At\u00f6lyeleri, Tar\u0131m, Enerji, Madencilik, Makine \u0130malat\u0131<\/td>\n<\/tr>\n<tr>\n<th>A\u011f\u0131rl\u0131k (KG)<\/th>\n<td>60<\/td>\n<\/tr>\n<tr>\n<th>Video \u00c7\u0131k\u0131\u015f Denetimi<\/th>\n<td>Tedarik edilen<\/td>\n<\/tr>\n<tr>\n<th>Makine Test Raporu<\/th>\n<td>Tedarik edilen<\/td>\n<\/tr>\n<tr>\n<th>Yeni \u00dcr\u00fcn<\/th>\n<td>2023 Giri\u015fi<\/td>\n<\/tr>\n<tr>\n<th>Temel Bile\u015fenlerin Garantisi<\/th>\n<td>1 Y\u0131l<\/td>\n<\/tr>\n<tr>\n<th>\u00c7ekirdek Bile\u015fenler<\/th>\n<td>Rulman, Hidrolik Silindir<\/td>\n<\/tr>\n<tr>\n<th>Yap\u0131<\/th>\n<td>Standart Piston Silindiri<\/td>\n<\/tr>\n<tr>\n<th>G\u00fc\u00e7<\/th>\n<td>Hidrolik<\/td>\n<\/tr>\n<tr>\n<th>G\u00f6vde Malzemesi<\/th>\n<td>Sa\u011flam \u00c7elik<\/td>\n<\/tr>\n<tr>\n<th>Maksimum \u0130tki<\/th>\n<td>3000<\/td>\n<\/tr>\n<tr>\n<th>Tip<\/th>\n<td>Ayarlanabilir \u00c7atal Tipi Silindir<\/td>\n<\/tr>\n<tr>\n<th>Limanlar<\/th>\n<td>G\/SAE\/NPT\/M<\/td>\n<\/tr>\n<tr>\n<th>Maksimum \u00c7ekme<\/th>\n<td>20 ton<\/td>\n<\/tr>\n<tr>\n<th>Sertifikasyon<\/th>\n<td>ISO 9001:2000<\/td>\n<\/tr>\n<tr>\n<th>Delik Boyutu<\/th>\n<td>2 \u2013 6 in\u00e7<\/td>\n<\/tr>\n<tr>\n<th>\u00c7ubuk Boyutu<\/th>\n<td>1,125 \u2013 4 in\u00e7<\/td>\n<\/tr>\n<tr>\n<th>Vuru\u015f Boyutu<\/th>\n<td>4 \u2013 100 in\u00e7<\/td>\n<\/tr>\n<tr>\n<th>Pin Boyutu<\/th>\n<td>0,5 \u2013 2 in\u00e7<\/td>\n<\/tr>\n<tr>\n<th>Renk<\/th>\n<td>Siyah<\/td>\n<\/tr>\n<\/tbody>\n<\/table>\n<p>&nbsp;<\/p>\n<h2>Ayarlanabilir \u00c7atal Tipi Silindirlerin Avantajlar\u0131<\/h2>\n<p>S\u0131cak sat\u0131\u015f \u00e7ift etkili trakt\u00f6r kaynakl\u0131 hidrolik silindir gibi ayarlanabilir \u00e7atal tipi silindirler, \u00e7e\u015fitli uygulamalar i\u00e7in bir dizi avantaj ve avantaj sunar. Bu makalede, bu silindirlerin avantajlar\u0131n\u0131 ayr\u0131nt\u0131l\u0131 olarak inceleyecek, benzersiz \u00f6zelliklerini ve farkl\u0131 end\u00fcstrilerde performans\u0131 nas\u0131l art\u0131rabileceklerini vurgulayaca\u011f\u0131z.<\/p>\n<h3>1. Geli\u015fmi\u015f Esneklik ve Uyum Kabiliyeti<\/h3>\n<p>Ayarlanabilir \u00e7atal tipi silindirlerin temel avantajlar\u0131ndan biri, geli\u015fmi\u015f esneklik ve uyarlanabilirlik sa\u011flama kabiliyetleridir. Bu silindirler, silindirin strok uzunlu\u011funun kolayca ayarlanmas\u0131n\u0131 ve ince ayar\u0131n\u0131 sa\u011flayan ayarlanabilir bir \u00e7atal ile tasarlanm\u0131\u015ft\u0131r. Bu \u00f6zellik, kullan\u0131c\u0131lar\u0131n silindirin \u00e7al\u0131\u015fmas\u0131n\u0131 \u00f6zel ihtiya\u00e7lara g\u00f6re \u00f6zelle\u015ftirmesine olanak tan\u0131yarak optimum performans ve verimlilik sa\u011flar.<\/p>\n<h3>2. Hassas Konumland\u0131rma ve Kontrol<\/h3>\n<p>Ayarlanabilir \u00e7atal tipi silindirler ile hassas konumland\u0131rma ve kontrol sa\u011flan\u0131r. Silindirler, hassas strok kontrol\u00fc sunarak silindirin uzama ve geri \u00e7ekilme hareketlerinin hassas bir \u015fekilde ayarlanmas\u0131n\u0131 sa\u011flar. Bu kontrol seviyesi, robotik, otomasyon sistemleri ve malzeme ta\u015f\u0131ma ekipmanlar\u0131 gibi hassasiyetin \u00f6nemli oldu\u011fu uygulamalarda kritik \u00f6neme sahiptir. Ayarlanabilir \u00e7atal tipi silindirler, y\u00fcklerin veya bile\u015fenlerin hassas bir \u015fekilde konumland\u0131r\u0131lmas\u0131n\u0131 sa\u011flayarak ak\u0131c\u0131 ve hassas hareket sa\u011flar.<\/p>\n<h3>3. Art\u0131r\u0131lm\u0131\u015f G\u00fcvenlik ve G\u00fcvenilirlik<\/h3>\n<p>Ayarlanabilir \u00e7atal tipi silindirler, y\u00fcksek g\u00fcvenlik ve g\u00fcvenilirlikleriyle bilinir. Bu silindirler, a\u011f\u0131r y\u00fcklere ve zorlu \u00e7al\u0131\u015fma ko\u015fullar\u0131na dayanacak \u015fekilde tasarlanm\u0131\u015ft\u0131r ve bu da onlar\u0131 zorlu uygulamalar i\u00e7in uygun hale getirir. Ayarlanabilir \u00e7atal, ek stabilite ve destek sa\u011flayarak silindir ar\u0131zas\u0131 veya beklenmedik hareket riskini en aza indirir. Bu, silindirlerin kullan\u0131ld\u0131\u011f\u0131 ekipman veya makinelerin genel g\u00fcvenli\u011fini art\u0131r\u0131r.<\/p>\n<h3>4. Geli\u015fmi\u015f Verimlilik ve \u00dcretkenlik<\/h3>\n<p>\u0130\u015fletmeler, ayarlanabilir \u00e7atal tipi silindirleri kullanarak operasyonlar\u0131nda verimlilik ve \u00fcretkenlik art\u0131\u015f\u0131 ya\u015fayabilirler. Strok uzunlu\u011funu hassas bir \u015fekilde ayarlayabilme ve silindirin hareketini kontrol edebilme yetene\u011fi, optimize edilmi\u015f performans sa\u011flar. Bu optimizasyon, \u00e7evrim s\u00fcrelerinin k\u0131salmas\u0131n\u0131, \u00fcretim \u00e7\u0131kt\u0131s\u0131n\u0131n artmas\u0131n\u0131 ve genel verimlili\u011fin artmas\u0131n\u0131 sa\u011flar. Ayarlanabilir \u00e7atal tipi silindirler, makine ve ekipmanlar\u0131n t\u00fcm potansiyelleriyle \u00e7al\u0131\u015fmas\u0131n\u0131 sa\u011flayarak \u00e7e\u015fitli sekt\u00f6rlerde \u00fcretkenli\u011fi en \u00fcst d\u00fczeye \u00e7\u0131kar\u0131r.<\/p>\n<h3>5. \u00c7ok Y\u00f6nl\u00fc Uygulamalar<\/h3>\n<p>Ayarlanabilir \u00e7atal tipi silindirler, farkl\u0131 end\u00fcstrilerde \u00e7ok y\u00f6nl\u00fc uygulama alanlar\u0131 bulur. Bu silindirler genellikle tar\u0131m makineleri, in\u015faat ekipmanlar\u0131, end\u00fcstriyel otomasyon sistemleri ve hidrolik presler gibi alanlarda kullan\u0131l\u0131r. Esneklikleri ve uyarlanabilirlikleri, onlar\u0131 \u00e7ok \u00e7e\u015fitli uygulamalar i\u00e7in uygun hale getirerek \u00e7e\u015fitli hidrolik ihtiya\u00e7lara \u00e7\u00f6z\u00fcmler sunar.<\/p>\n<p>S\u0131cak sat\u0131\u015f \u00e7ift etkili trakt\u00f6r kaynakl\u0131 hidrolik silindir gibi ayarlanabilir \u00e7atal tipi silindirler, farkl\u0131 end\u00fcstriler i\u00e7in say\u0131s\u0131z avantaj sunar. Geli\u015fmi\u015f esneklikleri, hassas konumland\u0131rmalar\u0131, art\u0131r\u0131lm\u0131\u015f g\u00fcvenlikleri, iyile\u015ftirilmi\u015f verimlilikleri ve \u00e7ok y\u00f6nl\u00fc uygulamalar\u0131 sayesinde bu silindirler g\u00fcvenilir ve verimli hidrolik \u00e7\u00f6z\u00fcmler sunar. \u0130ster strok uzunlu\u011funun ince ayar\u0131, ister hassas kontrol elde etmek, ister \u00fcretkenli\u011fi art\u0131rmak olsun, ayarlanabilir \u00e7atal tipi silindirler bir\u00e7ok hidrolik sistemde de\u011ferli bir varl\u0131kt\u0131r.<\/p>\n<p><img decoding=\"async\" src=\"https:\/\/fmp-components.com\/wp-content\/uploads\/2024\/12\/Adjustable-Clevis-Type-Cylinders5.webp\" alt=\"Ayarlanabilir \u00c7atal Tipi Silindir\" width=\"800\" title=\"\"><\/p>\n<h2>Ayarlanabilir \u00c7atal Tip Silindirlerin Uygulamas\u0131<\/h2>\n<p>Ayarlanabilir \u00e7atal tipi silindirler, in\u015faat, madencilik ve tar\u0131m gibi \u00e7e\u015fitli end\u00fcstriyel uygulamalarda kullan\u0131lan hidrolik sistemlerin temel bir bile\u015fenidir. Bu silindirler, benzersiz bir g\u00fc\u00e7, dayan\u0131kl\u0131l\u0131k ve ayarlanabilirlik kombinasyonu sunarak onlar\u0131 bir\u00e7ok uygulamada kullan\u0131m i\u00e7in ideal hale getirir. Bu makalede, ayarlanabilir \u00e7atal tipi silindirlerin uygulamalar\u0131n\u0131 ve farkl\u0131 end\u00fcstrilerdeki faydalar\u0131n\u0131 inceleyece\u011fiz.<\/p>\n<h3>1. \u0130n\u015faat<\/h3>\n<p>Ayarlanabilir \u00e7atal tipi silindirler in\u015faat sekt\u00f6r\u00fcnde yayg\u0131n olarak kullan\u0131lmaktad\u0131r. \u00d6rne\u011fin, hassas ve g\u00fc\u00e7l\u00fc hareket gerektiren ekskavat\u00f6rlerde, vin\u00e7lerde ve di\u011fer a\u011f\u0131r in\u015faat ekipmanlar\u0131nda kullan\u0131l\u0131rlar. Bu uygulamalarda silindirler, a\u011f\u0131r y\u00fckleri kald\u0131rmak ve ta\u015f\u0131mak ve malzeme kazmak i\u00e7in kullan\u0131l\u0131r. Ayr\u0131ca, beton ve di\u011fer malzemeleri k\u0131rmak i\u00e7in kullan\u0131lan hidrolik \u00e7eki\u00e7 ve k\u0131r\u0131c\u0131larda da kullan\u0131l\u0131rlar.<\/p>\n<p>S\u0131cak Sat\u0131\u015f \u00c7ift Etkili Trakt\u00f6r Kaynakl\u0131 Hidrolik Silindir, dayan\u0131kl\u0131l\u0131\u011f\u0131 ve g\u00fcvenilirli\u011fi sayesinde in\u015faat uygulamalar\u0131 i\u00e7in pop\u00fcler bir se\u00e7imdir. \u00c7ift etkili tasar\u0131m\u0131yla, a\u011f\u0131r y\u00fckler alt\u0131nda bile tutarl\u0131 g\u00fc\u00e7 ve performans sa\u011flayabilir.<\/p>\n<h3>2. Madencilik<\/h3>\n<p>Madencilik uygulamalar\u0131nda ayarlanabilir \u00e7atal tipi silindirler \u00e7e\u015fitli \u015fekillerde kullan\u0131l\u0131r. \u00d6rne\u011fin, buldozer, y\u00fckleyici ve nakliye kamyonu gibi madencilik ekipmanlar\u0131nda kullan\u0131l\u0131rlar. Ayr\u0131ca sondaj ekipmanlar\u0131nda ve hidrolik kep\u00e7elerde de kullan\u0131l\u0131rlar. Bu silindirler, a\u011f\u0131r y\u00fckleri kald\u0131r\u0131p ta\u015f\u0131man\u0131n yan\u0131 s\u0131ra malzemeleri k\u0131rmak ve kazmak i\u00e7in de kullan\u0131l\u0131r.<\/p>\n<p>S\u0131cak Sat\u0131\u015f \u00c7ift Etkili Trakt\u00f6r Kaynakl\u0131 Hidrolik Silindir, a\u011f\u0131r y\u00fckleri kald\u0131rma ve zorlu ortamlara dayan\u0131kl\u0131l\u0131k kabiliyeti sayesinde \u00f6zellikle madencilik uygulamalar\u0131nda kullan\u0131\u015fl\u0131d\u0131r. Kaynakl\u0131 tasar\u0131m\u0131, en zorlu ko\u015fullarda bile maksimum dayan\u0131kl\u0131l\u0131k ve g\u00fcvenilirlik sa\u011flar.<\/p>\n<h3>3. Tar\u0131m<\/h3>\n<p>Ayarlanabilir \u00e7atal tipi silindirler tar\u0131m end\u00fcstrisinde de yayg\u0131n olarak kullan\u0131lmaktad\u0131r. \u00d6rne\u011fin, g\u00fc\u00e7l\u00fc ve hassas hareket gerektiren trakt\u00f6rler ve di\u011fer tar\u0131m ekipmanlar\u0131nda kullan\u0131l\u0131rlar. Bu uygulamalarda silindirler, a\u011f\u0131r y\u00fckleri kald\u0131r\u0131p ta\u015f\u0131man\u0131n yan\u0131 s\u0131ra pulluk, k\u00fcltivat\u00f6r ve bi\u00e7erd\u00f6ver gibi ekipmanlar\u0131 \u00e7al\u0131\u015ft\u0131rmak i\u00e7in de kullan\u0131l\u0131r.<\/p>\n<p>S\u0131cak Sat\u0131\u015f \u00c7ift Etkili Trakt\u00f6r Kaynakl\u0131 Hidrolik Silindir, tutarl\u0131 g\u00fc\u00e7 ve performans sa\u011flama kabiliyeti sayesinde tar\u0131m uygulamalar\u0131 i\u00e7in m\u00fckemmel bir se\u00e7imdir. Ayarlanabilir tasar\u0131m\u0131 sayesinde, farkl\u0131 tar\u0131m uygulamalar\u0131n\u0131n \u00f6zel ihtiya\u00e7lar\u0131n\u0131 kar\u015f\u0131layacak \u015fekilde \u00f6zelle\u015ftirilebilir.<\/p>\n<p>Ayarlanabilir \u00e7atal tipi silindirler, in\u015faat, madencilik ve tar\u0131mda kullan\u0131lan hidrolik sistemlerin \u00e7ok y\u00f6nl\u00fc ve temel bir bile\u015fenidir. Dayan\u0131kl\u0131l\u0131klar\u0131, g\u00fc\u00e7leri ve ayarlanabilirlikleri sayesinde, hassas ve g\u00fcvenilir performans sunmak i\u00e7in \u00e7e\u015fitli uygulamalarda kullan\u0131labilirler. S\u0131cak Sat\u0131\u015f \u00c7ift Etkili Trakt\u00f6r Kaynakl\u0131 Hidrolik Silindir, a\u011f\u0131r y\u00fckleri kald\u0131rma ve zorlu ortamlara dayan\u0131kl\u0131l\u0131k kabiliyeti nedeniyle bu uygulamalar i\u00e7in pop\u00fcler bir se\u00e7imdir.<img decoding=\"async\" src=\"https:\/\/fmp-components.com\/wp-content\/uploads\/2024\/12\/Application-of-Adjustable-Clevis-Type-Cylinders.webp\" alt=\"Ayarlanabilir \u00c7atal Tipi Silindir\" width=\"800\" title=\"\"><\/p>\n<h3>FMP Hakk\u0131nda<\/h3>\n<p>FMP, Hidrolik Silindir \u00fcretimi ve sat\u0131\u015f\u0131 konusunda uzmanla\u015fm\u0131\u015f lider bir firmad\u0131r. Kapsaml\u0131 sekt\u00f6r deneyimimiz ve profesyonel ekibimizle, m\u00fc\u015fterilerimize y\u00fcksek kaliteli ve g\u00fcvenilir hidrolik silindir \u00e7\u00f6z\u00fcmleri sunmaya kararl\u0131y\u0131z.<\/p>\n<p>\u00dcr\u00fcnlerimizin ve \u015firketimizin 5 temel avantaj\u0131 \u015funlard\u0131r:<\/p>\n<p>1. Geni\u015f \u00dcr\u00fcn Yelpazesi: A\u015fa\u011f\u0131da g\u00f6sterildi\u011fi gibi ayarlanabilir \u00e7atal tipi silindirler de dahil olmak \u00fczere \u00e7e\u015fitli hidrolik silindirler sunuyoruz:<\/p>\n<p><img decoding=\"async\" src=\"https:\/\/fmp-components.com\/wp-content\/uploads\/2024\/12\/Adjustable-Clevis-Type-Cylinders-6.webp\" alt=\"Ayarlanabilir \u00c7atal Tipi Silindir\" width=\"832\" title=\"\"><\/p>\n<p>2. \u00dcst\u00fcn Kalite: Y\u00fcksek kaliteli tedarik\u00e7ilerle uzun vadeli ve istikrarl\u0131 i\u015f birli\u011fi ili\u015fkileri kurarak, t\u00fcm hidrolik silindirlerimizin s\u0131k\u0131 kalite standartlar\u0131n\u0131 kar\u015f\u0131lamas\u0131n\u0131 sa\u011fl\u0131yoruz. Kaliteye olan ba\u011fl\u0131l\u0131\u011f\u0131m\u0131z bizi rakiplerimizden ay\u0131r\u0131yor.<\/p>\n<p>3. Profesyonel Sat\u0131\u015f Ekibi: Deneyimli ve yetenekli sat\u0131\u015f ekibimiz, hidrolik silindir sekt\u00f6r\u00fcndeki geli\u015fme trendleri ve m\u00fc\u015fteri ihtiya\u00e7lar\u0131 konusunda bilgilidir. Profesyonel \u00fcr\u00fcn dan\u0131\u015fmanl\u0131\u011f\u0131 ve ak\u0131ll\u0131 sat\u0131n alma \u00f6nerileri sunmaya adanm\u0131\u015ft\u0131r.<\/p>\n<p>4. Verimli Lojistik Da\u011f\u0131t\u0131m: Zaman\u0131nda ve do\u011fru teslimatlar\u0131n \u00f6neminin fark\u0131nday\u0131z. Verimli lojistik da\u011f\u0131t\u0131m sistemimizle, m\u00fc\u015fterilerimizin ihtiya\u00e7 duyduklar\u0131 hidrolik silindirleri zaman\u0131nda teslim almalar\u0131n\u0131 sa\u011fl\u0131yoruz.<\/p>\n<p>5. Kapsaml\u0131 \u00c7\u00f6z\u00fcmler: Hidrolik silindirlerin yan\u0131 s\u0131ra, geni\u015f bir in\u015faat makinesi par\u00e7alar\u0131 ve komple makine \u00e7\u00f6z\u00fcmleri yelpazesi sunuyoruz. Bu sayede m\u00fc\u015fterilerimiz, gerekli t\u00fcm bile\u015fen ve aksesuarlar\u0131 tek bir yerde bularak zamandan ve emekten tasarruf sa\u011fl\u0131yor.<\/p>\n<p>FMP Hidrolik Silindirlerin m\u00fckemmelli\u011fini deneyimlemek i\u00e7in bizimle i\u015f ortakl\u0131\u011f\u0131 yapmaya davetlisiniz. \u00d6zel ihtiya\u00e7lar\u0131n\u0131z\u0131 g\u00f6r\u00fc\u015fmek ve ekibimizin ihtiya\u00e7lar\u0131n\u0131za en uygun hidrolik silindir \u00e7\u00f6z\u00fcm\u00fcn\u00fc bulman\u0131za yard\u0131mc\u0131 olmas\u0131 i\u00e7in bug\u00fcn bizimle ileti\u015fime ge\u00e7in.<\/p>\n<h3>SSS<\/h3>\n<p><strong>S: Bu hidrolik silindirden hangi end\u00fcstriler faydalanabilir?<\/strong><br \/>\nA: Bu hidrolik silindir makine tamir at\u00f6lyeleri, \u00e7iftlikler, enerji ve madencilik, makine imalat\u0131 ve makine fabrikalar\u0131 i\u00e7in m\u00fckemmeldir.<\/p>\n<p><strong>S: Hidrolik silindiri \u00f6zel gereksinimlere g\u00f6re \u00f6zelle\u015ftirmek m\u00fcmk\u00fcn m\u00fcd\u00fcr?<\/strong><br \/>\nC: Evet, FMP \u00f6zel ihtiya\u00e7lar\u0131n\u0131z\u0131 kar\u015f\u0131lamak i\u00e7in \u00f6zelle\u015ftirme se\u00e7enekleri sunar.<\/p>\n<p><strong>S: Bu hidrolik silindirin uzun \u00f6m\u00fcrl\u00fc olmas\u0131 nas\u0131l sa\u011flanabilir?<\/strong><br \/>\nA: D\u00fczenli kontrol ve a\u015f\u0131nm\u0131\u015f par\u00e7alar\u0131n zaman\u0131nda de\u011fi\u015ftirilmesi gibi uygun kurulum ve bak\u0131m uygulamalar\u0131n\u0131n izlenmesi, bu hidrolik silindirin uzun \u00f6m\u00fcrl\u00fc olmas\u0131n\u0131 sa\u011flayabilir.<\/p>\n<p><strong><img decoding=\"async\" src=\"https:\/\/img.jiansujichilun.com\/img\/hydrauliccylinders\/B_hydrauliccylinders-2.webp\" alt=\"hidrolik silindir\" width=\"800\" title=\"\"><\/strong><\/p>\n<p>Yazar\uff1a CX<\/p>","protected":false},"excerpt":{"rendered":"<p>Introducing Hot Sale Double Acting Tractor Welded Hydraulic Cylinder Hydraulic cylinders are essential components in various industries, enabling machinery and equipment to perform powerful and precise movements. The Hot Sale Double Acting Tractor Welded Hydraulic Cylinder is an exceptional product that excels in both performance and durability. Designed with advanced engineering and manufacturing techniques, this [&hellip;]<\/p>","protected":false},"featured_media":1340,"comment_status":"closed","ping_status":"closed","template":"","meta":{"_et_pb_use_builder":"","_et_pb_old_content":"","_et_gb_content_width":""},"product_brand":[],"product_cat":[39],"product_tag":[41,34],"class_list":{"0":"post-1370","1":"product","2":"type-product","3":"status-publish","4":"has-post-thumbnail","6":"product_cat-adjustable-clevis-type-cylinders","7":"product_tag-adjustable-clevis-type-cylinders","8":"product_tag-hydraulic-cylinder","10":"first","11":"instock","12":"product-type-simple"},"_links":{"self":[{"href":"https:\/\/fmp-components.com\/tr\/wp-json\/wp\/v2\/product\/1370","targetHints":{"allow":["GET"]}}],"collection":[{"href":"https:\/\/fmp-components.com\/tr\/wp-json\/wp\/v2\/product"}],"about":[{"href":"https:\/\/fmp-components.com\/tr\/wp-json\/wp\/v2\/types\/product"}],"replies":[{"embeddable":true,"href":"https:\/\/fmp-components.com\/tr\/wp-json\/wp\/v2\/comments?post=1370"}],"wp:featuredmedia":[{"embeddable":true,"href":"https:\/\/fmp-components.com\/tr\/wp-json\/wp\/v2\/media\/1340"}],"wp:attachment":[{"href":"https:\/\/fmp-components.com\/tr\/wp-json\/wp\/v2\/media?parent=1370"}],"wp:term":[{"taxonomy":"product_brand","embeddable":true,"href":"https:\/\/fmp-components.com\/tr\/wp-json\/wp\/v2\/product_brand?post=1370"},{"taxonomy":"product_cat","embeddable":true,"href":"https:\/\/fmp-components.com\/tr\/wp-json\/wp\/v2\/product_cat?post=1370"},{"taxonomy":"product_tag","embeddable":true,"href":"https:\/\/fmp-components.com\/tr\/wp-json\/wp\/v2\/product_tag?post=1370"}],"curies":[{"name":"wp","href":"https:\/\/api.w.org\/{rel}","templated":true}]}}