{"id":1369,"date":"2024-12-23T02:18:57","date_gmt":"2024-12-23T02:18:57","guid":{"rendered":"https:\/\/fmp-components.com\/product\/factory-price-double-acting-hydraulic-piston-cylinder-for-trailer\/"},"modified":"2024-12-23T03:13:57","modified_gmt":"2024-12-23T03:13:57","slug":"factory-price-double-acting-hydraulic-piston-cylinder-for-trailer","status":"publish","type":"product","link":"https:\/\/fmp-components.com\/tr\/product\/factory-price-double-acting-hydraulic-piston-cylinder-for-trailer\/","title":{"rendered":"R\u00f6mork \u0130\u00e7in Fabrika Fiyat\u0131na \u00c7ift Etkili Hidrolik Piston Silindiri"},"content":{"rendered":"<h2>Fabrika Fiyat\u0131na \u00c7ift Etkili Hidrolik Piston Silindiri R\u00f6mork \u0130\u00e7in:<\/h2>\n<p>Fabrika Fiyatl\u0131 \u00c7ift Etkili Hidrolik Piston Silindiri, ta\u015f\u0131mac\u0131l\u0131k sekt\u00f6r\u00fcnde kullan\u0131lmak \u00fczere tasarlanm\u0131\u015f, son derece dayan\u0131kl\u0131 ve verimli bir \u00fcr\u00fcnd\u00fcr. Bu \u00fcr\u00fcn, maksimum g\u00fc\u00e7 ve g\u00fcvenilirlik sa\u011flayan \u00e7ift etkili hidrolik pistonu sayesinde y\u00fcksek performans sunar.<\/p>\n<p>Silindir, en zorlu ko\u015fullara bile dayanabilmesini sa\u011flayan y\u00fcksek kaliteli malzemelerden \u00fcretilmi\u015ftir. Tutarl\u0131 ve g\u00fcvenilir performans sunmak \u00fczere tasarlanm\u0131\u015f olup, r\u00f6morklar\u0131 i\u00e7in g\u00fcvenilir bir hidrolik \u00e7\u00f6z\u00fcm arayanlar i\u00e7in ideal bir se\u00e7imdir.<\/p>\n<p>\u00c7ift etkili hidrolik piston silindiri, m\u00fckemmel performans ve g\u00fcvenilirlik sa\u011flayacak \u015fekilde tasarlanm\u0131\u015ft\u0131r ve bu da onu \u00e7e\u015fitli uygulamalar i\u00e7in ideal k\u0131lar. P\u00fcr\u00fczs\u00fcz ve kullan\u0131m\u0131 kolay bir tasar\u0131ma sahip olan bu silindir, kurulumunu ve kullan\u0131m\u0131n\u0131 kolayla\u015ft\u0131ran \u00e7e\u015fitli \u00f6zelliklere sahiptir.<\/p>\n<p>\u0130ster a\u011f\u0131r y\u00fckler ta\u015f\u0131yor olun, ister r\u00f6morkunuz i\u00e7in g\u00fcvenilir bir hidrolik \u00e7\u00f6z\u00fcme ihtiyac\u0131n\u0131z olsun, Fabrika Fiyatl\u0131 \u00c7ift Etkili Hidrolik Piston Silindiri R\u00f6mork i\u00e7in m\u00fckemmel bir se\u00e7imdir. \u00d6yleyse neden bekleyesiniz? Bu \u00fcr\u00fcne bug\u00fcn yat\u0131r\u0131m yap\u0131n ve r\u00f6morkunuz i\u00e7in g\u00fcvenilir ve verimli hidrolik g\u00fcc\u00fcn avantajlar\u0131n\u0131 deneyimleyin.<\/p>\n<p><img loading=\"lazy\" decoding=\"async\" class=\"alignnone size-full wp-image-1334\" src=\"https:\/\/fmp-components.com\/wp-content\/uploads\/2024\/12\/Adjustable-Clevis-Type-Cylinders-4.webp\" alt=\"Ayarlanabilir-\u00c7ember-Tipi-Silindirler\" width=\"800\" height=\"800\" title=\"\" srcset=\"https:\/\/fmp-components.com\/wp-content\/uploads\/2024\/12\/Adjustable-Clevis-Type-Cylinders-4.webp 800w, https:\/\/fmp-components.com\/wp-content\/uploads\/2024\/12\/Adjustable-Clevis-Type-Cylinders-4-480x480.webp 480w\" sizes=\"(min-width: 0px) and (max-width: 480px) 480px, (min-width: 481px) 800px, 100vw\" \/><\/p>\n<table style=\"width: 100%;\" border=\"1\" width=\"100%\" cellspacing=\"0\" cellpadding=\"0\">\n<tbody>\n<tr>\n<th>\u00dcr\u00fcn Ad\u0131<\/th>\n<td>R\u00f6morklar i\u00e7in Fabrika Fiyatl\u0131 \u00c7ift Etkili Hidrolik Piston Silindiri<\/td>\n<\/tr>\n<tr>\n<th>Pazarlama T\u00fcr\u00fc<\/th>\n<td>Yeni \u00dcr\u00fcn 2023<\/td>\n<\/tr>\n<tr>\n<th>Malzeme<\/th>\n<td>Y\u00fcksek kaliteli \u00e7elik<\/td>\n<\/tr>\n<tr>\n<th>Garanti<\/th>\n<td>1 Y\u0131l<\/td>\n<\/tr>\n<tr>\n<th>Uygulanabilir End\u00fcstriler<\/th>\n<td>Makine Tamir At\u00f6lyeleri, \u00c7iftlikler, Enerji ve Madencilik, Makine \u00dcretimi, Makine Fabrikalar\u0131<\/td>\n<\/tr>\n<tr>\n<th>Maksimum \u0130tki<\/th>\n<td>3000<\/td>\n<\/tr>\n<tr>\n<th>Maksimum \u00c7ekme<\/th>\n<td>20 ton<\/td>\n<\/tr>\n<tr>\n<th>Yap\u0131<\/th>\n<td>Standart Piston<\/td>\n<\/tr>\n<tr>\n<th>Tip<\/th>\n<td>Ayarlanabilir \u00c7atal Tipi Silindir<\/td>\n<\/tr>\n<tr>\n<th>Delik Boyutu<\/th>\n<td>2 \u2013 6 in\u00e7<\/td>\n<\/tr>\n<tr>\n<th>\u00c7ubuk Boyutu<\/th>\n<td>1,125 \u2013 4 in\u00e7<\/td>\n<\/tr>\n<tr>\n<th>Sertifikasyon<\/th>\n<td>ISO9001:2000<\/td>\n<\/tr>\n<tr>\n<th>Makine Test Raporu<\/th>\n<td>Tedarik edilen<\/td>\n<\/tr>\n<\/tbody>\n<\/table>\n<h2>Ayarlanabilir \u00c7atal Tipi Silindirlerin Avantajlar\u0131<\/h2>\n<p>R\u00f6morklar i\u00e7in Fabrika Fiyatl\u0131 \u00c7ift Etkili Hidrolik Piston Silindiri gibi ayarlanabilir \u00e7atal tipi silindirler, \u00e7e\u015fitli uygulamalarda bir\u00e7ok avantaj sunar. \u0130\u015fte baz\u0131 temel avantajlar:<\/p>\n<ol>\n<li style=\"list-style-type: none;\">\n<ol>\n<li>Geli\u015fmi\u015f Esneklik:<\/li>\n<\/ol>\n<\/li>\n<\/ol>\n<p>Ayarlanabilir mafsall\u0131 tip silindirler, ayarlanabilir yap\u0131lar\u0131 sayesinde y\u00fcksek d\u00fczeyde esneklik sa\u011flar. Bu sayede hassas konumland\u0131rma ve hizalama imkan\u0131 sunarak, hassas kontrol ve ince ayar gerektiren uygulamalar i\u00e7in idealdir.<\/p>\n<ol>\n<li style=\"list-style-type: none;\">\n<ol>\n<li>Art\u0131r\u0131lm\u0131\u015f Y\u00fck Kapasitesi:<\/li>\n<\/ol>\n<\/li>\n<\/ol>\n<p>Sa\u011flam yap\u0131lar\u0131 ve tasar\u0131mlar\u0131 sayesinde ayarlanabilir \u00e7atal tipi silindirler a\u011f\u0131r y\u00fckleri kald\u0131rabilir. Sa\u011flam piston ve silindir d\u00fczeni, zorlu ko\u015fullarda bile g\u00fcvenilir performans sa\u011flayarak zorlu uygulamalar i\u00e7in uygundur.<\/p>\n<ol>\n<li style=\"list-style-type: none;\">\n<ol>\n<li>Geli\u015fmi\u015f Dayan\u0131kl\u0131l\u0131k:<\/li>\n<\/ol>\n<\/li>\n<\/ol>\n<p>Bu silindirler, s\u0131k kullan\u0131ma ve zorlu ortamlara dayanacak \u015fekilde \u00fcretilmi\u015ftir. Y\u00fcksek mukavemetli \u00e7elik ve korozyona dayan\u0131kl\u0131 kaplamalar gibi yap\u0131lar\u0131nda kullan\u0131lan malzemeler, uzun \u00f6m\u00fcrl\u00fc dayan\u0131kl\u0131l\u0131k sa\u011flar. Bu da onlar\u0131 uzun vadede olduk\u00e7a g\u00fcvenilir ve uygun maliyetli k\u0131lar.<\/p>\n<ol>\n<li style=\"list-style-type: none;\">\n<ol>\n<li>Kolay Bak\u0131m:<\/li>\n<\/ol>\n<\/li>\n<\/ol>\n<p>Ayarlanabilir \u00e7atal tipi silindirler, kolay bak\u0131m i\u00e7in tasarlanm\u0131\u015ft\u0131r. Eri\u015filebilir tasar\u0131m\u0131, bile\u015fenlerin h\u0131zl\u0131 bir \u015fekilde incelenmesine, ya\u011flanmas\u0131na ve de\u011fi\u015ftirilmesine olanak tan\u0131r. Bu, ar\u0131za s\u00fcresini azalt\u0131r ve silindirin \u00f6mr\u00fc boyunca optimum performans sa\u011flar.<\/p>\n<ol>\n<li style=\"list-style-type: none;\">\n<ol>\n<li>Geni\u015f Montaj Se\u00e7enekleri:<\/li>\n<\/ol>\n<\/li>\n<\/ol>\n<p>Bu silindirler, farkl\u0131 sistem ve yap\u0131lara kolay entegrasyon sa\u011flayan geni\u015f bir montaj se\u00e7ene\u011fi yelpazesi sunar. \u0130ster r\u00f6mork, ister makine veya end\u00fcstriyel ekipman olsun, ayarlanabilir \u00e7atal tipi silindirler, uygulaman\u0131n \u00f6zel gereksinimlerine uyacak \u015fekilde uyarlanabilir.<\/p>\n<ol>\n<li style=\"list-style-type: none;\">\n<ol>\n<li>Hassas Kontrol:<\/li>\n<\/ol>\n<\/li>\n<\/ol>\n<p>Ayarlanabilir yap\u0131lar\u0131 sayesinde bu silindirler, y\u00fck\u00fcn hareketi ve konumu \u00fczerinde hassas kontrol sa\u011flar. Bu, robotik, malzeme ta\u015f\u0131ma ve otomatik sistemler gibi do\u011frulu\u011fun \u00e7ok \u00f6nemli oldu\u011fu uygulamalarda kritik \u00f6neme sahiptir. Silindirin strokunu ve hizalamas\u0131n\u0131 hassas bir \u015fekilde ayarlayabilme \u00f6zelli\u011fi, optimum performans sa\u011flar.<\/p>\n<ol>\n<li style=\"list-style-type: none;\">\n<ol>\n<li>Geli\u015ftirilmi\u015f Verimlilik:<\/li>\n<\/ol>\n<\/li>\n<\/ol>\n<p>Ayarlanabilir \u00e7atal tipi silindirlerin kullan\u0131m\u0131, \u00e7e\u015fitli i\u015flemlerde verimlili\u011fi art\u0131rabilir. Ayarlanabilir \u00f6zellikleri, kuvvet, h\u0131z ve strokta hassas ayarlamalar yap\u0131lmas\u0131n\u0131 sa\u011flayarak performans\u0131n optimize edilmesini, enerji t\u00fcketiminin azalt\u0131lmas\u0131n\u0131 ve \u00fcretkenli\u011fin art\u0131r\u0131lmas\u0131n\u0131 sa\u011flar.<\/p>\n<p>Sonu\u00e7 olarak, Fabrika Fiyatl\u0131 \u00c7ift Etkili Hidrolik Piston Silindiri \u00f6rne\u011finde g\u00f6r\u00fcld\u00fc\u011f\u00fc gibi ayarlanabilir \u00e7atal tipi silindirler, esneklik, y\u00fck kapasitesi, dayan\u0131kl\u0131l\u0131k, bak\u0131m, montaj se\u00e7enekleri, hassas kontrol ve verimlilik a\u00e7\u0131s\u0131ndan say\u0131s\u0131z avantaj sunar. Benzersiz tasar\u0131mlar\u0131 ve ayarlanabilir \u00f6zellikleri, onlar\u0131 \u00e7ok \u00e7e\u015fitli uygulamalar i\u00e7in de\u011ferli bir se\u00e7im haline getirerek optimum performans ve g\u00fcvenilirlik sa\u011flar.<\/p>\n<p><img decoding=\"async\" src=\"https:\/\/fmp-components.com\/wp-content\/uploads\/2024\/12\/Adjustable-Clevis-Type-Cylinders5.webp\" alt=\"Ayarlanabilir \u00c7atal Tipi Silindir\" width=\"800\" title=\"\"><\/p>\n<h2>Ayarlanabilir \u00c7atal Tip Silindirlerin Uygulamas\u0131<\/h2>\n<p>Ayarlanabilir \u00e7atal tipi silindirler, farkl\u0131 end\u00fcstrilerdeki \u00e7e\u015fitli uygulamalarda kullan\u0131lan \u00e7ok y\u00f6nl\u00fc hidrolik bile\u015fenlerdir. Bu silindirler, di\u011fer silindir tiplerinin uygun olmad\u0131\u011f\u0131 durumlarda kullan\u0131mlar\u0131n\u0131 m\u00fcmk\u00fcn k\u0131lan benzersiz bir tasar\u0131ma sahiptir. Ayarlanabilir \u00e7atal tipi silindirlerin baz\u0131 kullan\u0131m alanlar\u0131 \u015funlard\u0131r:<\/p>\n<h3>1. Tar\u0131m Makinalar\u0131<\/h3>\n<p>\u00c7ift\u00e7iler ve tar\u0131m i\u015f\u00e7ileri ayarlanabilir \u00e7atal tipi silindirleri \u00e7e\u015fitli ama\u00e7larla kullan\u0131rlar. En yayg\u0131n kullan\u0131m alanlar\u0131ndan biri de tar\u0131md\u0131r. Silindirler, pulluk, k\u00fcltivat\u00f6r ve di\u011fer tar\u0131m ekipmanlar\u0131n\u0131 \u00e7al\u0131\u015ft\u0131rmak i\u00e7in kullan\u0131l\u0131r. Ayr\u0131ca, \u00e7al\u0131\u015fma s\u0131ras\u0131nda y\u00fckseltilmesi veya al\u00e7alt\u0131lmas\u0131 gereken \u00fcr\u00fcn p\u00fcsk\u00fcrt\u00fcc\u00fclerinin ve di\u011fer ekipmanlar\u0131n y\u00fcksekli\u011fini kontrol etmek i\u00e7in de kullan\u0131l\u0131rlar. Bu silindirlerin hidrolik g\u00fcc\u00fc, manuel i\u015f\u00e7ili\u011fi en aza indirmeye ve tarlada verimlili\u011fi art\u0131rmaya yard\u0131mc\u0131 olur.<\/p>\n<h3>2. \u0130n\u015faat Ekipmanlar\u0131<\/h3>\n<p>Ayarlanabilir \u00e7atal tipi silindirler in\u015faat sekt\u00f6r\u00fcnde de yayg\u0131nd\u0131r. Beko, ekskavat\u00f6r, buldozer ve vin\u00e7 gibi \u00e7e\u015fitli ekipmanlarda kullan\u0131l\u0131rlar. A\u011f\u0131r y\u00fckleri kald\u0131rmak, toprak ve kayalar\u0131 ta\u015f\u0131mak ve \u00f6nemli kuvvet gerektiren di\u011fer g\u00f6revleri ger\u00e7ekle\u015ftirmek i\u00e7in hidrolik g\u00fc\u00e7 sa\u011flarlar. \u0130n\u015faat \u015firketleri, projelerinin zaman\u0131nda ve b\u00fct\u00e7e dahilinde tamamlanmas\u0131n\u0131 sa\u011flamak i\u00e7in bu silindirlere g\u00fcvenirler.<\/p>\n<h3>3. \u00dcretim Ekipmanlar\u0131<\/h3>\n<p>Ayarlanabilir \u00e7atal tipi silindirler, \u00fcretim ekipmanlar\u0131nda da olmazsa olmazd\u0131r. Preslerde, pres makinelerinde ve hassas kuvvet ve h\u0131z kontrol\u00fc gerektiren di\u011fer ekipman t\u00fcrlerinde kullan\u0131l\u0131rlar. Silindirler, \u00fcreticilerin y\u00fcksek kaliteli \u00fcr\u00fcnleri tutarl\u0131 ve verimli bir \u015fekilde \u00fcretmelerini sa\u011flar. Ayr\u0131ca, montaj hatlar\u0131nda bile\u015fenleri ve \u00fcr\u00fcnleri bir istasyondan di\u011ferine ta\u015f\u0131mak i\u00e7in kullan\u0131l\u0131rlar ve \u00fcretim s\u00fcrecini daha sorunsuz ve verimli hale getirirler.<\/p>\n<h3>4. Ta\u015f\u0131mac\u0131l\u0131k Ekipmanlar\u0131<\/h3>\n<p>Ayarlanabilir \u00e7atal tipi silindirler, \u00e7e\u015fitli ta\u015f\u0131ma ekipmanlar\u0131nda da kullan\u0131l\u0131r. Genellikle r\u00f6morklarda, kamyonlarda ve otob\u00fcslerde frenler, s\u00fcspansiyon ve di\u011fer sistemler i\u00e7in hidrolik g\u00fc\u00e7 sa\u011flamak amac\u0131yla kullan\u0131l\u0131rlar. Bu silindirler ayr\u0131ca r\u00f6morklar\u0131n y\u00fcksekli\u011fini kontrol etmek ve y\u00fckleme-bo\u015faltma s\u0131ras\u0131nda y\u00fck\u00fc kald\u0131rmak i\u00e7in de kullan\u0131l\u0131r. Fabrika Fiyatl\u0131 \u00c7ift Etkili Hidrolik Piston Silindiri R\u00f6mork Uygulamas\u0131, ayarlanabilir \u00e7atal tipi silindirlerin ta\u015f\u0131ma ekipmanlar\u0131n\u0131n verimlili\u011fini ve g\u00fcvenli\u011fini art\u0131rmak i\u00e7in nas\u0131l kullan\u0131ld\u0131\u011f\u0131na bir \u00f6rnektir.<\/p>\n<p>Sonu\u00e7 olarak, ayarlanabilir \u00e7atal tipi silindirler farkl\u0131 end\u00fcstrilerde geni\u015f bir uygulama yelpazesine sahiptir. Benzersiz tasar\u0131mlar\u0131 ve hidrolik g\u00fc\u00e7, onlar\u0131 hassas kuvvet ve h\u0131z kontrol\u00fc gerektiren makine ve ekipmanlarda vazge\u00e7ilmez bile\u015fenler haline getirir. Sonu\u00e7 olarak, ayarlanabilir \u00e7atal tipi silindirler modern end\u00fcstrinin ayr\u0131lmaz bir par\u00e7as\u0131 haline gelmi\u015f ve \u00e7e\u015fitli uygulamalarda kritik bir rol oynamaya devam edecektir.<img decoding=\"async\" src=\"https:\/\/fmp-components.com\/wp-content\/uploads\/2024\/12\/Application-of-Adjustable-Clevis-Type-Cylinders.webp\" alt=\"Ayarlanabilir \u00c7atal Tipi Silindir\" width=\"800\" title=\"\"><\/p>\n<h3>FMP'nin Hidrolik Silindirleri Hakk\u0131nda<\/h3>\n<p>FMP, y\u00fcksek kaliteli ve g\u00fcvenilir in\u015faat makinesi par\u00e7alar\u0131 ve komple makine \u00e7\u00f6z\u00fcmleri sunmaya kendini adam\u0131\u015ft\u0131r. Hidrolik silindirimiz, \u00fcr\u00fcn yelpazemizdeki en pop\u00fcler \u00fcr\u00fcnlerden biridir. FMP'nin hidrolik silindirini se\u00e7meniz i\u00e7in be\u015f neden:<\/p>\n<ol>\n<li><strong>\u00dcst\u00fcn Kalite:<\/strong> Hidrolik silindirimiz, dayan\u0131kl\u0131l\u0131\u011f\u0131n\u0131 ve uzun hizmet \u00f6mr\u00fcn\u00fc garanti eden y\u00fcksek kaliteli malzemelerden \u00fcretilmi\u015ftir. S\u0131k\u0131 kalite standartlar\u0131n\u0131 kar\u015f\u0131layacak \u015fekilde hassas bir \u015fekilde tasarlan\u0131p \u00fcretilmi\u015ftir ve zorlu \u00e7al\u0131\u015fma ko\u015fullar\u0131na dayanabilmesini sa\u011flar.<\/li>\n<li><strong>\u00d6zelle\u015ftirilebilir:<\/strong> Hidrolik silindirimiz, \u00f6zel ihtiya\u00e7lar\u0131n\u0131z\u0131 kar\u015f\u0131layacak \u015fekilde \u00f6zelle\u015ftirilebilir. Delik \u00e7aplar\u0131, strok uzunluklar\u0131 ve montaj stilleri dahil olmak \u00fczere geni\u015f bir se\u00e7enek yelpazesi sunuyoruz. Uzman ekibimiz, ihtiya\u00e7lar\u0131n\u0131za uygun hidrolik silindiri se\u00e7menize yard\u0131mc\u0131 olmak i\u00e7in profesyonel \u00fcr\u00fcn dan\u0131\u015fmanl\u0131\u011f\u0131 ve ak\u0131ll\u0131 sat\u0131n alma \u00f6nerileri sunabilir.<\/li>\n<li><strong>Kolay Kurulum:<\/strong> Hidrolik silindirimiz, kolay montaj i\u00e7in tasarlanm\u0131\u015ft\u0131r, bu sayede duru\u015f s\u00fcrelerinizi azalt\u0131r ve \u00fcretkenli\u011finizi art\u0131r\u0131r. Ekipman\u0131n\u0131za kolayca monte edilebilen geni\u015f bir montaj se\u00e7ene\u011fi yelpazesi sunar.<\/li>\n<li><strong>Rekabet\u00e7i Fiyat:<\/strong> Kaliteden \u00f6d\u00fcn vermeden rekabet\u00e7i fiyatlar sunuyoruz. Yurt i\u00e7i ve yurt d\u0131\u015f\u0131nda bir\u00e7ok kaliteli tedarik\u00e7iyle uzun vadeli ve istikrarl\u0131 i\u015f birli\u011fi ili\u015fkileri kurarak, tedarik etti\u011fimiz t\u00fcm par\u00e7alar\u0131n s\u0131k\u0131 kalite standartlar\u0131n\u0131 kar\u015f\u0131lamas\u0131n\u0131 sa\u011fl\u0131yoruz.<\/li>\n<li><strong>Verimli Lojistik Da\u011f\u0131t\u0131m Sistemi:<\/strong> M\u00fc\u015fterilerimizin ihtiya\u00e7 duyduklar\u0131 par\u00e7alar\u0131 zaman\u0131nda ve do\u011fru bir \u015fekilde teslim almas\u0131n\u0131 sa\u011flamak i\u00e7in verimli bir lojistik da\u011f\u0131t\u0131m sistemine sahibiz. D\u00fcnya \u00e7ap\u0131ndaki m\u00fc\u015fterilerimize h\u0131zl\u0131 ve g\u00fcvenilir teslimat hizmetleri sunmak i\u00e7in lojistik ortaklar\u0131m\u0131zla yak\u0131n bir \u015fekilde \u00e7al\u0131\u015f\u0131yoruz.<\/li>\n<\/ol>\n<p><img decoding=\"async\" src=\"https:\/\/fmp-components.com\/wp-content\/uploads\/2024\/12\/Adjustable-Clevis-Type-Cylinders-6.webp\" alt=\"Ayarlanabilir \u00c7atal Tipi Silindir\" width=\"831\" title=\"\"><\/p>\n<p>FMP hidrolik silindirleriyle \u00fcst\u00fcn kalite, \u00f6zelle\u015ftirme, kolay kurulum, rekabet\u00e7i fiyatland\u0131rma ve verimli lojistik da\u011f\u0131t\u0131m\u0131ndan emin olabilirsiniz. \u00dcr\u00fcn ve hizmetlerimiz hakk\u0131nda daha fazla bilgi edinmek ve ihtiya\u00e7lar\u0131n\u0131za uygun hidrolik silindiri bulman\u0131za yard\u0131mc\u0131 olmak i\u00e7in bug\u00fcn bizimle ileti\u015fime ge\u00e7in.<\/p>\n<p><img decoding=\"async\" src=\"https:\/\/img.jiansujichilun.com\/img\/hydrauliccylinders\/B_hydrauliccylinders-2.webp\" alt=\"hidrolik silindir\" width=\"800\" title=\"\"><\/p>\n<p><strong>SSS:<\/strong><\/p>\n<p><strong>S: Siz bir ticaret \u015firketi misiniz yoksa \u00fcretici misiniz?<\/strong><br \/>\nA: Biz hidrolik silindir \u00fcreten ve ihra\u00e7 eden bir fabrikay\u0131z.<\/p>\n<p><strong>S: \u00c7ift Etkili Hidrolik Piston Silindirinin teslimat s\u00fcresi nedir?<\/strong><br \/>\nA: Genel teslimat s\u00fcresi 25-35 g\u00fcnd\u00fcr.<\/p>\n<p><strong>S: \u00c7ift Etkili Hidrolik Piston Silindiri i\u00e7in numune sunuyor musunuz?<\/strong><br \/>\nC: Evet, numune sunuyoruz ancak \u00fccretsiz de\u011fil.<\/p>\n<p>Yazar\uff1a CX<\/p>","protected":false},"excerpt":{"rendered":"<p>Factory Price Double Acting Hydraulic Piston Cylinder For Trailer: The Factory Price Double Acting Hydraulic Piston Cylinder For Trailer is a highly durable and efficient product designed for use in the transportation industry. This product boasts a high level of performance, thanks to its double-acting hydraulic piston that provides maximum power and reliability. The cylinder [&hellip;]<\/p>","protected":false},"featured_media":1338,"comment_status":"closed","ping_status":"closed","template":"","meta":{"_et_pb_use_builder":"","_et_pb_old_content":"","_et_gb_content_width":""},"product_brand":[],"product_cat":[39],"product_tag":[41,34],"class_list":{"0":"post-1369","1":"product","2":"type-product","3":"status-publish","4":"has-post-thumbnail","6":"product_cat-adjustable-clevis-type-cylinders","7":"product_tag-adjustable-clevis-type-cylinders","8":"product_tag-hydraulic-cylinder","10":"first","11":"instock","12":"product-type-simple"},"_links":{"self":[{"href":"https:\/\/fmp-components.com\/tr\/wp-json\/wp\/v2\/product\/1369","targetHints":{"allow":["GET"]}}],"collection":[{"href":"https:\/\/fmp-components.com\/tr\/wp-json\/wp\/v2\/product"}],"about":[{"href":"https:\/\/fmp-components.com\/tr\/wp-json\/wp\/v2\/types\/product"}],"replies":[{"embeddable":true,"href":"https:\/\/fmp-components.com\/tr\/wp-json\/wp\/v2\/comments?post=1369"}],"wp:featuredmedia":[{"embeddable":true,"href":"https:\/\/fmp-components.com\/tr\/wp-json\/wp\/v2\/media\/1338"}],"wp:attachment":[{"href":"https:\/\/fmp-components.com\/tr\/wp-json\/wp\/v2\/media?parent=1369"}],"wp:term":[{"taxonomy":"product_brand","embeddable":true,"href":"https:\/\/fmp-components.com\/tr\/wp-json\/wp\/v2\/product_brand?post=1369"},{"taxonomy":"product_cat","embeddable":true,"href":"https:\/\/fmp-components.com\/tr\/wp-json\/wp\/v2\/product_cat?post=1369"},{"taxonomy":"product_tag","embeddable":true,"href":"https:\/\/fmp-components.com\/tr\/wp-json\/wp\/v2\/product_tag?post=1369"}],"curies":[{"name":"wp","href":"https:\/\/api.w.org\/{rel}","templated":true}]}}