{"id":1368,"date":"2024-12-23T02:18:57","date_gmt":"2024-12-23T02:18:57","guid":{"rendered":"https:\/\/fmp-components.com\/product\/factory-customized-double-effect-trailer-hydraulic-cylinder\/"},"modified":"2024-12-23T03:02:40","modified_gmt":"2024-12-23T03:02:40","slug":"factory-customized-double-effect-trailer-hydraulic-cylinder","status":"publish","type":"product","link":"https:\/\/fmp-components.com\/tr\/product\/factory-customized-double-effect-trailer-hydraulic-cylinder\/","title":{"rendered":"Fabrika \u00d6zelle\u015ftirilmi\u015f \u00c7ift Etkili R\u00f6mork Hidrolik Silindiri"},"content":{"rendered":"<p>Fabrika \u00dcretimi \u00c7ift Etkili Treyler Hidrolik Silindiri, treylerler i\u00e7in tasarlanm\u0131\u015f y\u00fcksek kaliteli bir hidrolik silindirdir. Bu \u00fcr\u00fcn, kolayca uzay\u0131p k\u0131salmas\u0131n\u0131 sa\u011flayan \u00e7ift etkili bir tasar\u0131ma sahiptir ve bu da onu \u00e7e\u015fitli uygulamalarda kullan\u0131m i\u00e7in ideal hale getirir.<\/p>\n<p>Bu hidrolik silindirin \u00f6ne \u00e7\u0131kan \u00f6zelliklerinden biri de \u00f6zelle\u015ftirilebilirli\u011fidir. Fabrika, m\u00fc\u015fterilerin farkl\u0131 boyutlar, montaj se\u00e7enekleri ve i\u00e7 \u00e7aplar da dahil olmak \u00fczere aralar\u0131ndan se\u00e7im yapabilece\u011fi bir dizi se\u00e7enek sunmaktad\u0131r. Bu \u00f6zelle\u015ftirme d\u00fczeyi, m\u00fc\u015fterilerin \u00f6zel ihtiya\u00e7lar\u0131n\u0131 kar\u015f\u0131layacak m\u00fckemmel hidrolik silindiri bulabilmelerini sa\u011flar.<\/p>\n<p><img loading=\"lazy\" decoding=\"async\" class=\"alignnone size-full wp-image-1334\" src=\"https:\/\/fmp-components.com\/wp-content\/uploads\/2024\/12\/Adjustable-Clevis-Type-Cylinders-4.webp\" alt=\"Ayarlanabilir-\u00c7ember-Tipi-Silindirler\" width=\"800\" height=\"800\" title=\"\" srcset=\"https:\/\/fmp-components.com\/wp-content\/uploads\/2024\/12\/Adjustable-Clevis-Type-Cylinders-4.webp 800w, https:\/\/fmp-components.com\/wp-content\/uploads\/2024\/12\/Adjustable-Clevis-Type-Cylinders-4-480x480.webp 480w\" sizes=\"(min-width: 0px) and (max-width: 480px) 480px, (min-width: 481px) 800px, 100vw\" \/><\/p>\n<p>\u00d6zelle\u015ftirilebilirli\u011finin yan\u0131 s\u0131ra, bu hidrolik silindir uzun \u00f6m\u00fcrl\u00fc olacak \u015fekilde \u00fcretilmi\u015ftir. Y\u00fcksek kaliteli malzemelerden yap\u0131lm\u0131\u015f olup, en zorlu ko\u015fullara bile dayanabilecek sa\u011flam bir tasar\u0131ma sahiptir. Bu da onu, her g\u00fcn performans g\u00f6sterebilecek bir hidrolik silindire ihtiya\u00e7 duyanlar i\u00e7in g\u00fcvenilir bir se\u00e7im haline getirir.<\/p>\n<p>Genel olarak, Fabrika \u00dcretimi \u00d6zel \u00c7ift Etkili Treyler Hidrolik Silindiri, treylerleri i\u00e7in y\u00fcksek kaliteli bir hidrolik silindire ihtiya\u00e7 duyan herkes i\u00e7in m\u00fckemmel bir se\u00e7imdir. \u00d6zelle\u015ftirilebilirli\u011fi, dayan\u0131kl\u0131l\u0131\u011f\u0131 ve g\u00fcvenilir performans\u0131 ile bu \u00fcr\u00fcn, en talepkar m\u00fc\u015fterilerin bile ihtiya\u00e7lar\u0131n\u0131 kar\u015f\u0131layaca\u011f\u0131ndan emin olabilirsiniz.<\/p>\n<p>Fabrika \u00dcretimi \u00c7ift Etkili Treyler Hidrolik Silindiri, makine tamir at\u00f6lyeleri, \u00e7iftlikler, enerji ve madencilik sekt\u00f6rleri ve makine imalat\u0131 i\u00e7in ideal, yeni ve y\u00fcksek kaliteli bir \u00fcr\u00fcnd\u00fcr. 70 kg a\u011f\u0131rl\u0131\u011f\u0131yla maksimum verimlilik ve dayan\u0131kl\u0131l\u0131k i\u00e7in tasarlanm\u0131\u015ft\u0131r. Bu \u00fcr\u00fcn, yat\u0131r\u0131m\u0131n\u0131zda g\u00f6n\u00fcl rahatl\u0131\u011f\u0131 sa\u011flamak i\u00e7in 1 y\u0131l garantilidir. Bu hidrolik silindirin temel bile\u015fenleri aras\u0131nda end\u00fcstri standard\u0131 rulmanlar ve sa\u011flam bir hidrolik silindir bulunur. Ayr\u0131ca piston silindir yap\u0131s\u0131na sahiptir ve hidrolik g\u00fc\u00e7le \u00e7al\u0131\u015f\u0131r. Maksimum 3000 itme kuvveti ve 20 ton \u00e7ekme kuvveti ile bu silindir bir g\u00fc\u00e7 merkezidir. G\u00f6vdesi sa\u011flam \u00e7elikten yap\u0131lm\u0131\u015ft\u0131r, bu da dayan\u0131kl\u0131l\u0131k ve uzun \u00f6m\u00fcrl\u00fcl\u00fck sa\u011flar.<\/p>\n<p><img decoding=\"async\" src=\"https:\/\/img.jiansujichilun.com\/img\/hydrauliccylinders\/B_hydrauliccylinders-3.webp\" alt=\"hidrolik silindir\" width=\"800\" title=\"\"><\/p>\n<h2>Ayarlanabilir \u00c7atal Tipi Silindirlerin Avantajlar\u0131<\/h2>\n<p>Ayarlanabilir mafsal tipi silindirler, \u00e7e\u015fitli uygulamalarda bir\u00e7ok avantaj sunan hidrolik silindirlerdir. Benzersiz tasar\u0131mlar\u0131 ve geli\u015fmi\u015f \u00f6zellikleriyle bu silindirler, geli\u015fmi\u015f performans ve \u00e7ok y\u00f6nl\u00fcl\u00fck sa\u011flar. \u0130\u015fte ayarlanabilir mafsal tipi silindirlerin baz\u0131 \u00f6nemli avantajlar\u0131:<\/p>\n<h3>1. Art\u0131r\u0131lm\u0131\u015f \u00c7ok Y\u00f6nl\u00fcl\u00fck<\/h3>\n<p>Ayarlanabilir mafsal tipi silindirlerin en \u00f6nemli avantajlar\u0131ndan biri \u00e7ok y\u00f6nl\u00fcl\u00fckleridir. Bu silindirler, farkl\u0131 montaj konfig\u00fcrasyonlar\u0131na kolayca uyum sa\u011flayacak \u015fekilde ayarlanabilir ve bu da onlar\u0131 \u00e7ok \u00e7e\u015fitli uygulamalar i\u00e7in uygun hale getirir. \u0130n\u015faat sekt\u00f6r\u00fcnde, tar\u0131m makinelerinde veya end\u00fcstriyel ekipmanlarda olsun, ayarlanabilir mafsal tipi silindirler esneklik ve uyarlanabilirlik sunar.<\/p>\n<h3>2. Geli\u015ftirilmi\u015f Y\u00fck Ta\u015f\u0131ma Kapasitesi<\/h3>\n<p>Ayarlanabilir mafsall\u0131 silindirlerin bir di\u011fer \u00f6nemli avantaj\u0131 da a\u011f\u0131r y\u00fckleri kald\u0131rabilme yetenekleridir. Bu silindirler y\u00fcksek y\u00fck ta\u015f\u0131ma kapasitesi sa\u011flamak \u00fczere tasarlanm\u0131\u015ft\u0131r ve bu da onlar\u0131 a\u011f\u0131r y\u00fcklerin kald\u0131r\u0131lmas\u0131 ve ta\u015f\u0131nmas\u0131n\u0131 gerektiren uygulamalar i\u00e7in ideal hale getirir. Sa\u011flam yap\u0131lar\u0131 ve dayan\u0131kl\u0131 malzemeleri, a\u015f\u0131r\u0131 ko\u015fullar alt\u0131nda bile g\u00fcvenilir performans sa\u011flar.<\/p>\n<h3>3. Geli\u015ftirilmi\u015f Hassasiyet ve Kontrol<\/h3>\n<p>Ayarlanabilir mafsal tipi silindirler, hidrolik sistemler \u00fczerinde hassas kontrol sa\u011flayarak do\u011fru konumland\u0131rma ve hareket kontrol\u00fcne olanak tan\u0131r. Bu silindirlerin tasar\u0131m\u0131, strok uzunlu\u011fu ve kuvvetin ince ayar\u0131n\u0131 m\u00fcmk\u00fcn k\u0131larak operat\u00f6rlerin hassas ve tekrarlanabilir hareketler elde etmelerini sa\u011flar. Bu kontrol seviyesi, \u00fcretim s\u00fcre\u00e7leri veya otomatik sistemler gibi do\u011fruluk ve hassasiyet gerektiren uygulamalarda \u00e7ok \u00f6nemlidir.<\/p>\n<h3>4. Geli\u015ftirilmi\u015f Dayan\u0131kl\u0131l\u0131k ve Uzun \u00d6m\u00fcr<\/h3>\n<p>Y\u00fcksek kaliteli yap\u0131lar\u0131 ve sa\u011flam malzemeleriyle, ayarlanabilir mafsal tipi silindirler uzun \u00f6m\u00fcrl\u00fc olacak \u015fekilde \u00fcretilmi\u015ftir. Bu silindirler, a\u011f\u0131r y\u00fcklere, zorlu ortamlara ve s\u0131k kullan\u0131ma dayanacak \u015fekilde tasarlanm\u0131\u015ft\u0131r ve uzun s\u00fcreli performans ve dayan\u0131kl\u0131l\u0131k sa\u011flar. \u0130\u015fletmeler, ayarlanabilir mafsal tipi silindirlere yat\u0131r\u0131m yaparak uzun vadede bak\u0131m ve de\u011fi\u015ftirme maliyetlerini en aza indirebilirler.<\/p>\n<h3>5. Verimli G\u00fc\u00e7 \u0130letimi<\/h3>\n<p>Ayarlanabilir mafsal tipi silindirler, verimli g\u00fc\u00e7 aktar\u0131m\u0131 sa\u011flayarak enerji kayb\u0131n\u0131 en aza indirir ve genel sistem performans\u0131n\u0131 optimize eder. Bu silindirlerin tasar\u0131m\u0131, hidrolik g\u00fcc\u00fcn sorunsuz ve verimli bir \u015fekilde aktar\u0131lmas\u0131n\u0131 sa\u011flayarak verimlili\u011fi art\u0131r\u0131r ve enerji t\u00fcketimini azalt\u0131r. Bu verimlilik, \u00f6zellikle enerji verimlili\u011finin \u00f6ncelikli oldu\u011fu uygulamalarda faydal\u0131d\u0131r.<\/p>\n<h3>6. \u00d6zelle\u015ftirme Se\u00e7enekleri<\/h3>\n<p>\u00dcreticiler, ayarlanabilir mafsal tipi silindirler i\u00e7in \u00f6zelle\u015ftirme se\u00e7enekleri sunarak i\u015fletmelerin silindirleri kendi \u00f6zel ihtiya\u00e7lar\u0131na g\u00f6re uyarlamalar\u0131na olanak tan\u0131r. \u00c7ap boyutlar\u0131ndan montaj se\u00e7eneklerine kadar, m\u00fc\u015fteriler gereksinimlerine en uygun \u00f6zellikleri se\u00e7ebilirler. Bu \u00f6zelle\u015ftirme \u00f6zelli\u011fi, silindirlerin mevcut sistemlere sorunsuz bir \u015fekilde entegre olmas\u0131n\u0131 ve optimum performans sa\u011flamas\u0131n\u0131 garanti eder.<\/p>\n<p>Ayarlanabilir mafsal tipi silindirler, \u00e7ok y\u00f6nl\u00fcl\u00fck, y\u00fck ta\u015f\u0131ma kapasitesi, hassasiyet, dayan\u0131kl\u0131l\u0131k, g\u00fc\u00e7 aktar\u0131m\u0131 ve \u00f6zelle\u015ftirme se\u00e7enekleri a\u00e7\u0131s\u0131ndan say\u0131s\u0131z avantaj sunar. Bu silindirler, \u00e7e\u015fitli sekt\u00f6rlerdeki uygulamalar i\u00e7in g\u00fcvenilir ve verimli bir se\u00e7imdir. \u0130\u015fletmeler, hidrolik sistemlerine ayarlanabilir mafsal tipi silindirler entegre ederek verimlili\u011fi art\u0131rabilir, performans\u0131 optimize edebilir ve daha y\u00fcksek operasyonel verimlilik elde edebilirler.<\/p>\n<p><img decoding=\"async\" src=\"https:\/\/fmp-components.com\/wp-content\/uploads\/2024\/12\/Adjustable-Clevis-Type-Cylinders5.webp\" alt=\"Ayarlanabilir \u00c7atal Tipi Silindir\" width=\"800\" title=\"\"><\/p>\n<h2>Ayarlanabilir \u00c7atal Tip Silindirlerin Uygulamas\u0131<\/h2>\n<p>Fabrika \u00e7\u0131k\u0131\u015fl\u0131 \u00e7ift etkili treyler hidrolik silindiri gibi ayarlanabilir mafsal tipi silindirler, \u00e7e\u015fitli sekt\u00f6rlerde \u00e7ok y\u00f6nl\u00fc ve yayg\u0131n olarak kullan\u0131lan bir bile\u015fendir. Bu silindirler, benzersiz tasar\u0131mlar\u0131 ve i\u015flevsellikleri nedeniyle bir\u00e7ok uygulamada kritik bir rol oynamaktad\u0131r. Bu blog yaz\u0131s\u0131nda, ayarlanabilir mafsal tipi silindirlerin farkl\u0131 uygulamalar\u0131n\u0131 inceleyecek ve faydalar\u0131n\u0131 ve avantajlar\u0131n\u0131 ele alaca\u011f\u0131z.<\/p>\n<p>1. \u0130n\u015faat Sekt\u00f6r\u00fc:<br \/>\nAyarlanabilir mafsal tipi silindirler, \u00e7e\u015fitli a\u011f\u0131r i\u015f ekipmanlar\u0131nda ve makinelerinde kullan\u0131ld\u0131klar\u0131 in\u015faat sekt\u00f6r\u00fcnde yayg\u0131n olarak kullan\u0131lmaktad\u0131r. Bu silindirler, hassas kontrol ve stabilite sa\u011flayarak a\u011f\u0131r y\u00fckleri kald\u0131rma, itme ve \u00e7ekme gibi uygulamalar i\u00e7in idealdir. \u00c7ift etkili \u00f6zelli\u011fi, verimli \u00e7al\u0131\u015fma sa\u011flayarak in\u015faat sahalar\u0131nda \u00fcretkenli\u011fi art\u0131r\u0131r ve g\u00fcvenli\u011fi geli\u015ftirir.<\/p>\n<p>2. Tar\u0131m Makineleri:<br \/>\nTar\u0131m sekt\u00f6r\u00fcnde, ayarlanabilir mafsal tipi silindirler genellikle tar\u0131m ekipmanlar\u0131nda kullan\u0131l\u0131r. Bu silindirler, pullukla s\u00fcrme, toprak i\u015fleme ve hasat gibi i\u015flerde yard\u0131mc\u0131 olur. Mafsal pozisyonunun ayarlanabilme \u00f6zelli\u011fi sayesinde, de\u011fi\u015fen tar\u0131m ihtiya\u00e7lar\u0131na uyum sa\u011flamak i\u00e7in esneklik ve adaptasyon sunarlar. Fabrikada \u00f6zelle\u015ftirilmi\u015f \u00e7ift etkili r\u00f6mork hidrolik silindiri, tar\u0131m makinelerinin verimli \u00e7al\u0131\u015fmas\u0131n\u0131 sa\u011flayarak, tarlada optimum performans ve artan verimlilik sa\u011flar.<\/p>\n<p>3. Malzeme Ta\u015f\u0131ma Ekipmanlar\u0131:<br \/>\nAyarlanabilir mafsal tipi silindirler, konvey\u00f6r sistemleri ve kald\u0131rma cihazlar\u0131 gibi malzeme ta\u015f\u0131ma uygulamalar\u0131nda \u00e7ok \u00f6nemli bir rol oynar. Bu silindirler, depolarda, fabrikalarda ve da\u011f\u0131t\u0131m merkezlerinde malzemelerin sorunsuz ve verimli bir \u015fekilde hareket ettirilmesi i\u00e7in gerekli kuvveti ve kontrol\u00fc sa\u011flar. Ayarlanabilir mafsal \u00f6zelli\u011fi, belirli malzeme ta\u015f\u0131ma gereksinimlerine uyacak \u015fekilde kolay kurulum ve \u00f6zelle\u015ftirmeye olanak tan\u0131r.<\/p>\n<p>4. Otomotiv End\u00fcstrisi:<br \/>\nOtomotiv end\u00fcstrisi, \u00e7e\u015fitli uygulamalarda ayarlanabilir mafsal tipi silindirleri yayg\u0131n olarak kullanmaktad\u0131r. Bu silindirler, ara\u00e7 montaj hatlar\u0131nda kullan\u0131larak \u00fcretim s\u00fcrecinde bile\u015fenlerin hassas hareketini ve konumland\u0131r\u0131lmas\u0131n\u0131 sa\u011flar. Fabrikada \u00f6zelle\u015ftirilmi\u015f \u00e7ift etkili treyler hidrolik silindiri, \u00f6zellikle treylerlerde a\u011f\u0131r y\u00fckler i\u00e7in g\u00fcvenilir kald\u0131rma ve indirme yetenekleri sa\u011flayarak kullan\u0131lmaktad\u0131r.<\/p>\n<p>5. At\u0131k Y\u00f6netimi:<br \/>\nAt\u0131k y\u00f6netim sistemlerinde, ayarlanabilir mafsal tipi silindirler \u00e7\u00f6p s\u0131k\u0131\u015ft\u0131rma makinelerinde ve at\u0131k bertaraf ekipmanlar\u0131nda kullan\u0131l\u0131r. Bu silindirler, at\u0131klar\u0131 s\u0131k\u0131\u015ft\u0131rmaya ve yo\u011funla\u015ft\u0131rmaya yard\u0131mc\u0131 olarak depolama alan\u0131n\u0131 en \u00fcst d\u00fczeye \u00e7\u0131kar\u0131r ve verimli at\u0131k y\u00f6netimini kolayla\u015ft\u0131r\u0131r. Ayarlanabilir mafsal \u00f6zelli\u011fi, farkl\u0131 at\u0131k y\u00f6netim ekipmanlar\u0131na kolay entegrasyon sa\u011flayarak g\u00fcvenilir ve etkili bir \u00e7al\u0131\u015fma sunar.<\/p>\n<p>Sonu\u00e7 olarak, fabrika \u00e7\u0131k\u0131\u015fl\u0131 \u00e7ift etkili treyler hidrolik silindiri de dahil olmak \u00fczere ayarlanabilir mafsal tipi silindirler, \u00e7e\u015fitli end\u00fcstrilerde geni\u015f bir uygulama yelpazesine sahiptir. \u00c7ok y\u00f6nl\u00fcl\u00fckleri, hassasiyetleri ve uyarlanabilirlikleri, onlar\u0131 in\u015faat, tar\u0131m, malzeme ta\u015f\u0131ma, otomotiv ve at\u0131k y\u00f6netimi de dahil olmak \u00fczere bir\u00e7ok sekt\u00f6rde vazge\u00e7ilmez bir bile\u015fen haline getirmektedir. \u00dcst\u00fcn kontrol ve verimlilik sa\u011flayarak, bu silindirler \u00e7e\u015fitli end\u00fcstriyel uygulamalarda \u00fcretkenli\u011fin artmas\u0131na, g\u00fcvenli\u011fin artmas\u0131na ve genel performans\u0131n iyile\u015fmesine katk\u0131da bulunur.<img decoding=\"async\" src=\"https:\/\/fmp-components.com\/wp-content\/uploads\/2024\/12\/Application-of-Adjustable-Clevis-Type-Cylinders.webp\" alt=\"Ayarlanabilir \u00c7atal Tipi Silindir\" width=\"800\" title=\"\"><\/p>\n<h3>FMP Hidrolik Silindir Hakk\u0131nda<\/h3>\n<p>FMP, y\u00fcksek kaliteli in\u015faat makinesi par\u00e7alar\u0131 ve komple makineler sa\u011flama konusunda uzmanla\u015fm\u0131\u015f bir \u015firkettir. M\u00fc\u015fterilerimizin ihtiya\u00e7lar\u0131n\u0131 kar\u015f\u0131lamak \u00fczere tasarlanm\u0131\u015f Hidrolik Silindirler de dahil olmak \u00fczere geni\u015f bir \u00fcr\u00fcn yelpazesi sunmaktan gurur duyuyoruz. Uzun y\u0131llara dayanan sekt\u00f6r deneyimimiz ve profesyonel ekibimizle, size en iyi \u00fcr\u00fcn ve hizmetleri sunabilece\u011fimizden eminiz.<\/p>\n<p>FMP Hidrolik Silindiri se\u00e7meniz i\u00e7in baz\u0131 nedenler:<\/p>\n<ol>\n<li><strong>Y\u00fcksek Kaliteli Malzemeler:<\/strong> Hidrolik Silindirlerimizi \u00fcretmek i\u00e7in y\u00fcksek kaliteli malzemeler kullan\u0131yoruz, bu sayede dayan\u0131kl\u0131 ve uzun \u00f6m\u00fcrl\u00fc olmalar\u0131n\u0131 sa\u011fl\u0131yoruz.<\/li>\n<li><strong>\u00d6zelle\u015ftirilebilir \u00c7\u00f6z\u00fcmler:<\/strong> M\u00fc\u015fterilerimizin benzersiz ihtiya\u00e7lar\u0131n\u0131 kar\u015f\u0131lamak i\u00e7in \u00f6zelle\u015ftirilebilir \u00e7\u00f6z\u00fcmler sunuyoruz. Hidrolik Silindirlerimiz \u00e7e\u015fitli boyut ve konfig\u00fcrasyonlarda mevcuttur.<\/li>\n<li><strong>Uzman Dan\u0131\u015fmanl\u0131\u011f\u0131:<\/strong> Deneyimli sat\u0131\u015f ekibimiz, profesyonel dan\u0131\u015fmanl\u0131k ve ak\u0131ll\u0131 sat\u0131n alma \u00f6nerileri sunmak i\u00e7in her zaman haz\u0131rd\u0131r. \u0130n\u015faat makineleri sekt\u00f6r\u00fcndeki geli\u015fme trendlerini ve m\u00fc\u015fteri ihtiya\u00e7lar\u0131n\u0131 anl\u0131yor ve bilin\u00e7li kararlar alman\u0131za yard\u0131mc\u0131 oluyoruz.<\/li>\n<li><strong>Verimli Lojistik:<\/strong> \u0130htiya\u00e7 duydu\u011funuz par\u00e7alar\u0131n zaman\u0131nda ve do\u011fru bir \u015fekilde size ula\u015fmas\u0131n\u0131 sa\u011flayan etkin bir lojistik da\u011f\u0131t\u0131m sistemine sahibiz.<\/li>\n<li><strong>Geni\u015f \u00dcr\u00fcn Yelpazesi:<\/strong> Hidrolik Silindirlerin yan\u0131 s\u0131ra tar\u0131m makineleri red\u00fckt\u00f6rleri, planet red\u00fckt\u00f6rleri ve end\u00fcstriyel red\u00fckt\u00f6rler gibi \u00e7e\u015fitli in\u015faat makinesi par\u00e7alar\u0131 ve bunlara uygun \u00fcst d\u00fczey aksesuarlar da sunuyoruz.<\/li>\n<\/ol>\n<p>FMP olarak, m\u00fc\u015fterilerimize en iyi \u00fcr\u00fcn ve hizmetleri sunmaya kararl\u0131y\u0131z. Hidrolik Silindirlerimiz en y\u00fcksek kalite standartlar\u0131n\u0131 kar\u015f\u0131layacak \u015fekilde tasarlanm\u0131\u015ft\u0131r ve tedarik etti\u011fimiz t\u00fcm par\u00e7alar\u0131n s\u0131k\u0131 kalite standartlar\u0131n\u0131 kar\u015f\u0131lamas\u0131n\u0131 sa\u011flamaktan gurur duyuyoruz. Uzmanl\u0131\u011f\u0131m\u0131z ve kaliteye olan ba\u011fl\u0131l\u0131\u011f\u0131m\u0131z\u0131n, bizi in\u015faat makineleri ihtiya\u00e7lar\u0131n\u0131z i\u00e7in ideal bir ortak haline getirdi\u011fine inan\u0131yoruz.<\/p>\n<p><img decoding=\"async\" src=\"https:\/\/fmp-components.com\/wp-content\/uploads\/2024\/12\/Adjustable-Clevis-Type-Cylinders-6.webp\" alt=\"Ayarlanabilir \u00c7atal Tipi Silindir\" width=\"830\" title=\"\"><\/p>\n<h2>SSS<\/h2>\n<p><strong>S: Fabrika \u00e7\u0131k\u0131\u015fl\u0131 \u00e7ift etkili treyler hidrolik silindiri i\u00e7in \u00f6zelle\u015ftirme se\u00e7enekleri nelerdir?<\/strong><br \/>\nA: \u00dcr\u00fcn\u00fcm\u00fcz\u00fc sizin \u00f6zel ihtiya\u00e7lar\u0131n\u0131za uyacak \u015fekilde \u00f6zelle\u015ftirmek i\u00e7in silindir \u00e7ap\u0131, piston kolu \u00e7ap\u0131 ve piston stro\u011fu \u00e7ap\u0131 se\u00e7enekleri sunuyoruz.<\/p>\n<p><strong>S: Hidrolik silindir a\u011f\u0131r hizmet uygulamalar\u0131 i\u00e7in uygun mu?<\/strong><br \/>\nA: Evet, silindir zorlu kullan\u0131m ve talepkar uygulamalar i\u00e7in tasarlanm\u0131\u015ft\u0131r; maksimum itme kuvveti 3000 ve \u00e7ekme kuvveti 20 tondur.<\/p>\n<p><strong>S: Hidrolik silindirin bak\u0131m\u0131n\u0131 nas\u0131l yapar\u0131m?<\/strong><br \/>\nA: \u00dcr\u00fcnlerimizin uzun \u00f6m\u00fcrl\u00fcl\u00fc\u011f\u00fcn\u00fc ve en iyi performans\u0131n\u0131 sa\u011flamak i\u00e7in kapsaml\u0131 kurulum ve bak\u0131m k\u0131lavuzu sunuyoruz.<\/p>\n<p>Yazar\uff1a CX<\/p>","protected":false},"excerpt":{"rendered":"<p>Factory Customized Double Effect Trailer Hydraulic Cylinder is a high-quality hydraulic cylinder designed for trailers. This product features a double-acting design that allows it to extend and retract with ease, making it ideal for use in a variety of applications. One of the standout features of this hydraulic cylinder is its customizability. The factory offers [&hellip;]<\/p>","protected":false},"featured_media":1336,"comment_status":"closed","ping_status":"closed","template":"","meta":{"_et_pb_use_builder":"","_et_pb_old_content":"","_et_gb_content_width":""},"product_brand":[],"product_cat":[39],"product_tag":[41,34],"class_list":{"0":"post-1368","1":"product","2":"type-product","3":"status-publish","4":"has-post-thumbnail","6":"product_cat-adjustable-clevis-type-cylinders","7":"product_tag-adjustable-clevis-type-cylinders","8":"product_tag-hydraulic-cylinder","10":"first","11":"instock","12":"product-type-simple"},"_links":{"self":[{"href":"https:\/\/fmp-components.com\/tr\/wp-json\/wp\/v2\/product\/1368","targetHints":{"allow":["GET"]}}],"collection":[{"href":"https:\/\/fmp-components.com\/tr\/wp-json\/wp\/v2\/product"}],"about":[{"href":"https:\/\/fmp-components.com\/tr\/wp-json\/wp\/v2\/types\/product"}],"replies":[{"embeddable":true,"href":"https:\/\/fmp-components.com\/tr\/wp-json\/wp\/v2\/comments?post=1368"}],"wp:featuredmedia":[{"embeddable":true,"href":"https:\/\/fmp-components.com\/tr\/wp-json\/wp\/v2\/media\/1336"}],"wp:attachment":[{"href":"https:\/\/fmp-components.com\/tr\/wp-json\/wp\/v2\/media?parent=1368"}],"wp:term":[{"taxonomy":"product_brand","embeddable":true,"href":"https:\/\/fmp-components.com\/tr\/wp-json\/wp\/v2\/product_brand?post=1368"},{"taxonomy":"product_cat","embeddable":true,"href":"https:\/\/fmp-components.com\/tr\/wp-json\/wp\/v2\/product_cat?post=1368"},{"taxonomy":"product_tag","embeddable":true,"href":"https:\/\/fmp-components.com\/tr\/wp-json\/wp\/v2\/product_tag?post=1368"}],"curies":[{"name":"wp","href":"https:\/\/api.w.org\/{rel}","templated":true}]}}