{"id":1364,"date":"2024-12-23T02:18:57","date_gmt":"2024-12-23T02:18:57","guid":{"rendered":"https:\/\/fmp-components.com\/product\/hot-sale-adjustable-hydraulic-cylinder-for-agriculture-trailer\/"},"modified":"2024-12-23T03:02:39","modified_gmt":"2024-12-23T03:02:39","slug":"hot-sale-adjustable-hydraulic-cylinder-for-agriculture-trailer","status":"publish","type":"product","link":"https:\/\/fmp-components.com\/tr\/product\/hot-sale-adjustable-hydraulic-cylinder-for-agriculture-trailer\/","title":{"rendered":"Tar\u0131m R\u00f6morku i\u00e7in S\u0131cak Sat\u0131\u015f Ayarlanabilir Hidrolik Silindir"},"content":{"rendered":"<p>Tar\u0131m R\u00f6morku i\u00e7in Ayarlanabilir Hidrolik Silindir, \u00e7ift\u00e7ilerin ve di\u011fer tar\u0131m profesyonellerinin ihtiya\u00e7lar\u0131n\u0131 kar\u015f\u0131lamak \u00fczere tasarlanm\u0131\u015f g\u00fc\u00e7l\u00fc ve \u00e7ok y\u00f6nl\u00fc bir \u00fcr\u00fcnd\u00fcr. Bu y\u00fcksek kaliteli hidrolik silindir ayarlanabilir yap\u0131s\u0131 sayesinde \u00e7e\u015fitli r\u00f6mork ve ekipmanlarla \u00e7al\u0131\u015fabilir. Dayan\u0131kl\u0131 yap\u0131s\u0131 ve geli\u015fmi\u015f \u00f6zellikleriyle, tarla s\u00fcrmekten \u00fcr\u00fcn ta\u015f\u0131maya kadar \u00e7e\u015fitli uygulamalarda kullan\u0131m i\u00e7in m\u00fckemmeldir.<\/p>\n<p>Bu \u00fcr\u00fcn\u00fcn en \u00f6nemli avantajlar\u0131ndan biri, farkl\u0131 r\u00f6mork boyutlar\u0131na ve a\u011f\u0131rl\u0131klar\u0131na uyum sa\u011flayabilmesidir. Bu, onu \u00e7e\u015fitli g\u00f6rev ve uygulamalar\u0131 kar\u015f\u0131layabilecek bir silindire ihtiya\u00e7 duyan \u00e7ift\u00e7iler i\u00e7in ideal hale getirir. Ayr\u0131ca, Tar\u0131m R\u00f6morklar\u0131 i\u00e7in S\u0131cak Sat\u0131\u015f Ayarlanabilir Hidrolik Silindir, sezgisel kontrolleri ve net talimatlar\u0131yla, acemi kullan\u0131c\u0131lar\u0131n bile kolayca kullanabilece\u011fi \u015fekilde kurulumu ve kullan\u0131m\u0131 kolay olacak \u015fekilde tasarlanm\u0131\u015ft\u0131r.<\/p>\n<p><img loading=\"lazy\" decoding=\"async\" class=\"alignnone size-full wp-image-1334\" src=\"https:\/\/fmp-components.com\/wp-content\/uploads\/2024\/12\/Adjustable-Clevis-Type-Cylinders-4.webp\" alt=\"Ayarlanabilir-\u00c7ember-Tipi-Silindirler\" width=\"800\" height=\"800\" title=\"\" srcset=\"https:\/\/fmp-components.com\/wp-content\/uploads\/2024\/12\/Adjustable-Clevis-Type-Cylinders-4.webp 800w, https:\/\/fmp-components.com\/wp-content\/uploads\/2024\/12\/Adjustable-Clevis-Type-Cylinders-4-480x480.webp 480w\" sizes=\"(min-width: 0px) and (max-width: 480px) 480px, (min-width: 481px) 800px, 100vw\" \/><\/p>\n<p>&nbsp;<\/p>\n<table style=\"width: 100%;\" border=\"1\" width=\"100%\" cellspacing=\"0\" cellpadding=\"0\">\n<tbody>\n<tr>\n<th>\u00dcr\u00fcn Ad\u0131<\/th>\n<td>Tar\u0131m R\u00f6morklar\u0131 i\u00e7in Ayarlanabilir Hidrolik Silindir<\/td>\n<\/tr>\n<tr>\n<th>Sat\u0131\u015f Durumu<\/th>\n<td>S\u0131cak Sat\u0131\u015f<\/td>\n<\/tr>\n<tr>\n<th>Garanti<\/th>\n<td>1 Y\u0131l<\/td>\n<\/tr>\n<tr>\n<th>Uygulanabilir End\u00fcstriler<\/th>\n<td>Makine Tamir At\u00f6lyeleri, \u00c7iftlikler, Enerji ve Madencilik, Makine \u0130malat\u0131<\/td>\n<\/tr>\n<tr>\n<th>G\u00fc\u00e7<\/th>\n<td>Hidrolik<\/td>\n<\/tr>\n<tr>\n<th>Yap\u0131<\/th>\n<td>Standart<\/td>\n<\/tr>\n<tr>\n<th>G\u00f6vde Malzemesi<\/th>\n<td>Sa\u011flam \u00c7elik<\/td>\n<\/tr>\n<tr>\n<th>Maksimum \u0130tki<\/th>\n<td>3000<\/td>\n<\/tr>\n<tr>\n<th>Tip<\/th>\n<td>Ayarlanabilir \u00c7atal Tipi<\/td>\n<\/tr>\n<tr>\n<th>Sertifikasyon<\/th>\n<td>ISO9001:2000<\/td>\n<\/tr>\n<tr>\n<th>Delik Boyutu<\/th>\n<td>2 \u2013 6 in\u00e7<\/td>\n<\/tr>\n<tr>\n<th>\u00c7ubuk Boyutu<\/th>\n<td>1,125 \u2013 4 in\u00e7<\/td>\n<\/tr>\n<tr>\n<th>Vuru\u015f Boyutu<\/th>\n<td>4 \u2013 100 in\u00e7<\/td>\n<\/tr>\n<tr>\n<th>Pin Boyutu<\/th>\n<td>0,5 \u2013 2 in\u00e7<\/td>\n<\/tr>\n<tr>\n<th>Renk<\/th>\n<td>Siyah<\/td>\n<\/tr>\n<tr>\n<th>Paketleme Detaylar\u0131<\/th>\n<td>Demir kasa, kontrplak kasa veya karton kutu<\/td>\n<\/tr>\n<\/tbody>\n<\/table>\n<h2>Ayarlanabilir \u00c7atal Tipi Silindirlerin Avantajlar\u0131<\/h2>\n<p>Ayarlanabilir \u00e7atal tipi silindirler, performans ve \u00e7ok y\u00f6nl\u00fcl\u00fck a\u00e7\u0131s\u0131ndan sunduklar\u0131 say\u0131s\u0131z avantaj nedeniyle hidrolik silindir end\u00fcstrisinde pop\u00fcler bir tercihtir. Ayarlanabilir \u00e7atal tipi silindirlerin kullan\u0131m\u0131n\u0131n baz\u0131 temel avantajlar\u0131 \u015funlard\u0131r:<\/p>\n<h3>1. \u00c7ok Y\u00f6nl\u00fcl\u00fck<\/h3>\n<p>Ayarlanabilir \u00e7atal tipi silindirlerin en \u00f6nemli avantajlar\u0131ndan biri \u00e7ok y\u00f6nl\u00fcl\u00fckleridir. Bu silindirler, tar\u0131m, in\u015faat, madencilik ve imalat dahil olmak \u00fczere \u00e7ok \u00e7e\u015fitli uygulamalarda kullan\u0131labilir. Y\u00fcksek d\u00fczeyde dayan\u0131kl\u0131l\u0131k, mukavemet ve hassasiyet gerektiren a\u011f\u0131r hizmet uygulamalar\u0131 i\u00e7in uygundurlar.<\/p>\n<p>Tar\u0131mda, ayarlanabilir \u00e7atal tipi silindirler \u00f6zellikle a\u011f\u0131r y\u00fcklerin ta\u015f\u0131nmas\u0131nda kullan\u0131lan r\u00f6morklar i\u00e7in olduk\u00e7a kullan\u0131\u015fl\u0131d\u0131r. Tar\u0131m R\u00f6morklar\u0131 i\u00e7in S\u0131cak Sat\u0131\u015f Ayarlanabilir Hidrolik Silindir, bu silindirlerin tar\u0131m makinelerinin performans\u0131n\u0131 art\u0131rmak i\u00e7in nas\u0131l kullan\u0131labilece\u011fini g\u00f6steren m\u00fckemmel bir \u00f6rnektir.<\/p>\n<h3>2. \u00d6zelle\u015ftirme<\/h3>\n<p>Ayarlanabilir \u00e7atal tipi silindirlerin bir di\u011fer avantaj\u0131 da \u00f6zelle\u015ftirme se\u00e7enekleridir. Bu silindirler, boyut, bas\u0131n\u00e7 ve strok uzunlu\u011fu a\u00e7\u0131s\u0131ndan belirli gereksinimleri kar\u015f\u0131layacak \u015fekilde \u00f6zelle\u015ftirilebilir. Bu da onlar\u0131, standart bir silindirin uygun olmayabilece\u011fi uygulamalar i\u00e7in ideal hale getirir.<\/p>\n<h3>3. Y\u00fcksek Performans<\/h3>\n<p>Ayarlanabilir \u00e7atal tipi silindirler, h\u0131z, hassasiyet ve g\u00fc\u00e7 a\u00e7\u0131s\u0131ndan y\u00fcksek performans sunmak \u00fczere tasarlanm\u0131\u015ft\u0131r. Zorlu ko\u015fullarda bile tutarl\u0131 ve g\u00fcvenilir performans sa\u011flayabildikleri i\u00e7in a\u011f\u0131r hizmet uygulamalar\u0131 i\u00e7in idealdirler.<\/p>\n<h3>4. Dayan\u0131kl\u0131l\u0131k<\/h3>\n<p>Ayarlanabilir \u00e7atal tipi silindirler uzun \u00f6m\u00fcrl\u00fc olacak \u015fekilde \u00fcretilmi\u015ftir. Y\u00fcksek kaliteli malzemelerden \u00fcretilmi\u015f olup, a\u015f\u0131r\u0131 s\u0131cakl\u0131klara, bas\u0131nca ve a\u015f\u0131nmaya dayanacak \u015fekilde tasarlanm\u0131\u015ft\u0131r. Uygun bak\u0131mla bu silindirler uzun y\u0131llar dayanabilir ve bu da onlar\u0131 uygun maliyetli bir se\u00e7enek haline getirir.<\/p>\n<h3>5. D\u00fc\u015f\u00fck Bak\u0131m<\/h3>\n<p>Ayarlanabilir \u00e7atal tipi silindirler minimum bak\u0131m gerektirir ve bu da onlar\u0131, ar\u0131za s\u00fcrelerini ve i\u015fletme maliyetlerini azaltmak isteyen i\u015fletmeler i\u00e7in cazip bir se\u00e7enek haline getirir. D\u00fczenli kontroller ve temel bak\u0131mla, bu silindirler uzun s\u00fcreler boyunca en y\u00fcksek performansta \u00e7al\u0131\u015fabilir.<\/p>\n<p>Sonu\u00e7 olarak, ayarlanabilir \u00e7atal tipi silindirler performans, \u00e7ok y\u00f6nl\u00fcl\u00fck, \u00f6zelle\u015ftirme se\u00e7enekleri, dayan\u0131kl\u0131l\u0131k ve d\u00fc\u015f\u00fck bak\u0131m a\u00e7\u0131s\u0131ndan say\u0131s\u0131z avantaj sunar. Tar\u0131m R\u00f6morku i\u00e7in S\u0131cak Sat\u0131\u015f Ayarlanabilir Hidrolik Silindir ile bu silindirler, tar\u0131m makinelerinin performans\u0131n\u0131 art\u0131rmak ve tar\u0131m sekt\u00f6r\u00fcnde verimlili\u011fi art\u0131rmak i\u00e7in kullan\u0131labilir.<img decoding=\"async\" src=\"https:\/\/fmp-components.com\/wp-content\/uploads\/2024\/12\/Adjustable-Clevis-Type-Cylinders5.webp\" alt=\"Ayarlanabilir \u00c7atal Tipi Silindir\" width=\"800\" title=\"\"><\/p>\n<h2>Ayarlanabilir \u00c7atal Tip Silindirlerin Uygulamas\u0131<\/h2>\n<p>Tar\u0131m r\u00f6morklar\u0131 i\u00e7in s\u0131cak sat\u0131\u015f ayarlanabilir hidrolik silindir gibi ayarlanabilir \u00e7atal tipi silindirler, \u00e7e\u015fitli end\u00fcstrilerde geni\u015f bir uygulama yelpazesine sahiptir. Bu \u00e7ok y\u00f6nl\u00fc silindirler, onlar\u0131 bir\u00e7ok hidrolik sistemde vazge\u00e7ilmez bir bile\u015fen haline getiren benzersiz \u00f6zellikler ve avantajlar sunar.<\/p>\n<h3>1. Hassas Kontrol<\/h3>\n<p>Ayarlanabilir \u00e7atal tipi silindirlerin temel avantajlar\u0131ndan biri, y\u00fcklerin hareketi ve konumland\u0131r\u0131lmas\u0131 \u00fczerinde hassas kontrol sa\u011flama kabiliyetleridir. Bu, tar\u0131m r\u00f6morklar\u0131 gibi hassas hareketlerin gerekli oldu\u011fu uygulamalarda \u00e7ok \u00f6nemlidir. Ayarlanabilir tasar\u0131m, kullan\u0131c\u0131lar\u0131n silindirin strok uzunlu\u011funu hassas bir \u015fekilde ayarlayarak daha fazla kontrol ve hassasiyet sunmalar\u0131na olanak tan\u0131r.<\/p>\n<h3>2. Geli\u015fmi\u015f Esneklik<\/h3>\n<p>Ayarlanabilir \u00e7atal tipi silindirler, kolayca ayarlanabilir olacak \u015fekilde tasarlanm\u0131\u015ft\u0131r ve bu da onlar\u0131 son derece esnek ve farkl\u0131 \u00e7al\u0131\u015fma ko\u015fullar\u0131na uyarlanabilir k\u0131lar. Bu esneklik, silindir uzunlu\u011funda h\u0131zl\u0131 ve kolay de\u011fi\u015fikliklere olanak tan\u0131yarak \u00e7e\u015fitli uygulamalar i\u00e7in uygun maliyetli bir \u00e7\u00f6z\u00fcm sunar. \u0130ster farkl\u0131 y\u00fck boyutlar\u0131na uyum sa\u011flamak, ister de\u011fi\u015fen operasyonel gereksinimlere uyum sa\u011flamak olsun, bu silindirler gerekli esnekli\u011fi sunar.<\/p>\n<h3>3. Artan Verimlilik<\/h3>\n<p>Ayarlanabilir \u00e7atal tipi silindirleri kullanarak kullan\u0131c\u0131lar, hidrolik sistemlerinin verimlili\u011fini optimize edebilirler. Strok uzunlu\u011funu ayarlama olana\u011f\u0131, daha iyi y\u00fck da\u011f\u0131l\u0131m\u0131 ve genel sistem performans\u0131n\u0131n iyile\u015ftirilmesini sa\u011flar. Bu artan verimlilik, tar\u0131m r\u00f6morklar\u0131 da dahil olmak \u00fczere \u00e7e\u015fitli uygulamalarda daha az enerji t\u00fcketimi, daha d\u00fc\u015f\u00fck i\u015fletme maliyetleri ve daha y\u00fcksek \u00fcretkenlik sa\u011flar.<\/p>\n<h3>4. Dayan\u0131kl\u0131l\u0131k ve G\u00fcvenilirlik<\/h3>\n<p>Ayarlanabilir \u00e7atal tipi silindirler, zorlu \u00e7al\u0131\u015fma ko\u015fullar\u0131na dayanacak \u015fekilde \u00fcretilmi\u015ftir. M\u00fckemmel dayan\u0131kl\u0131l\u0131k ve g\u00fcvenilirlik sunan y\u00fcksek kaliteli malzemelerden \u00fcretilmi\u015flerdir ve zorlu ortamlarda bile uzun \u00f6m\u00fcrl\u00fc olmalar\u0131n\u0131 garanti ederler. Bu sayede, s\u00fcrekli kullan\u0131ma ve zorlu ko\u015fullara maruz kalan tar\u0131m r\u00f6morklar\u0131 da dahil olmak \u00fczere a\u011f\u0131r hizmet uygulamalar\u0131 i\u00e7in idealdirler.<\/p>\n<h3>5. G\u00fcvenlik \u00d6zellikleri<\/h3>\n<p>G\u00fcvenlik, her hidrolik sistemde son derece \u00f6nemlidir. Ayarlanabilir \u00e7atal tipi silindirler, hem ekipman\u0131n hem de personelin korunmas\u0131n\u0131 sa\u011flamak i\u00e7in \u00e7e\u015fitli g\u00fcvenlik \u00f6zellikleriyle donat\u0131lm\u0131\u015ft\u0131r. Bu silindirler genellikle, a\u015f\u0131r\u0131 y\u00fcklenmeyi ve sisteme olas\u0131 hasar\u0131 \u00f6nleyen dahili bas\u0131n\u00e7 tahliye valfleri gibi \u00f6zellikler i\u00e7erir. Ayr\u0131ca, silindiri belirli bir konumda sabitlemek i\u00e7in kilitleme mekanizmalar\u0131yla donat\u0131labilir ve bu da g\u00fcvenli\u011fi daha da art\u0131r\u0131r.<\/p>\n<p>Sonu\u00e7 olarak, tar\u0131m r\u00f6morklar\u0131 i\u00e7in s\u0131cak sat\u0131\u015f ayarlanabilir hidrolik silindir gibi ayarlanabilir \u00e7atal tipi silindirlerin uygulanmas\u0131, hassas kontrol, esneklik, verimlilik, dayan\u0131kl\u0131l\u0131k ve g\u00fcvenlik a\u00e7\u0131s\u0131ndan say\u0131s\u0131z avantaj sunar. Bu silindirler, hassas hareket kontrol\u00fc ve uyarlanabilirli\u011fin hayati \u00f6nem ta\u015f\u0131d\u0131\u011f\u0131 tar\u0131m da dahil olmak \u00fczere \u00e7e\u015fitli end\u00fcstriler i\u00e7in temel bir \u00e7\u00f6z\u00fcm sunar. Bu silindirlerin hidrolik sistemlere dahil edilmesi performans\u0131 art\u0131rabilir, maliyetleri d\u00fc\u015f\u00fcrebilir ve genel verimlili\u011fi art\u0131rabilir.<\/p>\n<p><img decoding=\"async\" src=\"https:\/\/fmp-components.com\/wp-content\/uploads\/2024\/12\/Application-of-Adjustable-Clevis-Type-Cylinders.webp\" alt=\"Ayarlanabilir \u00c7atal Tipi Silindir\" width=\"800\" title=\"\"><\/p>\n<h3>FMP Hakk\u0131nda<\/h3>\n<p>FMP, hidrolik silindir \u00fcretimi ve sat\u0131\u015f\u0131 konusunda uzmanla\u015fm\u0131\u015f bir \u015firkettir. \u0130n\u015faat makineleri sekt\u00f6r\u00fcnde lider bir firma olarak, m\u00fc\u015fterilerimize y\u00fcksek kaliteli ve g\u00fcvenilir hidrolik silindir \u00e7\u00f6z\u00fcmleri sunmaya kendimizi adad\u0131k.<\/p>\n<p><img decoding=\"async\" src=\"https:\/\/fmp-components.com\/wp-content\/uploads\/2024\/12\/Adjustable-Clevis-Type-Cylinders-6.webp\" alt=\"Ayarlanabilir \u00c7atal Tipi Silindir\" width=\"826\" title=\"\"><\/p>\n<p>Hidrolik silindirlerimizin be\u015f temel avantaj\u0131 \u015funlard\u0131r:<\/p>\n<ol>\n<li>Dayan\u0131kl\u0131 ve Sa\u011flam: Hidrolik silindirlerimiz, a\u011f\u0131r hizmet uygulamalar\u0131na ve zorlu \u00e7al\u0131\u015fma ortamlar\u0131na dayanacak \u015fekilde \u00fcretilmi\u015ftir. Y\u00fcksek kaliteli malzemelerden \u00fcretilmi\u015f olup, uzun \u00f6m\u00fcrl\u00fc performans sa\u011flayacak \u015fekilde tasarlanm\u0131\u015ft\u0131r.<\/li>\n<li>Hassasiyet ve Verimlilik: Hidrolik silindirlerimiz hassasiyet ve verimlilik g\u00f6z \u00f6n\u00fcnde bulundurularak tasarlanm\u0131\u015ft\u0131r. P\u00fcr\u00fczs\u00fcz ve hassas hareket sa\u011flayarak optimum kontrol ve \u00e7al\u0131\u015fma sa\u011flarlar.<\/li>\n<li>Geni\u015f Se\u00e7enek Yelpazesi: Farkl\u0131 ihtiya\u00e7lar\u0131 kar\u015f\u0131lamak i\u00e7in geni\u015f bir hidrolik silindir yelpazesi sunuyoruz. Ayarlanabilir \u00e7atal tipi silindirlerden \u00e7ift etkili teleskopik silindirlere kadar, \u00e7e\u015fitli uygulamalar i\u00e7in do\u011fru \u00e7\u00f6z\u00fcme sahibiz.<\/li>\n<li>S\u0131k\u0131 Kalite Standartlar\u0131: FMP olarak, t\u00fcm hidrolik silindirlerimizin s\u0131k\u0131 kalite standartlar\u0131n\u0131 kar\u015f\u0131lamas\u0131n\u0131 sa\u011flamak i\u00e7in sayg\u0131n tedarik\u00e7ilerle uzun vadeli ortakl\u0131klar kurduk. Kaliteye olan ba\u011fl\u0131l\u0131\u011f\u0131m\u0131z, \u00fcr\u00fcnlerimizin g\u00fcvenilirli\u011fini ve performans\u0131n\u0131 garanti eder.<\/li>\n<li>Uzman Dan\u0131\u015fmanl\u0131k ve Destek: Deneyimli sat\u0131\u015f ekibimiz, in\u015faat makineleri sekt\u00f6r\u00fcnde uzmand\u0131r. Hidrolik silindirler konusunda derinlemesine bilgi sahibidirler ve ihtiya\u00e7lar\u0131n\u0131za uygun do\u011fru \u00fcr\u00fcn\u00fc se\u00e7menize yard\u0131mc\u0131 olmak i\u00e7in profesyonel dan\u0131\u015fmanl\u0131k hizmeti sunabilirler.<\/li>\n<\/ol>\n<p>FMP ile ola\u011fan\u00fcst\u00fc performans ve g\u00fcvenilirlik sunan en \u00fcst d\u00fczey hidrolik silindirlere sahip oldu\u011funuzdan emin olabilirsiniz. Hidrolik silindir ihtiya\u00e7lar\u0131n\u0131z\u0131 g\u00f6r\u00fc\u015fmek ve in\u015faat makineleri sekt\u00f6r\u00fcnde g\u00fcvenilir orta\u011f\u0131n\u0131z olmak i\u00e7in bug\u00fcn bizimle ileti\u015fime ge\u00e7in.<\/p>\n<h2>SSS<\/h2>\n<p><strong>S: FMP hangi tip hidrolik silindirleri sunuyor?<\/strong><br \/>\nA: FMP, rot-\u00e7ubuk, kaynakl\u0131, teleskopik, tek ve \u00e7ift etkili silindirler dahil olmak \u00fczere \u00e7e\u015fitli tipte hidrolik silindirler sunmaktad\u0131r.<\/p>\n<p><img decoding=\"async\" src=\"https:\/\/img.jiansujichilun.com\/img\/hydrauliccylinders\/C_hydrauliccylinders-1.webp\" alt=\"hidrolik silindir\" width=\"800\" title=\"\"><\/p>\n<p><strong>S: Hidrolik silindirler \u00f6zel gereksinimlere g\u00f6re \u00f6zelle\u015ftirilebilir mi?<\/strong><br \/>\nC: Evet, FMP m\u00fc\u015fterilerinin \u00f6zel ihtiya\u00e7lar\u0131na g\u00f6re uyarlanm\u0131\u015f silindirler elde etmelerine olanak tan\u0131yan \u00f6zelle\u015ftirme se\u00e7enekleri sunar.<\/p>\n<p><strong>S: FMP kurulum ve bak\u0131m konusunda ne t\u00fcr destek sa\u011fl\u0131yor?<\/strong><br \/>\nA: FMP, silindirlerin uzun \u00f6m\u00fcrl\u00fc olmas\u0131n\u0131 ve optimum performans g\u00f6stermesini sa\u011flamak i\u00e7in kurulum prosed\u00fcrleri, bak\u0131m ipu\u00e7lar\u0131 ve en iyi uygulamalar konusunda rehberlik sunar.<\/p>\n<p>Yazar\uff1a CX<\/p>","protected":false},"excerpt":{"rendered":"<p>Hot Sale Adjustable Hydraulic Cylinder for Agriculture Trailer is a powerful and versatile product designed to meet the needs of farmers and other agricultural professionals. This high-quality hydraulic cylinder is adjustable, allowing it to work with a range of different trailers and implements. With its durable construction and advanced features, it is perfect for use [&hellip;]<\/p>","protected":false},"featured_media":1340,"comment_status":"closed","ping_status":"closed","template":"","meta":{"_et_pb_use_builder":"","_et_pb_old_content":"","_et_gb_content_width":""},"product_brand":[],"product_cat":[39],"product_tag":[41,34],"class_list":{"0":"post-1364","1":"product","2":"type-product","3":"status-publish","4":"has-post-thumbnail","6":"product_cat-adjustable-clevis-type-cylinders","7":"product_tag-adjustable-clevis-type-cylinders","8":"product_tag-hydraulic-cylinder","10":"first","11":"instock","12":"product-type-simple"},"_links":{"self":[{"href":"https:\/\/fmp-components.com\/tr\/wp-json\/wp\/v2\/product\/1364","targetHints":{"allow":["GET"]}}],"collection":[{"href":"https:\/\/fmp-components.com\/tr\/wp-json\/wp\/v2\/product"}],"about":[{"href":"https:\/\/fmp-components.com\/tr\/wp-json\/wp\/v2\/types\/product"}],"replies":[{"embeddable":true,"href":"https:\/\/fmp-components.com\/tr\/wp-json\/wp\/v2\/comments?post=1364"}],"wp:featuredmedia":[{"embeddable":true,"href":"https:\/\/fmp-components.com\/tr\/wp-json\/wp\/v2\/media\/1340"}],"wp:attachment":[{"href":"https:\/\/fmp-components.com\/tr\/wp-json\/wp\/v2\/media?parent=1364"}],"wp:term":[{"taxonomy":"product_brand","embeddable":true,"href":"https:\/\/fmp-components.com\/tr\/wp-json\/wp\/v2\/product_brand?post=1364"},{"taxonomy":"product_cat","embeddable":true,"href":"https:\/\/fmp-components.com\/tr\/wp-json\/wp\/v2\/product_cat?post=1364"},{"taxonomy":"product_tag","embeddable":true,"href":"https:\/\/fmp-components.com\/tr\/wp-json\/wp\/v2\/product_tag?post=1364"}],"curies":[{"name":"wp","href":"https:\/\/api.w.org\/{rel}","templated":true}]}}