{"id":1360,"date":"2024-12-23T02:18:57","date_gmt":"2024-12-23T02:18:57","guid":{"rendered":"https:\/\/fmp-components.com\/product\/customized-welded-double-acting-trailer-hydraulic-cylinder-for-agriculture\/"},"modified":"2024-12-23T03:02:26","modified_gmt":"2024-12-23T03:02:26","slug":"customized-welded-double-acting-trailer-hydraulic-cylinder-for-agriculture","status":"publish","type":"product","link":"https:\/\/fmp-components.com\/tr\/product\/customized-welded-double-acting-trailer-hydraulic-cylinder-for-agriculture\/","title":{"rendered":"Tar\u0131m \u0130\u00e7in \u00d6zelle\u015ftirilmi\u015f Kaynakl\u0131 \u00c7ift Etkili R\u00f6mork Hidrolik Silindiri"},"content":{"rendered":"<h2>Tar\u0131m \u0130\u00e7in \u00d6zelle\u015ftirilmi\u015f Kaynakl\u0131 \u00c7ift Etkili R\u00f6mork Hidrolik Silindirini Tan\u0131t\u0131yoruz:<\/h2>\n<p>Tar\u0131m i\u00e7in \u00d6zel Kaynakl\u0131 \u00c7ift Etkili R\u00f6mork Hidrolik Silindiri, tar\u0131m sekt\u00f6r\u00fcnde kullan\u0131lmak \u00fczere \u00f6zel olarak tasarlanm\u0131\u015f, y\u00fcksek kaliteli ve g\u00fcvenilir bir \u00fcr\u00fcnd\u00fcr. Bu hidrolik silindir, hassasiyet ve dayan\u0131kl\u0131l\u0131k g\u00f6z \u00f6n\u00fcnde bulundurularak tasarlanm\u0131\u015ft\u0131r ve bu da onu \u00e7e\u015fitli tar\u0131m uygulamalar\u0131 i\u00e7in ideal hale getirir.<\/p>\n<p>Kaynakl\u0131 tasar\u0131m\u0131yla bu hidrolik silindir, ola\u011fan\u00fcst\u00fc g\u00fc\u00e7 ve stabilite sa\u011flayarak tar\u0131msal faaliyetlerin zorlu ko\u015fullar\u0131na dayanmas\u0131n\u0131 sa\u011flar. \u00c7ift etkili i\u015flevselli\u011fi, her iki y\u00f6nde de sorunsuz ve verimli hareket sa\u011flayarak verimlili\u011fi ve performans\u0131 art\u0131r\u0131r.<\/p>\n<p>\u00d6zelle\u015ftirilmi\u015f tasar\u0131m\u0131yla bu hidrolik silindir, tar\u0131m makine ve ekipmanlar\u0131n\u0131n \u00f6zel gereksinimlerini kar\u015f\u0131layacak \u015fekilde uyarlanabilir. Farkl\u0131 boyut ve konfig\u00fcrasyonlarda mevcut olup, \u00e7e\u015fitli tar\u0131m sistemlerine kusursuz entegrasyon sa\u011flar.<\/p>\n<p>Tar\u0131m i\u00e7in \u00d6zelle\u015ftirilmi\u015f Kaynakl\u0131 \u00c7ift Etkili R\u00f6mork Hidrolik Silindiri, geli\u015fmi\u015f hidrolik teknolojisiyle optimum performans ve g\u00fcvenilirlik sa\u011flar. Hassas ve kontroll\u00fc hareketler sa\u011flayarak tar\u0131msal operasyonlarda verimlili\u011fi ve etkinli\u011fi art\u0131rmaya katk\u0131da bulunur.<\/p>\n<p><img loading=\"lazy\" decoding=\"async\" class=\"alignnone size-full wp-image-1334\" src=\"https:\/\/fmp-components.com\/wp-content\/uploads\/2024\/12\/Adjustable-Clevis-Type-Cylinders-4.webp\" alt=\"Ayarlanabilir-\u00c7ember-Tipi-Silindirler\" width=\"800\" height=\"800\" title=\"\" srcset=\"https:\/\/fmp-components.com\/wp-content\/uploads\/2024\/12\/Adjustable-Clevis-Type-Cylinders-4.webp 800w, https:\/\/fmp-components.com\/wp-content\/uploads\/2024\/12\/Adjustable-Clevis-Type-Cylinders-4-480x480.webp 480w\" sizes=\"(min-width: 0px) and (max-width: 480px) 480px, (min-width: 481px) 800px, 100vw\" \/><\/p>\n<p>Bu hidrolik silindir, uzun \u00f6m\u00fcrl\u00fc ve a\u015f\u0131nmaya kar\u015f\u0131 dayan\u0131kl\u0131, y\u00fcksek kaliteli malzemeler kullan\u0131larak \u00fcretilmi\u015ftir. Zorlu \u00e7al\u0131\u015fma ko\u015fullar\u0131na dayanacak \u015fekilde tasarlanm\u0131\u015ft\u0131r ve bu da onu tar\u0131m makineleri ve ekipmanlar\u0131 i\u00e7in g\u00fcvenilir bir tercih haline getirir.<\/p>\n<p>Sonu\u00e7 olarak, Tar\u0131m i\u00e7in \u00d6zelle\u015ftirilmi\u015f Kaynakl\u0131 \u00c7ift Etkili R\u00f6mork Hidrolik Silindiri, tar\u0131msal uygulamalarda m\u00fckemmel performans ve dayan\u0131kl\u0131l\u0131k sunan birinci s\u0131n\u0131f bir \u00fcr\u00fcnd\u00fcr. \u00d6zelle\u015ftirilmi\u015f tasar\u0131m\u0131, geli\u015fmi\u015f hidrolik teknolojisi ve \u00fcst\u00fcn kalitesi, optimum verimlilik ve \u00fcretkenlik arayan her t\u00fcrl\u00fc tar\u0131msal i\u015fletme i\u00e7in onu vazge\u00e7ilmez bir bile\u015fen haline getirir.<\/p>\n<table style=\"width: 100%;\" border=\"1\" width=\"100%\" cellspacing=\"0\" cellpadding=\"0\">\n<tbody>\n<tr>\n<th>\u00dcr\u00fcn Ad\u0131<\/th>\n<td>\u00d6zelle\u015ftirilmi\u015f Kaynakl\u0131 \u00c7ift Etkili R\u00f6mork Hidrolik Silindirleri<\/td>\n<\/tr>\n<tr>\n<th>Sanayi<\/th>\n<td>Tar\u0131m<\/td>\n<\/tr>\n<tr>\n<th>Malzeme<\/th>\n<td>Y\u00fcksek kaliteli \u00e7elik<\/td>\n<\/tr>\n<tr>\n<th>Garanti<\/th>\n<td>1 Y\u0131l (Temel Bile\u015fenler)<\/td>\n<\/tr>\n<tr>\n<th>\u00c7ekirdek Bile\u015fenler<\/th>\n<td>Rulman, Hidrolik Silindir<\/td>\n<\/tr>\n<tr>\n<th>Tip<\/th>\n<td>Ayarlanabilir \u00c7atal Tipi<\/td>\n<\/tr>\n<tr>\n<th>Limanlar<\/th>\n<td>G\/SAE\/NPT\/M<\/td>\n<\/tr>\n<tr>\n<th>Maksimum \u00c7ekme Kapasitesi<\/th>\n<td>20 ton<\/td>\n<\/tr>\n<tr>\n<th>Yap\u0131<\/th>\n<td>Standart Piston Silindiri<\/td>\n<\/tr>\n<tr>\n<th>Delik Boyutu<\/th>\n<td>2 \u2013 6 in\u00e7<\/td>\n<\/tr>\n<tr>\n<th>\u00c7ubuk Boyutu<\/th>\n<td>1,125 \u2013 4 in\u00e7<\/td>\n<\/tr>\n<tr>\n<th>Vuru\u015f Boyutu<\/th>\n<td>4 \u2013 100 in\u00e7<\/td>\n<\/tr>\n<tr>\n<th>Pin Boyutu<\/th>\n<td>0,5 \u2013 2 in\u00e7<\/td>\n<\/tr>\n<\/tbody>\n<\/table>\n<h2>Ayarlanabilir \u00c7atal Tipi Silindirlerin Avantajlar\u0131<\/h2>\n<ul>\n<li style=\"list-style-type: none;\">\n<ul>\n<li>Artt\u0131r\u0131lm\u0131\u015f esneklik ve \u00f6zelle\u015ftirme<\/li>\n<\/ul>\n<\/li>\n<\/ul>\n<p>Hidrolik silindir end\u00fcstrisinde ki\u015fiselle\u015ftirme \u00e7ok \u00f6nemlidir ve ayarlanabilir \u00e7atal tipi silindirler bu konuda benzersiz bir avantaj sunar. Bu silindirler, silindir kapa\u011f\u0131n\u0131n ayarlanabilir konumland\u0131r\u0131lmas\u0131na olanak tan\u0131r ve bu da \u00f6zellikle alan\u0131n k\u0131s\u0131tl\u0131 oldu\u011fu karma\u015f\u0131k hidrolik sistemlerde faydal\u0131 olabilir. Daha fazla esneklik sa\u011flayarak, ayarlanabilir \u00e7atal tipi silindirler hidrolik makinelerin daha hassas ve verimli \u00e7al\u0131\u015fmas\u0131n\u0131 sa\u011flar.<\/p>\n<ul>\n<li style=\"list-style-type: none;\">\n<ul>\n<li>Azalt\u0131lm\u0131\u015f bak\u0131m ve onar\u0131m maliyetleri<\/li>\n<\/ul>\n<\/li>\n<\/ul>\n<p>Ayarlanabilir \u00e7atal tipi silindirlerin en \u00f6nemli avantajlar\u0131ndan biri dayan\u0131kl\u0131l\u0131klar\u0131d\u0131r. Ayarlanabilir \u00e7atal tasar\u0131m\u0131, silindir \u00e7ubu\u011funun hasar g\u00f6rmesini \u00f6nlemeye yard\u0131mc\u0131 olur ve piston \u00fczerindeki bask\u0131y\u0131 azaltarak silindirin \u00f6mr\u00fcn\u00fc uzatabilir. Bu dayan\u0131kl\u0131l\u0131k, uzun vadede bak\u0131m ve onar\u0131m maliyetlerini d\u00fc\u015f\u00fcrmeye yard\u0131mc\u0131 olur ve bu da \u00f6zellikle hidrolik makinelerin yo\u011fun olarak kullan\u0131ld\u0131\u011f\u0131 end\u00fcstriyel ortamlarda \u00f6nemli olabilir.<\/p>\n<ul>\n<li style=\"list-style-type: none;\">\n<ul>\n<li>Geli\u015ftirilmi\u015f performans ve verimlilik<\/li>\n<\/ul>\n<\/li>\n<\/ul>\n<p>Ayarlanabilir \u00e7atal tipi silindirler, hidrolik makinelerin performans ve verimlili\u011fini art\u0131rmaya da yard\u0131mc\u0131 olabilir. Silindir kapa\u011f\u0131n\u0131n daha hassas konumland\u0131r\u0131lmas\u0131na olanak tan\u0131yan bu silindirler, s\u0131z\u0131nt\u0131lar\u0131 \u00f6nlemeye ve enerji kayb\u0131n\u0131 azaltmaya yard\u0131mc\u0131 olabilir. Ayr\u0131ca, ayarlanabilir \u00e7atal tipi tasar\u0131m\u0131, silindir ve di\u011fer hidrolik bile\u015fenlerin hasar g\u00f6rme riskini azaltarak makinelerin verimlili\u011fini ve performans\u0131n\u0131 daha da art\u0131rabilir.<\/p>\n<ul>\n<li style=\"list-style-type: none;\">\n<ul>\n<li>Art\u0131r\u0131lm\u0131\u015f g\u00fcvenlik<\/li>\n<\/ul>\n<\/li>\n<\/ul>\n<p>Ayarlanabilir \u00e7atal tipi silindirlerin bir di\u011fer avantaj\u0131 da g\u00fcvenlik \u00f6zellikleridir. Ayarlanabilir \u00e7atal tasar\u0131m\u0131, silindir \u00e7ubu\u011funun hasar g\u00f6rmesini \u00f6nlemeye yard\u0131mc\u0131 olarak i\u015f yerinde kaza ve yaralanma riskini azaltabilir. Ayr\u0131ca, bu silindirlerin dayan\u0131kl\u0131l\u0131\u011f\u0131 ve g\u00fcvenilirli\u011fi, beklenmedik ar\u0131zalar\u0131 \u00f6nlemeye yard\u0131mc\u0131 olarak i\u015f yeri g\u00fcvenli\u011fini daha da art\u0131rabilir.<\/p>\n<ul>\n<li style=\"list-style-type: none;\">\n<ul>\n<li>Geni\u015f uygulama yelpazesi<\/li>\n<\/ul>\n<\/li>\n<\/ul>\n<p>Ayarlanabilir \u00e7atal tipi silindirler, \u00e7ok \u00e7e\u015fitli hidrolik makine uygulamalar\u0131nda kullan\u0131labilir. Tar\u0131m i\u00e7in \u00f6zel kaynakl\u0131 \u00e7ift etkili r\u00f6mork hidrolik silindirlerinden end\u00fcstriyel makine ve in\u015faat ekipmanlar\u0131na kadar, bu silindirler esneklik, dayan\u0131kl\u0131l\u0131k ve hassasiyet gerektiren her t\u00fcrl\u00fc hidrolik sistem i\u00e7in \u00e7ok y\u00f6nl\u00fc bir \u00e7\u00f6z\u00fcm sunar.<\/p>\n<p>Sonu\u00e7 olarak, ayarlanabilir \u00e7atal tipi silindirler, di\u011fer hidrolik silindirlere k\u0131yasla benzersiz avantajlar sunar. Esneklikleri, dayan\u0131kl\u0131l\u0131klar\u0131, performanslar\u0131, g\u00fcvenlik \u00f6zellikleri ve \u00e7ok y\u00f6nl\u00fcl\u00fckleri, onlar\u0131 \u00e7ok \u00e7e\u015fitli hidrolik makine uygulamalar\u0131 i\u00e7in ideal bir \u00e7\u00f6z\u00fcm haline getirir. \u0130ster tar\u0131m ister ba\u015fka bir hidrolik sistem i\u00e7in \u00f6zelle\u015ftirilmi\u015f kaynakl\u0131 \u00e7ift etkili r\u00f6mork hidrolik silindirleri ar\u0131yor olun, ayarlanabilir \u00e7atal tipi silindirler hidrolik makinelerinizi optimize etmek i\u00e7in m\u00fckemmel bir se\u00e7imdir.<img decoding=\"async\" src=\"https:\/\/fmp-components.com\/wp-content\/uploads\/2024\/12\/Adjustable-Clevis-Type-Cylinders5.webp\" alt=\"Ayarlanabilir \u00c7atal Tipi Silindir\" width=\"800\" title=\"\"><\/p>\n<h2>Ayarlanabilir \u00c7atal Tip Silindirlerin Uygulamas\u0131<\/h2>\n<p>Tar\u0131m i\u00e7in \u00d6zelle\u015ftirilmi\u015f Kaynakl\u0131 \u00c7ift Etkili R\u00f6mork Hidrolik Silindiri gibi ayarlanabilir \u00e7atal tipi silindirler, \u00e7e\u015fitli end\u00fcstrilerde geni\u015f bir uygulama yelpazesine sahiptir. Bu silindirler, \u00e7ok y\u00f6nl\u00fcl\u00fckleri ve dayan\u0131kl\u0131l\u0131klar\u0131yla bilinir ve bu da onlar\u0131 bir\u00e7ok farkl\u0131 g\u00f6rev i\u00e7in ideal bir se\u00e7im haline getirir. Bu makalede, ayarlanabilir \u00e7atal tipi silindirlerin \u00e7e\u015fitli uygulamalar\u0131n\u0131 inceleyecek ve avantajlar\u0131n\u0131 ayr\u0131nt\u0131l\u0131 olarak tart\u0131\u015faca\u011f\u0131z.<\/p>\n<h3>1. Tar\u0131m Makinalar\u0131<\/h3>\n<p>Ayarlanabilir \u00e7atal tipi silindirlerin temel uygulamalar\u0131ndan biri tar\u0131m makineleridir. Bu silindirler genellikle trakt\u00f6r, bi\u00e7erd\u00f6ver ve saban gibi tar\u0131m ekipmanlar\u0131nda kullan\u0131l\u0131r. Ekipmanlar\u0131n kald\u0131r\u0131l\u0131p indirilmesi veya b\u0131\u00e7aklar\u0131n a\u00e7\u0131s\u0131n\u0131n ayarlanmas\u0131 gibi farkl\u0131 par\u00e7alar\u0131n hareketini kontrol etmede \u00f6nemli bir rol oynarlar. Tar\u0131m i\u00e7in \u00d6zel Kaynakl\u0131 \u00c7ift Etkili R\u00f6mork Hidrolik Silindiri, hassas kontrol ve g\u00fc\u00e7l\u00fc performans sunarak zorlu tar\u0131m ko\u015fullar\u0131nda verimli ve g\u00fcvenilir \u00e7al\u0131\u015fma sa\u011flar.<\/p>\n<h3>2. \u0130n\u015faat Ekipmanlar\u0131<\/h3>\n<p>Ayarlanabilir \u00e7atal tipi silindirler, dayan\u0131kl\u0131l\u0131klar\u0131 ve \u00e7ok y\u00f6nl\u00fcl\u00fckleri nedeniyle in\u015faat sekt\u00f6r\u00fcnde yayg\u0131n olarak kullan\u0131lmaktad\u0131r. Ekskavat\u00f6rler, y\u00fckleyiciler ve buldozerler gibi ekipmanlarda yayg\u0131n olarak bulunurlar. Bu silindirler, a\u011f\u0131r y\u00fckleri kald\u0131rma, bomlar\u0131 uzatma ve geri \u00e7ekme ve \u00e7e\u015fitli ata\u015fmanlar\u0131n hareketini kontrol etme gibi g\u00f6revlerde kullan\u0131l\u0131r. Y\u00fcksek y\u00fck kapasiteleri ve ayarlanabilir tasar\u0131mlar\u0131yla, Tar\u0131m \u0130\u00e7in \u00d6zel Kaynakl\u0131 \u00c7ift Etkili R\u00f6mork Hidrolik Silindiri, in\u015faat ekipmanlar\u0131 i\u00e7in m\u00fckemmel bir se\u00e7im oldu\u011funu kan\u0131tlamaktad\u0131r.<\/p>\n<h3>3. Malzeme Ta\u015f\u0131ma<\/h3>\n<p>Ayarlanabilir \u00e7atal tipi silindirler, malzeme ta\u015f\u0131ma uygulamalar\u0131nda da yayg\u0131n olarak kullan\u0131lmaktad\u0131r. Forkliftlerde, vin\u00e7lerde ve konvey\u00f6r sistemlerinde, mallar\u0131n hareketini ve konumland\u0131r\u0131lmas\u0131n\u0131 kolayla\u015ft\u0131rmak i\u00e7in kullan\u0131l\u0131rlar. Bu silindirler, hassas ve kontroll\u00fc kald\u0131rma, indirme ve e\u011fme hareketleri sa\u011flayarak verimli malzeme ta\u015f\u0131ma operasyonlar\u0131na olanak tan\u0131r. \u00d6zelle\u015ftirilmi\u015f tasar\u0131m\u0131 ve \u00e7ift etkili i\u015flevselli\u011fiyle, Tar\u0131m i\u00e7in \u00d6zelle\u015ftirilmi\u015f Kaynakl\u0131 \u00c7ift Etkili R\u00f6mork Hidrolik Silindiri, malzeme ta\u015f\u0131ma g\u00f6revlerinde optimum performans ve g\u00fcvenilirlik sa\u011flar.<\/p>\n<h3>4. Otomotiv End\u00fcstrisi<\/h3>\n<p>Otomotiv end\u00fcstrisi, ayarlanabilir \u00e7atal tipi silindirlerin kullan\u0131m\u0131ndan b\u00fcy\u00fck \u00f6l\u00e7\u00fcde faydalanmaktad\u0131r. Bu silindirler, s\u00fcspansiyon sistemleri, direksiyon mekanizmalar\u0131 ve a\u00e7\u0131l\u0131r tavanlar dahil olmak \u00fczere \u00e7e\u015fitli otomotiv sistemlerinde kullan\u0131lmaktad\u0131r. Hareketlerin sorunsuz ve hassas bir \u015fekilde kontrol edilmesini sa\u011flayarak, ara\u00e7 yolcular\u0131 i\u00e7in geli\u015fmi\u015f konfor ve g\u00fcvenlik sa\u011flarlar. Tar\u0131m i\u00e7in \u00d6zel Kaynakl\u0131 \u00c7ift Etkili R\u00f6mork Hidrolik Silindiri, \u00f6zel kaynakl\u0131 yap\u0131s\u0131yla otomotiv uygulamalar\u0131nda ola\u011fan\u00fcst\u00fc dayan\u0131kl\u0131l\u0131k ve performans sunar.<\/p>\n<h3>5. \u00dcretim ve End\u00fcstriyel Ekipmanlar<\/h3>\n<p>Ayarlanabilir \u00e7atal tipi silindirler, imalat ve end\u00fcstriyel ekipmanlarda yayg\u0131n olarak kullan\u0131l\u0131r. Presler, pres makineleri ve end\u00fcstriyel robotlar gibi makinelerde yayg\u0131n olarak kullan\u0131l\u0131rlar. Bu silindirler, kontroll\u00fc kuvvet ve hareket sa\u011flayarak hassas ve verimli \u00fcretim s\u00fcre\u00e7lerine olanak tan\u0131r. Tar\u0131m i\u00e7in \u00d6zel Kaynakl\u0131 \u00c7ift Etkili R\u00f6mork Hidrolik Silindiri, \u00e7ift etkili \u00f6zelli\u011fiyle zorlu end\u00fcstriyel ortamlarda g\u00fcvenilir ve hassas performans sa\u011flar.<\/p>\n<p>Sonu\u00e7 olarak, Tar\u0131m i\u00e7in \u00d6zelle\u015ftirilmi\u015f Kaynakl\u0131 \u00c7ift Etkili R\u00f6mork Hidrolik Silindiri gibi ayarlanabilir \u00e7atal tipi silindirler, bir\u00e7ok sekt\u00f6rde \u00e7e\u015fitli uygulamalara sahiptir. \u00c7ok y\u00f6nl\u00fcl\u00fckleri, dayan\u0131kl\u0131l\u0131klar\u0131 ve hassas kontrolleri, onlar\u0131 tar\u0131m makinelerinden otomotiv sistemlerine kadar \u00e7e\u015fitli g\u00f6revler i\u00e7in m\u00fckemmel bir se\u00e7im haline getirir. \u0130\u015fletmeler, bu silindirleri operasyonlar\u0131na dahil ederek geli\u015fmi\u015f verimlilik, g\u00fcvenilirlik ve \u00fcretkenlikten faydalanabilirler.<\/p>\n<p><img decoding=\"async\" src=\"https:\/\/fmp-components.com\/wp-content\/uploads\/2024\/12\/Application-of-Adjustable-Clevis-Type-Cylinders.webp\" alt=\"Ayarlanabilir \u00c7atal Tipi Silindir\" width=\"800\" title=\"\"><\/p>\n<h3>FMP Hidrolik Silindir Hakk\u0131nda<\/h3>\n<p>FMP, in\u015faat makineleri i\u00e7in y\u00fcksek kaliteli hidrolik silindirlerin lider tedarik\u00e7isidir. \u00dcr\u00fcnlerimiz dayan\u0131kl\u0131l\u0131\u011f\u0131, g\u00fcvenilirli\u011fi ve m\u00fckemmel performans\u0131yla bilinir. \u0130n\u015faat makineleri ihtiya\u00e7lar\u0131n\u0131z i\u00e7in FMP Hidrolik Silindir'i se\u00e7meniz i\u00e7in baz\u0131 nedenler \u015funlard\u0131r:<\/p>\n<p>1. Kalite: Hidrolik silindirlerimiz, uzun \u00f6m\u00fcrl\u00fc dayan\u0131kl\u0131l\u0131k ve \u00fcst\u00fcn performans sa\u011flayan y\u00fcksek kaliteli malzemelerden \u00fcretilmi\u015ftir.<\/p>\n<p>2. Geni\u015f \u00fcr\u00fcn yelpazesi: FMP, ayarlanabilir \u00e7atal tipi silindir (a\u015fa\u011f\u0131daki resme bak\u0131n\u0131z), ba\u011flant\u0131 \u00e7ubu\u011fu tipi silindir, kaynakl\u0131 tip silindir ve daha fazlas\u0131 dahil olmak \u00fczere farkl\u0131 tipteki in\u015faat makineleri i\u00e7in \u00e7e\u015fitli hidrolik silindirler sunar.<\/p>\n<p><img decoding=\"async\" src=\"https:\/\/fmp-components.com\/wp-content\/uploads\/2024\/12\/Adjustable-Clevis-Type-Cylinders-6.webp\" alt=\"Ayarlanabilir \u00c7atal Tipi Silindir\" width=\"822\" title=\"\"><\/p>\n<p>3. Rekabet\u00e7i fiyatland\u0131rma: FMP, \u00fcr\u00fcnlerini olduk\u00e7a rekabet\u00e7i fiyatlarla sunarak geni\u015f bir m\u00fc\u015fteri yelpazesine ula\u015fmas\u0131n\u0131 sa\u011flar.<\/p>\n<p>4. Profesyonel ekip: \u0130n\u015faat makineleri sekt\u00f6r\u00fc hakk\u0131nda bilgi sahibi olan deneyimli sat\u0131\u015f ekibimiz, m\u00fc\u015fterilerimize uzman tavsiyeleri ve deste\u011fi sa\u011flayabilir.<\/p>\n<p>5. Etkin lojistik: M\u00fc\u015fterilere \u00fcr\u00fcnlerin zaman\u0131nda ve do\u011fru bir \u015fekilde ula\u015ft\u0131r\u0131lmas\u0131n\u0131 sa\u011flayan k\u00f6kl\u00fc bir lojistik da\u011f\u0131t\u0131m sistemine sahibiz.<\/p>\n<p>\u00d6zetle, FMP Hidrolik Silindir t\u00fcm in\u015faat makineleri ihtiya\u00e7lar\u0131n\u0131z i\u00e7in g\u00fcvenilir ve sa\u011flam bir se\u00e7imdir. \u00dcr\u00fcn ve hizmetlerimiz hakk\u0131nda daha fazla bilgi edinmek i\u00e7in bug\u00fcn bizimle ileti\u015fime ge\u00e7in.<\/p>\n<h2>S\u0131k\u00e7a Sorulan Sorular<\/h2>\n<p><strong>S: Bu hidrolik silindirlerden hangi t\u00fcr end\u00fcstriler faydalanabilir?<\/strong><br \/>\nA: Hidrolik silindirlerimiz makine tamir at\u00f6lyeleri, \u00e7iftlikler, enerji ve madencilik, makine imalat\u0131 ve makine fabrikalar\u0131 dahil olmak \u00fczere \u00e7e\u015fitli end\u00fcstriler i\u00e7in idealdir.<\/p>\n<p><strong>S: Bu hidrolik silindirlerin temel \u00f6zellikleri nelerdir?<\/strong><br \/>\nC: Hidrolik silindirlerimiz maksimum 3000 itme g\u00fcc\u00fc, ayarlanabilir \u00e7atal tipi, G\/SAE\/NPT\/M ba\u011flant\u0131 noktalar\u0131 ve maksimum 20 ton \u00e7ekme kapasitesi sunar. Ayr\u0131ca ISO9001:2000 sertifikas\u0131na sahiptir.<\/p>\n<p><strong>S: Bu hidrolik silindirlerin garanti s\u00fcresi nedir?<\/strong><br \/>\nA: Hidrolik silindirlerimiz, \u00e7ekirdek bile\u015fenler i\u00e7in 1 y\u0131ll\u0131k garantiyle birlikte gelir; bu sayede g\u00fcvenle sat\u0131n alabilirsiniz.<\/p>\n<p><img decoding=\"async\" src=\"https:\/\/img.jiansujichilun.com\/img\/hydrauliccylinders\/C_hydrauliccylinders-2.webp\" alt=\"hidrolik silindir\" width=\"800\" title=\"\"><\/p>\n<p>Yazar\uff1a CX<\/p>","protected":false},"excerpt":{"rendered":"<p>Introducing the Customized Welded Double Acting Trailer Hydraulic Cylinder for Agriculture: The Customized Welded Double Acting Trailer Hydraulic Cylinder for Agriculture is a high-quality and reliable product designed specifically for use in the agriculture industry. This hydraulic cylinder is engineered with precision and durability in mind, making it ideal for various agricultural applications. Featuring a [&hellip;]<\/p>","protected":false},"featured_media":1338,"comment_status":"closed","ping_status":"closed","template":"","meta":{"_et_pb_use_builder":"","_et_pb_old_content":"","_et_gb_content_width":""},"product_brand":[],"product_cat":[39],"product_tag":[41,34],"class_list":{"0":"post-1360","1":"product","2":"type-product","3":"status-publish","4":"has-post-thumbnail","6":"product_cat-adjustable-clevis-type-cylinders","7":"product_tag-adjustable-clevis-type-cylinders","8":"product_tag-hydraulic-cylinder","10":"first","11":"instock","12":"product-type-simple"},"_links":{"self":[{"href":"https:\/\/fmp-components.com\/tr\/wp-json\/wp\/v2\/product\/1360","targetHints":{"allow":["GET"]}}],"collection":[{"href":"https:\/\/fmp-components.com\/tr\/wp-json\/wp\/v2\/product"}],"about":[{"href":"https:\/\/fmp-components.com\/tr\/wp-json\/wp\/v2\/types\/product"}],"replies":[{"embeddable":true,"href":"https:\/\/fmp-components.com\/tr\/wp-json\/wp\/v2\/comments?post=1360"}],"wp:featuredmedia":[{"embeddable":true,"href":"https:\/\/fmp-components.com\/tr\/wp-json\/wp\/v2\/media\/1338"}],"wp:attachment":[{"href":"https:\/\/fmp-components.com\/tr\/wp-json\/wp\/v2\/media?parent=1360"}],"wp:term":[{"taxonomy":"product_brand","embeddable":true,"href":"https:\/\/fmp-components.com\/tr\/wp-json\/wp\/v2\/product_brand?post=1360"},{"taxonomy":"product_cat","embeddable":true,"href":"https:\/\/fmp-components.com\/tr\/wp-json\/wp\/v2\/product_cat?post=1360"},{"taxonomy":"product_tag","embeddable":true,"href":"https:\/\/fmp-components.com\/tr\/wp-json\/wp\/v2\/product_tag?post=1360"}],"curies":[{"name":"wp","href":"https:\/\/api.w.org\/{rel}","templated":true}]}}