{"id":1359,"date":"2024-12-23T02:18:57","date_gmt":"2024-12-23T02:18:57","guid":{"rendered":"https:\/\/fmp-components.com\/product\/wholesale-customized-double-acting-welded-hydraulic-cylinder-for-tractor\/"},"modified":"2025-03-18T00:55:35","modified_gmt":"2025-03-18T00:55:35","slug":"wholesale-customized-double-acting-welded-hydraulic-cylinder-for-tractor","status":"publish","type":"product","link":"https:\/\/fmp-components.com\/tr\/product\/wholesale-customized-double-acting-welded-hydraulic-cylinder-for-tractor\/","title":{"rendered":"Trakt\u00f6r \u0130\u00e7in Toptan \u00d6zelle\u015ftirilmi\u015f \u00c7ift Etkili Kaynakl\u0131 Hidrolik Silindir"},"content":{"rendered":"<p>Trakt\u00f6rler \u0130\u00e7in Toptan \u00d6zelle\u015ftirilmi\u015f \u00c7ift Etkili Kaynakl\u0131 Hidrolik Silindir, trakt\u00f6rlerin \u00f6zel ihtiya\u00e7lar\u0131n\u0131 kar\u015f\u0131lamak \u00fczere tasarlanm\u0131\u015f y\u00fcksek kaliteli bir \u00fcr\u00fcnd\u00fcr. Bu hidrolik silindir, hassasl\u0131k ve dayan\u0131kl\u0131l\u0131k g\u00f6z \u00f6n\u00fcnde bulundurularak \u00fcretilmi\u015ftir ve zorlu ko\u015fullarda bile g\u00fcvenilir performans sa\u011flar.<\/p>\n<p>Bu hidrolik silindirin temel \u00f6zelliklerinden biri \u00e7ift etkili olmas\u0131d\u0131r. Bu, her iki y\u00f6nde de kuvvet \u00fcretebildi\u011fi ve verimli ve \u00e7ok y\u00f6nl\u00fc bir \u00e7al\u0131\u015fma sa\u011flad\u0131\u011f\u0131 anlam\u0131na gelir. \u0130ster a\u011f\u0131r y\u00fckleri kald\u0131rmak ister sahada \u00e7e\u015fitli g\u00f6revler ger\u00e7ekle\u015ftirmek olsun, bu hidrolik silindir optimum performans sa\u011flamak \u00fczere tasarlanm\u0131\u015ft\u0131r.<\/p>\n<p>Bu hidrolik silindirin kaynakl\u0131 yap\u0131s\u0131, sa\u011flaml\u0131\u011f\u0131n\u0131 ve uzun \u00f6m\u00fcrl\u00fcl\u00fc\u011f\u00fcn\u00fc garanti eder. A\u011f\u0131r y\u00fcklere ve a\u015f\u0131r\u0131 bas\u0131nca dayanacak \u015fekilde tasarlanm\u0131\u015ft\u0131r ve bu da onu zorlu tar\u0131m ortamlar\u0131nda kullan\u0131ma uygun hale getirir. Sa\u011flam yap\u0131s\u0131 ayr\u0131ca s\u0131z\u0131nt\u0131 riskini en aza indirerek hidrolik silindirin sorunsuz ve verimli \u00e7al\u0131\u015fmas\u0131n\u0131 sa\u011flar.<\/p>\n<p>\u00d6zelle\u015ftirilmi\u015f tasar\u0131m\u0131yla bu hidrolik silindir, farkl\u0131 trakt\u00f6r modellerinin \u00f6zel ihtiya\u00e7lar\u0131na uyacak \u015fekilde uyarlanabilir. Bu sayede m\u00fckemmel uyum ve optimum performans sa\u011flanarak \u00fcretkenlik ve verimlilikte art\u0131\u015f sa\u011flan\u0131r.<\/p>\n<p><img loading=\"lazy\" decoding=\"async\" class=\"alignnone size-full wp-image-1334\" src=\"https:\/\/fmp-components.com\/wp-content\/uploads\/2024\/12\/Adjustable-Clevis-Type-Cylinders-4.webp\" alt=\"Ayarlanabilir-\u00c7ember-Tipi-Silindirler\" width=\"800\" height=\"800\" title=\"\" srcset=\"https:\/\/fmp-components.com\/wp-content\/uploads\/2024\/12\/Adjustable-Clevis-Type-Cylinders-4.webp 800w, https:\/\/fmp-components.com\/wp-content\/uploads\/2024\/12\/Adjustable-Clevis-Type-Cylinders-4-480x480.webp 480w\" sizes=\"(min-width: 0px) and (max-width: 480px) 480px, (min-width: 481px) 800px, 100vw\" \/><\/p>\n<table style=\"width: 100%;\" border=\"1\" width=\"100%\" cellspacing=\"0\" cellpadding=\"0\">\n<tbody>\n<tr>\n<th>\u00dcr\u00fcn Ad\u0131<\/th>\n<td>Trakt\u00f6r i\u00e7in Toptan \u00d6zelle\u015ftirilmi\u015f \u00c7ift Etkili Kaynakl\u0131 Hidrolik Silindir<\/td>\n<\/tr>\n<tr>\n<th>Durum<\/th>\n<td>Yepyeni<\/td>\n<\/tr>\n<tr>\n<th>Garanti<\/th>\n<td>1 Y\u0131l<\/td>\n<\/tr>\n<tr>\n<th>Uygulanabilir End\u00fcstriler<\/th>\n<td>Makine Tamir At\u00f6lyeleri, \u00c7iftlikler, Enerji ve Madencilik, Makine \u00dcretimi, Makine Fabrikalar\u0131<\/td>\n<\/tr>\n<tr>\n<th>A\u011f\u0131rl\u0131k (KG)<\/th>\n<td>85<\/td>\n<\/tr>\n<tr>\n<th>G\u00f6vde Malzemesi<\/th>\n<td>Y\u00fcksek kaliteli \u00e7elik<\/td>\n<\/tr>\n<tr>\n<th>Maksimum \u0130tki<\/th>\n<td>3000<\/td>\n<\/tr>\n<tr>\n<th>Tip<\/th>\n<td>Standart Piston Silindiri<\/td>\n<\/tr>\n<tr>\n<th>G\u00fc\u00e7<\/th>\n<td>Hidrolik<\/td>\n<\/tr>\n<tr>\n<th>Ayarlanabilir Tip<\/th>\n<td>\u00c7atal Tipi<\/td>\n<\/tr>\n<tr>\n<th>Limanlar<\/th>\n<td>G\/SAE\/NPT\/M<\/td>\n<\/tr>\n<tr>\n<th>Maksimum \u00c7ekme Kapasitesi<\/th>\n<td>20 ton<\/td>\n<\/tr>\n<tr>\n<th>Sertifikasyon<\/th>\n<td>ISO9001:2000<\/td>\n<\/tr>\n<tr>\n<th>Delik Boyutu<\/th>\n<td>2 \u2013 6 in\u00e7<\/td>\n<\/tr>\n<tr>\n<th>\u00c7ubuk Boyutu<\/th>\n<td>1,125 \u2013 4 in\u00e7<\/td>\n<\/tr>\n<tr>\n<th>Vuru\u015f Boyutu<\/th>\n<td>4 \u2013 100 in\u00e7<\/td>\n<\/tr>\n<tr>\n<th>Pin Boyutu<\/th>\n<td>0,5 \u2013 2 in\u00e7<\/td>\n<\/tr>\n<tr>\n<th>Renk<\/th>\n<td>Siyah<\/td>\n<\/tr>\n<tr>\n<th>Paketleme Detaylar\u0131<\/th>\n<td>Demir kasa, kontrplak kasa veya karton kutu<\/td>\n<\/tr>\n<tr>\n<th><\/th>\n<td><\/td>\n<\/tr>\n<\/tbody>\n<\/table>\n<h2>Ayarlanabilir \u00c7atal Tipi Silindirlerin Avantajlar\u0131<\/h2>\n<p>Trakt\u00f6r i\u00e7in Toptan \u00d6zelle\u015ftirilmi\u015f \u00c7ift Etkili Kaynakl\u0131 Hidrolik Silindir gibi ayarlanabilir \u00e7atal tipi silindirler, \u00e7e\u015fitli uygulamalarda \u00e7e\u015fitli avantajlar sunar. Bu silindirler, kolay ayarlama ve \u00f6zelle\u015ftirme sa\u011flayan \u00e7atal tipi bir montajla tasarlanm\u0131\u015ft\u0131r. Ayarlanabilir \u00e7atal tipi silindirleri kullanman\u0131n temel avantajlar\u0131 a\u015fa\u011f\u0131dad\u0131r:<\/p>\n<p>1. Geli\u015fmi\u015f Esneklik: Bu silindirlerin ayarlanabilir \u00e7atal \u00f6zelli\u011fi, farkl\u0131 montaj konumlar\u0131na ve a\u00e7\u0131lar\u0131na kolay \u00f6zelle\u015ftirme ve uyum sa\u011flar. Bu esneklik, trakt\u00f6rler gibi tar\u0131m makineleri de dahil olmak \u00fczere \u00e7e\u015fitli uygulamalarda optimum performans ve verimlilik sa\u011flar. Hassas ayarlamalar yapabilme yetene\u011fi, hassas kontrol ve kullan\u0131m sa\u011flar.<\/p>\n<p>2. Art\u0131r\u0131lm\u0131\u015f Dayan\u0131kl\u0131l\u0131k: Trakt\u00f6rler i\u00e7in Toptan \u00d6zelle\u015ftirilmi\u015f \u00c7ift Etkili Kaynakl\u0131 Hidrolik Silindir, ola\u011fan\u00fcst\u00fc dayan\u0131kl\u0131l\u0131k ve uzun \u00f6m\u00fcr sa\u011flamak \u00fczere tasarlanm\u0131\u015ft\u0131r. Bu silindirler, y\u00fcksek kaliteli malzemelerden \u00fcretilmi\u015f ve zorlu ko\u015fullara dayanabilmelerini sa\u011flamak i\u00e7in s\u0131k\u0131 testlerden ge\u00e7irilmi\u015ftir. Kaynakl\u0131 tasar\u0131m, a\u011f\u0131r y\u00fcklere, titre\u015fimlere ve \u00e7evresel fakt\u00f6rlere kar\u015f\u0131 mukavemeti ve direnci art\u0131rarak kullan\u0131m \u00f6m\u00fcrlerini en \u00fcst d\u00fczeye \u00e7\u0131kar\u0131r.<\/p>\n<p>3. Geli\u015fmi\u015f Verimlilik: Ayarlanabilir \u00e7atal tipi silindirler sayesinde operat\u00f6rler, ekipmanlar\u0131n\u0131n performans\u0131n\u0131 ve verimlili\u011fini optimize edebilir. Hassas ayarlamalar, istenen kuvvet, h\u0131z ve strok uzunlu\u011funu elde etmek i\u00e7in ince ayar yap\u0131lmas\u0131na olanak tan\u0131r. Bu kontrol seviyesi, enerji t\u00fcketimini en aza indirmeye, a\u015f\u0131nma ve y\u0131pranmay\u0131 azaltmaya ve genel verimlili\u011fi art\u0131rmaya yard\u0131mc\u0131 olur.<\/p>\n<p>4. Kolay Kurulum ve Bak\u0131m: Bu silindirlerin \u00e7atall\u0131 montaj tasar\u0131m\u0131, \u00e7e\u015fitli ekipmanlara h\u0131zl\u0131 ve kolay bir \u015fekilde ba\u011flanmas\u0131n\u0131 sa\u011flayarak kurulum s\u00fcrecini basitle\u015ftirir. Ayr\u0131ca, contalar\u0131n veya di\u011fer bile\u015fenlerin incelenmesi ve de\u011fi\u015ftirilmesi gibi bak\u0131m prosed\u00fcrleri, eri\u015filebilir tasar\u0131m\u0131 sayesinde daha kolay hale gelir. Bu, ar\u0131za s\u00fcresini azalt\u0131r ve sorunsuz \u00e7al\u0131\u015fma sa\u011flar.<\/p>\n<p>5. \u00c7ok Y\u00f6nl\u00fc Uygulamalar: Ayarlanabilir \u00e7atal tipi silindirler, tar\u0131m, in\u015faat ve imalat dahil olmak \u00fczere \u00e7ok \u00e7e\u015fitli end\u00fcstrilerde uygulama alan\u0131 bulur. Tar\u0131m sekt\u00f6r\u00fcnde, bu silindirler genellikle trakt\u00f6rlerde, y\u00fckleyicilerde ve di\u011fer tar\u0131m makinelerinde a\u011f\u0131r y\u00fckleri kald\u0131rma, itme ve \u00e7ekme gibi g\u00f6revlerde kullan\u0131l\u0131r. \u00c7ok y\u00f6nl\u00fcl\u00fckleri, onlar\u0131 \u00e7e\u015fitli hidrolik sistemler ve ekipmanlar i\u00e7in uygun hale getirir.<\/p>\n<p>Genel olarak, ayarlanabilir \u00e7atal \u00f6zelli\u011fiyle Trakt\u00f6r i\u00e7in Toptan \u00d6zelle\u015ftirilmi\u015f \u00c7ift Etkili Kaynakl\u0131 Hidrolik Silindir, esneklik, dayan\u0131kl\u0131l\u0131k, verimlilik, kurulum ve bak\u0131m kolayl\u0131\u011f\u0131 ve \u00e7ok y\u00f6nl\u00fc uygulamalar a\u00e7\u0131s\u0131ndan say\u0131s\u0131z avantaj sunar. Bu silindirler, tar\u0131m end\u00fcstrisi ve di\u011fer sekt\u00f6rlerdeki modern hidrolik sistemlerin taleplerini kar\u015f\u0131lamak i\u00e7in gerekli g\u00fcvenilirli\u011fi ve performans\u0131 sa\u011flar.<\/p>\n<p><img decoding=\"async\" src=\"https:\/\/fmp-components.com\/wp-content\/uploads\/2024\/12\/Adjustable-Clevis-Type-Cylinders5.webp\" alt=\"Ayarlanabilir \u00c7atal Tipi Silindir\" width=\"800\" title=\"\"><\/p>\n<h2>Ayarlanabilir \u00c7atal Tip Silindirlerin Uygulamas\u0131<\/h2>\n<p>Trakt\u00f6rler \u0130\u00e7in Toptan \u00d6zelle\u015ftirilmi\u015f \u00c7ift Etkili Kaynakl\u0131 Hidrolik Silindir gibi ayarlanabilir \u00e7atal tipi silindirler, \u00e7e\u015fitli end\u00fcstrilerde geni\u015f uygulama alan\u0131 bulan \u00e7ok y\u00f6nl\u00fc hidrolik cihazlard\u0131r. Bu silindirler, hassas ve g\u00fcvenilir do\u011frusal hareket kontrol\u00fc sa\u011flamak \u00fczere \u00f6zel olarak tasarlanm\u0131\u015ft\u0131r ve bu da onlar\u0131 bir\u00e7ok end\u00fcstriyel s\u00fcre\u00e7te vazge\u00e7ilmez k\u0131lar. Bu makalede, ayarlanabilir \u00e7atal tipi silindirlerin farkl\u0131 uygulamalar\u0131n\u0131 inceleyecek ve avantajlar\u0131n\u0131 ve avantajlar\u0131n\u0131 vurgulayaca\u011f\u0131z.<\/p>\n<h3>1. End\u00fcstriyel Makineler<\/h3>\n<p>Ayarlanabilir \u00e7atal tipi silindirler, end\u00fcstriyel makinelerde hassas konumland\u0131rma ve hareket kontrol\u00fc i\u00e7in yayg\u0131n olarak kullan\u0131l\u0131r. Bu silindirler y\u00fcksek kuvvetler uygulayabilir ve p\u00fcr\u00fczs\u00fcz, kontroll\u00fc do\u011frusal hareket sa\u011flayabilir, bu da onlar\u0131 malzeme ta\u015f\u0131ma, montaj hatlar\u0131 ve otomatik makineler gibi uygulamalar i\u00e7in ideal hale getirir. \u00d6zellikle Trakt\u00f6rler i\u00e7in Toptan \u00d6zelle\u015ftirilmi\u015f \u00c7ift Etkili Kaynakl\u0131 Hidrolik Silindir, a\u011f\u0131r y\u00fcklere ve zorlu \u00e7al\u0131\u015fma ko\u015fullar\u0131na dayanacak \u015fekilde tasarlanm\u0131\u015ft\u0131r ve zorlu end\u00fcstriyel ortamlarda g\u00fcvenilir performans sa\u011flar.<\/p>\n<h3>2. \u0130n\u015faat Ekipmanlar\u0131<\/h3>\n<p>Ayarlanabilir \u00e7atal tipi silindirler, hassas ve g\u00fc\u00e7l\u00fc do\u011frusal hareket gerektiren \u00e7e\u015fitli i\u015flerde in\u015faat ekipmanlar\u0131nda yayg\u0131n olarak kullan\u0131lmaktad\u0131r. Ekskavat\u00f6rlerden vin\u00e7lere kadar bu silindirler, bomlar\u0131n, kep\u00e7elerin ve di\u011fer hidrolik ata\u015fmanlar\u0131n hareketini kontrol etmede \u00f6nemli bir rol oynar. Ayarlanabilir \u00e7atal u\u00e7lar\u0131 sayesinde bu silindirler, kurulumda esneklik sunar ve \u00f6zel ekipman gereksinimlerine g\u00f6re kolayca \u00f6zelle\u015ftirilebilir. Bu uyarlanabilirlik, optimum performans sa\u011flar ve in\u015faat makinelerinin genel verimlili\u011fini art\u0131r\u0131r.<\/p>\n<h3>3. Tar\u0131m Makinalar\u0131<\/h3>\n<p>Tar\u0131m sekt\u00f6r\u00fc, Trakt\u00f6rler \u0130\u00e7in Toptan \u00d6zelle\u015ftirilmi\u015f \u00c7ift Etkili Kaynakl\u0131 Hidrolik Silindir gibi ayarlanabilir \u00e7atal tipi silindirlerin uygulanmas\u0131ndan b\u00fcy\u00fck \u00f6l\u00e7\u00fcde faydalanmaktad\u0131r. Bu silindirler, trakt\u00f6r ve bi\u00e7erd\u00f6ver gibi tar\u0131m makinelerinde \u00e7e\u015fitli hidrolik fonksiyonlar\u0131 kontrol etmek i\u00e7in yayg\u0131n olarak kullan\u0131l\u0131r. Ekipmanlar\u0131n y\u00fcksekli\u011fini ayarlamaktan ata\u015fmanlar\u0131n hareketini kontrol etmeye kadar, bu silindirler tarlada hassas ve verimli operasyonlar sa\u011flar. Ayr\u0131ca, sa\u011flam yap\u0131lar\u0131 ve zorlu \u00e7evre ko\u015fullar\u0131na dayan\u0131kl\u0131l\u0131klar\u0131, onlar\u0131 tar\u0131msal uygulamalar\u0131n zorlu talepleri i\u00e7in uygun hale getirir.<\/p>\n<h3>4. Malzeme Ta\u015f\u0131ma<\/h3>\n<p>Ayarlanabilir \u00e7atal tipi silindirler, hassas kontrol ve g\u00fcvenilir performans\u0131n \u00f6nemli oldu\u011fu malzeme ta\u015f\u0131ma uygulamalar\u0131nda hayati bir rol oynar. Bu silindirler, mal ve malzemelerin ta\u015f\u0131nmas\u0131n\u0131 kolayla\u015ft\u0131rmak i\u00e7in konvey\u00f6r sistemlerinde, kald\u0131rma ekipmanlar\u0131nda ve otomatik depolarda yayg\u0131n olarak kullan\u0131l\u0131r. Trakt\u00f6rler i\u00e7in Toptan \u00d6zelle\u015ftirilmi\u015f \u00c7ift Etkili Kaynakl\u0131 Hidrolik Silindir, \u00e7ift etkili tasar\u0131m\u0131yla \u00e7ift y\u00f6nl\u00fc harekete olanak tan\u0131r ve hem itme hem de \u00e7ekme i\u015flemleri i\u00e7in uygundur. Bu \u00e7ok y\u00f6nl\u00fcl\u00fck, verimli malzeme ta\u015f\u0131ma sa\u011flar ve \u00e7e\u015fitli end\u00fcstrilerde \u00fcretkenli\u011fin artmas\u0131na katk\u0131da bulunur.<\/p>\n<h3>5. Mobil Ekipman<\/h3>\n<p>Ayarlanabilir \u00e7atal tipi silindirler, kamyonlar, r\u00f6morklar ve tar\u0131m ara\u00e7lar\u0131 dahil olmak \u00fczere \u00e7e\u015fitli mobil ekipmanlarda da bulunur. Bu silindirler, kasalar\u0131 yat\u0131rma, platformlar\u0131 kald\u0131r\u0131p indirme ve direksiyon mekanizmalar\u0131n\u0131 ayarlama gibi i\u015flevler i\u00e7in g\u00fcvenilir ve kontroll\u00fc hareket sa\u011flar. Sa\u011flam yap\u0131lar\u0131 ve a\u011f\u0131r y\u00fcklere dayanma kabiliyetleri, dayan\u0131kl\u0131l\u0131k ve g\u00fcvenli\u011fin \u00f6n planda oldu\u011fu mobil uygulamalarda onlar\u0131 vazge\u00e7ilmez k\u0131lar.<\/p>\n<p>Sonu\u00e7 olarak, ayarlanabilir \u00e7atal tipi silindir olan Trakt\u00f6r \u0130\u00e7in Toptan \u00d6zelle\u015ftirilmi\u015f \u00c7ift Etkili Kaynakl\u0131 Hidrolik Silindir, \u00e7ok \u00e7e\u015fitli end\u00fcstrilerde yayg\u0131n uygulama alan\u0131 bulmaktad\u0131r. End\u00fcstriyel makineler, in\u015faat ekipmanlar\u0131, tar\u0131m makineleri, malzeme ta\u015f\u0131ma veya mobil ekipmanlarda, bu silindirler hassas kontrol, g\u00fcvenilirlik ve dayan\u0131kl\u0131l\u0131k sunar. Trakt\u00f6r \u0130\u00e7in Toptan \u00d6zelle\u015ftirilmi\u015f \u00c7ift Etkili Kaynakl\u0131 Hidrolik Silindir'i \u00e7e\u015fitli hidrolik sistemlere entegre ederek, end\u00fcstriler verimlili\u011fi, \u00fcretkenli\u011fi ve genel performans\u0131 art\u0131rabilir.<\/p>\n<p><img decoding=\"async\" src=\"https:\/\/fmp-components.com\/wp-content\/uploads\/2024\/12\/Application-of-Adjustable-Clevis-Type-Cylinders.webp\" alt=\"Ayarlanabilir \u00c7atal Tipi Silindir\" width=\"800\" title=\"\"><\/p>\n<h3>FMP Hakk\u0131nda<\/h3>\n<p>FMP, in\u015faat makineleri sekt\u00f6r\u00fcnde y\u00fcksek kaliteli Hidrolik Silindirler i\u00e7in g\u00fcvenilir kayna\u011f\u0131n\u0131zd\u0131r. Uzun y\u0131llara dayanan sekt\u00f6r deneyimimiz ve profesyonel ekibimizle, de\u011ferli m\u00fc\u015fterilerimize birinci s\u0131n\u0131f in\u015faat makinesi par\u00e7alar\u0131 ve komple makine \u00e7\u00f6z\u00fcmleri sunmaya kendimizi adad\u0131k.<\/p>\n<p>Hidrolik Silindir ihtiya\u00e7lar\u0131n\u0131z i\u00e7in FMP'yi se\u00e7meniz i\u00e7in be\u015f neden:<\/p>\n<ol>\n<li><strong>Geni\u015f Se\u00e7enek Yelpazesi:<\/strong> \u00dcr\u00fcn yelpazemiz, farkl\u0131 in\u015faat makinelerine uygun \u00e7e\u015fitli Hidrolik Silindirler i\u00e7ermektedir. \u0130ster tek etkili ister \u00e7ift etkili silindirlere, ister teleskopik veya rot kollu silindirlere ihtiyac\u0131n\u0131z olsun, ihtiya\u00e7lar\u0131n\u0131z\u0131 kar\u015f\u0131layacak do\u011fru \u00e7\u00f6z\u00fcme sahibiz.<\/li>\n<li><strong>\u00dcst\u00fcn Kalite:<\/strong> Yurt i\u00e7i ve yurt d\u0131\u015f\u0131nda y\u00fcksek kaliteli tedarik\u00e7ilerle uzun vadeli ve istikrarl\u0131 ili\u015fkiler kurduk. Bu sayede, t\u00fcm Hidrolik Silindirlerimiz s\u0131k\u0131 kalite standartlar\u0131n\u0131 kar\u015f\u0131layarak, projelerinizin taleplerine dayanacak g\u00fcvenilir ve dayan\u0131kl\u0131 bile\u015fenler sunuyoruz.<\/li>\n<li><strong>Uzman Sat\u0131\u015f Ekibi:<\/strong> Deneyimli ve bilgili sat\u0131\u015f ekibimiz, in\u015faat makineleri sekt\u00f6r\u00fcndeki en son trendler ve m\u00fc\u015fteri ihtiya\u00e7lar\u0131 konusunda uzmand\u0131r. Size profesyonel \u00fcr\u00fcn dan\u0131\u015fmanl\u0131\u011f\u0131 ve ak\u0131ll\u0131 sat\u0131n alma \u00f6nerileri sunarak bilin\u00e7li kararlar alman\u0131za yard\u0131mc\u0131 olmaya haz\u0131rd\u0131r.<\/li>\n<li><strong>Verimli Lojistik:<\/strong> Zaman\u0131nda teslimat\u0131n \u00f6neminin fark\u0131nday\u0131z. Verimli lojistik da\u011f\u0131t\u0131m sistemimizle, ihtiya\u00e7 duydu\u011funuz Hidrolik Silindirleri zaman\u0131nda ve do\u011fru bir \u015fekilde teslim alman\u0131z\u0131 sa\u011fl\u0131yoruz. Projelerinizin zaman\u0131nda tamamlanmas\u0131 i\u00e7in bize g\u00fcvenebilirsiniz.<\/li>\n<li><strong>Ola\u011fan\u00fcst\u00fc M\u00fc\u015fteri Hizmetleri:<\/strong> FMP olarak m\u00fc\u015fterilerimize de\u011fer veriyor ve ola\u011fan\u00fcst\u00fc hizmet sunmay\u0131 hedefliyoruz. \u00d6zverili ekibimiz, sorular\u0131n\u0131z\u0131 ve endi\u015felerinizi derhal yan\u0131tlayarak, bizimle i\u015f birli\u011finiz boyunca sorunsuz ve tatmin edici bir deneyim ya\u015faman\u0131z\u0131 sa\u011flamaya kendini adam\u0131\u015ft\u0131r.<\/li>\n<\/ol>\n<p>Ayarlanabilir \u00c7atal Tipi Silindirimize daha yak\u0131ndan bak\u0131n:<\/p>\n<p><img decoding=\"async\" src=\"https:\/\/fmp-components.com\/wp-content\/uploads\/2024\/12\/Adjustable-Clevis-Type-Cylinders-6.webp\" alt=\"Ayarlanabilir \u00c7atal Tipi Silindir\" width=\"821\" title=\"\"><\/p>\n<h2>SSS<\/h2>\n<p><b>S: Sundu\u011funuz farkl\u0131 Hidrolik Silindir t\u00fcrleri nelerdir?<\/b><br \/>\nA: Rotlu, kaynakl\u0131, teleskopik, tek etkili ve \u00e7ift etkili silindirler sunuyoruz.<\/p>\n<p><b>S: Hidrolik Silindirin y\u00fck kapasitesi nedir?<\/b><br \/>\nA: Hidrolik Silindirimizin maksimum ta\u015f\u0131ma kapasitesi 20 tondur.<\/p>\n<p><b>S: Hidrolik Silindir i\u00e7in \u00f6zelle\u015ftirme se\u00e7enekleri sunuyor musunuz?<\/b><br \/>\nC: Evet, \u00f6yle. Silindirleri \u00f6zel gereksinimlerinizi kar\u015f\u0131layacak \u015fekilde \u00f6zelle\u015ftirebiliriz.<\/p>\n<p><img decoding=\"async\" src=\"https:\/\/img.jiansujichilun.com\/img\/hydrauliccylinders\/B_hydrauliccylinders-5.webp\" alt=\"hidrolik silindir\" width=\"800\" title=\"\"><\/p>\n<p>Yazar\uff1a CX<\/p>","protected":false},"excerpt":{"rendered":"<p>The Wholesale Customized Double Acting Welded Hydraulic Cylinder For Tractor is a high-quality product that is designed to meet the specific needs of tractors. This hydraulic cylinder is built with precision and durability in mind, ensuring its reliable performance even in demanding conditions. One of the key features of this hydraulic cylinder is its double-acting [&hellip;]<\/p>","protected":false},"featured_media":1336,"comment_status":"closed","ping_status":"closed","template":"","meta":{"_et_pb_use_builder":"","_et_pb_old_content":"","_et_gb_content_width":""},"product_brand":[],"product_cat":[39],"product_tag":[41,34],"class_list":{"0":"post-1359","1":"product","2":"type-product","3":"status-publish","4":"has-post-thumbnail","6":"product_cat-adjustable-clevis-type-cylinders","7":"product_tag-adjustable-clevis-type-cylinders","8":"product_tag-hydraulic-cylinder","10":"first","11":"instock","12":"product-type-simple"},"_links":{"self":[{"href":"https:\/\/fmp-components.com\/tr\/wp-json\/wp\/v2\/product\/1359","targetHints":{"allow":["GET"]}}],"collection":[{"href":"https:\/\/fmp-components.com\/tr\/wp-json\/wp\/v2\/product"}],"about":[{"href":"https:\/\/fmp-components.com\/tr\/wp-json\/wp\/v2\/types\/product"}],"replies":[{"embeddable":true,"href":"https:\/\/fmp-components.com\/tr\/wp-json\/wp\/v2\/comments?post=1359"}],"wp:featuredmedia":[{"embeddable":true,"href":"https:\/\/fmp-components.com\/tr\/wp-json\/wp\/v2\/media\/1336"}],"wp:attachment":[{"href":"https:\/\/fmp-components.com\/tr\/wp-json\/wp\/v2\/media?parent=1359"}],"wp:term":[{"taxonomy":"product_brand","embeddable":true,"href":"https:\/\/fmp-components.com\/tr\/wp-json\/wp\/v2\/product_brand?post=1359"},{"taxonomy":"product_cat","embeddable":true,"href":"https:\/\/fmp-components.com\/tr\/wp-json\/wp\/v2\/product_cat?post=1359"},{"taxonomy":"product_tag","embeddable":true,"href":"https:\/\/fmp-components.com\/tr\/wp-json\/wp\/v2\/product_tag?post=1359"}],"curies":[{"name":"wp","href":"https:\/\/api.w.org\/{rel}","templated":true}]}}