{"id":1358,"date":"2024-12-23T02:18:57","date_gmt":"2024-12-23T02:18:57","guid":{"rendered":"https:\/\/fmp-components.com\/product\/factory-provide-adjustable-welded-hydraulic-cylinder-for-trailer\/"},"modified":"2024-12-23T03:02:20","modified_gmt":"2024-12-23T03:02:20","slug":"factory-provide-adjustable-welded-hydraulic-cylinder-for-trailer","status":"publish","type":"product","link":"https:\/\/fmp-components.com\/tr\/product\/factory-provide-adjustable-welded-hydraulic-cylinder-for-trailer\/","title":{"rendered":"Fabrika, R\u00f6mork \u0130\u00e7in Ayarlanabilir Kaynakl\u0131 Hidrolik Silindir Sa\u011fl\u0131yor"},"content":{"rendered":"<h2>Fabrika, R\u00f6mork \u0130\u00e7in Ayarlanabilir Kaynakl\u0131 Hidrolik Silindir Sa\u011fl\u0131yor:<\/h2>\n<p>The Factory Provide Ayarlanabilir Kaynakl\u0131 R\u00f6mork Hidrolik Silindiri, r\u00f6morklara g\u00fc\u00e7 ve denge sa\u011flamak i\u00e7in tasarlanm\u0131\u015f bir \u00fcr\u00fcnd\u00fcr. Kaynakl\u0131 tasar\u0131m\u0131 sayesinde y\u00fcksek bas\u0131n\u00e7 ve a\u011f\u0131r y\u00fcklere dayan\u0131kl\u0131d\u0131r ve bu da onu dayan\u0131kl\u0131 bir hidrolik silindire ihtiya\u00e7 duyanlar i\u00e7in g\u00fcvenilir bir se\u00e7im haline getirir.<\/p>\n<p>Bu hidrolik silindir ayarlanabilir oldu\u011fundan, farkl\u0131 r\u00f6morklara ve \u00f6zel ihtiya\u00e7lar\u0131na kolayca uyum sa\u011flayabilir. Hidrolik sistemi, sorunsuz ve verimli bir \u00e7al\u0131\u015fma sa\u011flayarak \u00e7ok \u00e7e\u015fitli uygulamalarda kullan\u0131m\u0131n\u0131 kolayla\u015ft\u0131r\u0131r.<\/p>\n<p>Factory Provide Ayarlanabilir Kaynakl\u0131 R\u00f6mork Hidrolik Silindiri, a\u015f\u0131nma ve y\u0131pranmaya dayan\u0131kl\u0131 y\u00fcksek kaliteli malzemelerden \u00fcretilmi\u015f olup uzun \u00f6m\u00fcrl\u00fcd\u00fcr. Geli\u015fmi\u015f tasar\u0131m\u0131, en zorlu ko\u015fullara dayanabilmesini sa\u011flayarak in\u015faat ve tar\u0131m sekt\u00f6rlerinde pop\u00fcler bir tercih haline getirir.<\/p>\n<p><img loading=\"lazy\" decoding=\"async\" class=\"alignnone size-full wp-image-1334\" src=\"https:\/\/fmp-components.com\/wp-content\/uploads\/2024\/12\/Adjustable-Clevis-Type-Cylinders-4.webp\" alt=\"Ayarlanabilir-\u00c7ember-Tipi-Silindirler\" width=\"800\" height=\"800\" title=\"\" srcset=\"https:\/\/fmp-components.com\/wp-content\/uploads\/2024\/12\/Adjustable-Clevis-Type-Cylinders-4.webp 800w, https:\/\/fmp-components.com\/wp-content\/uploads\/2024\/12\/Adjustable-Clevis-Type-Cylinders-4-480x480.webp 480w\" sizes=\"(min-width: 0px) and (max-width: 480px) 480px, (min-width: 481px) 800px, 100vw\" \/><\/p>\n<p>Genel olarak, Factory Provide Ayarlanabilir Kaynakl\u0131 R\u00f6mork Hidrolik Silindiri, g\u00fcvenilir ve verimli performans sa\u011flayan y\u00fcksek kaliteli bir \u00fcr\u00fcnd\u00fcr. Sa\u011flaml\u0131\u011f\u0131 ve dayan\u0131kl\u0131l\u0131\u011f\u0131, r\u00f6morklar\u0131 i\u00e7in uzun \u00f6m\u00fcrl\u00fc bir hidrolik silindire ihtiya\u00e7 duyanlar i\u00e7in uygun maliyetli bir se\u00e7im olmas\u0131n\u0131 sa\u011flar.<\/p>\n<table style=\"width: 100%;\" border=\"1\" width=\"100%\" cellspacing=\"0\" cellpadding=\"0\">\n<tbody>\n<tr>\n<th>\u00dcr\u00fcn Ad\u0131<\/th>\n<td>R\u00f6mork \u0130\u00e7in Ayarlanabilir Kaynakl\u0131 Hidrolik Silindir<\/td>\n<\/tr>\n<tr>\n<th>Marka<\/th>\n<td>Fabrika Sa\u011flay\u0131c\u0131s\u0131<\/td>\n<\/tr>\n<tr>\n<th>Garanti<\/th>\n<td>1 Y\u0131l<\/td>\n<\/tr>\n<tr>\n<th>Uygulanabilir End\u00fcstriler<\/th>\n<td>Makine Tamir At\u00f6lyeleri, \u00c7iftlikler, Enerji ve Madencilik, Makine \u00dcretimi, Makine Fabrikalar\u0131<\/td>\n<\/tr>\n<tr>\n<th>A\u011f\u0131rl\u0131k (KG)<\/th>\n<td>85<\/td>\n<\/tr>\n<tr>\n<th>Video \u00c7\u0131k\u0131\u015f Denetimi<\/th>\n<td>Tedarik edilen<\/td>\n<\/tr>\n<tr>\n<th>Makine Test Raporu<\/th>\n<td>Tedarik edilen<\/td>\n<\/tr>\n<tr>\n<th>Pazarlama T\u00fcr\u00fc<\/th>\n<td>Yeni \u00dcr\u00fcn 2023<\/td>\n<\/tr>\n<tr>\n<th>\u00c7ekirdek Bile\u015fenler<\/th>\n<td>Rulman, Hidrolik Silindir<\/td>\n<\/tr>\n<tr>\n<th>G\u00f6vde Malzemesi<\/th>\n<td>\u00c7elik<\/td>\n<\/tr>\n<tr>\n<th>Maksimum \u0130tki<\/th>\n<td>3000<\/td>\n<\/tr>\n<tr>\n<th>Tip<\/th>\n<td>Ayarlanabilir \u00c7atal Tipi<\/td>\n<\/tr>\n<tr>\n<th>Limanlar<\/th>\n<td>G\/SAE\/NPT\/M<\/td>\n<\/tr>\n<tr>\n<th>Maksimum \u00c7ekme<\/th>\n<td>20 ton<\/td>\n<\/tr>\n<tr>\n<th>Sertifikasyon<\/th>\n<td>ISO9001:2000<\/td>\n<\/tr>\n<tr>\n<th>Delik Boyutu<\/th>\n<td>2-6 in\u00e7<\/td>\n<\/tr>\n<tr>\n<th>\u00c7ubuk Boyutu<\/th>\n<td>1,125-4 in\u00e7<\/td>\n<\/tr>\n<tr>\n<th>Vuru\u015f Boyutu<\/th>\n<td>4-100 in\u00e7<\/td>\n<\/tr>\n<tr>\n<th>Pin Boyutu<\/th>\n<td>0,5-2 in\u00e7<\/td>\n<\/tr>\n<\/tbody>\n<\/table>\n<h2>Ayarlanabilir \u00c7atal Tipi Silindirlerin Avantajlar\u0131<\/h2>\n<p>Fabrika Taraf\u0131ndan \u00dcretilen R\u00f6morklar \u0130\u00e7in Ayarlanabilir Kaynakl\u0131 Hidrolik Silindir gibi ayarlanabilir \u00e7atal tipi silindirler, onlar\u0131 \u00e7e\u015fitli uygulamalar i\u00e7in de\u011ferli bir se\u00e7enek haline getiren bir dizi avantaj sunar. Bu makalede, bu silindirlerin avantajlar\u0131n\u0131 ayr\u0131nt\u0131l\u0131 olarak inceleyece\u011fiz:<\/p>\n<p>1. Geli\u015fmi\u015f Esneklik: Ayarlanabilir \u00e7atal tipi silindirlerin temel avantajlar\u0131ndan biri, hidrolik sistemlerde geli\u015fmi\u015f esneklik sa\u011flama kabiliyetleridir. Ayarlanabilir \u00e7atal, silindirin montaj konumunun kolay ve hassas bir \u015fekilde ayarlanmas\u0131n\u0131 sa\u011flar; bu da belirli boyut veya a\u00e7\u0131lar\u0131n kar\u015f\u0131lanmas\u0131 gereken durumlarda kritik \u00f6neme sahiptir. Bu esneklik, \u00e7ok \u00e7e\u015fitli uygulamalarda optimum performans ve uyumu garanti eder.<\/p>\n<p>2. Geli\u015fmi\u015f Dayan\u0131kl\u0131l\u0131k: Ayarlanabilir \u00e7atal tipi silindirler, a\u011f\u0131r y\u00fcklere ve zorlu \u00e7al\u0131\u015fma ko\u015fullar\u0131na dayanacak \u015fekilde tasarlanm\u0131\u015ft\u0131r. Bu silindirler, mukavemetlerini ve dayan\u0131kl\u0131l\u0131klar\u0131n\u0131 art\u0131ran sertle\u015ftirilmi\u015f \u00e7elik gibi y\u00fcksek kaliteli malzemelerden \u00fcretilmi\u015ftir. Sa\u011flam yap\u0131, silindirlerin performanslar\u0131ndan veya yap\u0131sal b\u00fct\u00fcnl\u00fcklerinden \u00f6d\u00fcn vermeden s\u00fcrekli kullan\u0131m\u0131n zorluklar\u0131na dayanabilmelerini sa\u011flar.<\/p>\n<p>3. Kolay Kurulum ve Bak\u0131m: Ayarlanabilir \u00e7atal tipi silindirlerin bir di\u011fer avantaj\u0131 da kolay kurulum ve bak\u0131mlar\u0131d\u0131r. Ayarlanabilir \u00e7atal tasar\u0131m\u0131, kurulum s\u00fcrecini basitle\u015ftirerek h\u0131zl\u0131 ve sorunsuz montaj sa\u011flar. Ayr\u0131ca, ayarlanabilir \u00e7atal, silindirin bile\u015fenlerine kolay eri\u015fim sa\u011flayarak d\u00fczenli bak\u0131m ve muayeneyi kolayla\u015ft\u0131r\u0131r, b\u00f6ylece verimli bak\u0131m ve ar\u0131za s\u00fcresini en aza indirir.<\/p>\n<p>4. \u00c7ok Y\u00f6nl\u00fc Uygulamalar: Ayarlanabilir \u00e7atal tipi silindirler, \u00e7ok \u00e7e\u015fitli end\u00fcstri ve sistemlerde uygulama alan\u0131 bulur. \u00c7ok y\u00f6nl\u00fcl\u00fckleri, r\u00f6morklar, tar\u0131m makineleri, in\u015faat ekipmanlar\u0131 ve daha fazlas\u0131 dahil olmak \u00fczere \u00e7e\u015fitli makine ve ekipmanlar i\u00e7in uygun olmalar\u0131n\u0131 sa\u011flar. \u00c7atal\u0131n ayarlanabilir yap\u0131s\u0131, farkl\u0131 ihtiya\u00e7lara g\u00f6re \u00f6zelle\u015ftirme ve uyarlama olana\u011f\u0131 sa\u011flayarak bu silindirleri farkl\u0131 uygulamalara son derece uyumlu hale getirir.<\/p>\n<p>5. Hassas Konumland\u0131rma: Bu silindirlerin ayarlanabilir \u00e7atal \u00f6zelli\u011fi, hidrolik mekanizman\u0131n hassas bir \u015fekilde konumland\u0131r\u0131lmas\u0131n\u0131 sa\u011flar. Bu hassasiyet, malzeme ta\u015f\u0131ma sistemleri veya verimli \u00e7al\u0131\u015fma i\u00e7in \u00f6zel konumland\u0131rma gerektiren ekipmanlar gibi do\u011fru hizalama ve kontrol\u00fcn gerekli oldu\u011fu uygulamalarda \u00e7ok \u00f6nemlidir. Silindirin montaj konumunun hassas bir \u015fekilde ayarlanabilmesi, optimum performans ve operasyonel verimlilik sa\u011flar.<\/p>\n<p>Sonu\u00e7 olarak, Factory Provide Adjustable Welded Hydraulic Cylinder For Treyler \u00f6rne\u011finde g\u00f6r\u00fcld\u00fc\u011f\u00fc gibi ayarlanabilir \u00e7atal tipi silindirler, esneklik, dayan\u0131kl\u0131l\u0131k, montaj ve bak\u0131m kolayl\u0131\u011f\u0131, \u00e7ok y\u00f6nl\u00fcl\u00fck ve hassas konumland\u0131rma a\u00e7\u0131s\u0131ndan say\u0131s\u0131z avantaj sunar. Bu silindirler, \u00e7e\u015fitli hidrolik sistemler ve uygulamalar i\u00e7in g\u00fcvenilir ve verimli bir \u00e7\u00f6z\u00fcm sunarak sekt\u00f6rde pop\u00fcler bir tercih haline gelmi\u015ftir.<img decoding=\"async\" src=\"https:\/\/fmp-components.com\/wp-content\/uploads\/2024\/12\/Adjustable-Clevis-Type-Cylinders5.webp\" alt=\"Ayarlanabilir \u00c7atal Tipi Silindir\" width=\"800\" title=\"\"><\/p>\n<h2>Ayarlanabilir \u00c7atal Tip Silindirlerin Uygulamas\u0131<\/h2>\n<p>R\u00f6morklar i\u00e7in fabrikada tedarik edilen ayarlanabilir kaynakl\u0131 hidrolik silindir gibi ayarlanabilir \u00e7atal tipi silindirler, \u00e7ok y\u00f6nl\u00fcl\u00fckleri ve uyarlanabilirlikleri sayesinde \u00e7e\u015fitli end\u00fcstrilerde \u00f6nemli bir rol oynamaktad\u0131r. Bu \u00f6zel hidrolik silindirler, hassas ve kontroll\u00fc do\u011frusal hareket sa\u011flamak \u00fczere tasarlanm\u0131\u015ft\u0131r ve bu da onlar\u0131 \u00e7ok \u00e7e\u015fitli uygulamalar i\u00e7in ideal hale getirir. Bu blog yaz\u0131s\u0131nda, ayarlanabilir \u00e7atal tipi silindirlerin temel uygulamalar\u0131n\u0131 inceleyecek ve faydalar\u0131n\u0131 ayr\u0131nt\u0131l\u0131 olarak tart\u0131\u015faca\u011f\u0131z.<\/p>\n<h3>1. End\u00fcstriyel Otomasyon<\/h3>\n<p>Ayarlanabilir \u00e7atal tipi silindirler, hassas ve kontroll\u00fc hareketin gerekli oldu\u011fu end\u00fcstriyel otomasyon sistemlerinde yayg\u0131n olarak kullan\u0131l\u0131r. Bu silindirler, istenen strok uzunlu\u011funa ula\u015fmak i\u00e7in kolayca ayarlanabilir ve bu da onlar\u0131 konvey\u00f6r sistemleri, montaj hatlar\u0131 ve robotik kollar gibi uygulamalar i\u00e7in m\u00fckemmel k\u0131lar. Fabrikada \u00fcretilen, r\u00f6morklar i\u00e7in ayarlanabilir kaynakl\u0131 hidrolik silindir, y\u00fcksek y\u00fck ta\u015f\u0131ma kapasitesi ve ayarlanabilir \u00f6zellikleriyle end\u00fcstriyel otomasyonda verimli ve g\u00fcvenilir \u00e7al\u0131\u015fma sa\u011flar.<\/p>\n<h3>2. Tar\u0131m Makinalar\u0131<\/h3>\n<p>Tar\u0131m sekt\u00f6r\u00fcnde, ayarlanabilir \u00e7atal tipi silindirler tar\u0131m ekipmanlar\u0131nda yayg\u0131n olarak kullan\u0131lmaktad\u0131r. Bu silindirler genellikle bi\u00e7erd\u00f6ver, pulluk ve sulama sistemleri gibi tar\u0131m makinelerinde kullan\u0131l\u0131r. Silindirin strok uzunlu\u011funun ayarlanabilmesi, bu tar\u0131m makinelerinin hareketi \u00fczerinde hassas kontrol sa\u011flar. R\u00f6morklar i\u00e7in fabrikada \u00fcretilen ayarlanabilir kaynakl\u0131 hidrolik silindir, sa\u011flam yap\u0131s\u0131 ve korozyona dayan\u0131kl\u0131 \u00f6zellikleriyle zorlu tar\u0131m ko\u015fullar\u0131nda bile optimum performans sa\u011flar.<\/p>\n<h3>3. \u0130n\u015faat Ekipmanlar\u0131<\/h3>\n<p>Ayarlanabilir \u00e7atal tipi silindirler in\u015faat sekt\u00f6r\u00fcnde de yayg\u0131n olarak kullan\u0131lmaktad\u0131r. Bu silindirler genellikle ekskavat\u00f6rler, y\u00fckleyiciler ve vin\u00e7ler gibi in\u015faat ekipmanlar\u0131nda bulunur. Bu silindirlerin ayarlanabilir \u00f6zelli\u011fi, a\u011f\u0131r y\u00fcklerin hassas bir \u015fekilde konumland\u0131r\u0131lmas\u0131n\u0131 ve kald\u0131r\u0131lmas\u0131n\u0131 sa\u011flar. Dayan\u0131kl\u0131 yap\u0131s\u0131 ve y\u00fcksek bas\u0131n\u00e7 kapasitesiyle, r\u00f6morklar i\u00e7in fabrikada \u00fcretilen ayarlanabilir kaynakl\u0131 hidrolik silindir, zorlu \u015fantiyelerde g\u00fcvenilirlik ve emniyet sa\u011flar.<\/p>\n<h3>4. Malzeme Ta\u015f\u0131ma<\/h3>\n<p>Ayarlanabilir \u00e7atal tipi silindirler, malzeme ta\u015f\u0131ma uygulamalar\u0131nda yayg\u0131n olarak kullan\u0131lmaktad\u0131r. Bu silindirler forklift, kald\u0131rma masalar\u0131 ve konvey\u00f6r sistemleri gibi ekipmanlarda kullan\u0131l\u0131r. Silindirlerin ayarlanabilir strok uzunlu\u011fu, malzemelerin verimli ve kontroll\u00fc bir \u015fekilde hareket etmesini sa\u011flayarak malzeme ta\u015f\u0131ma operasyonlar\u0131nda verimlili\u011fi ve g\u00fcvenli\u011fi art\u0131r\u0131r. Fabrika taraf\u0131ndan sa\u011flanan, r\u00f6morklar i\u00e7in ayarlanabilir kaynakl\u0131 hidrolik silindir, \u00fcst\u00fcn y\u00fck ta\u015f\u0131ma kapasitesi ve ayarlanabilir \u00f6zellikleriyle malzeme ta\u015f\u0131ma g\u00f6revlerinin verimlili\u011fini art\u0131r\u0131r.<\/p>\n<h3>5. Mobil Makineler<\/h3>\n<p>Ayarlanabilir \u00e7atal tipi silindirler, \u00e7e\u015fitli mobil makine tiplerinde yayg\u0131n olarak kullan\u0131l\u0131r. Bu silindirler, mobil vin\u00e7ler, damperli kamyonlar ve tar\u0131m ara\u00e7lar\u0131 gibi uygulamalarda bulunur. Bu silindirlerin ayarlanabilir \u00f6zelli\u011fi, farkl\u0131 operasyonel gereksinimlere g\u00f6re esnek konumland\u0131rma ve ayarlama olana\u011f\u0131 sa\u011flar. R\u00f6morklar i\u00e7in fabrikada \u00fcretilen ayarlanabilir kaynakl\u0131 hidrolik silindir, sa\u011flam tasar\u0131m\u0131 ve \u00f6zelle\u015ftirilebilir se\u00e7enekleriyle mobil makine uygulamalar\u0131nda optimum performans ve uzun \u00f6m\u00fcr sa\u011flar.<\/p>\n<p>Sonu\u00e7 olarak, r\u00f6morklar i\u00e7in fabrikada tedarik edilen ayarlanabilir kaynakl\u0131 hidrolik silindir de dahil olmak \u00fczere ayarlanabilir \u00e7atal tipi silindirler son derece \u00e7ok y\u00f6nl\u00fcd\u00fcr ve \u00e7e\u015fitli end\u00fcstrilerde yayg\u0131n uygulama alanlar\u0131 bulur. Ayarlanabilir \u00f6zellikleri, sa\u011flam yap\u0131lar\u0131 ve hassas kontrolleri, onlar\u0131 end\u00fcstriyel otomasyon, tar\u0131m makineleri, in\u015faat ekipmanlar\u0131, malzeme ta\u015f\u0131ma ve mobil makinelerde vazge\u00e7ilmez k\u0131lar. G\u00fcvenilir ve verimli do\u011frusal hareket sa\u011flayarak, bu silindirler farkl\u0131 uygulamalar\u0131n genel verimlili\u011fine ve g\u00fcvenli\u011fine katk\u0131da bulunur.<\/p>\n<p><img decoding=\"async\" src=\"https:\/\/fmp-components.com\/wp-content\/uploads\/2024\/12\/Application-of-Adjustable-Clevis-Type-Cylinders.webp\" alt=\"Ayarlanabilir \u00c7atal Tipi Silindir\" width=\"800\" title=\"\"><\/p>\n<h3>FMP \u2013 Hidrolik Silindir Hakk\u0131nda<\/h3>\n<p>FMP, in\u015faat makinesi par\u00e7alar\u0131 ve komple makine sat\u0131\u015f ve servisinde uzmanla\u015fm\u0131\u015f lider bir \u015firkettir. Sekt\u00f6rde uzun y\u0131llara dayanan deneyimimiz ve \u0130talya'da bulunan profesyonel ekibimizle, y\u00fcksek kaliteli ve g\u00fcvenilir in\u015faat makinesi par\u00e7alar\u0131 ve komple makine \u00e7\u00f6z\u00fcmleri sunuyoruz. \u015eirketimiz, tar\u0131m makinesi red\u00fckt\u00f6rleri, planet di\u015fli kutular\u0131, end\u00fcstriyel red\u00fckt\u00f6rler ve \u00e7e\u015fitli in\u015faat makinesi par\u00e7alar\u0131 da dahil olmak \u00fczere geni\u015f bir \u00fcr\u00fcn yelpazesi sunmaktad\u0131r.<\/p>\n<p>Hidrolik Silindirimizin baz\u0131 avantajlar\u0131 ve \u00f6zellikleri \u015funlard\u0131r:<\/p>\n<p>1. Y\u00fcksek Kaliteli Malzemeler: Hidrolik silindirlerimiz, g\u00fc\u00e7l\u00fc, dayan\u0131kl\u0131 ve uzun \u00f6m\u00fcrl\u00fc y\u00fcksek kaliteli malzemelerden \u00fcretilmi\u015ftir. \u00dcr\u00fcnlerimizin s\u0131k\u0131 kalite standartlar\u0131na uygun olmas\u0131n\u0131 sa\u011fl\u0131yor ve m\u00fc\u015fterilerimize optimum performans sa\u011flayacak \u015fekilde tasarlan\u0131yoruz.<\/p>\n<p>2. \u00d6zelle\u015ftirilebilir: M\u00fc\u015fterilerimizin \u00f6zel ihtiya\u00e7lar\u0131n\u0131 kar\u015f\u0131layacak \u015fekilde uyarlanabilen \u00f6zelle\u015ftirilebilir hidrolik silindirler sunuyoruz. Uygulaman\u0131z i\u00e7in do\u011fru boyutu, stroku ve delik \u00e7ap\u0131n\u0131 se\u00e7ebilirsiniz.<\/p>\n<p>3. Geni\u015f Uygulama Yelpazesi: Hidrolik Silindirimiz tar\u0131m makineleri, in\u015faat makineleri ve end\u00fcstriyel makineler dahil olmak \u00fczere \u00e7e\u015fitli uygulamalarda kullan\u0131labilir.<\/p>\n<p>4. Ak\u0131ll\u0131 Sat\u0131n Alma \u00d6nerileri: Deneyimli sat\u0131\u015f ekibimiz, in\u015faat makineleri sekt\u00f6r\u00fcndeki geli\u015fme trendlerini ve m\u00fc\u015fteri ihtiya\u00e7lar\u0131n\u0131 yak\u0131ndan takip ederek profesyonel \u00fcr\u00fcn dan\u0131\u015fmanl\u0131\u011f\u0131 ve ak\u0131ll\u0131 sat\u0131n alma \u00f6nerileri sunabilir.<\/p>\n<p>5. Verimli Lojistik: M\u00fc\u015fterilerimizin ihtiya\u00e7 duyduklar\u0131 par\u00e7alar\u0131 zaman\u0131nda ve do\u011fru bir \u015fekilde alabilmelerini sa\u011flamak i\u00e7in verimli bir lojistik da\u011f\u0131t\u0131m sistemine sahibiz.<\/p>\n<p>FMP olarak, m\u00fc\u015fterilerimizin \u00f6zel ihtiya\u00e7lar\u0131n\u0131 kar\u015f\u0131layan y\u00fcksek kaliteli, g\u00fcvenilir ve \u00f6zelle\u015ftirilmi\u015f hidrolik silindirler sunmaya kararl\u0131y\u0131z. Ekibimiz size her zaman profesyonel ve verimli hizmetler sunmaya haz\u0131rd\u0131r. Hidrolik Silindir tedarik\u00e7iniz olarak FMP'yi se\u00e7in, size en iyi \u00fcr\u00fcn ve hizmetleri sunal\u0131m.<\/p>\n<p><img decoding=\"async\" src=\"https:\/\/fmp-components.com\/wp-content\/uploads\/2024\/12\/Adjustable-Clevis-Type-Cylinders-6.webp\" alt=\"Ayarlanabilir \u00c7atal Tipi Silindir\" width=\"820\" title=\"\"><\/p>\n<h2>SSS<\/h2>\n<p><strong>S: Siz bir ticaret \u015firketi misiniz yoksa \u00fcretici misiniz?<\/strong><br \/>\nA: Biz bir \u00fcreticiyiz, en \u00fcst kalitede hidrolik silindirler \u00fcretiyoruz.<\/p>\n<p><strong>S: Teslimat s\u00fcreniz ne kadard\u0131r?<\/strong><br \/>\nA: Genel teslimat s\u00fcresi 25-35 g\u00fcnd\u00fcr.<\/p>\n<p><strong>S: Numune sa\u011fl\u0131yor musunuz? \u00dccretsiz mi yoksa ekstra m\u0131?<\/strong><br \/>\nA: Numune sa\u011fl\u0131yoruz ancak bunlar \u00fccretsiz de\u011fil.<\/p>\n<p><img decoding=\"async\" src=\"https:\/\/img.jiansujichilun.com\/img\/hydrauliccylinders\/T_hydrauliccylinders-4.webp\" alt=\"hidrolik silindir\" width=\"800\" title=\"\"><\/p>\n<p>Yazar\uff1a CX<\/p>","protected":false},"excerpt":{"rendered":"<p>Factory Provide Adjustable Welded Hydraulic Cylinder For Trailer: The Factory Provide Adjustable Welded Hydraulic Cylinder For Trailer is a product designed to provide strength and stability to trailers. With its welded design, it is capable of withstanding high pressure and heavy loads, making it a reliable choice for those in need of a durable hydraulic [&hellip;]<\/p>","protected":false},"featured_media":1340,"comment_status":"closed","ping_status":"closed","template":"","meta":{"_et_pb_use_builder":"","_et_pb_old_content":"","_et_gb_content_width":""},"product_brand":[],"product_cat":[39],"product_tag":[41,34],"class_list":{"0":"post-1358","1":"product","2":"type-product","3":"status-publish","4":"has-post-thumbnail","6":"product_cat-adjustable-clevis-type-cylinders","7":"product_tag-adjustable-clevis-type-cylinders","8":"product_tag-hydraulic-cylinder","10":"first","11":"instock","12":"product-type-simple"},"_links":{"self":[{"href":"https:\/\/fmp-components.com\/tr\/wp-json\/wp\/v2\/product\/1358","targetHints":{"allow":["GET"]}}],"collection":[{"href":"https:\/\/fmp-components.com\/tr\/wp-json\/wp\/v2\/product"}],"about":[{"href":"https:\/\/fmp-components.com\/tr\/wp-json\/wp\/v2\/types\/product"}],"replies":[{"embeddable":true,"href":"https:\/\/fmp-components.com\/tr\/wp-json\/wp\/v2\/comments?post=1358"}],"wp:featuredmedia":[{"embeddable":true,"href":"https:\/\/fmp-components.com\/tr\/wp-json\/wp\/v2\/media\/1340"}],"wp:attachment":[{"href":"https:\/\/fmp-components.com\/tr\/wp-json\/wp\/v2\/media?parent=1358"}],"wp:term":[{"taxonomy":"product_brand","embeddable":true,"href":"https:\/\/fmp-components.com\/tr\/wp-json\/wp\/v2\/product_brand?post=1358"},{"taxonomy":"product_cat","embeddable":true,"href":"https:\/\/fmp-components.com\/tr\/wp-json\/wp\/v2\/product_cat?post=1358"},{"taxonomy":"product_tag","embeddable":true,"href":"https:\/\/fmp-components.com\/tr\/wp-json\/wp\/v2\/product_tag?post=1358"}],"curies":[{"name":"wp","href":"https:\/\/api.w.org\/{rel}","templated":true}]}}