{"id":1357,"date":"2024-12-23T02:18:07","date_gmt":"2024-12-23T02:18:07","guid":{"rendered":"https:\/\/fmp-components.com\/product\/customized-tractor-hydraulic-piston-cylinder-hydraulic-cylinder\/"},"modified":"2024-12-23T03:39:19","modified_gmt":"2024-12-23T03:39:19","slug":"customized-tractor-hydraulic-piston-cylinder-hydraulic-cylinder","status":"publish","type":"product","link":"https:\/\/fmp-components.com\/tr\/product\/customized-tractor-hydraulic-piston-cylinder-hydraulic-cylinder\/","title":{"rendered":"\u00d6zelle\u015ftirilmi\u015f Trakt\u00f6r Hidrolik Piston Silindiri Hidrolik Silindir"},"content":{"rendered":"<h2>\u00d6zelle\u015ftirilmi\u015f Trakt\u00f6r Hidrolik Piston Silindiri Hidrolik Silindirini Tan\u0131t\u0131yoruz:<\/h2>\n<p>\u00d6zelle\u015ftirilmi\u015f Trakt\u00f6r Hidrolik Piston Silindiri, trakt\u00f6rler i\u00e7in \u00f6zel olarak tasarlanm\u0131\u015f, y\u00fcksek kaliteli ve g\u00fcvenilir bir \u00fcr\u00fcnd\u00fcr. Hassasiyet ve uzmanl\u0131kla \u00fcretilen bu \u00fcr\u00fcn, optimum performans ve dayan\u0131kl\u0131l\u0131k sa\u011flar.<\/p>\n<p>Bu hidrolik silindir, \u00e7e\u015fitli uygulamalarda verimli g\u00fc\u00e7 aktar\u0131m\u0131 ve kontrol\u00fc sa\u011flamak \u00fczere tasarlanm\u0131\u015ft\u0131r ve bu da onu trakt\u00f6r sistemlerinin vazge\u00e7ilmez bir bile\u015feni haline getirir. \u00d6zelle\u015ftirilmi\u015f tasar\u0131m\u0131 sayesinde, \u00f6zel gereksinimleri kar\u015f\u0131layacak ve farkl\u0131 trakt\u00f6r modellerine kusursuz bir \u015fekilde uyum sa\u011flayacak \u015fekilde uyarlanabilir.<\/p>\n<p>Bu hidrolik silindirin piston tasar\u0131m\u0131, sorunsuz \u00e7al\u0131\u015fma ve hidrolik s\u0131v\u0131n\u0131n hassas kontrol\u00fcn\u00fc sa\u011flar. Ola\u011fan\u00fcst\u00fc g\u00fc\u00e7 ve denge sunarak trakt\u00f6rlerin a\u011f\u0131r i\u015fleri kolayl\u0131kla ger\u00e7ekle\u015ftirmesini sa\u011flar. Yap\u0131s\u0131nda kullan\u0131lan geli\u015fmi\u015f hidrolik teknolojisi, verimli ve tutarl\u0131 g\u00fc\u00e7 da\u011f\u0131t\u0131m\u0131 sa\u011flayarak trakt\u00f6r\u00fcn genel verimlili\u011fini art\u0131r\u0131r.<\/p>\n<p>\u00d6zelle\u015ftirilmi\u015f Trakt\u00f6r Hidrolik Piston Silindiri, zorlu ko\u015fullara ve zorlu ortamlara dayanacak \u015fekilde \u00fcretilmi\u015ftir. Korozyona ve a\u015f\u0131nmaya dayan\u0131kl\u0131, uzun \u00f6m\u00fcrl\u00fc performans sa\u011flayan y\u00fcksek kaliteli malzemelerden \u00fcretilmi\u015ftir. Sa\u011flam yap\u0131s\u0131 ve g\u00fcvenilir contalar\u0131, a\u011f\u0131r hizmet uygulamalar\u0131 ve uzun s\u00fcreli kullan\u0131m i\u00e7in uygundur.<\/p>\n<p>Bu hidrolik silindir, ola\u011fan\u00fcst\u00fc i\u015flevselli\u011finin yan\u0131 s\u0131ra g\u00fcvenlik de d\u00fc\u015f\u00fcn\u00fclerek tasarlanm\u0131\u015ft\u0131r. Kazalar\u0131 \u00f6nlemek ve operat\u00f6r g\u00fcvenli\u011fini sa\u011flamak i\u00e7in \u00e7e\u015fitli g\u00fcvenlik \u00f6zellikleri i\u00e7erir. G\u00fcvenilir performans\u0131 ve g\u00fcvenlik \u00f6nlemleriyle, trakt\u00f6r operasyonlar\u0131n\u0131n genel verimlili\u011fine ve g\u00fcvenilirli\u011fine katk\u0131da bulunur.<\/p>\n<p><img loading=\"lazy\" decoding=\"async\" class=\"alignnone size-full wp-image-1334\" src=\"https:\/\/fmp-components.com\/wp-content\/uploads\/2024\/12\/Adjustable-Clevis-Type-Cylinders-4.webp\" alt=\"Ayarlanabilir-\u00c7ember-Tipi-Silindirler\" width=\"800\" height=\"800\" title=\"\" srcset=\"https:\/\/fmp-components.com\/wp-content\/uploads\/2024\/12\/Adjustable-Clevis-Type-Cylinders-4.webp 800w, https:\/\/fmp-components.com\/wp-content\/uploads\/2024\/12\/Adjustable-Clevis-Type-Cylinders-4-480x480.webp 480w\" sizes=\"(min-width: 0px) and (max-width: 480px) 480px, (min-width: 481px) 800px, 100vw\" \/><\/p>\n<p>Sonu\u00e7 olarak, \u00d6zelle\u015ftirilmi\u015f Trakt\u00f6r Hidrolik Piston Silindiri, g\u00fcvenilir performans, dayan\u0131kl\u0131l\u0131k ve g\u00fcvenlik sunan \u00fcst\u00fcn bir \u00fcr\u00fcnd\u00fcr. \u00d6zelle\u015ftirilmi\u015f tasar\u0131m\u0131 ve geli\u015fmi\u015f \u00f6zellikleri, onu \u00e7e\u015fitli uygulamalardaki trakt\u00f6rler i\u00e7in ideal bir se\u00e7im haline getirir. Bu hidrolik silindir sayesinde trakt\u00f6r operat\u00f6rleri g\u00fcnl\u00fck i\u015flerinde daha fazla \u00fcretkenlik ve verimlilik bekleyebilirler.<\/p>\n<table style=\"width: 100%;\" border=\"1\" width=\"100%\" cellspacing=\"0\" cellpadding=\"0\">\n<tbody>\n<tr>\n<th>\u00dcr\u00fcn Ad\u0131<\/th>\n<td>\u00d6zelle\u015ftirilmi\u015f Trakt\u00f6r Hidrolik Piston Silindiri<\/td>\n<\/tr>\n<tr>\n<th>Garanti<\/th>\n<td>1 Y\u0131l<\/td>\n<\/tr>\n<tr>\n<th>Uygulanabilir End\u00fcstriler<\/th>\n<td>Makine Tamir At\u00f6lyeleri, \u00c7iftlikler, Enerji ve Madencilik, Makine \u00dcretimi, Makine Fabrikalar\u0131<\/td>\n<\/tr>\n<tr>\n<th>A\u011f\u0131rl\u0131k (KG)<\/th>\n<td>85<\/td>\n<\/tr>\n<tr>\n<th>Video \u0130ncelemesi<\/th>\n<td>Tedarik edilen<\/td>\n<\/tr>\n<tr>\n<th>Yap\u0131<\/th>\n<td>Standart Piston Silindiri<\/td>\n<\/tr>\n<tr>\n<th>G\u00fc\u00e7<\/th>\n<td>Hidrolik<\/td>\n<\/tr>\n<tr>\n<th>G\u00f6vde Malzemesi<\/th>\n<td>Dayan\u0131kl\u0131 \u00c7elik<\/td>\n<\/tr>\n<tr>\n<th>Maksimum \u0130tki<\/th>\n<td>3000<\/td>\n<\/tr>\n<tr>\n<th>Tip<\/th>\n<td>Ayarlanabilir \u00c7atal Tipi Silindir<\/td>\n<\/tr>\n<tr>\n<th>Limanlar<\/th>\n<td>G\/SAE\/NPT\/M<\/td>\n<\/tr>\n<tr>\n<th>Maksimum \u00c7ekme<\/th>\n<td>20 ton<\/td>\n<\/tr>\n<tr>\n<th>Sertifikasyon<\/th>\n<td>ISO 9001:2000<\/td>\n<\/tr>\n<tr>\n<th>Delik Boyutu<\/th>\n<td>2 \u2013 6 in\u00e7<\/td>\n<\/tr>\n<tr>\n<th>\u00c7ubuk Boyutu<\/th>\n<td>1,125 \u2013 4 in\u00e7<\/td>\n<\/tr>\n<tr>\n<th>Vuru\u015f Boyutu<\/th>\n<td>4 \u2013 100 in\u00e7<\/td>\n<\/tr>\n<tr>\n<th>Pin Boyutu<\/th>\n<td>0,5 \u2013 2 in\u00e7<\/td>\n<\/tr>\n<tr>\n<th>Renk<\/th>\n<td>\u015e\u0131k Siyah<\/td>\n<\/tr>\n<\/tbody>\n<\/table>\n<p>&nbsp;<\/p>\n<h2>Ayarlanabilir \u00c7atal Tipi Silindirlerin Avantajlar\u0131<\/h2>\n<p>Ayarlanabilir \u00e7atal tipi silindirler, \u00e7e\u015fitli end\u00fcstriyel uygulamalarda yayg\u0131n olarak kullan\u0131lan hidrolik silindirlerdir. Bu silindirler, di\u011fer silindir tiplerine g\u00f6re a\u015fa\u011f\u0131dakiler de dahil olmak \u00fczere bir\u00e7ok avantaj sunar:<\/p>\n<ul>\n<li><strong>\u00d6zelle\u015ftirme:<\/strong> Ayarlanabilir \u00e7atal tipi silindirlerin temel avantajlar\u0131ndan biri, belirli end\u00fcstriyel uygulamalara uyacak \u015fekilde \u00f6zelle\u015ftirilebilmeleridir. Silindirler, belirli bir g\u00f6revin tam \u00f6zelliklerini kar\u015f\u0131layacak \u015fekilde tasarlanabilir, bu da verimliliklerini ve etkinliklerini art\u0131r\u0131r. Bu da onlar\u0131, \u00f6zel ekipman gerektiren end\u00fcstriler i\u00e7in ideal bir se\u00e7im haline getirir.<\/li>\n<li><strong>Trakt\u00f6r Uygulamalar\u0131:<\/strong> Ayarlanabilir \u00e7atal tipi silindirler, trakt\u00f6r ve tar\u0131m makinelerinde yayg\u0131n olarak kullan\u0131lmaktad\u0131r. Bu silindirler, s\u00fcrme, t\u0131rm\u0131klama, toprak i\u015fleme, ekim ve di\u011fer bir\u00e7ok i\u015fte kullan\u0131lan trakt\u00f6rlerdeki hidrolik sistemlerin \u00e7al\u0131\u015fmas\u0131nda \u00f6nemli bir rol oynar. Silindirler, zorlu ortamlarda \u00e7al\u0131\u015fmak ve a\u011f\u0131r hizmet tipi trakt\u00f6r uygulamalar\u0131n\u0131n y\u00fcksek bas\u0131n\u00e7 taleplerine dayanacak \u015fekilde tasarlanm\u0131\u015ft\u0131r.<\/li>\n<li><strong>Y\u00fcksek Performans:<\/strong> Ayarlanabilir \u00e7atal tipi silindirler, y\u00fcksek performansl\u0131 sonu\u00e7lar sunmak \u00fczere tasarlanm\u0131\u015ft\u0131r. Dayan\u0131kl\u0131 ve uzun \u00f6m\u00fcrl\u00fc olmalar\u0131n\u0131 sa\u011flayan a\u011f\u0131r hizmet tipi \u00e7elik de dahil olmak \u00fczere y\u00fcksek kaliteli malzemelerden \u00fcretilmi\u015ftir. Ayr\u0131ca, \u00e7e\u015fitli uygulamalar i\u00e7in gerekli g\u00fc\u00e7 ve h\u0131z\u0131 sa\u011flayacak \u015fekilde tasarlanm\u0131\u015ft\u0131r.<\/li>\n<li><strong>Azalt\u0131lm\u0131\u015f Bak\u0131m:<\/strong> Ayarlanabilir \u00e7atal tipi silindirlerin bir di\u011fer avantaj\u0131 da minimum bak\u0131m gerektirmeleridir. Minimum a\u015f\u0131nma ve y\u0131pranma ile sorunsuz ve verimli \u00e7al\u0131\u015facak \u015fekilde tasarlanm\u0131\u015flard\u0131r, bu da s\u0131k s\u0131k onar\u0131m veya de\u011fi\u015ftirme ihtiyac\u0131n\u0131 azalt\u0131r. Bu da onlar\u0131, g\u00fcvenilir ekipman gerektiren end\u00fcstriler i\u00e7in uygun maliyetli bir se\u00e7enek haline getirir.<\/li>\n<li><strong>Art\u0131r\u0131lm\u0131\u015f G\u00fcvenlik:<\/strong> Ayarlanabilir \u00e7atal tipi silindirler de g\u00fcvenlik d\u00fc\u015f\u00fcn\u00fclerek tasarlanm\u0131\u015ft\u0131r. Kazalar\u0131 \u00f6nleyen ve ekipman\u0131n g\u00fcvenli bir \u015fekilde kullan\u0131lmas\u0131n\u0131 sa\u011flayan bas\u0131n\u00e7 tahliye valfleri gibi g\u00fcvenlik \u00f6zellikleriyle donat\u0131lm\u0131\u015ft\u0131r. Bu, g\u00fcvenli\u011fin en \u00f6nemli \u00f6ncelik oldu\u011fu sekt\u00f6rlerde hayati \u00f6nem ta\u015f\u0131r.<\/li>\n<li><strong>Hidrolik G\u00fc\u00e7:<\/strong> Ayarlanabilir \u00e7atal tipi silindirler, hidrolik s\u0131v\u0131 ile \u00e7al\u0131\u015fan hidrolik silindirlerdir. Bu, onlar\u0131 y\u00fcksek g\u00fc\u00e7l\u00fc ekipman gerektiren end\u00fcstriler i\u00e7in ideal bir se\u00e7im haline getirir. Hidrolik g\u00fc\u00e7, silindirlerin \u00e7e\u015fitli uygulamalar i\u00e7in gerekli kuvveti ve h\u0131z\u0131 sa\u011flamas\u0131n\u0131 sa\u011flayarak onlar\u0131 \u00e7ok y\u00f6nl\u00fc ve verimli bir se\u00e7enek haline getirir.<\/li>\n<\/ul>\n<p>Sonu\u00e7 olarak, ayarlanabilir \u00e7atal tipi silindirler bir\u00e7ok end\u00fcstriyel uygulamada vazge\u00e7ilmez bir bile\u015fendir. \u00c7ok y\u00f6nl\u00fcl\u00fckleri, \u00f6zelle\u015ftirme se\u00e7enekleri ve y\u00fcksek performanslar\u0131, onlar\u0131 g\u00fcvenilir ve verimli ekipman gerektiren end\u00fcstriler i\u00e7in pop\u00fcler bir se\u00e7im haline getirir. Trakt\u00f6r ve tar\u0131m makinelerinde kullan\u0131mlar\u0131, onlar\u0131 modern tar\u0131m uygulamalar\u0131n\u0131n ayr\u0131lmaz bir par\u00e7as\u0131 haline getirir. Azalt\u0131lm\u0131\u015f bak\u0131m ve art\u0131r\u0131lm\u0131\u015f g\u00fcvenlik \u00f6zellikleriyle, ayarlanabilir \u00e7atal tipi silindirler, dayan\u0131kl\u0131 ekipman gerektiren end\u00fcstriler i\u00e7in uygun maliyetli bir se\u00e7enektir.<img decoding=\"async\" src=\"https:\/\/fmp-components.com\/wp-content\/uploads\/2024\/12\/Adjustable-Clevis-Type-Cylinders5.webp\" alt=\"Ayarlanabilir \u00c7atal Tipi Silindir\" width=\"800\" title=\"\"><\/p>\n<h2>Ayarlanabilir \u00c7atal Tip Silindirlerin Uygulamas\u0131<\/h2>\n<p>Hidrolik silindirler olarak da bilinen ayarlanabilir \u00e7atal tipi silindirler, \u00e7ok y\u00f6nl\u00fcl\u00fckleri ve do\u011frusal kuvvet \u00fcretme kabiliyetleri nedeniyle \u00e7e\u015fitli end\u00fcstrilerde yayg\u0131n olarak kullan\u0131lmaktad\u0131r. Bu silindirler, tar\u0131m sekt\u00f6r\u00fc de dahil olmak \u00fczere bir\u00e7ok uygulamada \u00f6nemli bir rol oynar ve bu sekt\u00f6rde genellikle \u00f6zel trakt\u00f6r hidrolik piston silindirlerinde kullan\u0131l\u0131rlar.<\/p>\n<p>1. <strong>Geli\u015fmi\u015f Verimlilik ve \u00dcretkenlik:<\/strong> Ayarlanabilir \u00e7atal tipi silindirlerle donat\u0131lm\u0131\u015f \u00f6zel trakt\u00f6r hidrolik piston silindirleri, tar\u0131msal faaliyetlerde geli\u015fmi\u015f verimlilik ve \u00fcretkenlik sunar. Bu silindirler, a\u011f\u0131r y\u00fckleri kald\u0131rmak, tar\u0131m aletlerini \u00e7al\u0131\u015ft\u0131rmak ve hidrolik sistemdeki \u00e7e\u015fitli bile\u015fenlerin hareketini kontrol etmek gibi g\u00f6revleri ger\u00e7ekle\u015ftirmek i\u00e7in gerekli kuvveti sa\u011flar.<\/p>\n<p>2. <strong>Hassasiyet ve Kontrol:<\/strong> Ayarlanabilir \u00e7atal tipi silindirler, trakt\u00f6rlerdeki hidrolik sistemlerin hareketi \u00fczerinde hassas kontrol sa\u011flar. Hidrolik piston silindiri, hassas ayarlamalara olanak tan\u0131yarak \u00e7e\u015fitli tar\u0131msal i\u015flemler s\u0131ras\u0131nda hassas konumland\u0131rma ve kontrol sa\u011flar. Bu hassasiyet, verimlili\u011fin artmas\u0131na katk\u0131da bulunur ve s\u00fcrme, ekim ve hasat gibi i\u015flerde hata pay\u0131n\u0131 azalt\u0131r.<\/p>\n<p>3. <strong>\u00c7ok Y\u00f6nl\u00fcl\u00fck ve Uyum:<\/strong> Ayarlanabilir \u00e7atal tipi silindirlere sahip \u00f6zelle\u015ftirilmi\u015f trakt\u00f6r hidrolik piston silindirleri, farkl\u0131 tar\u0131msal g\u00f6rev ve ko\u015fullara \u00e7ok y\u00f6nl\u00fcl\u00fck ve uyum sa\u011flar. Bu silindirler, \u00f6zel ihtiya\u00e7lara uyacak \u015fekilde \u00f6zelle\u015ftirilebilir ve \u00e7ift\u00e7ilerin ekipmanlar\u0131n\u0131 \u00e7e\u015fitli uygulamalar i\u00e7in optimize etmelerine olanak tan\u0131r. \u0130ster bir ekipman\u0131n y\u00fcksekli\u011fini ayarlamak, ister hidrolik hareketlerin h\u0131z\u0131n\u0131 ve kuvvetini kontrol etmek olsun, bu silindirler gerekli uyumu sa\u011flar.<\/p>\n<p>4. <strong>G\u00fcvenilirlik ve Dayan\u0131kl\u0131l\u0131k:<\/strong> \u00d6zelle\u015ftirilmi\u015f trakt\u00f6r hidrolik piston silindirlerinde ayarlanabilir \u00e7atal tipi silindirlerin kullan\u0131m\u0131, zorlu tar\u0131m ortamlar\u0131nda g\u00fcvenilirlik ve dayan\u0131kl\u0131l\u0131k sa\u011flar. Bu silindirler, y\u00fcksek bas\u0131nca, a\u011f\u0131r y\u00fcklere ve s\u00fcrekli kullan\u0131ma dayanacak \u015fekilde tasarlanm\u0131\u015ft\u0131r. Sa\u011flam yap\u0131lar\u0131 ve y\u00fcksek kaliteli malzemeleri, uzun hizmet \u00f6mr\u00fc sa\u011flayarak \u00e7ift\u00e7ilerin bak\u0131m ve de\u011fi\u015ftirme maliyetlerini azalt\u0131r.<\/p>\n<p>5. <strong>Geli\u015ftirilmi\u015f G\u00fcvenlik:<\/strong> G\u00fcvenlik, tar\u0131msal faaliyetlerin \u00f6nemli bir unsurudur ve ayarlanabilir \u00e7atal tipi silindirler, geli\u015fmi\u015f g\u00fcvenlik \u00f6nlemlerine katk\u0131da bulunur. Bu silindirler, kontroll\u00fc ve \u00f6ng\u00f6r\u00fclebilir hareket sa\u011flayarak ani ekipman ar\u0131zalar\u0131 veya kaza riskini en aza indirir. Hidrolik piston silindirinin sundu\u011fu hassas konumland\u0131rma ve kontrol, operat\u00f6rlerin daha g\u00fcvenli bir ortamda \u00e7al\u0131\u015fmas\u0131n\u0131 sa\u011flayarak yaralanma olas\u0131l\u0131\u011f\u0131n\u0131 azalt\u0131r.<\/p>\n<p>Sonu\u00e7 olarak, ayarlanabilir \u00e7atal tipi silindirlerin \u00f6zel trakt\u00f6r hidrolik piston silindirlerinde uygulanmas\u0131, tar\u0131m sekt\u00f6r\u00fcne say\u0131s\u0131z fayda sa\u011flamaktad\u0131r. Bu silindirlerin sa\u011flad\u0131\u011f\u0131 geli\u015fmi\u015f verimlilik, hassasiyet, \u00e7ok y\u00f6nl\u00fcl\u00fck, g\u00fcvenilirlik ve geli\u015ftirilmi\u015f emniyet, tar\u0131msal faaliyetlerin optimize edilmesine katk\u0131da bulunur. \u00c7ift\u00e7iler, bu silindirleri kullanarak \u00fcretkenliklerini en \u00fcst d\u00fczeye \u00e7\u0131karabilir, ar\u0131za s\u00fcrelerini azaltabilir ve tar\u0131msal faaliyetlerinde genel olarak daha iyi sonu\u00e7lar elde edebilirler.<img decoding=\"async\" src=\"https:\/\/fmp-components.com\/wp-content\/uploads\/2024\/12\/Application-of-Adjustable-Clevis-Type-Cylinders.webp\" alt=\"Ayarlanabilir \u00c7atal Tipi Silindir\" width=\"800\" title=\"\"><\/p>\n<h3>FMP Hakk\u0131nda<\/h3>\n<p><img decoding=\"async\" src=\"https:\/\/fmp-components.com\/wp-content\/uploads\/2024\/12\/Adjustable-Clevis-Type-Cylinders-6.webp\" alt=\"Ayarlanabilir \u00c7atal Tipi Silindir\" width=\"819\" title=\"\"><\/p>\n<p>FMP, Hidrolik Silindir \u00fcretimi ve sat\u0131\u015f\u0131nda uzmanla\u015fm\u0131\u015f lider bir firmad\u0131r. Kapsaml\u0131 sekt\u00f6r deneyimimiz ve profesyonel ekibimizle, m\u00fc\u015fterilerimize \u00e7e\u015fitli in\u015faat makinesi uygulamalar\u0131 i\u00e7in y\u00fcksek kaliteli ve g\u00fcvenilir hidrolik silindirler sunmaya kendimizi adad\u0131k.<\/p>\n<p>1. Geni\u015f \u00dcr\u00fcn Yelpazesi:<br \/>\n\u00c7e\u015fitli in\u015faat makinelerinin ihtiya\u00e7lar\u0131n\u0131 kar\u015f\u0131layan geni\u015f bir hidrolik silindir yelpazesi sunuyoruz. \u00dcr\u00fcn yelpazemiz, ayarlanabilir \u00e7atal tipi silindirler, kaynakl\u0131 tip silindirler, teleskopik silindirler ve daha fazlas\u0131n\u0131 i\u00e7erir. Bu geni\u015f yelpaze, \u00f6zel ihtiya\u00e7lar\u0131n\u0131z i\u00e7in do\u011fru hidrolik silindire sahip olmam\u0131z\u0131 sa\u011flar.<\/p>\n<p>2. \u00dcst\u00fcn Kalite:<br \/>\nFMP olarak kaliteye \u00f6ncelik veriyor ve t\u00fcm hidrolik silindirlerimizin s\u0131k\u0131 kalite standartlar\u0131n\u0131 kar\u015f\u0131lamas\u0131n\u0131 sa\u011fl\u0131yoruz. Yurt i\u00e7i ve yurt d\u0131\u015f\u0131nda y\u00fcksek kaliteli tedarik\u00e7ilerle uzun vadeli ve istikrarl\u0131 ili\u015fkiler kurduk. Bu sayede en kaliteli malzemeleri ve bile\u015fenleri tedarik edebiliyor, dayan\u0131kl\u0131, verimli ve g\u00fcvenilir hidrolik silindirler \u00fcretebiliyoruz.<\/p>\n<p>3. Profesyonel Sat\u0131\u015f Ekibi:<br \/>\nDeneyimli ve yetenekli sat\u0131\u015f ekibimiz, in\u015faat makineleri sekt\u00f6r\u00fcnde derinlemesine bilgiye sahiptir. Sekt\u00f6rdeki en son trendleri takip eder ve m\u00fc\u015fterilerimizin \u00f6zel ihtiya\u00e7lar\u0131n\u0131 anlarlar. Uzmanl\u0131klar\u0131yla, ihtiya\u00e7lar\u0131n\u0131za en uygun hidrolik silindiri se\u00e7menize yard\u0131mc\u0131 olacak profesyonel \u00fcr\u00fcn dan\u0131\u015fmanl\u0131\u011f\u0131 sunarlar.<\/p>\n<p>4. Ak\u0131ll\u0131 Sat\u0131n Alma \u00d6nerileri:<br \/>\nHer m\u00fc\u015fterinin kendine \u00f6zg\u00fc ihtiya\u00e7lar\u0131 oldu\u011funun bilincinde olan sat\u0131\u015f ekibimiz, ak\u0131ll\u0131 sat\u0131n alma \u00f6nerileri sunmak i\u00e7in elinden gelenin fazlas\u0131n\u0131 yapar. Uygulama gereksinimleri, b\u00fct\u00e7e k\u0131s\u0131tlamalar\u0131 ve proje talepleri gibi fakt\u00f6rleri g\u00f6z \u00f6n\u00fcnde bulundurarak en uygun hidrolik silindiri \u00f6nerir. Bu ki\u015fiselle\u015ftirilmi\u015f yakla\u015f\u0131m, bilin\u00e7li bir karar vermenizi ve do\u011fru hidrolik silindir \u00e7\u00f6z\u00fcm\u00fcn\u00fc bulman\u0131z\u0131 sa\u011flar.<\/p>\n<p>5. Verimli Lojistik Da\u011f\u0131t\u0131m:<br \/>\nM\u00fc\u015fterilerimize hidrolik silindirlerin zaman\u0131nda ve do\u011fru bir \u015fekilde teslim edilmesini sa\u011flayan verimli lojistik da\u011f\u0131t\u0131m sistemimizle gurur duyuyoruz. \u0130yi organize edilmi\u015f tedarik zincirimiz sayesinde, ihtiya\u00e7 duydu\u011funuz hidrolik silindirleri zaman\u0131nda teslim alaca\u011f\u0131n\u0131z\u0131 garanti ediyor ve in\u015faat projelerinizdeki gecikmeleri veya aksakl\u0131klar\u0131 en aza indiriyoruz.<\/p>\n<p>Sekt\u00f6r uzmanl\u0131\u011f\u0131, \u00fcst\u00fcn kalite ve verimli hizmet anlay\u0131\u015f\u0131yla desteklenen en kaliteli hidrolik silindirler i\u00e7in FMP ile i\u015f ortakl\u0131\u011f\u0131 yap\u0131n. \u0130n\u015faat makineleri ihtiya\u00e7lar\u0131n\u0131z\u0131 g\u00f6r\u00fc\u015fmek ve FMP fark\u0131n\u0131 deneyimlemek i\u00e7in bug\u00fcn bizimle ileti\u015fime ge\u00e7in.<\/p>\n<h2>S\u0131k\u00e7a Sorulan Sorular<\/h2>\n<p><strong>S: \u00d6zelle\u015ftirilmi\u015f Trakt\u00f6r Hidrolik Piston Silindirinden hangi end\u00fcstriler faydalanabilir?<\/strong><br \/>\nA: Makine Tamir At\u00f6lyeleri, \u00c7iftlikler, Enerji ve Madencilik, Makine \u0130malat\u0131 ve Makine Fabrikalar\u0131 i\u00e7in uygundur.<\/p>\n<p><strong>S: \u00d6zel Trakt\u00f6r Hidrolik Piston Silindirinin maksimum itme ve \u00e7ekme kuvveti nedir?<\/strong><br \/>\nA: Maksimum 3000 ton itme g\u00fcc\u00fc ve 20 tona kadar \u00e7ekme kapasitesine sahiptir.<\/p>\n<p><strong>S: \u00d6zel Trakt\u00f6r Hidrolik Piston Silindirinin delik boyutu, \u00e7ubuk boyutu, strok boyutu ve pim boyutu nedir?<\/strong><br \/>\nA: Delik \u00e7ap\u0131 2-6 in\u00e7, \u00e7ubuk \u00e7ap\u0131 1.125-4 in\u00e7, strok \u00e7ap\u0131 4-100 in\u00e7 ve pim \u00e7ap\u0131 0.5-2 in\u00e7 aras\u0131ndad\u0131r.<\/p>\n<p><img decoding=\"async\" src=\"https:\/\/img.jiansujichilun.com\/img\/hydrauliccylinders\/T_hydrauliccylinders-3.webp\" alt=\"hidrolik silindir\" width=\"800\" title=\"\"><\/p>\n<p>Yazar\uff1a CX<\/p>","protected":false},"excerpt":{"rendered":"<p>Introducing the Customized Tractor Hydraulic Piston Cylinder Hydraulic Cylinder: The Customized Tractor Hydraulic Piston Cylinder Hydraulic Cylinder is a high-quality and reliable product designed specifically for tractors. It is built with precision and expertise, ensuring optimal performance and durability. This hydraulic cylinder is engineered to provide efficient power transmission and control in various applications, making [&hellip;]<\/p>","protected":false},"featured_media":1338,"comment_status":"closed","ping_status":"closed","template":"","meta":{"_et_pb_use_builder":"","_et_pb_old_content":"","_et_gb_content_width":""},"product_brand":[],"product_cat":[39],"product_tag":[41,34],"class_list":{"0":"post-1357","1":"product","2":"type-product","3":"status-publish","4":"has-post-thumbnail","6":"product_cat-adjustable-clevis-type-cylinders","7":"product_tag-adjustable-clevis-type-cylinders","8":"product_tag-hydraulic-cylinder","10":"first","11":"instock","12":"product-type-simple"},"_links":{"self":[{"href":"https:\/\/fmp-components.com\/tr\/wp-json\/wp\/v2\/product\/1357","targetHints":{"allow":["GET"]}}],"collection":[{"href":"https:\/\/fmp-components.com\/tr\/wp-json\/wp\/v2\/product"}],"about":[{"href":"https:\/\/fmp-components.com\/tr\/wp-json\/wp\/v2\/types\/product"}],"replies":[{"embeddable":true,"href":"https:\/\/fmp-components.com\/tr\/wp-json\/wp\/v2\/comments?post=1357"}],"wp:featuredmedia":[{"embeddable":true,"href":"https:\/\/fmp-components.com\/tr\/wp-json\/wp\/v2\/media\/1338"}],"wp:attachment":[{"href":"https:\/\/fmp-components.com\/tr\/wp-json\/wp\/v2\/media?parent=1357"}],"wp:term":[{"taxonomy":"product_brand","embeddable":true,"href":"https:\/\/fmp-components.com\/tr\/wp-json\/wp\/v2\/product_brand?post=1357"},{"taxonomy":"product_cat","embeddable":true,"href":"https:\/\/fmp-components.com\/tr\/wp-json\/wp\/v2\/product_cat?post=1357"},{"taxonomy":"product_tag","embeddable":true,"href":"https:\/\/fmp-components.com\/tr\/wp-json\/wp\/v2\/product_tag?post=1357"}],"curies":[{"name":"wp","href":"https:\/\/api.w.org\/{rel}","templated":true}]}}