{"id":1355,"date":"2024-12-23T02:18:07","date_gmt":"2024-12-23T02:18:07","guid":{"rendered":"https:\/\/fmp-components.com\/product\/factory-direct-sale-hydraulic-cylinder-small-trailer-hydraulic-cylinder-for-sale\/"},"modified":"2024-12-23T03:39:26","modified_gmt":"2024-12-23T03:39:26","slug":"factory-direct-sale-hydraulic-cylinder-small-trailer-hydraulic-cylinder-for-sale","status":"publish","type":"product","link":"https:\/\/fmp-components.com\/tr\/product\/factory-direct-sale-hydraulic-cylinder-small-trailer-hydraulic-cylinder-for-sale\/","title":{"rendered":"Fabrika Do\u011frudan Sat\u0131\u015f Hidrolik Silindir K\u00fc\u00e7\u00fck R\u00f6mork Hidrolik Silindiri Sat\u0131l\u0131k"},"content":{"rendered":"<p>Fabrika Do\u011frudan Sat\u0131\u015f Hidrolik Silindiri, k\u00fc\u00e7\u00fck r\u00f6morklar i\u00e7in \u00f6zel olarak tasarlanm\u0131\u015f y\u00fcksek kaliteli bir hidrolik silindirdir. Dayan\u0131kl\u0131 yap\u0131s\u0131 ve g\u00fcvenilir performans\u0131yla bu hidrolik silindir, end\u00fcstriyel ve ticari sekt\u00f6rlerdeki \u00e7e\u015fitli uygulamalar i\u00e7in m\u00fckemmeldir.<\/p>\n<p>Bu hidrolik silindirin temel \u00f6zelliklerinden biri etkileyici kald\u0131rma kapasitesidir. \u00d6nemli miktarda kuvvet \u00fcreterek a\u011f\u0131r y\u00fckleri kolayl\u0131kla kald\u0131r\u0131p ta\u015f\u0131mas\u0131n\u0131 sa\u011flar. \u0130ster in\u015faat malzemeleri, ister end\u00fcstriyel ekipman veya tar\u0131m makineleri kald\u0131rman\u0131z gereksin, bu hidrolik silindir i\u015finizi verimli bir \u015fekilde halledebilir.<\/p>\n<p>Bu hidrolik silindirin dikkat \u00e7eken bir di\u011fer \u00f6zelli\u011fi de kompakt boyutudur. K\u00fc\u00e7\u00fck boyutuna ra\u011fmen ola\u011fan\u00fcst\u00fc g\u00fc\u00e7 ve performans sunar. Bu, alan\u0131n s\u0131n\u0131rl\u0131 oldu\u011fu ancak g\u00fcvenilir hidrolik g\u00fcce ihtiya\u00e7 duyulan uygulamalar i\u00e7in ideal bir se\u00e7imdir.<\/p>\n<p><img loading=\"lazy\" decoding=\"async\" class=\"alignnone size-full wp-image-1334\" src=\"https:\/\/fmp-components.com\/wp-content\/uploads\/2024\/12\/Adjustable-Clevis-Type-Cylinders-4.webp\" alt=\"Ayarlanabilir-\u00c7ember-Tipi-Silindirler\" width=\"800\" height=\"800\" title=\"\" srcset=\"https:\/\/fmp-components.com\/wp-content\/uploads\/2024\/12\/Adjustable-Clevis-Type-Cylinders-4.webp 800w, https:\/\/fmp-components.com\/wp-content\/uploads\/2024\/12\/Adjustable-Clevis-Type-Cylinders-4-480x480.webp 480w\" sizes=\"(min-width: 0px) and (max-width: 480px) 480px, (min-width: 481px) 800px, 100vw\" \/><\/p>\n<p>Fabrika Do\u011frudan Sat\u0131\u015f Hidrolik Silindiri, p\u00fcr\u00fczs\u00fcz ve hassas hareketler sa\u011flamak \u00fczere tasarlanm\u0131\u015ft\u0131r. Geli\u015fmi\u015f hidrolik teknolojisini kullanarak kald\u0131rma ve indirme i\u015flemlerinin en y\u00fcksek hassasiyetle ger\u00e7ekle\u015ftirilmesini sa\u011flar. Bu, yaln\u0131zca verimlili\u011fi art\u0131rmakla kalmaz, ayn\u0131 zamanda ta\u015f\u0131nan y\u00fck veya ekipmanda kaza ve hasar riskini de azalt\u0131r.<\/p>\n<p>Ayr\u0131ca, bu hidrolik silindir dayan\u0131kl\u0131l\u0131k ve uzun \u00f6m\u00fcr i\u00e7in tasarlanm\u0131\u015ft\u0131r. Yo\u011fun kullan\u0131ma ve zorlu \u00e7evre ko\u015fullar\u0131na dayan\u0131kl\u0131 y\u00fcksek kaliteli malzemeler kullan\u0131larak \u00fcretilmi\u015ftir. Bu sayede silindirin uzun s\u00fcre g\u00fcvenilir ve i\u015flevsel kalmas\u0131 sa\u011flanarak bak\u0131m ve de\u011fi\u015ftirme maliyetleri en aza indirilmi\u015ftir.<\/p>\n<p>Sonu\u00e7 olarak, Fabrika Do\u011frudan Sat\u0131\u015f Hidrolik Silindiri, m\u00fckemmel kald\u0131rma kapasitesi, kompakt boyut, ak\u0131c\u0131 hareketler ve dayan\u0131kl\u0131l\u0131k sunan birinci s\u0131n\u0131f bir hidrolik silindirdir. \u0130ster in\u015faat, ister end\u00fcstriyel veya tar\u0131m sekt\u00f6r\u00fcnde olun, bu hidrolik silindir, hidrolik g\u00fc\u00e7 ihtiya\u00e7lar\u0131n\u0131z\u0131 etkili bir \u015fekilde kar\u015f\u0131layacak g\u00fcvenilir bir se\u00e7imdir.<\/p>\n<table style=\"width: 100%;\" border=\"1\" width=\"100%\" cellspacing=\"0\" cellpadding=\"0\">\n<tbody>\n<tr>\n<th>Durum<\/th>\n<td>Yeni<\/td>\n<\/tr>\n<tr>\n<th>Garanti<\/th>\n<td>1 Y\u0131l<\/td>\n<\/tr>\n<tr>\n<th>Uygulanabilir End\u00fcstriler<\/th>\n<td>Makine Tamir At\u00f6lyeleri, \u00c7iftlikler, Enerji ve Madencilik, Makine \u00dcretimi, Makine Fabrikalar\u0131<\/td>\n<\/tr>\n<tr>\n<th>A\u011f\u0131rl\u0131k (KG)<\/th>\n<td>85<\/td>\n<\/tr>\n<tr>\n<th>Video \u00c7\u0131k\u0131\u015f Denetimi<\/th>\n<td>Tedarik edilen<\/td>\n<\/tr>\n<tr>\n<th>Makine Test Raporu<\/th>\n<td>Tedarik edilen<\/td>\n<\/tr>\n<tr>\n<th>Pazarlama T\u00fcr\u00fc<\/th>\n<td>Yeni \u00dcr\u00fcn 2023<\/td>\n<\/tr>\n<tr>\n<th>Temel Bile\u015fenlerin Garantisi<\/th>\n<td>1 Y\u0131l<\/td>\n<\/tr>\n<tr>\n<th>\u00c7ekirdek Bile\u015fenler<\/th>\n<td>Rulman, Hidrolik Silindir<\/td>\n<\/tr>\n<tr>\n<th>Standart veya Standart D\u0131\u015f\u0131<\/th>\n<td>Standart<\/td>\n<\/tr>\n<tr>\n<th>Yap\u0131<\/th>\n<td>Piston Silindiri<\/td>\n<\/tr>\n<tr>\n<th>G\u00fc\u00e7<\/th>\n<td>Hidrolik<\/td>\n<\/tr>\n<tr>\n<th>G\u00f6vde Malzemesi<\/th>\n<td>\u00c7elik<\/td>\n<\/tr>\n<tr>\n<th>Maksimum \u0130tki<\/th>\n<td>3000<\/td>\n<\/tr>\n<tr>\n<th>Tip<\/th>\n<td>Ayarlanabilir \u00c7atal Tipi Silindirler<\/td>\n<\/tr>\n<tr>\n<th>Limanlar<\/th>\n<td>G\/SAE\/NPT\/M<\/td>\n<\/tr>\n<tr>\n<th>Maksimum \u00c7ekme<\/th>\n<td>20 ton<\/td>\n<\/tr>\n<tr>\n<th>Sertifikasyon<\/th>\n<td>ISO 9001:2000<\/td>\n<\/tr>\n<tr>\n<th>Delik Boyutu<\/th>\n<td>2 \u2013 6 in\u00e7<\/td>\n<\/tr>\n<tr>\n<th>\u00c7ubuk Boyutu<\/th>\n<td>1,125 \u2013 4 in\u00e7<\/td>\n<\/tr>\n<tr>\n<th>Vuru\u015f Boyutu<\/th>\n<td>4 \u2013 100 in\u00e7<\/td>\n<\/tr>\n<tr>\n<th>Pin Boyutu<\/th>\n<td>0,5 \u2013 2 in\u00e7<\/td>\n<\/tr>\n<tr>\n<th>Renk<\/th>\n<td>Siyah<\/td>\n<\/tr>\n<tr>\n<th>Paketleme Detaylar\u0131<\/th>\n<td>Demir kasa, kontrplak kasa veya karton kutu<\/td>\n<\/tr>\n<\/tbody>\n<\/table>\n<p>&nbsp;<\/p>\n<h2>Ayarlanabilir \u00c7atal Tipi Silindirlerin Avantajlar\u0131<\/h2>\n<p>Ayarlanabilir \u00e7atal tipi silindirler, esneklikleri ve dayan\u0131kl\u0131l\u0131klar\u0131 nedeniyle \u00e7e\u015fitli end\u00fcstrilerde yayg\u0131n olarak kullan\u0131lmaktad\u0131r. Bu silindirler, di\u011fer silindir tiplerine g\u00f6re \u00e7ok \u00e7e\u015fitli avantajlara sahiptir. Bu makalede, ayarlanabilir \u00e7atal tipi silindirlerin avantajlar\u0131n\u0131 ve neden bir\u00e7ok uygulama i\u00e7in pop\u00fcler bir tercih olduklar\u0131n\u0131 inceleyece\u011fiz.<\/p>\n<h3>1. \u00c7ok Y\u00f6nl\u00fcl\u00fck<\/h3>\n<p>Ayarlanabilir \u00e7atal tipi silindirlerin temel avantajlar\u0131ndan biri \u00e7ok y\u00f6nl\u00fcl\u00fckleridir. Bu silindirler, k\u00fc\u00e7\u00fck r\u00f6mork hidrolik silindirlerinden b\u00fcy\u00fck end\u00fcstriyel makinelere kadar \u00e7e\u015fitli uygulamalarda kullan\u0131labilir. Y\u00fcksek s\u0131cakl\u0131klar ve a\u015f\u0131r\u0131 bas\u0131n\u00e7lar da dahil olmak \u00fczere \u00e7ok \u00e7e\u015fitli \u00e7al\u0131\u015fma ko\u015fullar\u0131na uygundurlar.<\/p>\n<h3>2. \u00d6zelle\u015ftirilebilirlik<\/h3>\n<p>Ayarlanabilir \u00e7atal tipi silindirlerin bir di\u011fer avantaj\u0131 da \u00f6zelle\u015ftirilebilir olmalar\u0131d\u0131r. Bu silindirler, farkl\u0131 uygulamalar\u0131n \u00f6zel ihtiya\u00e7lar\u0131n\u0131 kar\u015f\u0131layacak \u015fekilde uyarlanabilir. \u00dcreticiler, farkl\u0131 delik boyutlar\u0131, strok uzunluklar\u0131 ve montaj stilleri dahil olmak \u00fczere geni\u015f bir se\u00e7enek yelpazesi sunar. Bu, kullan\u0131c\u0131lar\u0131n uygulamalar\u0131 i\u00e7in ideal silindiri se\u00e7melerine olanak tan\u0131r.<\/p>\n<h3>3. Dayan\u0131kl\u0131l\u0131k<\/h3>\n<p>Ayarlanabilir \u00e7atal tipi silindirler dayan\u0131kl\u0131l\u0131klar\u0131yla bilinir. Y\u00fcksek s\u0131cakl\u0131klar, a\u015f\u0131r\u0131 bas\u0131n\u00e7 ve a\u011f\u0131r y\u00fckler gibi zorlu \u00e7al\u0131\u015fma ko\u015fullar\u0131na dayanacak \u015fekilde tasarlanm\u0131\u015flard\u0131r. Bu silindirler, a\u015f\u0131nma ve y\u0131pranmaya dayan\u0131kl\u0131 \u00e7elik gibi y\u00fcksek kaliteli malzemelerden \u00fcretilmi\u015ftir. Sonu\u00e7 olarak, uzun \u00f6m\u00fcrl\u00fcd\u00fcrler ve minimum bak\u0131m gerektirirler.<\/p>\n<h3>4. Verimli \u00c7al\u0131\u015fma<\/h3>\n<p>Ayarlanabilir \u00e7atal tipi silindirler de verimlilikleriyle bilinir. Bu silindirler, sorunsuz ve hassas bir \u00e7al\u0131\u015fma sa\u011flamak \u00fczere tasarlanm\u0131\u015ft\u0131r. Silindir hareketinin hassas bir \u015fekilde kontrol edilmesini sa\u011flayan ayarlanabilir yast\u0131klama gibi geli\u015fmi\u015f \u00f6zelliklerle donat\u0131lm\u0131\u015ft\u0131r. Bu sayede verimlilik artar ve enerji t\u00fcketimi azal\u0131r.<\/p>\n<h3>5. Maliyet Etkin<\/h3>\n<p>Son olarak, ayarlanabilir \u00e7atal tipi silindirler uygun maliyetlidir. Fabrikadan do\u011frudan sat\u0131\u015f fiyatlar\u0131yla mevcuttur, bu da onlar\u0131 bir\u00e7ok uygulama i\u00e7in uygun fiyatl\u0131 bir se\u00e7enek haline getirir. Ayr\u0131ca, uzun \u00f6m\u00fcrleri ve d\u00fc\u015f\u00fck bak\u0131m gereksinimleri onlar\u0131 uzun vadede uygun maliyetli bir yat\u0131r\u0131m haline getirir.<\/p>\n<p>Sonu\u00e7 olarak, ayarlanabilir \u00e7atal tipi silindirler bir\u00e7ok uygulama i\u00e7in \u00e7ok y\u00f6nl\u00fc, \u00f6zelle\u015ftirilebilir, dayan\u0131kl\u0131, verimli ve uygun maliyetli bir se\u00e7imdir. \u0130ster k\u00fc\u00e7\u00fck bir r\u00f6mork hidrolik silindirine ister b\u00fcy\u00fck bir end\u00fcstriyel makine silindirine ihtiyac\u0131n\u0131z olsun, ayarlanabilir \u00e7atal tipi silindirler g\u00fcvenilir ve etkili bir \u00e7\u00f6z\u00fcmd\u00fcr.<img decoding=\"async\" src=\"https:\/\/fmp-components.com\/wp-content\/uploads\/2024\/12\/Adjustable-Clevis-Type-Cylinders5.webp\" alt=\"Ayarlanabilir \u00c7atal Tipi Silindir\" width=\"800\" title=\"\"><\/p>\n<h2>Ayarlanabilir \u00c7atal Tip Silindirlerin Uygulamas\u0131<\/h2>\n<p>Fabrika Do\u011frudan Sat\u0131\u015f Hidrolik Silindiri ve K\u00fc\u00e7\u00fck R\u00f6mork Hidrolik Silindiri gibi ayarlanabilir \u00e7atal tipi silindirler, farkl\u0131 end\u00fcstrilerde \u00e7e\u015fitli uygulamalar bulan \u00e7ok y\u00f6nl\u00fc hidrolik cihazlard\u0131r. Bu \u00f6zel olarak tasarlanm\u0131\u015f silindirler, onlar\u0131 belirli g\u00f6revler i\u00e7in ideal bir se\u00e7im haline getiren benzersiz \u00f6zellikler ve avantajlar sunar. Ayarlanabilir \u00e7atal tipi silindirlerin baz\u0131 temel uygulamalar\u0131n\u0131 inceleyelim:<\/p>\n<h3>1. End\u00fcstriyel Otomasyon<\/h3>\n<p>End\u00fcstriyel otomasyon s\u00fcre\u00e7lerinde ayarlanabilir \u00e7atal tipi silindirler, hassas ve kontroll\u00fc do\u011frusal hareket sa\u011flamada \u00f6nemli bir rol oynar. Bu silindirler genellikle robotik sistemlerde, montaj hatlar\u0131nda ve malzeme ta\u015f\u0131ma ekipmanlar\u0131nda kullan\u0131l\u0131r. Ayarlanabilir \u00e7atal tipi silindirlerin benzersiz tasar\u0131m\u0131, kolay kurulum ve ayarlama olana\u011f\u0131 sa\u011flayarak otomasyon sistemlerine entegrasyonunu kolayla\u015ft\u0131r\u0131r.<\/p>\n<p>\u00d6rne\u011fin, robotik bir kaynak uygulamas\u0131nda, ayarlanabilir \u00e7atal tipi silindir, kaynak aletinin do\u011fru konumland\u0131r\u0131lmas\u0131n\u0131 sa\u011flayarak hassas ve tutarl\u0131 kaynaklara olanak tan\u0131r. Silindirin \u00e7atal konumunu ayarlama yetene\u011fi, \u00e7e\u015fitli i\u015f par\u00e7as\u0131 boyutlar\u0131na ve \u015fekillerine uyum sa\u011flamada esneklik sa\u011flar.<\/p>\n<h3>2. \u0130n\u015faat ve A\u011f\u0131r Makineler<\/h3>\n<p>Ayarlanabilir \u00e7atal tipi silindirler, ekipmanlar\u0131n verimli \u00e7al\u0131\u015fmas\u0131na katk\u0131da bulunduklar\u0131 in\u015faat ve a\u011f\u0131r makine end\u00fcstrisinde yayg\u0131n olarak kullan\u0131lmaktad\u0131r. Bu silindirler genellikle ekskavat\u00f6rlerde, y\u00fckleyicilerde ve buldozerlerde bom hareketlerini, kep\u00e7e e\u011fimini ve g\u00fc\u00e7l\u00fc ve hassas do\u011frusal hareket gerektiren di\u011fer uygulamalar\u0131 kontrol etmek i\u00e7in kullan\u0131l\u0131r.<\/p>\n<p>\u00d6rne\u011fin, bir hidrolik ekskavat\u00f6rde, ayarlanabilir \u00e7atal tipi silindir, kolun uzama ve geri \u00e7ekilme hareketini ve kep\u00e7enin a\u00e7\u0131l\u0131p kapanmas\u0131n\u0131 kontrol etmek i\u00e7in kullan\u0131l\u0131r. Silindirin \u00e7atal uzunlu\u011funu ayarlama yetene\u011fi, kazma derinli\u011finin hassas bir \u015fekilde ayarlanmas\u0131n\u0131 ve makinenin performans\u0131n\u0131n optimize edilmesini sa\u011flar.<\/p>\n<h3>3. Tar\u0131m Makinalar\u0131<\/h3>\n<p>Tar\u0131m sekt\u00f6r\u00fc, \u00e7e\u015fitli tar\u0131m faaliyetlerinde ayarlanabilir \u00e7atal tipi silindirlerden faydalanmaktad\u0131r. Bu silindirler, trakt\u00f6r, saban ve bi\u00e7erd\u00f6ver gibi tar\u0131m makinelerinde yayg\u0131n olarak bulunur ve ekipman y\u00fcksekli\u011fini kontrol etme, toprak i\u015fleme derinli\u011fini ayarlama veya tohum haznelerini a\u00e7\u0131p kapatma gibi g\u00f6revlere katk\u0131da bulunur.<\/p>\n<p>\u00d6rne\u011fin, bir tohum ekim makinesinde, ayarlanabilir \u00e7atal tipi silindir, tohumlar\u0131n topra\u011fa ekildi\u011fi derinli\u011fi kontrol etmek i\u00e7in kullan\u0131l\u0131r. Bu, \u00e7ift\u00e7ilerin ekim derinli\u011fini toprak ko\u015fullar\u0131na g\u00f6re ayarlayarak tohum \u00e7imlenmesini ve \u00fcr\u00fcn verimini optimize etmelerini sa\u011flar.<\/p>\n<h3>4. Mobil Ekipman<\/h3>\n<p>Ayarlanabilir \u00e7atal tipi silindirler, r\u00f6morklar, damperli kamyonlar ve kald\u0131rma platformlar\u0131 gibi mobil ekipmanlarda da kullan\u0131l\u0131r. Bu silindirler, g\u00fcvenilir ve hassas kald\u0131rma, e\u011fme ve uzatma kabiliyetleri sa\u011flayarak ekipman\u0131n genel i\u015flevselli\u011fini ve g\u00fcvenli\u011fini art\u0131r\u0131r.<\/p>\n<p>\u00d6rne\u011fin, k\u00fc\u00e7\u00fck bir r\u00f6mork hidrolik sisteminde, ayarlanabilir \u00e7atal tipi silindir, r\u00f6mork kasas\u0131n\u0131n kald\u0131r\u0131l\u0131p indirilmesini kontrol etmek i\u00e7in kullan\u0131l\u0131r. Bu, y\u00fck\u00fcn verimli bir \u015fekilde y\u00fcklenip bo\u015falt\u0131lmas\u0131n\u0131 sa\u011flayarak kullan\u0131c\u0131lara kolayl\u0131k ve zaman tasarrufu sa\u011flar.<\/p>\n<p>Sonu\u00e7 olarak, Fabrika Do\u011frudan Sat\u0131\u015f Hidrolik Silindiri ve K\u00fc\u00e7\u00fck R\u00f6mork Hidrolik Silindiri gibi ayarlanabilir \u00e7atal tipi silindirler, \u00e7e\u015fitli end\u00fcstrilerde geni\u015f bir uygulama yelpazesine sahiptir. Hassas ve kontroll\u00fc do\u011frusal hareket sa\u011flama kabiliyetleri ve ayarlanabilirlik kolayl\u0131\u011f\u0131, onlar\u0131 end\u00fcstriyel otomasyon, in\u015faat, tar\u0131m ve mobil ekipmanlarda paha bi\u00e7ilmez k\u0131lmaktad\u0131r. \u00dcst\u00fcn performanslar\u0131 ve \u00e7ok y\u00f6nl\u00fcl\u00fckleri sayesinde bu silindirler, \u00e7ok say\u0131da s\u00fcre\u00e7 ve operasyonun verimlili\u011fine, g\u00fcvenilirli\u011fine ve emniyetine katk\u0131da bulunur.<\/p>\n<p><img decoding=\"async\" src=\"https:\/\/fmp-components.com\/wp-content\/uploads\/2024\/12\/Application-of-Adjustable-Clevis-Type-Cylinders.webp\" alt=\"Ayarlanabilir \u00c7atal Tipi Silindir\" width=\"800\" title=\"\"><\/p>\n<h3>FMP Hakk\u0131nda<\/h3>\n<p>FMP, Hidrolik Silindir \u00fcretimi ve sat\u0131\u015f\u0131 konusunda uzmanla\u015fm\u0131\u015f bir \u015firkettir. \u0130talya'da bulunan firmam\u0131z, uzun y\u0131llara dayanan sekt\u00f6r deneyimi ve profesyonel ekibiyle y\u00fcksek kaliteli ve g\u00fcvenilir hidrolik silindirler sunmaktad\u0131r.<\/p>\n<p><img decoding=\"async\" src=\"https:\/\/fmp-components.com\/wp-content\/uploads\/2024\/12\/Adjustable-Clevis-Type-Cylinders-6.webp\" alt=\"Ayarlanabilir \u00c7atal Tipi Silindir\" width=\"817\" title=\"\"><\/p>\n<ol>\n<li>Geni\u015f \u00dcr\u00fcn Yelpazesi: \u0130n\u015faat makineleri sekt\u00f6r\u00fcnde \u00e7e\u015fitli uygulamalara uygun, geni\u015f bir yelpazede hidrolik silindirler sunuyoruz.<\/li>\n<li>\u00dcst\u00fcn Kalite: T\u00fcm hidrolik silindirlerimiz en \u00fcst s\u0131n\u0131f malzemeler kullan\u0131larak \u00fcretilir ve dayan\u0131kl\u0131l\u0131k ve performanslar\u0131n\u0131 garanti alt\u0131na almak i\u00e7in s\u0131k\u0131 kalite kontrol kontrollerinden ge\u00e7er.<\/li>\n<li>\u00d6zelle\u015ftirme Se\u00e7enekleri: M\u00fc\u015fterilerimizin \u00f6zel gereksinimlerini kar\u015f\u0131lamak i\u00e7in \u00f6zelle\u015ftirme hizmetleri sunuyoruz ve in\u015faat makinelerinin ihtiya\u00e7lar\u0131na y\u00f6nelik \u00f6zel \u00e7\u00f6z\u00fcmler sunuyoruz.<\/li>\n<li>Uzman Sat\u0131\u015f Ekibi: Deneyimli sat\u0131\u015f ekibimiz, in\u015faat makineleri sekt\u00f6r\u00fcnde derinlemesine bilgiye sahiptir ve m\u00fc\u015fterilerin bilin\u00e7li sat\u0131n alma kararlar\u0131 almalar\u0131na yard\u0131mc\u0131 olmak i\u00e7in profesyonel \u00fcr\u00fcn dan\u0131\u015fmanl\u0131\u011f\u0131 sa\u011flayabilir.<\/li>\n<li>Verimli Lojistik: Verimli lojistik da\u011f\u0131t\u0131m sistemimizle, hidrolik silindirlerin m\u00fc\u015fterilerimize zaman\u0131nda ve do\u011fru bir \u015fekilde teslim edilmesini garantiliyor, projelerinin gecikme olmadan sorunsuz bir \u015fekilde ilerlemesini sa\u011fl\u0131yoruz.<\/li>\n<\/ol>\n<p>T\u00fcm hidrolik silindir ihtiya\u00e7lar\u0131n\u0131z i\u00e7in FMP ile i\u015f birli\u011fi yap\u0131n ve in\u015faat makineleri sekt\u00f6r\u00fcnde bizi farkl\u0131 k\u0131lan g\u00fcvenilirli\u011fi, kaliteyi ve profesyonelli\u011fi deneyimleyin.<\/p>\n<p>Yazar\uff1a CX<\/p>","protected":false},"excerpt":{"rendered":"<p>The Factory Direct Sale Hydraulic Cylinder is a high-quality hydraulic cylinder designed specifically for small trailers. With its durable construction and reliable performance, this hydraulic cylinder is perfect for various applications in the industrial and commercial sectors. One of the key features of this hydraulic cylinder is its impressive lifting capacity. It is capable of [&hellip;]<\/p>","protected":false},"featured_media":1340,"comment_status":"closed","ping_status":"closed","template":"","meta":{"_et_pb_use_builder":"","_et_pb_old_content":"","_et_gb_content_width":""},"product_brand":[],"product_cat":[39],"product_tag":[41,34],"class_list":{"0":"post-1355","1":"product","2":"type-product","3":"status-publish","4":"has-post-thumbnail","6":"product_cat-adjustable-clevis-type-cylinders","7":"product_tag-adjustable-clevis-type-cylinders","8":"product_tag-hydraulic-cylinder","10":"first","11":"instock","12":"product-type-simple"},"_links":{"self":[{"href":"https:\/\/fmp-components.com\/tr\/wp-json\/wp\/v2\/product\/1355","targetHints":{"allow":["GET"]}}],"collection":[{"href":"https:\/\/fmp-components.com\/tr\/wp-json\/wp\/v2\/product"}],"about":[{"href":"https:\/\/fmp-components.com\/tr\/wp-json\/wp\/v2\/types\/product"}],"replies":[{"embeddable":true,"href":"https:\/\/fmp-components.com\/tr\/wp-json\/wp\/v2\/comments?post=1355"}],"wp:featuredmedia":[{"embeddable":true,"href":"https:\/\/fmp-components.com\/tr\/wp-json\/wp\/v2\/media\/1340"}],"wp:attachment":[{"href":"https:\/\/fmp-components.com\/tr\/wp-json\/wp\/v2\/media?parent=1355"}],"wp:term":[{"taxonomy":"product_brand","embeddable":true,"href":"https:\/\/fmp-components.com\/tr\/wp-json\/wp\/v2\/product_brand?post=1355"},{"taxonomy":"product_cat","embeddable":true,"href":"https:\/\/fmp-components.com\/tr\/wp-json\/wp\/v2\/product_cat?post=1355"},{"taxonomy":"product_tag","embeddable":true,"href":"https:\/\/fmp-components.com\/tr\/wp-json\/wp\/v2\/product_tag?post=1355"}],"curies":[{"name":"wp","href":"https:\/\/api.w.org\/{rel}","templated":true}]}}